{"id":1437,"date":"2022-05-10T07:23:21","date_gmt":"2022-05-10T07:23:21","guid":{"rendered":"http:\/\/mau2.maudep.com.vn\/dulich\/?post_type=product&#038;p=1437"},"modified":"2022-10-12T18:28:53","modified_gmt":"2022-10-12T18:28:53","slug":"da-nang-pullman-resort","status":"publish","type":"product","link":"https:\/\/mauweb.tamnguyen.vn\/dulich16\/san-pham\/da-nang-pullman-resort\/","title":{"rendered":"\u0110\u00c0 N\u1eb4NG &#8211; PULLMAN RESORT"},"content":{"rendered":"<p style=\"margin: 0in;margin-left: .375in;font-family: Calibri;font-size: 11.0pt;color: red\">\u0110\u1eb6T TR\u01af\u1edaC 5 NG\u00c0Y CHECK IN, SAU 5 NG\u00c0Y CHECK IN PH\u1ee4 THU 300.000\/ 1 PH\u00d2NG\/ 1 \u0110\u00caM<\/p>\n<p style=\"margin: 0in;margin-left: .375in;font-family: Calibri;font-size: 11.0pt;color: black\">\n<div style=\"direction: ltr\">\n<table style=\"direction: ltr;border-collapse: collapse;margin-left: .3333in;border: 1pt solid #A3A3A3\" title=\"\" border=\"1\" summary=\"\" cellspacing=\"0\" cellpadding=\"0\">\n<tbody>\n<tr>\n<td style=\"background-color: #b7e1cd;vertical-align: top;width: 1.6208in;padding: 4pt 4pt 4pt 4pt;border: 1pt solid #A3A3A3\">\n<p style=\"margin: 0in;font-family: Calibri;font-size: 11.0pt;text-align: center\"><span style=\"font-weight: bold\">Lo\u1ea1i ph\u00f2ng<\/span><\/p>\n<\/td>\n<td style=\"background-color: #b7e1cd;vertical-align: top;width: 1.3319in;padding: 4pt 4pt 4pt 4pt;border: 1pt solid #A3A3A3\">\n<p style=\"margin: 0in;font-family: Calibri;font-size: 11.0pt;text-align: center\"><span style=\"font-weight: bold\">Th\u1ee9 2 &#8211; Th\u1ee9 N\u0103m<\/span><\/p>\n<\/td>\n<td style=\"background-color: #b7e1cd;vertical-align: top;width: 1.2472in;padding: 4pt 4pt 4pt 4pt;border: 1pt solid #A3A3A3\">\n<p style=\"margin: 0in;font-family: Calibri;font-size: 11.0pt;text-align: center\"><span style=\"font-weight: bold\">Th\u1ee9 6 &#8211; Ch\u1ee7 Nh\u1eadt<\/span><\/p>\n<\/td>\n<\/tr>\n<tr>\n<td style=\"vertical-align: top;width: 1.6208in;padding: 4pt 4pt 4pt 4pt;border: 1pt solid #A3A3A3\">\n<p style=\"margin: 0in;font-family: Calibri;font-size: 11.0pt;text-align: center\">Superior<\/p>\n<\/td>\n<td style=\"vertical-align: top;width: 1.3125in;padding: 4pt 4pt 4pt 4pt;border: 1pt solid #A3A3A3\">\n<p style=\"margin: 0in;font-family: Calibri;font-size: 11.0pt;text-align: center\">1.970.000<\/p>\n<\/td>\n<td style=\"vertical-align: top;width: 1.1437in;padding: 4pt 4pt 4pt 4pt;border: 1pt solid #A3A3A3\">\n<p style=\"margin: 0in;font-family: Calibri;font-size: 11.0pt;text-align: center\">2.170.000<\/p>\n<\/td>\n<\/tr>\n<tr>\n<td style=\"vertical-align: top;width: 1.6208in;padding: 4pt 4pt 4pt 4pt;border: 1pt solid #A3A3A3\">\n<p style=\"margin: 0in;font-family: Calibri;font-size: 11.0pt;text-align: center\">Deluxe<\/p>\n<\/td>\n<td style=\"vertical-align: top;width: 1.3125in;padding: 4pt 4pt 4pt 4pt;border: 1pt solid #A3A3A3\">\n<p style=\"margin: 0in;font-family: Calibri;font-size: 11.0pt;text-align: center\">2.270.000<\/p>\n<\/td>\n<td style=\"vertical-align: top;width: 1.1437in;padding: 4pt 4pt 4pt 4pt;border: 1pt solid #A3A3A3\">\n<p style=\"margin: 0in;font-family: Calibri;font-size: 11.0pt;text-align: center\">2.470.000<\/p>\n<\/td>\n<\/tr>\n<tr>\n<td style=\"vertical-align: top;width: 1.6208in;padding: 4pt 4pt 4pt 4pt;border: 1pt solid #A3A3A3\">\n<p style=\"margin: 0in;font-family: Calibri;font-size: 11.0pt;text-align: center\">Delxue Bay View<\/p>\n<\/td>\n<td style=\"vertical-align: top;width: 1.3125in;padding: 4pt 4pt 4pt 4pt;border: 1pt solid #A3A3A3\">\n<p style=\"margin: 0in;font-family: Calibri;font-size: 11.0pt;text-align: center\">2.470.000<\/p>\n<\/td>\n<td style=\"vertical-align: top;width: 1.1437in;padding: 4pt 4pt 4pt 4pt;border: 1pt solid #A3A3A3\">\n<p style=\"margin: 0in;font-family: Calibri;font-size: 11.0pt;text-align: center\">2.670.000<\/p>\n<\/td>\n<\/tr>\n<tr>\n<td style=\"vertical-align: top;width: 1.6402in;padding: 4pt 4pt 4pt 4pt;border: 1pt solid #A3A3A3\">\n<p style=\"margin: 0in;font-family: Calibri;font-size: 11.0pt;text-align: center\">Junior Suite &amp; Cottage<\/p>\n<\/td>\n<td style=\"vertical-align: top;width: 1.3125in;padding: 4pt 4pt 4pt 4pt;border: 1pt solid #A3A3A3\">\n<p style=\"margin: 0in;font-family: Calibri;font-size: 11.0pt;text-align: center\">3.520.000<\/p>\n<\/td>\n<td style=\"vertical-align: top;width: 1.1437in;padding: 4pt 4pt 4pt 4pt;border: 1pt solid #A3A3A3\">\n<p style=\"margin: 0in;font-family: Calibri;font-size: 11.0pt;text-align: center\">3.720.000<\/p>\n<\/td>\n<\/tr>\n<\/tbody>\n<\/table>\n<\/div>\n<p style=\"margin: 0in;margin-left: .375in;font-family: Calibri;font-size: 11.0pt;color: black\">\n<ul style=\"direction: ltr;margin-top: 0in;margin-bottom: 0in\" type=\"disc\">\n<li style=\"margin-top: 0;margin-bottom: 0;vertical-align: middle;color: black\"><span style=\"font-family: Calibri;font-size: 11.0pt\">Tr\u1ebb em d\u01b0\u1edbi 12 tu\u1ed5i : 330.000\/ b\u00e9\/ \u0111\u00eam\u00a0<\/span><\/li>\n<li style=\"margin-top: 0;margin-bottom: 0;vertical-align: middle;color: black\"><span style=\"font-family: Calibri;font-size: 11.0pt\">12 tu\u1ed5i tr\u1edf l\u00ean : K\u00ea gi\u01b0\u1eddng ph\u1ee5 750.000\/ gi\u01b0\u1eddng\/ \u0111\u00eam\u00a0\u00a0<\/span><\/li>\n<li style=\"margin-top: 0;margin-bottom: 0;vertical-align: middle;color: black\"><span style=\"font-family: Calibri;font-size: 11.0pt\">Gi\u00e1 \u0111\u00e3 bao g\u1ed3m \u0103n s\u00e1ng\u00a0\u00a0 <\/span><\/li>\n<\/ul>\n","protected":false},"excerpt":{"rendered":"<p>\u0110\u1eb6T TR\u01af\u1edaC 5 NG\u00c0Y CHECK IN, SAU 5 NG\u00c0Y CHECK IN PH\u1ee4 THU 300.000\/ 1 PH\u00d2NG\/ 1 \u0110\u00caM Lo\u1ea1i ph\u00f2ng Th\u1ee9 2 &#8211; Th\u1ee9 N\u0103m Th\u1ee9 6 &#8211; Ch\u1ee7 Nh\u1eadt Superior 1.970.000 2.170.000 Deluxe 2.270.000 2.470.000 Delxue Bay View 2.470.000 2.670.000 Junior Suite &amp; Cottage 3.520.000 3.720.000 Tr\u1ebb em d\u01b0\u1edbi 12 tu\u1ed5i : 330.000\/ b\u00e9\/ [&#8230;]\n","protected":false},"featured_media":1439,"comment_status":"open","ping_status":"closed","template":"","meta":[],"product_cat":[134,116,129],"product_tag":[],"class_list":["post-1437","product","type-product","status-publish","has-post-thumbnail","hentry","product_cat-5-sao","product_cat-dich-vu","product_cat-dat-phong"],"acf":[],"yoast_head":"<!-- This site is optimized with the Yoast SEO plugin v19.7.2 - https:\/\/yoast.com\/wordpress\/plugins\/seo\/ -->\n<title>\u0110\u00c0 N\u1eb4NG - PULLMAN RESORT - dulich16<\/title>\n<meta name=\"robots\" content=\"noindex, follow, max-snippet:-1, max-image-preview:large, max-video-preview:-1\" \/>\n<meta property=\"og:locale\" content=\"vi_VN\" \/>\n<meta property=\"og:type\" content=\"article\" \/>\n<meta property=\"og:title\" content=\"\u0110\u00c0 N\u1eb4NG - PULLMAN RESORT - dulich16\" \/>\n<meta property=\"og:description\" content=\"\u0110\u1eb6T TR\u01af\u1edaC 5 NG\u00c0Y CHECK IN, SAU 5 NG\u00c0Y CHECK IN PH\u1ee4 THU 300.000\/ 1 PH\u00d2NG\/ 1 \u0110\u00caM Lo\u1ea1i ph\u00f2ng Th\u1ee9 2 &#8211; Th\u1ee9 N\u0103m Th\u1ee9 6 &#8211; Ch\u1ee7 Nh\u1eadt Superior 1.970.000 2.170.000 Deluxe 2.270.000 2.470.000 Delxue Bay View 2.470.000 2.670.000 Junior Suite &amp; Cottage 3.520.000 3.720.000 Tr\u1ebb em d\u01b0\u1edbi 12 tu\u1ed5i : 330.000\/ b\u00e9\/ [...]\" \/>\n<meta property=\"og:url\" content=\"https:\/\/mauweb.tamnguyen.vn\/dulich16\/san-pham\/da-nang-pullman-resort\/\" \/>\n<meta property=\"og:site_name\" content=\"dulich16\" \/>\n<meta property=\"article:modified_time\" content=\"2022-10-12T18:28:53+00:00\" \/>\n<meta property=\"og:image\" content=\"https:\/\/mauweb.tamnguyen.vn\/dulich16\/wp-content\/uploads\/2022\/05\/vbt1441275387.jpg\" \/>\n\t<meta property=\"og:image:width\" content=\"480\" \/>\n\t<meta property=\"og:image:height\" content=\"360\" \/>\n\t<meta property=\"og:image:type\" content=\"image\/jpeg\" \/>\n<meta name=\"twitter:card\" content=\"summary_large_image\" \/>\n<script type=\"application\/ld+json\" class=\"yoast-schema-graph\">{\"@context\":\"https:\/\/schema.org\",\"@graph\":[{\"@type\":\"WebPage\",\"@id\":\"https:\/\/mauweb.tamnguyen.vn\/dulich16\/san-pham\/da-nang-pullman-resort\/\",\"url\":\"https:\/\/mauweb.tamnguyen.vn\/dulich16\/san-pham\/da-nang-pullman-resort\/\",\"name\":\"\u0110\u00c0 N\u1eb4NG - PULLMAN RESORT - dulich16\",\"isPartOf\":{\"@id\":\"https:\/\/mauweb.tamnguyen.vn\/dulich16\/#website\"},\"datePublished\":\"2022-05-10T07:23:21+00:00\",\"dateModified\":\"2022-10-12T18:28:53+00:00\",\"breadcrumb\":{\"@id\":\"https:\/\/mauweb.tamnguyen.vn\/dulich16\/san-pham\/da-nang-pullman-resort\/#breadcrumb\"},\"inLanguage\":\"vi\",\"potentialAction\":[{\"@type\":\"ReadAction\",\"target\":[\"https:\/\/mauweb.tamnguyen.vn\/dulich16\/san-pham\/da-nang-pullman-resort\/\"]}]},{\"@type\":\"BreadcrumbList\",\"@id\":\"https:\/\/mauweb.tamnguyen.vn\/dulich16\/san-pham\/da-nang-pullman-resort\/#breadcrumb\",\"itemListElement\":[{\"@type\":\"ListItem\",\"position\":1,\"name\":\"Trang ch\u1ee7\",\"item\":\"https:\/\/mauweb.tamnguyen.vn\/dulich16\/\"},{\"@type\":\"ListItem\",\"position\":2,\"name\":\"Shop\",\"item\":\"https:\/\/mauweb.tamnguyen.vn\/dulich16\/shop\/\"},{\"@type\":\"ListItem\",\"position\":3,\"name\":\"\u0110\u00c0 N\u1eb4NG &#8211; PULLMAN RESORT\"}]},{\"@type\":\"WebSite\",\"@id\":\"https:\/\/mauweb.tamnguyen.vn\/dulich16\/#website\",\"url\":\"https:\/\/mauweb.tamnguyen.vn\/dulich16\/\",\"name\":\"dulich16\",\"description\":\"\",\"potentialAction\":[{\"@type\":\"SearchAction\",\"target\":{\"@type\":\"EntryPoint\",\"urlTemplate\":\"https:\/\/mauweb.tamnguyen.vn\/dulich16\/?s={search_term_string}\"},\"query-input\":\"required name=search_term_string\"}],\"inLanguage\":\"vi\"}]}<\/script>\n<!-- \/ Yoast SEO plugin. -->","yoast_head_json":{"title":"\u0110\u00c0 N\u1eb4NG - PULLMAN RESORT - dulich16","robots":{"index":"noindex","follow":"follow","max-snippet":"max-snippet:-1","max-image-preview":"max-image-preview:large","max-video-preview":"max-video-preview:-1"},"og_locale":"vi_VN","og_type":"article","og_title":"\u0110\u00c0 N\u1eb4NG - PULLMAN RESORT - dulich16","og_description":"\u0110\u1eb6T TR\u01af\u1edaC 5 NG\u00c0Y CHECK IN, SAU 5 NG\u00c0Y CHECK IN PH\u1ee4 THU 300.000\/ 1 PH\u00d2NG\/ 1 \u0110\u00caM Lo\u1ea1i ph\u00f2ng Th\u1ee9 2 &#8211; Th\u1ee9 N\u0103m Th\u1ee9 6 &#8211; Ch\u1ee7 Nh\u1eadt Superior 1.970.000 2.170.000 Deluxe 2.270.000 2.470.000 Delxue Bay View 2.470.000 2.670.000 Junior Suite &amp; Cottage 3.520.000 3.720.000 Tr\u1ebb em d\u01b0\u1edbi 12 tu\u1ed5i : 330.000\/ b\u00e9\/ [...]","og_url":"https:\/\/mauweb.tamnguyen.vn\/dulich16\/san-pham\/da-nang-pullman-resort\/","og_site_name":"dulich16","article_modified_time":"2022-10-12T18:28:53+00:00","og_image":[{"width":480,"height":360,"url":"https:\/\/mauweb.tamnguyen.vn\/dulich16\/wp-content\/uploads\/2022\/05\/vbt1441275387.jpg","type":"image\/jpeg"}],"twitter_card":"summary_large_image","schema":{"@context":"https:\/\/schema.org","@graph":[{"@type":"WebPage","@id":"https:\/\/mauweb.tamnguyen.vn\/dulich16\/san-pham\/da-nang-pullman-resort\/","url":"https:\/\/mauweb.tamnguyen.vn\/dulich16\/san-pham\/da-nang-pullman-resort\/","name":"\u0110\u00c0 N\u1eb4NG - PULLMAN RESORT - dulich16","isPartOf":{"@id":"https:\/\/mauweb.tamnguyen.vn\/dulich16\/#website"},"datePublished":"2022-05-10T07:23:21+00:00","dateModified":"2022-10-12T18:28:53+00:00","breadcrumb":{"@id":"https:\/\/mauweb.tamnguyen.vn\/dulich16\/san-pham\/da-nang-pullman-resort\/#breadcrumb"},"inLanguage":"vi","potentialAction":[{"@type":"ReadAction","target":["https:\/\/mauweb.tamnguyen.vn\/dulich16\/san-pham\/da-nang-pullman-resort\/"]}]},{"@type":"BreadcrumbList","@id":"https:\/\/mauweb.tamnguyen.vn\/dulich16\/san-pham\/da-nang-pullman-resort\/#breadcrumb","itemListElement":[{"@type":"ListItem","position":1,"name":"Trang ch\u1ee7","item":"https:\/\/mauweb.tamnguyen.vn\/dulich16\/"},{"@type":"ListItem","position":2,"name":"Shop","item":"https:\/\/mauweb.tamnguyen.vn\/dulich16\/shop\/"},{"@type":"ListItem","position":3,"name":"\u0110\u00c0 N\u1eb4NG &#8211; PULLMAN RESORT"}]},{"@type":"WebSite","@id":"https:\/\/mauweb.tamnguyen.vn\/dulich16\/#website","url":"https:\/\/mauweb.tamnguyen.vn\/dulich16\/","name":"dulich16","description":"","potentialAction":[{"@type":"SearchAction","target":{"@type":"EntryPoint","urlTemplate":"https:\/\/mauweb.tamnguyen.vn\/dulich16\/?s={search_term_string}"},"query-input":"required name=search_term_string"}],"inLanguage":"vi"}]}},"_links":{"self":[{"href":"https:\/\/mauweb.tamnguyen.vn\/dulich16\/wp-json\/wp\/v2\/product\/1437"}],"collection":[{"href":"https:\/\/mauweb.tamnguyen.vn\/dulich16\/wp-json\/wp\/v2\/product"}],"about":[{"href":"https:\/\/mauweb.tamnguyen.vn\/dulich16\/wp-json\/wp\/v2\/types\/product"}],"replies":[{"embeddable":true,"href":"https:\/\/mauweb.tamnguyen.vn\/dulich16\/wp-json\/wp\/v2\/comments?post=1437"}],"wp:featuredmedia":[{"embeddable":true,"href":"https:\/\/mauweb.tamnguyen.vn\/dulich16\/wp-json\/wp\/v2\/media\/1439"}],"wp:attachment":[{"href":"https:\/\/mauweb.tamnguyen.vn\/dulich16\/wp-json\/wp\/v2\/media?parent=1437"}],"wp:term":[{"taxonomy":"product_cat","embeddable":true,"href":"https:\/\/mauweb.tamnguyen.vn\/dulich16\/wp-json\/wp\/v2\/product_cat?post=1437"},{"taxonomy":"product_tag","embeddable":true,"href":"https:\/\/mauweb.tamnguyen.vn\/dulich16\/wp-json\/wp\/v2\/product_tag?post=1437"}],"curies":[{"name":"wp","href":"https:\/\/api.w.org\/{rel}","templated":true}]}}