{"id":1429,"date":"2022-05-10T07:12:41","date_gmt":"2022-05-10T07:12:41","guid":{"rendered":"http:\/\/mau2.maudep.com.vn\/dulich\/?post_type=product&#038;p=1429"},"modified":"2022-05-10T07:12:42","modified_gmt":"2022-05-10T07:12:42","slug":"da-nang-mercure-bana-hill","status":"publish","type":"product","link":"https:\/\/mauweb.tamnguyen.vn\/dulich16\/san-pham\/da-nang-mercure-bana-hill\/","title":{"rendered":"\u0110\u00c0 N\u1eb4NG &#8211; MERCURE BANA HILL"},"content":{"rendered":"<p style=\"margin: 0in;font-family: 'Calibri Light';font-size: 20.0pt;color: black\">MERCURE BANA HILL<\/p>\n<p style=\"margin: 0in;font-family: 'Times New Roman';font-size: 11.0pt;color: #1f1f1e\">GI\u00c1 PH\u00d2NG:<\/p>\n<div style=\"direction: ltr\">\n<table style=\"direction: ltr;border-collapse: collapse;border: 1pt solid #A3A3A3\" title=\"\" border=\"1\" summary=\"\" cellspacing=\"0\" cellpadding=\"0\">\n<tbody>\n<tr>\n<td style=\"background-color: #1f487c;vertical-align: top;width: 1.284in;padding: 4pt 4pt 4pt 4pt;border: 1pt solid #A3A3A3\">\n<p style=\"margin: 0in;font-family: 'Times New Roman';font-size: 11.0pt;color: white;text-align: center\"><span style=\"font-weight: bold\">Lo\u1ea1i ph\u00f2ng<\/span><\/p>\n<\/td>\n<td style=\"background-color: #1f487c;vertical-align: top;width: 1.2243in;padding: 4pt 4pt 4pt 4pt;border: 1pt solid #A3A3A3\">\n<p style=\"margin: 0in;font-family: 'Times New Roman';font-size: 11.0pt;color: white;text-align: center\"><span style=\"font-weight: bold\">Gi\u00e1 c\u00f4ng b\u1ed1<\/span><\/p>\n<\/td>\n<td style=\"background-color: #1f487c;vertical-align: top;width: 3.3034in;padding: 4pt 4pt 4pt 4pt;border: 1pt solid #A3A3A3\">\n<p style=\"margin: 0in;font-family: 'Times New Roman';font-size: 11.0pt;color: white;text-align: center\"><span style=\"font-weight: bold\">Ghi Ch\u00fa<\/span><\/p>\n<\/td>\n<\/tr>\n<tr>\n<td style=\"vertical-align: top;width: 1.3034in;padding: 4pt 4pt 4pt 4pt;border: 1pt solid #A3A3A3\">\n<p style=\"margin: 0in;font-family: 'Times New Roman';font-size: 11.0pt;text-align: center\"><span style=\"font-weight: bold\">Standard Room<\/span><\/p>\n<\/td>\n<td style=\"vertical-align: top;width: 1.2437in;padding: 4pt 4pt 4pt 4pt;border: 1pt solid #A3A3A3\">\n<p style=\"margin: 0in;font-family: 'Times New Roman';font-size: 11.0pt;text-align: center\"><span style=\"font-weight: bold\">VND 2,950,000<\/span><\/p>\n<\/td>\n<td style=\"vertical-align: top;width: 3.4847in;padding: 4pt 4pt 4pt 4pt;border: 1pt solid #A3A3A3\">\n<ul style=\"direction: ltr;margin-top: 0in;margin-bottom: 0in\">\n<li style=\"list-style-type: none\">\n<ul style=\"direction: ltr;margin-top: 0in;margin-bottom: 0in\" type=\"disc\">\n<li style=\"margin-top: 0;margin-bottom: 0;vertical-align: middle\"><span style=\"font-style: italic;font-family: Calibri;font-size: 11.0pt\">01 gi\u01b0\u1eddng l\u1edbn ho\u1eb7c 02 gi\u01b0\u1eddng \u0111\u01a1n<\/span><span style=\"font-family: Calibri;font-size: 11.0pt\">\u00a0<\/span><\/li>\n<li style=\"margin-top: 0;margin-bottom: 0;vertical-align: middle\"><span style=\"font-style: italic;font-family: Calibri;font-size: 11.0pt\">Gi\u00e1 ph\u00f2ng \u00e1p d\u1ee5ng cho\u00a0<\/span><span style=\"font-weight: bold;font-style: italic;font-family: Calibri;font-size: 11.0pt\">02 ng\u01b0\u1eddi l\u1edbn\/ph\u00f2ng\/\u0111\u00eam<\/span><span style=\"font-family: Calibri;font-size: 11.0pt\">\u00a0<\/span><\/li>\n<\/ul>\n<\/li>\n<\/ul>\n<\/td>\n<\/tr>\n<tr>\n<td style=\"vertical-align: top;width: 1.284in;padding: 4pt 4pt 4pt 4pt;border: 1pt solid #A3A3A3\">\n<p style=\"margin: 0in;font-family: 'Times New Roman';font-size: 11.0pt;text-align: center\"><span style=\"font-weight: bold\">Deluxe Room<\/span><\/p>\n<\/td>\n<td style=\"vertical-align: top;width: 1.2437in;padding: 4pt 4pt 4pt 4pt;border: 1pt solid #A3A3A3\">\n<p style=\"margin: 0in;font-family: 'Times New Roman';font-size: 11.0pt;text-align: center\"><span style=\"font-weight: bold\">VND 3,625,000<\/span><\/p>\n<\/td>\n<td style=\"vertical-align: top;width: 3.2555in;padding: 4pt 4pt 4pt 4pt;border: 1pt solid #A3A3A3\">\n<p style=\"margin: 0in;font-family: Calibri;font-size: 11.0pt\">\n<\/td>\n<\/tr>\n<\/tbody>\n<\/table>\n<\/div>\n<p style=\"margin: 0in;font-family: 'Times New Roman';font-size: 12.5pt;color: black\"><span style=\"font-weight: bold\">\u00a0<\/span><\/p>\n<p style=\"margin: 0in;font-family: 'Times New Roman';font-size: 11.0pt;color: black\"><span style=\"font-weight: bold\">\u0110I\u1ec0U KI\u1ec6N \u0110\u1eb6 PH\u00d2NG:<\/span><\/p>\n<div style=\"direction: ltr\">\n<table style=\"direction: ltr;border-collapse: collapse;border: 1pt solid #A3A3A3\" title=\"\" border=\"1\" summary=\"\" cellspacing=\"0\" cellpadding=\"0\">\n<tbody>\n<tr>\n<td style=\"vertical-align: top;width: 1.1722in;padding: 4pt 4pt 4pt 4pt;border: 1pt solid #A3A3A3\">\n<p style=\"margin: 0in;font-family: 'Times New Roman';font-size: 11.0pt;text-align: center\"><span style=\"font-weight: bold\">B\u1eefa \u0103n<\/span><\/p>\n<p style=\"margin: 0in;font-family: 'Times New Roman';font-size: 11.0pt;text-align: center\"><span style=\"font-weight: bold\">Ng\u01b0\u1eddi l\u1edbn<\/span><\/p>\n<p style=\"margin: 0in;font-family: 'Times New Roman';font-size: 11.0pt;text-align: center\">\n<\/td>\n<td style=\"vertical-align: top;width: 6.4062in;padding: 4pt 4pt 4pt 4pt;border: 1pt solid #A3A3A3\">\n<ul style=\"direction: ltr;margin-top: 0in;margin-bottom: 0in\">\n<li style=\"list-style-type: none\">\n<ul style=\"direction: ltr;margin-top: 0in;margin-bottom: 0in\" type=\"disc\">\n<li style=\"margin-top: 0;margin-bottom: 0;vertical-align: middle\"><span style=\"font-family: Calibri;font-size: 11.0pt\">\u0110\u00e3 bao g\u1ed3m \u0103n s\u00e1ng cho s\u1ed1 l\u01b0\u1ee3ng ng\u01b0\u1eddi l\u1edbn x\u00e1c nh\u1eadn \u1edf c\u00e1c m\u1ee9c gi\u00e1 tr\u00ean\u00a0<\/span><\/li>\n<li style=\"margin-top: 0;margin-bottom: 0;vertical-align: middle\"><span style=\"font-family: Calibri;font-size: 11.0pt\">\u0110\u00e3 bao g\u1ed3m b\u1eefa tr\u01b0a cho s\u1ed1 l\u01b0\u1ee3ng ng\u01b0\u1eddi l\u1edbn x\u00e1c nh\u1eadn \u1edf c\u00e1c m\u1ee9c gi\u00e1 tr\u00ean\u00a0<\/span><\/li>\n<\/ul>\n<\/li>\n<\/ul>\n<\/td>\n<\/tr>\n<tr>\n<td style=\"vertical-align: top;width: 1.1722in;padding: 4pt 4pt 4pt 4pt;border: 1pt solid #A3A3A3\">\n<p style=\"margin: 0in;font-family: 'Times New Roman';font-size: 11.0pt;text-align: center\"><span style=\"font-weight: bold\">B\u1eefa \u0103n<\/span><\/p>\n<p style=\"margin: 0in;font-family: 'Times New Roman';font-size: 11.0pt;text-align: center\"><span style=\"font-weight: bold\">Tr\u1ebb em<\/span><\/p>\n<p style=\"margin: 0in;font-family: Calibri;font-size: 11.0pt;text-align: center\">\n<\/td>\n<td style=\"vertical-align: top;width: 6.4062in;padding: 4pt 4pt 4pt 4pt;border: 1pt solid #A3A3A3\">\n<ul style=\"direction: ltr;margin-top: 0in;margin-bottom: 0in\">\n<li style=\"list-style-type: none\">\n<ul style=\"direction: ltr;margin-top: 0in;margin-bottom: 0in\" type=\"disc\">\n<li style=\"margin-top: 0;margin-bottom: 0;vertical-align: middle\"><span style=\"font-family: Calibri;font-size: 11.0pt\">Tr\u1ebb em d\u01b0\u1edbi 6 tu\u1ed5i: Mi\u1ec5n ph\u00ed \u0103n s\u00e1ng, mi\u1ec5n ph\u00ed \u0103n tr\u01b0a c\u00f9ng v\u1edbi su\u1ea5t \u0103n c\u1ee7a ng\u01b0\u1eddi l\u1edbn\u00a0<\/span><\/li>\n<li style=\"margin-top: 0;margin-bottom: 0;vertical-align: middle\"><span style=\"font-family: Calibri;font-size: 11.0pt\">Tr\u1ebb t\u1eeb 6 \u2013 d\u01b0\u1edbi 12 tu\u1ed5i: Ph\u1ee5 thu \u0103n s\u00e1ng\u00a0<\/span><span style=\"font-weight: bold;font-family: Calibri;font-size: 11.0pt\">145,000 VND Net\/tr\u1ebb\/\u0111\u00eam<\/span><span style=\"font-family: Calibri;font-size: 11.0pt\">, n\u1ebfu \u0111\u1eb7t \u0103n tr\u01b0a c\u00f9ng ng\u01b0\u1eddi l\u1edbn \u00e1p d\u1ee5ng m\u1ee9c gi\u00e1\u00a0<\/span><span style=\"font-weight: bold;font-family: Calibri;font-size: 11.0pt\">140,000 VND net \/tr\u1ebb<\/span><span style=\"font-family: Calibri;font-size: 11.0pt\">\u00a0<\/span><\/li>\n<\/ul>\n<\/li>\n<\/ul>\n<\/td>\n<\/tr>\n<tr>\n<td style=\"vertical-align: top;width: 1.25in;padding: 4pt 4pt 4pt 4pt;border: 1pt solid #A3A3A3\">\n<p style=\"margin: 0in;font-family: 'Times New Roman';text-align: center\"><span style=\"font-weight: bold;font-size: 12.0pt\">\u00a0<\/span><span style=\"font-weight: bold;font-size: 11.0pt\">V\u00e9 c\u00e1p treo<\/span><span style=\"font-size: 11.0pt\">\u00a0<\/span><\/p>\n<\/td>\n<td style=\"vertical-align: top;width: 6.3284in;padding: 4pt 4pt 4pt 4pt;border: 1pt solid #A3A3A3\">\n<p style=\"margin: 0in;font-family: 'Times New Roman';font-size: 11.0pt\">&#8211; \u0110\u00e3 bao g\u1ed3m theo s\u1ed1 l\u01b0\u1ee3ng ng\u01b0\u1eddi l\u1edbn \u0111\u00e3 x\u00e1c nh\u1eadn \u1edf m\u1ee9c gi\u00e1 tr\u00ean<\/p>\n<\/td>\n<\/tr>\n<tr>\n<td style=\"vertical-align: top;width: 1.1722in;padding: 4pt 4pt 4pt 4pt;border: 1pt solid #A3A3A3\">\n<p style=\"margin: 0in;font-family: 'Times New Roman';text-align: center\"><span style=\"font-weight: bold;font-size: 12.0pt\">\u00a0<\/span><span style=\"font-weight: bold;font-size: 11.0pt\">V\u00e9 c\u00e1p treo<\/span><span style=\"font-size: 11.0pt\">\u00a0<\/span><\/p>\n<\/td>\n<td style=\"vertical-align: top;width: 6.4062in;padding: 4pt 4pt 4pt 4pt;border: 1pt solid #A3A3A3\">\n<ul style=\"direction: ltr;margin-top: 0in;margin-bottom: 0in\">\n<li style=\"list-style-type: none\">\n<ul style=\"direction: ltr;margin-top: 0in;margin-bottom: 0in\" type=\"disc\">\n<li style=\"margin-top: 0;margin-bottom: 0;vertical-align: middle\"><span style=\"font-family: Calibri;font-size: 11.0pt\">Tr\u1ebb em d\u01b0\u1edbi 1m: Mi\u1ec5n ph\u00ed\u00a0<\/span><\/li>\n<li style=\"margin-top: 0;margin-bottom: 0;vertical-align: middle\"><span style=\"font-family: Calibri;font-size: 11.0pt\">Tr\u1ebb em t\u1eeb 1m-1m4: Gi\u00e1 v\u00e9 c\u00e1p treo 350,000 VND Net \/ tr\u1ebb\u00a0<\/span><\/li>\n<li style=\"margin-top: 0;margin-bottom: 0;vertical-align: middle\"><span style=\"font-family: Calibri;font-size: 11.0pt\">Tr\u1ebb em tr\u00ean 1m4: Gi\u00e1 v\u00e9 450,000 VND net \/tr\u1ebb\u00a0<\/span><\/li>\n<\/ul>\n<\/li>\n<\/ul>\n<\/td>\n<\/tr>\n<tr>\n<td style=\"vertical-align: top;width: 1.25in;padding: 4pt 4pt 4pt 4pt;border: 1pt solid #A3A3A3\">\n<p style=\"margin: 0in;font-family: Calibri;font-size: 11.0pt;text-align: center\">\n<\/td>\n<td style=\"vertical-align: top;width: 6.3284in;padding: 4pt 4pt 4pt 4pt;border: 1pt solid #A3A3A3\">\n<p style=\"margin: 0in;font-family: 'Times New Roman';font-size: 11.0pt\">Mi\u1ec5n ph\u00ed tham gia h\u01a1n 20 tr\u00f2 ch\u01a1i v\u00e0 ho\u1ea1t \u0111\u1ed9ng c\u1ee7a kh\u00e1ch s\u1ea1n<\/p>\n<\/td>\n<\/tr>\n<tr>\n<td style=\"vertical-align: top;width: 1.2694in;padding: 4pt 4pt 4pt 4pt;border: 1pt solid #A3A3A3\">\n<p style=\"margin: 0in;font-family: 'Times New Roman';font-size: 11.0pt;text-align: center\"><span style=\"font-weight: bold\">S\u1ed1 l\u01b0\u1ee3ng kh\u00e1ch l\u01b0u<\/span><\/p>\n<p style=\"margin: 0in;font-family: 'Times New Roman';font-size: 11.0pt;text-align: center\"><span style=\"font-weight: bold\">tr\u00fa t\u1ed1i \u0111a \/ ph\u00f2ng<\/span><\/p>\n<\/td>\n<td style=\"vertical-align: top;width: 6.309in;padding: 4pt 4pt 4pt 4pt;border: 1pt solid #A3A3A3\">\n<ul style=\"direction: ltr;margin-top: 0in;margin-bottom: 0in\">\n<li style=\"list-style-type: none\">\n<ul style=\"direction: ltr;margin-top: 0in;margin-bottom: 0in\" type=\"disc\">\n<li style=\"margin-top: 0;margin-bottom: 0;vertical-align: middle\"><span style=\"font-family: Calibri;font-size: 11.0pt\">Standard Room: 02 ng\u01b0\u1eddi l\u1edbn + 01 tr\u1ebb em d\u01b0\u1edbi 12 tu\u1ed5i\u00a0<\/span><\/li>\n<li style=\"margin-top: 0;margin-bottom: 0;vertical-align: middle\"><span style=\"font-family: Calibri;font-size: 11.0pt\">Deluxe Room: 02 ng\u01b0\u1edbi l\u1edbn + 02 tr\u1ebb em d\u01b0\u1edbi 12 tu\u1ed5i\u00a0<\/span><\/li>\n<\/ul>\n<\/li>\n<\/ul>\n<\/td>\n<\/tr>\n<tr>\n<td style=\"vertical-align: top;width: 1.25in;padding: 4pt 4pt 4pt 4pt;border: 1pt solid #A3A3A3\">\n<p style=\"margin: 0in;font-family: 'Times New Roman';font-size: 11.0pt;text-align: center\"><span style=\"font-weight: bold\">Ph\u1ee5 thu \u0111\u00eam<\/span><\/p>\n<p style=\"margin: 0in;font-family: 'Times New Roman';font-size: 11.0pt;text-align: center\"><span style=\"font-weight: bold\">cao \u0111i\u1ec3m<\/span><\/p>\n<\/td>\n<td style=\"vertical-align: top;width: 6.3284in;padding: 4pt 4pt 4pt 4pt;border: 1pt solid #A3A3A3\">\n<p style=\"margin: 0in;font-family: 'Times New Roman';font-size: 11.0pt\">\u0110\u00eam\u00a0<span style=\"font-weight: bold\">29\/4-01\/5\/2022<\/span>: Ph\u1ee5 thu\u00a0<span style=\"font-weight: bold\">525,000 VND net\/ph\u00f2ng<\/span><\/p>\n<\/td>\n<\/tr>\n<tr>\n<td style=\"vertical-align: top;width: 1.1722in;padding: 4pt 4pt 4pt 4pt;border: 1pt solid #A3A3A3\">\n<p style=\"margin: 0in;font-family: 'Times New Roman';font-size: 11.0pt;text-align: center\"><span style=\"font-weight: bold\">\u0110i\u1ec1u ki\u1ec7n<\/span><\/p>\n<\/td>\n<td style=\"vertical-align: top;width: 6.4062in;padding: 4pt 4pt 4pt 4pt;border: 1pt solid #A3A3A3\">\n<ul style=\"direction: ltr;margin-top: 0in;margin-bottom: 0in\">\n<li style=\"list-style-type: none\">\n<ul style=\"direction: ltr;margin-top: 0in;margin-bottom: 0in\" type=\"disc\">\n<li style=\"margin-top: 0;margin-bottom: 0;vertical-align: middle\"><span style=\"font-family: Calibri;font-size: 11.0pt\">Thanh to\u00e1n trong v\u00f2ng 24 gi\u1edd sau khi nh\u1eadn \u0111\u01b0\u1ee3c x\u00e1c nh\u1eadn \u0111\u1eb7t ph\u00f2ng.\u00a0<\/span><\/li>\n<li style=\"margin-top: 0;margin-bottom: 0;vertical-align: middle\"><span style=\"font-family: Calibri;font-size: 11.0pt\">Ch\u1ec9 \u00e1p d\u1ee5ng cho Kh\u00e1ch Vi\u1ec7t Nam v\u00e0 ng\u01b0\u1eddi n\u01b0\u1edbc ngo\u00e0i \u0111ang sinh s\u1ed1ng t\u1ea1i Vi\u1ec7t Nam\u00a0<\/span><\/li>\n<\/ul>\n<\/li>\n<\/ul>\n<\/td>\n<\/tr>\n<tr>\n<td style=\"vertical-align: top;width: 1.2694in;padding: 4pt 4pt 4pt 4pt;border: 1pt solid #A3A3A3\">\n<p style=\"margin: 0in;font-family: 'Times New Roman';font-size: 12.5pt;text-align: center\"><span style=\"font-weight: bold\">\u00a0<\/span><\/p>\n<p style=\"margin: 0in;font-family: 'Times New Roman';font-size: 11.0pt;text-align: center\"><span style=\"font-weight: bold\">Ch\u00ednh s\u00e1ch h\u1ee7y<\/span><\/p>\n<\/td>\n<td style=\"vertical-align: top;width: 6.3513in;padding: 4pt 4pt 4pt 4pt;border: 1pt solid #A3A3A3\">\n<ul style=\"direction: ltr;margin-top: 0in;margin-bottom: 0in\">\n<li style=\"list-style-type: none\">\n<ul style=\"direction: ltr;margin-top: 0in;margin-bottom: 0in\" type=\"disc\">\n<li style=\"margin-top: 0;margin-bottom: 0;vertical-align: middle\"><span style=\"font-family: Calibri;font-size: 11.0pt\">\u0110\u1eb7t ph\u00f2ng kh\u00f4ng ho\u00e0n ti\u1ec1n n\u1ebfu kh\u00e1ch kh\u00f4ng \u0111\u1ebfn nh\u1eadn ph\u00f2ng ho\u1eb7c hu\u1ef7 ph\u00f2ng.\u00a0<\/span><\/li>\n<li style=\"margin-top: 0;margin-bottom: 0;vertical-align: middle\"><span style=\"font-family: Calibri;font-size: 11.0pt\">Nh\u1eefng tr\u01b0\u1eddng h\u1ee3p b\u1ea5t kh\u1ea3 kh\u00e1ng do d\u1ecbch b\u1ec7nh ho\u1eb7c th\u1eddi ti\u1ebft x\u1ea5u s\u1ebd \u0111\u01b0\u1ee3c linh \u0111\u1ed9ng theo ch\u00ednh s\u00e1ch c\u1ee7a kh\u00e1ch s\u1ea1n.\u00a0<\/span><\/li>\n<\/ul>\n<\/li>\n<\/ul>\n<\/td>\n<\/tr>\n<tr>\n<td style=\"vertical-align: top;width: 1.2694in;padding: 4pt 4pt 4pt 4pt;border: 1pt solid #A3A3A3\">\n<p style=\"margin: 0in;font-family: 'Times New Roman';font-size: 11.0pt;text-align: center\"><span style=\"font-weight: bold\">\u01afu \u0111\u00e3i cho \u0111\u00eam<\/span><\/p>\n<p style=\"margin: 0in;font-family: 'Times New Roman';font-size: 11.0pt;text-align: center\"><span style=\"font-weight: bold\">\u0111\u1eb7t ph\u00f2ng th\u1ee9 2<\/span><\/p>\n<\/td>\n<td style=\"vertical-align: top;width: 6.309in;padding: 4pt 4pt 4pt 4pt;border: 1pt solid #A3A3A3\">\n<p style=\"margin: 0in;font-family: 'Times New Roman';font-size: 11.0pt\">Gi\u00e1 ph\u00f2ng \u01b0u \u0111\u00e3i\u00a0<span style=\"font-weight: bold\">1,700,000 VND net\/ph\u00f2ng\/\u0111\u00eam\u00a0<\/span>cho h\u1ea1ng Standard<\/p>\n<\/td>\n<\/tr>\n<\/tbody>\n<\/table>\n<\/div>\n","protected":false},"excerpt":{"rendered":"<p>MERCURE BANA HILL GI\u00c1 PH\u00d2NG: Lo\u1ea1i ph\u00f2ng Gi\u00e1 c\u00f4ng b\u1ed1 Ghi Ch\u00fa Standard Room VND 2,950,000 01 gi\u01b0\u1eddng l\u1edbn ho\u1eb7c 02 gi\u01b0\u1eddng \u0111\u01a1n\u00a0 Gi\u00e1 ph\u00f2ng \u00e1p d\u1ee5ng cho\u00a002 ng\u01b0\u1eddi l\u1edbn\/ph\u00f2ng\/\u0111\u00eam\u00a0 Deluxe Room VND 3,625,000 \u00a0 \u0110I\u1ec0U KI\u1ec6N \u0110\u1eb6 PH\u00d2NG: B\u1eefa \u0103n Ng\u01b0\u1eddi l\u1edbn \u0110\u00e3 bao g\u1ed3m \u0103n s\u00e1ng cho s\u1ed1 l\u01b0\u1ee3ng ng\u01b0\u1eddi l\u1edbn x\u00e1c nh\u1eadn [&#8230;]\n","protected":false},"featured_media":1430,"comment_status":"open","ping_status":"closed","template":"","meta":[],"product_cat":[134,116,129],"product_tag":[],"class_list":["post-1429","product","type-product","status-publish","has-post-thumbnail","hentry","product_cat-5-sao","product_cat-dich-vu","product_cat-dat-phong"],"acf":[],"yoast_head":"<!-- This site is optimized with the Yoast SEO plugin v19.7.2 - https:\/\/yoast.com\/wordpress\/plugins\/seo\/ -->\n<title>\u0110\u00c0 N\u1eb4NG - MERCURE BANA HILL - dulich16<\/title>\n<meta name=\"robots\" content=\"noindex, follow, max-snippet:-1, max-image-preview:large, max-video-preview:-1\" \/>\n<meta property=\"og:locale\" content=\"vi_VN\" \/>\n<meta property=\"og:type\" content=\"article\" \/>\n<meta property=\"og:title\" content=\"\u0110\u00c0 N\u1eb4NG - MERCURE BANA HILL - dulich16\" \/>\n<meta property=\"og:description\" content=\"MERCURE BANA HILL GI\u00c1 PH\u00d2NG: Lo\u1ea1i ph\u00f2ng Gi\u00e1 c\u00f4ng b\u1ed1 Ghi Ch\u00fa Standard Room VND 2,950,000 01 gi\u01b0\u1eddng l\u1edbn ho\u1eb7c 02 gi\u01b0\u1eddng \u0111\u01a1n\u00a0 Gi\u00e1 ph\u00f2ng \u00e1p d\u1ee5ng cho\u00a002 ng\u01b0\u1eddi l\u1edbn\/ph\u00f2ng\/\u0111\u00eam\u00a0 Deluxe Room VND 3,625,000 \u00a0 \u0110I\u1ec0U KI\u1ec6N \u0110\u1eb6 PH\u00d2NG: B\u1eefa \u0103n Ng\u01b0\u1eddi l\u1edbn \u0110\u00e3 bao g\u1ed3m \u0103n s\u00e1ng cho s\u1ed1 l\u01b0\u1ee3ng ng\u01b0\u1eddi l\u1edbn x\u00e1c nh\u1eadn [...]\" \/>\n<meta property=\"og:url\" content=\"https:\/\/mauweb.tamnguyen.vn\/dulich16\/san-pham\/da-nang-mercure-bana-hill\/\" \/>\n<meta property=\"og:site_name\" content=\"dulich16\" \/>\n<meta property=\"article:modified_time\" content=\"2022-05-10T07:12:42+00:00\" \/>\n<meta property=\"og:image\" content=\"https:\/\/mauweb.tamnguyen.vn\/dulich16\/wp-content\/uploads\/2022\/05\/dCOnyqu.jpg\" \/>\n\t<meta property=\"og:image:width\" content=\"1450\" \/>\n\t<meta property=\"og:image:height\" content=\"967\" \/>\n\t<meta property=\"og:image:type\" content=\"image\/jpeg\" \/>\n<meta name=\"twitter:card\" content=\"summary_large_image\" \/>\n<meta name=\"twitter:label1\" content=\"\u01af\u1edbc t\u00ednh th\u1eddi gian \u0111\u1ecdc\" \/>\n\t<meta name=\"twitter:data1\" content=\"2 ph\u00fat\" \/>\n<script type=\"application\/ld+json\" class=\"yoast-schema-graph\">{\"@context\":\"https:\/\/schema.org\",\"@graph\":[{\"@type\":\"WebPage\",\"@id\":\"https:\/\/mauweb.tamnguyen.vn\/dulich16\/san-pham\/da-nang-mercure-bana-hill\/\",\"url\":\"https:\/\/mauweb.tamnguyen.vn\/dulich16\/san-pham\/da-nang-mercure-bana-hill\/\",\"name\":\"\u0110\u00c0 N\u1eb4NG - MERCURE BANA HILL - dulich16\",\"isPartOf\":{\"@id\":\"https:\/\/mauweb.tamnguyen.vn\/dulich16\/#website\"},\"datePublished\":\"2022-05-10T07:12:41+00:00\",\"dateModified\":\"2022-05-10T07:12:42+00:00\",\"breadcrumb\":{\"@id\":\"https:\/\/mauweb.tamnguyen.vn\/dulich16\/san-pham\/da-nang-mercure-bana-hill\/#breadcrumb\"},\"inLanguage\":\"vi\",\"potentialAction\":[{\"@type\":\"ReadAction\",\"target\":[\"https:\/\/mauweb.tamnguyen.vn\/dulich16\/san-pham\/da-nang-mercure-bana-hill\/\"]}]},{\"@type\":\"BreadcrumbList\",\"@id\":\"https:\/\/mauweb.tamnguyen.vn\/dulich16\/san-pham\/da-nang-mercure-bana-hill\/#breadcrumb\",\"itemListElement\":[{\"@type\":\"ListItem\",\"position\":1,\"name\":\"Trang ch\u1ee7\",\"item\":\"https:\/\/mauweb.tamnguyen.vn\/dulich16\/\"},{\"@type\":\"ListItem\",\"position\":2,\"name\":\"Shop\",\"item\":\"https:\/\/mauweb.tamnguyen.vn\/dulich16\/shop\/\"},{\"@type\":\"ListItem\",\"position\":3,\"name\":\"\u0110\u00c0 N\u1eb4NG &#8211; MERCURE BANA HILL\"}]},{\"@type\":\"WebSite\",\"@id\":\"https:\/\/mauweb.tamnguyen.vn\/dulich16\/#website\",\"url\":\"https:\/\/mauweb.tamnguyen.vn\/dulich16\/\",\"name\":\"dulich16\",\"description\":\"\",\"potentialAction\":[{\"@type\":\"SearchAction\",\"target\":{\"@type\":\"EntryPoint\",\"urlTemplate\":\"https:\/\/mauweb.tamnguyen.vn\/dulich16\/?s={search_term_string}\"},\"query-input\":\"required name=search_term_string\"}],\"inLanguage\":\"vi\"}]}<\/script>\n<!-- \/ Yoast SEO plugin. -->","yoast_head_json":{"title":"\u0110\u00c0 N\u1eb4NG - MERCURE BANA HILL - dulich16","robots":{"index":"noindex","follow":"follow","max-snippet":"max-snippet:-1","max-image-preview":"max-image-preview:large","max-video-preview":"max-video-preview:-1"},"og_locale":"vi_VN","og_type":"article","og_title":"\u0110\u00c0 N\u1eb4NG - MERCURE BANA HILL - dulich16","og_description":"MERCURE BANA HILL GI\u00c1 PH\u00d2NG: Lo\u1ea1i ph\u00f2ng Gi\u00e1 c\u00f4ng b\u1ed1 Ghi Ch\u00fa Standard Room VND 2,950,000 01 gi\u01b0\u1eddng l\u1edbn ho\u1eb7c 02 gi\u01b0\u1eddng \u0111\u01a1n\u00a0 Gi\u00e1 ph\u00f2ng \u00e1p d\u1ee5ng cho\u00a002 ng\u01b0\u1eddi l\u1edbn\/ph\u00f2ng\/\u0111\u00eam\u00a0 Deluxe Room VND 3,625,000 \u00a0 \u0110I\u1ec0U KI\u1ec6N \u0110\u1eb6 PH\u00d2NG: B\u1eefa \u0103n Ng\u01b0\u1eddi l\u1edbn \u0110\u00e3 bao g\u1ed3m \u0103n s\u00e1ng cho s\u1ed1 l\u01b0\u1ee3ng ng\u01b0\u1eddi l\u1edbn x\u00e1c nh\u1eadn [...]","og_url":"https:\/\/mauweb.tamnguyen.vn\/dulich16\/san-pham\/da-nang-mercure-bana-hill\/","og_site_name":"dulich16","article_modified_time":"2022-05-10T07:12:42+00:00","og_image":[{"width":1450,"height":967,"url":"https:\/\/mauweb.tamnguyen.vn\/dulich16\/wp-content\/uploads\/2022\/05\/dCOnyqu.jpg","type":"image\/jpeg"}],"twitter_card":"summary_large_image","twitter_misc":{"\u01af\u1edbc t\u00ednh th\u1eddi gian \u0111\u1ecdc":"2 ph\u00fat"},"schema":{"@context":"https:\/\/schema.org","@graph":[{"@type":"WebPage","@id":"https:\/\/mauweb.tamnguyen.vn\/dulich16\/san-pham\/da-nang-mercure-bana-hill\/","url":"https:\/\/mauweb.tamnguyen.vn\/dulich16\/san-pham\/da-nang-mercure-bana-hill\/","name":"\u0110\u00c0 N\u1eb4NG - MERCURE BANA HILL - dulich16","isPartOf":{"@id":"https:\/\/mauweb.tamnguyen.vn\/dulich16\/#website"},"datePublished":"2022-05-10T07:12:41+00:00","dateModified":"2022-05-10T07:12:42+00:00","breadcrumb":{"@id":"https:\/\/mauweb.tamnguyen.vn\/dulich16\/san-pham\/da-nang-mercure-bana-hill\/#breadcrumb"},"inLanguage":"vi","potentialAction":[{"@type":"ReadAction","target":["https:\/\/mauweb.tamnguyen.vn\/dulich16\/san-pham\/da-nang-mercure-bana-hill\/"]}]},{"@type":"BreadcrumbList","@id":"https:\/\/mauweb.tamnguyen.vn\/dulich16\/san-pham\/da-nang-mercure-bana-hill\/#breadcrumb","itemListElement":[{"@type":"ListItem","position":1,"name":"Trang ch\u1ee7","item":"https:\/\/mauweb.tamnguyen.vn\/dulich16\/"},{"@type":"ListItem","position":2,"name":"Shop","item":"https:\/\/mauweb.tamnguyen.vn\/dulich16\/shop\/"},{"@type":"ListItem","position":3,"name":"\u0110\u00c0 N\u1eb4NG &#8211; MERCURE BANA HILL"}]},{"@type":"WebSite","@id":"https:\/\/mauweb.tamnguyen.vn\/dulich16\/#website","url":"https:\/\/mauweb.tamnguyen.vn\/dulich16\/","name":"dulich16","description":"","potentialAction":[{"@type":"SearchAction","target":{"@type":"EntryPoint","urlTemplate":"https:\/\/mauweb.tamnguyen.vn\/dulich16\/?s={search_term_string}"},"query-input":"required name=search_term_string"}],"inLanguage":"vi"}]}},"_links":{"self":[{"href":"https:\/\/mauweb.tamnguyen.vn\/dulich16\/wp-json\/wp\/v2\/product\/1429"}],"collection":[{"href":"https:\/\/mauweb.tamnguyen.vn\/dulich16\/wp-json\/wp\/v2\/product"}],"about":[{"href":"https:\/\/mauweb.tamnguyen.vn\/dulich16\/wp-json\/wp\/v2\/types\/product"}],"replies":[{"embeddable":true,"href":"https:\/\/mauweb.tamnguyen.vn\/dulich16\/wp-json\/wp\/v2\/comments?post=1429"}],"wp:featuredmedia":[{"embeddable":true,"href":"https:\/\/mauweb.tamnguyen.vn\/dulich16\/wp-json\/wp\/v2\/media\/1430"}],"wp:attachment":[{"href":"https:\/\/mauweb.tamnguyen.vn\/dulich16\/wp-json\/wp\/v2\/media?parent=1429"}],"wp:term":[{"taxonomy":"product_cat","embeddable":true,"href":"https:\/\/mauweb.tamnguyen.vn\/dulich16\/wp-json\/wp\/v2\/product_cat?post=1429"},{"taxonomy":"product_tag","embeddable":true,"href":"https:\/\/mauweb.tamnguyen.vn\/dulich16\/wp-json\/wp\/v2\/product_tag?post=1429"}],"curies":[{"name":"wp","href":"https:\/\/api.w.org\/{rel}","templated":true}]}}