{"id":1367,"date":"2022-05-06T09:01:49","date_gmt":"2022-05-06T09:01:49","guid":{"rendered":"http:\/\/mau2.maudep.com.vn\/dulich\/?post_type=product&#038;p=1367"},"modified":"2022-05-09T02:48:19","modified_gmt":"2022-05-09T02:48:19","slug":"ho-so-xin-visa-du-lich-canada","status":"publish","type":"product","link":"https:\/\/mauweb.tamnguyen.vn\/dulich16\/san-pham\/ho-so-xin-visa-du-lich-canada\/","title":{"rendered":"H\u1ed2 S\u01a0 XIN VISA DU L\u1ecaCH CANADA"},"content":{"rendered":"<table>\n<thead>\n<tr>\n<th style=\"text-align: center\">Visa<\/th>\n<th style=\"text-align: center\">Lo\u1ea1i Visa<\/th>\n<th style=\"text-align: center\">Th\u1eddi gian l\u00e0m<\/th>\n<th style=\"text-align: center\">Gi\u00e1 khu v\u1ef1c ph\u00eda nam<\/th>\n<th style=\"text-align: center\">Gi\u00e1 khu v\u1ef1c ph\u00eda b\u1eafc<\/th>\n<\/tr>\n<\/thead>\n<tbody>\n<tr>\n<td style=\"text-align: center\">H\u1ed2 S\u01a0 XIN VISA DU L\u1ecaCH CANADA<\/td>\n<td class=\"be\" style=\"text-align: center\">T\u00f9y l\u00e3nh s\u1ef1 c\u1ea5p<\/td>\n<td class=\"be\" style=\"text-align: center\">30 ng\u00e0y<\/td>\n<td class=\"be\" style=\"text-align: center\"><a href=\"https:\/\/www.facebook.com\/messages\/t\/286058538515482\">Li\u00ean h\u1ec7<\/a><\/td>\n<td class=\"be\" style=\"text-align: center\"><a href=\"https:\/\/www.facebook.com\/messages\/t\/286058538515482\">Li\u00ean h\u1ec7<\/a><\/td>\n<\/tr>\n<\/tbody>\n<\/table>\n<div id=\"mda-dk\"><\/div>\n<div id=\"mda-node\">\n<p><strong>L\u01afU \u00dd:<\/strong><\/p>\n<ul>\n<li>Xu\u1ea5t h\u00f3a \u0111\u01a1n VAT.<\/li>\n<li>N\u1ebfu L\u00e3nh s\u1ef1 y\u00eau c\u1ea7u ph\u1ecfng v\u1ea5n th\u00ec Qu\u00fd kh\u00e1ch ph\u1ea3i c\u00f3 m\u1eb7t t\u1ea1i L\u00e3nh s\u1ef1 theo l\u1ecbch h\u1eb9n.<\/li>\n<\/ul>\n<p><strong>\u0110\u1ec3 bi\u1ebft th\u00eam th\u00f4ng tin chi ti\u1ebft v\u1ec1 th\u1ee7 t\u1ee5c Visa, qu\u00fd kh\u00e1ch c\u00f3 th\u1ec3 li\u00ean h\u1ec7 l\u1ea1i v\u1edbi c\u00f4ng ty<\/strong><\/p>\n<\/div>\n","protected":false},"excerpt":{"rendered":"<p>Visa Lo\u1ea1i Visa Th\u1eddi gian l\u00e0m Gi\u00e1 khu v\u1ef1c ph\u00eda nam Gi\u00e1 khu v\u1ef1c ph\u00eda b\u1eafc H\u1ed2 S\u01a0 XIN VISA DU L\u1ecaCH CANADA T\u00f9y l\u00e3nh s\u1ef1 c\u1ea5p 30 ng\u00e0y Li\u00ean h\u1ec7 Li\u00ean h\u1ec7 L\u01afU \u00dd: Xu\u1ea5t h\u00f3a \u0111\u01a1n VAT. N\u1ebfu L\u00e3nh s\u1ef1 y\u00eau c\u1ea7u ph\u1ecfng v\u1ea5n th\u00ec Qu\u00fd kh\u00e1ch ph\u1ea3i c\u00f3 m\u1eb7t t\u1ea1i L\u00e3nh s\u1ef1 [&#8230;]\n","protected":false},"featured_media":1368,"comment_status":"open","ping_status":"closed","template":"","meta":[],"product_cat":[116,128],"product_tag":[],"class_list":["post-1367","product","type-product","status-publish","has-post-thumbnail","hentry","product_cat-dich-vu","product_cat-dat-xe"],"acf":[],"yoast_head":"<!-- This site is optimized with the Yoast SEO plugin v19.7.2 - https:\/\/yoast.com\/wordpress\/plugins\/seo\/ -->\n<title>H\u1ed2 S\u01a0 XIN VISA DU L\u1ecaCH CANADA - dulich16<\/title>\n<meta name=\"robots\" content=\"noindex, follow, max-snippet:-1, max-image-preview:large, max-video-preview:-1\" \/>\n<meta property=\"og:locale\" content=\"vi_VN\" \/>\n<meta property=\"og:type\" content=\"article\" \/>\n<meta property=\"og:title\" content=\"H\u1ed2 S\u01a0 XIN VISA DU L\u1ecaCH CANADA - dulich16\" \/>\n<meta property=\"og:description\" content=\"Visa Lo\u1ea1i Visa Th\u1eddi gian l\u00e0m Gi\u00e1 khu v\u1ef1c ph\u00eda nam Gi\u00e1 khu v\u1ef1c ph\u00eda b\u1eafc H\u1ed2 S\u01a0 XIN VISA DU L\u1ecaCH CANADA T\u00f9y l\u00e3nh s\u1ef1 c\u1ea5p 30 ng\u00e0y Li\u00ean h\u1ec7 Li\u00ean h\u1ec7 L\u01afU \u00dd: Xu\u1ea5t h\u00f3a \u0111\u01a1n VAT. N\u1ebfu L\u00e3nh s\u1ef1 y\u00eau c\u1ea7u ph\u1ecfng v\u1ea5n th\u00ec Qu\u00fd kh\u00e1ch ph\u1ea3i c\u00f3 m\u1eb7t t\u1ea1i L\u00e3nh s\u1ef1 [...]\" \/>\n<meta property=\"og:url\" content=\"https:\/\/mauweb.tamnguyen.vn\/dulich16\/san-pham\/ho-so-xin-visa-du-lich-canada\/\" \/>\n<meta property=\"og:site_name\" content=\"dulich16\" \/>\n<meta property=\"article:modified_time\" content=\"2022-05-09T02:48:19+00:00\" \/>\n<meta property=\"og:image\" content=\"https:\/\/mauweb.tamnguyen.vn\/dulich16\/wp-content\/uploads\/2022\/05\/visa-du-lich-canada-co-duoc-nhap-canh-trong-thoi-gian-toi-khong-9016.jpg\" \/>\n\t<meta property=\"og:image:width\" content=\"384\" \/>\n\t<meta property=\"og:image:height\" content=\"250\" \/>\n\t<meta property=\"og:image:type\" content=\"image\/jpeg\" \/>\n<meta name=\"twitter:card\" content=\"summary_large_image\" \/>\n<meta name=\"twitter:label1\" content=\"\u01af\u1edbc t\u00ednh th\u1eddi gian \u0111\u1ecdc\" \/>\n\t<meta name=\"twitter:data1\" content=\"1 ph\u00fat\" \/>\n<script type=\"application\/ld+json\" class=\"yoast-schema-graph\">{\"@context\":\"https:\/\/schema.org\",\"@graph\":[{\"@type\":\"WebPage\",\"@id\":\"https:\/\/mauweb.tamnguyen.vn\/dulich16\/san-pham\/ho-so-xin-visa-du-lich-canada\/\",\"url\":\"https:\/\/mauweb.tamnguyen.vn\/dulich16\/san-pham\/ho-so-xin-visa-du-lich-canada\/\",\"name\":\"H\u1ed2 S\u01a0 XIN VISA DU L\u1ecaCH CANADA - dulich16\",\"isPartOf\":{\"@id\":\"https:\/\/mauweb.tamnguyen.vn\/dulich16\/#website\"},\"datePublished\":\"2022-05-06T09:01:49+00:00\",\"dateModified\":\"2022-05-09T02:48:19+00:00\",\"breadcrumb\":{\"@id\":\"https:\/\/mauweb.tamnguyen.vn\/dulich16\/san-pham\/ho-so-xin-visa-du-lich-canada\/#breadcrumb\"},\"inLanguage\":\"vi\",\"potentialAction\":[{\"@type\":\"ReadAction\",\"target\":[\"https:\/\/mauweb.tamnguyen.vn\/dulich16\/san-pham\/ho-so-xin-visa-du-lich-canada\/\"]}]},{\"@type\":\"BreadcrumbList\",\"@id\":\"https:\/\/mauweb.tamnguyen.vn\/dulich16\/san-pham\/ho-so-xin-visa-du-lich-canada\/#breadcrumb\",\"itemListElement\":[{\"@type\":\"ListItem\",\"position\":1,\"name\":\"Trang ch\u1ee7\",\"item\":\"https:\/\/mauweb.tamnguyen.vn\/dulich16\/\"},{\"@type\":\"ListItem\",\"position\":2,\"name\":\"Shop\",\"item\":\"https:\/\/mauweb.tamnguyen.vn\/dulich16\/shop\/\"},{\"@type\":\"ListItem\",\"position\":3,\"name\":\"H\u1ed2 S\u01a0 XIN VISA DU L\u1ecaCH CANADA\"}]},{\"@type\":\"WebSite\",\"@id\":\"https:\/\/mauweb.tamnguyen.vn\/dulich16\/#website\",\"url\":\"https:\/\/mauweb.tamnguyen.vn\/dulich16\/\",\"name\":\"dulich16\",\"description\":\"\",\"potentialAction\":[{\"@type\":\"SearchAction\",\"target\":{\"@type\":\"EntryPoint\",\"urlTemplate\":\"https:\/\/mauweb.tamnguyen.vn\/dulich16\/?s={search_term_string}\"},\"query-input\":\"required name=search_term_string\"}],\"inLanguage\":\"vi\"}]}<\/script>\n<!-- \/ Yoast SEO plugin. -->","yoast_head_json":{"title":"H\u1ed2 S\u01a0 XIN VISA DU L\u1ecaCH CANADA - dulich16","robots":{"index":"noindex","follow":"follow","max-snippet":"max-snippet:-1","max-image-preview":"max-image-preview:large","max-video-preview":"max-video-preview:-1"},"og_locale":"vi_VN","og_type":"article","og_title":"H\u1ed2 S\u01a0 XIN VISA DU L\u1ecaCH CANADA - dulich16","og_description":"Visa Lo\u1ea1i Visa Th\u1eddi gian l\u00e0m Gi\u00e1 khu v\u1ef1c ph\u00eda nam Gi\u00e1 khu v\u1ef1c ph\u00eda b\u1eafc H\u1ed2 S\u01a0 XIN VISA DU L\u1ecaCH CANADA T\u00f9y l\u00e3nh s\u1ef1 c\u1ea5p 30 ng\u00e0y Li\u00ean h\u1ec7 Li\u00ean h\u1ec7 L\u01afU \u00dd: Xu\u1ea5t h\u00f3a \u0111\u01a1n VAT. N\u1ebfu L\u00e3nh s\u1ef1 y\u00eau c\u1ea7u ph\u1ecfng v\u1ea5n th\u00ec Qu\u00fd kh\u00e1ch ph\u1ea3i c\u00f3 m\u1eb7t t\u1ea1i L\u00e3nh s\u1ef1 [...]","og_url":"https:\/\/mauweb.tamnguyen.vn\/dulich16\/san-pham\/ho-so-xin-visa-du-lich-canada\/","og_site_name":"dulich16","article_modified_time":"2022-05-09T02:48:19+00:00","og_image":[{"width":384,"height":250,"url":"https:\/\/mauweb.tamnguyen.vn\/dulich16\/wp-content\/uploads\/2022\/05\/visa-du-lich-canada-co-duoc-nhap-canh-trong-thoi-gian-toi-khong-9016.jpg","type":"image\/jpeg"}],"twitter_card":"summary_large_image","twitter_misc":{"\u01af\u1edbc t\u00ednh th\u1eddi gian \u0111\u1ecdc":"1 ph\u00fat"},"schema":{"@context":"https:\/\/schema.org","@graph":[{"@type":"WebPage","@id":"https:\/\/mauweb.tamnguyen.vn\/dulich16\/san-pham\/ho-so-xin-visa-du-lich-canada\/","url":"https:\/\/mauweb.tamnguyen.vn\/dulich16\/san-pham\/ho-so-xin-visa-du-lich-canada\/","name":"H\u1ed2 S\u01a0 XIN VISA DU L\u1ecaCH CANADA - dulich16","isPartOf":{"@id":"https:\/\/mauweb.tamnguyen.vn\/dulich16\/#website"},"datePublished":"2022-05-06T09:01:49+00:00","dateModified":"2022-05-09T02:48:19+00:00","breadcrumb":{"@id":"https:\/\/mauweb.tamnguyen.vn\/dulich16\/san-pham\/ho-so-xin-visa-du-lich-canada\/#breadcrumb"},"inLanguage":"vi","potentialAction":[{"@type":"ReadAction","target":["https:\/\/mauweb.tamnguyen.vn\/dulich16\/san-pham\/ho-so-xin-visa-du-lich-canada\/"]}]},{"@type":"BreadcrumbList","@id":"https:\/\/mauweb.tamnguyen.vn\/dulich16\/san-pham\/ho-so-xin-visa-du-lich-canada\/#breadcrumb","itemListElement":[{"@type":"ListItem","position":1,"name":"Trang ch\u1ee7","item":"https:\/\/mauweb.tamnguyen.vn\/dulich16\/"},{"@type":"ListItem","position":2,"name":"Shop","item":"https:\/\/mauweb.tamnguyen.vn\/dulich16\/shop\/"},{"@type":"ListItem","position":3,"name":"H\u1ed2 S\u01a0 XIN VISA DU L\u1ecaCH CANADA"}]},{"@type":"WebSite","@id":"https:\/\/mauweb.tamnguyen.vn\/dulich16\/#website","url":"https:\/\/mauweb.tamnguyen.vn\/dulich16\/","name":"dulich16","description":"","potentialAction":[{"@type":"SearchAction","target":{"@type":"EntryPoint","urlTemplate":"https:\/\/mauweb.tamnguyen.vn\/dulich16\/?s={search_term_string}"},"query-input":"required name=search_term_string"}],"inLanguage":"vi"}]}},"_links":{"self":[{"href":"https:\/\/mauweb.tamnguyen.vn\/dulich16\/wp-json\/wp\/v2\/product\/1367"}],"collection":[{"href":"https:\/\/mauweb.tamnguyen.vn\/dulich16\/wp-json\/wp\/v2\/product"}],"about":[{"href":"https:\/\/mauweb.tamnguyen.vn\/dulich16\/wp-json\/wp\/v2\/types\/product"}],"replies":[{"embeddable":true,"href":"https:\/\/mauweb.tamnguyen.vn\/dulich16\/wp-json\/wp\/v2\/comments?post=1367"}],"wp:featuredmedia":[{"embeddable":true,"href":"https:\/\/mauweb.tamnguyen.vn\/dulich16\/wp-json\/wp\/v2\/media\/1368"}],"wp:attachment":[{"href":"https:\/\/mauweb.tamnguyen.vn\/dulich16\/wp-json\/wp\/v2\/media?parent=1367"}],"wp:term":[{"taxonomy":"product_cat","embeddable":true,"href":"https:\/\/mauweb.tamnguyen.vn\/dulich16\/wp-json\/wp\/v2\/product_cat?post=1367"},{"taxonomy":"product_tag","embeddable":true,"href":"https:\/\/mauweb.tamnguyen.vn\/dulich16\/wp-json\/wp\/v2\/product_tag?post=1367"}],"curies":[{"name":"wp","href":"https:\/\/api.w.org\/{rel}","templated":true}]}}