{"id":1365,"date":"2022-05-06T08:59:15","date_gmt":"2022-05-06T08:59:15","guid":{"rendered":"http:\/\/mau2.maudep.com.vn\/dulich\/?post_type=product&#038;p=1365"},"modified":"2022-10-12T18:28:53","modified_gmt":"2022-10-12T18:28:53","slug":"visa-nhat-ban-du-lich","status":"publish","type":"product","link":"https:\/\/mauweb.tamnguyen.vn\/dulich16\/san-pham\/visa-nhat-ban-du-lich\/","title":{"rendered":"VISA NH\u1eacT B\u1ea2N &#8211; DU L\u1ecaCH"},"content":{"rendered":"<div class=\"vnt-content desc nop\"><strong>TH\u00d4NG TIN H\u1ed2 S\u01a0 BAO G\u1ed2M<\/strong><br \/>\n1\/H\u1ed9 chi\u1ebfu c\u00f2n h\u1ea1n tr\u00ean 6 th\u00e1ng v\u00e0 c\u00f3 ch\u1eef k\u00fd<br \/>\n2\/<a href=\"http:\/\/www.hcmcgj.vn.emb-japan.go.jp\/vn\/visa\/p5.pdf\">\u0110\u01a1n xin visa<\/a>\u00a0( \u0110\u01a1n xin visa ph\u1ea3i ghi r\u00f5 ng\u00e0y xin visa v\u00e0 ph\u1ea3i c\u00f3 ch\u1eef k\u00fd gi\u1ed1ng v\u1edbi ch\u1eef k\u00fd trong h\u1ed9 chi\u1ebfu )<br \/>\n3\/H\u00ecnh 4.5cm\u00d74.5cm \u0111\u01b0\u1ee3c ch\u1ee5p trong v\u00f2ng 6 th\u00e1ng tr\u1edf l\u1ea1i<br \/>\n4\/Gi\u1ea5y ch\u1ee9ng nh\u1eadn k\u1ebft h\u00f4n sao y<br \/>\n5\/Ch\u1ee9ng minh nh\u00e2n d\u00e2n sao y kh\u1ed5 A4<br \/>\n6\/H\u1ed9 kh\u1ea9u sao y kh\u1ed5 A4<br \/>\n7\/H\u1ee3p \u0111\u1ed3ng lao \u0111\u1ed9ng sao y + \u0110\u01a1n xin ngh\u1ec9 ph\u00e9p ( n\u1ebfu l\u00e0 nh\u00e2n vi\u00ean )<br \/>\n8\/Gi\u1ea5y ph\u00e9p kinh doanh sao y + Thu\u1ebf 3 th\u00e1ng g\u1ea7n nh\u1ea5t ( n\u1ebfu l\u00e0 ch\u1ee7 doanh nghi\u1ec7p )<br \/>\n9\/X\u00e1c nh\u1eadn s\u1ed1 d\u01b0 ng\u00e2n h\u00e0ng t\u1ed1i thi\u1ec3u 5000$ + b\u1ea3n sao y c\u1ee7a s\u1ed5 ti\u1ebft ki\u1ec7m<br \/>\n10\/Sao k\u00ea t\u00e0i kho\u1ea3n th\u1ebb giao d\u1ecbch trong v\u00f2ng 3 th\u00e1ng g\u1ea7n nh\u1ea5t<\/div>\n<div class=\"tableDesignVisa\">\n<table>\n<thead>\n<tr>\n<th style=\"text-align: center\">Visa<\/th>\n<th style=\"text-align: center\">Lo\u1ea1i Visa<\/th>\n<th style=\"text-align: center\">Th\u1eddi gian l\u00e0m<\/th>\n<th style=\"text-align: center\">Gi\u00e1 khu v\u1ef1c ph\u00eda nam<\/th>\n<th style=\"text-align: center\">Gi\u00e1 khu v\u1ef1c ph\u00eda b\u1eafc<\/th>\n<\/tr>\n<\/thead>\n<tbody>\n<tr>\n<td style=\"text-align: center\">VISA NH\u1eacT B\u1ea2N &#8211; DU L\u1ecaCH<\/td>\n<td class=\"be\" style=\"text-align: center\">3 th\u00e1ng 1 l\u1ea7n<\/td>\n<td class=\"be\" style=\"text-align: center\">6 ng\u00e0y<\/td>\n<td class=\"be\" style=\"text-align: center\"><a href=\"https:\/\/www.facebook.com\/messages\/t\/286058538515482\">Li\u00ean h\u1ec7<\/a><\/td>\n<td class=\"be\" style=\"text-align: center\"><a href=\"https:\/\/www.facebook.com\/messages\/t\/286058538515482\">Li\u00ean h\u1ec7<\/a><\/td>\n<\/tr>\n<\/tbody>\n<\/table>\n<div id=\"mda-dk\"><\/div>\n<div id=\"mda-node\">\n<p><strong>L\u01afU \u00dd:<\/strong><\/p>\n<ul>\n<li>Xu\u1ea5t h\u00f3a \u0111\u01a1n VAT.<\/li>\n<li>Th\u1eddi gian l\u01b0u tr\u00fa:\u00a0kh\u00f4ng qu\u00e1 15 ng\u00e0y<\/li>\n<li>N\u1ebfu L\u00e3nh s\u1ef1 y\u00eau c\u1ea7u ph\u1ecfng v\u1ea5n th\u00ec Qu\u00fd kh\u00e1ch ph\u1ea3i c\u00f3 m\u1eb7t t\u1ea1i L\u00e3nh s\u1ef1 theo l\u1ecbch h\u1eb9n.<\/li>\n<\/ul>\n<\/div>\n<\/div>\n","protected":false},"excerpt":{"rendered":"<p>TH\u00d4NG TIN H\u1ed2 S\u01a0 BAO G\u1ed2M 1\/H\u1ed9 chi\u1ebfu c\u00f2n h\u1ea1n tr\u00ean 6 th\u00e1ng v\u00e0 c\u00f3 ch\u1eef k\u00fd 2\/\u0110\u01a1n xin visa\u00a0( \u0110\u01a1n xin visa ph\u1ea3i ghi r\u00f5 ng\u00e0y xin visa v\u00e0 ph\u1ea3i c\u00f3 ch\u1eef k\u00fd gi\u1ed1ng v\u1edbi ch\u1eef k\u00fd trong h\u1ed9 chi\u1ebfu ) 3\/H\u00ecnh 4.5cm\u00d74.5cm \u0111\u01b0\u1ee3c ch\u1ee5p trong v\u00f2ng 6 th\u00e1ng tr\u1edf l\u1ea1i 4\/Gi\u1ea5y ch\u1ee9ng nh\u1eadn [&#8230;]\n","protected":false},"featured_media":1366,"comment_status":"open","ping_status":"closed","template":"","meta":[],"product_cat":[116,128],"product_tag":[],"class_list":["post-1365","product","type-product","status-publish","has-post-thumbnail","hentry","product_cat-dich-vu","product_cat-dat-xe"],"acf":[],"yoast_head":"<!-- This site is optimized with the Yoast SEO plugin v19.7.2 - https:\/\/yoast.com\/wordpress\/plugins\/seo\/ -->\n<title>VISA NH\u1eacT B\u1ea2N - DU L\u1ecaCH - dulich16<\/title>\n<meta name=\"robots\" content=\"noindex, follow, max-snippet:-1, max-image-preview:large, max-video-preview:-1\" \/>\n<meta property=\"og:locale\" content=\"vi_VN\" \/>\n<meta property=\"og:type\" content=\"article\" \/>\n<meta property=\"og:title\" content=\"VISA NH\u1eacT B\u1ea2N - DU L\u1ecaCH - dulich16\" \/>\n<meta property=\"og:description\" content=\"TH\u00d4NG TIN H\u1ed2 S\u01a0 BAO G\u1ed2M 1\/H\u1ed9 chi\u1ebfu c\u00f2n h\u1ea1n tr\u00ean 6 th\u00e1ng v\u00e0 c\u00f3 ch\u1eef k\u00fd 2\/\u0110\u01a1n xin visa\u00a0( \u0110\u01a1n xin visa ph\u1ea3i ghi r\u00f5 ng\u00e0y xin visa v\u00e0 ph\u1ea3i c\u00f3 ch\u1eef k\u00fd gi\u1ed1ng v\u1edbi ch\u1eef k\u00fd trong h\u1ed9 chi\u1ebfu ) 3\/H\u00ecnh 4.5cm\u00d74.5cm \u0111\u01b0\u1ee3c ch\u1ee5p trong v\u00f2ng 6 th\u00e1ng tr\u1edf l\u1ea1i 4\/Gi\u1ea5y ch\u1ee9ng nh\u1eadn [...]\" \/>\n<meta property=\"og:url\" content=\"https:\/\/mauweb.tamnguyen.vn\/dulich16\/san-pham\/visa-nhat-ban-du-lich\/\" \/>\n<meta property=\"og:site_name\" content=\"dulich16\" \/>\n<meta property=\"article:modified_time\" content=\"2022-10-12T18:28:53+00:00\" \/>\n<meta property=\"og:image\" content=\"https:\/\/mauweb.tamnguyen.vn\/dulich16\/wp-content\/uploads\/2022\/05\/dinh-cu-nhat-ban_ho-chieu-nhat-ban-620x337.jpg\" \/>\n\t<meta property=\"og:image:width\" content=\"620\" \/>\n\t<meta property=\"og:image:height\" content=\"337\" \/>\n\t<meta property=\"og:image:type\" content=\"image\/jpeg\" \/>\n<meta name=\"twitter:card\" content=\"summary_large_image\" \/>\n<meta name=\"twitter:label1\" content=\"\u01af\u1edbc t\u00ednh th\u1eddi gian \u0111\u1ecdc\" \/>\n\t<meta name=\"twitter:data1\" content=\"1 ph\u00fat\" \/>\n<script type=\"application\/ld+json\" class=\"yoast-schema-graph\">{\"@context\":\"https:\/\/schema.org\",\"@graph\":[{\"@type\":\"WebPage\",\"@id\":\"https:\/\/mauweb.tamnguyen.vn\/dulich16\/san-pham\/visa-nhat-ban-du-lich\/\",\"url\":\"https:\/\/mauweb.tamnguyen.vn\/dulich16\/san-pham\/visa-nhat-ban-du-lich\/\",\"name\":\"VISA NH\u1eacT B\u1ea2N - DU L\u1ecaCH - dulich16\",\"isPartOf\":{\"@id\":\"https:\/\/mauweb.tamnguyen.vn\/dulich16\/#website\"},\"datePublished\":\"2022-05-06T08:59:15+00:00\",\"dateModified\":\"2022-10-12T18:28:53+00:00\",\"breadcrumb\":{\"@id\":\"https:\/\/mauweb.tamnguyen.vn\/dulich16\/san-pham\/visa-nhat-ban-du-lich\/#breadcrumb\"},\"inLanguage\":\"vi\",\"potentialAction\":[{\"@type\":\"ReadAction\",\"target\":[\"https:\/\/mauweb.tamnguyen.vn\/dulich16\/san-pham\/visa-nhat-ban-du-lich\/\"]}]},{\"@type\":\"BreadcrumbList\",\"@id\":\"https:\/\/mauweb.tamnguyen.vn\/dulich16\/san-pham\/visa-nhat-ban-du-lich\/#breadcrumb\",\"itemListElement\":[{\"@type\":\"ListItem\",\"position\":1,\"name\":\"Trang ch\u1ee7\",\"item\":\"https:\/\/mauweb.tamnguyen.vn\/dulich16\/\"},{\"@type\":\"ListItem\",\"position\":2,\"name\":\"Shop\",\"item\":\"https:\/\/mauweb.tamnguyen.vn\/dulich16\/shop\/\"},{\"@type\":\"ListItem\",\"position\":3,\"name\":\"VISA NH\u1eacT B\u1ea2N &#8211; DU L\u1ecaCH\"}]},{\"@type\":\"WebSite\",\"@id\":\"https:\/\/mauweb.tamnguyen.vn\/dulich16\/#website\",\"url\":\"https:\/\/mauweb.tamnguyen.vn\/dulich16\/\",\"name\":\"dulich16\",\"description\":\"\",\"potentialAction\":[{\"@type\":\"SearchAction\",\"target\":{\"@type\":\"EntryPoint\",\"urlTemplate\":\"https:\/\/mauweb.tamnguyen.vn\/dulich16\/?s={search_term_string}\"},\"query-input\":\"required name=search_term_string\"}],\"inLanguage\":\"vi\"}]}<\/script>\n<!-- \/ Yoast SEO plugin. -->","yoast_head_json":{"title":"VISA NH\u1eacT B\u1ea2N - DU L\u1ecaCH - dulich16","robots":{"index":"noindex","follow":"follow","max-snippet":"max-snippet:-1","max-image-preview":"max-image-preview:large","max-video-preview":"max-video-preview:-1"},"og_locale":"vi_VN","og_type":"article","og_title":"VISA NH\u1eacT B\u1ea2N - DU L\u1ecaCH - dulich16","og_description":"TH\u00d4NG TIN H\u1ed2 S\u01a0 BAO G\u1ed2M 1\/H\u1ed9 chi\u1ebfu c\u00f2n h\u1ea1n tr\u00ean 6 th\u00e1ng v\u00e0 c\u00f3 ch\u1eef k\u00fd 2\/\u0110\u01a1n xin visa\u00a0( \u0110\u01a1n xin visa ph\u1ea3i ghi r\u00f5 ng\u00e0y xin visa v\u00e0 ph\u1ea3i c\u00f3 ch\u1eef k\u00fd gi\u1ed1ng v\u1edbi ch\u1eef k\u00fd trong h\u1ed9 chi\u1ebfu ) 3\/H\u00ecnh 4.5cm\u00d74.5cm \u0111\u01b0\u1ee3c ch\u1ee5p trong v\u00f2ng 6 th\u00e1ng tr\u1edf l\u1ea1i 4\/Gi\u1ea5y ch\u1ee9ng nh\u1eadn [...]","og_url":"https:\/\/mauweb.tamnguyen.vn\/dulich16\/san-pham\/visa-nhat-ban-du-lich\/","og_site_name":"dulich16","article_modified_time":"2022-10-12T18:28:53+00:00","og_image":[{"width":620,"height":337,"url":"https:\/\/mauweb.tamnguyen.vn\/dulich16\/wp-content\/uploads\/2022\/05\/dinh-cu-nhat-ban_ho-chieu-nhat-ban-620x337.jpg","type":"image\/jpeg"}],"twitter_card":"summary_large_image","twitter_misc":{"\u01af\u1edbc t\u00ednh th\u1eddi gian \u0111\u1ecdc":"1 ph\u00fat"},"schema":{"@context":"https:\/\/schema.org","@graph":[{"@type":"WebPage","@id":"https:\/\/mauweb.tamnguyen.vn\/dulich16\/san-pham\/visa-nhat-ban-du-lich\/","url":"https:\/\/mauweb.tamnguyen.vn\/dulich16\/san-pham\/visa-nhat-ban-du-lich\/","name":"VISA NH\u1eacT B\u1ea2N - DU L\u1ecaCH - dulich16","isPartOf":{"@id":"https:\/\/mauweb.tamnguyen.vn\/dulich16\/#website"},"datePublished":"2022-05-06T08:59:15+00:00","dateModified":"2022-10-12T18:28:53+00:00","breadcrumb":{"@id":"https:\/\/mauweb.tamnguyen.vn\/dulich16\/san-pham\/visa-nhat-ban-du-lich\/#breadcrumb"},"inLanguage":"vi","potentialAction":[{"@type":"ReadAction","target":["https:\/\/mauweb.tamnguyen.vn\/dulich16\/san-pham\/visa-nhat-ban-du-lich\/"]}]},{"@type":"BreadcrumbList","@id":"https:\/\/mauweb.tamnguyen.vn\/dulich16\/san-pham\/visa-nhat-ban-du-lich\/#breadcrumb","itemListElement":[{"@type":"ListItem","position":1,"name":"Trang ch\u1ee7","item":"https:\/\/mauweb.tamnguyen.vn\/dulich16\/"},{"@type":"ListItem","position":2,"name":"Shop","item":"https:\/\/mauweb.tamnguyen.vn\/dulich16\/shop\/"},{"@type":"ListItem","position":3,"name":"VISA NH\u1eacT B\u1ea2N &#8211; DU L\u1ecaCH"}]},{"@type":"WebSite","@id":"https:\/\/mauweb.tamnguyen.vn\/dulich16\/#website","url":"https:\/\/mauweb.tamnguyen.vn\/dulich16\/","name":"dulich16","description":"","potentialAction":[{"@type":"SearchAction","target":{"@type":"EntryPoint","urlTemplate":"https:\/\/mauweb.tamnguyen.vn\/dulich16\/?s={search_term_string}"},"query-input":"required name=search_term_string"}],"inLanguage":"vi"}]}},"_links":{"self":[{"href":"https:\/\/mauweb.tamnguyen.vn\/dulich16\/wp-json\/wp\/v2\/product\/1365"}],"collection":[{"href":"https:\/\/mauweb.tamnguyen.vn\/dulich16\/wp-json\/wp\/v2\/product"}],"about":[{"href":"https:\/\/mauweb.tamnguyen.vn\/dulich16\/wp-json\/wp\/v2\/types\/product"}],"replies":[{"embeddable":true,"href":"https:\/\/mauweb.tamnguyen.vn\/dulich16\/wp-json\/wp\/v2\/comments?post=1365"}],"wp:featuredmedia":[{"embeddable":true,"href":"https:\/\/mauweb.tamnguyen.vn\/dulich16\/wp-json\/wp\/v2\/media\/1366"}],"wp:attachment":[{"href":"https:\/\/mauweb.tamnguyen.vn\/dulich16\/wp-json\/wp\/v2\/media?parent=1365"}],"wp:term":[{"taxonomy":"product_cat","embeddable":true,"href":"https:\/\/mauweb.tamnguyen.vn\/dulich16\/wp-json\/wp\/v2\/product_cat?post=1365"},{"taxonomy":"product_tag","embeddable":true,"href":"https:\/\/mauweb.tamnguyen.vn\/dulich16\/wp-json\/wp\/v2\/product_tag?post=1365"}],"curies":[{"name":"wp","href":"https:\/\/api.w.org\/{rel}","templated":true}]}}