{"id":1361,"date":"2022-05-06T08:55:17","date_gmt":"2022-05-06T08:55:17","guid":{"rendered":"http:\/\/mau2.maudep.com.vn\/dulich\/?post_type=product&#038;p=1361"},"modified":"2022-05-09T02:48:52","modified_gmt":"2022-05-09T02:48:52","slug":"visa-du-lich-phap-tu-ha-noi","status":"publish","type":"product","link":"https:\/\/mauweb.tamnguyen.vn\/dulich16\/san-pham\/visa-du-lich-phap-tu-ha-noi\/","title":{"rendered":"Visa du l\u1ecbch Ph\u00e1p t\u1eeb H\u00e0 N\u1ed9i"},"content":{"rendered":"<div class=\"vnt-content desc nop\">\n<p><strong>H\u1ed3 s\u01a1 xin visa Ph\u00e1p\u00a0<\/strong><br \/>\n1.\u00a0\u00a0 \u00a0H\u1ed9 chi\u1ebfu g\u1ed1c (c\u00f2n h\u1ea1n 6 th\u00e1ng) v\u00e0 to\u00e0n b\u1ed9 h\u1ed9 chi\u1ebfu c\u0169 (n\u1ebfu c\u00f3)<br \/>\n2.\u00a0\u00a0 \u00a0T\u1edd khai xin visa Ph\u00e1p<br \/>\n3.\u00a0\u00a0 \u00a02 \u1ea3nh 3,5 x 4,5 \u00a0(n\u1ec1n tr\u1eafng, ch\u1ee5p kh\u00f4ng qu\u00e1 6 th\u00e1ng); khu\u00f4n m\u1eb7t chi\u1ebfm 80% di\u1ec7n t\u00edch \u1ea3nh<br \/>\n4.\u00a0\u00a0 \u00a0Ch\u1ee9ng minh th\u00e2n nh\u00e2n: S\u1ed5 h\u1ed9 kh\u1ea9u, \u0111\u0103ng k\u00fd k\u1ebft h\u00f4n<br \/>\n5.\u00a0\u00a0 \u00a0Ch\u1ee9ng minh c\u00f4ng vi\u1ec7c: H\u1ee3p \u0111\u1ed3ng lao \u0111\u1ed9ng, \u0111\u01a1n xin ngh\u1ec9 ph\u00e9p<br \/>\n6.\u00a0\u00a0 \u00a0Ch\u1ee9ng minh t\u00e0i ch\u00ednh: S\u1ed5 ti\u1ebft ki\u1ec7m, gi\u1ea5y t\u1edd nh\u00e0 \u0111\u1ea5t, gi\u1ea5y t\u1edd xe h\u01a1i<\/p>\n<p><strong>L\u00e0m visa Ph\u00e1p:<\/strong>\u00a07 \u2013 10 ng\u00e0y (t\u00f9y h\u1ed3 s\u01a1 v\u00e0 th\u1eddi \u0111i\u1ec3m)<br \/>\n<strong>Th\u1eddi h\u1ea1n visa<\/strong>: 15, 30, 45, 90 ng\u00e0y (t\u00f9y h\u1ed3 s\u01a1)<br \/>\n<strong>\u0110\u1ecba ch\u1ec9 n\u1ed9p h\u1ed3 s\u01a1:<\/strong><br \/>\nT\u1ea1i H\u00e0 N\u1ed9i: t\u1ea7ng 17, t\u00f2a nh\u00e0 Capital Tower, s\u1ed1 109 Tr\u1ea7n H\u01b0ng \u0110\u1ea1o, H\u00e0 N\u1ed9i<br \/>\nT\u1ea1i th\u00e0nh ph\u1ed1 H\u1ed3 Ch\u00ed Minh: Vincom Center, \u0110\u1ed3ng Kh\u1edfi, H\u1ed3 Ch\u00ed Minh<\/p>\n<p>Vi\u1ec7c b\u1ea1n c\u00f3 \u0111\u1ea7y \u0111\u1ee7 gi\u1ea5y t\u1edd nh\u01b0 \u0110\u1ea1i s\u1ee9 qu\u00e1n y\u00eau c\u1ea7u kh\u00f4ng \u0111\u1ea3m b\u1ea3o r\u1eb1ng b\u1ea1n s\u1ebd c\u00f3 \u0111\u01b0\u1ee3c visa. \u0110\u1ea1i s\u1ee9 qu\u00e1n x\u00e9t duy\u1ec7t h\u1ed3 s\u01a1 d\u1ef1a tr\u00ean c\u00e1c ti\u00eau ch\u00ed: Nh\u00e2n th\u00e2n, c\u00f4ng vi\u1ec7c, t\u00e0i ch\u00ednh v\u00e0 l\u1ecbch s\u1eed du l\u1ecbch. C\u00f3 nh\u1eefng sai l\u1ea7m ph\u1ea3i tr\u1ea3 gi\u00e1 b\u1eb1ng vi\u1ec7c b\u1ecb t\u1eeb ch\u1ed1i visa v\u00e0 m\u1ed9t khi b\u1ea1n b\u1ecb \u0111\u00f3ng d\u1ea5u t\u1eeb ch\u1ed1i visa t\u1ea1i Ph\u00e1p th\u00ec c\u00e1nh c\u1eeda xin visa c\u1ee7a b\u1ea1n t\u1ea1i c\u00e1c n\u01b0\u1edbc c\u00f2n l\u1ea1i trong kh\u1ed1i Schengen g\u1ea7n nh\u01b0 b\u1ecb \u0111\u00f3ng l\u1ea1i.<\/p>\n<p>\u0110\u1ec3 bi\u1ebft th\u00eam chi ti\u1ebft v\u00e0 t\u01b0 v\u1ea5n c\u1ee5 th\u1ec3, h\u00e3y li\u00ean h\u1ec7 ngay v\u1edbi ch\u00fang t\u00f4i, Ph\u00f2ng Visa Du l\u1ecbch Vi\u1ec7t,<\/p>\n<p><strong>Hotline: 0936083889\u00a0 \u0111\u1ec3 \u0111\u01b0\u1ee3c h\u01b0\u1edbng d\u1eabn v\u00e0 h\u1ed7 tr\u1ee3 th\u1ee7 t\u1ee5c xin visa \u0111\u01a1n gi\u1ea3n nh\u1ea5t, thu\u1eadn ti\u1ec7n nh\u1ea5t.<\/strong><\/p>\n<\/div>\n<div class=\"tableDesignVisa\">\n<table>\n<thead>\n<tr>\n<th style=\"text-align: center\">Visa<\/th>\n<th style=\"text-align: center\">Lo\u1ea1i Visa<\/th>\n<th style=\"text-align: center\">Th\u1eddi gian l\u00e0m<\/th>\n<th style=\"text-align: center\">Gi\u00e1 khu v\u1ef1c ph\u00eda nam<\/th>\n<th style=\"text-align: center\">Gi\u00e1 khu v\u1ef1c ph\u00eda b\u1eafc<\/th>\n<\/tr>\n<\/thead>\n<tbody>\n<tr>\n<td style=\"text-align: center\">Visa du l\u1ecbch Ph\u00e1p t\u1eeb H\u00e0 N\u1ed9i<\/td>\n<td class=\"be\" style=\"text-align: center\">Du l\u1ecbch<\/td>\n<td class=\"be\" style=\"text-align: center\">7 \u2013 10 ng\u00e0y<\/td>\n<td class=\"be\" style=\"text-align: center\"><a href=\"https:\/\/www.facebook.com\/messages\/t\/286058538515482\">Li\u00ean h\u1ec7<\/a><\/td>\n<td class=\"be\" style=\"text-align: center\"><a href=\"https:\/\/www.facebook.com\/messages\/t\/286058538515482\">Li\u00ean h\u1ec7<\/a><\/td>\n<\/tr>\n<\/tbody>\n<\/table>\n<\/div>\n","protected":false},"excerpt":{"rendered":"<p>H\u1ed3 s\u01a1 xin visa Ph\u00e1p\u00a0 1.\u00a0\u00a0 \u00a0H\u1ed9 chi\u1ebfu g\u1ed1c (c\u00f2n h\u1ea1n 6 th\u00e1ng) v\u00e0 to\u00e0n b\u1ed9 h\u1ed9 chi\u1ebfu c\u0169 (n\u1ebfu c\u00f3) 2.\u00a0\u00a0 \u00a0T\u1edd khai xin visa Ph\u00e1p 3.\u00a0\u00a0 \u00a02 \u1ea3nh 3,5 x 4,5 \u00a0(n\u1ec1n tr\u1eafng, ch\u1ee5p kh\u00f4ng qu\u00e1 6 th\u00e1ng); khu\u00f4n m\u1eb7t chi\u1ebfm 80% di\u1ec7n t\u00edch \u1ea3nh 4.\u00a0\u00a0 \u00a0Ch\u1ee9ng minh th\u00e2n nh\u00e2n: S\u1ed5 h\u1ed9 kh\u1ea9u, [&#8230;]\n","protected":false},"featured_media":1362,"comment_status":"open","ping_status":"closed","template":"","meta":[],"product_cat":[116,128],"product_tag":[],"class_list":["post-1361","product","type-product","status-publish","has-post-thumbnail","hentry","product_cat-dich-vu","product_cat-dat-xe"],"acf":[],"yoast_head":"<!-- This site is optimized with the Yoast SEO plugin v19.7.2 - https:\/\/yoast.com\/wordpress\/plugins\/seo\/ -->\n<title>Visa du l\u1ecbch Ph\u00e1p t\u1eeb H\u00e0 N\u1ed9i - dulich16<\/title>\n<meta name=\"robots\" content=\"noindex, follow, max-snippet:-1, max-image-preview:large, max-video-preview:-1\" \/>\n<meta property=\"og:locale\" content=\"vi_VN\" \/>\n<meta property=\"og:type\" content=\"article\" \/>\n<meta property=\"og:title\" content=\"Visa du l\u1ecbch Ph\u00e1p t\u1eeb H\u00e0 N\u1ed9i - dulich16\" \/>\n<meta property=\"og:description\" content=\"H\u1ed3 s\u01a1 xin visa Ph\u00e1p\u00a0 1.\u00a0\u00a0 \u00a0H\u1ed9 chi\u1ebfu g\u1ed1c (c\u00f2n h\u1ea1n 6 th\u00e1ng) v\u00e0 to\u00e0n b\u1ed9 h\u1ed9 chi\u1ebfu c\u0169 (n\u1ebfu c\u00f3) 2.\u00a0\u00a0 \u00a0T\u1edd khai xin visa Ph\u00e1p 3.\u00a0\u00a0 \u00a02 \u1ea3nh 3,5 x 4,5 \u00a0(n\u1ec1n tr\u1eafng, ch\u1ee5p kh\u00f4ng qu\u00e1 6 th\u00e1ng); khu\u00f4n m\u1eb7t chi\u1ebfm 80% di\u1ec7n t\u00edch \u1ea3nh 4.\u00a0\u00a0 \u00a0Ch\u1ee9ng minh th\u00e2n nh\u00e2n: S\u1ed5 h\u1ed9 kh\u1ea9u, [...]\" \/>\n<meta property=\"og:url\" content=\"https:\/\/mauweb.tamnguyen.vn\/dulich16\/san-pham\/visa-du-lich-phap-tu-ha-noi\/\" \/>\n<meta property=\"og:site_name\" content=\"dulich16\" \/>\n<meta property=\"article:modified_time\" content=\"2022-05-09T02:48:52+00:00\" \/>\n<meta property=\"og:image\" content=\"https:\/\/mauweb.tamnguyen.vn\/dulich16\/wp-content\/uploads\/2022\/05\/cap-nhat-le-phi-xin-visa-phap-nam-2019-22-7-2019-2.jpg\" \/>\n\t<meta property=\"og:image:width\" content=\"620\" \/>\n\t<meta property=\"og:image:height\" content=\"422\" \/>\n\t<meta property=\"og:image:type\" content=\"image\/jpeg\" \/>\n<meta name=\"twitter:card\" content=\"summary_large_image\" \/>\n<meta name=\"twitter:label1\" content=\"\u01af\u1edbc t\u00ednh th\u1eddi gian \u0111\u1ecdc\" \/>\n\t<meta name=\"twitter:data1\" content=\"2 ph\u00fat\" \/>\n<script type=\"application\/ld+json\" class=\"yoast-schema-graph\">{\"@context\":\"https:\/\/schema.org\",\"@graph\":[{\"@type\":\"WebPage\",\"@id\":\"https:\/\/mauweb.tamnguyen.vn\/dulich16\/san-pham\/visa-du-lich-phap-tu-ha-noi\/\",\"url\":\"https:\/\/mauweb.tamnguyen.vn\/dulich16\/san-pham\/visa-du-lich-phap-tu-ha-noi\/\",\"name\":\"Visa du l\u1ecbch Ph\u00e1p t\u1eeb H\u00e0 N\u1ed9i - dulich16\",\"isPartOf\":{\"@id\":\"https:\/\/mauweb.tamnguyen.vn\/dulich16\/#website\"},\"datePublished\":\"2022-05-06T08:55:17+00:00\",\"dateModified\":\"2022-05-09T02:48:52+00:00\",\"breadcrumb\":{\"@id\":\"https:\/\/mauweb.tamnguyen.vn\/dulich16\/san-pham\/visa-du-lich-phap-tu-ha-noi\/#breadcrumb\"},\"inLanguage\":\"vi\",\"potentialAction\":[{\"@type\":\"ReadAction\",\"target\":[\"https:\/\/mauweb.tamnguyen.vn\/dulich16\/san-pham\/visa-du-lich-phap-tu-ha-noi\/\"]}]},{\"@type\":\"BreadcrumbList\",\"@id\":\"https:\/\/mauweb.tamnguyen.vn\/dulich16\/san-pham\/visa-du-lich-phap-tu-ha-noi\/#breadcrumb\",\"itemListElement\":[{\"@type\":\"ListItem\",\"position\":1,\"name\":\"Trang ch\u1ee7\",\"item\":\"https:\/\/mauweb.tamnguyen.vn\/dulich16\/\"},{\"@type\":\"ListItem\",\"position\":2,\"name\":\"Shop\",\"item\":\"https:\/\/mauweb.tamnguyen.vn\/dulich16\/shop\/\"},{\"@type\":\"ListItem\",\"position\":3,\"name\":\"Visa du l\u1ecbch Ph\u00e1p t\u1eeb H\u00e0 N\u1ed9i\"}]},{\"@type\":\"WebSite\",\"@id\":\"https:\/\/mauweb.tamnguyen.vn\/dulich16\/#website\",\"url\":\"https:\/\/mauweb.tamnguyen.vn\/dulich16\/\",\"name\":\"dulich16\",\"description\":\"\",\"potentialAction\":[{\"@type\":\"SearchAction\",\"target\":{\"@type\":\"EntryPoint\",\"urlTemplate\":\"https:\/\/mauweb.tamnguyen.vn\/dulich16\/?s={search_term_string}\"},\"query-input\":\"required name=search_term_string\"}],\"inLanguage\":\"vi\"}]}<\/script>\n<!-- \/ Yoast SEO plugin. -->","yoast_head_json":{"title":"Visa du l\u1ecbch Ph\u00e1p t\u1eeb H\u00e0 N\u1ed9i - dulich16","robots":{"index":"noindex","follow":"follow","max-snippet":"max-snippet:-1","max-image-preview":"max-image-preview:large","max-video-preview":"max-video-preview:-1"},"og_locale":"vi_VN","og_type":"article","og_title":"Visa du l\u1ecbch Ph\u00e1p t\u1eeb H\u00e0 N\u1ed9i - dulich16","og_description":"H\u1ed3 s\u01a1 xin visa Ph\u00e1p\u00a0 1.\u00a0\u00a0 \u00a0H\u1ed9 chi\u1ebfu g\u1ed1c (c\u00f2n h\u1ea1n 6 th\u00e1ng) v\u00e0 to\u00e0n b\u1ed9 h\u1ed9 chi\u1ebfu c\u0169 (n\u1ebfu c\u00f3) 2.\u00a0\u00a0 \u00a0T\u1edd khai xin visa Ph\u00e1p 3.\u00a0\u00a0 \u00a02 \u1ea3nh 3,5 x 4,5 \u00a0(n\u1ec1n tr\u1eafng, ch\u1ee5p kh\u00f4ng qu\u00e1 6 th\u00e1ng); khu\u00f4n m\u1eb7t chi\u1ebfm 80% di\u1ec7n t\u00edch \u1ea3nh 4.\u00a0\u00a0 \u00a0Ch\u1ee9ng minh th\u00e2n nh\u00e2n: S\u1ed5 h\u1ed9 kh\u1ea9u, [...]","og_url":"https:\/\/mauweb.tamnguyen.vn\/dulich16\/san-pham\/visa-du-lich-phap-tu-ha-noi\/","og_site_name":"dulich16","article_modified_time":"2022-05-09T02:48:52+00:00","og_image":[{"width":620,"height":422,"url":"https:\/\/mauweb.tamnguyen.vn\/dulich16\/wp-content\/uploads\/2022\/05\/cap-nhat-le-phi-xin-visa-phap-nam-2019-22-7-2019-2.jpg","type":"image\/jpeg"}],"twitter_card":"summary_large_image","twitter_misc":{"\u01af\u1edbc t\u00ednh th\u1eddi gian \u0111\u1ecdc":"2 ph\u00fat"},"schema":{"@context":"https:\/\/schema.org","@graph":[{"@type":"WebPage","@id":"https:\/\/mauweb.tamnguyen.vn\/dulich16\/san-pham\/visa-du-lich-phap-tu-ha-noi\/","url":"https:\/\/mauweb.tamnguyen.vn\/dulich16\/san-pham\/visa-du-lich-phap-tu-ha-noi\/","name":"Visa du l\u1ecbch Ph\u00e1p t\u1eeb H\u00e0 N\u1ed9i - dulich16","isPartOf":{"@id":"https:\/\/mauweb.tamnguyen.vn\/dulich16\/#website"},"datePublished":"2022-05-06T08:55:17+00:00","dateModified":"2022-05-09T02:48:52+00:00","breadcrumb":{"@id":"https:\/\/mauweb.tamnguyen.vn\/dulich16\/san-pham\/visa-du-lich-phap-tu-ha-noi\/#breadcrumb"},"inLanguage":"vi","potentialAction":[{"@type":"ReadAction","target":["https:\/\/mauweb.tamnguyen.vn\/dulich16\/san-pham\/visa-du-lich-phap-tu-ha-noi\/"]}]},{"@type":"BreadcrumbList","@id":"https:\/\/mauweb.tamnguyen.vn\/dulich16\/san-pham\/visa-du-lich-phap-tu-ha-noi\/#breadcrumb","itemListElement":[{"@type":"ListItem","position":1,"name":"Trang ch\u1ee7","item":"https:\/\/mauweb.tamnguyen.vn\/dulich16\/"},{"@type":"ListItem","position":2,"name":"Shop","item":"https:\/\/mauweb.tamnguyen.vn\/dulich16\/shop\/"},{"@type":"ListItem","position":3,"name":"Visa du l\u1ecbch Ph\u00e1p t\u1eeb H\u00e0 N\u1ed9i"}]},{"@type":"WebSite","@id":"https:\/\/mauweb.tamnguyen.vn\/dulich16\/#website","url":"https:\/\/mauweb.tamnguyen.vn\/dulich16\/","name":"dulich16","description":"","potentialAction":[{"@type":"SearchAction","target":{"@type":"EntryPoint","urlTemplate":"https:\/\/mauweb.tamnguyen.vn\/dulich16\/?s={search_term_string}"},"query-input":"required name=search_term_string"}],"inLanguage":"vi"}]}},"_links":{"self":[{"href":"https:\/\/mauweb.tamnguyen.vn\/dulich16\/wp-json\/wp\/v2\/product\/1361"}],"collection":[{"href":"https:\/\/mauweb.tamnguyen.vn\/dulich16\/wp-json\/wp\/v2\/product"}],"about":[{"href":"https:\/\/mauweb.tamnguyen.vn\/dulich16\/wp-json\/wp\/v2\/types\/product"}],"replies":[{"embeddable":true,"href":"https:\/\/mauweb.tamnguyen.vn\/dulich16\/wp-json\/wp\/v2\/comments?post=1361"}],"wp:featuredmedia":[{"embeddable":true,"href":"https:\/\/mauweb.tamnguyen.vn\/dulich16\/wp-json\/wp\/v2\/media\/1362"}],"wp:attachment":[{"href":"https:\/\/mauweb.tamnguyen.vn\/dulich16\/wp-json\/wp\/v2\/media?parent=1361"}],"wp:term":[{"taxonomy":"product_cat","embeddable":true,"href":"https:\/\/mauweb.tamnguyen.vn\/dulich16\/wp-json\/wp\/v2\/product_cat?post=1361"},{"taxonomy":"product_tag","embeddable":true,"href":"https:\/\/mauweb.tamnguyen.vn\/dulich16\/wp-json\/wp\/v2\/product_tag?post=1361"}],"curies":[{"name":"wp","href":"https:\/\/api.w.org\/{rel}","templated":true}]}}