{"id":1326,"date":"2022-05-04T15:24:17","date_gmt":"2022-05-04T15:24:17","guid":{"rendered":"http:\/\/mau2.maudep.com.vn\/dulich\/?post_type=product&#038;p=1326"},"modified":"2022-05-04T15:24:17","modified_gmt":"2022-05-04T15:24:17","slug":"bien-may-ta-xua","status":"publish","type":"product","link":"https:\/\/mauweb.tamnguyen.vn\/dulich16\/san-pham\/bien-may-ta-xua\/","title":{"rendered":"BI\u1ec2N M\u00c2Y T\u00c0 X\u00d9A"},"content":{"rendered":"<p><a class=\"toggle act-accordion-mobile act-accordion\">NG\u00c0Y 01: H\u00c0 N\u1ed8I \u2013 B\u1eaeC Y\u00caN \u2013 T\u00c0 X\u00d9A<\/a><\/p>\n<p><img decoding=\"async\" class=\"aligncenter\" src=\"https:\/\/nld.mediacdn.vn\/2020\/9\/25\/a1-16010020643181096833364.jpg\" alt=\"M\u00f9a v\u00e0ng B\u1eafc Y\u00ean - B\u00e1o Ng\u01b0\u1eddi lao \u0111\u1ed9ng\" \/><\/p>\n<div class=\"accordion-inner accordion-inner-mobile visible\">\n<p><strong>S\u00e1ng 6h00<\/strong><strong>:<\/strong>\u00a0Xe v\u00e0 HDV \u0111\u00f3n Qu\u00fd kh\u00e1ch t\u1ea1i \u0111i\u1ec3m h\u1eb9n r\u1ea1p xi\u1ebfc trung \u01b0\u01a1ng \u2013 67 Tr\u1ea7n Nh\u00e2n T\u00f4ng, kh\u1edfi h\u00e0nh \u0111i s\u0103n m\u00e2y T\u00e0 X\u00f9a.\u0110o\u00e0n \u0103n s\u00e1ng \u1edf nh\u00e0 h\u00e0ng tr\u00ean \u0111\u01b0\u1eddng \u0111i (Chi ph\u00ed t\u1ef1 t\u00fac).<\/p>\n<p>Qu\u00fd kh\u00e1ch d\u1eebng ngh\u1ec9 v\u00e0 tham quan \u0111\u1ed3i ch\u00e8 Thanh S\u01a1n Ph\u00fa Th\u1ecd.<\/p>\n<p><strong>Tr\u01b0a<\/strong><strong>:<\/strong>\u00a0 \u0110o\u00e0n \u0111\u1ebfn v\u1edbi Th\u1ecb tr\u1ea5n B\u1eafc Y\u00ean d\u00f9ng b\u1eefa tr\u01b0a.<\/p>\n<p>Sau b\u1eefa tr\u01b0a, \u0111o\u00e0n ti\u1ebfp t\u1ee5c di chuy\u1ec3n \u0111\u1ebfn x\u00e3 T\u00e0 X\u00f9a. HDV \u0111\u01b0a qu\u00fd kh\u00e1ch di chuy\u1ec3n t\u1edbi H\u1ed3 th\u1ee7y \u0111i\u1ec7n checkin \u0111\u1ed3i th\u1ea3o nguy\u00ean, m\u1ecfm c\u00e1 heo, s\u00f4ng L\u00e0ng S\u00e1ng v\u00e0 c\u00e2y c\u00f4 \u0111\u01a1n&#8230;. Cung \u0111\u01b0\u1eddng n\u00e0y c\u00f3 c\u01a1 h\u1ed9i \u0111\u00f3n ho\u00e0ng h\u00f4n v\u00e0 ph\u00f3ng t\u1ea7m nh\u00ecn to\u00e0n b\u1ed9 th\u1ecb tr\u1ea5n t\u1eeb tr\u00ean cao xu\u1ed1ng.<br \/>\n(N\u1ebfu c\u00f2n th\u1eddi gian \u0111o\u00e0n s\u1ebd \u0111\u01b0\u1ee3c check in m\u1ecfm l\u1ea1c \u0111\u00e0 v\u00e0 \u0111\u1ed3i ch\u00e8 c\u1ed5 th\u1ee5 h\u00e0ng tr\u0103m n\u0103m tu\u1ed5i).<\/p>\n<p>Sau \u0111\u00f3, \u0111o\u00e0n di chuy\u1ec3n v\u1ec1 homestay nh\u1eadn ph\u00f2ng ngh\u1ec9 ng\u01a1i.<\/p>\n<p><strong>T\u1ed1i:\u00a0<\/strong>Qu\u00fd kh\u00e1ch th\u01b0\u1edfng th\u1ee9c b\u1eefa t\u1ed1i t\u1ea1i homestay.<\/p>\n<p><a class=\"toggle act-accordion-mobile act-accordion\">NG\u00c0Y 02: S\u1ed0NG L\u01afNG KH\u1ee6NG LONG H\u00c1NG \u0110\u1ed2NG &#8211; H\u00c0 N\u1ed8I<\/a><\/p>\n<p><img decoding=\"async\" class=\"aligncenter\" src=\"https:\/\/image.vtc.vn\/resize\/th\/upload\/2021\/08\/11\/ta-xua-0-18180694.png\" alt=\"Ng\u1eafm bi\u1ec3n m\u00e2y t\u1ef1a ti\u00ean c\u1ea3nh \u1edf T\u00e0 X\u00f9a - \u0111i\u1ec3m check-in h\u00e0ng \u0111\u1ea7u c\u1ee7a gi\u1edbi tr\u1ebb\" \/><\/p>\n<div class=\"accordion-inner accordion-inner-mobile \">\n<p><strong>S\u00e1ng<\/strong><strong>:\u00a0<\/strong>\u00a0\u0110o\u00e0n d\u1eady s\u1edbm v\u1ec7 sinh c\u00e1 nh\u00e2n v\u00e0 d\u00f9ng b\u1eefa s\u00e1ng t\u1ea1i nh\u00e0 h\u00e0ng, xe v\u00e0 HDV s\u1ebd \u0111\u01b0a \u0111o\u00e0n l\u00ean s\u1ed1ng l\u01b0ng kh\u1ee7ng long t\u1ea1i H\u00e1ng \u0110\u1ed3ng. Qu\u00fd kh\u00e1ch t\u1ef1 do tham quan, check in s\u1ed1ng l\u01b0ng kh\u1ee7ng long. V\u00e0o nh\u1eefng ng\u00e0y th\u1eddi ti\u1ebft \u0111\u1eb9p, qu\u00fd kh\u00e1ch s\u1ebd \u0111\u01b0\u1ee3c chi\u00eam ng\u01b0\u1ee1ng bi\u1ec3n m\u00e2y T\u00e0 X\u00f9a m\u1edf \u1ea3o v\u00e0 nh\u1eefng d\u00e3y n\u00fai n\u1ed1i nhau kh\u00f4ng d\u1ee9t ph\u00eda xa.<\/p>\n<p>Ngo\u00e0i ra, \u0111o\u00e0n c\u00f3 th\u1ec3 gh\u00e9 Th\u00e0o Coffee T\u00e0 X\u00f9a, th\u01b0\u1edfng th\u1ee9c t\u00e1ch c\u00e0 ph\u00ea n\u00f3ng h\u1ed5i v\u00e0 d\u00f5i m\u1eaft nh\u00ecn ra n\u00fai \u0111\u1ed3i hung v\u0129 xung quanh (Chi ph\u00ed \u0111\u1ed3 u\u1ed1ng t\u1ef1 t\u00fac).<\/p>\n<p><strong>Tr\u01b0a:\u00a0<\/strong>Qu\u00fd kh\u00e1ch \u0103n tr\u01b0a t\u1ea1i nh\u00e0 h\u00e0ng \u1edf Pu Nhi Farm.<\/p>\n<p>Chi\u1ec1u: \u0110o\u00e0n ngh\u1ec9 ng\u01a1i sau b\u1eefa tr\u01b0a t\u1ea1i Pu Nhi Farm, v\u00e0 di chuy\u1ec3n v\u1ec1 H\u00e0 N\u1ed9i.<\/p>\n<p><strong>T\u1ed1i:\u00a0<\/strong>\u0110o\u00e0n v\u1ec1 \u0111\u1ebfn H\u00e0 N\u1ed9i, chia tay k\u1ebft th\u00fac chuy\u1ebfn \u0111i T\u00e0 X\u00f9a, m\u1ed9t tr\u1ea3i nghi\u1ec7m th\u1ef1c th\u1ee5 c\u1ee7a m\u1ed9t d\u00e2n du l\u1ecbch chuy\u00ean nghi\u1ec7p.<\/p>\n<div class=\"list-single-main-item-title fl-wrap\">\n<h3>Th\u00f4ng tin chi ti\u1ebft<\/h3>\n<\/div>\n<div id=\"noi_dung\">\n<p><strong>GI\u00c1 D\u1ecaCH V\u1ee4 BAO G\u1ed2M<\/strong><\/p>\n<ol>\n<li>Xe \u00f4 t\u00f4 du l\u1ecbch\u00a0 m\u00e1y l\u1ea1nh cao c\u1ea5p, \u0111\u1eddi m\u1edbi ch\u1ea1y theo ch\u01b0\u01a1ng tr\u00ecnh, l\u00e1i xe kinh nghi\u1ec7m, chuy\u00ean tuy\u1ebfn \u0110\u00f4ng T\u00e2y B\u1eafc<\/li>\n<li>H\u01b0\u00f3ng d\u1eabn vi\u00ean su\u1ed1t tuy\u1ebfn, nhi\u1ec7t t\u00ecnh, c\u00f3 tr\u00e1ch nhi\u1ec7m.<\/li>\n<li>\u0102n c\u00e1c b\u1eefa theo ch\u01b0\u01a1ng tr\u00ecnh: 03 b\u1eefa ch\u00ednh, 01 b\u1eefa \u0103n s\u00e1ng.<\/li>\n<li>V\u00e9 th\u1eafng c\u1ea3nh 1 l\u01b0\u1ee3t t\u1ea1i t\u1ea5t c\u1ea3 c\u00e1c \u0111i\u1ec3m tham quan theo ch\u01b0\u01a1ng tr\u00ecnh.<\/li>\n<li>L\u01b0u tr\u00fa theo ti\u00eau chu\u1ea9n kh\u00e1ch s\u1ea1n t\u1ea1i B\u1eafc Y\u00ean, 2 kh\u00e1ch\/ph\u00f2ng. L\u1ebb Nam\/N\u1eef ng\u1ee7 ph\u00f2ng 3.<\/li>\n<li>B\u1ea3o hi\u1ec3m du l\u1ecbch ti\u00eau chu\u1ea9n qu\u1ed1c t\u1ebf (m\u1ee9c \u0111\u1ec1n b\u00f9 t\u1ed1i \u0111a l\u00e0 60.000.000vn\u0111\/v\u1ee5).<\/li>\n<\/ol>\n<p><strong>GI\u00c1 D\u1ecaCH V\u1ee4 KH\u00d4NG BAO G\u1ed2M<\/strong><\/p>\n<ol>\n<li>\u0110\u1ed3 u\u1ed1ng (r\u01b0\u1ee3u, bia, n\u01b0\u1edbc ng\u1ecdt&#8230;) trong c\u00e1c b\u1eefa \u0103n v\u00e0 su\u1ed1t ch\u01b0\u01a1ng tr\u00ecnh.<\/li>\n<li>C\u00e1c chi ph\u00ed c\u00e1 nh\u00e2n (\u0111i\u1ec7n tho\u1ea1i, gi\u1eb7t l\u00e0, mua s\u1eafm&#8230;\u00a0 tham quan ngo\u00e0i ch\u01b0\u01a1ng tr\u00ecnh).<\/li>\n<li>Ng\u1ee7 ph\u00f2ng \u0111\u01a1n<\/li>\n<li>Thu\u1ebf VAT 10%<\/li>\n<li>Ti\u1ec1n b\u1ed3i d\u01b0\u1ee1ng (Tip) cho HDV v\u00e0 l\u00e1i xe<\/li>\n<\/ol>\n<p><strong>CH\u00cdNH S\u00c1CH GI\u00c1 TR\u1eba EM<\/strong><\/p>\n<ol>\n<li>Tr\u1ebb em d\u01b0\u1edbi 05 tu\u1ed5i: mi\u1ec5n ph\u00ed gi\u00e1 tour (\u0103n ng\u1ee7, chi ph\u00ed v\u00e9 ph\u00e1t sinh b\u1ed1 m\u1eb9 t\u1ef1 t\u00fac). Hai ng\u01b0\u1eddi l\u1edbn \u0111\u01b0\u1ee3c k\u00e8m 01 tr\u1ebb em mi\u1ec5n ph\u00ed, t\u1eeb tr\u1ebb em th\u1ee9 2 tr\u1edf l\u00ean t\u00ednh 50% ph\u00ed d\u1ecbch v\u1ee5.<\/li>\n<li>Tr\u1ebb em t\u1eeb 05 &#8211; d\u01b0\u1edbi 09 tu\u1ed5i: 50% gi\u00e1 tour ng\u01b0\u1eddi l\u1edbn. (1 gh\u1ebf ng\u1ed3i tr\u00ean xe, \u00bd su\u1ea5t \u0103n ng\u01b0\u1eddi l\u1edbn , Ng\u1ee7 chung gi\u01b0\u1eddng v\u1edbi b\u1ed1 m\u1eb9)<\/li>\n<li>Tr\u1ebb em t\u1eeb 9 tu\u1ed5i: Gi\u00e1 tour nh\u01b0 ng\u01b0\u1eddi l\u1edbn.<\/li>\n<\/ol>\n<p><strong>TH\u00d4NG TIN H\u1eeeU \u00cdCH<\/strong><\/p>\n<ol>\n<li>N\u00ean mang qu\u1ea7n \u00e1o r\u1ed9ng, gi\u00e0y th\u1ec3 thao, gi\u00e0y b\u1ec7t ph\u00f9 h\u1ee3p \u0111\u1ec3 \u0111i l\u1ea1i, leo n\u00fai, v\u00e0 mang t\u00fai ho\u1eb7c lo\u1ea1i balo c\u00f3 d\u00e2y \u0111eo \u0111\u1ec3 di chuy\u1ec3n d\u1ec5 d\u00e0ng h\u01a1n khi \u0111i tham quan.<\/li>\n<li>Mang theo \u00e1o kho\u00e1c m\u1ecfng v\u00e0o m\u00f9a h\u00e8 v\u00e0 \u00e1o kho\u00e1c \u1ea5m v\u00e0o m\u00f9a \u0111\u00f4ng.<\/li>\n<li>Mang theo \u00e1o m\u01b0a, \u00f4 che n\u1eafng trong tr\u01b0\u1eddng h\u1ee3p th\u1eddi ti\u1ebft thay \u0111\u1ed5i.<br \/>\nKem ch\u1ed1ng n\u1eafng, kem ch\u1ed1ng c\u00f4n tr\u00f9ng v\u00e0 thu\u1ed1c tr\u1ecb c\u00e1c b\u1ec7nh th\u00f4ng th\u01b0\u1eddng.<\/li>\n<li>N\u00ean mang theo M\u00e1y ch\u1ee5p \u1ea3nh, m\u1ed9t v\u00e0i chai n\u01b0\u1edbc nh\u1ecf, \u0111\u1ed3 \u0103n d\u1ef1 tr\u1eef, ph\u1ee5c h\u1ed3i s\u1ee9c kh\u1ecfe nhanh: S\u00f4 c\u00f4 la, s\u1eefa \u2026<\/li>\n<\/ol>\n<p><strong><u>GHI CH\u00da<\/u><\/strong><\/p>\n<ol>\n<li>L\u1ecbch tr\u00ecnh tour c\u00f3 th\u1ec3 thay \u0111\u1ed5i nh\u01b0ng v\u1eabn \u0111\u1ea3m b\u1ea3o \u0111\u1ea7y \u0111\u1ee7 c\u00e1c \u0111i\u1ec3m tham quan theo ch\u01b0\u01a1ng tr\u00ecnh.<\/li>\n<li>Qu\u00fd kh\u00e1ch khu v\u1ef1c mi\u1ec1n Trung, Mi\u1ec1n Nam vui l\u00f2ng \u0111\u1eb7t chuy\u1ebfn bay ng\u00e0y v\u1ec1 sau 20h00 t\u1ed1i \u0111\u1ec3 \u0111\u01b0\u1ee3c \u0111\u1ea3m b\u1ea3o l\u1ecbch tr\u00ecnh<\/li>\n<li>Kh\u00f4ng nh\u1eadn kh\u00e1ch h\u00e0ng tr\u00ean 80 tu\u1ed5i ho\u1eb7c ti\u1ec1n s\u1eed s\u1ee9c kh\u1ecfe kh\u00f4ng t\u1ed1t. \u0110\u1ed1i v\u1edbi kh\u00e1ch h\u00e0ng t\u1eeb 75 tu\u1ed5i tr\u1edf l\u00ean y\u00eau c\u1ea7u ph\u1ea3i c\u00f3 ng\u01b0\u1eddi th\u00e2n kh\u1ecfe m\u1ea1nh d\u01b0\u1edbi 60 tu\u1ed5i \u0111i c\u00f9ng. Gia \u0111\u00ecnh v\u00e0 qu\u00fd kh\u00e1ch ph\u1ea3i cam k\u1ebft \u0111\u1ea3m b\u1ea3o t\u00ecnh tr\u1ea1ng s\u1ee9c kh\u1ecfe v\u1edbi C\u00f4ng ty ch\u00fang t\u00f4i tr\u01b0\u1edbc khi tham gia tour. N\u1ebfu c\u00f3 b\u1ea5t c\u1ee9 s\u1ef1 c\u1ed1 n\u00e0o x\u1ea3y ra tr\u00ean tour, C\u00f4ng ty du l\u1ecbch s\u1ebd kh\u00f4ng ch\u1ecbu tr\u00e1ch nhi\u1ec7m d\u01b0\u1edbi m\u1ecdi t\u00ecnh hu\u1ed1ng.<\/li>\n<\/ol>\n<\/div>\n<\/div>\n<\/div>\n","protected":false},"excerpt":{"rendered":"<p>NG\u00c0Y 01: H\u00c0 N\u1ed8I \u2013 B\u1eaeC Y\u00caN \u2013 T\u00c0 X\u00d9A S\u00e1ng 6h00:\u00a0Xe v\u00e0 HDV \u0111\u00f3n Qu\u00fd kh\u00e1ch t\u1ea1i \u0111i\u1ec3m h\u1eb9n r\u1ea1p xi\u1ebfc trung \u01b0\u01a1ng \u2013 67 Tr\u1ea7n Nh\u00e2n T\u00f4ng, kh\u1edfi h\u00e0nh \u0111i s\u0103n m\u00e2y T\u00e0 X\u00f9a.\u0110o\u00e0n \u0103n s\u00e1ng \u1edf nh\u00e0 h\u00e0ng tr\u00ean \u0111\u01b0\u1eddng \u0111i (Chi ph\u00ed t\u1ef1 t\u00fac). Qu\u00fd kh\u00e1ch d\u1eebng ngh\u1ec9 v\u00e0 tham quan [&#8230;]\n","protected":false},"featured_media":1327,"comment_status":"open","ping_status":"closed","template":"","meta":[],"product_cat":[109,122,114],"product_tag":[],"class_list":["post-1326","product","type-product","status-publish","has-post-thumbnail","hentry","product_cat-san-pham-ban-chay","product_cat-tour-mien-bac","product_cat-tour-trong-nuoc"],"acf":[],"yoast_head":"<!-- This site is optimized with the Yoast SEO plugin v19.7.2 - https:\/\/yoast.com\/wordpress\/plugins\/seo\/ -->\n<title>BI\u1ec2N M\u00c2Y T\u00c0 X\u00d9A - dulich16<\/title>\n<meta name=\"robots\" content=\"noindex, follow, max-snippet:-1, max-image-preview:large, max-video-preview:-1\" \/>\n<meta property=\"og:locale\" content=\"vi_VN\" \/>\n<meta property=\"og:type\" content=\"article\" \/>\n<meta property=\"og:title\" content=\"BI\u1ec2N M\u00c2Y T\u00c0 X\u00d9A - dulich16\" \/>\n<meta property=\"og:description\" content=\"NG\u00c0Y 01: H\u00c0 N\u1ed8I \u2013 B\u1eaeC Y\u00caN \u2013 T\u00c0 X\u00d9A S\u00e1ng 6h00:\u00a0Xe v\u00e0 HDV \u0111\u00f3n Qu\u00fd kh\u00e1ch t\u1ea1i \u0111i\u1ec3m h\u1eb9n r\u1ea1p xi\u1ebfc trung \u01b0\u01a1ng \u2013 67 Tr\u1ea7n Nh\u00e2n T\u00f4ng, kh\u1edfi h\u00e0nh \u0111i s\u0103n m\u00e2y T\u00e0 X\u00f9a.\u0110o\u00e0n \u0103n s\u00e1ng \u1edf nh\u00e0 h\u00e0ng tr\u00ean \u0111\u01b0\u1eddng \u0111i (Chi ph\u00ed t\u1ef1 t\u00fac). Qu\u00fd kh\u00e1ch d\u1eebng ngh\u1ec9 v\u00e0 tham quan [...]\" \/>\n<meta property=\"og:url\" content=\"https:\/\/mauweb.tamnguyen.vn\/dulich16\/san-pham\/bien-may-ta-xua\/\" \/>\n<meta property=\"og:site_name\" content=\"dulich16\" \/>\n<meta property=\"og:image\" content=\"https:\/\/mauweb.tamnguyen.vn\/dulich16\/wp-content\/uploads\/2022\/05\/ta-xua-san-may-1.jpg\" \/>\n\t<meta property=\"og:image:width\" content=\"620\" \/>\n\t<meta property=\"og:image:height\" content=\"429\" \/>\n\t<meta property=\"og:image:type\" content=\"image\/jpeg\" \/>\n<meta name=\"twitter:card\" content=\"summary_large_image\" \/>\n<meta name=\"twitter:label1\" content=\"\u01af\u1edbc t\u00ednh th\u1eddi gian \u0111\u1ecdc\" \/>\n\t<meta name=\"twitter:data1\" content=\"6 ph\u00fat\" \/>\n<script type=\"application\/ld+json\" class=\"yoast-schema-graph\">{\"@context\":\"https:\/\/schema.org\",\"@graph\":[{\"@type\":\"WebPage\",\"@id\":\"https:\/\/mauweb.tamnguyen.vn\/dulich16\/san-pham\/bien-may-ta-xua\/\",\"url\":\"https:\/\/mauweb.tamnguyen.vn\/dulich16\/san-pham\/bien-may-ta-xua\/\",\"name\":\"BI\u1ec2N M\u00c2Y T\u00c0 X\u00d9A - dulich16\",\"isPartOf\":{\"@id\":\"https:\/\/mauweb.tamnguyen.vn\/dulich16\/#website\"},\"datePublished\":\"2022-05-04T15:24:17+00:00\",\"dateModified\":\"2022-05-04T15:24:17+00:00\",\"breadcrumb\":{\"@id\":\"https:\/\/mauweb.tamnguyen.vn\/dulich16\/san-pham\/bien-may-ta-xua\/#breadcrumb\"},\"inLanguage\":\"vi\",\"potentialAction\":[{\"@type\":\"ReadAction\",\"target\":[\"https:\/\/mauweb.tamnguyen.vn\/dulich16\/san-pham\/bien-may-ta-xua\/\"]}]},{\"@type\":\"BreadcrumbList\",\"@id\":\"https:\/\/mauweb.tamnguyen.vn\/dulich16\/san-pham\/bien-may-ta-xua\/#breadcrumb\",\"itemListElement\":[{\"@type\":\"ListItem\",\"position\":1,\"name\":\"Trang ch\u1ee7\",\"item\":\"https:\/\/mauweb.tamnguyen.vn\/dulich16\/\"},{\"@type\":\"ListItem\",\"position\":2,\"name\":\"Shop\",\"item\":\"https:\/\/mauweb.tamnguyen.vn\/dulich16\/shop\/\"},{\"@type\":\"ListItem\",\"position\":3,\"name\":\"BI\u1ec2N M\u00c2Y T\u00c0 X\u00d9A\"}]},{\"@type\":\"WebSite\",\"@id\":\"https:\/\/mauweb.tamnguyen.vn\/dulich16\/#website\",\"url\":\"https:\/\/mauweb.tamnguyen.vn\/dulich16\/\",\"name\":\"dulich16\",\"description\":\"\",\"potentialAction\":[{\"@type\":\"SearchAction\",\"target\":{\"@type\":\"EntryPoint\",\"urlTemplate\":\"https:\/\/mauweb.tamnguyen.vn\/dulich16\/?s={search_term_string}\"},\"query-input\":\"required name=search_term_string\"}],\"inLanguage\":\"vi\"}]}<\/script>\n<!-- \/ Yoast SEO plugin. -->","yoast_head_json":{"title":"BI\u1ec2N M\u00c2Y T\u00c0 X\u00d9A - dulich16","robots":{"index":"noindex","follow":"follow","max-snippet":"max-snippet:-1","max-image-preview":"max-image-preview:large","max-video-preview":"max-video-preview:-1"},"og_locale":"vi_VN","og_type":"article","og_title":"BI\u1ec2N M\u00c2Y T\u00c0 X\u00d9A - dulich16","og_description":"NG\u00c0Y 01: H\u00c0 N\u1ed8I \u2013 B\u1eaeC Y\u00caN \u2013 T\u00c0 X\u00d9A S\u00e1ng 6h00:\u00a0Xe v\u00e0 HDV \u0111\u00f3n Qu\u00fd kh\u00e1ch t\u1ea1i \u0111i\u1ec3m h\u1eb9n r\u1ea1p xi\u1ebfc trung \u01b0\u01a1ng \u2013 67 Tr\u1ea7n Nh\u00e2n T\u00f4ng, kh\u1edfi h\u00e0nh \u0111i s\u0103n m\u00e2y T\u00e0 X\u00f9a.\u0110o\u00e0n \u0103n s\u00e1ng \u1edf nh\u00e0 h\u00e0ng tr\u00ean \u0111\u01b0\u1eddng \u0111i (Chi ph\u00ed t\u1ef1 t\u00fac). Qu\u00fd kh\u00e1ch d\u1eebng ngh\u1ec9 v\u00e0 tham quan [...]","og_url":"https:\/\/mauweb.tamnguyen.vn\/dulich16\/san-pham\/bien-may-ta-xua\/","og_site_name":"dulich16","og_image":[{"width":620,"height":429,"url":"https:\/\/mauweb.tamnguyen.vn\/dulich16\/wp-content\/uploads\/2022\/05\/ta-xua-san-may-1.jpg","type":"image\/jpeg"}],"twitter_card":"summary_large_image","twitter_misc":{"\u01af\u1edbc t\u00ednh th\u1eddi gian \u0111\u1ecdc":"6 ph\u00fat"},"schema":{"@context":"https:\/\/schema.org","@graph":[{"@type":"WebPage","@id":"https:\/\/mauweb.tamnguyen.vn\/dulich16\/san-pham\/bien-may-ta-xua\/","url":"https:\/\/mauweb.tamnguyen.vn\/dulich16\/san-pham\/bien-may-ta-xua\/","name":"BI\u1ec2N M\u00c2Y T\u00c0 X\u00d9A - dulich16","isPartOf":{"@id":"https:\/\/mauweb.tamnguyen.vn\/dulich16\/#website"},"datePublished":"2022-05-04T15:24:17+00:00","dateModified":"2022-05-04T15:24:17+00:00","breadcrumb":{"@id":"https:\/\/mauweb.tamnguyen.vn\/dulich16\/san-pham\/bien-may-ta-xua\/#breadcrumb"},"inLanguage":"vi","potentialAction":[{"@type":"ReadAction","target":["https:\/\/mauweb.tamnguyen.vn\/dulich16\/san-pham\/bien-may-ta-xua\/"]}]},{"@type":"BreadcrumbList","@id":"https:\/\/mauweb.tamnguyen.vn\/dulich16\/san-pham\/bien-may-ta-xua\/#breadcrumb","itemListElement":[{"@type":"ListItem","position":1,"name":"Trang ch\u1ee7","item":"https:\/\/mauweb.tamnguyen.vn\/dulich16\/"},{"@type":"ListItem","position":2,"name":"Shop","item":"https:\/\/mauweb.tamnguyen.vn\/dulich16\/shop\/"},{"@type":"ListItem","position":3,"name":"BI\u1ec2N M\u00c2Y T\u00c0 X\u00d9A"}]},{"@type":"WebSite","@id":"https:\/\/mauweb.tamnguyen.vn\/dulich16\/#website","url":"https:\/\/mauweb.tamnguyen.vn\/dulich16\/","name":"dulich16","description":"","potentialAction":[{"@type":"SearchAction","target":{"@type":"EntryPoint","urlTemplate":"https:\/\/mauweb.tamnguyen.vn\/dulich16\/?s={search_term_string}"},"query-input":"required name=search_term_string"}],"inLanguage":"vi"}]}},"_links":{"self":[{"href":"https:\/\/mauweb.tamnguyen.vn\/dulich16\/wp-json\/wp\/v2\/product\/1326"}],"collection":[{"href":"https:\/\/mauweb.tamnguyen.vn\/dulich16\/wp-json\/wp\/v2\/product"}],"about":[{"href":"https:\/\/mauweb.tamnguyen.vn\/dulich16\/wp-json\/wp\/v2\/types\/product"}],"replies":[{"embeddable":true,"href":"https:\/\/mauweb.tamnguyen.vn\/dulich16\/wp-json\/wp\/v2\/comments?post=1326"}],"wp:featuredmedia":[{"embeddable":true,"href":"https:\/\/mauweb.tamnguyen.vn\/dulich16\/wp-json\/wp\/v2\/media\/1327"}],"wp:attachment":[{"href":"https:\/\/mauweb.tamnguyen.vn\/dulich16\/wp-json\/wp\/v2\/media?parent=1326"}],"wp:term":[{"taxonomy":"product_cat","embeddable":true,"href":"https:\/\/mauweb.tamnguyen.vn\/dulich16\/wp-json\/wp\/v2\/product_cat?post=1326"},{"taxonomy":"product_tag","embeddable":true,"href":"https:\/\/mauweb.tamnguyen.vn\/dulich16\/wp-json\/wp\/v2\/product_tag?post=1326"}],"curies":[{"name":"wp","href":"https:\/\/api.w.org\/{rel}","templated":true}]}}