{"id":1321,"date":"2022-05-04T15:14:50","date_gmt":"2022-05-04T15:14:50","guid":{"rendered":"http:\/\/mau2.maudep.com.vn\/dulich\/?post_type=product&#038;p=1321"},"modified":"2022-05-04T15:14:50","modified_gmt":"2022-05-04T15:14:50","slug":"ha-tinh-bien-thien-cam-du-thuyen-song-lam","status":"publish","type":"product","link":"https:\/\/mauweb.tamnguyen.vn\/dulich16\/san-pham\/ha-tinh-bien-thien-cam-du-thuyen-song-lam\/","title":{"rendered":"H\u00c0 T\u0128NH &#8211; BI\u1ec2N THI\u00caN C\u1ea6M &#8211; DU THUY\u1ec0N S\u00d4NG LAM"},"content":{"rendered":"<p style=\"text-align: left\"><strong>NG\u00c0Y 01: H\u00c0 N\u1ed8I \u2013 H\u00c0 T\u0128NH \u2013 DU THUY\u1ec0N S\u00d4NG LAM<\/strong><\/p>\n<p style=\"text-align: left\"><img decoding=\"async\" class=\"aligncenter\" src=\"https:\/\/cualohotel.com\/wp-content\/uploads\/du-thuyen-tren-song-lam-nghe-an3.jpg\" alt=\"Du thuy\u1ec1n tr\u00ean s\u00f4ng lam | Kh\u00e1ch S\u1ea1n C\u1eeda L\u00f2 Ngh\u1ec7 An\" \/><br \/>\n<strong>S\u00e1ng:<\/strong>Xe v\u00e0 HDV \u0111\u00f3n Qu\u00fd kh\u00e1ch t\u1ea1i \u0111i\u1ec3m h\u1eb9n 33 Tr\u00e0ng Thi, kh\u1edfi h\u00e0nh \u0111i\u00a0<strong>Nghi Xu\u00e2n \u2013<\/strong>\u00a0m\u1ea3nh \u0111\u1ea5t qu\u00ea h\u01b0\u01a1ng c\u1ee7a \u0111\u1ea1i thi h\u00e0o Nguy\u1ec5n Du<br \/>\n<strong>Tr\u01b0a:<\/strong>\u00a0\u0110\u1ebfn n\u01a1i, Qu\u00fd kh\u00e1ch l\u00ean du thuy\u1ec1n \u0111\u1ec3 \u0111\u01b0\u1ee3c tr\u1ea3i nghi\u1ec7m\u00a0<strong>h\u00e0nh tr\u00ecnh du thuy\u1ec1n tr\u00ean s\u00f4ng Lam<\/strong>, h\u00f2a m\u00ecnh trong\u00a0<strong>l\u00e0n \u0111i\u1ec7u Ca tr\u00f9<\/strong>\u00a0\u2013\u00a0<strong>V\u00ed Gi\u1eb7m x\u1ee9 ngh\u1ec7<\/strong>\u00a0&#8211; \u0111\u01b0\u1ee3c c\u00f4ng nh\u1eadn l\u00e0 di s\u1ea3n v\u0103n h\u00f3a nh\u00e2n lo\u1ea1i.<br \/>\n\u0102n tr\u01b0a tr\u00ean thuy\u1ec1n.<br \/>\nSau \u0111\u00f3, t\u00e0u \u0111\u01b0a kh\u00e1ch c\u1eadp b\u1ebfn, ti\u1ebfp t\u1ee5c h\u00e0nh tr\u00ecnh v\u1ec1 \u0111\u1ebfn H\u00e0 T\u0129nh.<br \/>\n\u0110\u1ebfn n\u01a1i, Qu\u00fd kh\u00e1ch nh\u1eadn ph\u00f2ng kh\u00e1ch s\u1ea1n ngh\u1ec9 ng\u01a1i v\u00e0 t\u1ef1 do kh\u00e1m ph\u00e1 th\u00e0nh ph\u1ed1<br \/>\n<strong>T\u1ed1i:<\/strong>\u00a0Ngh\u1ec9 \u0111\u00eam t\u1ea1i kh\u00e1ch s\u1ea1n H\u00e0 T\u0129nh<\/p>\n<p style=\"text-align: left\"><strong>NG\u00c0Y 02: VUI CH\u01a0I VINPEARL WATER PARK H\u00c0 T\u0128NH<\/strong><\/p>\n<p style=\"text-align: left\"><img decoding=\"async\" class=\"aligncenter\" src=\"https:\/\/vinpearlresortbooking.com\/wp-content\/uploads\/vinpearl-hatinh-water-park-cong-vien-nuoc-6.jpg\" alt=\"Vinpearl H\u00e0 T\u0129nh Water Park - Vinpearl Resort &amp; Hotel Booking\" \/><br \/>\n<strong>S\u00e1ng:<\/strong>\u00a0Qu\u00fd kh\u00e1ch \u0103n s\u00e1ng. T\u1ef1 do t\u1eafm bi\u1ec3n t\u1ea1i\u00a0<strong>bi\u1ec3n Thi\u00ean C\u1ea7m<\/strong>\u00a0\u2013 b\u00e3i bi\u1ec3n \u0111\u01b0\u1ee3c m\u1ec7nh danh \u0111\u1eb9p nh\u1ea5t H\u00e0 T\u0129nh. T\u1ef1 do d\u1ea1o ch\u01a1i, tr\u1ea3i nghi\u1ec7m \u1ea9m th\u1ef1c v\u1edbi nh\u1eefng m\u00f3n \u0103n \u0111\u1eb7c s\u1ea3n nh\u01b0 ch\u00e1o l\u01b0\u01a1n, ram b\u00e1nh m\u01b0\u1edbt, b\u00e1nh b\u00e8o H\u00e0 T\u0129nh\u2026.<br \/>\n<strong>Tr\u01b0a:<\/strong>\u00a0\u0102n tr\u01b0a t\u1ea1i nh\u00e0 h\u00e0ng<br \/>\nSau \u0111\u00f3, \u0111o\u00e0n kh\u1edfi h\u00e0nh \u0111\u1ebfn khu vui ch\u01a1i Vinpearl Water Park H\u00e0 T\u0129nh hay c\u00f2n g\u1ecdi l\u00e0 Vinpearl C\u1eeda S\u00f3t l\u00e0 m\u1ed9t t\u1ed5 h\u1ee3p gi\u1ea3i tr\u00ed v\u1eeba \u0111\u01b0\u1ee3c \u0111\u01b0a v\u00e0o ho\u1ea1t \u0111\u1ed9ng v\u1edbi quy m\u00f4 l\u1edbn b\u1eadc nh\u1ea5t H\u00e0 T\u0129nh bao g\u1ed3m v\u00f4 s\u1ed1 nh\u1eefng tr\u00f2 ch\u01a1i th\u00fa v\u1ecb v\u00e0 h\u1ea5p d\u1eabn. Tham gia c\u00e1c tr\u00f2 ch\u01a1i th\u00fa v\u1ecb t\u1ea1i c\u00f4ng vi\u00ean n\u01b0\u1edbc nh\u01b0:<br \/>\n\u0110\u01b0\u1eddng tr\u01b0\u1ee3t nhi\u1ec1u lan Boomerango<br \/>\n\u0110\u01b0\u1eddng tr\u01b0\u1ee3t l\u00f2ng ch\u1ea3o<br \/>\n\u0110\u01b0\u1eddng tr\u01b0\u1ee3t l\u1ed1c xo\u00e1y<br \/>\n<strong>T\u1ed1i:<\/strong>\u00a0Xe \u0111\u01b0a \u0111o\u00e0n \u0111i \u0103n t\u1ed1i t\u1ea1i nh\u00e0 h\u00e0ng<br \/>\nNgh\u1ec9 \u0111\u00eam t\u1ea1i kh\u00e1ch s\u1ea1n H\u00e0 T\u0129nh<\/p>\n<p style=\"text-align: left\"><strong>NG\u00c0Y 3:\u00a0H\u1ed2 K\u1eba G\u1ed6 &#8211; H\u00c0 N\u1ed8I<\/strong><\/p>\n<p style=\"text-align: left\"><img decoding=\"async\" class=\"aligncenter\" src=\"https:\/\/static.kinhtedothi.vn\/images\/upload\/2021\/12\/24\/bf5a6316-9d94-46d4-ba0c-cdef2a87368b.jpg\" alt=\"Theo ch\u00e2n \u201cNg\u01b0\u1eddi \u0111i x\u00e2y h\u1ed3 K\u1ebb G\u1ed7\u201d - B\u00e1o Kinh t\u1ebf \u0111\u00f4 th\u1ecb\" \/><br \/>\n<strong>S\u00e1ng:<\/strong>\u00a0Qu\u00fd kh\u00e1ch \u0103n s\u00e1ng, sau \u0111\u00f3 HDV \u0111\u01b0a \u0111o\u00e0n kh\u1edfi h\u00e0nh \u0111i tham quan<br \/>\nH\u1ed3 K\u1ebb G\u1ed7 &#8211; m\u1ed9t h\u1ed3 n\u01b0\u1edbc ng\u1ecdt l\u1edbn nh\u1ea5t c\u1ee7a H\u00e0 T\u0129nh \u2013 thu\u1ed9c khu b\u1ea3o t\u1ed3n thi\u00ean nhi\u00ean K\u1ebb G\u1ed7 v\u1edbi nhi\u1ec1u lo\u1ea1i g\u1ed7 qu\u00fd hi\u1ebfm c\u00f9ng h\u1ec7 th\u1ef1c v\u1eadt phong ph\u00fa. \u0110\u1ebfn \u0111\u00e2y Qu\u00fd kh\u00e1ch s\u1ebd c\u00f3 nh\u1eefng tr\u1ea3i nghi\u1ec7m m\u1edbi l\u1ea1 v\u1edbi c\u1ea3m gi\u00e1c tho\u1ea3i m\u00e1i khi chi\u00eam ng\u01b0\u1ee1ng khung c\u1ea3nh non n\u01b0\u1edbc h\u1eefu t\u00ecnh. N\u01a1i \u0111\u00e2y l\u00e0 ngu\u1ed3n c\u1ea3m h\u1ee9ng \u0111\u1ec3 nh\u1ea1c s\u0129 Nguy\u1ec5n V\u0103n t\u00fd vi\u1ebft l\u00ean b\u00e0i h\u00e1t n\u1ed5i ti\u1ebfng \u201cNg\u01b0\u1eddi \u0111i x\u00e2y h\u1ed3 k\u1ebb g\u1ed7\u201d<br \/>\n<strong>Tr\u01b0a:<\/strong>\u00a0Sau khi tham quan, HDV v\u00e0 xe s\u1ebd \u0111\u01b0a \u0111o\u00e0n v\u1ec1 H\u00e0 N\u1ed9i. Tr\u00ean \u0111\u01b0\u1eddng v\u1ec1 xe d\u1eebng ch\u00e2n ngh\u1ec9 t\u1ea1i nh\u00e0 h\u00e0ng, Qu\u00fd kh\u00e1ch t\u1ef1 do mua s\u1eafm \u0111\u1eb7c s\u1ea3n l\u00e0m qu\u00e0 cho ng\u01b0\u1eddi th\u00e2n.<br \/>\n<strong>T\u1ed1i:<\/strong>\u00a0Xe \u0111\u01b0a Qu\u00fd kh\u00e1ch\u00a0 v\u1ec1 \u0111i\u1ec3m h\u1eb9n ban \u0111\u1ea7u, HDV chia tay &#8211; k\u1ebft th\u00fac ch\u01b0\u01a1ng tr\u00ecnh.<br \/>\nH\u1eb9n g\u1eb7p l\u1ea1i qu\u00fd kh\u00e1ch trong nh\u1eefng h\u00e0nh tr\u00ecnh sau.<\/p>\n<div class=\"list-single-main-item-title fl-wrap\">\n<h3>Th\u00f4ng tin chi ti\u1ebft<\/h3>\n<\/div>\n<div id=\"noi_dung\">\n<p><strong>D\u1ecaCH V\u1ee4 T\u00cdNH TRONG GI\u00c1:<\/strong><\/p>\n<ul>\n<li>Xe v\u1eadn chuy\u1ec3n theo ch\u01b0\u01a1ng tr\u00ecn HN- H\u00e0 T\u0129nh \u2013 Ngh\u1ec7 An<\/li>\n<li>Ph\u00f2ng ti\u00eau chu\u1ea9n kh\u00e1ch s\u1ea1n: 02 ng\u01b0\u1eddi l\u1edbn\/ph\u00f2ng, tr\u01b0\u1eddng h\u1ee3p l\u1ebb nam ho\u1eb7c n\u1eef ng\u1ee7 gh\u00e9p 3 ng\u01b0\u1eddi\/ ph\u00f2ng.<\/li>\n<li>C\u00e1c b\u1eefa \u0103n theo ch\u01b0\u01a1ng tr\u00ecnh: 3 b\u1eefa s\u00e1ng, 3 b\u1eefa tr\u01b0a, 3 b\u1eefa t\u1ed1i.<\/li>\n<li>M\u1ee9c \u0103n ch\u00ednh: 000\u0111\/ng\u01b0\u1eddi * 5 b\u1eefa<\/li>\n<li>M\u1ee9c \u0103n s\u00e1ng: 03 b\u1eefa theo ti\u00eau chu\u1ea9n t\u1ea1i kh\u00e1ch s\u1ea1n.<\/li>\n<li>H\u01b0\u1edbng d\u1eabn vi\u00ean \u0111\u00f3n ti\u1ec5n t\u1ea1i s\u00e2n bay v\u00e0 HDV \u0111\u1ecba ph\u01b0\u01a1ng ph\u1ee5c v\u1ee5 theo l\u1ecbch tr\u00ecnh.<\/li>\n<li>V\u00e9 th\u1eafng c\u1ea3nh c\u00e1c \u0111i\u1ec3m v\u00e0o c\u1eeda l\u1ea7n th\u1ee9 nh\u1ea5t theo ch\u01b0\u01a1ng tr\u00ecnh.<\/li>\n<li>B\u1ea3o hi\u1ec3m du l\u1ecbch m\u1ee9c tr\u00e1ch nhi\u1ec7m cao nh\u1ea5t 100.000.000\u0111\/v\u1ee5\/ ng\u01b0\u1eddi.<\/li>\n<li>N\u01b0\u1edbc u\u1ed1ng 1 chai\/ng\u00e0y.<\/li>\n<li>M\u0169 du l\u1ecbch Hoang Long Tourist.<\/li>\n<\/ul>\n<p><strong>D\u1ecaCH V\u1ee4 CH\u01afA T\u00cdNH TRONG GI\u00c1:<\/strong><\/p>\n<ul>\n<li><strong>Thu\u1ebf VAT.<\/strong><\/li>\n<li>Ph\u00ed ngh\u1ec9 ph\u00f2ng \u0111\u01a1n, k\u00ea gi\u01b0\u1eddng ph\u1ee5, \u0111\u1ed3 u\u1ed1ng.<\/li>\n<li>Chi ph\u00ed t\u1ea1i kh\u00e1ch s\u1ea1n: Gi\u1eb7t l\u00e0, \u0111i\u1ec7n tho\u1ea1i,&#8230; v\u00e0 c\u00e1c d\u1ecbch v\u1ee5 kh\u00e1c ngo\u00e0i quy \u0111\u1ecbnh t\u1ea1i kh\u00e1ch s\u1ea1n.<\/li>\n<li>Chi ph\u00ed c\u00e1 nh\u00e2n, tham quan, vui ch\u01a1i, gi\u1ea3i tr\u00ed ngo\u00e0i ch\u01b0\u01a1ng tr\u00ecnh.<\/li>\n<li>C\u00e1c l\u1ef1a ch\u1ecdn tham quan th\u00eam trong ch\u01b0\u01a1ng tr\u00ecnh<\/li>\n<li>Ti\u1ec1n b\u1ed3i d\u01b0\u1ee1ng cho HDV v\u00e0 l\u00e1i xe.<\/li>\n<\/ul>\n<p><strong>C\u00c1C L\u01afU \u00dd KH\u00c1C:<\/strong><\/p>\n<ul>\n<li>Ti\u1ec1n b\u1ed3i d\u01b0\u1ee1ng cho HDV v\u00e0 l\u00e1i xe.<\/li>\n<li>Khi \u0111\u0103ng k\u00fd du l\u1ecbch ho\u1eb7c l\u00e0m th\u1ee7 t\u1ee5c bay: Mang theo b\u1ea3n g\u1ed1c 1 trong c\u00e1c gi\u1ea5y t\u1edd sau: Ch\u1ee9ng minh th\u01b0 nh\u00e2n d\u00e2n\/ Th\u1ebb CCCD (kh\u00f4ng qu\u00e1 h\u1ea1n quy \u0111\u1ecbnh l\u00e0 15 n\u0103m), H\u1ed9 chi\u1ebfu, B\u1eb1ng l\u00e1i xe c\u00f2n gi\u00e1 tr\u1ecb s\u1eed d\u1ee5ng; Th\u1ebb \u0111\u1ea3ng vi\u00ean; Gi\u1ea5y khai sinh (tr\u1ebb em d\u01b0\u1edbi 14 tu\u1ed5i), tr\u1ebb em t\u1eeb 14 tu\u1ed5i tr\u1edf l\u00ean ph\u1ea3i c\u00f3 CMND ho\u1eb7c h\u1ed9 chi\u1ebfu. Ho\u1eb7c nh\u1eefng gi\u1ea5y t\u1edd kh\u00e1c theo quy \u0111\u1ecbnh c\u1ee7a H\u00e0ng kh\u00f4ng.<\/li>\n<li>Ri\u00eang kh\u00e1ch Vi\u1ec7t Ki\u1ec1u ngo\u00e0i H\u1ed9 chi\u1ebfu, c\u1ea7n mang theo th\u1ebb xanh k\u00e8m Visa v\u00e0 gi\u1ea5y t\u00e1i xu\u1ea5t nh\u1eadp Vi\u1ec7t Nam. C\u00e1c gi\u1ea5y t\u1edd n\u00e0y b\u1ea3o \u0111\u1ea3m nguy\u00ean b\u1ea3n, kh\u00f4ng r\u00e1ch r\u1eddi, t\u1ea9y x\u00f3a, c\u1eaft d\u00e1n, \u2026<\/li>\n<li>Tr\u01b0\u1eddng h\u1ee3p tr\u1ebb em kh\u00f4ng \u0111i c\u00f9ng b\u1ed1 ho\u1eb7c m\u1eb9 (c\u0103n c\u1ee9 tr\u00ean gi\u1ea5y khai sinh), ph\u1ea3i c\u00f3 gi\u1ea5y \u1ee7y quy\u1ec1n c\u1ee7a b\u1ed1 ho\u1eb7c m\u1eb9 cho ng\u01b0\u1eddi \u0111i c\u00f9ng c\u00f3 x\u00e1c nh\u1eadn c\u1ee7a c\u00f4ng an ho\u1eb7c UBND ph\u01b0\u1eddng theo quy \u0111\u1ecbnh. Ng\u01b0\u1eddi gi\u00e0 tr\u00ean 70 tu\u1ed5i cam k\u1ebft \u0111\u1ee7 s\u1ee9c kh\u1ecfe du l\u1ecbch, \u0111\u1ed3ng th\u1eddi ph\u1ea3i c\u00f3 ng\u01b0\u1eddi d\u01b0\u1edbi 55 tu\u1ed5i \u0111i c\u00f9ng, quy\u1ec1n l\u1ee3i b\u1ea3o hi\u1ec3m du l\u1ecbch \u0111\u01b0\u1ee3c h\u00e3ng b\u1ea3o hi\u1ec3m quy \u0111\u1ecbnh \u0111\u1ec1n b\u00f9 t\u1ed1i \u0111a l\u00e0 50% so v\u1edbi ti\u00eau chu\u1ea9n th\u00f4ng th\u01b0\u1eddng.<\/li>\n<li>Kh\u00e1ch c\u00f3 thai ph\u1ea3i th\u00f4ng b\u00e1o khi \u0111\u0103ng k\u00fd tour \u0111\u1ec3 \u0111\u01b0\u1ee3c h\u01b0\u1edbng d\u1eabn<\/li>\n<li>Danh s\u00e1ch kh\u00e1ch du l\u1ecbch ph\u1ea3i tr\u00f9ng kh\u1edbp v\u1edbi t\u00ean trong gi\u1ea5y t\u1edd t\u00f9y th\u00e2n \u0111\u1ec3 l\u00e0m th\u1ee7 t\u1ee5c bay. H\u00e0ng kh\u00f4ng s\u1ebd t\u1eeb ch\u1ed1i v\u1eadn chuy\u1ec3n n\u1ebfu sai t\u00ean. Gi\u1eef g\u00ecn c\u1ea9n th\u1eadn th\u1ebb bay, theo d\u00f5i gi\u1edd l\u00ean t\u00e0u bay \u0111\u00fang gi\u1edd. B\u00ean A s\u1ebd t\u1ef1 \u0111\u1eb7t d\u1ecbch v\u1ee5 ph\u00e1t sinh nh\u01b0 v\u00e9 m\u00e1y bay, xe \u0111u\u1ed5i k\u1ecbp h\u00e0nh tr\u00ecnh, ho\u1eb7c ph\u1ea3i h\u1ee7y b\u1ecf chuy\u1ebfn \u0111i n\u1ebfu kh\u00f4ng th\u1ec3 \u0111i c\u00f9ng h\u00e0nh tr\u00ecnh.<\/li>\n<li>C\u00e1c tr\u01b0\u1eddng h\u1ee3p b\u1ea5t kh\u1ea3 kh\u00e1ng Hoang Long Tourist \u0111\u01b0\u1ee3c mi\u1ec5n tr\u1eeb tr\u00e1ch nhi\u1ec7m: tai h\u1ecda do thi\u00ean nhi\u00ean g\u00e2y ra, h\u1ecfa ho\u1ea1n, d\u1ecbch b\u1ec7nh, tr\u00ec ho\u00e3n chuy\u1ebfn bay do th\u1eddi ti\u1ebft ho\u1eb7c k\u1ef9 thu\u1eadt; do giao th\u00f4ng t\u1eafc ngh\u1ebdn, do s\u1ef1 c\u1ed1 k\u1ef9 thu\u1eadt ph\u01b0\u01a1ng ti\u1ec7n di chuy\u1ec3n c\u00f4ng c\u1ed9ng, do \u0111\u00ecnh c\u00f4ng, b\u00e3i c\u00f4ng, bi\u1ec3u t\u00ecnh, chi\u1ebfn tranh, kh\u1ee7ng b\u1ed1 ho\u1eb7c do quy\u1ebft \u0111\u1ecbnh \u0111\u01a1n ph\u01b0\u01a1ng c\u1ee7a c\u01a1 quan c\u00f3 th\u1ea9m quy\u1ec1n v\u00e0 kh\u00f4ng gi\u1edbi h\u1ea1n c\u00e1c tr\u01b0\u1eddng h\u1ee3p kh\u00e1c x\u1ea3y ra mang t\u00ednh ch\u1ea5t kh\u00e1ch quan&#8230; N\u1ebfu chuy\u1ebfn bay b\u1ecb thay \u0111\u1ed5i gi\u1edd bay s\u1edbm h\u01a1n ho\u1eb7c mu\u1ed9n h\u01a1n so v\u1edbi gi\u1edd \u0111\u00e3 \u0111\u1ecbnh, n\u00ean c\u00e1c d\u1ecbch v\u1ee5 c\u00f3 th\u1ec3 b\u1ecb t\u0103ng, gi\u1ea3m nh\u01b0: b\u1eefa \u0103n t\u1ea1i nh\u00e0 h\u00e0ng, \u0111i\u1ec3m tham quan. Hoang Long Tourist s\u1ebd s\u1eafp x\u1ebfp v\u00e0 c\u00f9ng b\u00e0n b\u1ea1c v\u1edbi kh\u00e1ch du l\u1ecbch \u0111\u1ec3 \u0111\u1ea3m b\u1ea3o c\u00f3 \u0111i\u1ec1u ki\u1ec7n ph\u1ee5c v\u1ee5 t\u1ed1t nh\u1ea5t, gi\u1ea3m thi\u1ec3u t\u1ed1i \u0111a c\u00e1c chi ph\u00ed ph\u00e1t sinh do kh\u00e1ch du l\u1ecbch ph\u1ea3i chi tr\u1ea3.<\/li>\n<li>H\u00e0nh l\u00fd: Kh\u00e1ch du l\u1ecbch xem \u0111i\u1ec1u ki\u1ec7n chi ti\u1ebft \u0111\u01b0\u1ee3c c\u00f4ng b\u1ed1 c\u00f4ng khai tr\u00ean m\u1ea1ng c\u1ee7a m\u1ed7i h\u00e3ng h\u00e0ng kh\u00f4ng m\u00e0 qu\u00fd kh\u00e1ch s\u1eed d\u1ee5ng.<\/li>\n<li>Gi\u1edd nh\u1eadn ph\u00f2ng kh\u00e1ch s\u1ea1n: T\u1eeb 14:00-15:00 gi\u1edd; Gi\u1edd tr\u1ea3 ph\u00f2ng: tr\u01b0\u1edbc 12:00 gi\u1edd tr\u01b0a.<\/li>\n<li>Kh\u00e1ch gh\u00e9p tour l\u1ebb gi\u1edbi t\u00ednh, n\u1ebfu kh\u00f4ng th\u1ec3 s\u1eafp x\u1ebfp \u0111\u01b0\u1ee3c chung ph\u00f2ng th\u00ec s\u1ebd ph\u1ea3i \u0111\u00f3ng ti\u1ec1n ph\u00ed ng\u1ee7 1 ph\u00f2ng \u0111\u01a1n.<\/li>\n<\/ul>\n<\/div>\n","protected":false},"excerpt":{"rendered":"<p>NG\u00c0Y 01: H\u00c0 N\u1ed8I \u2013 H\u00c0 T\u0128NH \u2013 DU THUY\u1ec0N S\u00d4NG LAM S\u00e1ng:Xe v\u00e0 HDV \u0111\u00f3n Qu\u00fd kh\u00e1ch t\u1ea1i \u0111i\u1ec3m h\u1eb9n 33 Tr\u00e0ng Thi, kh\u1edfi h\u00e0nh \u0111i\u00a0Nghi Xu\u00e2n \u2013\u00a0m\u1ea3nh \u0111\u1ea5t qu\u00ea h\u01b0\u01a1ng c\u1ee7a \u0111\u1ea1i thi h\u00e0o Nguy\u1ec5n Du Tr\u01b0a:\u00a0\u0110\u1ebfn n\u01a1i, Qu\u00fd kh\u00e1ch l\u00ean du thuy\u1ec1n \u0111\u1ec3 \u0111\u01b0\u1ee3c tr\u1ea3i nghi\u1ec7m\u00a0h\u00e0nh tr\u00ecnh du thuy\u1ec1n tr\u00ean s\u00f4ng Lam, [&#8230;]\n","protected":false},"featured_media":1322,"comment_status":"open","ping_status":"closed","template":"","meta":[],"product_cat":[123,114],"product_tag":[],"class_list":["post-1321","product","type-product","status-publish","has-post-thumbnail","hentry","product_cat-tour-mien-trung","product_cat-tour-trong-nuoc"],"acf":[],"yoast_head":"<!-- This site is optimized with the Yoast SEO plugin v19.7.2 - https:\/\/yoast.com\/wordpress\/plugins\/seo\/ -->\n<title>H\u00c0 T\u0128NH - BI\u1ec2N THI\u00caN C\u1ea6M - DU THUY\u1ec0N S\u00d4NG LAM - dulich16<\/title>\n<meta name=\"robots\" content=\"noindex, follow, max-snippet:-1, max-image-preview:large, max-video-preview:-1\" \/>\n<meta property=\"og:locale\" content=\"vi_VN\" \/>\n<meta property=\"og:type\" content=\"article\" \/>\n<meta property=\"og:title\" content=\"H\u00c0 T\u0128NH - BI\u1ec2N THI\u00caN C\u1ea6M - DU THUY\u1ec0N S\u00d4NG LAM - dulich16\" \/>\n<meta property=\"og:description\" content=\"NG\u00c0Y 01: H\u00c0 N\u1ed8I \u2013 H\u00c0 T\u0128NH \u2013 DU THUY\u1ec0N S\u00d4NG LAM S\u00e1ng:Xe v\u00e0 HDV \u0111\u00f3n Qu\u00fd kh\u00e1ch t\u1ea1i \u0111i\u1ec3m h\u1eb9n 33 Tr\u00e0ng Thi, kh\u1edfi h\u00e0nh \u0111i\u00a0Nghi Xu\u00e2n \u2013\u00a0m\u1ea3nh \u0111\u1ea5t qu\u00ea h\u01b0\u01a1ng c\u1ee7a \u0111\u1ea1i thi h\u00e0o Nguy\u1ec5n Du Tr\u01b0a:\u00a0\u0110\u1ebfn n\u01a1i, Qu\u00fd kh\u00e1ch l\u00ean du thuy\u1ec1n \u0111\u1ec3 \u0111\u01b0\u1ee3c tr\u1ea3i nghi\u1ec7m\u00a0h\u00e0nh tr\u00ecnh du thuy\u1ec1n tr\u00ean s\u00f4ng Lam, [...]\" \/>\n<meta property=\"og:url\" content=\"https:\/\/mauweb.tamnguyen.vn\/dulich16\/san-pham\/ha-tinh-bien-thien-cam-du-thuyen-song-lam\/\" \/>\n<meta property=\"og:site_name\" content=\"dulich16\" \/>\n<meta property=\"og:image\" content=\"https:\/\/mauweb.tamnguyen.vn\/dulich16\/wp-content\/uploads\/2022\/05\/108_10_dia_danh_khong_the_bo_qua_o_ha_tinh.jpg\" \/>\n\t<meta property=\"og:image:width\" content=\"1200\" \/>\n\t<meta property=\"og:image:height\" content=\"700\" \/>\n\t<meta property=\"og:image:type\" content=\"image\/jpeg\" \/>\n<meta name=\"twitter:card\" content=\"summary_large_image\" \/>\n<meta name=\"twitter:label1\" content=\"\u01af\u1edbc t\u00ednh th\u1eddi gian \u0111\u1ecdc\" \/>\n\t<meta name=\"twitter:data1\" content=\"9 ph\u00fat\" \/>\n<script type=\"application\/ld+json\" class=\"yoast-schema-graph\">{\"@context\":\"https:\/\/schema.org\",\"@graph\":[{\"@type\":\"WebPage\",\"@id\":\"https:\/\/mauweb.tamnguyen.vn\/dulich16\/san-pham\/ha-tinh-bien-thien-cam-du-thuyen-song-lam\/\",\"url\":\"https:\/\/mauweb.tamnguyen.vn\/dulich16\/san-pham\/ha-tinh-bien-thien-cam-du-thuyen-song-lam\/\",\"name\":\"H\u00c0 T\u0128NH - BI\u1ec2N THI\u00caN C\u1ea6M - DU THUY\u1ec0N S\u00d4NG LAM - dulich16\",\"isPartOf\":{\"@id\":\"https:\/\/mauweb.tamnguyen.vn\/dulich16\/#website\"},\"datePublished\":\"2022-05-04T15:14:50+00:00\",\"dateModified\":\"2022-05-04T15:14:50+00:00\",\"breadcrumb\":{\"@id\":\"https:\/\/mauweb.tamnguyen.vn\/dulich16\/san-pham\/ha-tinh-bien-thien-cam-du-thuyen-song-lam\/#breadcrumb\"},\"inLanguage\":\"vi\",\"potentialAction\":[{\"@type\":\"ReadAction\",\"target\":[\"https:\/\/mauweb.tamnguyen.vn\/dulich16\/san-pham\/ha-tinh-bien-thien-cam-du-thuyen-song-lam\/\"]}]},{\"@type\":\"BreadcrumbList\",\"@id\":\"https:\/\/mauweb.tamnguyen.vn\/dulich16\/san-pham\/ha-tinh-bien-thien-cam-du-thuyen-song-lam\/#breadcrumb\",\"itemListElement\":[{\"@type\":\"ListItem\",\"position\":1,\"name\":\"Trang ch\u1ee7\",\"item\":\"https:\/\/mauweb.tamnguyen.vn\/dulich16\/\"},{\"@type\":\"ListItem\",\"position\":2,\"name\":\"Shop\",\"item\":\"https:\/\/mauweb.tamnguyen.vn\/dulich16\/shop\/\"},{\"@type\":\"ListItem\",\"position\":3,\"name\":\"H\u00c0 T\u0128NH &#8211; BI\u1ec2N THI\u00caN C\u1ea6M &#8211; DU THUY\u1ec0N S\u00d4NG LAM\"}]},{\"@type\":\"WebSite\",\"@id\":\"https:\/\/mauweb.tamnguyen.vn\/dulich16\/#website\",\"url\":\"https:\/\/mauweb.tamnguyen.vn\/dulich16\/\",\"name\":\"dulich16\",\"description\":\"\",\"potentialAction\":[{\"@type\":\"SearchAction\",\"target\":{\"@type\":\"EntryPoint\",\"urlTemplate\":\"https:\/\/mauweb.tamnguyen.vn\/dulich16\/?s={search_term_string}\"},\"query-input\":\"required name=search_term_string\"}],\"inLanguage\":\"vi\"}]}<\/script>\n<!-- \/ Yoast SEO plugin. -->","yoast_head_json":{"title":"H\u00c0 T\u0128NH - BI\u1ec2N THI\u00caN C\u1ea6M - DU THUY\u1ec0N S\u00d4NG LAM - dulich16","robots":{"index":"noindex","follow":"follow","max-snippet":"max-snippet:-1","max-image-preview":"max-image-preview:large","max-video-preview":"max-video-preview:-1"},"og_locale":"vi_VN","og_type":"article","og_title":"H\u00c0 T\u0128NH - BI\u1ec2N THI\u00caN C\u1ea6M - DU THUY\u1ec0N S\u00d4NG LAM - dulich16","og_description":"NG\u00c0Y 01: H\u00c0 N\u1ed8I \u2013 H\u00c0 T\u0128NH \u2013 DU THUY\u1ec0N S\u00d4NG LAM S\u00e1ng:Xe v\u00e0 HDV \u0111\u00f3n Qu\u00fd kh\u00e1ch t\u1ea1i \u0111i\u1ec3m h\u1eb9n 33 Tr\u00e0ng Thi, kh\u1edfi h\u00e0nh \u0111i\u00a0Nghi Xu\u00e2n \u2013\u00a0m\u1ea3nh \u0111\u1ea5t qu\u00ea h\u01b0\u01a1ng c\u1ee7a \u0111\u1ea1i thi h\u00e0o Nguy\u1ec5n Du Tr\u01b0a:\u00a0\u0110\u1ebfn n\u01a1i, Qu\u00fd kh\u00e1ch l\u00ean du thuy\u1ec1n \u0111\u1ec3 \u0111\u01b0\u1ee3c tr\u1ea3i nghi\u1ec7m\u00a0h\u00e0nh tr\u00ecnh du thuy\u1ec1n tr\u00ean s\u00f4ng Lam, [...]","og_url":"https:\/\/mauweb.tamnguyen.vn\/dulich16\/san-pham\/ha-tinh-bien-thien-cam-du-thuyen-song-lam\/","og_site_name":"dulich16","og_image":[{"width":1200,"height":700,"url":"https:\/\/mauweb.tamnguyen.vn\/dulich16\/wp-content\/uploads\/2022\/05\/108_10_dia_danh_khong_the_bo_qua_o_ha_tinh.jpg","type":"image\/jpeg"}],"twitter_card":"summary_large_image","twitter_misc":{"\u01af\u1edbc t\u00ednh th\u1eddi gian \u0111\u1ecdc":"9 ph\u00fat"},"schema":{"@context":"https:\/\/schema.org","@graph":[{"@type":"WebPage","@id":"https:\/\/mauweb.tamnguyen.vn\/dulich16\/san-pham\/ha-tinh-bien-thien-cam-du-thuyen-song-lam\/","url":"https:\/\/mauweb.tamnguyen.vn\/dulich16\/san-pham\/ha-tinh-bien-thien-cam-du-thuyen-song-lam\/","name":"H\u00c0 T\u0128NH - BI\u1ec2N THI\u00caN C\u1ea6M - DU THUY\u1ec0N S\u00d4NG LAM - dulich16","isPartOf":{"@id":"https:\/\/mauweb.tamnguyen.vn\/dulich16\/#website"},"datePublished":"2022-05-04T15:14:50+00:00","dateModified":"2022-05-04T15:14:50+00:00","breadcrumb":{"@id":"https:\/\/mauweb.tamnguyen.vn\/dulich16\/san-pham\/ha-tinh-bien-thien-cam-du-thuyen-song-lam\/#breadcrumb"},"inLanguage":"vi","potentialAction":[{"@type":"ReadAction","target":["https:\/\/mauweb.tamnguyen.vn\/dulich16\/san-pham\/ha-tinh-bien-thien-cam-du-thuyen-song-lam\/"]}]},{"@type":"BreadcrumbList","@id":"https:\/\/mauweb.tamnguyen.vn\/dulich16\/san-pham\/ha-tinh-bien-thien-cam-du-thuyen-song-lam\/#breadcrumb","itemListElement":[{"@type":"ListItem","position":1,"name":"Trang ch\u1ee7","item":"https:\/\/mauweb.tamnguyen.vn\/dulich16\/"},{"@type":"ListItem","position":2,"name":"Shop","item":"https:\/\/mauweb.tamnguyen.vn\/dulich16\/shop\/"},{"@type":"ListItem","position":3,"name":"H\u00c0 T\u0128NH &#8211; BI\u1ec2N THI\u00caN C\u1ea6M &#8211; DU THUY\u1ec0N S\u00d4NG LAM"}]},{"@type":"WebSite","@id":"https:\/\/mauweb.tamnguyen.vn\/dulich16\/#website","url":"https:\/\/mauweb.tamnguyen.vn\/dulich16\/","name":"dulich16","description":"","potentialAction":[{"@type":"SearchAction","target":{"@type":"EntryPoint","urlTemplate":"https:\/\/mauweb.tamnguyen.vn\/dulich16\/?s={search_term_string}"},"query-input":"required name=search_term_string"}],"inLanguage":"vi"}]}},"_links":{"self":[{"href":"https:\/\/mauweb.tamnguyen.vn\/dulich16\/wp-json\/wp\/v2\/product\/1321"}],"collection":[{"href":"https:\/\/mauweb.tamnguyen.vn\/dulich16\/wp-json\/wp\/v2\/product"}],"about":[{"href":"https:\/\/mauweb.tamnguyen.vn\/dulich16\/wp-json\/wp\/v2\/types\/product"}],"replies":[{"embeddable":true,"href":"https:\/\/mauweb.tamnguyen.vn\/dulich16\/wp-json\/wp\/v2\/comments?post=1321"}],"wp:featuredmedia":[{"embeddable":true,"href":"https:\/\/mauweb.tamnguyen.vn\/dulich16\/wp-json\/wp\/v2\/media\/1322"}],"wp:attachment":[{"href":"https:\/\/mauweb.tamnguyen.vn\/dulich16\/wp-json\/wp\/v2\/media?parent=1321"}],"wp:term":[{"taxonomy":"product_cat","embeddable":true,"href":"https:\/\/mauweb.tamnguyen.vn\/dulich16\/wp-json\/wp\/v2\/product_cat?post=1321"},{"taxonomy":"product_tag","embeddable":true,"href":"https:\/\/mauweb.tamnguyen.vn\/dulich16\/wp-json\/wp\/v2\/product_tag?post=1321"}],"curies":[{"name":"wp","href":"https:\/\/api.w.org\/{rel}","templated":true}]}}