{"id":1262,"date":"2022-05-03T07:54:34","date_gmt":"2022-05-03T07:54:34","guid":{"rendered":"http:\/\/mau2.maudep.com.vn\/dulich\/?post_type=product&#038;p=1262"},"modified":"2022-05-03T07:54:34","modified_gmt":"2022-05-03T07:54:34","slug":"nhat-ban-tokyo-nagoya-kyoto-osaka","status":"publish","type":"product","link":"https:\/\/mauweb.tamnguyen.vn\/dulich16\/san-pham\/nhat-ban-tokyo-nagoya-kyoto-osaka\/","title":{"rendered":"NH\u1eacT B\u1ea2N: TOKYO &#8211; NAGOYA &#8211; KYOTO &#8211; OSAKA"},"content":{"rendered":"<p><a class=\"toggle act-accordion-mobile act-accordion\">NG\u00c0Y 1: H\u00c0 N\u1ed8I &#8211; TOKYO, NH\u1eacT B\u1ea2N<\/a><\/p>\n<p><img decoding=\"async\" class=\"aligncenter\" src=\"https:\/\/sfexpress.vn\/wp-content\/uploads\/2021\/07\/2020-03-11-Session-Tokyo-thumbnail.jpg\" alt=\"V\u1eadn chuy\u1ec3n h\u00e0ng t\u1eeb TOKYO(Nh\u1eadt B\u1ea3n) v\u1ec1 Vi\u1ec7t Nam | Super Fast Vietnam China  Express &amp; Logistics\" \/><\/p>\n<div class=\"accordion-inner accordion-inner-mobile visible\">\n<p>Xe v\u00e0 HDV \u0111\u00f3n Qu\u00fd kh\u00e1ch t\u1ea1i \u0111i\u1ec3m h\u1eb9n \u1edf trung t\u00e2m th\u00e0nh ph\u1ed1 H\u00e0 N\u1ed9i \u0111\u01b0a ra s\u00e2n bay N\u1ed9i B\u00e0i, \u0111\u00e1p chuy\u1ebfn bay \u0111\u1ebfn Narita, Tokyo<\/p>\n<p><strong>Ngh\u1ec9 \u0111\u00eam tr\u00ean m\u00e1y bay.<\/strong><\/p>\n<p><a class=\"toggle act-accordion-mobile act-accordion\">NG\u00c0Y 2: TOKYO (\u0102N TR\u01afA, T\u1ed0I)<\/a><\/p>\n<p><img decoding=\"async\" class=\"aligncenter\" src=\"https:\/\/media.gody.vn\/images\/tokyo\/cong-vien-ueno\/12-2016\/20161207090505-cong-vien-uneo-(8).jpg\" alt=\"C\u00f4ng Vi\u00ean Ueno, Tokyo, Japan ( Nh\u1eadt B\u1ea3n )\" \/><\/p>\n<div class=\"accordion-inner accordion-inner-mobile \">\n<p>H\u1ea1 c\u00e1nh \u1edf s\u00e2n bay Narita, Qu\u00fd kh\u00e1ch l\u00e0m th\u1ee7 t\u1ee5c nh\u1eadp c\u1ea3nh. Xe v\u00e0 HDV \u0111\u00f3n \u0111o\u00e0n \u0111i tham quan:<\/p>\n<ul>\n<li><strong>C\u00f4ng vi\u00ean Ueno:<\/strong>\u00a0v\u1edbi h\u00e0ng ng\u00e0n c\u00e2y hoa anh \u0111\u00e0o s\u1ebd m\u00e3n khai c\u00f9ng m\u00f4\u0323t l\u00fac (th\u1eddi k\u00ec n\u1edf r\u00f4\u0323 c\u1ee7a hoa anh \u0111\u00e0o, t\u00f9y thu\u1ed9c v\u00e0o \u0111i\u1ec1u ki\u1ec7n th\u1eddi ti\u1ebft m\u00e0 hoa c\u00f3 th\u1ec3 n\u1edf s\u1edbm h\u01a1n ho\u1eb7c mu\u1ed9n h\u01a1n so v\u1edbi d\u1ef1 ki\u1ebfn). \u0110\u1ecba \u0111i\u00ea\u0309m n\u00e0y n\u1eb1m trong top nh\u1eefng n\u01a1i ng\u1eafm hoa anh \u0111\u00e0o \u0111\u1eb9p nh\u00e2\u0301t kh\u00f4ng ch\u1ec9 \u1edf ri\u00eang Tokyo m\u00e0 c\u00f2n l\u00e0 c\u1ee7a to\u00e0n n\u01b0\u1edbc Nh\u00e2\u0323t.<\/li>\n<li><strong>Ph\u1ed1 c\u1ed5 Asakusa:<\/strong>\u00a0L\u00e0 n\u01a1i c\u00f3 ng\u00f4i ch\u00f9a c\u1ed5 Asakusa (c\u00f2n g\u1ecdi l\u00e0\u00a0Sensoji) l\u00e0 m\u1ed9t ng\u00f4i ch\u00f9a c\u1ed5 nh\u1ea5t \u1edf Tokyo. Ng\u00f4i ch\u00f9a \u0111\u01b0\u1ee3c ho\u00e0n th\u00e0nh v\u00e0o n\u0103m 645, n\u01a1i di\u1ec5n ra nhi\u1ec1u s\u1ef1 ki\u1ec7n l\u1edbn trong n\u0103m.<\/li>\n<li><strong>Chi\u00eam ng\u01b0\u1ee1ng b\u00ean ngo\u00e0i Th\u00e1p truy\u1ec1n h\u00ecnh \u2013 Tokyo Sky Tree<\/strong>, th\u00e1p truy\u1ec1n h\u00ecnh cao nh\u1ea5t th\u1ebf gi\u1edbi.<\/li>\n<li><strong>Qu\u00fd kh\u00e1ch t\u1ef1 do mua s\u1eafm t\u1ea1i Akihabara<\/strong>\u00a0ho\u1eb7c trung t\u00e2m h\u00e0ng hi\u1ec7u th\u1ebf gi\u1edbi Ginza, trung t\u00e2m mua s\u1eafm l\u1edbn n\u1ed5i ti\u1ebfng v\u1edbi c\u00e1c m\u1eb7t h\u00e0ng\u00a0\u0111i\u1ec7n t\u1eed\u00a0gia d\u1ee5ng, m\u1ef9 ph\u1ea9m, h\u00e0ng mi\u1ec5n thu\u1ebf\u2026<\/li>\n<\/ul>\n<p><strong>Ngh\u1ec9 \u0111\u00eam t\u1ea1i kh\u00e1ch s\u1ea1n\u00a0<\/strong><strong>3<\/strong><strong>* \u1edf\u00a0<\/strong><strong>Tokyo<\/strong><\/p>\n<p><a class=\"toggle act-accordion-mobile act-accordion\">NG\u00c0Y 3: TOKYO \u2013 N\u00daI PH\u00da S\u1ef8 (\u0102N BA B\u1eeeA)<\/a><\/p>\n<p><img decoding=\"async\" class=\"aligncenter\" src=\"https:\/\/nipponrama.com\/wp-content\/uploads\/2019\/04\/owakudani-hakone.jpg\" alt=\"Owakudani Valley: visit the fumaroles of Hakone\" \/><\/p>\n<div class=\"accordion-inner accordion-inner-mobile \">\n<p>\u0102n s\u00e1ng t\u1ea1i kh\u00e1ch s\u1ea1n. Xe v\u00e0 HDV \u0111\u00f3n Qu\u00fd kh\u00e1ch \u0111\u1ebfn khu v\u1ef1c n\u00fai Ph\u00fa s\u1ef9 tham quan:<\/p>\n<ul>\n<li><strong>Thung l\u0169ng Owakudani:<\/strong>\u00a0n\u1eb1m tr\u00ean n\u00fai l\u1eeda Hakone, \u0111\u01b0\u1ee3c h\u00ecnh th\u00e0nh t\u1eeb l\u1ea7n phun tr\u00e0o cu\u1ed1i c\u00f9ng c\u1ee7a n\u00fai l\u1eeda Hakone c\u00e1ch \u0111\u00e2y 3.000 n\u0103m. N\u01a1i \u0111\u00e2y c\u00f3 r\u1ea5t nhi\u1ec1u su\u1ed1i n\u01b0\u1edbc n\u00f3ng mang kho\u00e1ng ch\u1ea5t, b\u1ed1c kh\u00f3i nghi ng\u00fat v\u1edbi m\u00f9i l\u01b0u hu\u1ef3nh. Qu\u00fd kh\u00e1ch c\u00f3 th\u1ec3 th\u01b0\u1edfng th\u1ee9c tr\u1ee9ng lu\u1ed9c trong c\u00e1c su\u1ed1i n\u01b0\u1edbc n\u00f3ng, v\u1ecf tr\u1ee9ng chuy\u1ec3n sang m\u00e0u \u0111en, \u0111\u01b0\u1ee3c g\u1ecdi l\u00e0 Kurotamago (chi ph\u00ed ch\u01b0a bao g\u1ed3m)<\/li>\n<li><strong>Tham quan v\u00e0 mua s\u1eafm t\u1ea1i Gotemba Outlet<\/strong>\u00a0\u2013 m\u1ed9t trong nh\u1eefng outlet l\u1edbn nh\u1ea5t Nh\u1eadt B\u1ea3n<\/li>\n<li><strong>Qu\u00fd kh\u00e1ch ti\u1ebfp t\u1ee5c tham quan N\u00fai Ph\u00fa S\u0129<\/strong>: Bi\u1ec3u t\u01b0\u1ee3ng n\u1ed5i ti\u1ebfng c\u1ee7a qu\u1ed1c gia n\u00e0y. \u0110\u00e2y l\u00e0 m\u1ed9t n\u00fai l\u1eeda c\u00f2n ho\u1ea1t \u0111\u1ed9ng v\u00e0 l\u00e0 ng\u1ecdn n\u00fai cao nh\u1ea5t c\u1ee7a\u00a0<a href=\"http:\/\/vi.wikipedia.org\/wiki\/Nh%E1%BA%ADt_B%E1%BA%A3n\">Nh\u1eadt B\u1ea3n<\/a>\u00a0v\u1edbi\u00a0<a href=\"http:\/\/vi.wikipedia.org\/w\/index.php?title=%C4%90%E1%BB%99_cao_tuy%E1%BB%87t_%C4%91%E1%BB%91i&amp;action=edit&amp;redlink=1\">\u0111\u1ed9 cao tuy\u1ec7t \u0111\u1ed1i<\/a>\u00a03.776\u00a0<a href=\"http:\/\/vi.wikipedia.org\/wiki\/M%C3%A9t\">m\u00e9t<\/a>. (N\u1ebfu th\u1eddi ti\u1ebft \u0111\u1eb9p, qu\u00fd kh\u00e1ch s\u1ebd \u0111\u01b0\u1ee3c l\u00ean tr\u1ea1m s\u1ed1 5).<\/li>\n<\/ul>\n<p>Qu\u00fd kh\u00e1ch tr\u1ea3i nghi\u1ec7m t\u1eafm Onsen t\u1ea1i kh\u00e1ch s\u1ea1n.<\/p>\n<p><strong>Ngh\u1ec9 \u0111\u00eam t\u1ea1i kh\u00e1ch s\u1ea1n 3* \u1edf Yamanashi ho\u1eb7c l\u00e2n c\u1eadn.<\/strong><\/p>\n<p><a class=\"toggle act-accordion-mobile act-accordion\">NG\u00c0Y 4: KHU V\u1ef0C PH\u00da S\u1ef8 &#8211; NAGOYA (\u0102N BA B\u1eeeA)<\/a><\/p>\n<figure style=\"width: 1920px\" class=\"wp-caption aligncenter\"><img loading=\"lazy\" decoding=\"async\" src=\"https:\/\/image.kkday.com\/v2\/image\/get\/s1.kkday.com\/product_18609\/20180620112213_9KbKd\/jpg\" alt=\"Tour Tham Quan N\u00fai Ph\u00fa S\u0129 (Fuji), L\u00e0ng C\u1ed5 Oshino Hakkai V\u00e0 H\u1ed3 Kawaguchi (T\u1eeb  Tokyo) - KKday\" width=\"1920\" height=\"1080\" \/><figcaption class=\"wp-caption-text\">L\u00e0ng C\u1ed5 Oshino Hakkai<\/figcaption><\/figure>\n<div class=\"accordion-inner accordion-inner-mobile \">\n<p>\u0102n s\u00e1ng t\u1ea1i kh\u00e1ch s\u1ea1n. Xe v\u00e0 HDV \u0111\u00f3n \u0111o\u00e0n \u0111i Kyoto, tr\u00ean \u0111\u01b0\u1eddng \u0111i Qu\u00fd kh\u00e1ch tham quan:<\/p>\n<ul>\n<li><strong>Oshino Hakkai<\/strong>\u00a0&#8211; ng\u00f4i l\u00e0ng c\u1ed5 n\u1eb1m y\u00ean b\u00ecnh d\u01b0\u1edbi ch\u00e2n n\u00fai Ph\u00fa S\u0129 v\u1edbi nh\u1eefng ng\u00f4i nh\u00e0 mang n\u00e9t ki\u1ebfn tr\u00fac truy\u1ec1n th\u1ed1ng Nh\u1eadt B\u1ea3n xa x\u01b0a \u0111\u01b0\u1ee3c b\u00e0n tay con ng\u01b0\u1eddi t\u00f4 \u0111i\u1ec3m, gi\u1eef g\u00ecn b\u1eb1ng c\u1ea3nh s\u1ed1ng n\u00f4ng th\u00f4n thu\u1ea7n khi\u1ebft.<\/li>\n<li><strong>Qu\u00fd kh\u00e1ch kh\u1edfi h\u00e0nh \u0111i Nagoya, tr\u1ea3i nghi\u1ec7m 1 ch\u1eb7ng t\u00e0u Shinkansen<\/strong>.<\/li>\n<li><strong>Th\u01b0\u1edfng th\u1ee9c tr\u00e0 \u0111\u1ea1o Gyokuro no sato<\/strong>\u00a0&#8211;\u00a0M\u00f4n ngh\u1ec7 thu\u1eadt Tr\u00e0 \u0110\u1ea1o \u2013 \u0111\u1ed1i v\u1edbi ng\u01b0\u1eddi Nh\u1eadt, th\u01b0\u1edfng th\u1ee9c tr\u00e0 kh\u00f4ng ch\u1ec9 \u0111\u01a1n thu\u1ea7n l\u00e0 d\u00f9ng tr\u00e0 v\u00e0 \u0111\u00e0m \u0111\u1ea1o m\u00e0 c\u00f2n n\u1eb1m \u1edf n\u00e9t \u0111\u1eb9p c\u1ee7a \u201cTr\u00e0 Thi\u1ec1n Nh\u1ea5t V\u1ecb\u201d \u2013 \u0111\u00f3 l\u00e0 tinh th\u1ea7n c\u1ee7a Thi\u1ec1n trong nghi th\u1ee9c pha tr\u00e0.<\/li>\n<li><strong>Tham quan Yamazaki river Nagoya:<\/strong>\u00a0Khu b\u1edd s\u00f4ng Yamazaki \u0111\u1eb7c bi\u1ec7t thu h\u00fat du kh\u00e1ch v\u00e0o m\u00f9a xu\u00e2n, m\u00f9a hoa anh \u0111\u00e0o n\u1edf r\u1ed9 d\u1ecdc b\u1edd s\u00f4ng, v\u00e0 n\u0103m trong b\u1ea3ng x\u1ebfp h\u1ea1ng 100 \u0111\u1ecba \u0111i\u1ec3m Hoa anh \u0111\u00e0o n\u1edf n\u1ed5i ti\u1ebfng nh\u1ea5t t\u1ea1i Nh\u1eadt B\u1ea3n.<\/li>\n<\/ul>\n<p>T\u1ef1 do tham quan mua s\u1eafm v\u00e0 kh\u00e1m ph\u00e1 th\u00e0nh ph\u1ed1 v\u1ec1 \u0111\u00eam<\/p>\n<p><strong>Ngh\u1ec9 \u0111\u00eam t\u1ea1i kh\u00e1ch s\u1ea1n 3* \u1edf Nagoya.<\/strong><\/p>\n<p><a class=\"toggle act-accordion-mobile act-accordion\">NG\u00c0Y 5: NAGOYA \u2013 KYOTO \u2013 OSAKA (\u0102N BA B\u1eeeA)<\/a><\/p>\n<p><img decoding=\"async\" class=\"aligncenter\" src=\"https:\/\/songhantourist.com\/upload\/articles-images\/1606529980-tim-hieu-ve-thanh-pho-osaka-nhat-ban-co-gi-hap-dan.jpg\" alt=\"T\u00ecm Hi\u1ec3u V\u1ec1 Th\u00e0nh Ph\u1ed1 Osaka Nh\u1eadt B\u1ea3n C\u00f3 G\u00ec H\u1ea5p D\u1eabn? | SONGHANTOURIST\" \/><\/p>\n<div class=\"accordion-inner accordion-inner-mobile \">\n<p>\u0102n s\u00e1ng t\u1ea1i kh\u00e1ch s\u1ea1n. Xe v\u00e0 HDV \u0111\u00f3n \u0111o\u00e0n \u0111i tham quan:<\/p>\n<ul>\n<li><strong>Ch\u00f9a Thanh Thu\u1ef7<\/strong>\u00a0\u2013 m\u1ed9t di s\u1ea3n v\u0103n h\u00f3a \u0111\u1eb7c s\u1eafc c\u1ee7a c\u1ed1 \u0111\u00f4 Kyoto, ngay ph\u00eda sau t\u00f2a ki\u1ebfn tr\u00fac ch\u00ednh c\u1ee7a ch\u00f9a l\u00e0 m\u1ed9t th\u00e1c n\u01b0\u1edbc c\u00f3 t\u00ean Ottowa ch\u1ea3y xu\u1ed1ng theo \u0111\u01b0\u1eddng d\u1eabn th\u00e0nh ba d\u00f2ng. T\u01b0\u01a1ng truy\u1ec1n u\u1ed1ng n\u01b0\u1edbc \u1edf c\u1ea3 ba d\u00f2ng c\u1ee7a th\u00e1c n\u00e0y s\u1ebd tr\u01b0\u1eddng th\u1ecd, kh\u1ecfe m\u1ea1nh v\u00e0 th\u00e0nh c\u00f4ng trong s\u1ef1 nghi\u1ec7p.<\/li>\n<\/ul>\n<p>Qu\u00fd kh\u00e1ch di chuy\u1ec3n \u0111i Osaka, tham quan:<\/p>\n<ul>\n<li><strong>L\u00e2u \u0111\u00e0i Osaka<\/strong>\u00a0(ch\u01b0a bao g\u1ed3m v\u00e9 l\u00ean l\u00e2u \u0111\u00e0i): l\u00e0 m\u1ed9t \u0111i\u1ec3m du l\u1ecbch n\u1ed5i ti\u1ebfng c\u1ee7a Nh\u1eadt B\u1ea3n v\u00e0 l\u00e0 bi\u1ec3u t\u01b0\u1ee3ng ch\u00ednh c\u1ee7a th\u00e0nh ph\u1ed1 Osaka, bao g\u1ed3m m\u01b0\u1eddi ba c\u1ea5u tr\u00fac \u0111\u00e3 \u0111\u01b0\u1ee3c ch\u1ec9 \u0111\u1ecbnh l\u00e0 di s\u1ea3n v\u0103n h\u00f3a quan tr\u1ecdng c\u1ee7a ch\u00ednh ph\u1ee7 Nh\u1eadt B\u1ea3n. L\u00e2u \u0111\u00e0i Osaka c\u00f3 chi\u1ec1u cao kho\u1ea3ng 40m, c\u00f3 t\u1ed5ng c\u1ed9ng 8 t\u1ea7ng, t\u1eeb t\u1ea7ng m\u1ed9t l\u00ean t\u1ea7ng b\u1ea3y l\u00e0 n\u01a1i tr\u01b0ng b\u00e0y c\u00e1c lo\u1ea1i v\u0169 kh\u00ed, \u00e1o gi\u00e1p v\u00e0 c\u00e1c v\u1eadt d\u1ee5ng d\u00e2n gian c\u1ee7a th\u1ebf k\u1ef7 tr\u01b0\u1edbc. Ri\u00eang t\u1ea7ng 8 \u0111\u01b0\u1ee3c thi\u1ebft k\u1ebf nh\u01b0 m\u1ed9t \u0111\u00e0i quan s\u00e1t v\u00e0 ng\u1eafm c\u1ea3nh. M\u00e1i ng\u00f3i c\u1ee7a 8 t\u1ea7ng l\u1ea7u \u0111\u01b0\u1ee3c thi\u1ebft k\u1ebf theo phong c\u00e1ch truy\u1ec1n th\u1ed1ng Nh\u1eadt B\u1ea3n v\u00e0 t\u1ea5t c\u1ea3 \u0111\u1ec1u \u0111\u01b0\u1ee3c m\u1ea1 v\u00e0ng r\u00f2ng.<\/li>\n<li>T\u1ef1 do mua s\u1eafm t\u1ea1i trung t\u00e2m th\u01b0\u01a1ng m\u1ea1i\u00a0<strong>Shinsaibashi<\/strong>.<\/li>\n<\/ul>\n<p><strong>Ngh\u1ec9 \u0111\u00eam t\u1ea1i kh\u00e1ch s\u1ea1n 3* \u1edf Osaka.<\/strong><\/p>\n<p><a class=\"toggle act-accordion-mobile act-accordion\">NG\u00c0Y 6: OSAKA\/KANSAI \u2013 N\u1ed8I B\u00c0I (\u0102N S\u00c1NG)<\/a><\/p>\n<div class=\"accordion-inner accordion-inner-mobile \">\n<p>Sau b\u1eefa s\u00e1ng t\u1ea1i kh\u00e1ch s\u1ea1n. Qu\u00fd kh\u00e1ch l\u00e0m th\u1ee7 t\u1ee5c tr\u1ea3 ph\u00f2ng<\/p>\n<p>\u0110\u1ebfn gi\u1edd, xe v\u00e0 HDV \u0111\u01b0a \u0111o\u00e0n ra s\u00e2n bay \u0111\u00e1p chuy\u1ebfn bay v\u1ec1 Vi\u1ec7t Nam<\/p>\n<p>H\u1ea1 c\u00e1nh s\u00e2n bay N\u1ed9i B\u00e0i, xe v\u00e0 HDV \u0111\u01b0a \u0111o\u00e0n v\u1ec1 \u0111i\u1ec3m h\u1eb9n ban \u0111\u1ea7u! Chia tay, k\u1ebft th\u00fac ch\u01b0\u01a1ng tr\u00ecnh!<\/p>\n<div class=\"list-single-main-item-title fl-wrap\">\n<h3>Th\u00f4ng tin chi ti\u1ebft<\/h3>\n<\/div>\n<div id=\"noi_dung\">\n<p><strong>D\u1ecaCH V\u1ee4 BAO G\u1ed2M<\/strong><\/p>\n<ul>\n<li>V\u00e9 m\u00e1y bay kh\u1ee9 h\u1ed3i ch\u1eb7ng qu\u1ed1c t\u1ebf. Thu\u1ebf v\u00e0 ph\u1ee5 ph\u00ed s\u00e2n bay 2 n\u01b0\u1edbc<\/li>\n<li>Kh\u00e1ch s\u1ea1n 3 sao theo ch\u01b0\u01a1ng tr\u00ecnh (2 ng\u01b0\u1eddi\/ ph\u00f2ng, ph\u00f2ng 3 ng\u01b0\u1eddi n\u1ebfu l\u1ebb gi\u1edbi t\u00ednh, l\u1ebb ng\u01b0\u1eddi)<\/li>\n<li>C\u00e1c b\u1eefa \u0103n theo ch\u01b0\u01a1ng tr\u00ecnh (8 b\u1eefa ch\u00ednh):\u00a0M\u1ee9c \u0103n ch\u00ednh: 500yen\/kh\u00e1ch\/b\u1eefa tr\u01b0a + 2.000yen\/kh\u00e1ch\/b\u1eefa t\u1ed1i.\u00a0B\u1eefa \u0103n s\u00e1ng theo ti\u00eau chu\u1ea9n c\u1ee7a kh\u00e1ch s\u1ea1n<\/li>\n<li>V\u1eadn chuy\u1ec3n b\u1eb1ng xe du l\u1ecbch theo ch\u01b0\u01a1ng tr\u00ecnh<\/li>\n<li>Ph\u00ed visa nh\u1eadp c\u1ea3nh v\u00e0o Nh\u1eadt B\u1ea3n<\/li>\n<li>Ph\u00ed tham quan t\u1ea1i c\u00e1c \u0111i\u1ec3m (v\u00e9 v\u00e0o c\u1eeda 01 l\u1ea7n)<\/li>\n<li>H\u01b0\u1edbng d\u1eabn vi\u00ean \u0111i su\u1ed1t tuy\u1ebfn t\u1eeb Vi\u1ec7t Nam<\/li>\n<li>B\u1ea3o hi\u1ec3m du l\u1ecbch qu\u1ed1c t\u1ebf c\u1ee7a h\u00e3ng AIG (m\u1ee9c b\u1ed3i th\u01b0\u1eddng t\u1ed1i \u0111a 10.000USD\/ ng\u01b0\u1eddi\/ v\u1ee5)<\/li>\n<\/ul>\n<p><strong>D\u1ecaCH V\u1ee4 KH\u00d4NG BAO G\u1ed2M<\/strong><\/p>\n<ul>\n<li>H\u1ed9 chi\u1ebfu (c\u00f2n h\u1ea1n tr\u00ean 6 th\u00e1ng t\u00ednh \u0111\u1ebfn ng\u00e0y kh\u1edfi h\u00e0nh)<\/li>\n<li>Chi ph\u00ed c\u00e1 nh\u00e2n nh\u01b0 gi\u1eb7t l\u00e0, \u0111i\u1ec7n tho\u1ea1i, \u0111\u1ed3 u\u1ed1ng\u2026<\/li>\n<li>Chi ph\u00ed ng\u1ee7 ph\u00f2ng \u0111\u01a1n (n\u1ebfu Qu\u00fd kh\u00e1ch y\u00eau c\u1ea7u \u1edf ph\u00f2ng \u0111\u01a1n)<\/li>\n<li>H\u00e0nh l\u00fd qu\u00e1 c\u01b0\u1edbc quy \u0111\u1ecbnh c\u1ee7a h\u00e0ng kh\u00f4ng.<\/li>\n<li>Ti\u1ec1n boa cho HDV v\u00e0 l\u00e1i xe (7USD\/kh\u00e1ch\/ng\u00e0y)<\/li>\n<li>Thu\u1ebf VAT<\/li>\n<\/ul>\n<\/div>\n<\/div>\n<\/div>\n<\/div>\n<\/div>\n<\/div>\n<\/div>\n","protected":false},"excerpt":{"rendered":"<p>NG\u00c0Y 1: H\u00c0 N\u1ed8I &#8211; TOKYO, NH\u1eacT B\u1ea2N Xe v\u00e0 HDV \u0111\u00f3n Qu\u00fd kh\u00e1ch t\u1ea1i \u0111i\u1ec3m h\u1eb9n \u1edf trung t\u00e2m th\u00e0nh ph\u1ed1 H\u00e0 N\u1ed9i \u0111\u01b0a ra s\u00e2n bay N\u1ed9i B\u00e0i, \u0111\u00e1p chuy\u1ebfn bay \u0111\u1ebfn Narita, Tokyo Ngh\u1ec9 \u0111\u00eam tr\u00ean m\u00e1y bay. NG\u00c0Y 2: TOKYO (\u0102N TR\u01afA, T\u1ed0I) H\u1ea1 c\u00e1nh \u1edf s\u00e2n bay Narita, Qu\u00fd kh\u00e1ch [&#8230;]\n","protected":false},"featured_media":1263,"comment_status":"open","ping_status":"closed","template":"","meta":[],"product_cat":[109,115],"product_tag":[],"class_list":["post-1262","product","type-product","status-publish","has-post-thumbnail","hentry","product_cat-san-pham-ban-chay","product_cat-tour-quoc-te"],"acf":[],"yoast_head":"<!-- This site is optimized with the Yoast SEO plugin v19.7.2 - https:\/\/yoast.com\/wordpress\/plugins\/seo\/ -->\n<title>NH\u1eacT B\u1ea2N: TOKYO - NAGOYA - KYOTO - OSAKA - dulich16<\/title>\n<meta name=\"robots\" content=\"noindex, follow, max-snippet:-1, max-image-preview:large, max-video-preview:-1\" \/>\n<meta property=\"og:locale\" content=\"vi_VN\" \/>\n<meta property=\"og:type\" content=\"article\" \/>\n<meta property=\"og:title\" content=\"NH\u1eacT B\u1ea2N: TOKYO - NAGOYA - KYOTO - OSAKA - dulich16\" \/>\n<meta property=\"og:description\" content=\"NG\u00c0Y 1: H\u00c0 N\u1ed8I &#8211; TOKYO, NH\u1eacT B\u1ea2N Xe v\u00e0 HDV \u0111\u00f3n Qu\u00fd kh\u00e1ch t\u1ea1i \u0111i\u1ec3m h\u1eb9n \u1edf trung t\u00e2m th\u00e0nh ph\u1ed1 H\u00e0 N\u1ed9i \u0111\u01b0a ra s\u00e2n bay N\u1ed9i B\u00e0i, \u0111\u00e1p chuy\u1ebfn bay \u0111\u1ebfn Narita, Tokyo Ngh\u1ec9 \u0111\u00eam tr\u00ean m\u00e1y bay. NG\u00c0Y 2: TOKYO (\u0102N TR\u01afA, T\u1ed0I) H\u1ea1 c\u00e1nh \u1edf s\u00e2n bay Narita, Qu\u00fd kh\u00e1ch [...]\" \/>\n<meta property=\"og:url\" content=\"https:\/\/mauweb.tamnguyen.vn\/dulich16\/san-pham\/nhat-ban-tokyo-nagoya-kyoto-osaka\/\" \/>\n<meta property=\"og:site_name\" content=\"dulich16\" \/>\n<meta property=\"og:image\" content=\"https:\/\/mauweb.tamnguyen.vn\/dulich16\/wp-content\/uploads\/2022\/05\/dia-diem-du-lich-nhat-ban-16.jpg\" \/>\n\t<meta property=\"og:image:width\" content=\"640\" \/>\n\t<meta property=\"og:image:height\" content=\"410\" \/>\n\t<meta property=\"og:image:type\" content=\"image\/jpeg\" \/>\n<meta name=\"twitter:card\" content=\"summary_large_image\" \/>\n<meta name=\"twitter:label1\" content=\"\u01af\u1edbc t\u00ednh th\u1eddi gian \u0111\u1ecdc\" \/>\n\t<meta name=\"twitter:data1\" content=\"8 ph\u00fat\" \/>\n<script type=\"application\/ld+json\" class=\"yoast-schema-graph\">{\"@context\":\"https:\/\/schema.org\",\"@graph\":[{\"@type\":\"WebPage\",\"@id\":\"https:\/\/mauweb.tamnguyen.vn\/dulich16\/san-pham\/nhat-ban-tokyo-nagoya-kyoto-osaka\/\",\"url\":\"https:\/\/mauweb.tamnguyen.vn\/dulich16\/san-pham\/nhat-ban-tokyo-nagoya-kyoto-osaka\/\",\"name\":\"NH\u1eacT B\u1ea2N: TOKYO - NAGOYA - KYOTO - OSAKA - dulich16\",\"isPartOf\":{\"@id\":\"https:\/\/mauweb.tamnguyen.vn\/dulich16\/#website\"},\"datePublished\":\"2022-05-03T07:54:34+00:00\",\"dateModified\":\"2022-05-03T07:54:34+00:00\",\"breadcrumb\":{\"@id\":\"https:\/\/mauweb.tamnguyen.vn\/dulich16\/san-pham\/nhat-ban-tokyo-nagoya-kyoto-osaka\/#breadcrumb\"},\"inLanguage\":\"vi\",\"potentialAction\":[{\"@type\":\"ReadAction\",\"target\":[\"https:\/\/mauweb.tamnguyen.vn\/dulich16\/san-pham\/nhat-ban-tokyo-nagoya-kyoto-osaka\/\"]}]},{\"@type\":\"BreadcrumbList\",\"@id\":\"https:\/\/mauweb.tamnguyen.vn\/dulich16\/san-pham\/nhat-ban-tokyo-nagoya-kyoto-osaka\/#breadcrumb\",\"itemListElement\":[{\"@type\":\"ListItem\",\"position\":1,\"name\":\"Trang ch\u1ee7\",\"item\":\"https:\/\/mauweb.tamnguyen.vn\/dulich16\/\"},{\"@type\":\"ListItem\",\"position\":2,\"name\":\"Shop\",\"item\":\"https:\/\/mauweb.tamnguyen.vn\/dulich16\/shop\/\"},{\"@type\":\"ListItem\",\"position\":3,\"name\":\"NH\u1eacT B\u1ea2N: TOKYO &#8211; NAGOYA &#8211; KYOTO &#8211; OSAKA\"}]},{\"@type\":\"WebSite\",\"@id\":\"https:\/\/mauweb.tamnguyen.vn\/dulich16\/#website\",\"url\":\"https:\/\/mauweb.tamnguyen.vn\/dulich16\/\",\"name\":\"dulich16\",\"description\":\"\",\"potentialAction\":[{\"@type\":\"SearchAction\",\"target\":{\"@type\":\"EntryPoint\",\"urlTemplate\":\"https:\/\/mauweb.tamnguyen.vn\/dulich16\/?s={search_term_string}\"},\"query-input\":\"required name=search_term_string\"}],\"inLanguage\":\"vi\"}]}<\/script>\n<!-- \/ Yoast SEO plugin. -->","yoast_head_json":{"title":"NH\u1eacT B\u1ea2N: TOKYO - NAGOYA - KYOTO - OSAKA - dulich16","robots":{"index":"noindex","follow":"follow","max-snippet":"max-snippet:-1","max-image-preview":"max-image-preview:large","max-video-preview":"max-video-preview:-1"},"og_locale":"vi_VN","og_type":"article","og_title":"NH\u1eacT B\u1ea2N: TOKYO - NAGOYA - KYOTO - OSAKA - dulich16","og_description":"NG\u00c0Y 1: H\u00c0 N\u1ed8I &#8211; TOKYO, NH\u1eacT B\u1ea2N Xe v\u00e0 HDV \u0111\u00f3n Qu\u00fd kh\u00e1ch t\u1ea1i \u0111i\u1ec3m h\u1eb9n \u1edf trung t\u00e2m th\u00e0nh ph\u1ed1 H\u00e0 N\u1ed9i \u0111\u01b0a ra s\u00e2n bay N\u1ed9i B\u00e0i, \u0111\u00e1p chuy\u1ebfn bay \u0111\u1ebfn Narita, Tokyo Ngh\u1ec9 \u0111\u00eam tr\u00ean m\u00e1y bay. NG\u00c0Y 2: TOKYO (\u0102N TR\u01afA, T\u1ed0I) H\u1ea1 c\u00e1nh \u1edf s\u00e2n bay Narita, Qu\u00fd kh\u00e1ch [...]","og_url":"https:\/\/mauweb.tamnguyen.vn\/dulich16\/san-pham\/nhat-ban-tokyo-nagoya-kyoto-osaka\/","og_site_name":"dulich16","og_image":[{"width":640,"height":410,"url":"https:\/\/mauweb.tamnguyen.vn\/dulich16\/wp-content\/uploads\/2022\/05\/dia-diem-du-lich-nhat-ban-16.jpg","type":"image\/jpeg"}],"twitter_card":"summary_large_image","twitter_misc":{"\u01af\u1edbc t\u00ednh th\u1eddi gian \u0111\u1ecdc":"8 ph\u00fat"},"schema":{"@context":"https:\/\/schema.org","@graph":[{"@type":"WebPage","@id":"https:\/\/mauweb.tamnguyen.vn\/dulich16\/san-pham\/nhat-ban-tokyo-nagoya-kyoto-osaka\/","url":"https:\/\/mauweb.tamnguyen.vn\/dulich16\/san-pham\/nhat-ban-tokyo-nagoya-kyoto-osaka\/","name":"NH\u1eacT B\u1ea2N: TOKYO - NAGOYA - KYOTO - OSAKA - dulich16","isPartOf":{"@id":"https:\/\/mauweb.tamnguyen.vn\/dulich16\/#website"},"datePublished":"2022-05-03T07:54:34+00:00","dateModified":"2022-05-03T07:54:34+00:00","breadcrumb":{"@id":"https:\/\/mauweb.tamnguyen.vn\/dulich16\/san-pham\/nhat-ban-tokyo-nagoya-kyoto-osaka\/#breadcrumb"},"inLanguage":"vi","potentialAction":[{"@type":"ReadAction","target":["https:\/\/mauweb.tamnguyen.vn\/dulich16\/san-pham\/nhat-ban-tokyo-nagoya-kyoto-osaka\/"]}]},{"@type":"BreadcrumbList","@id":"https:\/\/mauweb.tamnguyen.vn\/dulich16\/san-pham\/nhat-ban-tokyo-nagoya-kyoto-osaka\/#breadcrumb","itemListElement":[{"@type":"ListItem","position":1,"name":"Trang ch\u1ee7","item":"https:\/\/mauweb.tamnguyen.vn\/dulich16\/"},{"@type":"ListItem","position":2,"name":"Shop","item":"https:\/\/mauweb.tamnguyen.vn\/dulich16\/shop\/"},{"@type":"ListItem","position":3,"name":"NH\u1eacT B\u1ea2N: TOKYO &#8211; NAGOYA &#8211; KYOTO &#8211; OSAKA"}]},{"@type":"WebSite","@id":"https:\/\/mauweb.tamnguyen.vn\/dulich16\/#website","url":"https:\/\/mauweb.tamnguyen.vn\/dulich16\/","name":"dulich16","description":"","potentialAction":[{"@type":"SearchAction","target":{"@type":"EntryPoint","urlTemplate":"https:\/\/mauweb.tamnguyen.vn\/dulich16\/?s={search_term_string}"},"query-input":"required name=search_term_string"}],"inLanguage":"vi"}]}},"_links":{"self":[{"href":"https:\/\/mauweb.tamnguyen.vn\/dulich16\/wp-json\/wp\/v2\/product\/1262"}],"collection":[{"href":"https:\/\/mauweb.tamnguyen.vn\/dulich16\/wp-json\/wp\/v2\/product"}],"about":[{"href":"https:\/\/mauweb.tamnguyen.vn\/dulich16\/wp-json\/wp\/v2\/types\/product"}],"replies":[{"embeddable":true,"href":"https:\/\/mauweb.tamnguyen.vn\/dulich16\/wp-json\/wp\/v2\/comments?post=1262"}],"wp:featuredmedia":[{"embeddable":true,"href":"https:\/\/mauweb.tamnguyen.vn\/dulich16\/wp-json\/wp\/v2\/media\/1263"}],"wp:attachment":[{"href":"https:\/\/mauweb.tamnguyen.vn\/dulich16\/wp-json\/wp\/v2\/media?parent=1262"}],"wp:term":[{"taxonomy":"product_cat","embeddable":true,"href":"https:\/\/mauweb.tamnguyen.vn\/dulich16\/wp-json\/wp\/v2\/product_cat?post=1262"},{"taxonomy":"product_tag","embeddable":true,"href":"https:\/\/mauweb.tamnguyen.vn\/dulich16\/wp-json\/wp\/v2\/product_tag?post=1262"}],"curies":[{"name":"wp","href":"https:\/\/api.w.org\/{rel}","templated":true}]}}