{"id":1244,"date":"2022-05-03T04:41:46","date_gmt":"2022-05-03T04:41:46","guid":{"rendered":"http:\/\/mau2.maudep.com.vn\/dulich\/?post_type=product&#038;p=1244"},"modified":"2022-05-04T03:08:48","modified_gmt":"2022-05-04T03:08:48","slug":"maldives","status":"publish","type":"product","link":"https:\/\/mauweb.tamnguyen.vn\/dulich16\/san-pham\/maldives\/","title":{"rendered":"MALDIVES"},"content":{"rendered":"<p><a class=\"toggle act-accordion-mobile act-accordion\">NG\u00c0Y 1: H\u00c0 N\u1ed8I \u2013 SINGAPORE \u2013 TH\u1ee6 \u0110\u00d4 MALE<\/a><\/p>\n<p><img decoding=\"async\" class=\"aligncenter\" src=\"https:\/\/t4.ftcdn.net\/jpg\/01\/35\/91\/47\/360_F_135914796_27CS6VItSYJK7LVL0ZVWm7boLOm1Y5UQ.jpg\" alt=\"Male Maldives Images \u2013 Browse 13,992 Stock Photos, Vectors, and Video | Adobe Stock\" \/><\/p>\n<div class=\"accordion-inner accordion-inner-mobile visible\">\n<p>Qu\u00fd kh\u00e1ch t\u1ef1 t\u00fac ra s\u00e2n bay N\u1ed9i B\u00e0i \u0111\u00e1p chuy\u1ebfn bay \u0111i Maldives (d\u1eebng ch\u00e2n t\u1ea1i Singapore)<strong>:<\/strong><\/p>\n<p>1 SQ 175N 21SEP 6 HANSIN*SS1\u00a0 1235\u00a0 1705\u00a0 \/DCSQ \/E<\/p>\n<p>2 SQ 452N 21SEP 6 SINMLE*SS1\u00a0 2045\u00a0 2210\u00a0 \/DCSQ \/E<\/p>\n<p>\u0110\u1ebfn th\u1ee7 \u0111\u00f4 Male, Qu\u00fd kh\u00e1ch l\u00e0 th\u1ee7 t\u1ee5c nh\u1eadp c\u1ea3nh. Xe \u0111\u00f3n qu\u00fd kh\u00e1ch v\u1ec1 kh\u00e1ch s\u1ea1n nh\u1eadn ph\u00f2ng, ngh\u1ec9 ng\u01a1i.<\/p>\n<p><strong>Ngh\u1ec9 \u0111\u00eam t\u1ea1i kh\u00e1ch s\u1ea1n 3* \u1edf Huhulmale<\/strong>.<\/p>\n<p><a class=\"toggle act-accordion-mobile act-accordion\">NG\u00c0Y 2: KH\u00c1M PH\u00c1 MALDIVES<\/a><\/p>\n<p><img decoding=\"async\" class=\"aligncenter\" src=\"https:\/\/media-cdn.tripadvisor.com\/media\/photo-s\/1b\/f4\/64\/09\/aerial-view.jpg\" alt=\"10 Resort tr\u1ecdn g\u00f3i t\u1ea1i Maldives - Tripadvisor\" \/><\/p>\n<div class=\"accordion-inner accordion-inner-mobile \">\n<p><strong>S\u00e1ng:<\/strong>\u00a0Sau b\u1eefa s\u00e1ng, Qu\u00fd kh\u00e1ch l\u00e0m th\u1ee7 t\u1ee5c tr\u1ea3 ph\u00f2ng. Qu\u00fd kh\u00e1ch di chuy\u1ec3n \u0111\u1ebfn Resort b\u1eb1ng t\u00e0u cao t\u1ed1c. \u0110\u1ebfn resort, l\u00e0m th\u1ee7 t\u1ee5c nh\u1eadn ph\u00f2ng.<\/p>\n<p>B\u1eaft \u0111\u1ea7u t\u1ef1 do kh\u00e1m ph\u00e1 v\u00f9ng bi\u1ec3n Maldives \u2013 V\u00f9ng \u0111\u1ea5t \u0111\u01b0\u1ee3c m\u1ec7nh danh l\u00e0 Thi\u00ean \u0111\u01b0\u1eddng n\u01a1i H\u1ea1 gi\u1edbi \u2013 v\u1edbi m\u00e0u s\u1eafc bi\u1ec3n chuy\u1ec3n \u0111\u1ed5i t\u1eeb m\u00e0u xanh ng\u1ecdc b\u00edch sang m\u00e0u xanh l\u01a1, r\u1ed3i sang m\u00e0u t\u00edm s\u1eabm t\u00f9y theo \u0111\u1ed9 s\u00e2u c\u1ee7a bi\u1ec3n lu\u00f4n l\u00e0 \u0111i\u1ec3m nh\u1eafn c\u1ee7a v\u00f9ng \u0111\u1ea5t n\u00e0y. Ho\u1eb7c Qu\u00fd kh\u00e1ch l\u1ef1a ch\u1ecdn tham gia c\u00e1c ho\u1ea1t \u0111\u1ed9ng tr\u00ean \u0111\u1ea3o (Chi ph\u00ed t\u1ef1 t\u00fac)<\/p>\n<ul>\n<li>L\u1eb7n bi\u1ec3n ng\u1eafm san h\u00f4 ho\u1eb7c tham d\u1ef1 c\u00e1c l\u1edbp h\u1ecdc l\u1eb7n:<\/li>\n<li>C\u00e1c ch\u01b0\u01a1ng tr\u00ecnh tham quan \u0111\u1ea3o v\u00e0o ban \u0111\u00eam.<\/li>\n<li>C\u00e2u c\u00e1, ng\u1eafm c\u00e1 heo.<\/li>\n<li>Th\u01b0\u1edfng th\u1ee9c c\u00e1c d\u1ecbch v\u1ee5 th\u01b0 gi\u00e3n Spa.<\/li>\n<li>L\u01b0\u1edbt s\u00f3ng ch\u00e8o thuy\u1ec1n Kayak tr\u00ean bi\u1ec3n.<\/li>\n<\/ul>\n<p><strong>Chi\u1ec1u:<\/strong>\u00a0Sau b\u1eefa tr\u01b0a, Qu\u00fd kh\u00e1ch ti\u1ebfp t\u1ee5c ngh\u1ec9 ng\u01a1i, vui ch\u01a1i.<\/p>\n<p><strong>Ngh\u1ec9 \u0111\u00eam t\u1ea1i Resort Adaaran Select Hudhuran Fushi 4*<\/strong><\/p>\n<p><a class=\"toggle act-accordion-mobile act-accordion\">NG\u00c0Y 3: KH\u00c1M PH\u00c1 MALDIVES<\/a><\/p>\n<div class=\"accordion-inner accordion-inner-mobile \">\n<p>Sau b\u1eefa s\u00e1ng, qu\u00fd kh\u00e1ch t\u1ef1 do kh\u00e1m ph\u00e1 v\u00f9ng bi\u1ec3n Maldives \u2013 V\u00f9ng \u0111\u1ea5t \u0111\u01b0\u1ee3c m\u1ec7nh danh l\u00e0 Thi\u00ean \u0111\u01b0\u1eddng n\u01a1i H\u1ea1 gi\u1edbi \u2013 v\u1edbi m\u00e0u s\u1eafc bi\u1ec3n chuy\u1ec3n \u0111\u1ed5i t\u1eeb m\u00e0u xanh ng\u1ecdc b\u00edch sang m\u00e0u xanh l\u01a1, r\u1ed3i sang m\u00e0u t\u00edm s\u1eabm t\u00f9y theo \u0111\u1ed9 s\u00e2u c\u1ee7a bi\u1ec3n lu\u00f4n l\u00e0 \u0111i\u1ec3m nh\u1eafn c\u1ee7a v\u00f9ng \u0111\u1ea5t n\u00e0y. Ho\u1eb7c Qu\u00fd kh\u00e1ch l\u1ef1a ch\u1ecdn tham gia c\u00e1c ho\u1ea1t \u0111\u1ed9ng tr\u00ean \u0111\u1ea3o (Chi ph\u00ed t\u1ef1 t\u00fac)<\/p>\n<p>Sau b\u1eefa tr\u01b0a, Qu\u00fd kh\u00e1ch ti\u1ebfp t\u1ee5c ngh\u1ec9 ng\u01a1i, vui ch\u01a1i.<\/p>\n<p><strong>Ngh\u1ec9 \u0111\u00eam t\u1ea1i Resort Adaaran Select Hudhuran Fushi 4*<\/strong><\/p>\n<p><a class=\"toggle act-accordion-mobile act-accordion\">NG\u00c0Y 4: MALE &#8211; SINGAPORE<\/a><\/p>\n<p><img decoding=\"async\" class=\"aligncenter\" src=\"https:\/\/upload.wikimedia.org\/wikipedia\/commons\/thumb\/2\/27\/Male%27_Sultan_Park_04.jpg\/640px-Male%27_Sultan_Park_04.jpg\" alt=\"File:Male' Sultan Park 04.jpg - Wikimedia Commons\" \/><\/p>\n<div class=\"accordion-inner accordion-inner-mobile \">\n<p>Sau b\u1eefa s\u00e1ng, Qu\u00fd kh\u00e1ch t\u1ef1 do tham quan, ngh\u1ec9 ng\u01a1i.\u00a0 Sau b\u1eefa tr\u01b0a, Qu\u00fd kh\u00e1ch l\u00e0m th\u1ee7 t\u1ee5c tr\u1ea3 ph\u00f2ng kh\u00e1ch s\u1ea1n.<\/p>\n<p>Qu\u00fd kh\u00e1ch l\u00ean t\u00e0u cao t\u1ed1c v\u00e0 kh\u1edfi h\u00e0nh v\u1ec1\u00a0<strong>Th\u1ee7 \u0111\u00f4<\/strong>\u00a0<strong>Male<\/strong>\u00a0Qu\u00fd kh\u00e1ch \u0111i tham quan:<\/p>\n<ul>\n<li><strong>C\u00f4ng vi\u00ean Sultan Park:\u00a0<\/strong>M\u1ed9t c\u00f4ng vi\u00ean xinh \u0111\u1eb9p t\u1eebng l\u00e0 m\u1ed9t t\u00f2a cung \u0111i\u1ec7n t\u1ea1i Maldives.<\/li>\n<li><strong>Th\u00e1nh \u0111\u01b0\u1eddng h\u1ed3i gi\u00e1o Islamic Center:\u00a0<\/strong>\u0110i\u1ec3m nh\u1ea5n v\u1ec1 ki\u1ebfn tr\u00fac v\u00e0 t\u00f4n gi\u00e1o tr\u00ean \u0111\u1ea3o Maldives c\u00f3 s\u1ee9c ch\u1ee9a \u0111\u1ebfn 5000 t\u00edn \u0111\u1ed3.<\/li>\n<li><strong>Ch\u1ee3 C\u00e1 v\u00e0 Vege, c\u00e1c trung t\u00e2m shopping:\u00a0<\/strong>Qu\u00fd kh\u00e1ch h\u00f2a m\u00ecnh v\u00e0o cu\u1ed9c s\u1ed1ng th\u01b0\u1eddng nh\u1eadt c\u1ee7a ng\u01b0\u1eddi d\u00e2n \u0111\u1ecba ph\u01b0\u01a1ng. \u0110\u1ed3ng th\u1eddi mua s\u1eafm nh\u1eefng m\u00f3n qu\u00e0 l\u01b0u ni\u1ec7m trong chuy\u1ebfn \u0111i.<\/li>\n<\/ul>\n<p>Qu\u00fd kh\u00e1ch t\u1eadp trung \u0111\u1ec3 xe \u0111\u01b0a ra s\u00e2n bay \u0111\u00e1p chuy\u1ebfn bay\u00a0<strong>SQ 451 (23h25 \u2013 07h10)<\/strong>\u00a0v\u1ec1\u00a0<strong>Singapore.<\/strong><\/p>\n<p><strong>Ngh\u1ec9 \u0111\u00eam tr\u00ean m\u00e1y bay.<\/strong><\/p>\n<p><a class=\"toggle act-accordion-mobile act-accordion\">NG\u00c0Y 5: SINGAPORE \u2013 H\u00c0 N\u1ed8I<\/a><\/p>\n<div class=\"accordion-inner accordion-inner-mobile \">\n<p><strong>07h10\u2019<\/strong>\u00a0\u0111\u1ebfn\u00a0<strong>Singapore<\/strong>, Qu\u00fd kh\u00e1ch \u0111\u00e1p ti\u1ebfp chuy\u1ebfn bay\u00a0<strong>SQ 176 (09h20 \u2013 11h40)<\/strong>\u00a0v\u1ec1\u00a0<strong>H\u00e0 N\u1ed9i.<\/strong><\/p>\n<p>K\u1ebft th\u00fac ch\u01b0\u01a1ng tr\u00ecnh.<\/p>\n<div class=\"list-single-main-item-title fl-wrap\">\n<h3>Th\u00f4ng tin chi ti\u1ebft<\/h3>\n<\/div>\n<div id=\"noi_dung\">\n<p><strong>D\u1ecaCH V\u1ee4 BAO G\u1ed2M:<\/strong><\/p>\n<ul>\n<li>02 \u0110\u00eam ngh\u1ec9 t\u1ea1i Khu ngh\u1ec9 d\u01b0\u1ee1ng\u00a0<strong>Resort Adaaran Select Hudhuran Fushi\u00a0<\/strong>\u0111\u1ea1t ti\u00eau chu\u1ea9n qu\u1ed1c t\u1ebf 4* (02 ng\u01b0\u1eddi\/ph\u00f2ng, l\u1ebb ngh\u1ec9 ph\u00f2ng 3)<\/li>\n<li>01 \u0110\u00eam ngh\u1ec9 t\u1ea1i Hotel g\u1ea7n s\u00e2n bay Male<\/li>\n<li>V\u00e9 m\u00e1y bay\u00a0 h\u00e0nh tr\u00ecnh H\u00e0 N\u1ed9i \u2013 Maldives \u2013 H\u00e0 N\u1ed9i (H\u00e0ng kh\u00f4ng Singapore)<\/li>\n<li>H\u01b0\u1edbng d\u1eabn vi\u00ean Ti\u1ebfng Anh \u0111\u00f3n ti\u1ec5n s\u00e2n bay Male<\/li>\n<li>H\u01b0\u1edbng d\u1eabn vi\u00ean chuy\u00ean nghi\u1ec7p theo \u0111o\u00e0n su\u1ed1t tuy\u1ebfn t\u1eeb Vi\u1ec7t Nam<\/li>\n<li>T\u00e0u cao t\u1ed1c \u0111\u01b0a \u0111\u00f3n \u0111\u1ebfn Resort<\/li>\n<li>C\u00e1c b\u1eefa \u0103n theo ch\u01b0\u01a1ng tr\u00ecnh: 2 b\u1eefa s\u00e1ng, 5 b\u1eefa ch\u00ednh g\u00f3i All Inclusive t\u1ea1i Resort(G\u00f3i \u0111\u1ed3 u\u1ed1ng, bia, r\u01b0\u1ee3u, n\u01b0\u1edbc ng\u1ecdt kh\u00f4ng gi\u1edbi h\u1ea1n).<\/li>\n<li>1 b\u1eefa s\u00e1ng t\u1ea1i kh\u00e1ch s\u1ea1n 3* Th\u1ee7 \u0111\u00f4 Male<\/li>\n<li>1 b\u1eefa t\u1ed1i ng\u00e0y v\u1ec1 t\u1ea1i th\u1ee7 \u0111\u00f4 male<\/li>\n<li>Thu\u1ebf s\u00e2n bay qu\u1ed1c t\u1ebf hai n\u01b0\u1edbc v\u00e0 l\u1ec7 ph\u00ed an ninh h\u00e0ng kh\u00f4ng v\u00e0 ph\u1ee5 ph\u00ed x\u0103ng d\u1ea7u.<br \/>\nTour tham quan th\u1ee7 \u0111\u00f4 Male trong v\u00f2ng 2h v\u00e0o ban ng\u00e0y<\/li>\n<\/ul>\n<p><strong>D\u1ecaCH V\u1ee4 CH\u01afA BAO G\u1ed2M:<\/strong><\/p>\n<ul>\n<li>L\u1ec7 ph\u00ed h\u1ed9 chi\u1ebfu, ti\u1ec1n \u0111i\u1ec7n tho\u1ea1i, ti\u1ec1n gi\u1eb7t, h\u00e0nh l\u00fd qu\u00e1 c\u01b0\u1edbc qui \u0111\u1ecbnh, chi ph\u00ed c\u00e1 nh\u00e2n.<\/li>\n<li>Ti\u1ec1n tip cho HDV v\u00e0 l\u00e1i xe.<\/li>\n<li>Ph\u01b0\u01a1ng ti\u1ec7n v\u1eadn chuy\u1ec3n ngo\u00e0i gi\u1edd.<\/li>\n<li>Ti\u1ec1n khu\u00e2n v\u00e1c vali c\u1ee7a t\u00e0i x\u1ebf ho\u1eb7c nh\u00e2n vi\u00ean g\u00e1c c\u1eeda kh\u00e1ch s\u1ea1n.<\/li>\n<li>H\u01b0\u1edbng d\u1eabn vi\u00ean ti\u1ebfng Vi\u1ec7t su\u1ed1t tuy\u1ebfn t\u1eeb Vi\u1ec7t Nam.<\/li>\n<li>Xe \u00f4 t\u00f4 \u0111\u1eddi m\u1edbi \u0111\u00f3n ti\u1ec5n s\u00e2n bay t\u1ea1i Vi\u1ec7t Nam.<\/li>\n<li>H\u01b0\u1edbng d\u1eabn vi\u00ean t\u1ea1i \u0111\u1ecba ph\u01b0\u01a1ng.<\/li>\n<\/ul>\n<p>L\u01afU \u00dd:<\/p>\n<ul>\n<li>B\u00e1o gi\u00e1 \u00e1p d\u1ee5ng cho \u0111o\u00e0n t\u1eeb 10 kh\u00e1ch ng\u01b0\u1eddi l\u1edbn tr\u1edf l\u00ean, tr\u01b0\u1eddng h\u1ee3p \u0111o\u00e0n \u00edt h\u01a1n 10 kh\u00e1ch ng\u01b0\u1eddi l\u1edbn gi\u00e1 s\u1ebd \u0111\u01b0\u1ee3c \u0111i\u1ec1u ch\u1ec9nh l\u1ea1i.<\/li>\n<li>\u0110i\u1ec3m tham quan c\u00f3 th\u1ec3 s\u1ebd \u0111\u1ea3o th\u1eddi gian do c\u00e1c y\u1ebfu t\u1ed1 kh\u00e1ch quan, s\u1ed1 l\u01b0\u1ee3ng \u0111i\u1ec3m tham quan kh\u00f4ng thay \u0111\u1ed5i.<\/li>\n<li>B\u00e1o gi\u00e1 n\u00e0y c\u0103n c\u1ee9 tr\u00ean gi\u00e1 d\u1ecbch v\u1ee5 v\u00e0 v\u00e9 m\u00e1y bay t\u1ea1i th\u1eddi \u0111i\u1ec3m b\u00e1o gi\u00e1, ch\u01b0a c\u00f3 d\u1ecbch v\u1ee5 n\u00e0o ch\u00ednh th\u1ee9c \u0111\u01b0\u1ee3c \u0111\u1eb7t cho \u0111\u1ebfn khi c\u00f3 s\u1ef1 x\u00e1c nh\u1eadn c\u1ee7a Qu\u00fd kh\u00e1ch. Gi\u00e1 v\u00e9 m\u00e1y bay v\u00e0 d\u1ecbch v\u1ee5 c\u00f3 th\u1ec3 thay \u0111\u1ed5i theo t\u1eebng th\u1eddi \u0111i\u1ec3m kh\u00e1c nhau. Hoang Long Tourist khuy\u1ebfn kh\u00edch Qu\u00fd kh\u00e1ch g\u1eedi danh s\u00e1ch \u0111o\u00e0n v\u00e0 \u0111\u1eb7t d\u1ecbch v\u1ee5 s\u1edbm nh\u1eb1m tr\u00e1nh t\u00ecnh tr\u1ea1ng c\u0103ng th\u1eb3ng v\u00e9 m\u00e1y bay.<\/li>\n<li>Hoang Long Tourist \u0111\u01b0\u1ee3c ph\u00e9p thay \u0111\u1ed5i c\u00e1c h\u00e3ng h\u00e0ng kh\u00f4ng kh\u00e1c nhau \u0111\u1ec3 cung \u1ee9ng \u0111\u1ee7 s\u1ed1 l\u01b0\u1ee3ng ch\u1ed7 cho \u0111o\u00e0n sau khi qu\u00fd kh\u00e1ch ch\u00ednh th\u1ee9c \u0111\u1eb7t d\u1ecbch v\u1ee5.<\/li>\n<li>H\u00e0nh l\u00fd: Kh\u00e1ch du l\u1ecbch xem \u0111i\u1ec1u ki\u1ec7n chi ti\u1ebft \u0111\u01b0\u1ee3c c\u00f4ng b\u1ed1 c\u00f4ng khai tr\u00ean m\u1ea1ng c\u1ee7a m\u1ed7i h\u00e3ng h\u00e0ng kh\u00f4ng m\u00e0 qu\u00fd kh\u00e1ch s\u1eed d\u1ee5ng.<\/li>\n<li>B\u00e1o gi\u00e1 \u00e1p d\u1ee5ng cho kh\u00e1ch h\u00e0ng t\u1eeb 12 \u2013 69 tu\u1ed5i. Qu\u00fd kh\u00e1ch t\u1eeb 70 tu\u1ed5i \u0111\u1ebfn d\u01b0\u1edbi 75 tu\u1ed5i y\u00eau c\u1ea7u k\u00fd cam k\u1ebft s\u1ee9c kho\u1ebb v\u1edbi c\u00f4ng ty. Qu\u00fd kh\u00e1ch t\u1eeb 75 tu\u1ed5i tr\u1edf l\u00ean y\u00eau c\u1ea7u ph\u1ea3i c\u00f3 gi\u1ea5y x\u00e1c nh\u1eadn \u0111\u1ea7y \u0111\u1ee7 s\u1ee9c kho\u1ebb \u0111\u1ec3 \u0111i du l\u1ecbch n\u01b0\u1edbc ngo\u00e0i do b\u00e1c s\u0129 c\u1ea5p + gi\u1ea5y cam k\u1ebft s\u1ee9c kho\u1ebb v\u1edbi c\u00f4ng ty. Y\u00eau c\u1ea7u ph\u1ea3i c\u00f3 ng\u01b0\u1eddi th\u00e2n d\u01b0\u1edbi 60 tu\u1ed5i (\u0111\u1ee7 s\u1ee9c kho\u1ebb) \u0111i theo. Ngo\u00e0i ra, kh\u00e1ch tr\u00ean 75 tu\u1ed5i khuy\u1ebfn kh\u00edch \u0111\u00f3ng th\u00eam ph\u00ed b\u1ea3o hi\u1ec3m cao c\u1ea5p (ph\u00ed thay \u0111\u1ed5i tu\u1ef3 theo tour).<\/li>\n<li>Qu\u00fd kh\u00e1ch mang thai xin vui l\u00f2ng b\u00e1o cho nh\u00e2n vi\u00ean b\u00e1n tour ngay t\u1ea1i th\u1eddi \u0111i\u1ec3m \u0111\u0103ng k\u00fd \u0111\u1ec3 \u0111\u01b0\u1ee3c t\u01b0 v\u1ea5n th\u00eam th\u00f4ng tin. Qu\u00fd kh\u00e1ch c\u00f3 thai 5 th\u00e1ng tr\u1edf l\u00ean kh\u00f4ng n\u00ean tham gia v\u00ec l\u00fd do an to\u00e0n.<\/li>\n<\/ul>\n<\/div>\n<\/div>\n<\/div>\n<\/div>\n<\/div>\n<\/div>\n","protected":false},"excerpt":{"rendered":"<p>NG\u00c0Y 1: H\u00c0 N\u1ed8I \u2013 SINGAPORE \u2013 TH\u1ee6 \u0110\u00d4 MALE Qu\u00fd kh\u00e1ch t\u1ef1 t\u00fac ra s\u00e2n bay N\u1ed9i B\u00e0i \u0111\u00e1p chuy\u1ebfn bay \u0111i Maldives (d\u1eebng ch\u00e2n t\u1ea1i Singapore): 1 SQ 175N 21SEP 6 HANSIN*SS1\u00a0 1235\u00a0 1705\u00a0 \/DCSQ \/E 2 SQ 452N 21SEP 6 SINMLE*SS1\u00a0 2045\u00a0 2210\u00a0 \/DCSQ \/E \u0110\u1ebfn th\u1ee7 \u0111\u00f4 Male, Qu\u00fd kh\u00e1ch l\u00e0 [&#8230;]\n","protected":false},"featured_media":1245,"comment_status":"open","ping_status":"closed","template":"","meta":[],"product_cat":[109,115],"product_tag":[],"class_list":["post-1244","product","type-product","status-publish","has-post-thumbnail","hentry","product_cat-san-pham-ban-chay","product_cat-tour-quoc-te"],"acf":[],"yoast_head":"<!-- This site is optimized with the Yoast SEO plugin v19.7.2 - https:\/\/yoast.com\/wordpress\/plugins\/seo\/ -->\n<title>MALDIVES - dulich16<\/title>\n<meta name=\"robots\" content=\"noindex, follow, max-snippet:-1, max-image-preview:large, max-video-preview:-1\" \/>\n<meta property=\"og:locale\" content=\"vi_VN\" \/>\n<meta property=\"og:type\" content=\"article\" \/>\n<meta property=\"og:title\" content=\"MALDIVES - dulich16\" \/>\n<meta property=\"og:description\" content=\"NG\u00c0Y 1: H\u00c0 N\u1ed8I \u2013 SINGAPORE \u2013 TH\u1ee6 \u0110\u00d4 MALE Qu\u00fd kh\u00e1ch t\u1ef1 t\u00fac ra s\u00e2n bay N\u1ed9i B\u00e0i \u0111\u00e1p chuy\u1ebfn bay \u0111i Maldives (d\u1eebng ch\u00e2n t\u1ea1i Singapore): 1 SQ 175N 21SEP 6 HANSIN*SS1\u00a0 1235\u00a0 1705\u00a0 \/DCSQ \/E 2 SQ 452N 21SEP 6 SINMLE*SS1\u00a0 2045\u00a0 2210\u00a0 \/DCSQ \/E \u0110\u1ebfn th\u1ee7 \u0111\u00f4 Male, Qu\u00fd kh\u00e1ch l\u00e0 [...]\" \/>\n<meta property=\"og:url\" content=\"https:\/\/mauweb.tamnguyen.vn\/dulich16\/san-pham\/maldives\/\" \/>\n<meta property=\"og:site_name\" content=\"dulich16\" \/>\n<meta property=\"article:modified_time\" content=\"2022-05-04T03:08:48+00:00\" \/>\n<meta property=\"og:image\" content=\"https:\/\/mauweb.tamnguyen.vn\/dulich16\/wp-content\/uploads\/2022\/05\/kinh-nghiem-du-lich-maldives-1.jpg\" \/>\n\t<meta property=\"og:image:width\" content=\"640\" \/>\n\t<meta property=\"og:image:height\" content=\"266\" \/>\n\t<meta property=\"og:image:type\" content=\"image\/jpeg\" \/>\n<meta name=\"twitter:card\" content=\"summary_large_image\" \/>\n<meta name=\"twitter:label1\" content=\"\u01af\u1edbc t\u00ednh th\u1eddi gian \u0111\u1ecdc\" \/>\n\t<meta name=\"twitter:data1\" content=\"8 ph\u00fat\" \/>\n<script type=\"application\/ld+json\" class=\"yoast-schema-graph\">{\"@context\":\"https:\/\/schema.org\",\"@graph\":[{\"@type\":\"WebPage\",\"@id\":\"https:\/\/mauweb.tamnguyen.vn\/dulich16\/san-pham\/maldives\/\",\"url\":\"https:\/\/mauweb.tamnguyen.vn\/dulich16\/san-pham\/maldives\/\",\"name\":\"MALDIVES - dulich16\",\"isPartOf\":{\"@id\":\"https:\/\/mauweb.tamnguyen.vn\/dulich16\/#website\"},\"datePublished\":\"2022-05-03T04:41:46+00:00\",\"dateModified\":\"2022-05-04T03:08:48+00:00\",\"breadcrumb\":{\"@id\":\"https:\/\/mauweb.tamnguyen.vn\/dulich16\/san-pham\/maldives\/#breadcrumb\"},\"inLanguage\":\"vi\",\"potentialAction\":[{\"@type\":\"ReadAction\",\"target\":[\"https:\/\/mauweb.tamnguyen.vn\/dulich16\/san-pham\/maldives\/\"]}]},{\"@type\":\"BreadcrumbList\",\"@id\":\"https:\/\/mauweb.tamnguyen.vn\/dulich16\/san-pham\/maldives\/#breadcrumb\",\"itemListElement\":[{\"@type\":\"ListItem\",\"position\":1,\"name\":\"Trang ch\u1ee7\",\"item\":\"https:\/\/mauweb.tamnguyen.vn\/dulich16\/\"},{\"@type\":\"ListItem\",\"position\":2,\"name\":\"Shop\",\"item\":\"https:\/\/mauweb.tamnguyen.vn\/dulich16\/shop\/\"},{\"@type\":\"ListItem\",\"position\":3,\"name\":\"MALDIVES\"}]},{\"@type\":\"WebSite\",\"@id\":\"https:\/\/mauweb.tamnguyen.vn\/dulich16\/#website\",\"url\":\"https:\/\/mauweb.tamnguyen.vn\/dulich16\/\",\"name\":\"dulich16\",\"description\":\"\",\"potentialAction\":[{\"@type\":\"SearchAction\",\"target\":{\"@type\":\"EntryPoint\",\"urlTemplate\":\"https:\/\/mauweb.tamnguyen.vn\/dulich16\/?s={search_term_string}\"},\"query-input\":\"required name=search_term_string\"}],\"inLanguage\":\"vi\"}]}<\/script>\n<!-- \/ Yoast SEO plugin. -->","yoast_head_json":{"title":"MALDIVES - dulich16","robots":{"index":"noindex","follow":"follow","max-snippet":"max-snippet:-1","max-image-preview":"max-image-preview:large","max-video-preview":"max-video-preview:-1"},"og_locale":"vi_VN","og_type":"article","og_title":"MALDIVES - dulich16","og_description":"NG\u00c0Y 1: H\u00c0 N\u1ed8I \u2013 SINGAPORE \u2013 TH\u1ee6 \u0110\u00d4 MALE Qu\u00fd kh\u00e1ch t\u1ef1 t\u00fac ra s\u00e2n bay N\u1ed9i B\u00e0i \u0111\u00e1p chuy\u1ebfn bay \u0111i Maldives (d\u1eebng ch\u00e2n t\u1ea1i Singapore): 1 SQ 175N 21SEP 6 HANSIN*SS1\u00a0 1235\u00a0 1705\u00a0 \/DCSQ \/E 2 SQ 452N 21SEP 6 SINMLE*SS1\u00a0 2045\u00a0 2210\u00a0 \/DCSQ \/E \u0110\u1ebfn th\u1ee7 \u0111\u00f4 Male, Qu\u00fd kh\u00e1ch l\u00e0 [...]","og_url":"https:\/\/mauweb.tamnguyen.vn\/dulich16\/san-pham\/maldives\/","og_site_name":"dulich16","article_modified_time":"2022-05-04T03:08:48+00:00","og_image":[{"width":640,"height":266,"url":"https:\/\/mauweb.tamnguyen.vn\/dulich16\/wp-content\/uploads\/2022\/05\/kinh-nghiem-du-lich-maldives-1.jpg","type":"image\/jpeg"}],"twitter_card":"summary_large_image","twitter_misc":{"\u01af\u1edbc t\u00ednh th\u1eddi gian \u0111\u1ecdc":"8 ph\u00fat"},"schema":{"@context":"https:\/\/schema.org","@graph":[{"@type":"WebPage","@id":"https:\/\/mauweb.tamnguyen.vn\/dulich16\/san-pham\/maldives\/","url":"https:\/\/mauweb.tamnguyen.vn\/dulich16\/san-pham\/maldives\/","name":"MALDIVES - dulich16","isPartOf":{"@id":"https:\/\/mauweb.tamnguyen.vn\/dulich16\/#website"},"datePublished":"2022-05-03T04:41:46+00:00","dateModified":"2022-05-04T03:08:48+00:00","breadcrumb":{"@id":"https:\/\/mauweb.tamnguyen.vn\/dulich16\/san-pham\/maldives\/#breadcrumb"},"inLanguage":"vi","potentialAction":[{"@type":"ReadAction","target":["https:\/\/mauweb.tamnguyen.vn\/dulich16\/san-pham\/maldives\/"]}]},{"@type":"BreadcrumbList","@id":"https:\/\/mauweb.tamnguyen.vn\/dulich16\/san-pham\/maldives\/#breadcrumb","itemListElement":[{"@type":"ListItem","position":1,"name":"Trang ch\u1ee7","item":"https:\/\/mauweb.tamnguyen.vn\/dulich16\/"},{"@type":"ListItem","position":2,"name":"Shop","item":"https:\/\/mauweb.tamnguyen.vn\/dulich16\/shop\/"},{"@type":"ListItem","position":3,"name":"MALDIVES"}]},{"@type":"WebSite","@id":"https:\/\/mauweb.tamnguyen.vn\/dulich16\/#website","url":"https:\/\/mauweb.tamnguyen.vn\/dulich16\/","name":"dulich16","description":"","potentialAction":[{"@type":"SearchAction","target":{"@type":"EntryPoint","urlTemplate":"https:\/\/mauweb.tamnguyen.vn\/dulich16\/?s={search_term_string}"},"query-input":"required name=search_term_string"}],"inLanguage":"vi"}]}},"_links":{"self":[{"href":"https:\/\/mauweb.tamnguyen.vn\/dulich16\/wp-json\/wp\/v2\/product\/1244"}],"collection":[{"href":"https:\/\/mauweb.tamnguyen.vn\/dulich16\/wp-json\/wp\/v2\/product"}],"about":[{"href":"https:\/\/mauweb.tamnguyen.vn\/dulich16\/wp-json\/wp\/v2\/types\/product"}],"replies":[{"embeddable":true,"href":"https:\/\/mauweb.tamnguyen.vn\/dulich16\/wp-json\/wp\/v2\/comments?post=1244"}],"wp:featuredmedia":[{"embeddable":true,"href":"https:\/\/mauweb.tamnguyen.vn\/dulich16\/wp-json\/wp\/v2\/media\/1245"}],"wp:attachment":[{"href":"https:\/\/mauweb.tamnguyen.vn\/dulich16\/wp-json\/wp\/v2\/media?parent=1244"}],"wp:term":[{"taxonomy":"product_cat","embeddable":true,"href":"https:\/\/mauweb.tamnguyen.vn\/dulich16\/wp-json\/wp\/v2\/product_cat?post=1244"},{"taxonomy":"product_tag","embeddable":true,"href":"https:\/\/mauweb.tamnguyen.vn\/dulich16\/wp-json\/wp\/v2\/product_tag?post=1244"}],"curies":[{"name":"wp","href":"https:\/\/api.w.org\/{rel}","templated":true}]}}