{"id":1231,"date":"2022-05-03T03:48:30","date_gmt":"2022-05-03T03:48:30","guid":{"rendered":"http:\/\/mau2.maudep.com.vn\/dulich\/?post_type=product&#038;p=1231"},"modified":"2022-05-03T03:48:30","modified_gmt":"2022-05-03T03:48:30","slug":"singapore-dao-sentosa","status":"publish","type":"product","link":"https:\/\/mauweb.tamnguyen.vn\/dulich16\/san-pham\/singapore-dao-sentosa\/","title":{"rendered":"SINGAPORE \u2013 \u0110\u1ea2O SENTOSA"},"content":{"rendered":"<p><strong>Ng\u00e0y 01:<\/strong><strong> \u00a0H\u00c0 N\u1ed8I \u2013 SINGAPORE\u00a0\u00a0\u00a0\u00a0\u00a0\u00a0\u00a0\u00a0\u00a0\u00a0\u00a0 (, \u0102n T\u1ed1i)<\/strong><\/p>\n<p><img decoding=\"async\" class=\"aligncenter\" src=\"https:\/\/pix10.agoda.net\/geo\/city\/4064\/1_4064_02.jpg?ca=6&amp;ce=1&amp;s=1920x822\" alt=\"10 kh\u00e1ch s\u1ea1n t\u1ed1t nh\u1ea5t t\u1ea1i Singapore n\u0103m 2022\" \/><\/p>\n<p>10h00 Xe v\u00e0 H\u01b0\u1edbng d\u1eabn vi\u00ean c\u1ee7a <strong>C\u00f4ng ty <\/strong>s\u1ebd \u0111\u00f3n Qu\u00fd kh\u00e1ch t\u1ea1i \u0111i\u1ec3m h\u1eb9n ra s\u00e2n bay N\u1ed9i B\u00e0i l\u00e0m th\u1ee7 t\u1ee5c \u0111\u00e1p chuy\u1ebfn \u0111i Singapore l\u00fac\u00a0 13h10<\/p>\n<p><strong>17h45\u00a0<\/strong>\u0110o\u00e0n \u0111\u1ebfn s\u00e2n bay qu\u1ed1c t\u1ebf <strong>Changi &#8211; Singapore<\/strong>, H\u01b0\u1edbng d\u1eabn vi\u00ean &amp; xe c\u1ee7a c\u00f4ng ty du l\u1ecbch \u0111\u1ecba ph\u01b0\u01a1ng \u0111\u00f3n qu\u00fd kh\u00e1ch v\u1ec1 trung t\u00e2m th\u00e0nh ph\u1ed1. Sau \u0111\u00f3 \u0111o\u00e0n v\u1ec1 kh\u00e1ch s\u1ea1n nh\u1eadn ph\u00f2ng ngh\u1ec9 ng\u01a1i.<\/p>\n<p>T\u1ed1i: Sau khi \u0103n t\u1ed1i, Qu\u00fd kh\u00e1ch t\u1ef1 do d\u1ea1o \u0111\u00eam, kh\u00e1m ph\u00e1 th\u00e0nh ph\u1ed1 <strong>Singapore <\/strong>v\u1ec1 \u0111\u00eam. \u0110o\u00e0n ngh\u1ec9 \u0111\u00eam t\u1ea1i <strong>Grand Chanceller@ Hotel<\/strong> *** ho\u1eb7c t\u01b0\u01a1ng \u0111\u01b0\u01a1ng.<\/p>\n<p><strong>Ng\u00e0y 02:<\/strong><strong> \u00a0CITY TOUR \u2013 \u0110\u1ea2O SENTOSA \u00a0\u00a0\u00a0\u00a0\u00a0\u00a0\u00a0\u00a0\u00a0\u00a0 <em>\u00a0<\/em>(\u0102n S\u00e1ng, Tr\u01b0a, T\u1ed1i)<\/strong><\/p>\n<p><img decoding=\"async\" class=\"aligncenter\" src=\"http:\/\/divui.com\/blog\/wp-content\/uploads\/2016\/12\/Sentosa-Singapore.jpg\" alt=\"C\u1ea9m nang kinh nghi\u1ec7m du l\u1ecbch \u0111\u1ea3o Sentosa Singapore 2018\" \/><\/p>\n<p>S\u00e1ng : \u0102n Buffet s\u00e1ng t\u1ea1i kh\u00e1ch s\u1ea1n. Q\u00fay kh\u00e1ch b\u1eaft \u0111\u1ea7u ch\u01b0\u01a1ng tr\u00ecnh tham quan c\u00e1c c\u1ea3nh \u0111i\u1ec3m du l\u1ecbch n\u1ed5i ti\u1ebfng t\u1ea1i Singapore nh\u01b0:<\/p>\n<ul>\n<li><strong>Parliament House<\/strong> \u2013 T\u00f2a Nh\u00e0 Qu\u1ed1c H\u1ed9i, <strong>Merlion Park<\/strong> \u2013 C\u00f4ng Vi\u00ean S\u01b0 T\u1eed Bi\u1ec3n, <strong>Nh\u00e0 H\u00e1t Victoria<\/strong> \u2013 Nh\u00e0 H\u00e1t c\u1ed5 k\u00ednh nh\u1ea5t Singapore, n\u01a1i \u0111\u00e2y c\u00f2n l\u00e0 t\u00e2m \u0111i\u1ec3m ngh\u1ec7 thu\u1eadt bi\u1ec3u di\u1ec5n c\u1ee7a \u0111\u1ea3o qu\u1ed1c s\u01b0 t\u1eed ngay t\u1eeb th\u1eddi thu\u1ed9c \u0111\u1ecba. <strong>Nh\u00e0 h\u00e1t Esplanade<\/strong> \u2013 nh\u00e0 h\u00e1t hi\u1ec7n \u0111\u1ea1i v\u00e0o b\u1eadc nh\u1ea5t c\u1ee7a Singapore. \u0110\u00e2y c\u00f2n l\u00e0 bi\u1ec3u t\u01b0\u1ee3ng ki\u1ebfn tr\u00fac v\u00e0 trung t\u00e2m bi\u1ec3u di\u1ec5n v\u0103n h\u00f3a ngh\u1ec7 thu\u1eadt t\u1ea7m c\u1ee1 th\u1ebf gi\u1edbi.<\/li>\n<li>Sau \u0111\u00f3 \u0111o\u00e0n l\u00ean <strong>\u0111\u1ec9nh n\u00fai Mount Faber<\/strong> \u2013 N\u01a1i c\u00f3 th\u1ec3 ng\u1eafm to\u00e0n c\u1ea3nh \u0111\u1ea5t n\u01b0\u1edbc Sigapore xinh \u0111\u1eb9p.<\/li>\n<li>Ti\u1ebfp \u0111\u00f3 \u0111o\u00e0n tham quan, mua s\u1eafm t\u1ea1i: <strong>C\u1eeda h\u00e0ng b\u00e1n d\u1ea7u gi\u00f3 + Collagen d\u01b0\u1ee1ng da<\/strong>&#8211; c\u00e1c s\u1ea3n ph\u1ea9m l\u00e0m \u0111\u1eb9p truy\u1ec1n th\u1ed1ng v\u00e0 n\u1ed5i ti\u1ebfng \u0111\u1ed9c \u0111\u00e1o c\u00f3 m\u1ed9t kh\u00f4ng hai c\u1ee7a Singapore. <strong>X\u01b0\u1edfng ch\u1ebf t\u00e1c kim c\u01b0\u01a1ng, v\u00e0ng b\u1ea1c v\u00e0 \u0111\u00e1 qu\u00fd tinh t\u00fay.<\/strong><\/li>\n<li>Qu\u00fd kh\u00e1ch th\u01b0\u1edfng th\u1ee9c b\u1eefa tr\u01b0a t\u1ea1i nh\u00e0 h\u00e0ng.<\/li>\n<\/ul>\n<p><strong>Bu\u1ed5i chi\u1ec1u<\/strong>, \u0110o\u00e0n ti\u1ebfp t\u1ee5c \u0111\u1ebfn h\u00f2n \u0111\u1ea3o du l\u1ecbch n\u1ed5i ti\u1ebfng Sentosa b\u1eb1ng xe, t\u1ef1 do th\u0103m quan Sentosa<\/p>\n<p>Sau \u0111\u00f3 qu\u00fd kh\u00e1ch t\u1ef1 do xem ch\u01b0\u01a1ng tr\u00ecnh Nha\u0323c N\u01b0\u01a1\u0301c <strong>SPECTRA Show <\/strong>ta\u0323i Toa\u0300 Nha\u0300 Marina Bay Sands \u2013 <strong>N\u01a1i \u00e2m nh\u1ea1c, \u00e1nh sa\u0301ng, \u0111e\u0300n v\u00e0 n\u01b0\u1edbc ho\u00e0 quy\u1ec7n th\u00e0nh m\u1ed9t!<\/strong><\/p>\n<p>Ngh\u1ec9 \u0111\u00eam <strong>Grand Chanceller@ Hotel*** <\/strong>ho\u1eb7c t\u01b0\u01a1ng \u0111\u01b0\u01a1ng.<\/p>\n<p><strong>Ng\u00e0y 03:<\/strong><strong> \u00a0SINGAPORE \u2013 GARDEN BY THE BAY &#8211; SHOPPING\u00a0\u00a0\u00a0\u00a0\u00a0\u00a0\u00a0\u00a0\u00a0\u00a0\u00a0\u00a0\u00a0\u00a0\u00a0\u00a0\u00a0\u00a0\u00a0 (\u0102n S\u00e1ng, Tr\u01b0a, T\u1ed1i)<\/strong><\/p>\n<p><img decoding=\"async\" class=\"aligncenter\" src=\"https:\/\/tour.dulichvietnam.com.vn\/uploads\/image\/tour-singapore\/gardens-by-the-bay-2.jpg\" alt=\"Tham quan khu v\u01b0\u1eddn Gardens by the Bay tuy\u1ec7t \u0111\u1eb9p \u1edf Singapore\" \/><\/p>\n<p>D\u00f9ng \u0111i\u1ec3m t\u00e2m s\u00e1ng buffet\u00a0 t\u1ea1i kh\u00e1ch s\u1ea1n. Th\u0103m quan ch\u00f9a R\u0103ng Ph\u1eadt, b\u1ebfn Thuy\u1ec1n Barrage, sau \u0111\u00f3 ti\u1ebfp t\u1ee5c th\u0103m quan:<\/p>\n<ul>\n<li>Qu\u00fd kh\u00e1ch tham quan Khu V\u01b0\u1eddn Sinh Th\u00e1i \u0111\u1eb7c bi\u1ec7t \u2013 <strong>Bay South Gardens By The Bay<\/strong> \u2013 v\u1edbi h\u1ec7 th\u1ed1ng \u201csi\u00eau c\u00e2y\u201d n\u0103ng l\u01b0\u1ee3ng m\u1eb7t tr\u1eddi. Khu v\u01b0\u1eddn n\u1eb1m trong d\u1ef1 \u00e1n Gardens By The Bay, d\u1ef1 \u00e1n c\u00f4ng vi\u00ean sinh th\u00e1i l\u1edbn nh\u1ea5t Singapore nh\u1eb1m n\u00e2ng cao ch\u1ea5t l\u01b0\u1ee3ng cu\u1ed9c s\u1ed1ng, gi\u1eef m\u00e0u xanh cho \u0111\u00f4 th\u1ecb S\u1ea7m U\u1ea5t. To\u00e0n b\u1ed9 d\u1ef1 \u00e1n c\u00f3 t\u1ed5ng di\u1ec7n t\u00edch 101ha, \u0111\u01b0\u1ee3c chia l\u00e0m 3 khu ri\u00eang bi\u1ec7t l\u00e0: Bay South, Bay East v\u00e0 Bay Central<\/li>\n<li>Qu\u00fd kh\u00e1ch c\u00f3 th\u1ec3 tr\u1ea3i nghi\u1ec7m c\u1ea3m gi\u00e1c h\u1ed3i h\u1ed9p v\u00e0 th\u00edch th\u00fa khi b\u01b0\u1edbc ch\u00e2n tr\u00ean <strong>OCBC Skyway<\/strong> \u2013 \u0110\u01b0\u1eddng \u0111i b\u1ed9 tr\u00ean kh\u00f4ng d\u00e0i 128m n\u1ed1i gi\u1eefa 2 si\u00eau c\u00e2y, r\u1ea5t th\u00edch h\u1ee3p \u0111\u1ec3 \u0111i b\u1ed9 v\u00e0o b\u1ea5t c\u1ee9 th\u1eddi \u0111i\u1ec3m n\u00e0o, n\u01a1i c\u00f3 th\u1ec3 ng\u1eafm nh\u00ecn to\u00e0n b\u1ed9 khu v\u01b0\u1eddn v\u00e0 khung c\u1ea3nh th\u00e0nh ph\u1ed1 khu v\u1ecbnh Mariba Bay t\u1eeb tr\u00ean cao ( chi ph\u00ed t\u1ef1 t\u00fac). \u0102n tr\u01b0a t\u1ea1i nh\u00e0 h\u00e0ng.<\/li>\n<li>\u0110o\u00e0n ti\u1ebfp t\u1ee5c Tham quan t\u00f2a nh\u00e0 <strong>Marina Bay Sand<\/strong> \u2013 V\u1edbi s\u00f2ng b\u1ea1c si\u00eau hi\u1ec7n \u0111\u1ea1i c\u00f3 di\u1ec7n t\u00edch 15.000 m2, khu trung t\u00e2m mua s\u1eafm v\u1edbi 300 c\u1eeda h\u00e0ng \u0111\u1ed3 hi\u1ec7u n\u1ed5i ti\u1ebfng Th\u1ebf Gi\u1edbi. Qu \u00fd kh\u00e1ch c\u00f3 th\u1ec3 tham quan C\u00f4ng Vi\u00ean Sands SkyPark n\u1eb1m tr\u00ean \u0111\u1ec9nh c\u1ee7a ba t\u00f2a th\u00e1p kh\u00e1ch s\u1ea1n Marina Bay Sands v\u1edbi h\u00ecnh d\u1ea1ng &#8220;Chi\u1ebfc du thuy\u1ec1n&#8221; l\u01a1 l\u1eedng \u1edf tr\u00ean t\u1ea7ng 57 v\u1edbi \u0111\u1ed9 cao 200m. (chi ph\u00ed t\u1ef1 t\u00fac)<\/li>\n<li>Xe \u0111\u01b0a \u0111o\u00e0n \u0111i test v\u00e0 \u0103n t\u1ed1i.<\/li>\n<\/ul>\n<p>Sau khi \u0103n t\u1ed1i, qu\u00fd kh\u00e1ch t\u1ef1 do ngh\u1ec9 ng\u01a1i ho\u1eb7c mua s\u1eafm v\u1ec1 \u0111\u00eam. \u0111o\u00e0n ngh\u1ec9 t\u1ea1i <strong>Grand \u00a0Chanceller@ Hotel<\/strong> *** ho\u1eb7c t\u01b0\u01a1ng \u0111\u01b0\u01a1ng.<\/p>\n<p><strong>Ng\u00e0y 04:<\/strong><strong> \u00a0SINGAPORE \u2013 H\u00c0 N\u1ed8I\u00a0\u00a0\u00a0\u00a0\u00a0\u00a0\u00a0\u00a0\u00a0\u00a0\u00a0\u00a0\u00a0\u00a0\u00a0\u00a0\u00a0\u00a0\u00a0\u00a0\u00a0\u00a0\u00a0\u00a0\u00a0\u00a0\u00a0\u00a0\u00a0\u00a0\u00a0\u00a0\u00a0\u00a0\u00a0\u00a0\u00a0\u00a0\u00a0\u00a0\u00a0\u00a0\u00a0\u00a0\u00a0\u00a0\u00a0\u00a0\u00a0\u00a0\u00a0\u00a0\u00a0\u00a0\u00a0\u00a0\u00a0\u00a0\u00a0\u00a0 (\u0102n S\u00e1ng,)<\/strong><\/p>\n<p>\u0102n s\u00e1ng t\u1ea1i kh\u00e1ch s\u1ea1n.<\/p>\n<ul>\n<li>\u0110o\u00e0n \u0111i th\u0103m quan: <strong>Changi Jurassic Mile &#8211; Khu tri\u1ec3n l\u00e3m Kh\u1ee7ng long ngo\u00e0i tr\u1eddi d\u00e0i 1km v\u1edbi 22 lo\u00e0i c\u00f3 k\u00edch th\u01b0\u1edbc nh\u01b0 th\u1eadt.<\/strong><\/li>\n<li>\u0110o\u00e0n kh\u1edfi h\u00e0nh ra s\u00e2n bay qu\u1ed1c t\u1ebf <strong>Changi &#8211; Singapore<\/strong> l\u00e0m th\u1ee7 t\u1ee5c \u0111\u00e1p chuy\u1ebfn bay v\u1ec1 <strong>H\u00e0 N\u1ed9i l\u00fac 13h10<\/strong><\/li>\n<\/ul>\n<p><strong>15h45<\/strong> V\u1ec1 \u0111\u1ebfn s\u00e2n bay Sau khi l\u00e0m th\u1ee7 t\u1ee5c nh\u1eadp c\u1ea3nh Vi\u1ec7t Nam v\u00e0 nh\u1eadn l\u1ea1i h\u00e0nh l\u00fd c\u00e1 nh\u00e2n., xe \u0111\u01b0a \u0111o\u00e0n v\u1ec1 \u0111i\u1ec3m \u0111\u00f3n. chia tay Qu\u00fd kh\u00e1ch. H\u1eb9n g\u1eb7p l\u1ea1i chuy\u1ebfn \u0111i sau.<\/p>\n<p>&nbsp;<\/p>\n<p><strong><u>BAO G\u1ed2M:<\/u><\/strong><\/p>\n<p><strong><u>\u00a0<\/u><\/strong><\/p>\n<ul>\n<li>Ngh\u1ec9 \u0111\u00eam t\u1ea1i kh\u00e1ch s\u1ea1n 3 sao (2ng\u01b0\u1eddi\/ph\u00f2ng n\u1ebfu l\u1ebb s\u1ebd gh\u00e9p ng\u1ee7 ph\u00f2ng 3 ng\u01b0\u1eddi)<\/li>\n<li>Kh\u00e1ch s\u1ea1n d\u00f9ng t\u1ea1i Singapore: Grand Chanceller@ Hotel, Mirama Hotel, Fortcanning Hotel\u2026.<\/li>\n<li>V\u00e9 M\u00e1y bay kh\u1ee9 h\u1ed3i HAN \u2013 SIN \u2013 HAN v\u00e0 h\u00e0nh l\u00fd 7kgs kh\u1ee9 h\u1ed3i.<\/li>\n<li>Xe \u00f4 t\u00f4 m\u00e1y l\u1ea1nh \u0111\u01b0a \u0111\u00f3n theo ch\u01b0\u01a1ng tr\u00ecnh.<\/li>\n<li>V\u00e9 th\u1eafng c\u1ea3nh theo ch\u01b0\u01a1ng tr\u00ecnh.<\/li>\n<li>H\u01b0\u1edbng d\u1eabn vi\u00ean su\u1ed1t tuy\u1ebfn ti\u1ebfng vi\u1ec7t nhi\u1ec7t t\u00ecnh, kinh nghi\u1ec7m .<\/li>\n<li>Qu\u00e0 t\u1eb7ng: n\u00f3n, bao h\u1ed9 chi\u1ebfu.<\/li>\n<li>B\u1ea3o hi\u1ec3m Du l\u1ecbch to\u00e0n c\u1ea7u ACE (t\u1ed1i \u0111a 20.000 usd\/v\u1ee5).<\/li>\n<li>Ph\u00ed test nhanh 2 chi\u1ec1u t\u1ea1i Singapore<\/li>\n<\/ul>\n<p><strong><u>KH\u00d4NG BAO G\u1ed2M:<\/u><\/strong><\/p>\n<ul>\n<li>Ph\u00ed l\u00e0m h\u1ed9 chi\u1ebfu<\/li>\n<li>C\u01b0\u1edbc h\u00e0nh l\u00fd qu\u00e1 t\u1ea3i, \u0111\u1ed3 u\u1ed1ng, gi\u1eb7t l\u00e0, \u0111i\u1ec7n tho\u1ea1i<\/li>\n<li>Ng\u1ee7 ph\u00f2ng \u0111\u01a1n, chi ph\u00ed c\u00e1 nh\u00e2n kh\u00e1c ngo\u00e0i ch\u01b0\u01a1ng tr\u00ecnh\u2026..<\/li>\n<li>Visa t\u00e1i nh\u1eadp Vi\u1ec7t Nam<\/li>\n<li>B\u1ed3i d\u01b0\u1ee1ng HDV v\u00e0 l\u00e1i xe (3usd\/ng\u00e0y\/ng\u01b0\u1eddi)<\/li>\n<\/ul>\n<p><strong><u>L\u01afU \u00dd:<\/u><\/strong><\/p>\n<ul>\n<li>Tr\u1ebb em t\u1eeb 2 \u0111\u1ebfn d\u01b0\u1edbi 11 tu\u1ed5i: 90 % gi\u00e1 tour (ng\u1ee7 chung g\u01b0\u1eddng v\u1edbi cha m\u1eb9).<\/li>\n<li>Tr\u1ebb em d\u01b0\u1edbi 02 tu\u1ed5i :\u00a0 t\u00ednh ti\u1ec1n v\u00e9 m\u00e1y bay theo quy \u0111\u1ecbnh c\u1ee7a h\u00e3ng<\/li>\n<li>Tr\u1ebb em t\u1eeb 12 tu\u1ed5i \u00a0: Gi\u00e1 tour thu nh\u01b0 ng\u01b0\u1eddi l\u1edbn.<\/li>\n<li>Ti\u1ec1n thu\u1ebf c\u00f3 th\u1ec3 thay \u0111\u1ed5i v\u00e0o th\u1eddi \u0111i\u1ec3m xu\u1ea5t v\u00e9.<\/li>\n<\/ul>\n","protected":false},"excerpt":{"rendered":"<p>Ng\u00e0y 01: \u00a0H\u00c0 N\u1ed8I \u2013 SINGAPORE\u00a0\u00a0\u00a0\u00a0\u00a0\u00a0\u00a0\u00a0\u00a0\u00a0\u00a0 (, \u0102n T\u1ed1i) 10h00 Xe v\u00e0 H\u01b0\u1edbng d\u1eabn vi\u00ean c\u1ee7a C\u00f4ng ty s\u1ebd \u0111\u00f3n Qu\u00fd kh\u00e1ch t\u1ea1i \u0111i\u1ec3m h\u1eb9n ra s\u00e2n bay N\u1ed9i B\u00e0i l\u00e0m th\u1ee7 t\u1ee5c \u0111\u00e1p chuy\u1ebfn \u0111i Singapore l\u00fac\u00a0 13h10 17h45\u00a0\u0110o\u00e0n \u0111\u1ebfn s\u00e2n bay qu\u1ed1c t\u1ebf Changi &#8211; Singapore, H\u01b0\u1edbng d\u1eabn vi\u00ean &amp; xe c\u1ee7a c\u00f4ng [&#8230;]\n","protected":false},"featured_media":1232,"comment_status":"open","ping_status":"closed","template":"","meta":[],"product_cat":[109,115],"product_tag":[],"class_list":["post-1231","product","type-product","status-publish","has-post-thumbnail","hentry","product_cat-san-pham-ban-chay","product_cat-tour-quoc-te"],"acf":[],"yoast_head":"<!-- This site is optimized with the Yoast SEO plugin v19.7.2 - https:\/\/yoast.com\/wordpress\/plugins\/seo\/ -->\n<title>SINGAPORE \u2013 \u0110\u1ea2O SENTOSA - dulich16<\/title>\n<meta name=\"robots\" content=\"noindex, follow, max-snippet:-1, max-image-preview:large, max-video-preview:-1\" \/>\n<meta property=\"og:locale\" content=\"vi_VN\" \/>\n<meta property=\"og:type\" content=\"article\" \/>\n<meta property=\"og:title\" content=\"SINGAPORE \u2013 \u0110\u1ea2O SENTOSA - dulich16\" \/>\n<meta property=\"og:description\" content=\"Ng\u00e0y 01: \u00a0H\u00c0 N\u1ed8I \u2013 SINGAPORE\u00a0\u00a0\u00a0\u00a0\u00a0\u00a0\u00a0\u00a0\u00a0\u00a0\u00a0 (, \u0102n T\u1ed1i) 10h00 Xe v\u00e0 H\u01b0\u1edbng d\u1eabn vi\u00ean c\u1ee7a C\u00f4ng ty s\u1ebd \u0111\u00f3n Qu\u00fd kh\u00e1ch t\u1ea1i \u0111i\u1ec3m h\u1eb9n ra s\u00e2n bay N\u1ed9i B\u00e0i l\u00e0m th\u1ee7 t\u1ee5c \u0111\u00e1p chuy\u1ebfn \u0111i Singapore l\u00fac\u00a0 13h10 17h45\u00a0\u0110o\u00e0n \u0111\u1ebfn s\u00e2n bay qu\u1ed1c t\u1ebf Changi &#8211; Singapore, H\u01b0\u1edbng d\u1eabn vi\u00ean &amp; xe c\u1ee7a c\u00f4ng [...]\" \/>\n<meta property=\"og:url\" content=\"https:\/\/mauweb.tamnguyen.vn\/dulich16\/san-pham\/singapore-dao-sentosa\/\" \/>\n<meta property=\"og:site_name\" content=\"dulich16\" \/>\n<meta property=\"og:image\" content=\"https:\/\/mauweb.tamnguyen.vn\/dulich16\/wp-content\/uploads\/2022\/05\/du-lich-singapore.jpg\" \/>\n\t<meta property=\"og:image:width\" content=\"860\" \/>\n\t<meta property=\"og:image:height\" content=\"573\" \/>\n\t<meta property=\"og:image:type\" content=\"image\/jpeg\" \/>\n<meta name=\"twitter:card\" content=\"summary_large_image\" \/>\n<meta name=\"twitter:label1\" content=\"\u01af\u1edbc t\u00ednh th\u1eddi gian \u0111\u1ecdc\" \/>\n\t<meta name=\"twitter:data1\" content=\"7 ph\u00fat\" \/>\n<script type=\"application\/ld+json\" class=\"yoast-schema-graph\">{\"@context\":\"https:\/\/schema.org\",\"@graph\":[{\"@type\":\"WebPage\",\"@id\":\"https:\/\/mauweb.tamnguyen.vn\/dulich16\/san-pham\/singapore-dao-sentosa\/\",\"url\":\"https:\/\/mauweb.tamnguyen.vn\/dulich16\/san-pham\/singapore-dao-sentosa\/\",\"name\":\"SINGAPORE \u2013 \u0110\u1ea2O SENTOSA - dulich16\",\"isPartOf\":{\"@id\":\"https:\/\/mauweb.tamnguyen.vn\/dulich16\/#website\"},\"datePublished\":\"2022-05-03T03:48:30+00:00\",\"dateModified\":\"2022-05-03T03:48:30+00:00\",\"breadcrumb\":{\"@id\":\"https:\/\/mauweb.tamnguyen.vn\/dulich16\/san-pham\/singapore-dao-sentosa\/#breadcrumb\"},\"inLanguage\":\"vi\",\"potentialAction\":[{\"@type\":\"ReadAction\",\"target\":[\"https:\/\/mauweb.tamnguyen.vn\/dulich16\/san-pham\/singapore-dao-sentosa\/\"]}]},{\"@type\":\"BreadcrumbList\",\"@id\":\"https:\/\/mauweb.tamnguyen.vn\/dulich16\/san-pham\/singapore-dao-sentosa\/#breadcrumb\",\"itemListElement\":[{\"@type\":\"ListItem\",\"position\":1,\"name\":\"Trang ch\u1ee7\",\"item\":\"https:\/\/mauweb.tamnguyen.vn\/dulich16\/\"},{\"@type\":\"ListItem\",\"position\":2,\"name\":\"Shop\",\"item\":\"https:\/\/mauweb.tamnguyen.vn\/dulich16\/shop\/\"},{\"@type\":\"ListItem\",\"position\":3,\"name\":\"SINGAPORE \u2013 \u0110\u1ea2O SENTOSA\"}]},{\"@type\":\"WebSite\",\"@id\":\"https:\/\/mauweb.tamnguyen.vn\/dulich16\/#website\",\"url\":\"https:\/\/mauweb.tamnguyen.vn\/dulich16\/\",\"name\":\"dulich16\",\"description\":\"\",\"potentialAction\":[{\"@type\":\"SearchAction\",\"target\":{\"@type\":\"EntryPoint\",\"urlTemplate\":\"https:\/\/mauweb.tamnguyen.vn\/dulich16\/?s={search_term_string}\"},\"query-input\":\"required name=search_term_string\"}],\"inLanguage\":\"vi\"}]}<\/script>\n<!-- \/ Yoast SEO plugin. -->","yoast_head_json":{"title":"SINGAPORE \u2013 \u0110\u1ea2O SENTOSA - dulich16","robots":{"index":"noindex","follow":"follow","max-snippet":"max-snippet:-1","max-image-preview":"max-image-preview:large","max-video-preview":"max-video-preview:-1"},"og_locale":"vi_VN","og_type":"article","og_title":"SINGAPORE \u2013 \u0110\u1ea2O SENTOSA - dulich16","og_description":"Ng\u00e0y 01: \u00a0H\u00c0 N\u1ed8I \u2013 SINGAPORE\u00a0\u00a0\u00a0\u00a0\u00a0\u00a0\u00a0\u00a0\u00a0\u00a0\u00a0 (, \u0102n T\u1ed1i) 10h00 Xe v\u00e0 H\u01b0\u1edbng d\u1eabn vi\u00ean c\u1ee7a C\u00f4ng ty s\u1ebd \u0111\u00f3n Qu\u00fd kh\u00e1ch t\u1ea1i \u0111i\u1ec3m h\u1eb9n ra s\u00e2n bay N\u1ed9i B\u00e0i l\u00e0m th\u1ee7 t\u1ee5c \u0111\u00e1p chuy\u1ebfn \u0111i Singapore l\u00fac\u00a0 13h10 17h45\u00a0\u0110o\u00e0n \u0111\u1ebfn s\u00e2n bay qu\u1ed1c t\u1ebf Changi &#8211; Singapore, H\u01b0\u1edbng d\u1eabn vi\u00ean &amp; xe c\u1ee7a c\u00f4ng [...]","og_url":"https:\/\/mauweb.tamnguyen.vn\/dulich16\/san-pham\/singapore-dao-sentosa\/","og_site_name":"dulich16","og_image":[{"width":860,"height":573,"url":"https:\/\/mauweb.tamnguyen.vn\/dulich16\/wp-content\/uploads\/2022\/05\/du-lich-singapore.jpg","type":"image\/jpeg"}],"twitter_card":"summary_large_image","twitter_misc":{"\u01af\u1edbc t\u00ednh th\u1eddi gian \u0111\u1ecdc":"7 ph\u00fat"},"schema":{"@context":"https:\/\/schema.org","@graph":[{"@type":"WebPage","@id":"https:\/\/mauweb.tamnguyen.vn\/dulich16\/san-pham\/singapore-dao-sentosa\/","url":"https:\/\/mauweb.tamnguyen.vn\/dulich16\/san-pham\/singapore-dao-sentosa\/","name":"SINGAPORE \u2013 \u0110\u1ea2O SENTOSA - dulich16","isPartOf":{"@id":"https:\/\/mauweb.tamnguyen.vn\/dulich16\/#website"},"datePublished":"2022-05-03T03:48:30+00:00","dateModified":"2022-05-03T03:48:30+00:00","breadcrumb":{"@id":"https:\/\/mauweb.tamnguyen.vn\/dulich16\/san-pham\/singapore-dao-sentosa\/#breadcrumb"},"inLanguage":"vi","potentialAction":[{"@type":"ReadAction","target":["https:\/\/mauweb.tamnguyen.vn\/dulich16\/san-pham\/singapore-dao-sentosa\/"]}]},{"@type":"BreadcrumbList","@id":"https:\/\/mauweb.tamnguyen.vn\/dulich16\/san-pham\/singapore-dao-sentosa\/#breadcrumb","itemListElement":[{"@type":"ListItem","position":1,"name":"Trang ch\u1ee7","item":"https:\/\/mauweb.tamnguyen.vn\/dulich16\/"},{"@type":"ListItem","position":2,"name":"Shop","item":"https:\/\/mauweb.tamnguyen.vn\/dulich16\/shop\/"},{"@type":"ListItem","position":3,"name":"SINGAPORE \u2013 \u0110\u1ea2O SENTOSA"}]},{"@type":"WebSite","@id":"https:\/\/mauweb.tamnguyen.vn\/dulich16\/#website","url":"https:\/\/mauweb.tamnguyen.vn\/dulich16\/","name":"dulich16","description":"","potentialAction":[{"@type":"SearchAction","target":{"@type":"EntryPoint","urlTemplate":"https:\/\/mauweb.tamnguyen.vn\/dulich16\/?s={search_term_string}"},"query-input":"required name=search_term_string"}],"inLanguage":"vi"}]}},"_links":{"self":[{"href":"https:\/\/mauweb.tamnguyen.vn\/dulich16\/wp-json\/wp\/v2\/product\/1231"}],"collection":[{"href":"https:\/\/mauweb.tamnguyen.vn\/dulich16\/wp-json\/wp\/v2\/product"}],"about":[{"href":"https:\/\/mauweb.tamnguyen.vn\/dulich16\/wp-json\/wp\/v2\/types\/product"}],"replies":[{"embeddable":true,"href":"https:\/\/mauweb.tamnguyen.vn\/dulich16\/wp-json\/wp\/v2\/comments?post=1231"}],"wp:featuredmedia":[{"embeddable":true,"href":"https:\/\/mauweb.tamnguyen.vn\/dulich16\/wp-json\/wp\/v2\/media\/1232"}],"wp:attachment":[{"href":"https:\/\/mauweb.tamnguyen.vn\/dulich16\/wp-json\/wp\/v2\/media?parent=1231"}],"wp:term":[{"taxonomy":"product_cat","embeddable":true,"href":"https:\/\/mauweb.tamnguyen.vn\/dulich16\/wp-json\/wp\/v2\/product_cat?post=1231"},{"taxonomy":"product_tag","embeddable":true,"href":"https:\/\/mauweb.tamnguyen.vn\/dulich16\/wp-json\/wp\/v2\/product_tag?post=1231"}],"curies":[{"name":"wp","href":"https:\/\/api.w.org\/{rel}","templated":true}]}}