{"id":1219,"date":"2022-05-03T02:48:38","date_gmt":"2022-05-03T02:48:38","guid":{"rendered":"http:\/\/mau2.maudep.com.vn\/dulich\/?post_type=product&#038;p=1219"},"modified":"2022-05-03T03:03:52","modified_gmt":"2022-05-03T03:03:52","slug":"dai-loan-dai-bac-dai-trung-nam-dau-cao-hung","status":"publish","type":"product","link":"https:\/\/mauweb.tamnguyen.vn\/dulich16\/san-pham\/dai-loan-dai-bac-dai-trung-nam-dau-cao-hung\/","title":{"rendered":"\u0110\u00c0I LOAN: \u0110\u00c0I B\u1eaeC &#8211; \u0110\u00c0I TRUNG- NAM \u0110\u1ea6U &#8211; CAO H\u00d9NG"},"content":{"rendered":"<p><a class=\"toggle act-accordion-mobile act-accordion\">NG\u00c0Y 01 H\u00c0 N\u1ed8I- \u0110\u00c0I B\u1eaeC<\/a><\/p>\n<p><img decoding=\"async\" class=\"aligncenter\" src=\"https:\/\/tourhot24h.vn\/wp-content\/uploads\/2019\/04\/nui-voi-dai-bac-101.jpg\" alt=\"\u0110\u00c0I B\u1eaeC - \u0110\u00c0I TRUNG - CAO H\u00d9NG (5N-4D) | Tourhot24h.vn\" \/><\/p>\n<div class=\"accordion-inner accordion-inner-mobile visible\">\n<p>Xe \u00f4t\u00f4 \u0111\u00f3n Qu\u00fd kh\u00e1ch t\u1ea1i \u0111i\u1ec3m h\u1eb9n \u1edf trung t\u00e2m H\u00e0 N\u1ed9i, \u0111\u01b0a ra s\u00e2n bay\u00a0<strong>N\u1ed9i B\u00e0i<\/strong>\u00a0\u0111\u00e1p chuy\u1ebfn bay \u0111i \u0110\u00e0i B\u1eafc.<\/p>\n<p>\u0110\u1ebfn s\u00e2n bay, Xe v\u00e0 HDV \u0111\u01b0a Qu\u00fd kh\u00e1ch \u0111\u1ebfn nh\u00e0 h\u00e0ng d\u00f9ng b\u1eefa tr\u01b0a t\u1ea1i nh\u00e0 h\u00e0ng \u0111\u1ecba ph\u01b0\u01a1ng.<\/p>\n<p>Qu\u00fd kh\u00e1ch b\u1eaft \u0111\u1ea7u tham quan:<\/p>\n<p><strong>\u0110\u00e0i t\u01b0\u1edfng ni\u1ec7m Trung Ch\u00ednh<\/strong>: L\u00e0 n\u01a1i t\u01b0\u1edfng ni\u1ec7m T\u01b0\u1edfng Gi\u1edbi Th\u1ea1ch, v\u1ecb T\u1ed5ng th\u1ed1ng \u0111\u1ea7u ti\u00ean c\u1ee7a Trung Hoa D\u00e2n Qu\u1ed1c. Tham quan \u0111\u00e0i t\u01b0\u1edfng ni\u1ec7m, du kh\u00e1ch c\u0169ng s\u1ebd c\u00f3 c\u01a1 h\u1ed9i chi\u00eam ng\u01b0\u1ee1ng hai c\u00f4ng tr\u00ecnh quan tr\u1ecdng trong khu\u00f4n vi\u00ean l\u00e0 nh\u00e0 h\u00e1t qu\u1ed1c gia (National Theater) v\u00e0 trung t\u00e2m h\u00f2a nh\u1ea1c qu\u1ed1c gia (National Concert Hall). N\u1ebfu \u0111\u1ebfn \u0111\u00fang gi\u1edd, du kh\u00e1ch c\u00f3 th\u1ec3 theo d\u00f5i bu\u1ed5i l\u1ec5 \u0111\u1ed5i g\u00e1c \u0111\u1ea7y \u1ea5n t\u01b0\u1ee3ng.<\/p>\n<p><strong>Ch\u1ee5p \u1ea3nh tr\u01b0\u1edbc To\u00e0 th\u00e1p Taipei<\/strong>\u00a0<strong>101<\/strong>\u00a0cao nh\u1ea5t \u0110\u00e0i Loan (Qu\u00fd kh\u00e1ch c\u00f3 nhu c\u1ea7u l\u00ean th\u0103m quan th\u00e1p s\u1ebd t\u1ef1 mua v\u00e9).<\/p>\n<p><strong>Th\u01b0\u1edfng th\u1ee9c Buffet L\u1ea9u Shabu n\u1ed5i ti\u1ebfng<\/strong><\/p>\n<p>Tham quan ch\u1ee3 \u0111\u00eam\u00a0<strong>Ximending<\/strong><\/p>\n<p><strong>Ngh\u1ec9 \u0111\u00eam t\u1ea1i kh\u00e1ch s\u1ea1n 3* \u1edf \u0110\u00e0i B\u1eafc.<\/strong><\/p>\n<p><a class=\"toggle act-accordion-mobile act-accordion\">NG\u00c0Y 02 TH\u0102M QUAN \u0110\u00c0I B\u1eaeC<\/a><\/p>\n<figure style=\"width: 600px\" class=\"wp-caption aligncenter\"><img loading=\"lazy\" decoding=\"async\" src=\"https:\/\/bgg.edu.vn\/wp-content\/uploads\/2019\/06\/kham-pha-cong-vien-dia-chat-da-lieu-noi-tieng-tai-dai-loan-600x358.jpg\" alt=\"C\u00f4ng vi\u00ean \u0111\u1ecba ch\u1ea5t D\u00e3 Li\u1ec5u - M\u1ed9t trong nh\u1eefng \u0111i\u1ec3m \u0111\u1ebfn \u0111\u1eb9p nh\u1ea5t \u0110\u00e0i Loan - Blue Galaxy Group\" width=\"600\" height=\"358\" \/><figcaption class=\"wp-caption-text\">C\u00f4ng vi\u00ean \u0111\u1ecba ch\u1ea5t D\u00e3 Li\u1ec5u &#8211; M\u1ed9t trong nh\u1eefng \u0111i\u1ec3m \u0111\u1ebfn \u0111\u1eb9p nh\u1ea5t \u0110\u00e0i Loan<\/figcaption><\/figure>\n<div class=\"accordion-inner accordion-inner-mobile \">\n<p>Qu\u00fd kh\u00e1ch d\u00f9ng b\u1eefa s\u00e1ng t\u1ea1i kh\u00e1ch s\u1ea1n sau \u0111\u00f3 \u0111o\u00e0n kh\u1edfi h\u00e0nh tham quan:<\/p>\n<p><strong>Th\u0103m quan c\u1eeda h\u00e0ng\u00a0<\/strong><strong>m\u1ef9 ph\u1ea9m<\/strong><\/p>\n<p><strong>L\u00e0ng c\u1ed5 Th\u1eadp ph\u1ea7n:<\/strong>\u00a0c\u00e1ch \u0110\u00e0i B\u1eafc h\u01a1n 30km, mang n\u00e9t \u0111\u1eb9p c\u1ed5 k\u00ednh t\u1eeb con \u0111\u01b0\u1eddng \u0111\u1ebfn h\u1ebbm nh\u1ecf. Qu\u00fd kh\u00e1ch nh\u01b0 quay ng\u01b0\u1ee3c th\u1eddi gian tr\u1edf v\u1ec1 th\u1eddi k\u1ef3 xa x\u01b0a. \u0110\u1eb7c bi\u1ec7t, phong t\u1ee5c th\u1ea3 \u0111\u00e8n hoa \u0111\u0103ng l\u00ean tr\u1eddi \u0111\u00e3 tr\u1edf th\u00e0nh m\u1ed9t n\u00e9t v\u0103n h\u00f3a.\u00a0 \u0110\u1ecba \u0111i\u1ec3m th\u1ea3 \u0111\u00e8n tr\u1eddi l\u00e0 t\u1ea1i tuy\u1ebfn \u0111\u01b0\u1eddng s\u1eaft c\u1ed5.\u00a0<strong>T\u1eb7ng th\u1ea3 \u0111\u00e8n tr\u1eddi( 4 Kh\u00e1ch\/\u0111\u00e8n)<\/strong><\/p>\n<p>\u0110o\u00e0n d\u00f9ng b\u1eefa tr\u01b0a t\u1ea1i nh\u00e0 h\u00e0ng. Sau \u0111\u00f3 tham quan:<\/p>\n<p><strong>C\u00f4ng Vi\u00ean D\u00e3 Li\u1ec5u (Yahliu):\u00a0<\/strong>C\u00f4ng vi\u00ean \u0111\u1ecba ch\u1ea5t Yehliu n\u1ed5i ti\u1ebfng v\u1edbi nh\u1eefng t\u1ea3ng \u0111\u00e1 c\u00f3 h\u00ecnh d\u1ea1ng k\u1ef3 l\u1ea1, nh\u1eefng di t\u00edch h\u00f3a th\u1ea1ch c\u00f3 gi\u00e1 tr\u1ecb l\u1ecbch s\u1eed v\u00e0 nh\u1eefng c\u00e1i t\u00ean h\u1ebft s\u1ee9c ng\u1ed9 ngh\u0129nh.<\/p>\n<p>\u0110o\u00e0n tham quan v\u00e0 t\u00ecm hi\u1ec3u n\u00e9t v\u0103n h\u00f3a phong th\u1ee7y t\u1ea1i\u00a0<strong>C\u1eeda h\u00e0ng T\u1ef3 H\u01b0u<\/strong>\u00a0\u2013 M\u1ed9t trong nh\u1eefng \u0111\u1eb7c tr\u01b0ng trong v\u0103n h\u00f3a c\u1ee7a ng\u01b0\u1eddi ph\u01b0\u01a1ng \u0111\u00f4ng.<\/p>\n<p><strong>\u0102n t\u1ed1i Buffet th\u1ecbt n\u01b0\u1edbng M\u00f4ng C\u1ed5 n\u1ed5i ti\u1ebfng.<\/strong><\/p>\n<p><strong>Ngh\u1ec9 \u0111\u00eam t\u1ea1i kh\u00e1ch s\u1ea1n\u00a0<\/strong><strong>3*\u00a0<\/strong><strong>\u1edf\u00a0<\/strong><strong>\u0110\u00e0i B\u1eafc<\/strong><\/p>\n<p><a class=\"toggle act-accordion-mobile act-accordion\">NG\u00c0Y 03 \u0110\u00c0I B\u1eaeC- NAM \u0110\u1ea6U<\/a><\/p>\n<figure style=\"width: 600px\" class=\"wp-caption aligncenter\"><img loading=\"lazy\" decoding=\"async\" src=\"https:\/\/bestour.com.vn\/uploads\/du-lich-dai-loan-nha-hat-opera-dai-trung.jpg\" alt=\"Ki\u1ebfn tr\u00fac c\u1ee7a nh\u00e0 h\u00e1t Opera \u0110\u00e0i Trung c\u00f3 g\u00ec \u0111\u1eb7c bi\u1ec7t?\" width=\"600\" height=\"400\" \/><figcaption class=\"wp-caption-text\">nh\u00e0 h\u00e1t Opera \u0110\u00e0i Trung<\/figcaption><\/figure>\n<div class=\"accordion-inner accordion-inner-mobile \">\n<p><strong>S\u00e1ng:<\/strong>\u00a0Qu\u00fd kh\u00e1ch tr\u1ea3 ph\u00f2ng kh\u00e1ch s\u1ea1n v\u00e0 kh\u1edfi h\u00e0nh \u0111i Nam \u0110\u1ea7u. Tr\u00ean \u0111\u01b0\u1eddng \u0111i, Qu\u00fd kh\u00e1ch tham quan:<\/p>\n<p><strong>Th\u0103m quan c\u1eeda h\u00e0ng b\u00e1nh d\u1ee9a<\/strong><strong>:\u00a0<\/strong>Tr\u1ea3i nghi\u1ec7m l\u1edbp l\u00e0m b\u00e1nh d\u1ee9a<\/p>\n<p>Ti\u1ebfp t\u1ee5c tham quan:<\/p>\n<p><strong>L\u00e0ng C\u1ea7u V\u1ed3ng r<\/strong>\u1ef1c r\u1ee1 s\u1eafc m\u00e0u: \u0110i\u1ec3m nh\u1ea5n c\u1ee7a c\u1ea3nh s\u1eafc n\u01a1i \u0111\u00e2y ch\u00ednh l\u00e0 nh\u1eefng ki\u1ebfn tr\u00fac c\u00f3 h\u00ecnh \u1ed1ng \u0111\u1ed9c \u0111\u00e1o, \u0111\u01b0\u1ee3c x\u00e2y d\u1ef1ng theo phong c\u00e1ch truy\u1ec1n th\u1ed1ng \u0111\u1eb7c tr\u01b0ng c\u1ee7a x\u1ee9 \u0110\u00e0i.<\/p>\n<p><strong>Nh\u00e0 h\u00e1t Opera \u0110\u00e0i Trung:\u00a0<\/strong>m\u1ed9t trong nh\u1eefng ki\u1ebfn tr\u00fac c\u00f3 m\u1ed9t kh\u00f4ng hai \u1edf \u0110\u00e0i Loan<\/p>\n<p><strong>Tham quan v\u00e0 mua s\u1eafm t\u1ea1i l\u00e0ng d\u00e2n t\u1ed9c v\u1edbi \u0111\u1eb7c s\u1ea3n linh chi.<\/strong><\/p>\n<p>\u0102n t\u1ed1i t\u1ea1i nh\u00e0 h\u00e0ng. Sau \u0111\u00f3 xe \u0111\u01b0a \u0111o\u00e0n v\u1ec1 kh\u00e1ch s\u1ea1n nh\u1eadn ph\u00f2ng, ngh\u1ec9 ng\u01a1i.<\/p>\n<p><strong>Tr\u1ea3i nghi\u1ec7m t\u1eafm kho\u00e1ng n\u00f3ng t\u1ea1i kh\u00e1ch s\u1ea1n.<\/strong><\/p>\n<p><strong>Ngh\u1ec9 \u0111\u00eam t\u1ea1i kh\u00e1ch s\u1ea1n\u00a0<\/strong><strong>4<\/strong><strong>* \u1edf\u00a0<\/strong><strong>Nam \u0110\u1ea7u<\/strong><strong>.<\/strong>\u00a0<strong>\u00a0<\/strong><\/p>\n<p><a class=\"toggle act-accordion-mobile act-accordion\">NG\u00c0Y 04: \u0110\u00c0I TRUNG- CAO H\u00d9NG<\/a><\/p>\n<figure style=\"width: 720px\" class=\"wp-caption aligncenter\"><img loading=\"lazy\" decoding=\"async\" src=\"https:\/\/univietravel.com\/uploads\/diem-den\/nuocngoai\/dailoan\/phatquangson\/phat-quang-son-kinh-do-phat-giao-dai-loan-5.jpg\" alt=\"PH\u1eacT QUANG S\u01a0N \u2013 KINH \u0110\u00d4 PH\u1eacT GI\u00c1O C\u1ee6A \u0110\u00c0I - Univiet Travel - Unique Always\" width=\"720\" height=\"478\" \/><figcaption class=\"wp-caption-text\">PH\u1eacT QUANG S\u01a0N<\/figcaption><\/figure>\n<div class=\"accordion-inner accordion-inner-mobile \">\n<p><strong>S\u00e1ng:<\/strong>\u00a0Qu\u00fd kh\u00e1ch l\u00e0m th\u1ee7 t\u1ee5c tr\u1ea3 ph\u00f2ng, kh\u1edfi h\u00e0nh \u0111i Cao H\u00f9ng, tr\u00ean \u0111\u01b0\u1eddng \u0111i \u0111o\u00e0n tham quan:<\/p>\n<p><strong>Du Thuy\u1ec1n H\u1ed3 Nh\u1eadt Nguy\u1ec7t (Riyue tan):<\/strong>\u00a0\u0110\u00e2y l\u00e0 h\u1ed3 thi\u00ean nhi\u00ean l\u1edbn nh\u1ea5t v\u00e0 l\u00e0 \u0111\u1ecba danh thu h\u00fat nhi\u1ec1u kh\u00e1ch du l\u1ecbch \u1edf h\u00f2n \u0111\u1ea3o n\u00e0y. Qu\u00fd kh\u00e1ch tham quan\u00a0<strong>ch\u00f9a Huy\u1ec1n Quang<\/strong>, m\u1ed9t ng\u00f4i ch\u00f9a n\u1eb1m gi\u1eefa H\u1ed3 Nh\u1eadt Nguy\u1ec7t. Th\u01b0\u1edfng th\u1ee9c c\u00e1c m\u00f3n \u0103n d\u00e2n t\u1ed9c Thao trong b\u1eefa tr\u01b0a t\u1ea1i nh\u00e0 h\u00e0ng trong l\u00e0ng v\u0103n h\u00f3a d\u00e2n t\u1ed9c c\u1ee7a v\u00f9ng.<\/p>\n<p><strong>Mi\u1ebfu V\u0103n V\u00f5 (Wen Wu):<\/strong>\u00a0L\u00e0 n\u01a1i th\u1edd Kh\u1ed5ng T\u1eed (V\u0103n Mi\u1ebfu) v\u00e0 Quan C\u00f4ng (V\u00f5 Mi\u1ebfu) n\u1eb1m ngang s\u01b0\u1eddn n\u00fai tr\u00ean Nh\u1eadt Nguy\u1ec7t H\u1ed3, thu\u1ed9c \u0110\u00e0i Trung, l\u00e0 m\u1ed9t trong nh\u1eefng ch\u00f9a n\u1ed5i ti\u1ebfng \u0110\u00e0i Loan.<\/p>\n<p><strong>Khu s\u1ea3n xu\u1ea5t tr\u00e0 &amp; th\u01b0\u1edfng th\u1ee9c tr\u00e0 \u00d4 Long, ch\u00e8 b\u1ed9t matcha<\/strong>: M\u1ed9t n\u00e9t v\u0103n h\u00f3a r\u1ea5t ri\u00eang v\u00f9ng \u00c1 \u0110\u00f4ng.<\/p>\n<p>\u0110\u1ebfn Cao H\u00f9ng, \u0111o\u00e0n th\u0103m quan:<\/p>\n<p><strong>Ph\u1eadt Quang S\u01a1n (Fo Guang Shan)<\/strong>: Khu\u00f4n vi\u00ean r\u1ed9ng l\u1edbn n\u1eb1m tr\u1ecdn v\u1eb9n tr\u00ean c\u1ea3 qu\u1ea3 \u0111\u1ed3i . Qu\u00fd kh\u00e1ch s\u1ebd \u0111\u01b0\u1ee3c chi\u00eam ng\u01b0\u1ee1ng b\u1ee9c t\u01b0\u1ee3ng b\u1eb1ng v\u00e0ng c\u1ee7a \u0110\u1ee9c Ph\u1eadt Amitabha v\u1edbi k\u00edch th\u01b0\u1edbc 36,5 m v\u00e0 480 t\u01b0\u1ee3ng Ph\u1eadt \u0111\u1ee9ng \u0111\u01b0\u1ee3c bao quanh b\u1edfi s\u00f4ng n\u01b0\u1edbc v\u00e0 n\u00fai non.<\/p>\n<p><strong>Tr\u1ea1m t\u00e0u \u0111i\u1ec7n ng\u1ea7m Formusa:\u00a0<\/strong>Ga t\u00e0u \u0111i\u1ec7n ng\u1ea7m Formusa hi\u1ec7n l\u00e0 ga t\u00e0u h\u00ecnh v\u00f2m l\u1edbn nh\u1ea5t th\u1ebf\u00a0gi\u1edbi, nhi\u1ec1u l\u1ea7n \u0111\u01b0\u1ee3c b\u1ea7u ch\u1ecdn l\u00e0 m\u1ed9t trong nh\u1eefng ga t\u00e0u \u0111i\u1ec7n ng\u1ea7m \u0111\u1eb9p nh\u1ea5t to\u00e0n c\u1ea7u. Tr\u1ea3i nghi\u1ec7m 1 ch\u1eb7ng t\u00e0u MRT ng\u1eafn t\u1ea1i ga t\u00e0u Formusa<\/p>\n<p><strong>H\u1ed3 Sen v\u1edbi Xu\u00e2n Thu C\u00e1c- Th\u00e1p Long H\u1ed5<em>:\u00a0<\/em><\/strong>M\u1ed9t th\u1eafng c\u1ea3nh tr\u00ean h\u1ed3 tuy\u1ec7t \u0111\u1eb9p, n\u01a1i Qu\u00fd kh\u00e1ch c\u00f3 th\u1ec3 ph\u00f3ng t\u1ea7m m\u1eaft ra xa ng\u1eafm c\u1ea3nh Cao H\u00f9ng v\u00e0 h\u00edt th\u1edf kh\u00f4ng kh\u00ed trong l\u00e0nh m\u00e1t m\u1ebb v\u1edbi m\u00f9i th\u01a1m c\u1ee7a hoa sen n\u1edf trong h\u1ed3 v\u00e0o m\u00f9a sen n\u1edf.<\/p>\n<p><strong>Ch\u1ee3 \u0111\u00eam L\u1ee5c H\u1ee3p (Liuho).<\/strong><\/p>\n<p><strong>Ngh\u1ec9 \u0111\u00eam t\u1ea1i kh\u00e1ch s\u1ea1n 3* \u1edf Cao H\u00f9ng.<\/strong><\/p>\n<p><a class=\"toggle act-accordion-mobile act-accordion\">NG\u00c0Y 05 CAO H\u00d9NG- H\u00c0 N\u1ed8I<\/a><\/p>\n<div class=\"accordion-inner accordion-inner-mobile \">\n<p>S\u00e1ng: Qu\u00fd kh\u00e1ch l\u00e0m th\u1ee7 t\u1ee5c tr\u1ea3 ph\u00f2ng, xe v\u00e0 HDV \u0111\u00f3n Qu\u00fd kh\u00e1ch ra s\u00e2n bay \u0111\u00e1p chuy\u1ebfn bay v\u1ec1 Vi\u1ec7t Nam. \u0110\u1ebfn s\u00e2n bay N\u1ed9i B\u00e0i, xe \u0111\u00f3n Qu\u00fd kh\u00e1ch v\u1ec1 \u0111i\u1ec3m h\u1eb9n ban \u0111\u1ea7u.<\/p>\n<p>H\u1eb9n g\u1eb7p l\u1ea1i Qu\u00fd kh\u00e1ch! K\u1ebft th\u00fac ch\u01b0\u01a1ng tr\u00ecnh.<\/p>\n<p>L\u01b0u \u00fd: Trong ch\u01b0\u01a1ng tr\u00ecnh c\u00f3 th\u0103m quan c\u00e1c \u0111i\u1ec3m shopping: C\u1eeda h\u00e0ng Linh Chi, \u0110\u1eb7c s\u1ea3n b\u00e1nh d\u1ee9a, T\u1ef3 H\u01b0u, Tr\u00e0, C\u1eeda h\u00e0ng \u0111\u00e1 qu\u00fd.\u00a0 Qu\u00fd kh\u00e1ch b\u1ecf \u0111i\u1ec3m th\u0103m quan n\u00e0y vui l\u00f2ng t\u00ednh th\u00eam ph\u1ee5 thu 150USD\/kh\u00e1ch.<\/p>\n<div class=\"list-single-main-item-title fl-wrap\">\n<h3>Th\u00f4ng tin chi ti\u1ebft<\/h3>\n<\/div>\n<div id=\"noi_dung\">\n<p><strong>D\u1ecaCH V\u1ee4 BAO G\u1ed2M<\/strong><\/p>\n<ul>\n<li>Ve\u0301 ma\u0301y bay qu\u00f4\u0301c t\u00ea\u0301: H\u00e0 N\u1ed9i\u2013 \u0110\u00e0i B\u1eafc \/\/ Cao H\u00f9ng \u2013 H\u00e0 N\u1ed9i<\/li>\n<li>Thu\u00ea\u0301 ha\u0300ng kh\u00f4ng, ph\u00ed ph\u1ee5c v\u1ee5 t\u1ea1i s\u00e2n bay.<\/li>\n<li>Xe \u00f4 t\u00f4 29 ch\u1ed7 \u0111\u01b0a \u0111\u00f3n s\u00e2n bay H\u00e0 N\u1ed9i- N\u1ed9i B\u00e0i<\/li>\n<li>Kha\u0301ch sa\u0323n 3* sao ti\u00eau chu\u1ea9n (2 kh\u00e1ch\/ph\u00f2ng) t\u1ea1i c\u00e1c th\u00e0nh ph\u1ed1.<\/li>\n<li>\u01afu \u0111\u00e3i 01 \u0111\u00eam kh\u00e1ch s\u1ea1n 4* t\u1eafm kho\u00e1ng n\u00f3ng<\/li>\n<li>\u0102n s\u00e1ng t\u1ea1i kh\u00e1ch s\u1ea1n v\u00e0 \u0103n ch\u00ednh theo ch\u01b0\u01a1ng tr\u00ecnh t\u1ea1i kh\u00e1ch s\u1ea1n v\u00e0 nh\u00e0 h\u00e0ng<\/li>\n<li>\u0102n ch\u00ednh 8 b\u1eefa: 7usd\/kh\u00e1ch\/b\u1eefa, trong \u0111\u00f3 t\u1eb7ng 1 b\u1eefa Buffet l\u1ea9u Shabu n\u1ed5i ti\u1ebfng<\/li>\n<\/ul>\n<ul>\n<li>H\u01b0\u1edbng d\u1eabn vi\u00ean su\u1ed1t tuy\u1ebfn \u0111i t\u1eeb Vi\u1ec7t Nam \u0111i t\u1eeb H\u00e0 N\u1ed9i<\/li>\n<li>V\u00e9 v\u00e0o c\u1eeda tham quan c\u00e1c c\u1ea3nh \u0111i\u1ec3m<\/li>\n<li>T\u1eb7ng th\u1ea3 \u0111\u00e8n tr\u1eddi(4 kh\u00e1ch\/\u0111\u00e8n), t\u1eb7ng tr\u1ea3i nghi\u1ec7m 1 ch\u1eb7ng MRT ng\u1eafn t\u1ea1i ga t\u00e0u Formusa<\/li>\n<li>C\u00e1c ph\u01b0\u01a1ng ti\u1ec7n v\u1eadn chuy\u1ec3n theo ti\u00eau chu\u1ea9n su\u1ed1t h\u00e0nh tr\u00ecnh.<\/li>\n<li>N\u01b0\u01a1\u0301c su\u00f4\u0301i 1 chai\/ng\u01b0\u01a1\u0300i\/nga\u0300y.<\/li>\n<li>B\u1ea3o hi\u1ec3m du l\u1ecbch qu\u1ed1c t\u1ebf AIG theo g\u00f3i D (m\u1ee9c b\u1ed3i th\u01b0\u1eddng t\u1ed1i \u0111a 10.000 USD\/1 v\u1ee5)<\/li>\n<\/ul>\n<p><strong>D\u1ecaCH V\u1ee4 KH\u00d4NG BAO G\u1ed2M<\/strong><\/p>\n<ul>\n<li>L\u1ec7 ph\u00ed visa nh\u1eadp c\u1ea3nh \u0110\u00e0i Loan.<\/li>\n<li>Thu\u1ebf &#8211; ph\u00ed t\u0103ng kh\u00f4ng \u0111\u01b0\u1ee3c th\u00f4ng b\u00e1o tr\u01b0\u1edbc khi k\u00fd h\u1ee3p \u0111\u1ed3ng: t\u1eeb c\u00e1c h\u00e3ng h\u00e0ng kh\u00f4ng, c\u00e1c h\u00e3ng v\u1eadn chuy\u1ec3n, c\u00e1c \u0111i\u1ec3m tham quan,&#8230;<\/li>\n<li>Chi ph\u00ed l\u00e0m h\u1ed9 chi\u1ebfu.<\/li>\n<li>Chi ph\u00ed c\u00e1 nh\u00e2n: \u0110i\u1ec7n tho\u1ea1i, Internet, \u0111\u1ed3 u\u1ed1ng v\u00e0 \u0111\u1ed3 \u0103n m\u1ea5t ph\u00ed, xe v\u00e0 HDV ph\u1ee5c v\u1ee5 ngo\u00e0i gi\u1edd<\/li>\n<li>H\u00e0nh l\u00fd qu\u00e1 c\u01b0\u1edbc theo quy \u0111\u1ecbnh h\u00e0ng kh\u00f4ng.<\/li>\n<li>Phu\u0323 thu pho\u0300ng \u0111\u01a1n (n\u00ea\u0301u co\u0301).<\/li>\n<li>Ti\u1ec1n tip cho HDV \u0111\u1ecba ph\u01b0\u01a1ng, t\u00e0i x\u1ebf (5 USD\/kh\u00e1ch\/ng\u00e0y).<\/li>\n<li>Thu\u1ebf VAT.<\/li>\n<\/ul>\n<\/div>\n<\/div>\n<\/div>\n<\/div>\n<\/div>\n<\/div>\n","protected":false},"excerpt":{"rendered":"<p>NG\u00c0Y 01 H\u00c0 N\u1ed8I- \u0110\u00c0I B\u1eaeC Xe \u00f4t\u00f4 \u0111\u00f3n Qu\u00fd kh\u00e1ch t\u1ea1i \u0111i\u1ec3m h\u1eb9n \u1edf trung t\u00e2m H\u00e0 N\u1ed9i, \u0111\u01b0a ra s\u00e2n bay\u00a0N\u1ed9i B\u00e0i\u00a0\u0111\u00e1p chuy\u1ebfn bay \u0111i \u0110\u00e0i B\u1eafc. \u0110\u1ebfn s\u00e2n bay, Xe v\u00e0 HDV \u0111\u01b0a Qu\u00fd kh\u00e1ch \u0111\u1ebfn nh\u00e0 h\u00e0ng d\u00f9ng b\u1eefa tr\u01b0a t\u1ea1i nh\u00e0 h\u00e0ng \u0111\u1ecba ph\u01b0\u01a1ng. Qu\u00fd kh\u00e1ch b\u1eaft \u0111\u1ea7u tham quan: [&#8230;]\n","protected":false},"featured_media":1220,"comment_status":"open","ping_status":"closed","template":"","meta":[],"product_cat":[108,109,115],"product_tag":[],"class_list":["post-1219","product","type-product","status-publish","has-post-thumbnail","hentry","product_cat-khuyen-mai","product_cat-san-pham-ban-chay","product_cat-tour-quoc-te"],"acf":[],"yoast_head":"<!-- This site is optimized with the Yoast SEO plugin v19.7.2 - https:\/\/yoast.com\/wordpress\/plugins\/seo\/ -->\n<title>\u0110\u00c0I LOAN: \u0110\u00c0I B\u1eaeC - \u0110\u00c0I TRUNG- NAM \u0110\u1ea6U - CAO H\u00d9NG - dulich16<\/title>\n<meta name=\"robots\" content=\"noindex, follow, max-snippet:-1, max-image-preview:large, max-video-preview:-1\" \/>\n<meta property=\"og:locale\" content=\"vi_VN\" \/>\n<meta property=\"og:type\" content=\"article\" \/>\n<meta property=\"og:title\" content=\"\u0110\u00c0I LOAN: \u0110\u00c0I B\u1eaeC - \u0110\u00c0I TRUNG- NAM \u0110\u1ea6U - CAO H\u00d9NG - dulich16\" \/>\n<meta property=\"og:description\" content=\"NG\u00c0Y 01 H\u00c0 N\u1ed8I- \u0110\u00c0I B\u1eaeC Xe \u00f4t\u00f4 \u0111\u00f3n Qu\u00fd kh\u00e1ch t\u1ea1i \u0111i\u1ec3m h\u1eb9n \u1edf trung t\u00e2m H\u00e0 N\u1ed9i, \u0111\u01b0a ra s\u00e2n bay\u00a0N\u1ed9i B\u00e0i\u00a0\u0111\u00e1p chuy\u1ebfn bay \u0111i \u0110\u00e0i B\u1eafc. \u0110\u1ebfn s\u00e2n bay, Xe v\u00e0 HDV \u0111\u01b0a Qu\u00fd kh\u00e1ch \u0111\u1ebfn nh\u00e0 h\u00e0ng d\u00f9ng b\u1eefa tr\u01b0a t\u1ea1i nh\u00e0 h\u00e0ng \u0111\u1ecba ph\u01b0\u01a1ng. Qu\u00fd kh\u00e1ch b\u1eaft \u0111\u1ea7u tham quan: [...]\" \/>\n<meta property=\"og:url\" content=\"https:\/\/mauweb.tamnguyen.vn\/dulich16\/san-pham\/dai-loan-dai-bac-dai-trung-nam-dau-cao-hung\/\" \/>\n<meta property=\"og:site_name\" content=\"dulich16\" \/>\n<meta property=\"article:modified_time\" content=\"2022-05-03T03:03:52+00:00\" \/>\n<meta property=\"og:image\" content=\"https:\/\/mauweb.tamnguyen.vn\/dulich16\/wp-content\/uploads\/2022\/05\/Du-lich-dai-loan_jpg.jpg\" \/>\n\t<meta property=\"og:image:width\" content=\"600\" \/>\n\t<meta property=\"og:image:height\" content=\"375\" \/>\n\t<meta property=\"og:image:type\" content=\"image\/jpeg\" \/>\n<meta name=\"twitter:card\" content=\"summary_large_image\" \/>\n<meta name=\"twitter:label1\" content=\"\u01af\u1edbc t\u00ednh th\u1eddi gian \u0111\u1ecdc\" \/>\n\t<meta name=\"twitter:data1\" content=\"9 ph\u00fat\" \/>\n<script type=\"application\/ld+json\" class=\"yoast-schema-graph\">{\"@context\":\"https:\/\/schema.org\",\"@graph\":[{\"@type\":\"WebPage\",\"@id\":\"https:\/\/mauweb.tamnguyen.vn\/dulich16\/san-pham\/dai-loan-dai-bac-dai-trung-nam-dau-cao-hung\/\",\"url\":\"https:\/\/mauweb.tamnguyen.vn\/dulich16\/san-pham\/dai-loan-dai-bac-dai-trung-nam-dau-cao-hung\/\",\"name\":\"\u0110\u00c0I LOAN: \u0110\u00c0I B\u1eaeC - \u0110\u00c0I TRUNG- NAM \u0110\u1ea6U - CAO H\u00d9NG - dulich16\",\"isPartOf\":{\"@id\":\"https:\/\/mauweb.tamnguyen.vn\/dulich16\/#website\"},\"datePublished\":\"2022-05-03T02:48:38+00:00\",\"dateModified\":\"2022-05-03T03:03:52+00:00\",\"breadcrumb\":{\"@id\":\"https:\/\/mauweb.tamnguyen.vn\/dulich16\/san-pham\/dai-loan-dai-bac-dai-trung-nam-dau-cao-hung\/#breadcrumb\"},\"inLanguage\":\"vi\",\"potentialAction\":[{\"@type\":\"ReadAction\",\"target\":[\"https:\/\/mauweb.tamnguyen.vn\/dulich16\/san-pham\/dai-loan-dai-bac-dai-trung-nam-dau-cao-hung\/\"]}]},{\"@type\":\"BreadcrumbList\",\"@id\":\"https:\/\/mauweb.tamnguyen.vn\/dulich16\/san-pham\/dai-loan-dai-bac-dai-trung-nam-dau-cao-hung\/#breadcrumb\",\"itemListElement\":[{\"@type\":\"ListItem\",\"position\":1,\"name\":\"Trang ch\u1ee7\",\"item\":\"https:\/\/mauweb.tamnguyen.vn\/dulich16\/\"},{\"@type\":\"ListItem\",\"position\":2,\"name\":\"Shop\",\"item\":\"https:\/\/mauweb.tamnguyen.vn\/dulich16\/shop\/\"},{\"@type\":\"ListItem\",\"position\":3,\"name\":\"\u0110\u00c0I LOAN: \u0110\u00c0I B\u1eaeC &#8211; \u0110\u00c0I TRUNG- NAM \u0110\u1ea6U &#8211; CAO H\u00d9NG\"}]},{\"@type\":\"WebSite\",\"@id\":\"https:\/\/mauweb.tamnguyen.vn\/dulich16\/#website\",\"url\":\"https:\/\/mauweb.tamnguyen.vn\/dulich16\/\",\"name\":\"dulich16\",\"description\":\"\",\"potentialAction\":[{\"@type\":\"SearchAction\",\"target\":{\"@type\":\"EntryPoint\",\"urlTemplate\":\"https:\/\/mauweb.tamnguyen.vn\/dulich16\/?s={search_term_string}\"},\"query-input\":\"required name=search_term_string\"}],\"inLanguage\":\"vi\"}]}<\/script>\n<!-- \/ Yoast SEO plugin. -->","yoast_head_json":{"title":"\u0110\u00c0I LOAN: \u0110\u00c0I B\u1eaeC - \u0110\u00c0I TRUNG- NAM \u0110\u1ea6U - CAO H\u00d9NG - dulich16","robots":{"index":"noindex","follow":"follow","max-snippet":"max-snippet:-1","max-image-preview":"max-image-preview:large","max-video-preview":"max-video-preview:-1"},"og_locale":"vi_VN","og_type":"article","og_title":"\u0110\u00c0I LOAN: \u0110\u00c0I B\u1eaeC - \u0110\u00c0I TRUNG- NAM \u0110\u1ea6U - CAO H\u00d9NG - dulich16","og_description":"NG\u00c0Y 01 H\u00c0 N\u1ed8I- \u0110\u00c0I B\u1eaeC Xe \u00f4t\u00f4 \u0111\u00f3n Qu\u00fd kh\u00e1ch t\u1ea1i \u0111i\u1ec3m h\u1eb9n \u1edf trung t\u00e2m H\u00e0 N\u1ed9i, \u0111\u01b0a ra s\u00e2n bay\u00a0N\u1ed9i B\u00e0i\u00a0\u0111\u00e1p chuy\u1ebfn bay \u0111i \u0110\u00e0i B\u1eafc. \u0110\u1ebfn s\u00e2n bay, Xe v\u00e0 HDV \u0111\u01b0a Qu\u00fd kh\u00e1ch \u0111\u1ebfn nh\u00e0 h\u00e0ng d\u00f9ng b\u1eefa tr\u01b0a t\u1ea1i nh\u00e0 h\u00e0ng \u0111\u1ecba ph\u01b0\u01a1ng. Qu\u00fd kh\u00e1ch b\u1eaft \u0111\u1ea7u tham quan: [...]","og_url":"https:\/\/mauweb.tamnguyen.vn\/dulich16\/san-pham\/dai-loan-dai-bac-dai-trung-nam-dau-cao-hung\/","og_site_name":"dulich16","article_modified_time":"2022-05-03T03:03:52+00:00","og_image":[{"width":600,"height":375,"url":"https:\/\/mauweb.tamnguyen.vn\/dulich16\/wp-content\/uploads\/2022\/05\/Du-lich-dai-loan_jpg.jpg","type":"image\/jpeg"}],"twitter_card":"summary_large_image","twitter_misc":{"\u01af\u1edbc t\u00ednh th\u1eddi gian \u0111\u1ecdc":"9 ph\u00fat"},"schema":{"@context":"https:\/\/schema.org","@graph":[{"@type":"WebPage","@id":"https:\/\/mauweb.tamnguyen.vn\/dulich16\/san-pham\/dai-loan-dai-bac-dai-trung-nam-dau-cao-hung\/","url":"https:\/\/mauweb.tamnguyen.vn\/dulich16\/san-pham\/dai-loan-dai-bac-dai-trung-nam-dau-cao-hung\/","name":"\u0110\u00c0I LOAN: \u0110\u00c0I B\u1eaeC - \u0110\u00c0I TRUNG- NAM \u0110\u1ea6U - CAO H\u00d9NG - dulich16","isPartOf":{"@id":"https:\/\/mauweb.tamnguyen.vn\/dulich16\/#website"},"datePublished":"2022-05-03T02:48:38+00:00","dateModified":"2022-05-03T03:03:52+00:00","breadcrumb":{"@id":"https:\/\/mauweb.tamnguyen.vn\/dulich16\/san-pham\/dai-loan-dai-bac-dai-trung-nam-dau-cao-hung\/#breadcrumb"},"inLanguage":"vi","potentialAction":[{"@type":"ReadAction","target":["https:\/\/mauweb.tamnguyen.vn\/dulich16\/san-pham\/dai-loan-dai-bac-dai-trung-nam-dau-cao-hung\/"]}]},{"@type":"BreadcrumbList","@id":"https:\/\/mauweb.tamnguyen.vn\/dulich16\/san-pham\/dai-loan-dai-bac-dai-trung-nam-dau-cao-hung\/#breadcrumb","itemListElement":[{"@type":"ListItem","position":1,"name":"Trang ch\u1ee7","item":"https:\/\/mauweb.tamnguyen.vn\/dulich16\/"},{"@type":"ListItem","position":2,"name":"Shop","item":"https:\/\/mauweb.tamnguyen.vn\/dulich16\/shop\/"},{"@type":"ListItem","position":3,"name":"\u0110\u00c0I LOAN: \u0110\u00c0I B\u1eaeC &#8211; \u0110\u00c0I TRUNG- NAM \u0110\u1ea6U &#8211; CAO H\u00d9NG"}]},{"@type":"WebSite","@id":"https:\/\/mauweb.tamnguyen.vn\/dulich16\/#website","url":"https:\/\/mauweb.tamnguyen.vn\/dulich16\/","name":"dulich16","description":"","potentialAction":[{"@type":"SearchAction","target":{"@type":"EntryPoint","urlTemplate":"https:\/\/mauweb.tamnguyen.vn\/dulich16\/?s={search_term_string}"},"query-input":"required name=search_term_string"}],"inLanguage":"vi"}]}},"_links":{"self":[{"href":"https:\/\/mauweb.tamnguyen.vn\/dulich16\/wp-json\/wp\/v2\/product\/1219"}],"collection":[{"href":"https:\/\/mauweb.tamnguyen.vn\/dulich16\/wp-json\/wp\/v2\/product"}],"about":[{"href":"https:\/\/mauweb.tamnguyen.vn\/dulich16\/wp-json\/wp\/v2\/types\/product"}],"replies":[{"embeddable":true,"href":"https:\/\/mauweb.tamnguyen.vn\/dulich16\/wp-json\/wp\/v2\/comments?post=1219"}],"wp:featuredmedia":[{"embeddable":true,"href":"https:\/\/mauweb.tamnguyen.vn\/dulich16\/wp-json\/wp\/v2\/media\/1220"}],"wp:attachment":[{"href":"https:\/\/mauweb.tamnguyen.vn\/dulich16\/wp-json\/wp\/v2\/media?parent=1219"}],"wp:term":[{"taxonomy":"product_cat","embeddable":true,"href":"https:\/\/mauweb.tamnguyen.vn\/dulich16\/wp-json\/wp\/v2\/product_cat?post=1219"},{"taxonomy":"product_tag","embeddable":true,"href":"https:\/\/mauweb.tamnguyen.vn\/dulich16\/wp-json\/wp\/v2\/product_tag?post=1219"}],"curies":[{"name":"wp","href":"https:\/\/api.w.org\/{rel}","templated":true}]}}