{"id":1190,"date":"2022-05-01T13:36:37","date_gmt":"2022-05-01T13:36:37","guid":{"rendered":"http:\/\/mau2.maudep.com.vn\/dulich\/?post_type=product&#038;p=1190"},"modified":"2022-05-04T03:54:46","modified_gmt":"2022-05-04T03:54:46","slug":"tour-bac-ha-ta-van-chu-tha%cc%89i-giang-pho","status":"publish","type":"product","link":"https:\/\/mauweb.tamnguyen.vn\/dulich16\/san-pham\/tour-bac-ha-ta-van-chu-tha%cc%89i-giang-pho\/","title":{"rendered":"TOUR B\u1eaeC H\u00c0 \u2013 T\u1ea2 VAN CH\u01af \u2013 THA\u0309I GIA\u0300NG PH\u00d4\u0301"},"content":{"rendered":"<p><strong>NG\u00c0Y 01: H\u00c0 N\u1ed8I \u2013 TT B\u1eaeC H\u00c0 \u2013 T\u1ea2 V\u0102N CH\u01af<\/strong><\/p>\n<figure style=\"width: 1200px\" class=\"wp-caption aligncenter\"><img loading=\"lazy\" decoding=\"async\" src=\"https:\/\/vcdn1-dulich.vnecdn.net\/2021\/02\/28\/Hoa-man-mien-bien-tay-bac-07-1614507109.jpg?w=1200&amp;h=0&amp;q=100&amp;dpr=1&amp;fit=crop&amp;s=-azc9lGUDxKwIU3K1BR--A\" alt=\"Hoa m\u1eadn n\u1edf tr\u1eafng b\u1ea3n ng\u01b0\u1eddi H'M\u00f4ng - VnExpress Du l\u1ecbch\" width=\"1200\" height=\"784\" \/><figcaption class=\"wp-caption-text\">Hoa m\u1eadn n\u1edf tr\u1eafng b\u1ea3n ng\u01b0\u1eddi H&#8217;M\u00f4ng<\/figcaption><\/figure>\n<p><strong>05h15<\/strong>: Xe v\u00e0 HDV \u0111\u00f3n Q\u00fay kh\u00e1ch t\u1ea1i \u0111i\u1ec3m t\u1eadp trung kh\u1edfi h\u00e0nh \u0111i B\u1eafc H\u00e0.<\/p>\n<p>Tr\u00ean \u0111\u01b0\u1eddng \u0111i \u0111o\u00e0n \u0103n s\u00e1ng t\u1ea1i \u0111i\u1ec3m d\u1eebng ch\u00e2n (chi ph\u00ed t\u1ef1 t\u00fac)<\/p>\n<p><strong>11h00<\/strong>: \u0110o\u00e0n th\u01b0\u1edfng th\u1ee9c b\u1eefa tr\u01b0a t\u1ea1i nh\u00e0 h\u00e0ng.<\/p>\n<p><strong>13:00<\/strong>: \u0110o\u00e0n kh\u1edfi h\u00e0nh \u0111i \u0111\u1ebfn T\u1ea3 V\u0103n Ch\u01b0 &#8211; N\u01a1i \u0111\u00e2y v\u1eabn c\u00f2n l\u01b0u gi\u1eef l\u1ea1i \u0111\u01b0\u1ee3c nhi\u1ec1u n\u00e9t v\u0103n ho\u00e1 truy\u1ec1n th\u1ed1ng \u0111\u1eadm \u0111\u00e0 b\u1ea3n s\u1eafc d\u00e2n t\u1ed9c. T\u1ea3 Van Ch\u01b0 n\u1eb1m gi\u1eefa hai d\u00e3y n\u00fai cao \u1edf hai b\u00ean b\u1edd s\u00f4ng Ch\u1ea3y l\u00e0 d\u00e3y N\u00e0n S\u00edn (huy\u1ec7n Si Ma Cai) v\u00e0 d\u00e3y Cao S\u01a1n (huy\u1ec7n M\u01b0\u1eddng Kh\u01b0\u01a1ng). L\u01b0ng ch\u1eebng 2 d\u00e3y n\u00fai l\u00e0 nh\u1eefng con \u0111\u01b0\u1eddng m\u00f2n u\u1ed1n l\u01b0\u1ee3n, th\u1ea5p tho\u00e1ng nh\u1eefng b\u1ea3n nh\u1ecf l\u00e0 n\u01a1i t\u1eadp trung sinh s\u1ed1ng c\u1ee7a \u0111a s\u1ed1 \u0111\u1ed3ng b\u00e0o d\u00e2n t\u1ed9c M\u00f4ng. \u0110o\u00e0n \u0111\u1ebfn th\u0103m m\u1ed9t ng\u00f4i nh\u00e0 tr\u00ecnh t\u01b0\u1eddng nh\u1ecf n\u1eb1m gi\u1eefa thung l\u0169ng hoa m\u1eadn. T\u1ea1i \u0111\u00e2y, Q\u00fay kh\u00e1ch \u0111\u01b0\u1ee3c kh\u00e1m ph\u00e1 v\u0103n h\u00f3a d\u00e2n t\u1ed9c ng\u01b0\u1eddi Hmong, tham quan ch\u1ee5p \u1ea3nh gi\u1eefa thung l\u0169ng b\u1ea1t ng\u00e0n hoa m\u1eadn.<\/p>\n<p>Q\u00fay kh\u00e1ch tr\u1edf v\u1ec1 Homestay\/ kh\u00e1ch s\u1ea1n nh\u1eadn ph\u00f2ng ngh\u1ec9 ng\u01a1i.<\/p>\n<p><strong>T\u1ed1i:\u00a0<\/strong>Q\u00fay kh\u00e1ch th\u01b0\u1edfng th\u01b0\u0301c b\u01b0\u0303a t\u00f4\u0301i v\u01a1\u0301i nh\u01b0\u0303ng mo\u0301n \u0103n \u0111\u0103\u0323c s\u0103\u0309n vu\u0300ng cao trong ti\u00ea\u0301t tr\u01a1\u0300i se la\u0323nh.. Sau b\u1eefa t\u1ed1i Q\u00fay kh\u00e1ch ngh\u1ec9 \u0111\u00eam t\u1ea1i B\u1eafc H\u00e0.<\/p>\n<p><strong>NG\u00c0Y 02: CH\u1ee2 PHI\u00caN B\u1eaeC H\u00c0 \u2013 THA\u0309I GIA\u0300NG PH\u00d4\u0301 \u2013 DINH TH\u01af\u0323 HOA\u0300NG A T\u01af\u01a0\u0309NG \u2013 H\u00c0 N\u1ed8I<\/strong><\/p>\n<figure style=\"width: 1080px\" class=\"wp-caption aligncenter\"><img loading=\"lazy\" decoding=\"async\" src=\"https:\/\/halotravel.vn\/wp-content\/uploads\/2020\/11\/d1.jpg\" alt=\"Dinh Ho\u00e0ng A T\u01b0\u1edfng \u0110\u1ecba \u0111i\u1ec3m checkin hot th\u1ecb tr\u1ea5n B\u1eafc H\u00e0 - HaloTravel\" width=\"1080\" height=\"810\" \/><figcaption class=\"wp-caption-text\">Dinh Ho\u00e0ng A T\u01b0\u1edfng<\/figcaption><\/figure>\n<p><strong>S\u00e1ng<\/strong>: Q\u00fay kh\u00e1ch \u0103n s\u00e1ng t\u1ea1i nh\u00e0 h\u00e0ng. Sau \u0111\u00f3 \u0111o\u00e0n t\u1ef1 do t\u1ea3n b\u1ed9 kh\u00e1m ph\u00e1 ch\u1ee3 phi\u00ean B\u1eafc H\u00e0 h\u1ecdp v\u00e0o s\u00e1ng ch\u1ee7 nh\u1eadt h\u00e0ng tu\u1ea7n. Phi\u00ean ch\u1ee3 n\u1ed5i ti\u1ebfng b\u1edfi c\u00f2n gi\u1eef \u0111\u01b0\u1ee3c nh\u1eefng n\u00e9t nguy\u00ean s\u01a1 v\u00e0 mang \u0111\u1eadm n\u00e9t \u0111\u1eb7c tr\u01b0ng c\u1ee7a c\u00e1c d\u00e2n t\u1ed9c v\u00f9ng cao Vi\u1ec7t Nam.<\/p>\n<p>Sau \u0111\u00f3 HDV \u0111\u01b0a \u0111o\u00e0n gh\u00e9 th\u0103m Dinh Th\u1ef1 Ho\u00e0ng A T\u01b0\u1edfng g\u1ea7n 100 n\u0103m t\u1ed3n t\u1ea1i v\u1edbi th\u1eddi gian, ng\u00f4i nh\u00e0 ph\u1ee7 r\u00eau phong v\u1eabn uy nghi n\u1ed5i b\u1eadt gi\u1eefa th\u1ecb tr\u1ea5n.<\/p>\n<p>Ti\u1ebfp t\u1ee5c h\u00e0nh tr\u00ecnh \u0111\u01b0a \u0111o\u00e0n kh\u1edfi h\u00e0nh \u0111i B\u1eafc H\u00e0, Qu\u00fd kh\u00e1ch th\u0103m quan ch\u1ee5p \u1ea3nh t\u1ea1i v\u01b0\u1eddn hoa Th\u1ea3i Gi\u00e0ng Ph\u1ed1. Hoa \u1edf B\u1eafc H\u00e0 \u0111ua nhau khoe n\u1edf su\u1ed1t 4 m\u00f9a nh\u01b0: O\u1ea3i h\u01b0\u01a1ng, d\u1ea1 y\u1ebfn th\u1ea3o, c\u1ea9m t\u00fa c\u1ea7u, \u0111\u1ecba lan&#8230; Phong lan c\u0169ng l\u00e0 m\u1ed9t trong nh\u1eefng lo\u00e0i hoa \u0111\u01b0\u1ee3c tr\u1ed3ng nhi\u1ec1u \u1edf thung l\u0169ng hoa. C\u00e1c lo\u00e0i hoa \u1edf \u0111\u00e2y \u0111\u01b0\u1ee3c ch\u0103m ch\u00fat, trang tr\u00ed, quy ho\u1ea1ch r\u1ea5t b\u00e0i b\u1ea3n, c\u00e1c kh\u00f4ng gian ti\u1ec3u c\u1ea3nh \u0111\u01b0\u1ee3c ph\u1ed1i k\u1ebft h\u1ee3p h\u00e0i h\u00f2a v\u1edbi kh\u00f4ng gian thi\u00ean nhi\u00ean n\u00fai r\u1eebng&#8230;<\/p>\n<p><strong>Tr\u01b0a<\/strong>: \u0110o\u00e0n th\u01b0\u1edfng th\u1ee9c b\u1eefa tr\u01b0a t\u1ea1i nh\u00e0 h\u00e0ng.<\/p>\n<p><strong>Chi\u1ec1u<\/strong>: Q\u00fay kh\u00e1ch l\u00ean xe tr\u1edf v\u1ec1 H\u00e0 N\u1ed9i.<\/p>\n<p>T\u1ed1i: Xe v\u1ec1 \u0111\u1ebfn H\u00e0 N\u1ed9i, k\u1ebft th\u00fac chuy\u1ebfn tham quan nhi\u1ec1u tr\u1ea3i nghi\u1ec7m. HDV v\u00e0 l\u00e1i xe chia tay \u0111o\u00e0n, h\u1eb9n g\u1eb7p l\u1ea1i Q\u00fay kh\u00e1ch tr\u00ean nh\u1eefng cung \u0111\u01b0\u1eddng m\u1edbi.<\/p>\n<h3>Th\u00f4ng tin chi ti\u1ebft<\/h3>\n<p><strong>D\u1ecaCH V\u1ee4 BAO G\u1ed2M:<\/strong><\/p>\n<p>Xe\u00a0 Du l\u1ecbch \u0111\u1eddi m\u1edbi \u0111\u01b0a \u0111\u00f3n theo l\u1ecbch tr\u00ecnh<\/p>\n<p>Homestay \u0111\u1ea7y \u0111\u1ee7 ti\u1ec7n nghi sa\u0323ch se\u0303<\/p>\n<p>\u0102n 03 b\u1eefa ch\u00ednh ti\u00eau chu\u1ea9n 150.000\/su\u1ea5t\/kh\u00e1ch<\/p>\n<p>H\u01b0\u1edbng d\u1eabn vi\u00ean su\u1ed1t tuy\u1ebfn<\/p>\n<p>V\u00e9 th\u1eafng c\u1ea3nh c\u00e1c tuy\u1ebfn \u0111i\u1ec3m th\u0103m quan theo ch\u01b0\u01a1ng tr\u00ecnh<\/p>\n<p>B\u1ea3o hi\u1ec3m du l\u1ecbch tr\u1ecdn g\u00f3i m\u1ee9c \u0111\u1ec1n b\u00f9 t\u1ed1i \u0111a 10 tri\u1ec7u \u0111\u1ed3ng<\/p>\n<p>Ph\u1ee5c v\u1ee5 n\u01b0\u1edbc u\u1ed1ng 1 chai\/ng\u01b0\u1eddi\/ng\u00e0y<\/p>\n<p><strong>D\u1ecaCH V\u1ee4 KH\u00d4NG BAO G\u1ed2M:\u00a0<\/strong><\/p>\n<p>Thu\u1ebf VAT 10%<\/p>\n<p>T\u00edp cho h\u01b0\u1edbng d\u1eabn vi\u00ean, l\u00e1i xe, nh\u00e2n vi\u00ean ph\u1ee5c v\u1ee5<\/p>\n<p>Ngh\u1ec9 ph\u00f2ng \u0111\u01a1n, \u0111i\u1ec7n tho\u1ea1i, gi\u1eb7t l\u00e0, \u0111\u1ed3 u\u1ed1ng, th\u0103m quan ph\u00e1t sinh ngo\u00e0i ch\u01b0\u01a1ng tr\u00ecnh<\/p>\n","protected":false},"excerpt":{"rendered":"<p>NG\u00c0Y 01: H\u00c0 N\u1ed8I \u2013 TT B\u1eaeC H\u00c0 \u2013 T\u1ea2 V\u0102N CH\u01af 05h15: Xe v\u00e0 HDV \u0111\u00f3n Q\u00fay kh\u00e1ch t\u1ea1i \u0111i\u1ec3m t\u1eadp trung kh\u1edfi h\u00e0nh \u0111i B\u1eafc H\u00e0. Tr\u00ean \u0111\u01b0\u1eddng \u0111i \u0111o\u00e0n \u0103n s\u00e1ng t\u1ea1i \u0111i\u1ec3m d\u1eebng ch\u00e2n (chi ph\u00ed t\u1ef1 t\u00fac) 11h00: \u0110o\u00e0n th\u01b0\u1edfng th\u1ee9c b\u1eefa tr\u01b0a t\u1ea1i nh\u00e0 h\u00e0ng. 13:00: \u0110o\u00e0n kh\u1edfi h\u00e0nh [&#8230;]\n","protected":false},"featured_media":1191,"comment_status":"open","ping_status":"closed","template":"","meta":[],"product_cat":[109,122,114],"product_tag":[],"class_list":["post-1190","product","type-product","status-publish","has-post-thumbnail","hentry","product_cat-san-pham-ban-chay","product_cat-tour-mien-bac","product_cat-tour-trong-nuoc"],"acf":[],"yoast_head":"<!-- This site is optimized with the Yoast SEO plugin v19.7.2 - https:\/\/yoast.com\/wordpress\/plugins\/seo\/ -->\n<title>TOUR B\u1eaeC H\u00c0 \u2013 T\u1ea2 VAN CH\u01af \u2013 THA\u0309I GIA\u0300NG PH\u00d4\u0301 - dulich16<\/title>\n<meta name=\"robots\" content=\"noindex, follow, max-snippet:-1, max-image-preview:large, max-video-preview:-1\" \/>\n<meta property=\"og:locale\" content=\"vi_VN\" \/>\n<meta property=\"og:type\" content=\"article\" \/>\n<meta property=\"og:title\" content=\"TOUR B\u1eaeC H\u00c0 \u2013 T\u1ea2 VAN CH\u01af \u2013 THA\u0309I GIA\u0300NG PH\u00d4\u0301 - dulich16\" \/>\n<meta property=\"og:description\" content=\"NG\u00c0Y 01: H\u00c0 N\u1ed8I \u2013 TT B\u1eaeC H\u00c0 \u2013 T\u1ea2 V\u0102N CH\u01af 05h15: Xe v\u00e0 HDV \u0111\u00f3n Q\u00fay kh\u00e1ch t\u1ea1i \u0111i\u1ec3m t\u1eadp trung kh\u1edfi h\u00e0nh \u0111i B\u1eafc H\u00e0. Tr\u00ean \u0111\u01b0\u1eddng \u0111i \u0111o\u00e0n \u0103n s\u00e1ng t\u1ea1i \u0111i\u1ec3m d\u1eebng ch\u00e2n (chi ph\u00ed t\u1ef1 t\u00fac) 11h00: \u0110o\u00e0n th\u01b0\u1edfng th\u1ee9c b\u1eefa tr\u01b0a t\u1ea1i nh\u00e0 h\u00e0ng. 13:00: \u0110o\u00e0n kh\u1edfi h\u00e0nh [...]\" \/>\n<meta property=\"og:url\" content=\"https:\/\/mauweb.tamnguyen.vn\/dulich16\/san-pham\/tour-bac-ha-ta-van-chu-tha\u0309i-giang-pho\/\" \/>\n<meta property=\"og:site_name\" content=\"dulich16\" \/>\n<meta property=\"article:modified_time\" content=\"2022-05-04T03:54:46+00:00\" \/>\n<meta property=\"og:image\" content=\"https:\/\/mauweb.tamnguyen.vn\/dulich16\/wp-content\/uploads\/2022\/05\/bac-ha.jpg\" \/>\n\t<meta property=\"og:image:width\" content=\"700\" \/>\n\t<meta property=\"og:image:height\" content=\"467\" \/>\n\t<meta property=\"og:image:type\" content=\"image\/jpeg\" \/>\n<meta name=\"twitter:card\" content=\"summary_large_image\" \/>\n<meta name=\"twitter:label1\" content=\"\u01af\u1edbc t\u00ednh th\u1eddi gian \u0111\u1ecdc\" \/>\n\t<meta name=\"twitter:data1\" content=\"5 ph\u00fat\" \/>\n<script type=\"application\/ld+json\" class=\"yoast-schema-graph\">{\"@context\":\"https:\/\/schema.org\",\"@graph\":[{\"@type\":\"WebPage\",\"@id\":\"https:\/\/mauweb.tamnguyen.vn\/dulich16\/san-pham\/tour-bac-ha-ta-van-chu-tha%cc%89i-giang-pho\/\",\"url\":\"https:\/\/mauweb.tamnguyen.vn\/dulich16\/san-pham\/tour-bac-ha-ta-van-chu-tha%cc%89i-giang-pho\/\",\"name\":\"TOUR B\u1eaeC H\u00c0 \u2013 T\u1ea2 VAN CH\u01af \u2013 THA\u0309I GIA\u0300NG PH\u00d4\u0301 - dulich16\",\"isPartOf\":{\"@id\":\"https:\/\/mauweb.tamnguyen.vn\/dulich16\/#website\"},\"datePublished\":\"2022-05-01T13:36:37+00:00\",\"dateModified\":\"2022-05-04T03:54:46+00:00\",\"breadcrumb\":{\"@id\":\"https:\/\/mauweb.tamnguyen.vn\/dulich16\/san-pham\/tour-bac-ha-ta-van-chu-tha%cc%89i-giang-pho\/#breadcrumb\"},\"inLanguage\":\"vi\",\"potentialAction\":[{\"@type\":\"ReadAction\",\"target\":[\"https:\/\/mauweb.tamnguyen.vn\/dulich16\/san-pham\/tour-bac-ha-ta-van-chu-tha%cc%89i-giang-pho\/\"]}]},{\"@type\":\"BreadcrumbList\",\"@id\":\"https:\/\/mauweb.tamnguyen.vn\/dulich16\/san-pham\/tour-bac-ha-ta-van-chu-tha%cc%89i-giang-pho\/#breadcrumb\",\"itemListElement\":[{\"@type\":\"ListItem\",\"position\":1,\"name\":\"Trang ch\u1ee7\",\"item\":\"https:\/\/mauweb.tamnguyen.vn\/dulich16\/\"},{\"@type\":\"ListItem\",\"position\":2,\"name\":\"Shop\",\"item\":\"https:\/\/mauweb.tamnguyen.vn\/dulich16\/shop\/\"},{\"@type\":\"ListItem\",\"position\":3,\"name\":\"TOUR B\u1eaeC H\u00c0 \u2013 T\u1ea2 VAN CH\u01af \u2013 THA\u0309I GIA\u0300NG PH\u00d4\u0301\"}]},{\"@type\":\"WebSite\",\"@id\":\"https:\/\/mauweb.tamnguyen.vn\/dulich16\/#website\",\"url\":\"https:\/\/mauweb.tamnguyen.vn\/dulich16\/\",\"name\":\"dulich16\",\"description\":\"\",\"potentialAction\":[{\"@type\":\"SearchAction\",\"target\":{\"@type\":\"EntryPoint\",\"urlTemplate\":\"https:\/\/mauweb.tamnguyen.vn\/dulich16\/?s={search_term_string}\"},\"query-input\":\"required name=search_term_string\"}],\"inLanguage\":\"vi\"}]}<\/script>\n<!-- \/ Yoast SEO plugin. -->","yoast_head_json":{"title":"TOUR B\u1eaeC H\u00c0 \u2013 T\u1ea2 VAN CH\u01af \u2013 THA\u0309I GIA\u0300NG PH\u00d4\u0301 - dulich16","robots":{"index":"noindex","follow":"follow","max-snippet":"max-snippet:-1","max-image-preview":"max-image-preview:large","max-video-preview":"max-video-preview:-1"},"og_locale":"vi_VN","og_type":"article","og_title":"TOUR B\u1eaeC H\u00c0 \u2013 T\u1ea2 VAN CH\u01af \u2013 THA\u0309I GIA\u0300NG PH\u00d4\u0301 - dulich16","og_description":"NG\u00c0Y 01: H\u00c0 N\u1ed8I \u2013 TT B\u1eaeC H\u00c0 \u2013 T\u1ea2 V\u0102N CH\u01af 05h15: Xe v\u00e0 HDV \u0111\u00f3n Q\u00fay kh\u00e1ch t\u1ea1i \u0111i\u1ec3m t\u1eadp trung kh\u1edfi h\u00e0nh \u0111i B\u1eafc H\u00e0. Tr\u00ean \u0111\u01b0\u1eddng \u0111i \u0111o\u00e0n \u0103n s\u00e1ng t\u1ea1i \u0111i\u1ec3m d\u1eebng ch\u00e2n (chi ph\u00ed t\u1ef1 t\u00fac) 11h00: \u0110o\u00e0n th\u01b0\u1edfng th\u1ee9c b\u1eefa tr\u01b0a t\u1ea1i nh\u00e0 h\u00e0ng. 13:00: \u0110o\u00e0n kh\u1edfi h\u00e0nh [...]","og_url":"https:\/\/mauweb.tamnguyen.vn\/dulich16\/san-pham\/tour-bac-ha-ta-van-chu-tha\u0309i-giang-pho\/","og_site_name":"dulich16","article_modified_time":"2022-05-04T03:54:46+00:00","og_image":[{"width":700,"height":467,"url":"https:\/\/mauweb.tamnguyen.vn\/dulich16\/wp-content\/uploads\/2022\/05\/bac-ha.jpg","type":"image\/jpeg"}],"twitter_card":"summary_large_image","twitter_misc":{"\u01af\u1edbc t\u00ednh th\u1eddi gian \u0111\u1ecdc":"5 ph\u00fat"},"schema":{"@context":"https:\/\/schema.org","@graph":[{"@type":"WebPage","@id":"https:\/\/mauweb.tamnguyen.vn\/dulich16\/san-pham\/tour-bac-ha-ta-van-chu-tha%cc%89i-giang-pho\/","url":"https:\/\/mauweb.tamnguyen.vn\/dulich16\/san-pham\/tour-bac-ha-ta-van-chu-tha%cc%89i-giang-pho\/","name":"TOUR B\u1eaeC H\u00c0 \u2013 T\u1ea2 VAN CH\u01af \u2013 THA\u0309I GIA\u0300NG PH\u00d4\u0301 - dulich16","isPartOf":{"@id":"https:\/\/mauweb.tamnguyen.vn\/dulich16\/#website"},"datePublished":"2022-05-01T13:36:37+00:00","dateModified":"2022-05-04T03:54:46+00:00","breadcrumb":{"@id":"https:\/\/mauweb.tamnguyen.vn\/dulich16\/san-pham\/tour-bac-ha-ta-van-chu-tha%cc%89i-giang-pho\/#breadcrumb"},"inLanguage":"vi","potentialAction":[{"@type":"ReadAction","target":["https:\/\/mauweb.tamnguyen.vn\/dulich16\/san-pham\/tour-bac-ha-ta-van-chu-tha%cc%89i-giang-pho\/"]}]},{"@type":"BreadcrumbList","@id":"https:\/\/mauweb.tamnguyen.vn\/dulich16\/san-pham\/tour-bac-ha-ta-van-chu-tha%cc%89i-giang-pho\/#breadcrumb","itemListElement":[{"@type":"ListItem","position":1,"name":"Trang ch\u1ee7","item":"https:\/\/mauweb.tamnguyen.vn\/dulich16\/"},{"@type":"ListItem","position":2,"name":"Shop","item":"https:\/\/mauweb.tamnguyen.vn\/dulich16\/shop\/"},{"@type":"ListItem","position":3,"name":"TOUR B\u1eaeC H\u00c0 \u2013 T\u1ea2 VAN CH\u01af \u2013 THA\u0309I GIA\u0300NG PH\u00d4\u0301"}]},{"@type":"WebSite","@id":"https:\/\/mauweb.tamnguyen.vn\/dulich16\/#website","url":"https:\/\/mauweb.tamnguyen.vn\/dulich16\/","name":"dulich16","description":"","potentialAction":[{"@type":"SearchAction","target":{"@type":"EntryPoint","urlTemplate":"https:\/\/mauweb.tamnguyen.vn\/dulich16\/?s={search_term_string}"},"query-input":"required name=search_term_string"}],"inLanguage":"vi"}]}},"_links":{"self":[{"href":"https:\/\/mauweb.tamnguyen.vn\/dulich16\/wp-json\/wp\/v2\/product\/1190"}],"collection":[{"href":"https:\/\/mauweb.tamnguyen.vn\/dulich16\/wp-json\/wp\/v2\/product"}],"about":[{"href":"https:\/\/mauweb.tamnguyen.vn\/dulich16\/wp-json\/wp\/v2\/types\/product"}],"replies":[{"embeddable":true,"href":"https:\/\/mauweb.tamnguyen.vn\/dulich16\/wp-json\/wp\/v2\/comments?post=1190"}],"wp:featuredmedia":[{"embeddable":true,"href":"https:\/\/mauweb.tamnguyen.vn\/dulich16\/wp-json\/wp\/v2\/media\/1191"}],"wp:attachment":[{"href":"https:\/\/mauweb.tamnguyen.vn\/dulich16\/wp-json\/wp\/v2\/media?parent=1190"}],"wp:term":[{"taxonomy":"product_cat","embeddable":true,"href":"https:\/\/mauweb.tamnguyen.vn\/dulich16\/wp-json\/wp\/v2\/product_cat?post=1190"},{"taxonomy":"product_tag","embeddable":true,"href":"https:\/\/mauweb.tamnguyen.vn\/dulich16\/wp-json\/wp\/v2\/product_tag?post=1190"}],"curies":[{"name":"wp","href":"https:\/\/api.w.org\/{rel}","templated":true}]}}