{"id":1188,"date":"2022-05-01T13:28:03","date_gmt":"2022-05-01T13:28:03","guid":{"rendered":"http:\/\/mau2.maudep.com.vn\/dulich\/?post_type=product&#038;p=1188"},"modified":"2022-05-04T03:55:41","modified_gmt":"2022-05-04T03:55:41","slug":"tour-bac-quang-hoang-su-phi-xin-man-bac-ha","status":"publish","type":"product","link":"https:\/\/mauweb.tamnguyen.vn\/dulich16\/san-pham\/tour-bac-quang-hoang-su-phi-xin-man-bac-ha\/","title":{"rendered":"TOUR B\u1eaeC QUANG &#8211; HO\u00c0NG SU PH\u00cc &#8211; X\u00cdN M\u1ea6N &#8211; B\u1eaeC H\u00c0"},"content":{"rendered":"<p><strong>NG\u00c0Y 1: H\u00c0 N\u1ed8I -B\u1eaeC QUANG &#8211; HO\u00c0NG SU PH\u00cc (\u0102N TR\u01afA, T\u1ed0I)<\/strong><\/p>\n<p><img decoding=\"async\" class=\"aligncenter\" src=\"https:\/\/otrip.vn\/wp-content\/uploads\/2021\/04\/hoang-su-phi-otrip.jpg\" alt=\"ho\u00e0ng su ph\u00ec - otrip - Du l\u1ecbch OTrip\" \/><\/p>\n<p>Xe \u00f4t\u00f4 \u0111\u00f3n \u0111o\u00e0n t\u1ea1i \u0111i\u1ec3m h\u1eb9n kh\u1edfi h\u00e0nh\u00a0<strong>B\u1eafc Quang \u2013 H\u00e0 Giang<\/strong>.<\/p>\n<p>Qu\u00fd kh\u00e1ch \u0103n tr\u01b0a t\u1ea1i nh\u00e0 h\u00e0ng.<\/p>\n<p>Ti\u1ebfp t\u1ee5c kh\u1edfi h\u00e0nh \u0111i\u00a0<strong>Ho\u00e0ng Su Ph\u00ec<\/strong>\u00a0\u2013<em>chi\u00eam ng\u01b0\u1ee1ng nh\u1eefng th\u1eeda ru\u1ed9ng b\u1eadc thang k\u1ef3 v\u0129, \u0111\u1eb9p m\u00ea h\u1ed3n t\u1ea1i N\u1eadm Ty, Th\u00f4ng Nguy\u00ean. (m\u00f9a n\u01b0\u1edbc \u0111\u1ed5 &#8211; th\u00e1ng 3, th\u00e1ng 6,7,8 \u00a0b\u1eaft \u0111\u1ea7u m\u1ed9t m\u00f9a l\u00faa n\u00f3n xanh. \u0110\u1eb7c bi\u1ec7t, v\u00e0o th\u00e1ng 9, 10 nh\u1eefng th\u1eeda ru\u1ed9ng l\u00faa ch\u00edn v\u00e0ng \u00f3ng, r\u1ef1c r\u1ee1 tr\u00ean c\u00e1c tri\u1ec1n n\u00fai)<\/em><\/p>\n<p>\u0110\u1ebfn Ho\u00e0ng Su Ph\u00ec, Qu\u00fd kh\u00e1ch nh\u1eadn ph\u00f2ng kh\u00e1ch s\u1ea1n ngh\u1ec9 ng\u01a1i<\/p>\n<p>Qu\u00fd kh\u00e1ch \u0103n t\u1ed1i,\u00a0 t\u1ef1 do tham quan v\u1ec1 \u0111\u00eam.<\/p>\n<p><strong>Ngh\u1ec9 \u0111\u00eam\u00a0 t\u1ea1i kh\u00e1ch s\u1ea1n \u1edf Ho\u00e0ng Su Ph\u00ec.<\/strong><\/p>\n<p><strong>NG\u00c0Y 2: HO\u00c0NG XU PH\u00cc- X\u00cdN M\u1ea6N- B\u1eaeC H\u00c0(\u0102N S\u00c1NG, TR\u01afA, T\u1ed0I)<\/strong><\/p>\n<p><img decoding=\"async\" class=\"aligncenter\" src=\"https:\/\/media.mia.vn\/uploads\/blog-du-lich\/xin-man-ha-giang-ve-dep-cua-mien-dat-noi-dia-dau-to-quoc-1-1643181493.jpg\" alt=\"X\u00edn M\u1ea7n H\u00e0 Giang - V\u1ebb \u0111\u1eb9p c\u1ee7a mi\u1ec1n \u0111\u1ea5t n\u01a1i \u0111\u1ecba \u0111\u1ea7u T\u1ed5 qu\u1ed1c\" \/><\/p>\n<p>\u0102n s\u00e1ng,tr\u1ea3 ph\u00f2ng kh\u00e1ch s\u1ea1n, t\u1ef1 do tham quan v\u00e0 t\u00ecm hi\u1ec3u phi\u00ean ch\u1ee3 c\u1ee7a c\u00e1c \u0111\u1ed3ng b\u00e0o d\u00e2n t\u1ed9c t\u1ea1i Ho\u00e0ng Su Ph\u00ec, sau \u0111\u00f3 HDV \u0111\u01b0a \u0111o\u00e0n \u0111i tham quan v\u00e0 ch\u1ee5p \u1ea3nh 1 trong nh\u1eefng ru\u1ed9ng b\u1eadc thang t\u1ea1i Ho\u00e0ng Su Ph\u00ec.<\/p>\n<ul>\n<li><strong>Ru\u1ed9ng b\u1eadc thang<\/strong>\u2013 Danh th\u1eafng ru\u1ed9ng b\u1eadc thang Ho\u00e0ng Su Ph\u00ec n\u1eb1m tr\u00ean \u0111\u1ecba b\u00e0n 6 x\u00e3 B\u1ea3n Lu\u1ed1c, S\u00e1n S\u1ea3 H\u1ed3, B\u1ea3n Ph\u00f9ng, H\u1ed3 Th\u1ea7u, N\u1eadm Ty v\u00e0 Th\u00f4ng Nguy\u00ean.<\/li>\n<li><strong>Ng\u1eafm nh\u00ecn \u0111\u1ec9nh n\u00fai T\u00e2y C\u00f4n L\u0129nh<\/strong>,\u00a0<em>\u0111\u00e2y l\u00e0 \u0111\u1ec9nh cao nh\u1ea5t v\u00f9ng\u00a0<\/em><a href=\"http:\/\/vi.wikipedia.org\/wiki\/%C4%90%C3%B4ng_B%E1%BA%AFc_Vi%E1%BB%87t_Nam\"><em>\u0110\u00f4ng B\u1eafc Vi\u1ec7t Nam<\/em><\/a><em>v\u00e0 l\u00e0 m\u1ed9t trong nh\u1eefng \u0111\u1ec9nh n\u00fai\u00a0<\/em><a href=\"http:\/\/vi.wikipedia.org\/w\/index.php?title=Danh_s%C3%A1ch_nh%E1%BB%AFng_%C4%91%E1%BB%89nh_n%C3%BAi_cao_nh%E1%BA%A5t_Vi%E1%BB%87t_Nam&amp;action=edit&amp;redlink=1\"><em>cao nh\u1ea5t Vi\u1ec7t Nam<\/em><\/a><\/li>\n<\/ul>\n<p>\u0102n tr\u01b0a t\u1ea1i nh\u00e0 h\u00e0ng<\/p>\n<p>\u0110o\u00e0n kh\u1edfi h\u00e0nh \u0111i B\u1eafc H\u00e0, chi\u00eam ng\u01b0\u1ee1ng nh\u1eefng cung \u0111\u01b0\u1eddng \u0111\u00e8o tuy\u1ec7t \u0111\u1eb9p v\u00f9ng \u0110\u00f4ng \u2013 T\u00e2y B\u1eafc.<\/p>\n<p>\u0102n t\u1ed1i t\u1ea1i nh\u00e0 h\u00e0ng<\/p>\n<p><strong>Ngh\u1ec9 \u0111\u00eam t\u1ea1i B\u1eafc H\u00e0.<\/strong><\/p>\n<p><strong>NG\u00c0Y 3: B\u1eaeC H\u00c0 &#8211; H\u00c0 N\u1ed8I(\u0102N S\u00c1NG, TR\u01afA )<\/strong><\/p>\n<figure style=\"width: 480px\" class=\"wp-caption aligncenter\"><img loading=\"lazy\" decoding=\"async\" src=\"https:\/\/katana.bdatrip.com\/image\/w=480\/https:\/\/images.bdatrip.com\/2021\/3\/cke\/thung-lung-hoa-bac-ha.jpg\" alt=\"Gh\u00e9 Th\u0103m B\u1eafc H\u00e0 Thi\u00ean \u0110\u01b0\u1eddng C\u1ee7a Nh\u1eefng Lo\u00e0i Hoa T\u1ea1i L\u00e0o Cai\" width=\"480\" height=\"270\" \/><figcaption class=\"wp-caption-text\">thung l\u0169ng hoa B\u1eafc H\u00e0<\/figcaption><\/figure>\n<p>Sau khi \u0103n s\u00e1ng, \u0110o\u00e0n tham quan ch\u1ee3 Phi\u00ean B\u1eafc H\u00e0 (n\u1ebfu v\u00e0o ch\u1ee7 nh\u1eadt h\u00e0ng tu\u1ea7n)<\/p>\n<p>Qu\u00fd kh\u00e1ch tham quan\u00a0<strong>Dinh Ho\u00e0ng A T\u01b0\u1edfng<\/strong>\u00a0&#8211; hay c\u00f2n \u0111\u01b0\u1ee3c bi\u1ebft \u0111\u1ebfn v\u1edbi c\u00e1i t\u00ean dinh th\u1ef1 vua M\u00e8o B\u1eafc H\u00e0.<\/p>\n<p>\u0102n tr\u01b0a t\u1ea1i nh\u00e0 h\u00e0ng.<\/p>\n<p>L\u00ean xe tr\u1edf v\u1ec1\u00a0<strong>H\u00e0 N\u1ed9i,<\/strong>\u00a0tr\u00ean \u0111\u01b0\u1eddng d\u1eebng ch\u00e2n mua s\u1ea3n ph\u1ea9m l\u01b0u ni\u1ec7m \u0111\u1ecba ph\u01b0\u01a1ng.V\u1ec1 \u0111\u1ebfn\u00a0<strong>\u0111i\u1ec3m h\u1eb9n ban \u0111\u1ea7u<\/strong>, HDV chia tay qu\u00fd kh\u00e1ch &#8211; k\u1ebft th\u00fac ch\u01b0\u01a1ng tr\u00ecnh. H\u1eb9n g\u1eb7p l\u1ea1i trong c\u00e1c chuy\u1ebfn \u0111i ti\u1ebfp theo!<\/p>\n<p><strong>Th\u00f4ng tin chi ti\u1ebft<\/strong><\/p>\n<p><strong><u>D\u1ecaCH V\u1ee4 BAO G\u1ed2M:<\/u><\/strong><\/p>\n<ul>\n<li>Xe v\u1eadn chuy\u1ec3n theo ch\u01b0\u01a1ng tr\u00ecnh.<\/li>\n<li>Ph\u00f2ng kh\u00e1ch s\u1ea1n \u0111\u1ecba ph\u01b0\u01a1ng: 02 kh\u00e1ch ng\u01b0\u1eddi l\u1edbn\/ph\u00f2ng, tr\u01b0\u1eddng h\u1ee3p l\u1ebb nam ho\u1eb7c n ng\u1ee7 gh\u00e9p 03 kh\u00e1ch\/ ph\u00f2ng.<\/li>\n<li>C\u00e1c b\u1eefa \u0103n theo ch\u01b0\u01a1ng tr\u00ecnh: M\u1ee9c \u0103n ch\u00ednh: 120,000\u0111\/ su\u1ea5t x 05 b\u1eefa. M\u1ee9c \u0103n ph\u1ee5: 02 b\u1eefa x40.000 \u0111\/ su\u1ea5t.<\/li>\n<li>H\u01b0\u1edbng d\u1eabn vi\u00ean ph\u1ee5c v\u1ee5 theo ch\u01b0\u01a1ng tr\u00ecnh.<\/li>\n<li>B\u1ea3o hi\u1ec3m du l\u1ecbch theo tour; m\u1ee9c tr\u00e1ch nhi\u1ec7m cao nh\u1ea5t 60,000,000\u0111\/v\u1ee5\/ ng\u01b0\u1eddi.<\/li>\n<li>V\u00e9 th\u1eafng c\u1ea3nh c\u00e1c \u0111i\u1ec3m v\u00e0o c\u1eeda l\u1ea7n th\u1ee9 nh\u1ea5t theo ch\u01b0\u01a1ng tr\u00ecnh.<\/li>\n<li>N\u01b0\u1edbc u\u1ed1ng 1 chai 500ml\/ng\u00e0y\/ kh\u00e1ch.<\/li>\n<li>M\u0169 du l\u1ecbch Hoang Long Tourist.<\/li>\n<\/ul>\n<p><strong><u>D\u1ecaCH V\u1ee4 KH\u00d4NG BAO G\u1ed2M:<\/u><\/strong><\/p>\n<ul>\n<li><strong>Thu\u1ebf VAT.<\/strong><\/li>\n<li>Ph\u1ee5 ph\u00ed ngh\u1ec9 ph\u00f2ng \u0111\u01a1n, k\u00ea gi\u01b0\u1eddng ph\u1ee5, \u0111\u1ed3 u\u1ed1ng.<\/li>\n<li>Chi ph\u00ed t\u1ea1i kh\u00e1ch s\u1ea1n: Gi\u1eb7t l\u00e0, \u0111i\u1ec7n tho\u1ea1i,&#8230; v\u00e0 c\u00e1c d\u1ecbch v\u1ee5 kh\u00e1c ngo\u00e0i quy \u0111\u1ecbnh t\u1ea1i kh\u00e1ch s\u1ea1n.<\/li>\n<li>Chi ph\u00ed c\u00e1 nh\u00e2n, tham quan, vui ch\u01a1i, gi\u1ea3i tr\u00ed ngo\u00e0i ch\u01b0\u01a1ng tr\u00ecnh.<\/li>\n<li>Ti\u1ec1n b\u1ed3i d\u01b0\u1ee1ng cho HDV v\u00e0 LX.<\/li>\n<li>Chi ph\u00ed kh\u00e1c kh\u00f4ng \u0111\u1ec1 c\u1eadp trong ph\u1ea7n bao g\u1ed3m.<\/li>\n<\/ul>\n<p><strong>*Ch\u00ednh s\u00e1ch tr\u1ebb em c\u0103n c\u1ee9 tr\u00ean gi\u1ea5y khai sinh t\u00ednh t\u1edbi ng\u00e0y kh\u1edfi h\u00e0nh<\/strong><\/p>\n<ul>\n<li>Tr\u1ebb em d\u01b0\u1edbi 2 tu\u1ed5i: Kh\u00f4ng thu ph\u00ed d\u1ecbch v\u1ee5, ng\u1ee7 chung gi\u01b0\u1eddng v\u1edbi b\u1ed1 m\u1eb9. C\u00e1c chi ph\u00ed ph\u00e1t sinh n\u1ebfu c\u00f3 th\u00ec B\u00ean A t\u1ef1 chi tr\u1ea3 tr\u1ef1c ti\u1ebfp.<\/li>\n<li>Tr\u1ebb em t\u1eeb 2 \u0111\u1ebfn d\u01b0\u1edbi 4 tu\u1ed5i (cao d\u01b0\u1edbi 1m): \u0102n n\u1eeda su\u1ea5t, ng\u1ee7 chung gi\u01b0\u1eddng v\u1edbi b\u1ed1 m\u1eb9, tr\u1ebb th\u1ee9 3 s\u1ebd ph\u1ea3i t\u00ednh ph\u1ee5 ph\u00ed th\u00eam gi\u01b0\u1eddng n\u1ebfu ng\u1ee7 chung ph\u00f2ng v\u1edbi b\u1ed1 m\u1eb9.<\/li>\n<li>Tr\u1ebb em t\u1eeb 4 &#8211; d\u01b0\u1edbi 11 tu\u1ed5i: \u0102n 1 su\u1ea5t, ng\u1ee7 chung v\u1edbi b\u1ed1 m\u1eb9, tr\u1ebb th\u1ee9 2 s\u1ebd t\u00ednh ph\u1ee5 ph\u00ed th\u00eam gi\u01b0\u1eddng n\u1ebfu ng\u1ee7 chung ph\u00f2ng v\u1edbi b\u1ed1 m\u1eb9.<\/li>\n<li>Tr\u1ebb em 11 tu\u1ed5i tr\u1edf l\u00ean: Gi\u00e1 tour nh\u01b0 ng\u01b0\u1eddi l\u1edbn, bao g\u1ed3m ph\u01b0\u01a1ng ti\u1ec7n v\u1eadn chuy\u1ec3n, kh\u00e1ch s\u1ea1n, \u0103n u\u1ed1ng theo ch\u01b0\u01a1ng tr\u00ecnh, v\u00e9 tham quan theo qui \u0111\u1ecbnh c\u00e1c \u0111i\u1ec3m tham quan.<\/li>\n<\/ul>\n<p><strong>* C\u00e1c l\u01b0u \u00fd kh\u00e1c<\/strong><\/p>\n<ul>\n<li>Khi \u0111\u0103ng k\u00fd du l\u1ecbch ho\u1eb7c khi tham gia h\u00e0nh tr\u00ecnh: Mang theo b\u1ea3n g\u1ed1c 1 trong c\u00e1c gi\u1ea5y t\u1edd sau: Ch\u1ee9ng minh th\u01b0 nh\u00e2n d\u00e2n\/ Th\u1ebb CCCD (kh\u00f4ng qu\u00e1 h\u1ea1n quy \u0111\u1ecbnh l\u00e0 15 n\u0103m), H\u1ed9 chi\u1ebfu, B\u1eb1ng l\u00e1i xe c\u00f2n gi\u00e1 tr\u1ecb s\u1eed d\u1ee5ng; Th\u1ebb \u0111\u1ea3ng vi\u00ean; Gi\u1ea5y khai sinh (tr\u1ebb em d\u01b0\u1edbi 14 tu\u1ed5i), tr\u1ebb em t\u1eeb 14 tu\u1ed5i tr\u1edf l\u00ean ph\u1ea3i c\u00f3 CMND ho\u1eb7c h\u1ed9 chi\u1ebfu.<\/li>\n<li>Ri\u00eang kh\u00e1ch Vi\u1ec7t Ki\u1ec1u ngo\u00e0i H\u1ed9 chi\u1ebfu, c\u1ea7n mang theo th\u1ebb xanh k\u00e8m Visa v\u00e0 gi\u1ea5y t\u00e1i xu\u1ea5t nh\u1eadp Vi\u1ec7t Nam. C\u00e1c gi\u1ea5y t\u1edd n\u00e0y b\u1ea3o \u0111\u1ea3m nguy\u00ean b\u1ea3n, kh\u00f4ng r\u00e1ch r\u1eddi, t\u1ea9y x\u00f3a, c\u1eaft d\u00e1n, \u2026<\/li>\n<li>Ng\u01b0\u1eddi gi\u00e0 tr\u00ean 70 tu\u1ed5i cam k\u1ebft \u0111\u1ee7 s\u1ee9c kh\u1ecfe du l\u1ecbch, \u0111\u1ed3ng th\u1eddi ph\u1ea3i c\u00f3 ng\u01b0\u1eddi d\u01b0\u1edbi 55 tu\u1ed5i \u0111i c\u00f9ng, quy\u1ec1n l\u1ee3i b\u1ea3o hi\u1ec3m du l\u1ecbch \u0111\u01b0\u1ee3c h\u00e3ng b\u1ea3o hi\u1ec3m quy \u0111\u1ecbnh \u0111\u1ec1n b\u00f9 t\u1ed1i \u0111a l\u00e0 50% so v\u1edbi ti\u00eau chu\u1ea9n th\u00f4ng th\u01b0\u1eddng.<\/li>\n<li>Kh\u00e1ch c\u00f3 thai ph\u1ea3i th\u00f4ng b\u00e1o khi \u0111\u0103ng k\u00fd tour \u0111\u1ec3 \u0111\u01b0\u1ee3c h\u01b0\u1edbng d\u1eabn.<\/li>\n<li>Danh s\u00e1ch kh\u00e1ch du l\u1ecbch ph\u1ea3i tr\u00f9ng kh\u1edbp v\u1edbi t\u00ean trong gi\u1ea5y t\u1edd t\u00f9y th\u00e2n.<\/li>\n<li>C\u00e1c tr\u01b0\u1eddng h\u1ee3p b\u1ea5t kh\u1ea3 kh\u00e1ng Hoang Long Tourist \u0111\u01b0\u1ee3c mi\u1ec5n tr\u1eeb tr\u00e1ch nhi\u1ec7m: Tai h\u1ecda do thi\u00ean nhi\u00ean g\u00e2y ra, h\u1ecfa ho\u1ea1n, d\u1ecbch b\u1ec7nh; do giao th\u00f4ng t\u1eafc ngh\u1ebdn, do s\u1ef1 c\u1ed1 k\u1ef9 thu\u1eadt ph\u01b0\u01a1ng ti\u1ec7n di chuy\u1ec3n c\u00f4ng c\u1ed9ng, do \u0111\u00ecnh c\u00f4ng, b\u00e3i c\u00f4ng, bi\u1ec3u t\u00ecnh, chi\u1ebfn tranh, kh\u1ee7ng b\u1ed1 ho\u1eb7c do quy\u1ebft \u0111\u1ecbnh \u0111\u01a1n ph\u01b0\u01a1ng c\u1ee7a c\u01a1 quan c\u00f3 th\u1ea9m quy\u1ec1n v\u00e0 kh\u00f4ng gi\u1edbi h\u1ea1n c\u00e1c tr\u01b0\u1eddng h\u1ee3p kh\u00e1c x\u1ea3y ra mang t\u00ednh ch\u1ea5t kh\u00e1ch quan&#8230; N\u1ebfu chuy\u1ebfn bay b\u1ecb thay \u0111\u1ed5i gi\u1edd bay s\u1edbm h\u01a1n ho\u1eb7c mu\u1ed9n h\u01a1n so v\u1edbi gi\u1edd \u0111\u00e3 \u0111\u1ecbnh, n\u00ean c\u00e1c d\u1ecbch v\u1ee5 c\u00f3 th\u1ec3 b\u1ecb t\u0103ng, gi\u1ea3m nh\u01b0: b\u1eefa \u0103n t\u1ea1i nh\u00e0 h\u00e0ng, \u0111i\u1ec3m tham quan. Hoang Long Tourist s\u1ebd s\u1eafp x\u1ebfp v\u00e0 c\u00f9ng b\u00e0n b\u1ea1c v\u1edbi kh\u00e1ch du l\u1ecbch \u0111\u1ec3 \u0111\u1ea3m b\u1ea3o c\u00f3 \u0111i\u1ec1u ki\u1ec7n ph\u1ee5c v\u1ee5 t\u1ed1t nh\u1ea5t, gi\u1ea3m thi\u1ec3u t\u1ed1i \u0111a c\u00e1c chi ph\u00ed ph\u00e1t sinh do kh\u00e1ch du l\u1ecbch ph\u1ea3i chi tr\u1ea3.<\/li>\n<li>Gi\u1edd nh\u1eadn ph\u00f2ng kh\u00e1ch s\u1ea1n: T\u1eeb 14:00-15:00 gi\u1edd; Gi\u1edd tr\u1ea3 ph\u00f2ng: tr\u01b0\u1edbc 12:00 gi\u1edd tr\u01b0a.<\/li>\n<li>Kh\u00e1ch gh\u00e9p\u00a0tour l\u1ebb gi\u1edbi t\u00ednh, n\u1ebfu kh\u00f4ng th\u1ec3 s\u1eafp x\u1ebfp \u0111\u01b0\u1ee3c chung ph\u00f2ng th\u00ec s\u1ebd ph\u1ea3i \u0111\u00f3ng ti\u1ec1n ph\u00ed ng\u1ee7 1 ph\u00f2ng \u0111\u01a1n.<\/li>\n<\/ul>\n<p><strong>L\u01afU \u00dd B\u00c1O GI\u00c1<\/strong><\/p>\n<ul>\n<li>B\u00e1o gi\u00e1 \u00e1p d\u1ee5ng cho \u0111o\u00e0n t\u1eeb 20 kh\u00e1ch (ng\u01b0\u1eddi l\u1edbn) tr\u1edf l\u00ean, n\u1ebfu \u0111o\u00e0n \u00edt h\u01a1n 20 ng\u01b0\u1eddi l\u1edbn, gi\u00e1 s\u1ebd \u0111\u01b0\u1ee3c \u0111i\u1ec1u ch\u1ec9nh l\u1ea1i.<\/li>\n<li>M\u1ee9c b\u00e1o gi\u00e1 cho \u0111o\u00e0n ri\u00eang c\u0103n c\u1ee9 tr\u00ean gi\u00e1 d\u1ecbch v\u1ee5 v\u00e0 v\u00e9 m\u00e1y bay t\u1ea1i th\u1eddi \u0111i\u1ec3m b\u00e1o gi\u00e1, ch\u01b0a c\u00f3 d\u1ecbch v\u1ee5 n\u00e0o ch\u00ednh th\u1ee9c \u0111\u01b0\u1ee3c ti\u1ebfn h\u00e0nh \u0111\u1eb7t cho \u0111\u1ebfn khi c\u00f3 s\u1ef1 x\u00e1c nh\u1eadn c\u1ee7a Qu\u00fd kh\u00e1ch. Gi\u00e1 v\u00e9 m\u00e1y bay v\u00e0 d\u1ecbch v\u1ee5 tour c\u00f3 th\u1ec3 thay \u0111\u1ed5i theo t\u1eebng th\u1eddi \u0111i\u1ec3m kh\u00e1c nhau.<\/li>\n<li>N\u1ebfu y\u00eau c\u1ea7u \u1edf ph\u00f2ng \u0111\u01a1n, Qu\u00fd kh\u00e1ch vui l\u00f2ng thanh to\u00e1n ph\u00ed ph\u1ee5 thu.<\/li>\n<li>Hoang Long Tourist khuy\u1ebfn kh\u00edch qu\u00fd kh\u00e1ch g\u1eedi danh s\u00e1ch \u0111o\u00e0n v\u00e0 \u0111\u1eb7t tour s\u1edbm nh\u1eb1m h\u1ea1n ch\u1ebf gi\u00e1 v\u00e9 m\u00e1y bay v\u00e0 d\u1ecbch v\u1ee5 tour t\u0103ng cao.<\/li>\n<li>Khi \u0111\u0103ng k\u00fd tour du l\u1ecbch, Qu\u00fd kh\u00e1ch vui l\u00f2ng \u0111\u1ecdc k\u1ef9 ch\u01b0\u01a1ng tr\u00ecnh, gi\u00e1 tour, c\u00e1c kho\u1ea3n bao g\u1ed3m, kh\u00f4ng bao g\u1ed3m trong ch\u01b0\u01a1ng tr\u00ecnh, c\u00e1c \u0111i\u1ec1u ki\u1ec7n h\u1ee7y tour. N\u1ebfu Qu\u00fd kh\u00e1ch kh\u00f4ng ph\u1ea3i l\u00e0 ng\u01b0\u1eddi tr\u1ef1c ti\u1ebfp \u0111\u0103ng k\u00fd mua tour, vui l\u00f2ng t\u00ecm hi\u1ec3u k\u1ef9 ch\u01b0\u01a1ng tr\u00ecnh, v\u00e0 c\u00e1c \u0111i\u1ec1u ki\u1ec7n k\u00e8m theo \u0111\u1ec3 \u1ee7y quy\u1ec1n cho ng\u01b0\u1eddi \u0111\u1ea1i di\u1ec7n.<\/li>\n<li>\u0110\u00e2y l\u00e0 ch\u01b0\u01a1ng tr\u00ecnh du l\u1ecbch ti\u1ebft ki\u1ec7m tr\u1ecdn g\u00f3i, Hoang Long Tourist mi\u1ec5n tr\u1eeb tr\u00e1ch nhi\u1ec7m ho\u00e0n tr\u1ea3 chi ph\u00ed ch\u00eanh l\u1ec7ch cho c\u00e1c kh\u00e1ch h\u00e0ng thu\u1ed9c di\u1ec7n mi\u1ec5n gi\u1ea3m ho\u1eb7c \u0111\u1ed1i t\u01b0\u1ee3ng \u01b0u ti\u00ean nh\u01b0 ng\u01b0\u1eddi l\u1edbn tu\u1ed5i, ng\u01b0\u1eddi c\u00f3 c\u00f4ng v\u1edbi c\u00e1ch m\u1ea1ng\u2026<\/li>\n<\/ul>\n","protected":false},"excerpt":{"rendered":"<p>NG\u00c0Y 1: H\u00c0 N\u1ed8I -B\u1eaeC QUANG &#8211; HO\u00c0NG SU PH\u00cc (\u0102N TR\u01afA, T\u1ed0I) Xe \u00f4t\u00f4 \u0111\u00f3n \u0111o\u00e0n t\u1ea1i \u0111i\u1ec3m h\u1eb9n kh\u1edfi h\u00e0nh\u00a0B\u1eafc Quang \u2013 H\u00e0 Giang. Qu\u00fd kh\u00e1ch \u0103n tr\u01b0a t\u1ea1i nh\u00e0 h\u00e0ng. Ti\u1ebfp t\u1ee5c kh\u1edfi h\u00e0nh \u0111i\u00a0Ho\u00e0ng Su Ph\u00ec\u00a0\u2013chi\u00eam ng\u01b0\u1ee1ng nh\u1eefng th\u1eeda ru\u1ed9ng b\u1eadc thang k\u1ef3 v\u0129, \u0111\u1eb9p m\u00ea h\u1ed3n t\u1ea1i N\u1eadm Ty, Th\u00f4ng [&#8230;]\n","protected":false},"featured_media":1189,"comment_status":"open","ping_status":"closed","template":"","meta":[],"product_cat":[109,122,114],"product_tag":[],"class_list":["post-1188","product","type-product","status-publish","has-post-thumbnail","hentry","product_cat-san-pham-ban-chay","product_cat-tour-mien-bac","product_cat-tour-trong-nuoc"],"acf":[],"yoast_head":"<!-- This site is optimized with the Yoast SEO plugin v19.7.2 - https:\/\/yoast.com\/wordpress\/plugins\/seo\/ -->\n<title>TOUR B\u1eaeC QUANG - HO\u00c0NG SU PH\u00cc - X\u00cdN M\u1ea6N - B\u1eaeC H\u00c0 - dulich16<\/title>\n<meta name=\"robots\" content=\"noindex, follow, max-snippet:-1, max-image-preview:large, max-video-preview:-1\" \/>\n<meta property=\"og:locale\" content=\"vi_VN\" \/>\n<meta property=\"og:type\" content=\"article\" \/>\n<meta property=\"og:title\" content=\"TOUR B\u1eaeC QUANG - HO\u00c0NG SU PH\u00cc - X\u00cdN M\u1ea6N - B\u1eaeC H\u00c0 - dulich16\" \/>\n<meta property=\"og:description\" content=\"NG\u00c0Y 1: H\u00c0 N\u1ed8I -B\u1eaeC QUANG &#8211; HO\u00c0NG SU PH\u00cc (\u0102N TR\u01afA, T\u1ed0I) Xe \u00f4t\u00f4 \u0111\u00f3n \u0111o\u00e0n t\u1ea1i \u0111i\u1ec3m h\u1eb9n kh\u1edfi h\u00e0nh\u00a0B\u1eafc Quang \u2013 H\u00e0 Giang. Qu\u00fd kh\u00e1ch \u0103n tr\u01b0a t\u1ea1i nh\u00e0 h\u00e0ng. Ti\u1ebfp t\u1ee5c kh\u1edfi h\u00e0nh \u0111i\u00a0Ho\u00e0ng Su Ph\u00ec\u00a0\u2013chi\u00eam ng\u01b0\u1ee1ng nh\u1eefng th\u1eeda ru\u1ed9ng b\u1eadc thang k\u1ef3 v\u0129, \u0111\u1eb9p m\u00ea h\u1ed3n t\u1ea1i N\u1eadm Ty, Th\u00f4ng [...]\" \/>\n<meta property=\"og:url\" content=\"https:\/\/mauweb.tamnguyen.vn\/dulich16\/san-pham\/tour-bac-quang-hoang-su-phi-xin-man-bac-ha\/\" \/>\n<meta property=\"og:site_name\" content=\"dulich16\" \/>\n<meta property=\"article:modified_time\" content=\"2022-05-04T03:55:41+00:00\" \/>\n<meta property=\"og:image\" content=\"https:\/\/mauweb.tamnguyen.vn\/dulich16\/wp-content\/uploads\/2022\/05\/cea924447_636977913340850233_HasThumb_Thumb.png\" \/>\n\t<meta property=\"og:image:width\" content=\"800\" \/>\n\t<meta property=\"og:image:height\" content=\"541\" \/>\n\t<meta property=\"og:image:type\" content=\"image\/png\" \/>\n<meta name=\"twitter:card\" content=\"summary_large_image\" \/>\n<meta name=\"twitter:label1\" content=\"\u01af\u1edbc t\u00ednh th\u1eddi gian \u0111\u1ecdc\" \/>\n\t<meta name=\"twitter:data1\" content=\"10 ph\u00fat\" \/>\n<script type=\"application\/ld+json\" class=\"yoast-schema-graph\">{\"@context\":\"https:\/\/schema.org\",\"@graph\":[{\"@type\":\"WebPage\",\"@id\":\"https:\/\/mauweb.tamnguyen.vn\/dulich16\/san-pham\/tour-bac-quang-hoang-su-phi-xin-man-bac-ha\/\",\"url\":\"https:\/\/mauweb.tamnguyen.vn\/dulich16\/san-pham\/tour-bac-quang-hoang-su-phi-xin-man-bac-ha\/\",\"name\":\"TOUR B\u1eaeC QUANG - HO\u00c0NG SU PH\u00cc - X\u00cdN M\u1ea6N - B\u1eaeC H\u00c0 - dulich16\",\"isPartOf\":{\"@id\":\"https:\/\/mauweb.tamnguyen.vn\/dulich16\/#website\"},\"datePublished\":\"2022-05-01T13:28:03+00:00\",\"dateModified\":\"2022-05-04T03:55:41+00:00\",\"breadcrumb\":{\"@id\":\"https:\/\/mauweb.tamnguyen.vn\/dulich16\/san-pham\/tour-bac-quang-hoang-su-phi-xin-man-bac-ha\/#breadcrumb\"},\"inLanguage\":\"vi\",\"potentialAction\":[{\"@type\":\"ReadAction\",\"target\":[\"https:\/\/mauweb.tamnguyen.vn\/dulich16\/san-pham\/tour-bac-quang-hoang-su-phi-xin-man-bac-ha\/\"]}]},{\"@type\":\"BreadcrumbList\",\"@id\":\"https:\/\/mauweb.tamnguyen.vn\/dulich16\/san-pham\/tour-bac-quang-hoang-su-phi-xin-man-bac-ha\/#breadcrumb\",\"itemListElement\":[{\"@type\":\"ListItem\",\"position\":1,\"name\":\"Trang ch\u1ee7\",\"item\":\"https:\/\/mauweb.tamnguyen.vn\/dulich16\/\"},{\"@type\":\"ListItem\",\"position\":2,\"name\":\"Shop\",\"item\":\"https:\/\/mauweb.tamnguyen.vn\/dulich16\/shop\/\"},{\"@type\":\"ListItem\",\"position\":3,\"name\":\"TOUR B\u1eaeC QUANG &#8211; HO\u00c0NG SU PH\u00cc &#8211; X\u00cdN M\u1ea6N &#8211; B\u1eaeC H\u00c0\"}]},{\"@type\":\"WebSite\",\"@id\":\"https:\/\/mauweb.tamnguyen.vn\/dulich16\/#website\",\"url\":\"https:\/\/mauweb.tamnguyen.vn\/dulich16\/\",\"name\":\"dulich16\",\"description\":\"\",\"potentialAction\":[{\"@type\":\"SearchAction\",\"target\":{\"@type\":\"EntryPoint\",\"urlTemplate\":\"https:\/\/mauweb.tamnguyen.vn\/dulich16\/?s={search_term_string}\"},\"query-input\":\"required name=search_term_string\"}],\"inLanguage\":\"vi\"}]}<\/script>\n<!-- \/ Yoast SEO plugin. -->","yoast_head_json":{"title":"TOUR B\u1eaeC QUANG - HO\u00c0NG SU PH\u00cc - X\u00cdN M\u1ea6N - B\u1eaeC H\u00c0 - dulich16","robots":{"index":"noindex","follow":"follow","max-snippet":"max-snippet:-1","max-image-preview":"max-image-preview:large","max-video-preview":"max-video-preview:-1"},"og_locale":"vi_VN","og_type":"article","og_title":"TOUR B\u1eaeC QUANG - HO\u00c0NG SU PH\u00cc - X\u00cdN M\u1ea6N - B\u1eaeC H\u00c0 - dulich16","og_description":"NG\u00c0Y 1: H\u00c0 N\u1ed8I -B\u1eaeC QUANG &#8211; HO\u00c0NG SU PH\u00cc (\u0102N TR\u01afA, T\u1ed0I) Xe \u00f4t\u00f4 \u0111\u00f3n \u0111o\u00e0n t\u1ea1i \u0111i\u1ec3m h\u1eb9n kh\u1edfi h\u00e0nh\u00a0B\u1eafc Quang \u2013 H\u00e0 Giang. Qu\u00fd kh\u00e1ch \u0103n tr\u01b0a t\u1ea1i nh\u00e0 h\u00e0ng. Ti\u1ebfp t\u1ee5c kh\u1edfi h\u00e0nh \u0111i\u00a0Ho\u00e0ng Su Ph\u00ec\u00a0\u2013chi\u00eam ng\u01b0\u1ee1ng nh\u1eefng th\u1eeda ru\u1ed9ng b\u1eadc thang k\u1ef3 v\u0129, \u0111\u1eb9p m\u00ea h\u1ed3n t\u1ea1i N\u1eadm Ty, Th\u00f4ng [...]","og_url":"https:\/\/mauweb.tamnguyen.vn\/dulich16\/san-pham\/tour-bac-quang-hoang-su-phi-xin-man-bac-ha\/","og_site_name":"dulich16","article_modified_time":"2022-05-04T03:55:41+00:00","og_image":[{"width":800,"height":541,"url":"https:\/\/mauweb.tamnguyen.vn\/dulich16\/wp-content\/uploads\/2022\/05\/cea924447_636977913340850233_HasThumb_Thumb.png","type":"image\/png"}],"twitter_card":"summary_large_image","twitter_misc":{"\u01af\u1edbc t\u00ednh th\u1eddi gian \u0111\u1ecdc":"10 ph\u00fat"},"schema":{"@context":"https:\/\/schema.org","@graph":[{"@type":"WebPage","@id":"https:\/\/mauweb.tamnguyen.vn\/dulich16\/san-pham\/tour-bac-quang-hoang-su-phi-xin-man-bac-ha\/","url":"https:\/\/mauweb.tamnguyen.vn\/dulich16\/san-pham\/tour-bac-quang-hoang-su-phi-xin-man-bac-ha\/","name":"TOUR B\u1eaeC QUANG - HO\u00c0NG SU PH\u00cc - X\u00cdN M\u1ea6N - B\u1eaeC H\u00c0 - dulich16","isPartOf":{"@id":"https:\/\/mauweb.tamnguyen.vn\/dulich16\/#website"},"datePublished":"2022-05-01T13:28:03+00:00","dateModified":"2022-05-04T03:55:41+00:00","breadcrumb":{"@id":"https:\/\/mauweb.tamnguyen.vn\/dulich16\/san-pham\/tour-bac-quang-hoang-su-phi-xin-man-bac-ha\/#breadcrumb"},"inLanguage":"vi","potentialAction":[{"@type":"ReadAction","target":["https:\/\/mauweb.tamnguyen.vn\/dulich16\/san-pham\/tour-bac-quang-hoang-su-phi-xin-man-bac-ha\/"]}]},{"@type":"BreadcrumbList","@id":"https:\/\/mauweb.tamnguyen.vn\/dulich16\/san-pham\/tour-bac-quang-hoang-su-phi-xin-man-bac-ha\/#breadcrumb","itemListElement":[{"@type":"ListItem","position":1,"name":"Trang ch\u1ee7","item":"https:\/\/mauweb.tamnguyen.vn\/dulich16\/"},{"@type":"ListItem","position":2,"name":"Shop","item":"https:\/\/mauweb.tamnguyen.vn\/dulich16\/shop\/"},{"@type":"ListItem","position":3,"name":"TOUR B\u1eaeC QUANG &#8211; HO\u00c0NG SU PH\u00cc &#8211; X\u00cdN M\u1ea6N &#8211; B\u1eaeC H\u00c0"}]},{"@type":"WebSite","@id":"https:\/\/mauweb.tamnguyen.vn\/dulich16\/#website","url":"https:\/\/mauweb.tamnguyen.vn\/dulich16\/","name":"dulich16","description":"","potentialAction":[{"@type":"SearchAction","target":{"@type":"EntryPoint","urlTemplate":"https:\/\/mauweb.tamnguyen.vn\/dulich16\/?s={search_term_string}"},"query-input":"required name=search_term_string"}],"inLanguage":"vi"}]}},"_links":{"self":[{"href":"https:\/\/mauweb.tamnguyen.vn\/dulich16\/wp-json\/wp\/v2\/product\/1188"}],"collection":[{"href":"https:\/\/mauweb.tamnguyen.vn\/dulich16\/wp-json\/wp\/v2\/product"}],"about":[{"href":"https:\/\/mauweb.tamnguyen.vn\/dulich16\/wp-json\/wp\/v2\/types\/product"}],"replies":[{"embeddable":true,"href":"https:\/\/mauweb.tamnguyen.vn\/dulich16\/wp-json\/wp\/v2\/comments?post=1188"}],"wp:featuredmedia":[{"embeddable":true,"href":"https:\/\/mauweb.tamnguyen.vn\/dulich16\/wp-json\/wp\/v2\/media\/1189"}],"wp:attachment":[{"href":"https:\/\/mauweb.tamnguyen.vn\/dulich16\/wp-json\/wp\/v2\/media?parent=1188"}],"wp:term":[{"taxonomy":"product_cat","embeddable":true,"href":"https:\/\/mauweb.tamnguyen.vn\/dulich16\/wp-json\/wp\/v2\/product_cat?post=1188"},{"taxonomy":"product_tag","embeddable":true,"href":"https:\/\/mauweb.tamnguyen.vn\/dulich16\/wp-json\/wp\/v2\/product_tag?post=1188"}],"curies":[{"name":"wp","href":"https:\/\/api.w.org\/{rel}","templated":true}]}}