{"id":1186,"date":"2022-05-01T13:23:45","date_gmt":"2022-05-01T13:23:45","guid":{"rendered":"http:\/\/mau2.maudep.com.vn\/dulich\/?post_type=product&#038;p=1186"},"modified":"2022-05-04T03:55:25","modified_gmt":"2022-05-04T03:55:25","slug":"tuyen-quang-na-hang-mua-hoa-le","status":"publish","type":"product","link":"https:\/\/mauweb.tamnguyen.vn\/dulich16\/san-pham\/tuyen-quang-na-hang-mua-hoa-le\/","title":{"rendered":"TUY\u00caN QUANG NA HANG M\u00d9A HOA L\u00ca"},"content":{"rendered":"<p><strong>NG\u00c0Y 1: H\u00c0 N\u1ed8I \u2013 H\u1ed2NG TH\u00c1I M\u00d9A HOA L\u00ca<\/strong><\/p>\n<p><img decoding=\"async\" class=\"aligncenter\" src=\"https:\/\/vivu.net\/uploads\/2021\/02\/hoa-e-o-tuyen-quang.jpg\" alt=\"Hoa l\u00ea Tuy\u00ean Quang n\u1edf tr\u1eafng c\u1ea3 v\u1ea1t r\u1eebng - Blog VIVU.NET\" \/><\/p>\n<p>Xe v\u00e0 HDV Hoang Long Tourist \u0111\u00f3n \u0111o\u00e0n t\u1ea1i \u0111i\u1ec3m h\u1eb9n, kh\u1edfi h\u00e0nh \u0111i Na Hang, d\u1ecdc \u0111\u01b0\u1eddng \u0111o\u00e0n d\u1eebng ch\u00e2n \u0103n sang (chi ph\u00ed t\u1ef1 t\u00fac)<\/p>\n<p>\u0110\u1ebfn th\u1ecb tr\u1ea5n Na Hang, \u0102n tr\u01b0a t\u1ea1i nh\u00e0 h\u00e0ng<\/p>\n<p>\u0110o\u00e0n kh\u1edfi h\u00e0nh \u0111\u1ebfn l\u00e0ng v\u0103n h\u00f3a Khau Tr\u00e0ng x\u00e3 H\u1ed3ng Th\u00e1i (Na Hang \u2013 Tuy\u00ean Quang) n\u01a1i sinh s\u1ed1ng c\u1ee7a \u0111\u1ed3ng b\u00e0o d\u00e2n t\u1ed9c Dao Ti\u1ec1n:<\/p>\n<ul>\n<li><strong>Check in v\u00e0 ch\u1ee5p \u1ea3nh v\u1edbi s\u1eafc tr\u1eafng hoa l\u00ea<\/strong>. H\u00e0ng n\u0103m v\u00e0o d\u1ecbp 03 kh\u1eafp n\u00fai r\u1eebng n\u01a1i \u0111\u00e2y kho\u00e1c tr\u00ean m\u00ecnh m\u1ed9t v\u1ebb \u0111\u1eb9p tuy\u1ec7t m\u0129 \u0111\u01b0\u1ee3c bao ph\u1ee7 b\u1edfi nh\u1eefng c\u00e2y l\u00ea n\u1edf hoa tr\u1eafng mu\u1ed1t.\u00a0<strong>Nh\u1eefng th\u1eeda ru\u1ed9ng b\u1eadc thang hoa c\u1ea3i v\u00e0ng r\u1ef1c r\u1ee1<\/strong>xen k\u1ebd v\u1edbi nh\u1eefng \u0111\u1ed3i hoa l\u00ea tr\u1eafng mu\u1ed1t t\u1ea1o n\u00ean v\u1ebb \u0111\u1eb9p r\u1ea5t ri\u00eang c\u1ee7a v\u00f9ng cao.<\/li>\n<li>\u0110o\u00e0n \u0111\u1ebfn nh\u1eadn ph\u00f2ng t\u1ea1i Homestay.<\/li>\n<li>Q\u00fay kh\u00e1ch th\u01b0\u1edfng th\u1ee9c \u0111\u1eb7c s\u1ea3n c\u1ee7a \u0111\u1ed3ng b\u00e0o d\u00e2n t\u1ed9c T\u00e0y v\u00e0 giao l\u01b0u v\u0103n ngh\u1ec7 l\u1eeda tr\u1ea1i th\u1ea3 h\u1ed3n m\u00ecnh gi\u1eefa b\u1ed1n b\u1ec1 kh\u00f4ng gian n\u00fai r\u1eebng.<\/li>\n<\/ul>\n<p><strong>Ngh\u1ec9 \u0111\u00eam \u00a0t\u1ea1i HOMESTAY.<\/strong><\/p>\n<p><strong>NG\u00c0Y 2: L\u00d2NG H\u1ed2 TH\u1ee6Y \u0110I\u1ec6N NA HANG \u2013 H\u00c0 N\u1ed8I<\/strong><\/p>\n<p><img decoding=\"async\" class=\"aligncenter\" src=\"https:\/\/m.baotuyenquang.com.vn\/media\/images\/2020\/03\/img_20200322121424.jpg\" alt=\"V\u1ebb \u0111\u1eb9p l\u00f2ng h\u1ed3 sinh th\u00e1i Na Hang - L\u00e2m B\u00ecnh\" \/><\/p>\n<p>Qu\u00fd kh\u00e1ch d\u00f9ng b\u1eefa s\u00e1ng t\u1ea1i Homestay.<\/p>\n<p>Ti\u1ebfp t\u1ee5c kh\u1edfi h\u00e0nh \u0111\u1ebfn b\u1ebfn Th\u1ee7y Na Hang tham quan:<\/p>\n<ul>\n<li><strong>Khu b\u1ea3o t\u1ed3n thi\u00ean nhi\u00ean Qu\u1ed1c Gia\u00a0Na Hang &amp; L\u00e2m B\u00ecnh:<\/strong>n\u01a1i h\u1ed9i t\u1ee5 c\u1ee7a hai d\u00f2ng s\u00f4ng tr\u1eef t\u00ecnh l\u00e0<strong>\u00a0S\u00f4ng G\u00e2m v\u00e0 S\u00f4ng N\u0103ng,\u00a0<\/strong>\u0111\u01b0\u1ee3c bao b\u1ecdc xung quanh b\u1edfi nh\u1eefng d\u00e3y n\u00fai \u0111\u00e1 v\u00e0 c\u00e1nh r\u1eebng nguy\u00ean sinh h\u00f9ng v\u1ef9, nh\u1ea5p nh\u00f4, tr\u00f9ng \u0111i\u1ec7p. Tr\u00ean chuy\u1ebfn tham quan l\u00f2ng h\u1ed3 \u0111o\u00e0n s\u1ebd \u0111\u01b0\u1ee3c ng\u1eafm\u00a0<strong>N\u00fai P\u00e1c T\u1ea1; v\u00e1ch \u0111\u00e1 n\u00e0ng ti\u00ean, ch\u00fa kh\u00e1ch; ng\u1eafm khu 99 ng\u1ecdn n\u00fai; ng\u1eafm n\u00fai \u0111\u00f4i, n\u00fai \u0111\u1ed5<\/strong>\u2026<\/li>\n<\/ul>\n<p><strong>\u0110\u1ec1n P\u00e1c T\u1ea1\u00a0<\/strong>: \u00a0\u0110\u01b0\u1ee3c ng\u01b0\u1eddi d\u00e2n n\u01a1i \u0111\u00e2y th\u1edd k\u00ednh, l\u00e0m l\u1ec5<\/p>\n<ul>\n<li>d\u00e2ng h\u01b0\u01a1ng v\u00e0 nghe gi\u1edbi thi\u1ec7u v\u1ec1 l\u1ecbch s\u1eed h\u00ecnh th\u00e0nh v\u00e0 ph\u00e1t tri\u1ec3n.<\/li>\n<\/ul>\n<p>\u0102n tr\u01b0a tr\u00ean thuy\u1ec1n v\u1edbi nh\u1eefng m\u00f3n \u0111\u1eb7c s\u1ea3n c\u1ee7a \u0111\u1ecba ph\u01b0\u01a1ng nh\u01b0:\u00a0<strong>C\u00e1 l\u00f2ng h\u1ed3, rau r\u1eebng\u2026<\/strong>\u00a0sau \u0111\u00f3 ti\u1ebfp t\u1ee5c cu\u1ed9c h\u00e0nh tr\u00ecnh \u0111\u1ebfn th\u0103m v\u00e0 kh\u00e1m ph\u00e1 tr\u1ea3i nghi\u1ec7m:<\/p>\n<p>Qu\u00fd kh\u00e1ch ti\u1ebfp t\u1ee5c kh\u1edfi h\u00e0nh \u0111i tham quan v\u00e0 kh\u00e1m ph\u00e1:<\/p>\n<ul>\n<li><strong>Th\u00e1c Khu\u1ed5i nhi<\/strong>:<em>T\u1ea1i \u0111\u00e2y Q\u00fay kh\u00e1ch \u0111\u01b0\u1ee3c th\u1ea3 m\u00ecnh v\u00e0o khu r\u1eebng nguy\u00ean sinh, c\u00f9ng ch\u1ee5p \u1ea3nh c\u00e2u c\u00e1, massage c\u00e1 r\u1ec9a ch\u00e2n&#8230;<\/em><\/li>\n<li><strong>Kh\u00e1m ph\u00e1 C\u1ecdc V\u00e0i Ph\u1ea1 t\u1ee9c C\u1ecdc bu\u1ed9c tr\u00e2u tr\u1eddi linh thi\u00eang:\u00a0<\/strong>Chi\u00eam ng\u01b0\u1ee1ng v\u1ebb \u0111\u1eb9p n\u00fai non \u0111i\u1ec7p tr\u00f9ng v\u1edbi\u00a099 ng\u1ecdn n\u00fai. \u0110\u1ebfn \u0111\u00e2y Qu\u00fd kh\u00e1ch c\u00f3 th\u1ec3 t\u1ef1 do\u00a0<strong>ch\u00e8o thuy\u1ec1n Kayak<\/strong>quanh khu v\u1ef1c b\u1ebfn th\u1ee7y v\u00e0 C\u1ecdc V\u00e0i (Chi ph\u00ed t\u1ef1 t\u00fac).<\/li>\n<li><strong>B\u00e3i ch\u00f4ng, \u0111\u1ea3o ng\u1ecdc (n\u1ebfu v\u00e0o m\u00f9a n\u01b0\u1edbc c\u1ea1n)<\/strong><\/li>\n<li>T\u00e0u c\u1eadp b\u1ebfn, \u0111o\u00e0n l\u00ean xe kh\u1edfi h\u00e0nh v\u1ec1 Tuy\u00ean Quang<\/li>\n<li><strong>Qu\u1ea3ng tr\u01b0\u1eddng Nguy\u1ec5n T\u1ea5t Th\u00e0nh<\/strong><\/li>\n<li><strong>Su\u1ed1i kho\u00e1ng M\u1ef9 L\u00e2m<\/strong>( n\u1ebfu c\u00f3 th\u1eddi gian): n\u01a1i \u0111\u00e2y c\u00f3 ngu\u1ed3n kho\u00e1ng sunfua r\u1ea5t t\u1ed1t cho c\u01a1 th\u1ec3, n\u01b0\u1edbc kho\u00e1ng \u1edf \u0111\u00e2y lu\u00f4n gi\u1eef nhi\u1ec7t \u0111\u1ed9 t\u1eeb 40-42oC, mang l\u1ea1i cho kh\u00e1ch c\u1ea3m gi\u00e1c khoan kho\u00e1i, d\u1ec5 ch\u1ecbu (chi ph\u00ed t\u1eafm t\u1ef1 t\u00fac)<\/li>\n<\/ul>\n<p>Qu\u00fd kh\u00e1ch c\u0169ng c\u00f3 th\u1ec3 l\u01b0u gi\u1eef nh\u1eefng b\u1ee9c h\u00ecnh tuy\u1ec7t \u0111\u1eb9p v\u1edbi nh\u1eefng \u0111\u1ed3i ch\u00e8 t\u1ea1i M\u1ef9 L\u00e2m<\/p>\n<p>L\u00ean xe kh\u1edfi h\u00e0nh v\u1ec1 H\u00e0 N\u1ed9i. K\u1ebft th\u00fac ch\u01b0\u01a1ng tr\u00ecnh.<\/p>\n<p>TH\u00d4NG TIN CHI TI\u1ebeT<\/p>\n<p><strong>D\u1ecaCH V\u1ee4 BAO G\u1ed2M:<\/strong><\/p>\n<p>Xe \u00f4 t\u00f4 du l\u1ecbch \u0111\u1eddi m\u1edbi \u0111\u01b0a \u0111\u00f3n su\u1ed1t h\u00e0nh tr\u00ecnh.<\/p>\n<p>Thuy\u1ec1n th\u0103m quan l\u00f2ng h\u1ed3 Na Hang<\/p>\n<p>Ph\u00f2ng ngh\u1ec9 ti\u00eau chu\u1ea9n s\u1ea1ch s\u1ebd, ti\u1ec7n nghi, 2 &#8211; 3 kh\u00e1ch\/ ph\u00f2ng.<\/p>\n<p>HDV kinh nghi\u1ec7m, nhi\u1ec7t t\u00ecnh su\u1ed1t h\u00e0nh tr\u00ecnh..<\/p>\n<p>\u0102n u\u1ed1ng theo ch\u01b0\u01a1ng tr\u00ecnh theo ti\u00eau chu\u1ea9n 3 b\u1eefa ch\u00ednh 120.000\/ kh\u00e1ch + 1 b\u1eefa ph\u1ee5<\/p>\n<p>B\u1ea3o hi\u1ec3m du l\u1ecbch su\u1ed1t tuy\u1ebfn, m\u1ee9c cao nh\u1ea5t 30.000.000\u0111\/ ng\u01b0\u1eddi\/ v\u1ee5<\/p>\n<p>N\u01b0\u1edbc u\u1ed1ng 01 chai\/ng\u01b0\u1eddi\/ng\u00e0y.<\/p>\n<p>V\u00e9 th\u0103m quan 01 l\u01b0\u1ee3t\/ ng\u01b0\u1eddi t\u1ea1i c\u00e1c \u0111i\u1ec3m.<\/p>\n<p><strong>D\u1ecaCH V\u1ee4 KH\u00d4NG BAO G\u1ed2M:<\/strong><\/p>\n<p>Chi ph\u00ed c\u00e1 nh\u00e2n (gi\u1eb7t l\u00e0, \u0111\u1ed3 \u0103n u\u1ed1ng ph\u00e1t sinh t\u1ea1i nh\u00e0 h\u00e0ng\/ \u0111i\u1ec3m tham quan\/ d\u1ecbch v\u1ee5 ng\u00e2m ch\u00e2n t\u1eafm thu\u1ed1c l\u00e1\u2026)<\/p>\n<p>Ti\u1ec1n tip \u0111\u1ed9i ng\u0169 ph\u1ee5c v\u1ee5: H\u01b0\u1edbng d\u1eabn vi\u00ean &amp; B\u00e1c t\u00e0i<\/p>\n<p>Ph\u1ee5 thu ng\u1ee7 ph\u00f2ng \u0111\u01a1n 300.000\/ ng\u01b0\u1eddi<\/p>\n","protected":false},"excerpt":{"rendered":"<p>NG\u00c0Y 1: H\u00c0 N\u1ed8I \u2013 H\u1ed2NG TH\u00c1I M\u00d9A HOA L\u00ca Xe v\u00e0 HDV Hoang Long Tourist \u0111\u00f3n \u0111o\u00e0n t\u1ea1i \u0111i\u1ec3m h\u1eb9n, kh\u1edfi h\u00e0nh \u0111i Na Hang, d\u1ecdc \u0111\u01b0\u1eddng \u0111o\u00e0n d\u1eebng ch\u00e2n \u0103n sang (chi ph\u00ed t\u1ef1 t\u00fac) \u0110\u1ebfn th\u1ecb tr\u1ea5n Na Hang, \u0102n tr\u01b0a t\u1ea1i nh\u00e0 h\u00e0ng \u0110o\u00e0n kh\u1edfi h\u00e0nh \u0111\u1ebfn l\u00e0ng v\u0103n h\u00f3a Khau [&#8230;]\n","protected":false},"featured_media":1187,"comment_status":"open","ping_status":"closed","template":"","meta":[],"product_cat":[109,122,114],"product_tag":[],"class_list":["post-1186","product","type-product","status-publish","has-post-thumbnail","hentry","product_cat-san-pham-ban-chay","product_cat-tour-mien-bac","product_cat-tour-trong-nuoc"],"acf":[],"yoast_head":"<!-- This site is optimized with the Yoast SEO plugin v19.7.2 - https:\/\/yoast.com\/wordpress\/plugins\/seo\/ -->\n<title>TUY\u00caN QUANG NA HANG M\u00d9A HOA L\u00ca - dulich16<\/title>\n<meta name=\"robots\" content=\"noindex, follow, max-snippet:-1, max-image-preview:large, max-video-preview:-1\" \/>\n<meta property=\"og:locale\" content=\"vi_VN\" \/>\n<meta property=\"og:type\" content=\"article\" \/>\n<meta property=\"og:title\" content=\"TUY\u00caN QUANG NA HANG M\u00d9A HOA L\u00ca - dulich16\" \/>\n<meta property=\"og:description\" content=\"NG\u00c0Y 1: H\u00c0 N\u1ed8I \u2013 H\u1ed2NG TH\u00c1I M\u00d9A HOA L\u00ca Xe v\u00e0 HDV Hoang Long Tourist \u0111\u00f3n \u0111o\u00e0n t\u1ea1i \u0111i\u1ec3m h\u1eb9n, kh\u1edfi h\u00e0nh \u0111i Na Hang, d\u1ecdc \u0111\u01b0\u1eddng \u0111o\u00e0n d\u1eebng ch\u00e2n \u0103n sang (chi ph\u00ed t\u1ef1 t\u00fac) \u0110\u1ebfn th\u1ecb tr\u1ea5n Na Hang, \u0102n tr\u01b0a t\u1ea1i nh\u00e0 h\u00e0ng \u0110o\u00e0n kh\u1edfi h\u00e0nh \u0111\u1ebfn l\u00e0ng v\u0103n h\u00f3a Khau [...]\" \/>\n<meta property=\"og:url\" content=\"https:\/\/mauweb.tamnguyen.vn\/dulich16\/san-pham\/tuyen-quang-na-hang-mua-hoa-le\/\" \/>\n<meta property=\"og:site_name\" content=\"dulich16\" \/>\n<meta property=\"article:modified_time\" content=\"2022-05-04T03:55:25+00:00\" \/>\n<meta property=\"og:image\" content=\"https:\/\/mauweb.tamnguyen.vn\/dulich16\/wp-content\/uploads\/2022\/05\/du-lich-na-hang-tuyen-quang.jpg\" \/>\n\t<meta property=\"og:image:width\" content=\"598\" \/>\n\t<meta property=\"og:image:height\" content=\"410\" \/>\n\t<meta property=\"og:image:type\" content=\"image\/jpeg\" \/>\n<meta name=\"twitter:card\" content=\"summary_large_image\" \/>\n<meta name=\"twitter:label1\" content=\"\u01af\u1edbc t\u00ednh th\u1eddi gian \u0111\u1ecdc\" \/>\n\t<meta name=\"twitter:data1\" content=\"5 ph\u00fat\" \/>\n<script type=\"application\/ld+json\" class=\"yoast-schema-graph\">{\"@context\":\"https:\/\/schema.org\",\"@graph\":[{\"@type\":\"WebPage\",\"@id\":\"https:\/\/mauweb.tamnguyen.vn\/dulich16\/san-pham\/tuyen-quang-na-hang-mua-hoa-le\/\",\"url\":\"https:\/\/mauweb.tamnguyen.vn\/dulich16\/san-pham\/tuyen-quang-na-hang-mua-hoa-le\/\",\"name\":\"TUY\u00caN QUANG NA HANG M\u00d9A HOA L\u00ca - dulich16\",\"isPartOf\":{\"@id\":\"https:\/\/mauweb.tamnguyen.vn\/dulich16\/#website\"},\"datePublished\":\"2022-05-01T13:23:45+00:00\",\"dateModified\":\"2022-05-04T03:55:25+00:00\",\"breadcrumb\":{\"@id\":\"https:\/\/mauweb.tamnguyen.vn\/dulich16\/san-pham\/tuyen-quang-na-hang-mua-hoa-le\/#breadcrumb\"},\"inLanguage\":\"vi\",\"potentialAction\":[{\"@type\":\"ReadAction\",\"target\":[\"https:\/\/mauweb.tamnguyen.vn\/dulich16\/san-pham\/tuyen-quang-na-hang-mua-hoa-le\/\"]}]},{\"@type\":\"BreadcrumbList\",\"@id\":\"https:\/\/mauweb.tamnguyen.vn\/dulich16\/san-pham\/tuyen-quang-na-hang-mua-hoa-le\/#breadcrumb\",\"itemListElement\":[{\"@type\":\"ListItem\",\"position\":1,\"name\":\"Trang ch\u1ee7\",\"item\":\"https:\/\/mauweb.tamnguyen.vn\/dulich16\/\"},{\"@type\":\"ListItem\",\"position\":2,\"name\":\"Shop\",\"item\":\"https:\/\/mauweb.tamnguyen.vn\/dulich16\/shop\/\"},{\"@type\":\"ListItem\",\"position\":3,\"name\":\"TUY\u00caN QUANG NA HANG M\u00d9A HOA L\u00ca\"}]},{\"@type\":\"WebSite\",\"@id\":\"https:\/\/mauweb.tamnguyen.vn\/dulich16\/#website\",\"url\":\"https:\/\/mauweb.tamnguyen.vn\/dulich16\/\",\"name\":\"dulich16\",\"description\":\"\",\"potentialAction\":[{\"@type\":\"SearchAction\",\"target\":{\"@type\":\"EntryPoint\",\"urlTemplate\":\"https:\/\/mauweb.tamnguyen.vn\/dulich16\/?s={search_term_string}\"},\"query-input\":\"required name=search_term_string\"}],\"inLanguage\":\"vi\"}]}<\/script>\n<!-- \/ Yoast SEO plugin. -->","yoast_head_json":{"title":"TUY\u00caN QUANG NA HANG M\u00d9A HOA L\u00ca - dulich16","robots":{"index":"noindex","follow":"follow","max-snippet":"max-snippet:-1","max-image-preview":"max-image-preview:large","max-video-preview":"max-video-preview:-1"},"og_locale":"vi_VN","og_type":"article","og_title":"TUY\u00caN QUANG NA HANG M\u00d9A HOA L\u00ca - dulich16","og_description":"NG\u00c0Y 1: H\u00c0 N\u1ed8I \u2013 H\u1ed2NG TH\u00c1I M\u00d9A HOA L\u00ca Xe v\u00e0 HDV Hoang Long Tourist \u0111\u00f3n \u0111o\u00e0n t\u1ea1i \u0111i\u1ec3m h\u1eb9n, kh\u1edfi h\u00e0nh \u0111i Na Hang, d\u1ecdc \u0111\u01b0\u1eddng \u0111o\u00e0n d\u1eebng ch\u00e2n \u0103n sang (chi ph\u00ed t\u1ef1 t\u00fac) \u0110\u1ebfn th\u1ecb tr\u1ea5n Na Hang, \u0102n tr\u01b0a t\u1ea1i nh\u00e0 h\u00e0ng \u0110o\u00e0n kh\u1edfi h\u00e0nh \u0111\u1ebfn l\u00e0ng v\u0103n h\u00f3a Khau [...]","og_url":"https:\/\/mauweb.tamnguyen.vn\/dulich16\/san-pham\/tuyen-quang-na-hang-mua-hoa-le\/","og_site_name":"dulich16","article_modified_time":"2022-05-04T03:55:25+00:00","og_image":[{"width":598,"height":410,"url":"https:\/\/mauweb.tamnguyen.vn\/dulich16\/wp-content\/uploads\/2022\/05\/du-lich-na-hang-tuyen-quang.jpg","type":"image\/jpeg"}],"twitter_card":"summary_large_image","twitter_misc":{"\u01af\u1edbc t\u00ednh th\u1eddi gian \u0111\u1ecdc":"5 ph\u00fat"},"schema":{"@context":"https:\/\/schema.org","@graph":[{"@type":"WebPage","@id":"https:\/\/mauweb.tamnguyen.vn\/dulich16\/san-pham\/tuyen-quang-na-hang-mua-hoa-le\/","url":"https:\/\/mauweb.tamnguyen.vn\/dulich16\/san-pham\/tuyen-quang-na-hang-mua-hoa-le\/","name":"TUY\u00caN QUANG NA HANG M\u00d9A HOA L\u00ca - dulich16","isPartOf":{"@id":"https:\/\/mauweb.tamnguyen.vn\/dulich16\/#website"},"datePublished":"2022-05-01T13:23:45+00:00","dateModified":"2022-05-04T03:55:25+00:00","breadcrumb":{"@id":"https:\/\/mauweb.tamnguyen.vn\/dulich16\/san-pham\/tuyen-quang-na-hang-mua-hoa-le\/#breadcrumb"},"inLanguage":"vi","potentialAction":[{"@type":"ReadAction","target":["https:\/\/mauweb.tamnguyen.vn\/dulich16\/san-pham\/tuyen-quang-na-hang-mua-hoa-le\/"]}]},{"@type":"BreadcrumbList","@id":"https:\/\/mauweb.tamnguyen.vn\/dulich16\/san-pham\/tuyen-quang-na-hang-mua-hoa-le\/#breadcrumb","itemListElement":[{"@type":"ListItem","position":1,"name":"Trang ch\u1ee7","item":"https:\/\/mauweb.tamnguyen.vn\/dulich16\/"},{"@type":"ListItem","position":2,"name":"Shop","item":"https:\/\/mauweb.tamnguyen.vn\/dulich16\/shop\/"},{"@type":"ListItem","position":3,"name":"TUY\u00caN QUANG NA HANG M\u00d9A HOA L\u00ca"}]},{"@type":"WebSite","@id":"https:\/\/mauweb.tamnguyen.vn\/dulich16\/#website","url":"https:\/\/mauweb.tamnguyen.vn\/dulich16\/","name":"dulich16","description":"","potentialAction":[{"@type":"SearchAction","target":{"@type":"EntryPoint","urlTemplate":"https:\/\/mauweb.tamnguyen.vn\/dulich16\/?s={search_term_string}"},"query-input":"required name=search_term_string"}],"inLanguage":"vi"}]}},"_links":{"self":[{"href":"https:\/\/mauweb.tamnguyen.vn\/dulich16\/wp-json\/wp\/v2\/product\/1186"}],"collection":[{"href":"https:\/\/mauweb.tamnguyen.vn\/dulich16\/wp-json\/wp\/v2\/product"}],"about":[{"href":"https:\/\/mauweb.tamnguyen.vn\/dulich16\/wp-json\/wp\/v2\/types\/product"}],"replies":[{"embeddable":true,"href":"https:\/\/mauweb.tamnguyen.vn\/dulich16\/wp-json\/wp\/v2\/comments?post=1186"}],"wp:featuredmedia":[{"embeddable":true,"href":"https:\/\/mauweb.tamnguyen.vn\/dulich16\/wp-json\/wp\/v2\/media\/1187"}],"wp:attachment":[{"href":"https:\/\/mauweb.tamnguyen.vn\/dulich16\/wp-json\/wp\/v2\/media?parent=1186"}],"wp:term":[{"taxonomy":"product_cat","embeddable":true,"href":"https:\/\/mauweb.tamnguyen.vn\/dulich16\/wp-json\/wp\/v2\/product_cat?post=1186"},{"taxonomy":"product_tag","embeddable":true,"href":"https:\/\/mauweb.tamnguyen.vn\/dulich16\/wp-json\/wp\/v2\/product_tag?post=1186"}],"curies":[{"name":"wp","href":"https:\/\/api.w.org\/{rel}","templated":true}]}}