{"id":1182,"date":"2022-05-01T13:11:16","date_gmt":"2022-05-01T13:11:16","guid":{"rendered":"http:\/\/mau2.maudep.com.vn\/dulich\/?post_type=product&#038;p=1182"},"modified":"2022-05-04T03:56:05","modified_gmt":"2022-05-04T03:56:05","slug":"tour-mai-chau-pu-luong","status":"publish","type":"product","link":"https:\/\/mauweb.tamnguyen.vn\/dulich16\/san-pham\/tour-mai-chau-pu-luong\/","title":{"rendered":"TOUR MAI CH\u00c2U \u2013 P\u00d9 LU\u00d4NG"},"content":{"rendered":"<p><strong>NG\u00c0Y 1: H\u00c0 N\u1ed8I -MAI CH\u00c2U (\u0102N TR\u01afA, T\u1ed0I)<\/strong><\/p>\n<p><img decoding=\"async\" class=\"aligncenter\" src=\"https:\/\/pix10.agoda.net\/hotelImages\/661\/661142\/661142_17061416530053683715.jpg?ca=6&amp;ce=1&amp;s=1024x768\" alt=\"Mai Chau Ecolodge \u0111ang khuy\u1ebfn m\u1ea1i t\u1ea1i Agoda\" \/><\/p>\n<p>Xe v\u00e0 HDV c\u1ee7a Hoang Long Tourist \u0111\u00f3n \u0111o\u00e0n t\u1ea1i \u0111i\u1ec3m h\u1eb9n kh\u1edfi h\u00e0nh \u0111i\u00a0<strong>Mai Ch\u00e2u.<\/strong>\u00a0D\u1ecdc \u0111\u01b0\u1eddng\u00a0 qu\u00fd kh\u00e1ch c\u00f3 th\u1ec3 chi\u00eam ng\u01b0\u1ee1ng c\u1ea3nh n\u00fai r\u1eebng T\u00e2y B\u1eafc h\u0169ng, d\u1eebng ch\u00e2n t\u1ea1i c\u1ed9t c\u1edd Mai Ch\u00e2u, ng\u1eafm nh\u00ecn\u00a0<strong>b\u1ea3n L\u00e1c \u2013 Mai Ch\u00e2u<\/strong>. \u0110o\u00e0n v\u01b0\u1ee3t \u0111\u00e8o Thung Khe t\u1edbi \u0111\u1ecba ph\u1eadn M\u1ed9c Ch\u00e2u (S\u01a1n La) \u0111o\u00e0n d\u1eebng ngh\u1ec9 ng\u1eafm c\u1ea3nh v\u00e0 ch\u1ee5p \u1ea3nh hai b\u00ean \u0111\u01b0\u1eddng.<\/p>\n<p><strong>\u0110\u1ebfn\u00a0Thung l\u0169ng Mai Ch\u00e2u- b\u1ea3n L\u00e1c<\/strong>,T\u00ecm hi\u1ec3u nh\u1eefng n\u00e9t v\u0103n h\u00f3a, phong t\u1ee5c t\u1eadp qu\u00e1n \u0111\u1ed9c \u0111\u00e1o c\u1ee7a ng\u01b0\u1eddi d\u00e2n t\u1ed9c Th\u00e1i<\/p>\n<p>\u0102n tr\u01b0a t\u1ea1i nh\u00e0 h\u00e0ng.<\/p>\n<p>Kh\u1edfi h\u00e0nh \u0111i P\u00f9 Lu\u00f4ng nh\u1eadn ph\u00f2ng homstay.<\/p>\n<p>Tham quan c\u00e1c b\u1ea3n l\u00e0ng, t\u00ecm hi\u1ec3u v\u1ec1 \u0111\u1eddi s\u1ed1ng, v\u0103n h\u00f3a tinh th\u00e2n c\u1ee7a ng\u01b0\u1eddi d\u00e2n n\u01a1i mi\u1ec1n s\u01a1n c\u01b0\u1edbc.<\/p>\n<p>\u0102n t\u1ed1i t\u1ea1i nh\u00e0 h\u00e0ng. Qu\u00fd kh\u00e1ch c\u00f3 th\u1ec3 l\u1ef1a ch\u1ecdn tham gia ch\u01b0\u01a1ng tr\u00ecnh giap l\u01b0u v\u0103n ngh\u1ec7 \u0111\u1ed3ng b\u00e0o d\u00e2n t\u1ed9c Th\u00e1i, h\u00f2a m\u00ecnh v\u00e0o c\u00e1c \u0111i\u1ec7u m\u00faa x\u00f2e T\u00e2y B\u1eafc.(Chi ph\u00ed t\u1ef1 t\u00fac).<\/p>\n<p><strong>Ngh\u1ec9 \u0111\u00eam t\u1ea1i P\u00f9 Lu\u00f4ng.<\/strong><\/p>\n<p><strong>NG\u00c0Y 2: MAI CH\u00c2U &#8211; P\u00d9 LU\u00d4NG &#8211; H\u00c0 N\u1ed8I (\u0102N S\u00c1NG, TR\u01afA)<\/strong><\/p>\n<p><img decoding=\"async\" class=\"aligncenter\" src=\"https:\/\/bloganchoi.com\/wp-content\/uploads\/2021\/12\/pu-luong-07-natura.jpg\" alt=\"Ch\u00fang ta c\u00f3 h\u1eb9n v\u1edbi P\u00f9 Lu\u00f4ng - Tr\u1ea3i nghi\u1ec7m du l\u1ecbch P\u00f9 Lu\u00f4ng Thanh H\u00f3a - BlogAnChoi\" \/><\/p>\n<p>Qu\u00fd kh\u00e1ch d\u00f9ng \u0111i\u1ec3m t\u00e2m s\u00e1ng, d\u1ecdn \u0111\u1ed3 tr\u1ea3 ph\u00f2ng v\u00e0\u00a0 chia tay gia ch\u1ee7.Xe \u0111\u01b0a qu\u00fd kh\u00e1ch \u0111i tham quan\u00a0<strong>P\u00f9 Lu\u00f4ng<\/strong>, qu\u00fd kh\u00e1ch l\u1ef1a ch\u1ecdn tham quan:<\/p>\n<ul>\n<li><strong>Gu\u1ed3ng n\u01b0\u1edbc<\/strong>\u2013 m\u1ed9t c\u00f4ng c\u1ee5 t\u01b0\u1edbi ti\u00eau t\u1eeb l\u00e2u \u0111\u1eddi m\u00e0 nay v\u1eabn \u0111\u01b0\u1ee3c s\u1eed dung h\u00e0ng ng\u00e0y c\u1ee7a \u0111\u1ed3ng b\u00e0o d\u00e2n t\u1ed9c Th\u00e1i.<\/li>\n<li><strong>Th\u00e1m hi\u1ec3m s\u00f4ng n\u01b0\u1edbc b\u1eb1ng b\u00e8 m\u1ea3ng<\/strong>, h\u00f2a m\u00ecnh v\u00e0o thi\u00ean nhi\u00ean<em>(Chi ph\u00ed t\u1ef1 t\u00fac)<\/em><\/li>\n<\/ul>\n<p>\u0102n tr\u01b0a t\u1ea1i nh\u00e0 h\u00e0ng<\/p>\n<p>Xe \u0111\u01b0a qu\u00fd kh\u00e1ch tr\u1edf v\u1ec1\u00a0<strong>H\u00e0 N\u1ed9i<\/strong>. V\u1ec1 \u0111\u1ebfn\u00a0<strong>\u0111i\u1ec3m h\u1eb9n ban \u0111\u1ea7u<\/strong>, k\u1ebft th\u00fac ch\u01b0\u01a1ng tr\u00ecnh. H\u1eb9n qu\u00fd kh\u00e1ch nh\u1eefng chuy\u1ebfn h\u00e0nh tr\u00ecnh ti\u1ebfp theo.<\/p>\n<p><strong>h\u00f4ng tin chi ti\u1ebft<\/strong><\/p>\n<p><strong><u>D\u1ecaCH V\u1ee4 BAO G\u1ed2M:<\/u><\/strong><\/p>\n<ul>\n<li>Xe v\u1eadn chuy\u1ec3n theo ch\u01b0\u01a1ng tr\u00ecnh.<\/li>\n<li>HOMESTAY ng\u1ee7 t\u1eadp\u00a0 th\u1ec3.<\/li>\n<li>C\u00e1c b\u1eefa \u0103n theo ch\u01b0\u01a1ng tr\u00ecnh:\u00a0M\u1ee9c \u0103n ch\u00ednh: 1 b\u1eefa 120,000\u0111\/ su\u1ea5t + 02 b\u1eefa x 150,000\u0111\/kh\u00e1ch.\u00a0M\u1ee9c \u0103n ph\u1ee5: 01 b\u1eefa x 40.000 \u0111\/ su\u1ea5t.<\/li>\n<li>H\u01b0\u1edbng d\u1eabn vi\u00ean ph\u1ee5c v\u1ee5 theo ch\u01b0\u01a1ng tr\u00ecnh.<\/li>\n<li>B\u1ea3o hi\u1ec3m du l\u1ecbch theo tour; m\u1ee9c tr\u00e1ch nhi\u1ec7m cao nh\u1ea5t 60,000,000\u0111\/v\u1ee5\/ ng\u01b0\u1eddi.<\/li>\n<li>V\u00e9 th\u1eafng c\u1ea3nh c\u00e1c \u0111i\u1ec3m v\u00e0o c\u1eeda l\u1ea7n th\u1ee9 nh\u1ea5t theo ch\u01b0\u01a1ng tr\u00ecnh.<\/li>\n<li>N\u01b0\u1edbc u\u1ed1ng 1 chai 500ml\/ng\u00e0y\/ kh\u00e1ch.<\/li>\n<li>M\u0169 du l\u1ecbch Hoang Long Tourist.<\/li>\n<\/ul>\n<p><strong><u>D\u1ecaCH V\u1ee4 KH\u00d4NG BAO G\u1ed2M:<\/u><\/strong><\/p>\n<ul>\n<li>Thu\u1ebf VAT.<\/li>\n<li>Ph\u1ee5 ph\u00ed ngh\u1ec9 ph\u00f2ng ri\u00eang, k\u00ea gi\u01b0\u1eddng ph\u1ee5, \u0111\u1ed3 u\u1ed1ng.<\/li>\n<li>Chi ph\u00ed t\u1ea1i kh\u00e1ch s\u1ea1n: Gi\u1eb7t l\u00e0, \u0111i\u1ec7n tho\u1ea1i,&#8230; v\u00e0 c\u00e1c d\u1ecbch v\u1ee5 kh\u00e1c ngo\u00e0i quy \u0111\u1ecbnh t\u1ea1i kh\u00e1ch s\u1ea1n.<\/li>\n<li>Chi ph\u00ed c\u00e1 nh\u00e2n, tham quan, vui ch\u01a1i, gi\u1ea3i tr\u00ed ngo\u00e0i ch\u01b0\u01a1ng tr\u00ecnh.<\/li>\n<li>Ti\u1ec1n b\u1ed3i d\u01b0\u1ee1ng cho HDV v\u00e0 LX.<\/li>\n<li>Chi ph\u00ed kh\u00e1c kh\u00f4ng \u0111\u1ec1 c\u1eadp trong ph\u1ea7n bao g\u1ed3m.<\/li>\n<\/ul>\n<p><strong>*Ch\u00ednh s\u00e1ch tr\u1ebb em c\u0103n c\u1ee9 tr\u00ean gi\u1ea5y khai sinh t\u00ednh t\u1edbi ng\u00e0y kh\u1edfi h\u00e0nh<\/strong><\/p>\n<ul>\n<li>Tr\u1ebb em d\u01b0\u1edbi 2 tu\u1ed5i: Kh\u00f4ng thu ph\u00ed\u00a0 d\u1ecbch v\u1ee5, ng\u1ee7 chung gi\u01b0\u1eddng v\u1edbi b\u1ed1 m\u1eb9. C\u00e1c chi ph\u00ed ph\u00e1t sinh n\u1ebfu c\u00f3 th\u00ec B\u00ean A t\u1ef1 chi tr\u1ea3 tr\u1ef1c ti\u1ebfp.<\/li>\n<li>Tr\u1ebb em t\u1eeb 2 \u0111\u1ebfn d\u01b0\u1edbi 4 tu\u1ed5i (cao d\u01b0\u1edbi 1m): \u0102n n\u1eeda su\u1ea5t, ng\u1ee7 chung gi\u01b0\u1eddng v\u1edbi b\u1ed1 m\u1eb9, tr\u1ebb th\u1ee9 3 s\u1ebd ph\u1ea3i t\u00ednh ph\u1ee5 ph\u00ed th\u00eam gi\u01b0\u1eddng n\u1ebfu ng\u1ee7 chung ph\u00f2ng v\u1edbi b\u1ed1 m\u1eb9.<\/li>\n<li>Tr\u1ebb em t\u1eeb 4 &#8211; d\u01b0\u1edbi 11 tu\u1ed5i: \u0102n 1 su\u1ea5t, ng\u1ee7 chung v\u1edbi b\u1ed1 m\u1eb9, tr\u1ebb th\u1ee9 2 s\u1ebd t\u00ednh ph\u1ee5 ph\u00ed th\u00eam gi\u01b0\u1eddng n\u1ebfu ng\u1ee7 chung ph\u00f2ng v\u1edbi b\u1ed1 m\u1eb9.<\/li>\n<li>Tr\u1ebb em 11 tu\u1ed5i tr\u1edf l\u00ean: Gi\u00e1 tour nh\u01b0 ng\u01b0\u1eddi l\u1edbn, bao g\u1ed3m ph\u01b0\u01a1ng ti\u1ec7n v\u1eadn chuy\u1ec3n, kh\u00e1ch s\u1ea1n, \u0103n u\u1ed1ng theo ch\u01b0\u01a1ng tr\u00ecnh, v\u00e9 tham quan theo qui \u0111\u1ecbnh c\u00e1c \u0111i\u1ec3m tham quan.<\/li>\n<\/ul>\n<p><strong>* C\u00e1c l\u01b0u \u00fd kh\u00e1c<\/strong><\/p>\n<ul>\n<li>Khi \u0111\u0103ng k\u00fd du l\u1ecbch ho\u1eb7c khi tham gia h\u00e0nh tr\u00ecnh: Mang theo b\u1ea3n g\u1ed1c 1 trong c\u00e1c gi\u1ea5y t\u1edd sau: Ch\u1ee9ng minh th\u01b0 nh\u00e2n d\u00e2n\/ Th\u1ebb CCCD (kh\u00f4ng qu\u00e1 h\u1ea1n quy \u0111\u1ecbnh l\u00e0 15 n\u0103m), H\u1ed9 chi\u1ebfu, B\u1eb1ng l\u00e1i xe c\u00f2n gi\u00e1 tr\u1ecb s\u1eed d\u1ee5ng; Th\u1ebb \u0111\u1ea3ng vi\u00ean; Gi\u1ea5y khai sinh (tr\u1ebb em d\u01b0\u1edbi 14 tu\u1ed5i), tr\u1ebb em t\u1eeb 14 tu\u1ed5i tr\u1edf l\u00ean ph\u1ea3i c\u00f3 CMND ho\u1eb7c h\u1ed9 chi\u1ebfu.<\/li>\n<li>Ri\u00eang kh\u00e1ch Vi\u1ec7t Ki\u1ec1u ngo\u00e0i H\u1ed9 chi\u1ebfu, c\u1ea7n mang theo th\u1ebb xanh k\u00e8m Visa v\u00e0 gi\u1ea5y t\u00e1i xu\u1ea5t nh\u1eadp Vi\u1ec7t Nam. C\u00e1c gi\u1ea5y t\u1edd n\u00e0y b\u1ea3o \u0111\u1ea3m nguy\u00ean b\u1ea3n, kh\u00f4ng r\u00e1ch r\u1eddi, t\u1ea9y x\u00f3a, c\u1eaft d\u00e1n, \u2026<\/li>\n<li>Ng\u01b0\u1eddi gi\u00e0 tr\u00ean 70 tu\u1ed5i cam k\u1ebft \u0111\u1ee7 s\u1ee9c kh\u1ecfe du l\u1ecbch, \u0111\u1ed3ng th\u1eddi ph\u1ea3i c\u00f3 ng\u01b0\u1eddi d\u01b0\u1edbi 55 tu\u1ed5i \u0111i c\u00f9ng, quy\u1ec1n l\u1ee3i b\u1ea3o hi\u1ec3m du l\u1ecbch \u0111\u01b0\u1ee3c h\u00e3ng b\u1ea3o hi\u1ec3m quy \u0111\u1ecbnh \u0111\u1ec1n b\u00f9 t\u1ed1i \u0111a l\u00e0 50% so v\u1edbi ti\u00eau chu\u1ea9n th\u00f4ng th\u01b0\u1eddng.<\/li>\n<li>Kh\u00e1ch c\u00f3 thai ph\u1ea3i th\u00f4ng b\u00e1o khi \u0111\u0103ng k\u00fd tour \u0111\u1ec3 \u0111\u01b0\u1ee3c h\u01b0\u1edbng d\u1eabn.<\/li>\n<li>Danh s\u00e1ch kh\u00e1ch du l\u1ecbch ph\u1ea3i tr\u00f9ng kh\u1edbp v\u1edbi t\u00ean trong gi\u1ea5y t\u1edd t\u00f9y th\u00e2n.<\/li>\n<li>C\u00e1c tr\u01b0\u1eddng h\u1ee3p b\u1ea5t kh\u1ea3 kh\u00e1ng Hoang Long Tourist \u0111\u01b0\u1ee3c mi\u1ec5n tr\u1eeb tr\u00e1ch nhi\u1ec7m: Tai h\u1ecda do thi\u00ean nhi\u00ean g\u00e2y ra, h\u1ecfa ho\u1ea1n, d\u1ecbch b\u1ec7nh; do giao th\u00f4ng t\u1eafc ngh\u1ebdn, do s\u1ef1 c\u1ed1 k\u1ef9 thu\u1eadt ph\u01b0\u01a1ng ti\u1ec7n di chuy\u1ec3n c\u00f4ng c\u1ed9ng, do \u0111\u00ecnh c\u00f4ng, b\u00e3i c\u00f4ng, bi\u1ec3u t\u00ecnh, chi\u1ebfn tranh, kh\u1ee7ng b\u1ed1 ho\u1eb7c do quy\u1ebft \u0111\u1ecbnh \u0111\u01a1n ph\u01b0\u01a1ng c\u1ee7a c\u01a1 quan c\u00f3 th\u1ea9m quy\u1ec1n v\u00e0 kh\u00f4ng gi\u1edbi h\u1ea1n c\u00e1c tr\u01b0\u1eddng h\u1ee3p kh\u00e1c x\u1ea3y ra mang t\u00ednh ch\u1ea5t kh\u00e1ch quan&#8230; N\u1ebfu chuy\u1ebfn bay b\u1ecb thay \u0111\u1ed5i gi\u1edd bay s\u1edbm h\u01a1n ho\u1eb7c mu\u1ed9n h\u01a1n so v\u1edbi gi\u1edd \u0111\u00e3 \u0111\u1ecbnh, n\u00ean c\u00e1c d\u1ecbch v\u1ee5 c\u00f3 th\u1ec3 b\u1ecb t\u0103ng, gi\u1ea3m nh\u01b0: b\u1eefa \u0103n t\u1ea1i nh\u00e0 h\u00e0ng, \u0111i\u1ec3m tham quan. Hoang Long Tourist s\u1ebd s\u1eafp x\u1ebfp v\u00e0 c\u00f9ng b\u00e0n b\u1ea1c v\u1edbi kh\u00e1ch du l\u1ecbch \u0111\u1ec3 \u0111\u1ea3m b\u1ea3o c\u00f3 \u0111i\u1ec1u ki\u1ec7n ph\u1ee5c v\u1ee5 t\u1ed1t nh\u1ea5t, gi\u1ea3m thi\u1ec3u t\u1ed1i \u0111a c\u00e1c chi ph\u00ed ph\u00e1t sinh do kh\u00e1ch du l\u1ecbch ph\u1ea3i chi tr\u1ea3.<\/li>\n<li>Gi\u1edd nh\u1eadn ph\u00f2ng kh\u00e1ch s\u1ea1n: T\u1eeb 14:00-15:00 gi\u1edd; Gi\u1edd tr\u1ea3 ph\u00f2ng: tr\u01b0\u1edbc 12:00 gi\u1edd tr\u01b0a.<\/li>\n<li>Kh\u00e1ch gh\u00e9p tour l\u1ebb gi\u1edbi t\u00ednh, n\u1ebfu kh\u00f4ng th\u1ec3 s\u1eafp x\u1ebfp \u0111\u01b0\u1ee3c chung ph\u00f2ng th\u00ec s\u1ebd ph\u1ea3i \u0111\u00f3ng ti\u1ec1n ph\u00ed ng\u1ee7 1 ph\u00f2ng \u0111\u01a1n.<\/li>\n<\/ul>\n<p><strong>L\u01afU \u00dd B\u00c1O GI\u00c1<\/strong><\/p>\n<ul>\n<li>B\u00e1o gi\u00e1 \u00e1p d\u1ee5ng cho \u0111o\u00e0n t\u1eeb 20 kh\u00e1ch (ng\u01b0\u1eddi l\u1edbn) tr\u1edf l\u00ean, n\u1ebfu \u0111o\u00e0n \u00edt h\u01a1n 20 ng\u01b0\u1eddi l\u1edbn, gi\u00e1 s\u1ebd \u0111\u01b0\u1ee3c \u0111i\u1ec1u ch\u1ec9nh l\u1ea1i.<\/li>\n<li>M\u1ee9c b\u00e1o gi\u00e1 cho \u0111o\u00e0n ri\u00eang c\u0103n c\u1ee9 tr\u00ean gi\u00e1 d\u1ecbch v\u1ee5 v\u00e0 v\u00e9 m\u00e1y bay t\u1ea1i th\u1eddi \u0111i\u1ec3m b\u00e1o gi\u00e1, ch\u01b0a c\u00f3 d\u1ecbch v\u1ee5 n\u00e0o ch\u00ednh th\u1ee9c \u0111\u01b0\u1ee3c ti\u1ebfn h\u00e0nh \u0111\u1eb7t cho \u0111\u1ebfn khi c\u00f3 s\u1ef1 x\u00e1c nh\u1eadn c\u1ee7a Qu\u00fd kh\u00e1ch. Gi\u00e1 v\u00e9 m\u00e1y bay v\u00e0 d\u1ecbch v\u1ee5 \u00a0tour c\u00f3 th\u1ec3 thay \u0111\u1ed5i theo t\u1eebng th\u1eddi \u0111i\u1ec3m kh\u00e1c nhau.<\/li>\n<li>N\u1ebfu y\u00eau c\u1ea7u \u1edf ph\u00f2ng \u0111\u01a1n, Qu\u00fd kh\u00e1ch vui l\u00f2ng thanh to\u00e1n ph\u00ed ph\u1ee5 thu.<\/li>\n<li>Hoang Long Tourist khuy\u1ebfn kh\u00edch qu\u00fd kh\u00e1ch g\u1eedi danh s\u00e1ch \u0111o\u00e0n v\u00e0 \u0111\u1eb7t tour s\u1edbm nh\u1eb1m h\u1ea1n ch\u1ebf gi\u00e1 v\u00e9 m\u00e1y bay v\u00e0 d\u1ecbch v\u1ee5 \u00a0tour t\u0103ng cao.<\/li>\n<li>Khi \u0111\u0103ng k\u00fd tour du l\u1ecbch, Qu\u00fd kh\u00e1ch vui l\u00f2ng \u0111\u1ecdc k\u1ef9 ch\u01b0\u01a1ng tr\u00ecnh, gi\u00e1 tour, c\u00e1c kho\u1ea3n bao g\u1ed3m, kh\u00f4ng bao g\u1ed3m trong ch\u01b0\u01a1ng tr\u00ecnh, c\u00e1c \u0111i\u1ec1u ki\u1ec7n h\u1ee7y tour. N\u1ebfu Qu\u00fd kh\u00e1ch kh\u00f4ng ph\u1ea3i l\u00e0 ng\u01b0\u1eddi tr\u1ef1c ti\u1ebfp \u0111\u0103ng k\u00fd mua tour, vui l\u00f2ng t\u00ecm hi\u1ec3u k\u1ef9 ch\u01b0\u01a1ng tr\u00ecnh, v\u00e0 c\u00e1c \u0111i\u1ec1u ki\u1ec7n k\u00e8m theo \u0111\u1ec3 \u1ee7y quy\u1ec1n cho ng\u01b0\u1eddi \u0111\u1ea1i di\u1ec7n.<\/li>\n<li>\u0110\u00e2y l\u00e0 ch\u01b0\u01a1ng tr\u00ecnh du l\u1ecbch ti\u1ebft ki\u1ec7m tr\u1ecdn g\u00f3i, Hoang Long Tourist mi\u1ec5n tr\u1eeb tr\u00e1ch nhi\u1ec7m ho\u00e0n tr\u1ea3 chi ph\u00ed ch\u00eanh l\u1ec7ch cho c\u00e1c kh\u00e1ch h\u00e0ng thu\u1ed9c di\u1ec7n mi\u1ec5n gi\u1ea3m ho\u1eb7c \u0111\u1ed1i t\u01b0\u1ee3ng \u01b0u ti\u00ean nh\u01b0 ng\u01b0\u1eddi l\u1edbn tu\u1ed5i, ng\u01b0\u1eddi c\u00f3 c\u00f4ng v\u1edbi c\u00e1ch m\u1ea1ng\u2026<\/li>\n<\/ul>\n","protected":false},"excerpt":{"rendered":"<p>NG\u00c0Y 1: H\u00c0 N\u1ed8I -MAI CH\u00c2U (\u0102N TR\u01afA, T\u1ed0I) Xe v\u00e0 HDV c\u1ee7a Hoang Long Tourist \u0111\u00f3n \u0111o\u00e0n t\u1ea1i \u0111i\u1ec3m h\u1eb9n kh\u1edfi h\u00e0nh \u0111i\u00a0Mai Ch\u00e2u.\u00a0D\u1ecdc \u0111\u01b0\u1eddng\u00a0 qu\u00fd kh\u00e1ch c\u00f3 th\u1ec3 chi\u00eam ng\u01b0\u1ee1ng c\u1ea3nh n\u00fai r\u1eebng T\u00e2y B\u1eafc h\u0169ng, d\u1eebng ch\u00e2n t\u1ea1i c\u1ed9t c\u1edd Mai Ch\u00e2u, ng\u1eafm nh\u00ecn\u00a0b\u1ea3n L\u00e1c \u2013 Mai Ch\u00e2u. \u0110o\u00e0n v\u01b0\u1ee3t \u0111\u00e8o Thung [&#8230;]\n","protected":false},"featured_media":1183,"comment_status":"open","ping_status":"closed","template":"","meta":[],"product_cat":[109,122,114],"product_tag":[],"class_list":["post-1182","product","type-product","status-publish","has-post-thumbnail","hentry","product_cat-san-pham-ban-chay","product_cat-tour-mien-bac","product_cat-tour-trong-nuoc"],"acf":[],"yoast_head":"<!-- This site is optimized with the Yoast SEO plugin v19.7.2 - https:\/\/yoast.com\/wordpress\/plugins\/seo\/ -->\n<title>TOUR MAI CH\u00c2U \u2013 P\u00d9 LU\u00d4NG - dulich16<\/title>\n<meta name=\"robots\" content=\"noindex, follow, max-snippet:-1, max-image-preview:large, max-video-preview:-1\" \/>\n<meta property=\"og:locale\" content=\"vi_VN\" \/>\n<meta property=\"og:type\" content=\"article\" \/>\n<meta property=\"og:title\" content=\"TOUR MAI CH\u00c2U \u2013 P\u00d9 LU\u00d4NG - dulich16\" \/>\n<meta property=\"og:description\" content=\"NG\u00c0Y 1: H\u00c0 N\u1ed8I -MAI CH\u00c2U (\u0102N TR\u01afA, T\u1ed0I) Xe v\u00e0 HDV c\u1ee7a Hoang Long Tourist \u0111\u00f3n \u0111o\u00e0n t\u1ea1i \u0111i\u1ec3m h\u1eb9n kh\u1edfi h\u00e0nh \u0111i\u00a0Mai Ch\u00e2u.\u00a0D\u1ecdc \u0111\u01b0\u1eddng\u00a0 qu\u00fd kh\u00e1ch c\u00f3 th\u1ec3 chi\u00eam ng\u01b0\u1ee1ng c\u1ea3nh n\u00fai r\u1eebng T\u00e2y B\u1eafc h\u0169ng, d\u1eebng ch\u00e2n t\u1ea1i c\u1ed9t c\u1edd Mai Ch\u00e2u, ng\u1eafm nh\u00ecn\u00a0b\u1ea3n L\u00e1c \u2013 Mai Ch\u00e2u. \u0110o\u00e0n v\u01b0\u1ee3t \u0111\u00e8o Thung [...]\" \/>\n<meta property=\"og:url\" content=\"https:\/\/mauweb.tamnguyen.vn\/dulich16\/san-pham\/tour-mai-chau-pu-luong\/\" \/>\n<meta property=\"og:site_name\" content=\"dulich16\" \/>\n<meta property=\"article:modified_time\" content=\"2022-05-04T03:56:05+00:00\" \/>\n<meta property=\"og:image\" content=\"https:\/\/mauweb.tamnguyen.vn\/dulich16\/wp-content\/uploads\/2022\/05\/4-1.jpg\" \/>\n\t<meta property=\"og:image:width\" content=\"1250\" \/>\n\t<meta property=\"og:image:height\" content=\"768\" \/>\n\t<meta property=\"og:image:type\" content=\"image\/jpeg\" \/>\n<meta name=\"twitter:card\" content=\"summary_large_image\" \/>\n<meta name=\"twitter:label1\" content=\"\u01af\u1edbc t\u00ednh th\u1eddi gian \u0111\u1ecdc\" \/>\n\t<meta name=\"twitter:data1\" content=\"9 ph\u00fat\" \/>\n<script type=\"application\/ld+json\" class=\"yoast-schema-graph\">{\"@context\":\"https:\/\/schema.org\",\"@graph\":[{\"@type\":\"WebPage\",\"@id\":\"https:\/\/mauweb.tamnguyen.vn\/dulich16\/san-pham\/tour-mai-chau-pu-luong\/\",\"url\":\"https:\/\/mauweb.tamnguyen.vn\/dulich16\/san-pham\/tour-mai-chau-pu-luong\/\",\"name\":\"TOUR MAI CH\u00c2U \u2013 P\u00d9 LU\u00d4NG - dulich16\",\"isPartOf\":{\"@id\":\"https:\/\/mauweb.tamnguyen.vn\/dulich16\/#website\"},\"datePublished\":\"2022-05-01T13:11:16+00:00\",\"dateModified\":\"2022-05-04T03:56:05+00:00\",\"breadcrumb\":{\"@id\":\"https:\/\/mauweb.tamnguyen.vn\/dulich16\/san-pham\/tour-mai-chau-pu-luong\/#breadcrumb\"},\"inLanguage\":\"vi\",\"potentialAction\":[{\"@type\":\"ReadAction\",\"target\":[\"https:\/\/mauweb.tamnguyen.vn\/dulich16\/san-pham\/tour-mai-chau-pu-luong\/\"]}]},{\"@type\":\"BreadcrumbList\",\"@id\":\"https:\/\/mauweb.tamnguyen.vn\/dulich16\/san-pham\/tour-mai-chau-pu-luong\/#breadcrumb\",\"itemListElement\":[{\"@type\":\"ListItem\",\"position\":1,\"name\":\"Trang ch\u1ee7\",\"item\":\"https:\/\/mauweb.tamnguyen.vn\/dulich16\/\"},{\"@type\":\"ListItem\",\"position\":2,\"name\":\"Shop\",\"item\":\"https:\/\/mauweb.tamnguyen.vn\/dulich16\/shop\/\"},{\"@type\":\"ListItem\",\"position\":3,\"name\":\"TOUR MAI CH\u00c2U \u2013 P\u00d9 LU\u00d4NG\"}]},{\"@type\":\"WebSite\",\"@id\":\"https:\/\/mauweb.tamnguyen.vn\/dulich16\/#website\",\"url\":\"https:\/\/mauweb.tamnguyen.vn\/dulich16\/\",\"name\":\"dulich16\",\"description\":\"\",\"potentialAction\":[{\"@type\":\"SearchAction\",\"target\":{\"@type\":\"EntryPoint\",\"urlTemplate\":\"https:\/\/mauweb.tamnguyen.vn\/dulich16\/?s={search_term_string}\"},\"query-input\":\"required name=search_term_string\"}],\"inLanguage\":\"vi\"}]}<\/script>\n<!-- \/ Yoast SEO plugin. -->","yoast_head_json":{"title":"TOUR MAI CH\u00c2U \u2013 P\u00d9 LU\u00d4NG - dulich16","robots":{"index":"noindex","follow":"follow","max-snippet":"max-snippet:-1","max-image-preview":"max-image-preview:large","max-video-preview":"max-video-preview:-1"},"og_locale":"vi_VN","og_type":"article","og_title":"TOUR MAI CH\u00c2U \u2013 P\u00d9 LU\u00d4NG - dulich16","og_description":"NG\u00c0Y 1: H\u00c0 N\u1ed8I -MAI CH\u00c2U (\u0102N TR\u01afA, T\u1ed0I) Xe v\u00e0 HDV c\u1ee7a Hoang Long Tourist \u0111\u00f3n \u0111o\u00e0n t\u1ea1i \u0111i\u1ec3m h\u1eb9n kh\u1edfi h\u00e0nh \u0111i\u00a0Mai Ch\u00e2u.\u00a0D\u1ecdc \u0111\u01b0\u1eddng\u00a0 qu\u00fd kh\u00e1ch c\u00f3 th\u1ec3 chi\u00eam ng\u01b0\u1ee1ng c\u1ea3nh n\u00fai r\u1eebng T\u00e2y B\u1eafc h\u0169ng, d\u1eebng ch\u00e2n t\u1ea1i c\u1ed9t c\u1edd Mai Ch\u00e2u, ng\u1eafm nh\u00ecn\u00a0b\u1ea3n L\u00e1c \u2013 Mai Ch\u00e2u. \u0110o\u00e0n v\u01b0\u1ee3t \u0111\u00e8o Thung [...]","og_url":"https:\/\/mauweb.tamnguyen.vn\/dulich16\/san-pham\/tour-mai-chau-pu-luong\/","og_site_name":"dulich16","article_modified_time":"2022-05-04T03:56:05+00:00","og_image":[{"width":1250,"height":768,"url":"https:\/\/mauweb.tamnguyen.vn\/dulich16\/wp-content\/uploads\/2022\/05\/4-1.jpg","type":"image\/jpeg"}],"twitter_card":"summary_large_image","twitter_misc":{"\u01af\u1edbc t\u00ednh th\u1eddi gian \u0111\u1ecdc":"9 ph\u00fat"},"schema":{"@context":"https:\/\/schema.org","@graph":[{"@type":"WebPage","@id":"https:\/\/mauweb.tamnguyen.vn\/dulich16\/san-pham\/tour-mai-chau-pu-luong\/","url":"https:\/\/mauweb.tamnguyen.vn\/dulich16\/san-pham\/tour-mai-chau-pu-luong\/","name":"TOUR MAI CH\u00c2U \u2013 P\u00d9 LU\u00d4NG - dulich16","isPartOf":{"@id":"https:\/\/mauweb.tamnguyen.vn\/dulich16\/#website"},"datePublished":"2022-05-01T13:11:16+00:00","dateModified":"2022-05-04T03:56:05+00:00","breadcrumb":{"@id":"https:\/\/mauweb.tamnguyen.vn\/dulich16\/san-pham\/tour-mai-chau-pu-luong\/#breadcrumb"},"inLanguage":"vi","potentialAction":[{"@type":"ReadAction","target":["https:\/\/mauweb.tamnguyen.vn\/dulich16\/san-pham\/tour-mai-chau-pu-luong\/"]}]},{"@type":"BreadcrumbList","@id":"https:\/\/mauweb.tamnguyen.vn\/dulich16\/san-pham\/tour-mai-chau-pu-luong\/#breadcrumb","itemListElement":[{"@type":"ListItem","position":1,"name":"Trang ch\u1ee7","item":"https:\/\/mauweb.tamnguyen.vn\/dulich16\/"},{"@type":"ListItem","position":2,"name":"Shop","item":"https:\/\/mauweb.tamnguyen.vn\/dulich16\/shop\/"},{"@type":"ListItem","position":3,"name":"TOUR MAI CH\u00c2U \u2013 P\u00d9 LU\u00d4NG"}]},{"@type":"WebSite","@id":"https:\/\/mauweb.tamnguyen.vn\/dulich16\/#website","url":"https:\/\/mauweb.tamnguyen.vn\/dulich16\/","name":"dulich16","description":"","potentialAction":[{"@type":"SearchAction","target":{"@type":"EntryPoint","urlTemplate":"https:\/\/mauweb.tamnguyen.vn\/dulich16\/?s={search_term_string}"},"query-input":"required name=search_term_string"}],"inLanguage":"vi"}]}},"_links":{"self":[{"href":"https:\/\/mauweb.tamnguyen.vn\/dulich16\/wp-json\/wp\/v2\/product\/1182"}],"collection":[{"href":"https:\/\/mauweb.tamnguyen.vn\/dulich16\/wp-json\/wp\/v2\/product"}],"about":[{"href":"https:\/\/mauweb.tamnguyen.vn\/dulich16\/wp-json\/wp\/v2\/types\/product"}],"replies":[{"embeddable":true,"href":"https:\/\/mauweb.tamnguyen.vn\/dulich16\/wp-json\/wp\/v2\/comments?post=1182"}],"wp:featuredmedia":[{"embeddable":true,"href":"https:\/\/mauweb.tamnguyen.vn\/dulich16\/wp-json\/wp\/v2\/media\/1183"}],"wp:attachment":[{"href":"https:\/\/mauweb.tamnguyen.vn\/dulich16\/wp-json\/wp\/v2\/media?parent=1182"}],"wp:term":[{"taxonomy":"product_cat","embeddable":true,"href":"https:\/\/mauweb.tamnguyen.vn\/dulich16\/wp-json\/wp\/v2\/product_cat?post=1182"},{"taxonomy":"product_tag","embeddable":true,"href":"https:\/\/mauweb.tamnguyen.vn\/dulich16\/wp-json\/wp\/v2\/product_tag?post=1182"}],"curies":[{"name":"wp","href":"https:\/\/api.w.org\/{rel}","templated":true}]}}