{"id":510,"date":"2019-03-06T08:02:47","date_gmt":"2019-03-06T08:02:47","guid":{"rendered":"http:\/\/mau2.maudep.com.vn\/dulich?page_id=510"},"modified":"2022-10-06T20:58:05","modified_gmt":"2022-10-06T20:58:05","slug":"lien-he","status":"publish","type":"page","link":"https:\/\/mauweb.tamnguyen.vn\/dulich16\/lien-he\/","title":{"rendered":"Li\u00ean h\u1ec7"},"content":{"rendered":"\t<section class=\"section\" id=\"section_877381774\">\n\t\t<div class=\"bg section-bg fill bg-fill  bg-loaded\" >\n\n\t\t\t\n\t\t\t\n\t\t\t\n\n\t\t<\/div>\n\n\t\t\n\n\t\t<div class=\"section-content relative\">\n\t\t\t\n<div class=\"row\"  id=\"row-2083883393\">\n\n\t<div id=\"col-1458418966\" class=\"col medium-6 small-12 large-6\"  >\n\t\t\t\t<div class=\"col-inner\"  >\n\t\t\t\n\t\t\t\n<h2><span style=\"color: #000000;\">TH\u00d4NG TIN LI\u00caN H\u1ec6<\/span><\/h2>\n<p>\u0110\u1ecba ch\u1ec9: S\u1ed1 83 Nguy\u1ec5n Ng\u1ecdc V\u0169 , P. Y\u00ean H\u00f2a , Qu\u1eadn C\u1ea7u Gi\u1ea5y , TP H\u00e0 N\u1ed9i<\/p>\n<p>Gi\u1ea5y ph\u00e9p kinh doanh s\u1ed1 0106088xxx do s\u1edf KH&amp;\u0110T TP H\u00e0 N\u1ed9i c\u1ea5p ng\u00e0y 17\/1 n\u0103m 2013<\/p>\n<p>Tel: 02422.696.xx \/ 0936.083.xxx<\/p>\n<p>Email: info@gmail.com<\/p>\n\t\t<\/div>\n\t\t\t\t\t<\/div>\n\n\t\n\n\t<div id=\"col-579019393\" class=\"col medium-6 small-12 large-6\"  >\n\t\t\t\t<div class=\"col-inner\"  >\n\t\t\t\n\t\t\t\n<div role=\"form\" class=\"wpcf7\" id=\"wpcf7-f6-o1\" lang=\"vi\" dir=\"ltr\">\n<div class=\"screen-reader-response\"><p role=\"status\" aria-live=\"polite\" aria-atomic=\"true\"><\/p> <ul><\/ul><\/div>\n<form action=\"\/dulich16\/wp-json\/wp\/v2\/pages\/510#wpcf7-f6-o1\" method=\"post\" class=\"wpcf7-form init\" novalidate=\"novalidate\" data-status=\"init\">\n<div style=\"display: none;\">\n<input type=\"hidden\" name=\"_wpcf7\" value=\"6\" \/>\n<input type=\"hidden\" name=\"_wpcf7_version\" value=\"5.6.3\" \/>\n<input type=\"hidden\" name=\"_wpcf7_locale\" value=\"vi\" \/>\n<input type=\"hidden\" name=\"_wpcf7_unit_tag\" value=\"wpcf7-f6-o1\" \/>\n<input type=\"hidden\" name=\"_wpcf7_container_post\" value=\"0\" \/>\n<input type=\"hidden\" name=\"_wpcf7_posted_data_hash\" value=\"\" \/>\n<\/div>\n<p><span class=\"wpcf7-form-control-wrap\" data-name=\"text-840\"><input type=\"text\" name=\"text-840\" value=\"\" size=\"40\" class=\"wpcf7-form-control wpcf7-text wpcf7-validates-as-required\" aria-required=\"true\" aria-invalid=\"false\" placeholder=\"H\u1ecd v\u00e0 t\u00ean\" \/><\/span><br \/>\n<span class=\"wpcf7-form-control-wrap\" data-name=\"tel-745\"><input type=\"tel\" name=\"tel-745\" value=\"\" size=\"40\" class=\"wpcf7-form-control wpcf7-text wpcf7-tel wpcf7-validates-as-required wpcf7-validates-as-tel\" aria-required=\"true\" aria-invalid=\"false\" placeholder=\"S\u1ed1 \u0111i\u1ec7n tho\u1ea1i\" \/><\/span><br \/>\n<span class=\"wpcf7-form-control-wrap\" data-name=\"email-458\"><input type=\"email\" name=\"email-458\" value=\"\" size=\"40\" class=\"wpcf7-form-control wpcf7-text wpcf7-email wpcf7-validates-as-required wpcf7-validates-as-email\" aria-required=\"true\" aria-invalid=\"false\" placeholder=\"Email\" \/><\/span><br \/>\n<span class=\"wpcf7-form-control-wrap\" data-name=\"textarea-18\"><textarea name=\"textarea-18\" cols=\"40\" rows=\"10\" class=\"wpcf7-form-control wpcf7-textarea\" aria-invalid=\"false\" placeholder=\"N\u1ed9i dung\"><\/textarea><\/span><br \/>\n<input type=\"submit\" value=\"\u0110\u0103ng k\u00fd\" class=\"wpcf7-form-control has-spinner wpcf7-submit\" \/><\/p>\n<div class=\"wpcf7-response-output\" aria-hidden=\"true\"><\/div><\/form><\/div>\n\t\t<\/div>\n\t\t\t\t\t<\/div>\n\n\t\n<\/div>\n\t\t<\/div>\n\n\t\t\n<style>\n#section_877381774 {\n  padding-top: 30px;\n  padding-bottom: 30px;\n}\n#section_877381774 .ux-shape-divider--top svg {\n  height: 150px;\n  --divider-top-width: 100%;\n}\n#section_877381774 .ux-shape-divider--bottom svg {\n  height: 150px;\n  --divider-width: 100%;\n}\n<\/style>\n\t<\/section>\n\t\n","protected":false},"excerpt":{"rendered":"","protected":false},"author":1,"featured_media":0,"parent":0,"menu_order":0,"comment_status":"closed","ping_status":"closed","template":"page-blank.php","meta":{"footnotes":""},"class_list":["post-510","page","type-page","status-publish","hentry"],"acf":[],"yoast_head":"<!-- This site is optimized with the Yoast SEO plugin v19.7.2 - https:\/\/yoast.com\/wordpress\/plugins\/seo\/ -->\n<title>dulich16<\/title>\n<meta name=\"robots\" content=\"noindex, follow, max-snippet:-1, max-image-preview:large, max-video-preview:-1\" \/>\n<meta property=\"og:locale\" content=\"vi_VN\" \/>\n<meta property=\"og:type\" content=\"article\" \/>\n<meta property=\"og:title\" content=\"dulich16\" \/>\n<meta property=\"og:url\" content=\"https:\/\/mauweb.tamnguyen.vn\/dulich16\/lien-he\/\" \/>\n<meta property=\"og:site_name\" content=\"dulich16\" \/>\n<meta property=\"article:modified_time\" content=\"2022-10-06T20:58:05+00:00\" \/>\n<meta name=\"twitter:card\" content=\"summary_large_image\" \/>\n<script type=\"application\/ld+json\" class=\"yoast-schema-graph\">{\"@context\":\"https:\/\/schema.org\",\"@graph\":[{\"@type\":\"WebPage\",\"@id\":\"https:\/\/mauweb.tamnguyen.vn\/dulich16\/lien-he\/\",\"url\":\"https:\/\/mauweb.tamnguyen.vn\/dulich16\/lien-he\/\",\"name\":\"dulich16\",\"isPartOf\":{\"@id\":\"https:\/\/mauweb.tamnguyen.vn\/dulich16\/#website\"},\"datePublished\":\"2019-03-06T08:02:47+00:00\",\"dateModified\":\"2022-10-06T20:58:05+00:00\",\"breadcrumb\":{\"@id\":\"https:\/\/mauweb.tamnguyen.vn\/dulich16\/lien-he\/#breadcrumb\"},\"inLanguage\":\"vi\",\"potentialAction\":[{\"@type\":\"ReadAction\",\"target\":[\"https:\/\/mauweb.tamnguyen.vn\/dulich16\/lien-he\/\"]}]},{\"@type\":\"BreadcrumbList\",\"@id\":\"https:\/\/mauweb.tamnguyen.vn\/dulich16\/lien-he\/#breadcrumb\",\"itemListElement\":[{\"@type\":\"ListItem\",\"position\":1,\"name\":\"Trang ch\u1ee7\",\"item\":\"https:\/\/mauweb.tamnguyen.vn\/dulich16\/\"},{\"@type\":\"ListItem\",\"position\":2,\"name\":\"Li\u00ean h\u1ec7\"}]},{\"@type\":\"WebSite\",\"@id\":\"https:\/\/mauweb.tamnguyen.vn\/dulich16\/#website\",\"url\":\"https:\/\/mauweb.tamnguyen.vn\/dulich16\/\",\"name\":\"dulich16\",\"description\":\"\",\"potentialAction\":[{\"@type\":\"SearchAction\",\"target\":{\"@type\":\"EntryPoint\",\"urlTemplate\":\"https:\/\/mauweb.tamnguyen.vn\/dulich16\/?s={search_term_string}\"},\"query-input\":\"required name=search_term_string\"}],\"inLanguage\":\"vi\"}]}<\/script>\n<!-- \/ Yoast SEO plugin. -->","yoast_head_json":{"title":"dulich16","robots":{"index":"noindex","follow":"follow","max-snippet":"max-snippet:-1","max-image-preview":"max-image-preview:large","max-video-preview":"max-video-preview:-1"},"og_locale":"vi_VN","og_type":"article","og_title":"dulich16","og_url":"https:\/\/mauweb.tamnguyen.vn\/dulich16\/lien-he\/","og_site_name":"dulich16","article_modified_time":"2022-10-06T20:58:05+00:00","twitter_card":"summary_large_image","schema":{"@context":"https:\/\/schema.org","@graph":[{"@type":"WebPage","@id":"https:\/\/mauweb.tamnguyen.vn\/dulich16\/lien-he\/","url":"https:\/\/mauweb.tamnguyen.vn\/dulich16\/lien-he\/","name":"dulich16","isPartOf":{"@id":"https:\/\/mauweb.tamnguyen.vn\/dulich16\/#website"},"datePublished":"2019-03-06T08:02:47+00:00","dateModified":"2022-10-06T20:58:05+00:00","breadcrumb":{"@id":"https:\/\/mauweb.tamnguyen.vn\/dulich16\/lien-he\/#breadcrumb"},"inLanguage":"vi","potentialAction":[{"@type":"ReadAction","target":["https:\/\/mauweb.tamnguyen.vn\/dulich16\/lien-he\/"]}]},{"@type":"BreadcrumbList","@id":"https:\/\/mauweb.tamnguyen.vn\/dulich16\/lien-he\/#breadcrumb","itemListElement":[{"@type":"ListItem","position":1,"name":"Trang ch\u1ee7","item":"https:\/\/mauweb.tamnguyen.vn\/dulich16\/"},{"@type":"ListItem","position":2,"name":"Li\u00ean h\u1ec7"}]},{"@type":"WebSite","@id":"https:\/\/mauweb.tamnguyen.vn\/dulich16\/#website","url":"https:\/\/mauweb.tamnguyen.vn\/dulich16\/","name":"dulich16","description":"","potentialAction":[{"@type":"SearchAction","target":{"@type":"EntryPoint","urlTemplate":"https:\/\/mauweb.tamnguyen.vn\/dulich16\/?s={search_term_string}"},"query-input":"required name=search_term_string"}],"inLanguage":"vi"}]}},"_links":{"self":[{"href":"https:\/\/mauweb.tamnguyen.vn\/dulich16\/wp-json\/wp\/v2\/pages\/510"}],"collection":[{"href":"https:\/\/mauweb.tamnguyen.vn\/dulich16\/wp-json\/wp\/v2\/pages"}],"about":[{"href":"https:\/\/mauweb.tamnguyen.vn\/dulich16\/wp-json\/wp\/v2\/types\/page"}],"author":[{"embeddable":true,"href":"https:\/\/mauweb.tamnguyen.vn\/dulich16\/wp-json\/wp\/v2\/users\/1"}],"replies":[{"embeddable":true,"href":"https:\/\/mauweb.tamnguyen.vn\/dulich16\/wp-json\/wp\/v2\/comments?post=510"}],"version-history":[{"count":8,"href":"https:\/\/mauweb.tamnguyen.vn\/dulich16\/wp-json\/wp\/v2\/pages\/510\/revisions"}],"predecessor-version":[{"id":1489,"href":"https:\/\/mauweb.tamnguyen.vn\/dulich16\/wp-json\/wp\/v2\/pages\/510\/revisions\/1489"}],"wp:attachment":[{"href":"https:\/\/mauweb.tamnguyen.vn\/dulich16\/wp-json\/wp\/v2\/media?parent=510"}],"curies":[{"name":"wp","href":"https:\/\/api.w.org\/{rel}","templated":true}]}}