{"id":590,"date":"2020-09-12T04:16:57","date_gmt":"2020-09-12T04:16:57","guid":{"rendered":"http:\/\/dulich15.maugiaodien.com\/?post_type=product&#038;p=590"},"modified":"2020-09-12T15:59:44","modified_gmt":"2020-09-12T15:59:44","slug":"tour-du-lich-kham-pha-ve-dep-mien-bac-4n3d","status":"publish","type":"product","link":"https:\/\/mauweb.tamnguyen.vn\/dulich15\/tour-du-lich-kham-pha-ve-dep-mien-bac-4n3d\/","title":{"rendered":"Tour Du L\u1ecbch: Kh\u00e1m Ph\u00e1 V\u1ebb \u0110\u1eb9p Mi\u1ec1n B\u1eafc (4N3\u0110)"},"content":{"rendered":"<div class=\"mh-box-info\">\n<p>M\u00e1y bay kh\u1ee9 h\u1ed3i &amp; xe du l\u1ecbch \u0111\u1eddi m\u1edbi<\/p>\n<p>S\u1ed1 ng\u00e0y: 4 ng\u00e0y 3 \u0111\u00eam<\/p>\n<p>Du l\u1ecbch Mi\u1ec1n T\u00e2y &#8211; Du l\u1ecbch Ch\u00e2u \u0110\u1ed1c &#8211; H\u00e0 Ti\u00ean &#8211; C\u1ea7n Th\u01a1 m\u00f9a Thu t\u1eeb S\u00e0i G\u00f2n<\/p>\n<\/div>\n<p>Du l\u1ecbch \u0110\u00e0i Loan m\u00f9a thu. M\u00f9a thu \u1edf \u00a0\u0110\u00e0i Loan b\u1eaft \u0111\u1ea7u t\u1eeb th\u00e1ng 9 \u0111\u1ebfn th\u00e1ng 11, kh\u00ed h\u1eadu l\u00fac n\u00e0y t\u01b0\u01a1ng \u0111\u1ed1i m\u00e1t m\u1ebb, d\u1ec5 ch\u1ecbu r\u1ea5t th\u00edch h\u1ee3p cho vi\u1ec7c du ngo\u1ea1n th\u01b0\u1edfng c\u1ea3nh. \u0110\u1eb7c bi\u1ec7t d\u01b0\u1edbi tr\u1eddi thu c\u1ea3nh v\u1eadt \u1edf \u0110\u00e0i Loan c\u00f3 s\u1ef1 bi\u1ebfn \u0111\u1ed5i r\u00f5 r\u1ec7t khi\u1ebfn du kh\u00e1ch kh\u00f4ng kh\u1ecfi cho\u00e1ng ng\u1ee3p tr\u01b0\u1edbc m\u1ed9t m\u00f9a thu \u0111\u1eb9p \u0111\u1ebfn nao l\u00f2ng trong chuy\u1ebfn du l\u1ecbch m\u00f9a thu x\u1ee9 \u0111\u00e0i. \u00a0\u0110\u1ebfn v\u1edbi H\u00e0nh tr\u00ecnh tour \u0110\u00e0i Loan m\u00f9a thu , \u1edf \u0110\u00e0i Loan v\u1ed1n n\u1ed5i ti\u1ebfng l\u00e0 m\u1ed9t trong ba \u0111\u1ecba \u0111i\u1ec3m ng\u1eafm m\u00f9a hoa anh \u0111\u00e0o \u0111\u1eb9p nh\u1ea5t Ch\u00e2u \u00c1, th\u1ebf nh\u01b0ng \u00edt ai bi\u1ebft r\u1eb1ng h\u00f2n \u0111\u1ea3o n\u00e0y c\u00f2n c\u00f3 m\u00f9a thu quy\u1ebfn r\u0169 ra l\u00e0m sao. V\u1eady \u0111\u1ec3 chi\u00eam ng\u01b0\u1ee1ng nh\u1eefng kho\u1ea3nh kh\u1eafc thu tuy\u1ec7t \u0111\u1eb9p nh\u01b0 th\u1ebf \u00a0khi du l\u1ecbch \u0110\u00e0i Loan m\u00f9a thu th\u00ec \u00a0b\u1ea1n n\u00ean tham quan n\u01a1i n\u00e0o? N\u00e0o ta h\u00e3y c\u00f9ng v\u1edbi Du L\u1ecbch Vi\u1ec7t t\u00ecm hi\u1ec3u b\u00ean d\u01b0\u1edbi nh\u00e9!Th\u00e1c n\u01b0\u1edbc Th\u1eadp Ph\u1ea7n \u0111\u01b0\u1ee3c m\u1ec7nh danh l\u00e0 Niagara c\u1ee7a Ch\u00e2u \u00c1, m\u1ed9t \u0111i\u1ec3m tham quan n\u1ed5i ti\u1ebfng \u1edf \u0110\u00e0i Loan trong chuy\u1ebfn tham quan\u00a0<strong>tour \u0110\u00e0i Loan m\u00f9a thu<\/strong>\u00a0s\u1ebd \u0111em \u0111\u1ebfn cho du kh\u00e1ch nhi\u1ec1u th\u1eed th\u00e1ch th\u00fa v\u1ecb. Th\u00e1c n\u01b0\u1edbc cao 20m v\u00e0 r\u1ed9ng 40m v\u1edbi d\u00f2ng ch\u1ea3y c\u1ef1c m\u1ea1nh, tu\u00f4n \u0111\u1ed5 tr\u1eafng x\u00f3a t\u1ea1o n\u00ean c\u1ea3nh t\u01b0\u1ee3ng h\u00f9ng v\u0129 gi\u1eefa n\u00fai r\u1eebng hoang s\u01a1. Th\u00e1c Th\u1eadp Ph\u1ea7n l\u00e0 \u0111i\u1ec3m \u0111\u1ebfn l\u00fd t\u01b0\u1edfng cho nh\u1eefng ai mu\u1ed1n phi\u00eau l\u01b0u m\u1ea1o hi\u1ec3m trong h\u00e0nh tr\u00ecnh\u00a0<strong>du l\u1ecbch \u0110\u00e0i Loan m\u00f9a l\u00e1 \u0111\u1ecf<\/strong>\u00a0v\u1edbi nh\u1eefng con \u0111\u01b0\u1eddng n\u00fai \u0111\u1ea7y th\u00e1ch th\u1ee9c v\u00e0 c\u00f3 ch\u00fat m\u1ea1o hi\u1ec3m. Hai b\u00ean \u0111\u01b0\u1eddng \u0111i xu\u1ed1ng th\u00e1c, b\u1ea1n c\u00f3 th\u1ec3 ng\u1eafm nh\u1eefng d\u00f2ng th\u00e1c tr\u1eafng x\u00f3a \u0111\u1ed5 xu\u1ed1ng m\u1eb7t h\u1ed3 xanh bi\u1ebfc. Ng\u00f4i l\u00e0ng n\u00e0y tr\u01b0\u1edbc kia l\u00e0 n\u01a1i nh\u00e2n d\u00e2n canh t\u00e1c n\u00f4ng nghi\u1ec7p. C\u00e1c s\u1ea3n v\u1eadt ch\u00ednh c\u1ee7a khu v\u1ef1c n\u00e0y th\u01b0\u1eddng l\u00e0 c\u00e2y b\u00f4ng v\u00e0 cao su. Khu v\u1ef1c Th\u1eadp Ph\u1ea7n n\u1ed5i ti\u1ebfng d\u1ed3i d\u00e0o v\u1edbi ngu\u1ed3n t\u00e0i nguy\u00ean v\u1ec1 than \u0111\u00e1 n\u00ean h\u1ecd x\u00e2y d\u1ef1ng \u0111\u01b0\u1eddng ray. M\u1ed7i n\u0103m c\u00f3 h\u00e0ng n\u0103m c\u00f3 kho\u1ea3ng v\u00e0i tri\u1ec7u t\u1ea5n than \u0111\u01b0\u1ee3c chuy\u1ec3n \u0111i t\u1eeb n\u01a1i n\u00e0y \u0111i kh\u1eafp m\u1ecdi n\u01a1i tr\u00ean \u0111\u1ea5t n\u01b0\u1edbc. Con \u0111\u01b0\u1eddng t\u1ea1i \u0111\u00e2y n\u1ed5i ti\u1ebfng v\u1edbi con \u0111\u01b0\u1eddng huy\u1ec1n tho\u1ea1i Pingxi. Nh\u1eefng ng\u01b0\u1eddi d\u00e2n t\u1ea1i \u0111\u00e2y ch\u1ec9 b\u00e1n nh\u1eefng lo\u1ea1i v\u1ea3i v\u00f3c hay gia v\u1ecb.<\/p>\n<p><img loading=\"lazy\" decoding=\"async\" class=\"aligncenter wp-image-144 size-full lazy-load-active\" src=\"http:\/\/dulich15.maugiaodien.com\/wp-content\/uploads\/2020\/09\/du-lich-mien-tay-du-lich-chau-doc-ha-tien-can-tho-mua-thu-tu-sai-gon-464.jpg\" sizes=\"(max-width: 900px) 100vw, 900px\" srcset=\"http:\/\/dulich15.maugiaodien.com\/wp-content\/uploads\/2020\/09\/du-lich-mien-tay-du-lich-chau-doc-ha-tien-can-tho-mua-thu-tu-sai-gon-464.jpg 900w, https:\/\/dulich4.muatheme.com\/wp-content\/uploads\/2019\/10\/du-lich-dai-loan-mua-thu-dai-bac-nam-dau-dai-trung-cao-hung-tu-sai-gon-gia-tot-2-600x333.jpg 600w, https:\/\/dulich4.muatheme.com\/wp-content\/uploads\/2019\/10\/du-lich-dai-loan-mua-thu-dai-bac-nam-dau-dai-trung-cao-hung-tu-sai-gon-gia-tot-2-768x427.jpg 768w\" alt=\"\" width=\"900\" height=\"500\" data-src=\"http:\/\/dulich15.maugiaodien.com\/wp-content\/uploads\/2020\/09\/du-lich-mien-tay-du-lich-chau-doc-ha-tien-can-tho-mua-thu-tu-sai-gon-464.jpg\" data-srcset=\"http:\/\/dulich15.maugiaodien.com\/wp-content\/uploads\/2020\/09\/du-lich-mien-tay-du-lich-chau-doc-ha-tien-can-tho-mua-thu-tu-sai-gon-464.jpg 900w, https:\/\/dulich4.muatheme.com\/wp-content\/uploads\/2019\/10\/du-lich-dai-loan-mua-thu-dai-bac-nam-dau-dai-trung-cao-hung-tu-sai-gon-gia-tot-2-600x333.jpg 600w, https:\/\/dulich4.muatheme.com\/wp-content\/uploads\/2019\/10\/du-lich-dai-loan-mua-thu-dai-bac-nam-dau-dai-trung-cao-hung-tu-sai-gon-gia-tot-2-768x427.jpg 768w\" \/><\/p>\n<p>\u0110i\u00a0<strong>du l\u1ecbch \u0110\u00e0i Loan m\u00f9a thu<\/strong>\u00a0b\u1ea1n s\u1ebd kh\u00f4ng kh\u1ecfi tr\u1ea7m tr\u1ed3 tr\u01b0\u1edbc c\u1ea3nh s\u1eafc thu \u0111\u1ea7y \u1ea5n t\u01b0\u1ee3ng n\u01a1i \u0111\u00e2y. D\u01b0\u1edbi tr\u1eddi thu h\u00e0ng c\u00e2y phong b\u00ean h\u1ed3 ng\u1ea3 sang m\u00e0u \u0111\u1ecf r\u1ef1c r\u1ee1, m\u1eb7t h\u1ed3 s\u00e1ng s\u1edbm ph\u1ee7 m\u1ed9t l\u1edbp s\u01b0\u01a1ng m\u1edd huy\u1ec1n \u1ea3o khi\u1ebfn kh\u00f4ng gian th\u00eam ph\u1ea7n m\u1ed9ng m\u1ecb.\u00a0<strong>Du l\u1ecbch \u0110\u00e0i Loan m\u00f9a l\u00e1 \u0111\u1ecf<\/strong>\u00a0c\u00f9ng\u00a0<strong>Du L\u1ecbch Vi\u1ec7t<\/strong>\u00a0tham quan H\u1ed3 Nh\u1eadt Nguy\u1ec7t , du kh\u00e1ch c\u00f2n\u00a0c\u00f3 d\u1ecbp \u0111i thuy\u1ec1n ng\u1eafm v\u1ebb \u0111\u1eb9p th\u01a1 m\u1ed9ng v\u00e0 t\u1eadn h\u01b0\u1edfng ti\u1ebft tr\u1eddi thu d\u1ec5 ch\u1ecbu n\u01a1i \u0111\u00e2y.<\/p>\n<p><img loading=\"lazy\" decoding=\"async\" class=\"aligncenter wp-image-145 size-full lazy-load-active\" src=\"http:\/\/dulich15.maugiaodien.com\/wp-content\/uploads\/2020\/09\/du-lich-mien-tay-du-lich-chau-doc-ha-tien-can-tho-mua-thu-tu-sai-gon-464-1.jpg\" sizes=\"(max-width: 900px) 100vw, 900px\" srcset=\"http:\/\/dulich15.maugiaodien.com\/wp-content\/uploads\/2020\/09\/du-lich-mien-tay-du-lich-chau-doc-ha-tien-can-tho-mua-thu-tu-sai-gon-464-1.jpg 900w, https:\/\/dulich4.muatheme.com\/wp-content\/uploads\/2019\/10\/du-lich-dai-loan-mua-thu-dai-bac-nam-dau-dai-trung-cao-hung-tu-sai-gon-gia-tot-3-600x333.jpg 600w, https:\/\/dulich4.muatheme.com\/wp-content\/uploads\/2019\/10\/du-lich-dai-loan-mua-thu-dai-bac-nam-dau-dai-trung-cao-hung-tu-sai-gon-gia-tot-3-768x427.jpg 768w\" alt=\"\" width=\"900\" height=\"500\" data-src=\"http:\/\/dulich15.maugiaodien.com\/wp-content\/uploads\/2020\/09\/du-lich-mien-tay-du-lich-chau-doc-ha-tien-can-tho-mua-thu-tu-sai-gon-464-1.jpg\" data-srcset=\"http:\/\/dulich15.maugiaodien.com\/wp-content\/uploads\/2020\/09\/du-lich-mien-tay-du-lich-chau-doc-ha-tien-can-tho-mua-thu-tu-sai-gon-464-1.jpg 900w, https:\/\/dulich4.muatheme.com\/wp-content\/uploads\/2019\/10\/du-lich-dai-loan-mua-thu-dai-bac-nam-dau-dai-trung-cao-hung-tu-sai-gon-gia-tot-3-600x333.jpg 600w, https:\/\/dulich4.muatheme.com\/wp-content\/uploads\/2019\/10\/du-lich-dai-loan-mua-thu-dai-bac-nam-dau-dai-trung-cao-hung-tu-sai-gon-gia-tot-3-768x427.jpg 768w\" \/><\/p>\n<p><strong>Du L\u1ecbch Vi\u1ec7t<\/strong>\u00a0hi\u1ec7n \u0111ang cung c\u1ea5p\u00a0<strong>tour du l\u1ecbch \u0110\u00e0i Loan m\u00f9a thu<\/strong><em><strong>\u00a0<\/strong><\/em>v\u00e0\u00a0tham quan c\u00e1c \u0111\u1ecba \u0111i\u1ec3m c\u00f9ng\u00a0v\u1edbi l\u1ecbch tr\u00ecnh h\u1ea5p d\u1eabn, gi\u00e1 tour h\u1ee3p l\u00fd, b\u1ea1n c\u00f2n ch\u1ea7n ch\u1eeb g\u00ec n\u1eefa m\u00e0 kh\u00f4ng li\u00ean h\u1ec7 cho ch\u00fang t\u00f4i \u0111\u1eb7t ngay h\u00e0nh tr\u00ecnh kh\u00e1m ph\u00e1 h\u00f2n \u0111\u1ea3o xinh \u0111\u1eb9p n\u00e0y. Trong chuy\u1ebfn\u00a0<strong>du l\u1ecbch m\u00f9a l\u00e1 \u0111\u1ecf \u0110\u00e0i Loan<\/strong>\u00a0n\u00e0y.<\/p>\n","protected":false},"excerpt":{"rendered":"<p>M\u00e3 tour: 14379<\/p>\n<p>Th\u1eddi gian: 14379<\/p>\n<p>Kh\u1edfi h\u00e0nh: 05,14,19\/11<\/p>\n<p>V\u1eadn chuy\u1ec3n: Xe du l\u1ecbch<\/p>\n<p>Xu\u1ea5t ph\u00e1t: T\u1eeb H\u1ea1 Long<\/p>\n","protected":false},"featured_media":591,"comment_status":"open","ping_status":"closed","template":"","meta":[],"class_list":["post-590","product","type-product","status-publish","has-post-thumbnail","hentry","product_cat-chua-phan-loai","product_cat-tour-hot-mua-thu"],"yoast_head":"<!-- This site is optimized with the Yoast SEO plugin v14.9 - https:\/\/yoast.com\/wordpress\/plugins\/seo\/ -->\n<title>Tour Du L\u1ecbch: Kh\u00e1m Ph\u00e1 V\u1ebb \u0110\u1eb9p Mi\u1ec1n B\u1eafc (4N3\u0110) - dulich15<\/title>\n<meta name=\"robots\" content=\"noindex, follow, max-snippet:-1, max-image-preview:large, max-video-preview:-1\" \/>\n<meta property=\"og:locale\" content=\"vi_VN\" \/>\n<meta property=\"og:type\" content=\"article\" \/>\n<meta property=\"og:title\" content=\"Tour Du L\u1ecbch: Kh\u00e1m Ph\u00e1 V\u1ebb \u0110\u1eb9p Mi\u1ec1n B\u1eafc (4N3\u0110) - dulich15\" \/>\n<meta property=\"og:description\" content=\"M\u00e3 tour: 14379  Th\u1eddi gian: 14379  Kh\u1edfi h\u00e0nh: 05,14,19\/11  V\u1eadn chuy\u1ec3n: Xe du l\u1ecbch  Xu\u1ea5t ph\u00e1t: T\u1eeb H\u1ea1 Long\" \/>\n<meta property=\"og:url\" content=\"http:\/\/dulich15.maugiaodien.com\/tour-du-lich-kham-pha-ve-dep-mien-bac-4n3d\/\" \/>\n<meta property=\"og:site_name\" content=\"dulich15\" \/>\n<meta property=\"article:modified_time\" content=\"2020-09-12T15:59:44+00:00\" \/>\n<meta property=\"og:image\" content=\"https:\/\/mauweb.tamnguyen.vn\/dulich15\/wp-content\/uploads\/2020\/09\/vinh-ha-long-800px.jpg\" \/>\n\t<meta property=\"og:image:width\" content=\"800\" \/>\n\t<meta property=\"og:image:height\" content=\"600\" \/>\n<meta name=\"twitter:card\" content=\"summary\" \/>\n<script type=\"application\/ld+json\" class=\"yoast-schema-graph\">{\"@context\":\"https:\/\/schema.org\",\"@graph\":[{\"@type\":\"WebSite\",\"@id\":\"https:\/\/mauweb.tamnguyen.vn\/dulich15\/#website\",\"url\":\"https:\/\/mauweb.tamnguyen.vn\/dulich15\/\",\"name\":\"dulich15\",\"description\":\"\",\"potentialAction\":[{\"@type\":\"SearchAction\",\"target\":\"https:\/\/mauweb.tamnguyen.vn\/dulich15\/?s={search_term_string}\",\"query-input\":\"required name=search_term_string\"}],\"inLanguage\":\"vi\"},{\"@type\":\"ImageObject\",\"@id\":\"http:\/\/dulich15.maugiaodien.com\/tour-du-lich-kham-pha-ve-dep-mien-bac-4n3d\/#primaryimage\",\"inLanguage\":\"vi\",\"url\":\"https:\/\/mauweb.tamnguyen.vn\/dulich15\/wp-content\/uploads\/2020\/09\/vinh-ha-long-800px.jpg\",\"width\":800,\"height\":600},{\"@type\":\"WebPage\",\"@id\":\"http:\/\/dulich15.maugiaodien.com\/tour-du-lich-kham-pha-ve-dep-mien-bac-4n3d\/#webpage\",\"url\":\"http:\/\/dulich15.maugiaodien.com\/tour-du-lich-kham-pha-ve-dep-mien-bac-4n3d\/\",\"name\":\"Tour Du L\\u1ecbch: Kh\\u00e1m Ph\\u00e1 V\\u1ebb \\u0110\\u1eb9p Mi\\u1ec1n B\\u1eafc (4N3\\u0110) - dulich15\",\"isPartOf\":{\"@id\":\"https:\/\/mauweb.tamnguyen.vn\/dulich15\/#website\"},\"primaryImageOfPage\":{\"@id\":\"http:\/\/dulich15.maugiaodien.com\/tour-du-lich-kham-pha-ve-dep-mien-bac-4n3d\/#primaryimage\"},\"datePublished\":\"2020-09-12T04:16:57+00:00\",\"dateModified\":\"2020-09-12T15:59:44+00:00\",\"inLanguage\":\"vi\",\"potentialAction\":[{\"@type\":\"ReadAction\",\"target\":[\"http:\/\/dulich15.maugiaodien.com\/tour-du-lich-kham-pha-ve-dep-mien-bac-4n3d\/\"]}]}]}<\/script>\n<!-- \/ Yoast SEO plugin. -->","_links":{"self":[{"href":"https:\/\/mauweb.tamnguyen.vn\/dulich15\/wp-json\/wp\/v2\/product\/590"}],"collection":[{"href":"https:\/\/mauweb.tamnguyen.vn\/dulich15\/wp-json\/wp\/v2\/product"}],"about":[{"href":"https:\/\/mauweb.tamnguyen.vn\/dulich15\/wp-json\/wp\/v2\/types\/product"}],"replies":[{"embeddable":true,"href":"https:\/\/mauweb.tamnguyen.vn\/dulich15\/wp-json\/wp\/v2\/comments?post=590"}],"wp:featuredmedia":[{"embeddable":true,"href":"https:\/\/mauweb.tamnguyen.vn\/dulich15\/wp-json\/wp\/v2\/media\/591"}],"wp:attachment":[{"href":"https:\/\/mauweb.tamnguyen.vn\/dulich15\/wp-json\/wp\/v2\/media?parent=590"}],"curies":[{"name":"wp","href":"https:\/\/api.w.org\/{rel}","templated":true}]}}