{"id":586,"date":"2020-09-12T04:12:10","date_gmt":"2020-09-12T04:12:10","guid":{"rendered":"http:\/\/dulich15.maugiaodien.com\/?post_type=product&#038;p=586"},"modified":"2020-09-12T04:12:51","modified_gmt":"2020-09-12T04:12:51","slug":"mia-resort-nha-trang","status":"publish","type":"product","link":"https:\/\/mauweb.tamnguyen.vn\/dulich15\/mia-resort-nha-trang\/","title":{"rendered":"Mia Resort Nha Trang"},"content":{"rendered":"<p><strong>Kh\u00e1ch S\u1ea1n Diamond Sea<\/strong>\u00a0t\u1ecda l\u1ea1c t\u1ea1i s\u1ed1 232 V\u00f5 Nguy\u00ean Gi\u00e1p, Qu\u1eadn S\u01a1n Tr\u00e0, th\u00e0nh ph\u1ed1 \u0110\u00e0 N\u1eb5ng, con \u0111\u01b0\u1eddng \u0111\u1eb9p nh\u1ea5t Th\u00e0nh ph\u1ed1 \u0110\u00e0 N\u1eb5ng, v\u1ecb tr\u00ed \u0111\u1ed1i di\u1ec7n v\u1edbi b\u00e3i bi\u1ec3n M\u1ef9 Kh\u00ea, c\u00e1ch s\u00e2n bay qu\u1ed1c t\u1ebf \u0110\u00e0 N\u1eb5ng l\u00e0 kho\u1ea3ng 7 km.<\/p>\n<p><strong>Kh\u00e1ch S\u1ea1n Diamond Sea<\/strong>\u00a0c\u00f3 124 ph\u00f2ng v\u1edbi kh\u00f4ng kh\u00ed y\u00ean b\u00ecnh v\u00e0 tuy\u1ec7t v\u1eddi v\u1edbi \u0111\u1ea7y \u0111\u1ee7 trang thi\u1ebft b\u1ecb nh\u01b0 Mi\u1ec5n ph\u00ed Wi-fi t\u1ea5t c\u1ea3 c\u00e1c ph\u00f2ng, tivi m\u00e0n h\u00ecnh ph\u1eb3ng truy\u1ec1n h\u00ecnh c\u00e1p, \u0111i\u1ec1u h\u00f2a nhi\u1ec7t \u0111\u1ed9, t\u1eafm n\u00f3ng l\u1ea1nh, qu\u1ea7y l\u1ec5 t\u00e2n, d\u1ecbch v\u1ee5 ph\u00f2ng 24 gi\u1edd, gi\u1eef h\u00e0nh l\u00fd, Wi-Fi \u1edf khu v\u1ef1c c\u00f4ng c\u1ed9ng. Ngo\u00e0i ra, Kh\u00e1ch s\u1ea1n c\u00f2n cung c\u1ea5p r\u1ea5t nhi\u1ec1u ph\u01b0\u01a1ng ti\u1ec7n gi\u1ea3i tr\u00ed \u0111\u1ed9c \u0111\u00e1o nh\u01b0 ph\u00f2ng th\u1ec3 d\u1ee5c, ph\u00f2ng x\u00f4ng h\u01a1i, h\u1ed3 b\u01a1i\u2009ngo\u00e0i tr\u1eddi, spa, massage&#8230;<\/p>\n<p><strong>Kh\u00e1ch S\u1ea1n Diamond Sea<\/strong>\u00a0s\u1ebd t\u01b0 v\u1ea5n \u0111\u1eb7t tour cho du kh\u00e1ch t\u1edbi c\u00e1c \u0111\u1ecba danh n\u1ed5i ti\u1ebfng c\u1ee7a th\u00e0nh ph\u1ed1 \u0110\u00e0 N\u1eb5ng nh\u01b0: Ng\u0169 H\u00e0nh S\u01a1n, B\u00e0 N\u00e0 \u2013 N\u00fai Ch\u00faa, \u0110\u00e8o H\u1ea3i V\u00e2n, C\u1ed5 vi\u1ec7n Ch\u00e0m, Ngh\u0129a Tr\u1ee7ng H\u00f2a Vang, C\u1ea7u S\u00f4ng H\u00e0n, C\u1ea7u R\u1ed3ng, Ch\u1ee3 C\u1ed3n, khu b\u00e1n \u0111\u1ea3o S\u01a1n Tr\u00e0 \u2013 N\u00fai Kh\u1ec9, B\u00e3i bi\u1ec3n M\u1ef9 Kh\u00ea,\u2026 Hay c\u00f3 th\u1ec3 th\u01b0\u1edfng th\u1ee9c nh\u1eefng m\u00f3n ngon \u0111\u1eb7c s\u1ea3n n\u01a1i \u0111\u00e2y nh\u01b0 M\u00ec Qu\u1ea3ng, g\u1ecfi c\u00e1 Nam \u00d4, b\u00e1nh tr\u00e1ng th\u1ecbt heo, b\u00ea thui C\u1ea7u M\u1ed1ng, ch\u00e8 xoa xoa h\u1ea1t l\u1ef1u, \u1ed1c h\u00fat\u2026<\/p>\n<p>Qu\u00fd kh\u00e1ch c\u00f3 th\u1ec3 \u0111\u1eb7t ph\u00f2ng\u00a0<strong>Kh\u00e1ch S\u1ea1n Diamond Sea\u00a0<\/strong>c\u0169ng nh\u01b0 c\u00e1c kh\u00e1ch s\u1ea1n tr\u00ean kh\u1eafp c\u00e1c t\u1ec9nh th\u00e0nh thu\u1ed9c h\u1ec7 th\u1ed1ng Mytour.vn c\u1ee7a ch\u00fang t\u00f4i \u0111\u1ec3 gi\u00fap kh\u00e1ch h\u00e0ng l\u00ean k\u1ebf ho\u1ea1ch cho m\u1ed9t chuy\u1ebfn du l\u1ecbch \u201cD\u1ec5 d\u00e0ng\u201d, \u201cH\u00e0i l\u00f2ng\u201d v\u00e0 \u201cTi\u1ebft ki\u1ec7m\u201d.<\/p>\n<p>Nhanh tay \u0111\u1eb7t ph\u00f2ng gi\u00e1 r\u1ebb nh\u1ea5t tr\u00ean Mytour v\u00e0 t\u1eadn h\u01b0\u1edfng k\u00ec ngh\u1ec9 th\u00fa v\u1ecb c\u1ee7a qu\u00fd kh\u00e1ch ngay t\u1eeb b\u00e2y gi\u1edd nh\u00e9!<\/p>\n<dl>\n<dt>Gi\u1edd nh\u1eadn ph\u00f2ng: 14:00<\/dt>\n<dt>Gi\u1edd tr\u1ea3 ph\u00f2ng: 12:00<\/dt>\n<\/dl>\n<p class=\"hot-policy\">H\u1ed7 tr\u1ee3 b\u1ea3o l\u01b0u booking v\u00e0 d\u1eddi ng\u00e0y \u0111\u1ebfn \u0111\u1ebfn 20\/12\/2020<\/p>\n<p class=\"hot-policy\"><strong>Combo &#8220;Xin c\u1ea3m \u01a1n&#8221; (\u00e1p d\u1ee5ng \u0111\u1ebfn 31\/10\/2020) bao g\u1ed3m:<\/strong><br \/>\n&#8211; 01 \u0111\u00eam l\u01b0u tr\u00fa ph\u00f2ng Superior<br \/>\n&#8211; 01 Set menu tr\u01b0a\/t\u1ed1i cho 02 kh\u00e1ch ( Menu m\u00f3n Vi\u1ec7t )<br \/>\n&#8211; G\u00f3i khuy\u1ebfn m\u00e3i \u00e1p d\u1ee5ng cho 2 ng\u01b0\u1eddi l\u1edbn<br \/>\n&#8211; D\u1ecbch v\u1ee5 FB s\u1eed d\u1ee5ng b\u1eb1ng voucher<br \/>\n&#8211; C\u00e1c d\u1ecbch v\u1ee5 trong g\u00f3i n\u00e0y kh\u00f4ng th\u1ec3 quy \u0111\u1ed5i th\u00e0nh ti\u1ec1n m\u1eb7t, b\u00e1n l\u1ea1i hay thay c\u00e1c d\u1ecbch v\u1ee5 kh\u00e1c<br \/>\n&#8211; N\u1ebfu kh\u00e1ch \u0111\u1eb7t 2 \u0111\u00eam tr\u1edf lu\u00f4n mu\u1ed1n s\u1eed d\u1ee5ng 1 Combo &#8220;Xin c\u1ea3m \u01a1n&#8221;, vui l\u00f2ng li\u00ean h\u1ec7 Mytour \u0111\u1ec3 \u0111\u01b0\u1ee3c t\u01b0 v\u1ea5n v\u1ec1 gi\u00e1 t\u1ed1t.<\/p>\n","protected":false},"excerpt":{"rendered":"<p><strong>Kh\u00e1ch S\u1ea1n Diamond Sea<\/strong>\u00a0t\u1ecda l\u1ea1c t\u1ea1i s\u1ed1 232 V\u00f5 Nguy\u00ean Gi\u00e1p, Qu\u1eadn S\u01a1n Tr\u00e0, th\u00e0nh ph\u1ed1 \u0110\u00e0 N\u1eb5ng, con \u0111\u01b0\u1eddng \u0111\u1eb9p nh\u1ea5t Th\u00e0nh ph\u1ed1 \u0110\u00e0 N\u1eb5ng, v\u1ecb tr\u00ed \u0111\u1ed1i di\u1ec7n v\u1edbi b\u00e3i bi\u1ec3n M\u1ef9 Kh\u00ea, c\u00e1ch s\u00e2n bay qu\u1ed1c t\u1ebf \u0110\u00e0 N\u1eb5ng l\u00e0 kho\u1ea3ng 7 km.<\/p>\n","protected":false},"featured_media":587,"comment_status":"open","ping_status":"closed","template":"","meta":[],"class_list":["post-586","product","type-product","status-publish","has-post-thumbnail","hentry","product_cat-khach-san"],"yoast_head":"<!-- This site is optimized with the Yoast SEO plugin v14.9 - https:\/\/yoast.com\/wordpress\/plugins\/seo\/ -->\n<title>Mia Resort Nha Trang - dulich15<\/title>\n<meta name=\"robots\" content=\"noindex, follow, max-snippet:-1, max-image-preview:large, max-video-preview:-1\" \/>\n<meta property=\"og:locale\" content=\"vi_VN\" \/>\n<meta property=\"og:type\" content=\"article\" \/>\n<meta property=\"og:title\" content=\"Mia Resort Nha Trang - dulich15\" \/>\n<meta property=\"og:description\" content=\"Kh\u00e1ch S\u1ea1n Diamond Sea\u00a0t\u1ecda l\u1ea1c t\u1ea1i s\u1ed1 232 V\u00f5 Nguy\u00ean Gi\u00e1p, Qu\u1eadn S\u01a1n Tr\u00e0, th\u00e0nh ph\u1ed1 \u0110\u00e0 N\u1eb5ng, con \u0111\u01b0\u1eddng \u0111\u1eb9p nh\u1ea5t Th\u00e0nh ph\u1ed1 \u0110\u00e0 N\u1eb5ng, v\u1ecb tr\u00ed \u0111\u1ed1i di\u1ec7n v\u1edbi b\u00e3i bi\u1ec3n M\u1ef9 Kh\u00ea, c\u00e1ch s\u00e2n bay qu\u1ed1c t\u1ebf \u0110\u00e0 N\u1eb5ng l\u00e0 kho\u1ea3ng 7 km.\" \/>\n<meta property=\"og:url\" content=\"http:\/\/dulich15.maugiaodien.com\/mia-resort-nha-trang\/\" \/>\n<meta property=\"og:site_name\" content=\"dulich15\" \/>\n<meta property=\"article:modified_time\" content=\"2020-09-12T04:12:51+00:00\" \/>\n<meta property=\"og:image\" content=\"https:\/\/mauweb.tamnguyen.vn\/dulich15\/wp-content\/uploads\/2020\/09\/173538974.jpg\" \/>\n\t<meta property=\"og:image:width\" content=\"1024\" \/>\n\t<meta property=\"og:image:height\" content=\"683\" \/>\n<meta name=\"twitter:card\" content=\"summary\" \/>\n<script type=\"application\/ld+json\" class=\"yoast-schema-graph\">{\"@context\":\"https:\/\/schema.org\",\"@graph\":[{\"@type\":\"WebSite\",\"@id\":\"https:\/\/mauweb.tamnguyen.vn\/dulich15\/#website\",\"url\":\"https:\/\/mauweb.tamnguyen.vn\/dulich15\/\",\"name\":\"dulich15\",\"description\":\"\",\"potentialAction\":[{\"@type\":\"SearchAction\",\"target\":\"https:\/\/mauweb.tamnguyen.vn\/dulich15\/?s={search_term_string}\",\"query-input\":\"required name=search_term_string\"}],\"inLanguage\":\"vi\"},{\"@type\":\"ImageObject\",\"@id\":\"http:\/\/dulich15.maugiaodien.com\/mia-resort-nha-trang\/#primaryimage\",\"inLanguage\":\"vi\",\"url\":\"https:\/\/mauweb.tamnguyen.vn\/dulich15\/wp-content\/uploads\/2020\/09\/173538974.jpg\",\"width\":1024,\"height\":683},{\"@type\":\"WebPage\",\"@id\":\"http:\/\/dulich15.maugiaodien.com\/mia-resort-nha-trang\/#webpage\",\"url\":\"http:\/\/dulich15.maugiaodien.com\/mia-resort-nha-trang\/\",\"name\":\"Mia Resort Nha Trang - dulich15\",\"isPartOf\":{\"@id\":\"https:\/\/mauweb.tamnguyen.vn\/dulich15\/#website\"},\"primaryImageOfPage\":{\"@id\":\"http:\/\/dulich15.maugiaodien.com\/mia-resort-nha-trang\/#primaryimage\"},\"datePublished\":\"2020-09-12T04:12:10+00:00\",\"dateModified\":\"2020-09-12T04:12:51+00:00\",\"inLanguage\":\"vi\",\"potentialAction\":[{\"@type\":\"ReadAction\",\"target\":[\"http:\/\/dulich15.maugiaodien.com\/mia-resort-nha-trang\/\"]}]}]}<\/script>\n<!-- \/ Yoast SEO plugin. -->","_links":{"self":[{"href":"https:\/\/mauweb.tamnguyen.vn\/dulich15\/wp-json\/wp\/v2\/product\/586"}],"collection":[{"href":"https:\/\/mauweb.tamnguyen.vn\/dulich15\/wp-json\/wp\/v2\/product"}],"about":[{"href":"https:\/\/mauweb.tamnguyen.vn\/dulich15\/wp-json\/wp\/v2\/types\/product"}],"replies":[{"embeddable":true,"href":"https:\/\/mauweb.tamnguyen.vn\/dulich15\/wp-json\/wp\/v2\/comments?post=586"}],"wp:featuredmedia":[{"embeddable":true,"href":"https:\/\/mauweb.tamnguyen.vn\/dulich15\/wp-json\/wp\/v2\/media\/587"}],"wp:attachment":[{"href":"https:\/\/mauweb.tamnguyen.vn\/dulich15\/wp-json\/wp\/v2\/media?parent=586"}],"curies":[{"name":"wp","href":"https:\/\/api.w.org\/{rel}","templated":true}]}}