{"id":217,"date":"2017-11-03T00:40:51","date_gmt":"2017-11-03T00:40:51","guid":{"rendered":"http:\/\/dulich15.maugiaodien.com\/?page_id=217"},"modified":"2017-11-03T00:40:51","modified_gmt":"2017-11-03T00:40:51","slug":"bao-mat-thong-tin-khach-hang","status":"publish","type":"page","link":"https:\/\/mauweb.tamnguyen.vn\/dulich15\/bao-mat-thong-tin-khach-hang\/","title":{"rendered":"B\u1ea3o m\u1eadt th\u00f4ng tin kh\u00e1ch h\u00e0ng"},"content":{"rendered":"<p>B\u1ea3o m\u1eadt th\u00f4ng tin kh\u00e1ch h\u00e0ng<\/p>\n","protected":false},"excerpt":{"rendered":"<p>B\u1ea3o m\u1eadt th\u00f4ng tin kh\u00e1ch h\u00e0ng<\/p>\n","protected":false},"author":1,"featured_media":0,"parent":0,"menu_order":0,"comment_status":"closed","ping_status":"closed","template":"","meta":{"footnotes":""},"class_list":["post-217","page","type-page","status-publish","hentry"],"yoast_head":"<!-- This site is optimized with the Yoast SEO plugin v14.9 - https:\/\/yoast.com\/wordpress\/plugins\/seo\/ -->\n<title>B\u1ea3o m\u1eadt th\u00f4ng tin kh\u00e1ch h\u00e0ng - dulich15<\/title>\n<meta name=\"robots\" content=\"noindex, follow, max-snippet:-1, max-image-preview:large, max-video-preview:-1\" \/>\n<meta property=\"og:locale\" content=\"vi_VN\" \/>\n<meta property=\"og:type\" content=\"article\" \/>\n<meta property=\"og:title\" content=\"B\u1ea3o m\u1eadt th\u00f4ng tin kh\u00e1ch h\u00e0ng - dulich15\" \/>\n<meta property=\"og:description\" content=\"B\u1ea3o m\u1eadt th\u00f4ng tin kh\u00e1ch h\u00e0ng\" \/>\n<meta property=\"og:url\" content=\"http:\/\/dulich15.maugiaodien.com\/bao-mat-thong-tin-khach-hang\/\" \/>\n<meta property=\"og:site_name\" content=\"dulich15\" \/>\n<meta name=\"twitter:card\" content=\"summary\" \/>\n<script type=\"application\/ld+json\" class=\"yoast-schema-graph\">{\"@context\":\"https:\/\/schema.org\",\"@graph\":[{\"@type\":\"WebSite\",\"@id\":\"https:\/\/mauweb.tamnguyen.vn\/dulich15\/#website\",\"url\":\"https:\/\/mauweb.tamnguyen.vn\/dulich15\/\",\"name\":\"dulich15\",\"description\":\"\",\"potentialAction\":[{\"@type\":\"SearchAction\",\"target\":\"https:\/\/mauweb.tamnguyen.vn\/dulich15\/?s={search_term_string}\",\"query-input\":\"required name=search_term_string\"}],\"inLanguage\":\"vi\"},{\"@type\":\"WebPage\",\"@id\":\"http:\/\/dulich15.maugiaodien.com\/bao-mat-thong-tin-khach-hang\/#webpage\",\"url\":\"http:\/\/dulich15.maugiaodien.com\/bao-mat-thong-tin-khach-hang\/\",\"name\":\"B\\u1ea3o m\\u1eadt th\\u00f4ng tin kh\\u00e1ch h\\u00e0ng - dulich15\",\"isPartOf\":{\"@id\":\"https:\/\/mauweb.tamnguyen.vn\/dulich15\/#website\"},\"datePublished\":\"2017-11-03T00:40:51+00:00\",\"dateModified\":\"2017-11-03T00:40:51+00:00\",\"inLanguage\":\"vi\",\"potentialAction\":[{\"@type\":\"ReadAction\",\"target\":[\"http:\/\/dulich15.maugiaodien.com\/bao-mat-thong-tin-khach-hang\/\"]}]}]}<\/script>\n<!-- \/ Yoast SEO plugin. -->","_links":{"self":[{"href":"https:\/\/mauweb.tamnguyen.vn\/dulich15\/wp-json\/wp\/v2\/pages\/217"}],"collection":[{"href":"https:\/\/mauweb.tamnguyen.vn\/dulich15\/wp-json\/wp\/v2\/pages"}],"about":[{"href":"https:\/\/mauweb.tamnguyen.vn\/dulich15\/wp-json\/wp\/v2\/types\/page"}],"author":[{"embeddable":true,"href":"https:\/\/mauweb.tamnguyen.vn\/dulich15\/wp-json\/wp\/v2\/users\/1"}],"replies":[{"embeddable":true,"href":"https:\/\/mauweb.tamnguyen.vn\/dulich15\/wp-json\/wp\/v2\/comments?post=217"}],"version-history":[{"count":1,"href":"https:\/\/mauweb.tamnguyen.vn\/dulich15\/wp-json\/wp\/v2\/pages\/217\/revisions"}],"predecessor-version":[{"id":218,"href":"https:\/\/mauweb.tamnguyen.vn\/dulich15\/wp-json\/wp\/v2\/pages\/217\/revisions\/218"}],"wp:attachment":[{"href":"https:\/\/mauweb.tamnguyen.vn\/dulich15\/wp-json\/wp\/v2\/media?parent=217"}],"curies":[{"name":"wp","href":"https:\/\/api.w.org\/{rel}","templated":true}]}}