{"id":74,"date":"2021-02-23T08:54:16","date_gmt":"2021-02-23T08:54:16","guid":{"rendered":"http:\/\/dulich12.maugiaodien.com\/?post_type=product&#038;p=74"},"modified":"2021-02-25T02:56:08","modified_gmt":"2021-02-25T02:56:08","slug":"combo-phu-quoc-4n3d-tai-cassia-cottage-resort-ve-may-bay-khu-hoi","status":"publish","type":"product","link":"https:\/\/mauweb.tamnguyen.vn\/dulich12\/san-pham\/combo-phu-quoc-4n3d-tai-cassia-cottage-resort-ve-may-bay-khu-hoi\/","title":{"rendered":"Combo Ph\u00fa Qu\u1ed1c 4N3\u0110 t\u1ea1i Cassia Cottage Resort + v\u00e9 m\u00e1y bay kh\u1ee9 h\u1ed3i"},"content":{"rendered":"<h3>GI\u1edaI THI\u1ec6U CHUNG<\/h3>\n<p>T\u1ecda l\u1ea1c t\u1ea1i khu v\u1ef1c b\u00e3i bi\u1ec3n D\u01b0\u01a1ng \u0110\u00f4ng, ch\u1ec9 c\u00e1ch ch\u1ee3 \u0111\u00eam B\u1ea1ch \u0110\u1eb1ng kho\u1ea3ng 2km, c\u00e1ch s\u00e2n bay Ph\u00fa Qu\u1ed1c kho\u1ea3ng 5km, v\u1edbi b\u00e3i bi\u1ec3n ri\u00eang c\u00f9ng ph\u00f2ng ngh\u1ec9 t\u00e1ch bi\u1ec7t k\u00edn \u0111\u00e1o, Cassia Cottage Resort l\u00e0 m\u1ed9t l\u1ef1a ch\u1ecdn l\u00fd t\u01b0\u1edfng cho nh\u1eefng du kh\u00e1ch mu\u1ed1n tr\u00e1nh xa \u1ed3n \u00e0o, b\u1ee5i b\u1eb7m th\u00e0nh ph\u1ed1 v\u00e0 h\u00edt c\u0103ng l\u1ed3ng ng\u1ef1c kh\u00f4ng kh\u00ed bi\u1ec3n trong l\u00e0nh.<\/p>\n<p>B\u1ea1n c\u00f3 th\u1ec3 th\u1ecfa s\u1ee9c th\u01b0 gi\u00e3n \u1edf 3 b\u1ec3 b\u01a1i ngo\u00e0i tr\u1eddi c\u1ee7a Cassia trong \u0111\u00f3 c\u00f3 m\u1ed9t b\u1ec3 b\u01a1i v\u00f4 c\u1ef1c \u1edf The Spice House, hay d\u1ea1o ch\u01a1i tr\u00ean b\u00e3i bi\u1ec3n ch\u00ednh c\u00e1ch resort ch\u1ec9 160m, ho\u1eb7c t\u1eafm m\u00ecnh trong khung c\u1ea3nh th\u01a1 m\u1ed9ng t\u1ea1i b\u00e3i bi\u1ec3n ri\u00eang c\u1ee7a resort (di\u1ec7n t\u00edch 77x30m). B\u1ea1n c\u0169ng c\u00f3 th\u1ec3 t\u1eadn h\u01b0\u1edfng th\u00fa vui \u0111\u1ecdc s\u00e1ch trong khu\u00f4n vi\u00ean tho\u00e1ng m\u00e1t, \u0111\u1ea7y m\u00e0u xanh c\u00e2y c\u1ed1i c\u1ee7a resort hay tr\u1ea3i nghi\u1ec7m d\u1ecbch v\u1ee5 m\u00e1t xa v\u1edbi s\u1ef1 ph\u1ee5c v\u1ee5 t\u1eadn t\u00ecnh c\u1ee7a nh\u00e2n vi\u00ean.<\/p>\n<p>Kh\u00f4ng gian ri\u00eang t\u01b0 l\u1ea1i kh\u00f4ng k\u00e9m ph\u1ea7n sang tr\u1ecdng, n\u1eb1m tr\u1ecdn gi\u1eefa gi\u00f3, n\u1eafng v\u00e0 m\u00eanh m\u00f4ng s\u00f3ng bi\u1ec3n c\u1ee7a Ph\u00fa Qu\u1ed1c s\u1ebd mang t\u1edbi cho b\u1ea1n nh\u1eefng \u1ea5n t\u01b0\u1ee3ng kh\u00f4ng th\u1ec3 n\u00e0o qu\u00ean \u0111\u01b0\u1ee3c.<\/p>\n<h3>GI\u00c1 COMBO<\/h3>\n<table>\n<tbody>\n<tr>\n<td><strong>KH\u1edaI H\u00c0NH T\u1eea<\/strong><\/td>\n<td><strong>GI\u00c1 ( VND\/ KH\u00c1CH)<\/strong><\/td>\n<td><strong>TH\u1edcI H\u1ea0N \u00c1P D\u1ee4NG<\/strong><\/td>\n<\/tr>\n<tr>\n<td>H\u00c0 N\u1ed8I<\/td>\n<td>4,070,000 \u0111<\/td>\n<td>31\/10\/2020<\/td>\n<\/tr>\n<tr>\n<td>\u0110\u00c0 N\u1eb4NG<\/td>\n<td>4,070,000 \u0111<\/td>\n<td>31\/10\/2020<\/td>\n<\/tr>\n<tr>\n<td>TP. H\u1ed2 CH\u00cd MINH<\/td>\n<td>3,800,000 \u0111<\/td>\n<td>31\/10\/2020<\/td>\n<\/tr>\n<\/tbody>\n<\/table>\n<h3>COMBO BAO G\u1ed2M<\/h3>\n<ul>\n<li>V\u00e9 m\u00e1y bay Vietnam Airlines kh\u1ee9 h\u1ed3i<\/li>\n<li>3 \u0111\u00eam t\u1ea1i resort 4 sao Cassia Cottage<\/li>\n<li>\u0102n s\u00e1ng buffet<\/li>\n<li>N\u01b0\u1edbc u\u1ed1ng v\u00e0 hoa qu\u1ea3 ch\u00e0o m\u1eebng<\/li>\n<li>L\u1edbp Yoga mi\u1ec5n ph\u00ed hai l\u1ea7n m\u1ed7i ng\u00e0y, 6 l\u1ea7n m\u1ed9t tu\u1ea7n<\/li>\n<li>Cocktail\/mocktail mi\u1ec5n ph\u00ed d\u01b0\u1edbi \u00e1nh ho\u00e0ng h\u00f4n (16h00 \u2013 17h00)<\/li>\n<li>B\u1ec3 b\u01a1i v\u00f4 c\u1ef1c + H\u1ed3 b\u01a1i an to\u00e0n cho tr\u1ebb em<\/li>\n<\/ul>\n<h3>COMBO KH\u00d4NG BAO G\u1ed2M<\/h3>\n<ul>\n<li>Chi ph\u00ed c\u00e1 nh\u00e2n<\/li>\n<li>\u0110\u1ed3 u\u1ed1ng<\/li>\n<li>C\u00e1c chi ph\u00ed kh\u00e1c kh\u00f4ng c\u00f3 trong m\u1ee5c Combo Bao G\u1ed3m<\/li>\n<\/ul>\n<h3>TH\u00d4NG TIN KH\u00c1CH S\u1ea0N<\/h3>\n<ul>\n<li>Cassia Cottage kh\u1edfi \u0111\u1ea7u l\u00e0 c\u0103n bi\u1ec7t th\u1ef1 c\u1ee7a gia \u0111\u00ecnh m\u1ed9t th\u01b0\u01a1ng nh\u00e2n gia v\u1ecb, sau \u0111\u00f3 qua th\u1eddi gian, \u0111\u01b0\u1ee3c ph\u00e1t tri\u1ec3n th\u00e0nh m\u1ed9t khu ngh\u1ec9 d\u01b0\u1ee1ng sang tr\u1ecdng, \u0111\u1ed9c \u0111\u00e1o tr\u00ean \u0111\u1ea3o ng\u1ecdc Ph\u00fa Qu\u1ed1c.<\/li>\n<li>C\u00e1ch s\u00e2n bay 8km, c\u00e1ch ch\u1ee3 \u0111\u00eam 2km, thu\u1eadn ti\u1ec7n \u0111i l\u1ea1i c\u00e1c \u0111i\u1ec3m tham quan<\/li>\n<li>Nh\u00e0 h\u00e0ng Spice House ph\u1ee5c v\u1ee5 \u1ea9m th\u1ef1c qu\u1ed1c t\u1ebf v\u00e0 Vi\u1ec7t Nam<\/li>\n<li>C\u00f3 b\u00e3i bi\u1ec3n ri\u00eang<\/li>\n<li>Trung t\u00e2m Spa v\u00e0 ch\u0103m s\u00f3c s\u1ee9c kh\u1ecfe<\/li>\n<li>C\u00f3 ph\u00f2ng kh\u00f4ng h\u00fat thu\u1ed1c l\u00e1<\/li>\n<li>T\u1ea5t c\u1ea3 c\u00e1c ph\u00f2ng \u0111\u1ec1u c\u00f3 m\u00e1y pha tr\u00e0\/c\u00e0 ph\u00ea<\/li>\n<li>Gi\u1edd nh\u1eadn ph\u00f2ng: 14h, Gi\u1edd tr\u1ea3 ph\u00f2ng: 12h<\/li>\n<\/ul>\n","protected":false},"excerpt":{"rendered":"<p>T\u1ecda l\u1ea1c t\u1ea1i khu v\u1ef1c b\u00e3i bi\u1ec3n D\u01b0\u01a1ng \u0110\u00f4ng, v\u1edbi b\u00e3i bi\u1ec3n ri\u00eang c\u00f9ng ph\u00f2ng ngh\u1ec9 t\u00e1ch bi\u1ec7t k\u00edn \u0111\u00e1o, Cassia Cottage Resort l\u00e0 m\u1ed9t l\u1ef1a ch\u1ecdn l\u00fd t\u01b0\u1edfng cho nh\u1eefng du kh\u00e1ch mu\u1ed1n tr\u00e1nh xa \u1ed3n \u00e0o, b\u1ee5i b\u1eb7m th\u00e0nh ph\u1ed1 v\u00e0 h\u00edt c\u0103ng l\u1ed3ng ng\u1ef1c kh\u00f4ng kh\u00ed bi\u1ec3n trong l\u00e0nh.<\/p>\n","protected":false},"featured_media":75,"comment_status":"open","ping_status":"closed","template":"","meta":[],"yst_prominent_words":[],"class_list":["post-74","product","type-product","status-publish","has-post-thumbnail","hentry","product_cat-tour-trong-nuoc","product_cat-tour-mien-nam"],"_links":{"self":[{"href":"https:\/\/mauweb.tamnguyen.vn\/dulich12\/wp-json\/wp\/v2\/product\/74","targetHints":{"allow":["GET"]}}],"collection":[{"href":"https:\/\/mauweb.tamnguyen.vn\/dulich12\/wp-json\/wp\/v2\/product"}],"about":[{"href":"https:\/\/mauweb.tamnguyen.vn\/dulich12\/wp-json\/wp\/v2\/types\/product"}],"replies":[{"embeddable":true,"href":"https:\/\/mauweb.tamnguyen.vn\/dulich12\/wp-json\/wp\/v2\/comments?post=74"}],"wp:featuredmedia":[{"embeddable":true,"href":"https:\/\/mauweb.tamnguyen.vn\/dulich12\/wp-json\/wp\/v2\/media\/75"}],"wp:attachment":[{"href":"https:\/\/mauweb.tamnguyen.vn\/dulich12\/wp-json\/wp\/v2\/media?parent=74"}],"wp:term":[{"taxonomy":"yst_prominent_words","embeddable":true,"href":"https:\/\/mauweb.tamnguyen.vn\/dulich12\/wp-json\/wp\/v2\/yst_prominent_words?post=74"}],"curies":[{"name":"wp","href":"https:\/\/api.w.org\/{rel}","templated":true}]}}