{"id":68,"date":"2021-02-23T08:51:57","date_gmt":"2021-02-23T08:51:57","guid":{"rendered":"http:\/\/dulich12.maugiaodien.com\/?post_type=product&#038;p=68"},"modified":"2021-02-25T02:55:53","modified_gmt":"2021-02-25T02:55:53","slug":"combo-4n3d-vinpear-resort-spa-phu-quoc","status":"publish","type":"product","link":"https:\/\/mauweb.tamnguyen.vn\/dulich12\/san-pham\/combo-4n3d-vinpear-resort-spa-phu-quoc\/","title":{"rendered":"Combo 4N3\u0110 Vinpear Resort &#038; Spa Ph\u00fa Qu\u1ed1c"},"content":{"rendered":"<h3>GI\u1edaI THI\u1ec6U CHUNG<\/h3>\n<p>S\u1edf h\u1eefu b\u00e3i bi\u1ec3n ri\u00eang d\u00e0i 3.5km v\u1edbi b\u1ec3 b\u01a1i r\u1ed9ng nh\u1ea5t \u0111\u1ea3o Ph\u00fa Qu\u1ed1c, di\u1ec7n t\u00edch 4.864m, c\u00f9ng khu\u00f4n vi\u00ean r\u1ed9ng r\u00e3i, phong c\u1ea3nh h\u1eefu t\u00ecnh, ki\u1ebfn tr\u00fac \u00c1 \u0110\u00f4ng \u0111\u1eb7c tr\u01b0ng, d\u1ecbch v\u1ee5 ch\u1ea5t l\u01b0\u1ee3ng 4 sao qu\u1ed1c t\u1ebf, Vinpearl Resort &amp; Spa Ph\u00fa Qu\u1ed1c \u0111\u00e3 \u0111\u01b0\u1ee3c World Travel Awards (gi\u1ea3i th\u01b0\u1edfng du l\u1ecbch th\u1ebf gi\u1edbi) vinh danh l\u00e0 Khu ngh\u1ec9 d\u01b0\u1ee1ng bi\u1ec3n h\u00e0ng \u0111\u1ea7u d\u00e0nh cho gia \u0111\u00ecnh t\u1ea1i Vi\u1ec7t Nam v\u00e0 Ch\u00e2u \u00c1.<\/p>\n<p>Nh\u00ecn t\u1eeb tr\u00ean cao xu\u1ed1ng, khu ngh\u1ec9 d\u01b0\u1ee1ng n\u1ed5i b\u1eadt gi\u1eefa m\u00e0u xanh c\u1ee7a c\u1ecf c\u00e2y, n\u01b0\u1edbc bi\u1ec3n nh\u1edd s\u1eafc \u0111\u1ecf t\u01b0\u01a1i t\u1eafn c\u1ee7a m\u00e1i ng\u00f3i c\u00e1c ng\u00f4i bi\u1ec7t th\u1ef1. M\u1ed7i c\u0103n bi\u1ec7t th\u1ef1 \u0111\u1ec1u \u0111\u01b0\u1ee3c trang b\u1ecb \u0111\u1ea7y \u0111\u1ee7 ti\u1ec7n nghi, r\u1ed9ng r\u00e3i, ph\u1ee5c v\u1ee5 du kh\u00e1ch c\u00f3 m\u1ed9t k\u1ef3 ngh\u1ec9 tuy\u1ec7t v\u1eddi b\u00ean gia \u0111\u00ecnh v\u00e0 ng\u01b0\u1eddi th\u00e2n.<\/p>\n<h3>GI\u00c1 COMBO<\/h3>\n<table>\n<tbody>\n<tr>\n<td><strong>KH\u1edaI H\u00c0NH T\u1eea<\/strong><\/td>\n<td><strong>GI\u00c1 ( VND\/ KH\u00c1CH)<\/strong><\/td>\n<td><strong>TH\u1edcI H\u1ea0N \u00c1P D\u1ee4NG<\/strong><\/td>\n<\/tr>\n<tr>\n<td>H\u00c0 N\u1ed8I<\/td>\n<td>6,520,000 \u0111<\/td>\n<td>31\/10\/2020<\/td>\n<\/tr>\n<tr>\n<td>\u0110\u00c0 N\u1eb4NG<\/td>\n<td>6,520,000 \u0111<\/td>\n<td>31\/10\/2020<\/td>\n<\/tr>\n<tr>\n<td>TP. H\u1ed2 CH\u00cd MINH<\/td>\n<td>6,520,000 \u0111<\/td>\n<td>31\/10\/2020<\/td>\n<\/tr>\n<\/tbody>\n<\/table>\n<h3>COMBO BAO G\u1ed2M<\/h3>\n<ul>\n<li>V\u00e9 m\u00e1y bay Vietnam Airlines kh\u1ee9 h\u1ed3i<\/li>\n<li>3 \u0111\u00eam t\u1ea1i kh\u00e1ch s\u1ea1n 4 sao Vinpearl Resort &amp; Spa<\/li>\n<li>Vui ch\u01a1i kh\u00f4ng gi\u1edbi h\u1ea1n t\u1ea1i Vinpearl Land v\u00e0 Vinpearl Safari<\/li>\n<li>\u0102n s\u00e1ng t\u1ef1 ch\u1ecdn<\/li>\n<li>Mi\u1ec5n ph\u00ed b\u1ec3 b\u01a1i, wifi t\u1ed1c \u0111\u1ed9 cao<\/li>\n<li>\u0110\u1ed3 u\u1ed1ng v\u00e0 kh\u0103n l\u1ea1nh khi nh\u1eadn ph\u00f2ng<\/li>\n<li>1 g\u00f3i tr\u00e0 + 1 g\u00f3i c\u00e0 ph\u00ea + 1 chai n\u01b0\u1edbc su\u1ed1i \/1 kh\u00e1ch\/1 ng\u00e0y<\/li>\n<li>Xe bus h\u00e0ng ng\u00e0y v\u00e0o trung t\u00e2m (vui l\u00f2ng \u0111\u1eb7t tr\u01b0\u1edbc v\u1edbi l\u1ec5 t\u00e2n gi\u1edd \u0111i)<\/li>\n<li>Ph\u00ed d\u1ecbch v\u1ee5<\/li>\n<\/ul>\n<h3>COMBO KH\u00d4NG BAO G\u1ed2M<\/h3>\n<ul>\n<li>\u0110\u1ed3 u\u1ed1ng, chi ph\u00ed c\u00e1 nh\u00e2n<\/li>\n<li>C\u00e1c m\u1ee5c kh\u00f4ng c\u00f3 trong ph\u1ea7n Combo bao g\u1ed3m<\/li>\n<\/ul>\n<h3>CH\u00cdNH S\u00c1CH TR\u1eba EM<\/h3>\n<ul>\n<li>Tr\u1ebb d\u01b0\u1edbi 4 tu\u1ed5i ng\u1ee7 chung gi\u01b0\u1eddng v\u1edbi b\u1ed1 m\u1eb9: mi\u1ec5n ph\u00ed<\/li>\n<li>Tr\u1ebb t\u1eeb 4 \u2013 d\u01b0\u1edbi 12 tu\u1ed5i chung gi\u01b0\u1eddng v\u1edbi b\u1ed1 m\u1eb9:\u00a0<strong>870.000 VN\u0110\/tr\u1ebb<\/strong><\/li>\n<li>Tr\u1ebb t\u1eeb 4 \u2013 d\u01b0\u1edbi 12 tu\u1ed5i c\u00f3 gi\u01b0\u1eddng ph\u1ee5:\u00a0<strong>1.110.000 VN\u0110\/tr\u1ebb\/\u0111\u00eam<\/strong><\/li>\n<li>Tr\u1ebb t\u1eeb 12 tu\u1ed5i t\u00ednh nh\u01b0 ng\u01b0\u1eddi l\u1edbn:\u00a0<strong>1.710.000 VN\u0110\/tr\u1ebb\/\u0111\u00eam<\/strong>\u00a0(bao g\u1ed3m gi\u01b0\u1eddng ph\u1ee5 v\u00e0 \u0103n s\u00e1ng)<\/li>\n<\/ul>\n","protected":false},"excerpt":{"rendered":"<p>Nh\u00ecn t\u1eeb tr\u00ean cao xu\u1ed1ng, khu ngh\u1ec9 d\u01b0\u1ee1ng Vinpearl Resort &amp; Spa n\u1ed5i b\u1eadt gi\u1eefa m\u00e0u xanh c\u1ee7a c\u1ecf c\u00e2y, n\u01b0\u1edbc bi\u1ec3n nh\u1edd s\u1eafc \u0111\u1ecf t\u01b0\u01a1i t\u1eafn c\u1ee7a m\u00e1i ng\u00f3i c\u00e1c ng\u00f4i bi\u1ec7t th\u1ef1. M\u1ed7i c\u0103n bi\u1ec7t th\u1ef1 \u0111\u1ec1u \u0111\u01b0\u1ee3c trang b\u1ecb \u0111\u1ea7y \u0111\u1ee7 ti\u1ec7n nghi, r\u1ed9ng r\u00e3i, ph\u1ee5c v\u1ee5 du kh\u00e1ch c\u00f3 m\u1ed9t k\u1ef3 ngh\u1ec9 tuy\u1ec7t v\u1eddi b\u00ean gia \u0111\u00ecnh v\u00e0 ng\u01b0\u1eddi th\u00e2n<\/p>\n","protected":false},"featured_media":69,"comment_status":"open","ping_status":"closed","template":"","meta":[],"yst_prominent_words":[],"class_list":["post-68","product","type-product","status-publish","has-post-thumbnail","hentry","product_cat-tour-trong-nuoc","product_cat-tour-mien-nam"],"_links":{"self":[{"href":"https:\/\/mauweb.tamnguyen.vn\/dulich12\/wp-json\/wp\/v2\/product\/68","targetHints":{"allow":["GET"]}}],"collection":[{"href":"https:\/\/mauweb.tamnguyen.vn\/dulich12\/wp-json\/wp\/v2\/product"}],"about":[{"href":"https:\/\/mauweb.tamnguyen.vn\/dulich12\/wp-json\/wp\/v2\/types\/product"}],"replies":[{"embeddable":true,"href":"https:\/\/mauweb.tamnguyen.vn\/dulich12\/wp-json\/wp\/v2\/comments?post=68"}],"wp:featuredmedia":[{"embeddable":true,"href":"https:\/\/mauweb.tamnguyen.vn\/dulich12\/wp-json\/wp\/v2\/media\/69"}],"wp:attachment":[{"href":"https:\/\/mauweb.tamnguyen.vn\/dulich12\/wp-json\/wp\/v2\/media?parent=68"}],"wp:term":[{"taxonomy":"yst_prominent_words","embeddable":true,"href":"https:\/\/mauweb.tamnguyen.vn\/dulich12\/wp-json\/wp\/v2\/yst_prominent_words?post=68"}],"curies":[{"name":"wp","href":"https:\/\/api.w.org\/{rel}","templated":true}]}}