{"id":61,"date":"2021-02-23T08:48:45","date_gmt":"2021-02-23T08:48:45","guid":{"rendered":"http:\/\/dulich12.maugiaodien.com\/?post_type=product&#038;p=61"},"modified":"2021-02-25T02:55:30","modified_gmt":"2021-02-25T02:55:30","slug":"combo-phu-quoc-3-dem-tai-sunrise-hotel-ve-may-bay-khu-hoi","status":"publish","type":"product","link":"https:\/\/mauweb.tamnguyen.vn\/dulich12\/san-pham\/combo-phu-quoc-3-dem-tai-sunrise-hotel-ve-may-bay-khu-hoi\/","title":{"rendered":"Combo Ph\u00fa Qu\u1ed1c 3 \u0111\u00eam t\u1ea1i Sunrise Hotel + v\u00e9 m\u00e1y bay kh\u1ee9 h\u1ed3i"},"content":{"rendered":"<p>N\u1eb1m t\u1ea1i trung t\u00e2m th\u1ecb tr\u1ea5n D\u01b0\u01a1ng \u0110\u00f4ng, Ph\u00fa Qu\u1ed1c, Sunrise Boutique \u0111\u01b0\u1ee3c thi\u1ebft k\u1ebf theo ph\u00f3ng c\u00e1ch \u0111\u01b0\u01a1ng \u0111\u1ea1i, sang tr\u1ecdng, v\u1edbi mong mu\u1ed1n s\u1ebd g\u00f3p ph\u1ea7n th\u1ed5i l\u00e0n gi\u00f3 m\u1edbi cho th\u1ecb tr\u01b0\u1eddng du l\u1ecbch ngh\u1ec9 d\u01b0\u1ee1ng t\u1ea1i \u0111\u1ea3o ng\u1ecdc Ph\u00fa Qu\u1ed1c.<\/p>\n<p>Trong th\u1eddi gian l\u01b0u tr\u00fa t\u1ea1i Sunrise Boutique, b\u1ea1n s\u1ebd \u0111\u01b0\u1ee3c th\u01b0\u1edfng th\u1ee9c c\u00e1c m\u00f3n \u0103n \u00c1-\u00c2u do \u0111\u1ea7u b\u1ebfp chuy\u00ean nghi\u1ec7p ch\u1ebf bi\u1ebfn. Nh\u00e0 h\u00e0ng n\u1eb1m tr\u00ean t\u1ea7ng th\u01b0\u1ee3ng c\u1ee7a kh\u00e1ch s\u1ea1n, l\u00e0 m\u1ed9t v\u1ecb tr\u00ed tuy\u1ec7t v\u1eddi \u0111\u1ec3 b\u1ea1n ng\u1eafm c\u1ea3nh to\u00e0n th\u1ecb tr\u1ea5n.<\/p>\n<p>Khai tr\u01b0\u01a1ng v\u00e0o n\u0103m 2017, t\u1edbi nay Sunrise \u0111\u00e3 \u0111\u00f3n r\u1ea5t nhi\u1ec1u l\u01b0\u1ee3t kh\u00e1ch v\u00e0 \u0111\u01b0\u1ee3c kh\u00e1ch h\u00e0ng y\u00eau th\u00edch v\u00ec s\u1ef1 ph\u1ee5c v\u1ee5 t\u1eadn t\u00ecnh, ch\u1ea5t l\u01b0\u1ee3ng \u0111\u1ea3m b\u1ea3o, v\u1ecb tr\u00ed thu\u1eadn ti\u1ec7n \u0111i l\u1ea1i.<\/p>\n<p><strong>GI\u00c1 COMBO<\/strong><\/p>\n<table>\n<tbody>\n<tr>\n<td><strong>KH\u1edaI H\u00c0NH T\u1eea<\/strong><\/td>\n<td><strong>GI\u00c1 ( VND\/ KH\u00c1CH)<\/strong><\/td>\n<td><strong>TH\u1edcI H\u1ea0N \u00c1P D\u1ee4NG<\/strong><\/td>\n<\/tr>\n<tr>\n<td>H\u00c0 N\u1ed8I<\/td>\n<td>3,900,000 \u0111<\/td>\n<td>31\/12\/2020<\/td>\n<\/tr>\n<tr>\n<td>\u0110\u00c0 N\u1eb4NG<\/td>\n<td>3,900,000 \u0111<\/td>\n<td>31\/12\/2020<\/td>\n<\/tr>\n<tr>\n<td>TP. H\u1ed2 CH\u00cd MINH<\/td>\n<td>3,590,000 \u0111<\/td>\n<td>31\/12\/2020<\/td>\n<\/tr>\n<\/tbody>\n<\/table>\n<p><strong>COMBO BAO G\u1ed2M<\/strong><\/p>\n<ul>\n<li>V\u00e9 m\u00e1y bay Vietnam Airlines kh\u1ee9 h\u1ed3i<\/li>\n<li>3 \u0111\u00eam t\u1ea1i resort 3 sao Sunrise Boutique<\/li>\n<li>\u0102n s\u00e1ng t\u1ef1 ch\u1ecdn<\/li>\n<li>Xe \u0111\u01b0a \u0111\u00f3n s\u00e2n bay v\u1ec1 kh\u00e1ch s\u1ea1n (\u00e1p d\u1ee5ng v\u1edbi c\u00e1c \u0111o\u00e0n d\u01b0\u1edbi 5 ph\u00f2ng)<\/li>\n<li>02 chai n\u01b0\u1edbc su\u1ed1i, tr\u00e0 v\u00e0 caf\u00e9 mi\u1ec5n ph\u00ed trong ph\u00f2ng h\u00e0ng ng\u00e0y<\/li>\n<\/ul>\n<p><strong>CH\u00cdNH S\u00c1CH TR\u1eba EM<\/strong><\/p>\n<ul>\n<li>Tr\u1ebb em t\u1eeb 00 tu\u1ed5i \u2013 06 tu\u1ed5i mi\u1ec5n ph\u00ed, \u1edf gh\u00e9p c\u00f9ng b\u1ed1 m\u1eb9 (m\u1ed7i ph\u00f2ng kh\u00f4ng qu\u00e1 02 tr\u1ebb em).<\/li>\n<li>Tr\u1ebb em t\u1eeb 06 tu\u1ed5i \u2013 11:99 tu\u1ed5i ph\u1ee5 thu \u0103n s\u00e1ng 100.000 vn\u0111\/ tr\u1ebb (m\u1ed7i ph\u00f2ng kh\u00f4ng qu\u00e1 02 tr\u1ebb em).<\/li>\n<li>\u00c1p d\u1ee5ng ph\u00ed gi\u01b0\u1eddng ph\u1ee5 250,000vn\u0111\/p\/\u0111\u00eam \u0111\u1ed1i v\u1edbi tr\u1ebb em t\u1eeb 12 tu\u1ed5i tr\u1edf l\u00ean c\u00f9ng ph\u00f2ng v\u1edbi b\u1ed1 m\u1eb9, 1 gi\u01b0\u1eddng ph\u1ee5\/ph\u00f2ng<\/li>\n<\/ul>\n<p><strong>COMBO KH\u00d4NG BAO G\u1ed2M<\/strong><\/p>\n<ul>\n<li>\u0110\u1ed3 u\u1ed1ng, chi ph\u00ed c\u00e1 nh\u00e2n<\/li>\n<li>C\u00e1c m\u1ee5c kh\u00f4ng c\u00f3 trong ph\u1ea7n Combo bao g\u1ed3m<\/li>\n<\/ul>\n<p><strong>TH\u00d4NG TIN KH\u00c1CH S\u1ea0N<\/strong><\/p>\n<ul>\n<li>Sunrise Boutique n\u1eb1m t\u1ea1i trung t\u00e2m th\u1ecb tr\u1ea5n \u0110\u00f4ng D\u01b0\u01a1ng, r\u1ea5t thu\u1eadn ti\u1ec7n \u0111i l\u1ea1i: 51-53 Tr\u1ea7n H\u01b0ng \u0110\u1ea1o, th\u1ecb tr\u1ea5n D\u01b0\u01a1ng \u0110\u00f4ng, \u0110\u1ea3o Ph\u00fa Qu\u1ed1c, T\u1ec9nh Ki\u00ean Giang, Vi\u1ec7t Nam,<\/li>\n<li>Gi\u1edd nh\u1eadn ph\u00f2ng: 14h, gi\u1edd tr\u1ea3 ph\u00f2ng: 12h<\/li>\n<li>T\u1eeb 12h00 \u0111\u1ebfn 18h00 \u0111\u01b0\u1ee3c t\u00ednh b\u1eb1ng 50% tr\u00ean gi\u00e1 ph\u00f2ng.<\/li>\n<li>Sau 18h00 \u0111\u01b0\u1ee3c t\u00ednh b\u1eb1ng 100% gi\u00e1 ph\u00f2ng.<\/li>\n<\/ul>\n","protected":false},"excerpt":{"rendered":"<p>N\u1eb1m t\u1ea1i trung t\u00e2m th\u1ecb tr\u1ea5n D\u01b0\u01a1ng \u0110\u00f4ng, Ph\u00fa Qu\u1ed1c, Sunrise Boutique \u0111\u01b0\u1ee3c thi\u1ebft k\u1ebf theo ph\u00f3ng c\u00e1ch \u0111\u01b0\u01a1ng \u0111\u1ea1i, sang tr\u1ecdng, v\u1edbi mong mu\u1ed1n s\u1ebd g\u00f3p ph\u1ea7n th\u1ed5i l\u00e0n gi\u00f3 m\u1edbi cho th\u1ecb tr\u01b0\u1eddng du l\u1ecbch ngh\u1ec9 d\u01b0\u1ee1ng t\u1ea1i \u0111\u1ea3o ng\u1ecdc Ph\u00fa Qu\u1ed1c.<\/p>\n","protected":false},"featured_media":62,"comment_status":"open","ping_status":"closed","template":"","meta":[],"yst_prominent_words":[],"class_list":["post-61","product","type-product","status-publish","has-post-thumbnail","hentry","product_cat-tour-trong-nuoc","product_cat-tour-mien-nam"],"_links":{"self":[{"href":"https:\/\/mauweb.tamnguyen.vn\/dulich12\/wp-json\/wp\/v2\/product\/61","targetHints":{"allow":["GET"]}}],"collection":[{"href":"https:\/\/mauweb.tamnguyen.vn\/dulich12\/wp-json\/wp\/v2\/product"}],"about":[{"href":"https:\/\/mauweb.tamnguyen.vn\/dulich12\/wp-json\/wp\/v2\/types\/product"}],"replies":[{"embeddable":true,"href":"https:\/\/mauweb.tamnguyen.vn\/dulich12\/wp-json\/wp\/v2\/comments?post=61"}],"wp:featuredmedia":[{"embeddable":true,"href":"https:\/\/mauweb.tamnguyen.vn\/dulich12\/wp-json\/wp\/v2\/media\/62"}],"wp:attachment":[{"href":"https:\/\/mauweb.tamnguyen.vn\/dulich12\/wp-json\/wp\/v2\/media?parent=61"}],"wp:term":[{"taxonomy":"yst_prominent_words","embeddable":true,"href":"https:\/\/mauweb.tamnguyen.vn\/dulich12\/wp-json\/wp\/v2\/yst_prominent_words?post=61"}],"curies":[{"name":"wp","href":"https:\/\/api.w.org\/{rel}","templated":true}]}}