{"id":219,"date":"2017-11-03T00:41:09","date_gmt":"2017-11-03T00:41:09","guid":{"rendered":"http:\/\/dulich10.maugiaodien.com\/?page_id=219"},"modified":"2017-11-03T00:41:09","modified_gmt":"2017-11-03T00:41:09","slug":"chinh-sach-quy-dinh","status":"publish","type":"page","link":"https:\/\/mauweb.tamnguyen.vn\/dulich10\/chinh-sach-quy-dinh\/","title":{"rendered":"Ch\u00ednh s\u00e1ch quy \u0111\u1ecbnh"},"content":{"rendered":"<p>Ch\u00ednh s\u00e1ch quy \u0111\u1ecbnh<\/p>\n","protected":false},"excerpt":{"rendered":"<p>Ch\u00ednh s\u00e1ch quy \u0111\u1ecbnh<\/p>\n","protected":false},"author":1,"featured_media":0,"parent":0,"menu_order":0,"comment_status":"closed","ping_status":"closed","template":"","meta":{"footnotes":""},"class_list":["post-219","page","type-page","status-publish","hentry"],"yoast_head":"<!-- This site is optimized with the Yoast SEO plugin v14.9 - https:\/\/yoast.com\/wordpress\/plugins\/seo\/ -->\n<title>Ch\u00ednh s\u00e1ch quy \u0111\u1ecbnh - Giao di\u1ec7n website du l\u1ecbch<\/title>\n<meta name=\"robots\" content=\"noindex, follow, max-snippet:-1, max-image-preview:large, max-video-preview:-1\" \/>\n<meta property=\"og:locale\" content=\"vi_VN\" \/>\n<meta property=\"og:type\" content=\"article\" \/>\n<meta property=\"og:title\" content=\"Ch\u00ednh s\u00e1ch quy \u0111\u1ecbnh - Giao di\u1ec7n website du l\u1ecbch\" \/>\n<meta property=\"og:description\" content=\"Ch\u00ednh s\u00e1ch quy \u0111\u1ecbnh\" \/>\n<meta property=\"og:url\" content=\"http:\/\/dulich10.maugiaodien.com\/chinh-sach-quy-dinh\/\" \/>\n<meta property=\"og:site_name\" content=\"Giao di\u1ec7n website du l\u1ecbch\" \/>\n<meta name=\"twitter:card\" content=\"summary\" \/>\n<script type=\"application\/ld+json\" class=\"yoast-schema-graph\">{\"@context\":\"https:\/\/schema.org\",\"@graph\":[{\"@type\":\"WebSite\",\"@id\":\"https:\/\/mauweb.tamnguyen.vn\/dulich10\/#website\",\"url\":\"https:\/\/mauweb.tamnguyen.vn\/dulich10\/\",\"name\":\"Giao di\\u1ec7n website du l\\u1ecbch\",\"description\":\"\",\"potentialAction\":[{\"@type\":\"SearchAction\",\"target\":\"https:\/\/mauweb.tamnguyen.vn\/dulich10\/?s={search_term_string}\",\"query-input\":\"required name=search_term_string\"}],\"inLanguage\":\"vi\"},{\"@type\":\"WebPage\",\"@id\":\"http:\/\/dulich10.maugiaodien.com\/chinh-sach-quy-dinh\/#webpage\",\"url\":\"http:\/\/dulich10.maugiaodien.com\/chinh-sach-quy-dinh\/\",\"name\":\"Ch\\u00ednh s\\u00e1ch quy \\u0111\\u1ecbnh - Giao di\\u1ec7n website du l\\u1ecbch\",\"isPartOf\":{\"@id\":\"https:\/\/mauweb.tamnguyen.vn\/dulich10\/#website\"},\"datePublished\":\"2017-11-03T00:41:09+00:00\",\"dateModified\":\"2017-11-03T00:41:09+00:00\",\"inLanguage\":\"vi\",\"potentialAction\":[{\"@type\":\"ReadAction\",\"target\":[\"http:\/\/dulich10.maugiaodien.com\/chinh-sach-quy-dinh\/\"]}]}]}<\/script>\n<!-- \/ Yoast SEO plugin. -->","_links":{"self":[{"href":"https:\/\/mauweb.tamnguyen.vn\/dulich10\/wp-json\/wp\/v2\/pages\/219"}],"collection":[{"href":"https:\/\/mauweb.tamnguyen.vn\/dulich10\/wp-json\/wp\/v2\/pages"}],"about":[{"href":"https:\/\/mauweb.tamnguyen.vn\/dulich10\/wp-json\/wp\/v2\/types\/page"}],"author":[{"embeddable":true,"href":"https:\/\/mauweb.tamnguyen.vn\/dulich10\/wp-json\/wp\/v2\/users\/1"}],"replies":[{"embeddable":true,"href":"https:\/\/mauweb.tamnguyen.vn\/dulich10\/wp-json\/wp\/v2\/comments?post=219"}],"version-history":[{"count":1,"href":"https:\/\/mauweb.tamnguyen.vn\/dulich10\/wp-json\/wp\/v2\/pages\/219\/revisions"}],"predecessor-version":[{"id":220,"href":"https:\/\/mauweb.tamnguyen.vn\/dulich10\/wp-json\/wp\/v2\/pages\/219\/revisions\/220"}],"wp:attachment":[{"href":"https:\/\/mauweb.tamnguyen.vn\/dulich10\/wp-json\/wp\/v2\/media?parent=219"}],"curies":[{"name":"wp","href":"https:\/\/api.w.org\/{rel}","templated":true}]}}