{"id":58,"date":"2020-08-01T08:31:09","date_gmt":"2020-08-01T01:31:09","guid":{"rendered":"http:\/\/gioithieucongty2.lamgia.asia\/?page_id=58"},"modified":"2022-09-13T07:30:50","modified_gmt":"2022-09-13T00:30:50","slug":"lien-he","status":"publish","type":"page","link":"https:\/\/mauweb.tamnguyen.vn\/congtyduoc\/lien-he\/","title":{"rendered":"Li\u00ean h\u1ec7"},"content":{"rendered":"\n<div class=\"row\"  id=\"row-1109474258\">\n\n\n\t<div id=\"col-2059817772\" class=\"col medium-6 small-12 large-6\"  >\n\t\t<div class=\"col-inner\"  >\n\t\t\t\n\t\t\t\n\n<p><strong>C\u00f4ng ty C\u1ed5 ph\u1ea7n Vinapharma &#8211; Group <\/strong><\/p>\n<p><strong>Vinapharma &#8211; Group <\/strong>\u0111\u1ecbnh h\u01b0\u1edbng ph\u00e1t tri\u1ec3n m\u1ed9t h\u1ec7 sinh th\u00e1i doanh nghi\u1ec7p cung \u1ee9ng Nguy\u00ean li\u1ec7u \u2013 S\u1ea3n xu\u1ea5t \u2013 Ph\u00e2n ph\u1ed1i \u2013 Xu\u1ea5t kh\u1ea9u h\u00e0ng \u0111\u1ea7u t\u1ea1i Vi\u1ec7t Nam. T\u1eebng b\u01b0\u1edbc ph\u00e1t tri\u1ec3n v\u00e0 c\u1ee7ng c\u1ed1 v\u1ecb tr\u00ed \u0111\u1ec3 tr\u1edf th\u00e0nh m\u1ed9t doanh nghi\u1ec7p d\u00e2n t\u1ed9c, l\u00e0 bi\u1ec3u t\u01b0\u1ee3ng ni\u1ec1m tin v\u00e0 ni\u1ec1m t\u1ef1 h\u00e0o c\u1ee7a Vi\u1ec7t Nam, l\u00e0 c\u00e1nh chim \u0111\u1ea7u \u0111\u00e0n \u0111\u01b0a n\u1ec1n n\u00f4ng nghi\u1ec7p Vi\u1ec7t Nam c\u00f9ng \u0111\u1ea5t n\u01b0\u1edbc v\u01b0\u01a1n t\u1ea7m qu\u1ed1c t\u1ebf.<\/p>\n<h3>Vinapharma &#8211; Group<\/h3>\n<ul>\n<li>\u0110\u1ecba ch\u1ec9: \u0110\u1ed9i 3 th\u00f4n Quy\u1ebft Ti\u1ebfn, x\u00e3 V\u00e2n C\u00f4n, huy\u1ec7n Ho\u00e0i \u0110\u1ee9c, H\u00e0 N\u1ed9i<\/li>\n<li>Hotline: 0926.122.xxx<\/li>\n<li>Email: mailcuaban@gmail.com<\/li>\n<li>Gi\u1edd l\u00e0m vi\u1ec7c : 09:00am &#8211; 21:00pm<\/li>\n<\/ul>\n\n\t\t<\/div>\n\t\t\t<\/div>\n\n\t\n\n\t<div id=\"col-1254199124\" class=\"col medium-6 small-12 large-6\"  >\n\t\t<div class=\"col-inner\"  >\n\t\t\t\n\t\t\t\n\n<h3>Li\u00ean h\u1ec7 v\u1edbi ch\u00fang t\u00f4i<\/h3>\n<div role=\"form\" class=\"wpcf7\" id=\"wpcf7-f416-o1\" lang=\"vi\" dir=\"ltr\">\n<div class=\"screen-reader-response\"><p role=\"status\" aria-live=\"polite\" aria-atomic=\"true\"><\/p> <ul><\/ul><\/div>\n<form action=\"\/congtyduoc\/wp-json\/wp\/v2\/pages\/58#wpcf7-f416-o1\" method=\"post\" class=\"wpcf7-form init\" novalidate=\"novalidate\" data-status=\"init\">\n<div style=\"display: none;\">\n<input type=\"hidden\" name=\"_wpcf7\" value=\"416\" \/>\n<input type=\"hidden\" name=\"_wpcf7_version\" value=\"5.6.2\" \/>\n<input type=\"hidden\" name=\"_wpcf7_locale\" value=\"vi\" \/>\n<input type=\"hidden\" name=\"_wpcf7_unit_tag\" value=\"wpcf7-f416-o1\" \/>\n<input type=\"hidden\" name=\"_wpcf7_container_post\" value=\"0\" \/>\n<input type=\"hidden\" name=\"_wpcf7_posted_data_hash\" value=\"\" \/>\n<\/div>\n<div class=\"form-sidebar\">\n<h3> Y\u00eau c\u1ea7u t\u01b0 v\u1ea5n<\/h3>\n<p class=\"des\">Vui l\u00f2ng ho\u00e0n th\u00e0nh bi\u1ec3u m\u1eabu sau \u0111\u00e2y<\/p>\n<p><span class=\"wpcf7-form-control-wrap\" data-name=\"text-114\"><input type=\"text\" name=\"text-114\" value=\"\" size=\"40\" class=\"wpcf7-form-control wpcf7-text wpcf7-validates-as-required\" aria-required=\"true\" aria-invalid=\"false\" placeholder=\"H\u1ecd v\u00e0 t\u00ean...\" \/><\/span><br \/>\n<span class=\"wpcf7-form-control-wrap\" data-name=\"email-581\"><input type=\"email\" name=\"email-581\" value=\"\" size=\"40\" class=\"wpcf7-form-control wpcf7-text wpcf7-email wpcf7-validates-as-email\" aria-invalid=\"false\" placeholder=\"\u0110\u1ecba ch\u1ec9 email...\" \/><\/span><br \/>\n<span class=\"wpcf7-form-control-wrap\" data-name=\"tel-910\"><input type=\"tel\" name=\"tel-910\" value=\"\" size=\"40\" class=\"wpcf7-form-control wpcf7-text wpcf7-tel wpcf7-validates-as-required wpcf7-validates-as-tel\" aria-required=\"true\" aria-invalid=\"false\" placeholder=\"S\u1ed1 \u0111i\u1ec7n tho\u1ea1i...\" \/><\/span><br \/>\n<span class=\"wpcf7-form-control-wrap\" data-name=\"textarea-411\"><textarea name=\"textarea-411\" cols=\"40\" rows=\"10\" class=\"wpcf7-form-control wpcf7-textarea\" aria-invalid=\"false\" placeholder=\"N\u1ed9i dung li\u00ean h\u1ec7...\"><\/textarea><\/span><br \/>\n<input type=\"submit\" value=\"G\u1eedi y\u00eau c\u1ea7u\" class=\"wpcf7-form-control has-spinner wpcf7-submit\" \/>\n<\/p><\/div>\n<div class=\"wpcf7-response-output\" aria-hidden=\"true\"><\/div><\/form><\/div>\n\n\n\t\t<\/div>\n\t\t\t<\/div>\n\n\t\n\n<\/div>\n<p><iframe loading=\"lazy\" src=\"https:\/\/www.google.com\/maps\/embed?pb=!1m18!1m12!1m3!1d477851.9764660101!2d105.61595503179205!3d20.660685063879846!2m3!1f0!2f0!3f0!3m2!1i1024!2i768!4f13.1!3m3!1m2!1s0x3135abf13ad04045%3A0x5ba35929e893db27!2zQ8O0bmcgVHkgQ-G7lSBQaOG6p24gRMaw4bujYyBQaOG6qW0gVmluYXBoYXJtYSAtIEdyb3Vw!5e0!3m2!1sen!2s!4v1596273072472!5m2!1sen!2s\" width=\"100%\" height=\"250\" frameborder=\"0\" style=\"border:0;\" allowfullscreen=\"\" aria-hidden=\"false\" tabindex=\"0\"><\/iframe><\/p>\n\n","protected":false},"excerpt":{"rendered":"","protected":false},"author":1,"featured_media":0,"parent":0,"menu_order":0,"comment_status":"closed","ping_status":"closed","template":"page-right-sidebar.php","meta":{"footnotes":""},"class_list":["post-58","page","type-page","status-publish","hentry"],"yoast_head":"<!-- This site is optimized with the Yoast SEO plugin v19.6.1 - https:\/\/yoast.com\/wordpress\/plugins\/seo\/ -->\n<title>Li\u00ean h\u1ec7 - cong ty d\u01b0\u1ee3c<\/title>\n<meta name=\"robots\" content=\"noindex, follow, max-snippet:-1, max-image-preview:large, max-video-preview:-1\" \/>\n<meta property=\"og:locale\" content=\"vi_VN\" \/>\n<meta property=\"og:type\" content=\"article\" \/>\n<meta property=\"og:title\" content=\"Li\u00ean h\u1ec7 - cong ty d\u01b0\u1ee3c\" \/>\n<meta property=\"og:url\" content=\"https:\/\/mauweb.tamnguyen.vn\/congtyduoc\/lien-he\/\" \/>\n<meta property=\"og:site_name\" content=\"cong ty d\u01b0\u1ee3c\" \/>\n<meta property=\"article:modified_time\" content=\"2022-09-13T00:30:50+00:00\" \/>\n<meta name=\"twitter:card\" content=\"summary_large_image\" \/>\n<meta name=\"twitter:label1\" content=\"\u01af\u1edbc t\u00ednh th\u1eddi gian \u0111\u1ecdc\" \/>\n\t<meta name=\"twitter:data1\" content=\"1 ph\u00fat\" \/>\n<script type=\"application\/ld+json\" class=\"yoast-schema-graph\">{\"@context\":\"https:\/\/schema.org\",\"@graph\":[{\"@type\":\"WebPage\",\"@id\":\"https:\/\/mauweb.tamnguyen.vn\/congtyduoc\/lien-he\/\",\"url\":\"https:\/\/mauweb.tamnguyen.vn\/congtyduoc\/lien-he\/\",\"name\":\"Li\u00ean h\u1ec7 - cong ty d\u01b0\u1ee3c\",\"isPartOf\":{\"@id\":\"https:\/\/mauweb.tamnguyen.vn\/congtyduoc\/#website\"},\"datePublished\":\"2020-08-01T01:31:09+00:00\",\"dateModified\":\"2022-09-13T00:30:50+00:00\",\"breadcrumb\":{\"@id\":\"https:\/\/mauweb.tamnguyen.vn\/congtyduoc\/lien-he\/#breadcrumb\"},\"inLanguage\":\"vi\",\"potentialAction\":[{\"@type\":\"ReadAction\",\"target\":[\"https:\/\/mauweb.tamnguyen.vn\/congtyduoc\/lien-he\/\"]}]},{\"@type\":\"BreadcrumbList\",\"@id\":\"https:\/\/mauweb.tamnguyen.vn\/congtyduoc\/lien-he\/#breadcrumb\",\"itemListElement\":[{\"@type\":\"ListItem\",\"position\":1,\"name\":\"Trang ch\u1ee7\",\"item\":\"https:\/\/mauweb.tamnguyen.vn\/congtyduoc\/\"},{\"@type\":\"ListItem\",\"position\":2,\"name\":\"Li\u00ean h\u1ec7\"}]},{\"@type\":\"WebSite\",\"@id\":\"https:\/\/mauweb.tamnguyen.vn\/congtyduoc\/#website\",\"url\":\"https:\/\/mauweb.tamnguyen.vn\/congtyduoc\/\",\"name\":\"cong ty d\u01b0\u1ee3c\",\"description\":\"\",\"potentialAction\":[{\"@type\":\"SearchAction\",\"target\":{\"@type\":\"EntryPoint\",\"urlTemplate\":\"https:\/\/mauweb.tamnguyen.vn\/congtyduoc\/?s={search_term_string}\"},\"query-input\":\"required name=search_term_string\"}],\"inLanguage\":\"vi\"}]}<\/script>\n<!-- \/ Yoast SEO plugin. -->","yoast_head_json":{"title":"Li\u00ean h\u1ec7 - cong ty d\u01b0\u1ee3c","robots":{"index":"noindex","follow":"follow","max-snippet":"max-snippet:-1","max-image-preview":"max-image-preview:large","max-video-preview":"max-video-preview:-1"},"og_locale":"vi_VN","og_type":"article","og_title":"Li\u00ean h\u1ec7 - cong ty d\u01b0\u1ee3c","og_url":"https:\/\/mauweb.tamnguyen.vn\/congtyduoc\/lien-he\/","og_site_name":"cong ty d\u01b0\u1ee3c","article_modified_time":"2022-09-13T00:30:50+00:00","twitter_card":"summary_large_image","twitter_misc":{"\u01af\u1edbc t\u00ednh th\u1eddi gian \u0111\u1ecdc":"1 ph\u00fat"},"schema":{"@context":"https:\/\/schema.org","@graph":[{"@type":"WebPage","@id":"https:\/\/mauweb.tamnguyen.vn\/congtyduoc\/lien-he\/","url":"https:\/\/mauweb.tamnguyen.vn\/congtyduoc\/lien-he\/","name":"Li\u00ean h\u1ec7 - cong ty d\u01b0\u1ee3c","isPartOf":{"@id":"https:\/\/mauweb.tamnguyen.vn\/congtyduoc\/#website"},"datePublished":"2020-08-01T01:31:09+00:00","dateModified":"2022-09-13T00:30:50+00:00","breadcrumb":{"@id":"https:\/\/mauweb.tamnguyen.vn\/congtyduoc\/lien-he\/#breadcrumb"},"inLanguage":"vi","potentialAction":[{"@type":"ReadAction","target":["https:\/\/mauweb.tamnguyen.vn\/congtyduoc\/lien-he\/"]}]},{"@type":"BreadcrumbList","@id":"https:\/\/mauweb.tamnguyen.vn\/congtyduoc\/lien-he\/#breadcrumb","itemListElement":[{"@type":"ListItem","position":1,"name":"Trang ch\u1ee7","item":"https:\/\/mauweb.tamnguyen.vn\/congtyduoc\/"},{"@type":"ListItem","position":2,"name":"Li\u00ean h\u1ec7"}]},{"@type":"WebSite","@id":"https:\/\/mauweb.tamnguyen.vn\/congtyduoc\/#website","url":"https:\/\/mauweb.tamnguyen.vn\/congtyduoc\/","name":"cong ty d\u01b0\u1ee3c","description":"","potentialAction":[{"@type":"SearchAction","target":{"@type":"EntryPoint","urlTemplate":"https:\/\/mauweb.tamnguyen.vn\/congtyduoc\/?s={search_term_string}"},"query-input":"required name=search_term_string"}],"inLanguage":"vi"}]}},"_links":{"self":[{"href":"https:\/\/mauweb.tamnguyen.vn\/congtyduoc\/wp-json\/wp\/v2\/pages\/58","targetHints":{"allow":["GET"]}}],"collection":[{"href":"https:\/\/mauweb.tamnguyen.vn\/congtyduoc\/wp-json\/wp\/v2\/pages"}],"about":[{"href":"https:\/\/mauweb.tamnguyen.vn\/congtyduoc\/wp-json\/wp\/v2\/types\/page"}],"author":[{"embeddable":true,"href":"https:\/\/mauweb.tamnguyen.vn\/congtyduoc\/wp-json\/wp\/v2\/users\/1"}],"replies":[{"embeddable":true,"href":"https:\/\/mauweb.tamnguyen.vn\/congtyduoc\/wp-json\/wp\/v2\/comments?post=58"}],"version-history":[{"count":1,"href":"https:\/\/mauweb.tamnguyen.vn\/congtyduoc\/wp-json\/wp\/v2\/pages\/58\/revisions"}],"predecessor-version":[{"id":651,"href":"https:\/\/mauweb.tamnguyen.vn\/congtyduoc\/wp-json\/wp\/v2\/pages\/58\/revisions\/651"}],"wp:attachment":[{"href":"https:\/\/mauweb.tamnguyen.vn\/congtyduoc\/wp-json\/wp\/v2\/media?parent=58"}],"curies":[{"name":"wp","href":"https:\/\/api.w.org\/{rel}","templated":true}]}}