{"id":54,"date":"2020-08-01T08:30:48","date_gmt":"2020-08-01T01:30:48","guid":{"rendered":"http:\/\/gioithieucongty2.lamgia.asia\/?page_id=54"},"modified":"2020-08-01T08:30:48","modified_gmt":"2020-08-01T01:30:48","slug":"gioi-thieu","status":"publish","type":"page","link":"https:\/\/mauweb.tamnguyen.vn\/congtyduoc\/gioi-thieu\/","title":{"rendered":"Gi\u1edbi thi\u1ec7u"},"content":{"rendered":"<p>Ngay t\u1eeb l\u00fac th\u00e0nh l\u1eadp, C\u00f4ng Ty C\u1ed5 Ph\u1ea7n D\u01b0\u1ee3c Ph\u1ea9m <strong>Vinapharma &#8211; Group <\/strong>\u0111\u00e3 b\u1eaft \u0111\u1ea7u h\u00e0nh tr\u00ecnh gia t\u0103ng gi\u00e1 tr\u1ecb cho n\u00f4ng s\u1ea3n Vi\u1ec7t Nam b\u1eb1ng c\u00e1c s\u1ea3n ph\u1ea9m c\u00f3 ch\u1ea5t l\u01b0\u1ee3ng kh\u00e1c bi\u1ec7t. D\u01b0\u1edbi s\u1ef1 \u0111i\u1ec1u h\u00e0nh c\u1ee7a CEO Ph\u1ea1m Quang Tr\u01b0\u1eddng, <strong>Vinapharma &#8211; Group<\/strong> \u0111\u00e3 \u0111\u1ea1t \u0111\u01b0\u1ee3c nh\u1eefng th\u00e0nh t\u1ef1u r\u1ef1c r\u1ee1 kh\u00f4ng ch\u1ec9 \u1edf th\u1ecb tr\u01b0\u1eddng k\u00eanh ph\u00e2n ph\u1ed1i trong n\u01b0\u1edbc m\u00e0 c\u00f2n m\u1edf r\u1ed9ng con \u0111\u01b0\u1eddng xu\u1ea5t kh\u1ea9u ra qu\u1ed1c t\u1ebf.<br \/>\nV\u1edbi t\u1ea7m nh\u00ecn chi\u1ebfn l\u01b0\u1ee3c \u0111\u1ebfn n\u0103m 2022 ch\u00fang t\u00f4i s\u1ebd bao ti\u00eau c\u00e1c v\u00f9ng nguy\u00ean li\u1ec7u s\u1ea1ch t\u1eeb n\u1ec1n n\u00f4ng nghi\u1ec7p c\u00f4ng ngh\u1ec7 cao tr\u00ean c\u1ea3 n\u01b0\u1edbc, k\u1ebft h\u1ee3p v\u1edbi m\u00f4 h\u00ecnh s\u1ea3n xu\u1ea5t &#8211; ph\u00e2n ph\u1ed1i\u00a0v\u00e0 xu\u1ea5t kh\u1ea9u c\u00e1c s\u1ea3n ph\u1ea9m b\u1ea3o v\u1ec7 s\u1ee9c kh\u1ecfe con ng\u01b0\u1eddi hi\u1ec7n c\u00f3, \u0111\u1ec3 h\u00ecnh th\u00e0nh n\u00ean chu\u1ed7i cung \u1ee9ng ho\u00e0n h\u1ea3o, nh\u1eb1m th\u1ef1c hi\u1ec7n s\u1ee9 m\u1ec7nh \u201c<strong>Ki\u1ebfn t\u1ea1o cu\u1ed9c \u0111\u1eddi Th\u1ecbnh V\u01b0\u1ee3ng\u201d<\/strong> cho ng\u01b0\u1eddi Vi\u1ec7t.<br \/>\nKhi x\u00e2y d\u1ef1ng h\u1ec7 sinh th\u00e1i n\u00e0y, ch\u00fang t\u00f4i mong mu\u1ed1n mang \u0111\u1ebfn nh\u1eefng s\u1ea3n ph\u1ea9m c\u00f3 ch\u1ea5t l\u01b0\u1ee3ng tuy\u1ec7t v\u1eddi b\u1ea3o v\u1ec7 s\u1ee9c kh\u1ecfe, v\u1eeba t\u1ea1o ra c\u01a1 h\u1ed9i vi\u1ec7c l\u00e0m, c\u01a1 h\u1ed9i kinh doanh, c\u01a1 h\u1ed9i c\u00f3 m\u1ed9t cu\u1ed9c s\u1ed1ng h\u1ea1nh ph\u00fac h\u01a1n cho h\u00e0ng tri\u1ec7u con ng\u01b0\u1eddi Vi\u1ec7t Nam\u2026<\/p>\n<h3>T\u1ea7m nh\u00ecn:<\/h3>\n<p>L\u00e0 startup ti\u00ean phong trong c\u00e1c doanh nghi\u1ec7p th\u1ebf h\u1ec7 m\u1edbi, <strong>Vinapharma &#8211; Group<\/strong> t\u1ef1 \u0111\u1eb7t tr\u00ean m\u00ecnh tr\u1ecdng tr\u00e1ch gi\u1eef v\u1ecb tr\u00ed \u0111\u1ea7u t\u00e0u trong vi\u1ec7c t\u00e1i thi\u1ebft n\u1ec1n kinh t\u1ebf s\u1ea3n xu\u1ea5t n\u1ed9i t\u1ea1i, th\u00f4ng qua vi\u1ec7c mang \u0111\u1ebfn nh\u1eefng s\u1ea3n ph\u1ea9m n\u00e2ng cao ch\u1ea5t l\u01b0\u1ee3ng cu\u1ed9c s\u1ed1ng cho con ng\u01b0\u1eddi, \u0111\u1ec3 t\u1ea1o ra c\u01a1 h\u1ed9i vi\u1ec7c l\u00e0m cho h\u00e0ng ng\u00e0n lao \u0111\u1ed9ng t\u1ea1i Vi\u1ec7t Nam.<\/p>\n<h3>M\u1ee5c ti\u00eau:<\/h3>\n<p><strong>Vinapharma &#8211; Group <\/strong>\u0111\u1ecbnh h\u01b0\u1edbng ph\u00e1t tri\u1ec3n m\u1ed9t h\u1ec7 sinh th\u00e1i doanh nghi\u1ec7p cung \u1ee9ng Nguy\u00ean li\u1ec7u \u2013 S\u1ea3n xu\u1ea5t \u2013 Ph\u00e2n ph\u1ed1i \u2013 Xu\u1ea5t kh\u1ea9u h\u00e0ng \u0111\u1ea7u t\u1ea1i Vi\u1ec7t Nam. T\u1eebng b\u01b0\u1edbc ph\u00e1t tri\u1ec3n v\u00e0 c\u1ee7ng c\u1ed1 v\u1ecb tr\u00ed \u0111\u1ec3 tr\u1edf th\u00e0nh m\u1ed9t doanh nghi\u1ec7p d\u00e2n t\u1ed9c, l\u00e0 bi\u1ec3u t\u01b0\u1ee3ng ni\u1ec1m tin v\u00e0 ni\u1ec1m t\u1ef1 h\u00e0o c\u1ee7a Vi\u1ec7t Nam, l\u00e0 c\u00e1nh chim \u0111\u1ea7u \u0111\u00e0n \u0111\u01b0a n\u1ec1n n\u00f4ng nghi\u1ec7p Vi\u1ec7t Nam c\u00f9ng \u0111\u1ea5t n\u01b0\u1edbc v\u01b0\u01a1n t\u1ea7m qu\u1ed1c t\u1ebf.<\/p>\n<h3>S\u1ee9 m\u1ec7nh:<\/h3>\n<p>Khi x\u00e2y d\u1ef1ng h\u1ec7 sinh th\u00e1i <strong>Vinapharma &#8211; Group<\/strong>, ch\u00fang t\u00f4i mong mu\u1ed1n mang \u0111\u1ebfn nh\u1eefng s\u1ea3n ph\u1ea9m c\u00f3 ch\u1ea5t l\u01b0\u1ee3ng tuy\u1ec7t v\u1eddi b\u1ea3o v\u1ec7 s\u1ee9c kh\u1ecfe, v\u1eeba t\u1ea1o ra c\u01a1 h\u1ed9i vi\u1ec7c l\u00e0m, c\u01a1 h\u1ed9i kinh doanh, c\u01a1 h\u1ed9i c\u00f3 m\u1ed9t cu\u1ed9c s\u1ed1ng h\u1ea1nh ph\u00fac th\u1ecbnh v\u01b0\u1ee3ng cho h\u00e0ng tri\u1ec7u con ng\u01b0\u1eddi Vi\u1ec7t Nam.<\/p>\n<h3>Gi\u00e1 tr\u1ecb c\u1ed1t l\u00f5i:<\/h3>\n<ul>\n<li><strong>Ch\u1ea5t l\u01b0\u1ee3ng<\/strong>: <strong>Vinapharma- Group<\/strong> \u0111\u1eb7t ch\u1ea5t l\u01b0\u1ee3ng s\u1ea3n ph\u1ea9m l\u00ean v\u1ecb tr\u00ed h\u00e0ng \u0111\u1ea7u, l\u1ea5y ch\u1ea5t l\u01b0\u1ee3ng l\u00e0m v\u0169 kh\u00ed c\u1ea1nh tranh v\u00e0 b\u1ea3o v\u1ec7 ch\u1ea5t l\u01b0\u1ee3ng s\u1ea3n ph\u1ea9m nh\u01b0 b\u1ea3o v\u1ec7 danh d\u1ef1 c\u1ee7a ch\u00ednh m\u00ecnh.<\/li>\n<li><strong>Minh b\u1ea1ch<\/strong>: Kh\u00f4ng c\u00f3 ni\u1ec1m tin t\u1eeb kh\u00e1ch h\u00e0ng, m\u1ecdi ho\u1ea1t \u0111\u1ed9ng kinh doanh \u0111\u1ec1 v\u00f4 ngh\u0129a.<\/li>\n<\/ul>\n<p><strong>Vinapharma- Group <\/strong>\u00e1p d\u1ee5ng c\u00f4ng ngh\u1ec7 Blockchain v\u00e0o chu\u1ed7i s\u1ea3n xu\u1ea5t v\u00e0 cung \u1ee9ng s\u1ea3n ph\u1ea9m \u0111\u1ec3 minh b\u1ea1ch th\u00f4ng tin cho s\u1ea3n ph\u1ea9m c\u1ee7a ch\u00fang t\u00f4i. M\u1ecdi th\u00f4ng tin \u0111\u1ec1u \u0111\u01b0\u1ee3c l\u01b0u tr\u1eef v\u00e0 b\u1ea3o m\u1eadt hi\u1ec7u qu\u1ea3 m\u00e0 kh\u00f4ng th\u1ec3 can thi\u1ec7p ch\u1ec9nh s\u1eeda.<\/p>\n<ul>\n<li><strong>Tr\u00e1ch nhi\u1ec7m<\/strong>: <strong>Vinapharma- Group <\/strong>g\u1eafn m\u1ee5c ti\u00eau kinh doanh v\u1edbi tr\u00e1ch nhi\u1ec7m c\u1ed9ng \u0111\u1ed3ng.<\/li>\n<li>Ch\u0103m s\u00f3c kh\u00e1ch h\u00e0ng: L\u1ea5y kh\u00e1ch h\u00e0ng l\u00e0m trung t\u00e2m, coi s\u1ef1 h\u00e0i l\u00f2ng c\u1ee7a kh\u00e1ch h\u00e0ng l\u00e0 th\u01b0\u1edbc \u0111o th\u00e0nh c\u00f4ng c\u1ee7a doanh nghi\u1ec7p<\/li>\n<li>Gi\u1ea3i quy\u1ebft v\u1ea5n \u0111\u1ec1 vi\u1ec7c l\u00e0m cho ng\u01b0\u1eddi lao \u0111\u1ed9ng, gi\u1ea3m t\u1ea3i t\u1ec9 l\u1ec7 th\u1ea5t nghi\u1ec7p, san s\u1ebb g\u00e1nh n\u1eb7ng cho nh\u00e0 n\u01b0\u1edbc.<\/li>\n<li>Th\u01b0\u1ee3ng t\u00f4n Ph\u00e1p Lu\u1eadt, duy tr\u00ec \u0111\u1ea1o \u0111\u1ee9c ngh\u1ec1 nghi\u1ec7p v\u00e0 \u0111\u1ea1o \u0111\u1ee9c x\u00e3 h\u1ed9i \u1edf c\u1ea5p \u0111\u1ed9 cao nh\u1ea5t, th\u1ef1c hi\u1ec7n \u0111\u00fang \u2013 \u0111\u1ea7y \u0111\u1ee7 ngh\u0129a v\u1ee5 v\u1edbi nh\u00e0 n\u01b0\u1edbc.<\/li>\n<li>B\u1ea3o v\u1ec7 m\u00f4i tr\u01b0\u1eddng: \u00fd th\u1ee9c r\u1eb1ng b\u1ea5t k\u1ef3 ho\u1ea1t \u0111\u1ed9ng s\u1ea3n xu\u1ea5t n\u00e0o c\u0169ng \u0111\u1ec1u t\u00e1c \u0111\u1ed9ng \u0111\u1ebfn m\u00f4i tr\u01b0\u1eddng xung quanh. V\u00ec th\u1ebf ch\u00fang t\u00f4i lu\u00f4n n\u1ed7 l\u1ef1c th\u1ef1c hi\u1ec7n c\u00e1c gi\u1ea3i ph\u00e1p \u0111\u1ec3 s\u1eed d\u1ee5ng hi\u1ec7u qu\u1ea3 nguy\u00ean li\u1ec7u \u0111\u1ea7u v\u00e0o v\u00e0 ki\u1ec3m so\u00e1t y\u1ebfu t\u1ed1 \u0111\u1ea7u ra \u0111\u1ec3 gi\u1ea3m thi\u1ec3u t\u00e1c \u0111\u1ed9ng x\u1ea5u \u0111\u1ebfn m\u00f4i tr\u01b0\u1eddng<\/li>\n<\/ul>\n","protected":false},"excerpt":{"rendered":"<p>Ngay t\u1eeb l\u00fac th\u00e0nh l\u1eadp, C\u00f4ng Ty C\u1ed5 Ph\u1ea7n D\u01b0\u1ee3c Ph\u1ea9m Vinapharma &#8211; Group \u0111\u00e3 b\u1eaft \u0111\u1ea7u h\u00e0nh tr\u00ecnh gia t\u0103ng gi\u00e1 tr\u1ecb cho n\u00f4ng s\u1ea3n Vi\u1ec7t Nam b\u1eb1ng c\u00e1c s\u1ea3n ph\u1ea9m c\u00f3 ch\u1ea5t l\u01b0\u1ee3ng kh\u00e1c bi\u1ec7t. D\u01b0\u1edbi s\u1ef1 \u0111i\u1ec1u h\u00e0nh c\u1ee7a CEO Ph\u1ea1m Quang Tr\u01b0\u1eddng, Vinapharma &#8211; Group \u0111\u00e3 \u0111\u1ea1t \u0111\u01b0\u1ee3c nh\u1eefng th\u00e0nh t\u1ef1u&#8230;<\/p>\n","protected":false},"author":1,"featured_media":0,"parent":0,"menu_order":0,"comment_status":"closed","ping_status":"closed","template":"","meta":{"footnotes":""},"class_list":["post-54","page","type-page","status-publish","hentry"],"yoast_head":"<!-- This site is optimized with the Yoast SEO plugin v19.6.1 - https:\/\/yoast.com\/wordpress\/plugins\/seo\/ -->\n<title>Gi\u1edbi thi\u1ec7u - cong ty d\u01b0\u1ee3c<\/title>\n<meta name=\"robots\" content=\"noindex, follow, max-snippet:-1, max-image-preview:large, max-video-preview:-1\" \/>\n<meta property=\"og:locale\" content=\"vi_VN\" \/>\n<meta property=\"og:type\" content=\"article\" \/>\n<meta property=\"og:title\" content=\"Gi\u1edbi thi\u1ec7u - cong ty d\u01b0\u1ee3c\" \/>\n<meta property=\"og:description\" content=\"Ngay t\u1eeb l\u00fac th\u00e0nh l\u1eadp, C\u00f4ng Ty C\u1ed5 Ph\u1ea7n D\u01b0\u1ee3c Ph\u1ea9m Vinapharma &#8211; Group \u0111\u00e3 b\u1eaft \u0111\u1ea7u h\u00e0nh tr\u00ecnh gia t\u0103ng gi\u00e1 tr\u1ecb cho n\u00f4ng s\u1ea3n Vi\u1ec7t Nam b\u1eb1ng c\u00e1c s\u1ea3n ph\u1ea9m c\u00f3 ch\u1ea5t l\u01b0\u1ee3ng kh\u00e1c bi\u1ec7t. D\u01b0\u1edbi s\u1ef1 \u0111i\u1ec1u h\u00e0nh c\u1ee7a CEO Ph\u1ea1m Quang Tr\u01b0\u1eddng, Vinapharma &#8211; Group \u0111\u00e3 \u0111\u1ea1t \u0111\u01b0\u1ee3c nh\u1eefng th\u00e0nh t\u1ef1u...\" \/>\n<meta property=\"og:url\" content=\"https:\/\/mauweb.tamnguyen.vn\/congtyduoc\/gioi-thieu\/\" \/>\n<meta property=\"og:site_name\" content=\"cong ty d\u01b0\u1ee3c\" \/>\n<meta name=\"twitter:card\" content=\"summary_large_image\" \/>\n<meta name=\"twitter:label1\" content=\"\u01af\u1edbc t\u00ednh th\u1eddi gian \u0111\u1ecdc\" \/>\n\t<meta name=\"twitter:data1\" content=\"5 ph\u00fat\" \/>\n<script type=\"application\/ld+json\" class=\"yoast-schema-graph\">{\"@context\":\"https:\/\/schema.org\",\"@graph\":[{\"@type\":\"WebPage\",\"@id\":\"https:\/\/mauweb.tamnguyen.vn\/congtyduoc\/gioi-thieu\/\",\"url\":\"https:\/\/mauweb.tamnguyen.vn\/congtyduoc\/gioi-thieu\/\",\"name\":\"Gi\u1edbi thi\u1ec7u - cong ty d\u01b0\u1ee3c\",\"isPartOf\":{\"@id\":\"https:\/\/mauweb.tamnguyen.vn\/congtyduoc\/#website\"},\"datePublished\":\"2020-08-01T01:30:48+00:00\",\"dateModified\":\"2020-08-01T01:30:48+00:00\",\"breadcrumb\":{\"@id\":\"https:\/\/mauweb.tamnguyen.vn\/congtyduoc\/gioi-thieu\/#breadcrumb\"},\"inLanguage\":\"vi\",\"potentialAction\":[{\"@type\":\"ReadAction\",\"target\":[\"https:\/\/mauweb.tamnguyen.vn\/congtyduoc\/gioi-thieu\/\"]}]},{\"@type\":\"BreadcrumbList\",\"@id\":\"https:\/\/mauweb.tamnguyen.vn\/congtyduoc\/gioi-thieu\/#breadcrumb\",\"itemListElement\":[{\"@type\":\"ListItem\",\"position\":1,\"name\":\"Trang ch\u1ee7\",\"item\":\"https:\/\/mauweb.tamnguyen.vn\/congtyduoc\/\"},{\"@type\":\"ListItem\",\"position\":2,\"name\":\"Gi\u1edbi thi\u1ec7u\"}]},{\"@type\":\"WebSite\",\"@id\":\"https:\/\/mauweb.tamnguyen.vn\/congtyduoc\/#website\",\"url\":\"https:\/\/mauweb.tamnguyen.vn\/congtyduoc\/\",\"name\":\"cong ty d\u01b0\u1ee3c\",\"description\":\"\",\"potentialAction\":[{\"@type\":\"SearchAction\",\"target\":{\"@type\":\"EntryPoint\",\"urlTemplate\":\"https:\/\/mauweb.tamnguyen.vn\/congtyduoc\/?s={search_term_string}\"},\"query-input\":\"required name=search_term_string\"}],\"inLanguage\":\"vi\"}]}<\/script>\n<!-- \/ Yoast SEO plugin. -->","yoast_head_json":{"title":"Gi\u1edbi thi\u1ec7u - cong ty d\u01b0\u1ee3c","robots":{"index":"noindex","follow":"follow","max-snippet":"max-snippet:-1","max-image-preview":"max-image-preview:large","max-video-preview":"max-video-preview:-1"},"og_locale":"vi_VN","og_type":"article","og_title":"Gi\u1edbi thi\u1ec7u - cong ty d\u01b0\u1ee3c","og_description":"Ngay t\u1eeb l\u00fac th\u00e0nh l\u1eadp, C\u00f4ng Ty C\u1ed5 Ph\u1ea7n D\u01b0\u1ee3c Ph\u1ea9m Vinapharma &#8211; Group \u0111\u00e3 b\u1eaft \u0111\u1ea7u h\u00e0nh tr\u00ecnh gia t\u0103ng gi\u00e1 tr\u1ecb cho n\u00f4ng s\u1ea3n Vi\u1ec7t Nam b\u1eb1ng c\u00e1c s\u1ea3n ph\u1ea9m c\u00f3 ch\u1ea5t l\u01b0\u1ee3ng kh\u00e1c bi\u1ec7t. D\u01b0\u1edbi s\u1ef1 \u0111i\u1ec1u h\u00e0nh c\u1ee7a CEO Ph\u1ea1m Quang Tr\u01b0\u1eddng, Vinapharma &#8211; Group \u0111\u00e3 \u0111\u1ea1t \u0111\u01b0\u1ee3c nh\u1eefng th\u00e0nh t\u1ef1u...","og_url":"https:\/\/mauweb.tamnguyen.vn\/congtyduoc\/gioi-thieu\/","og_site_name":"cong ty d\u01b0\u1ee3c","twitter_card":"summary_large_image","twitter_misc":{"\u01af\u1edbc t\u00ednh th\u1eddi gian \u0111\u1ecdc":"5 ph\u00fat"},"schema":{"@context":"https:\/\/schema.org","@graph":[{"@type":"WebPage","@id":"https:\/\/mauweb.tamnguyen.vn\/congtyduoc\/gioi-thieu\/","url":"https:\/\/mauweb.tamnguyen.vn\/congtyduoc\/gioi-thieu\/","name":"Gi\u1edbi thi\u1ec7u - cong ty d\u01b0\u1ee3c","isPartOf":{"@id":"https:\/\/mauweb.tamnguyen.vn\/congtyduoc\/#website"},"datePublished":"2020-08-01T01:30:48+00:00","dateModified":"2020-08-01T01:30:48+00:00","breadcrumb":{"@id":"https:\/\/mauweb.tamnguyen.vn\/congtyduoc\/gioi-thieu\/#breadcrumb"},"inLanguage":"vi","potentialAction":[{"@type":"ReadAction","target":["https:\/\/mauweb.tamnguyen.vn\/congtyduoc\/gioi-thieu\/"]}]},{"@type":"BreadcrumbList","@id":"https:\/\/mauweb.tamnguyen.vn\/congtyduoc\/gioi-thieu\/#breadcrumb","itemListElement":[{"@type":"ListItem","position":1,"name":"Trang ch\u1ee7","item":"https:\/\/mauweb.tamnguyen.vn\/congtyduoc\/"},{"@type":"ListItem","position":2,"name":"Gi\u1edbi thi\u1ec7u"}]},{"@type":"WebSite","@id":"https:\/\/mauweb.tamnguyen.vn\/congtyduoc\/#website","url":"https:\/\/mauweb.tamnguyen.vn\/congtyduoc\/","name":"cong ty d\u01b0\u1ee3c","description":"","potentialAction":[{"@type":"SearchAction","target":{"@type":"EntryPoint","urlTemplate":"https:\/\/mauweb.tamnguyen.vn\/congtyduoc\/?s={search_term_string}"},"query-input":"required name=search_term_string"}],"inLanguage":"vi"}]}},"_links":{"self":[{"href":"https:\/\/mauweb.tamnguyen.vn\/congtyduoc\/wp-json\/wp\/v2\/pages\/54","targetHints":{"allow":["GET"]}}],"collection":[{"href":"https:\/\/mauweb.tamnguyen.vn\/congtyduoc\/wp-json\/wp\/v2\/pages"}],"about":[{"href":"https:\/\/mauweb.tamnguyen.vn\/congtyduoc\/wp-json\/wp\/v2\/types\/page"}],"author":[{"embeddable":true,"href":"https:\/\/mauweb.tamnguyen.vn\/congtyduoc\/wp-json\/wp\/v2\/users\/1"}],"replies":[{"embeddable":true,"href":"https:\/\/mauweb.tamnguyen.vn\/congtyduoc\/wp-json\/wp\/v2\/comments?post=54"}],"version-history":[{"count":0,"href":"https:\/\/mauweb.tamnguyen.vn\/congtyduoc\/wp-json\/wp\/v2\/pages\/54\/revisions"}],"wp:attachment":[{"href":"https:\/\/mauweb.tamnguyen.vn\/congtyduoc\/wp-json\/wp\/v2\/media?parent=54"}],"curies":[{"name":"wp","href":"https:\/\/api.w.org\/{rel}","templated":true}]}}