{"id":1462,"date":"2021-12-09T01:18:44","date_gmt":"2021-12-09T01:18:44","guid":{"rendered":"http:\/\/khomau.webrt.vn\/huytuantelecom\/?post_type=product&#038;p=1462"},"modified":"2021-12-10T06:53:29","modified_gmt":"2021-12-10T06:53:29","slug":"camera-ip-wifi-quay-quet-thong-minh-ezviz-c6n-4mp-4","status":"publish","type":"product","link":"https:\/\/mauweb.tamnguyen.vn\/camera4\/san-pham\/camera-ip-wifi-quay-quet-thong-minh-ezviz-c6n-4mp-4\/","title":{"rendered":"Camera IP Wifi quay qu\u00e9t th\u00f4ng minh EZVIZ C6N 4MP"},"content":{"rendered":"<p>HIKVISION DS-2CE56H0T-IRMMF l\u00e0 d\u00f2ng camera HDTVI ch\u00ednh h\u00e3ng c\u00f3 \u0111\u1ed9 ph\u00e2n gi\u1ea3i 5.0 megapixel, t\u00e2\u0300m xa 20m. C\u00f3 th\u1ec3 chuy\u1ec3n 4 ch\u1ebf \u0111\u1ed9 TVI\/AHD\/CVI\/CVBS, ch\u1ed1ng ng\u01b0\u1ee3c s\u00e1ng t\u1ed1t.<\/p>\n<p><img loading=\"lazy\" decoding=\"async\" class=\"size-full wp-image-1451 aligncenter\" src=\"\/camera4\/wp-content\/uploads\/2021\/12\/acc.jpg\" alt=\"\" width=\"766\" height=\"390\" srcset=\"https:\/\/mauweb.tamnguyen.vn\/camera4\/wp-content\/uploads\/2021\/12\/acc.jpg 766w, https:\/\/mauweb.tamnguyen.vn\/camera4\/wp-content\/uploads\/2021\/12\/acc-600x305.jpg 600w\" sizes=\"(max-width: 766px) 100vw, 766px\" \/><\/p>\n<p>Camera h\u1ed3ng ngo\u1ea1i HIKVISION DS-2CE56H0T-IRMMF cho \u0111\u1ed9 ph\u00e2n gi\u1ea3i HD cho h\u00ecnh \u1ea3nh s\u1eafc n\u00e9t, ch\u1ea5t l\u01b0\u1ee3ng cao. M\u1eabu m\u00e3 thu h\u00fat kh\u00e1ch h\u00e0ng v\u00e0 d\u1ec5 d\u00e0ng s\u1eed d\u1ee5ng, l\u1eafp \u0111\u1eb7t b\u00ean trong nh\u00e0 cho gia \u0111\u00ecnh, v\u0103n ph\u00f2ng, c\u1eeda h\u00e0ng.<\/p>\n<p>Th\u00f4ng s\u1ed1 k\u1ef9 thu\u1eadt camera HDTVI 5MP HIKVISION DS-2CE56H0T-IRMMF<\/p>\n<p>\u2013 C\u1ea3m bi\u1ebfn \u1ea3nh CMOS 5MP<\/p>\n<p>\u2013 \u0110\u1ed9 ph\u00e2n gi\u1ea3i 2560 \u00d7 1944<\/p>\n<p>\u2013 \u0110\u1ed9 nh\u1ea1y s\u00e1ng 0.01 Lux<\/p>\n<p>\u2013 \u1ed0ng k\u00ednh 2.8\/3.6\/6mm<\/p>\n<p>\u2013 T\u1ea7m xa h\u1ed3ng ngo\u1ea1i 20m<\/p>\n<p>\u2013 2D DNR, DWDR\/BLC\/HLC\/Global<\/p>\n<p>\u2013 4 chu\u1ea9n t\u00edn hi\u1ec7u TVI\/AHD\/CVI\/CVBS, c\u00f3 n\u00fat chuy\u1ec3n<\/p>\n<p>\u2013 Ngu\u1ed3n 12 VDC<\/p>\n<p>\u2013 Xu\u1ea5t x\u1ee9: Trung Qu\u1ed1c.<\/p>\n<p>\u2013 B\u1ea3o h\u00e0nh: 24 th\u00e1ng.<\/p>\n<p>\u0110\u1eb7t mua Online ngay s\u1ea3n ph\u1ea9m HIKVISION DS-2CE56H0T-IRMMF m\u01a1\u0301i nh\u00e2\u0301t, qu\u00fd kh\u00e1ch h\u00e0ng vui l\u00f2ng li\u00ean h\u1ec7 HOTLINE 1900 9259 \u0111\u1ec3 \u0111\u01b0\u1ee3c h\u1ed7 tr\u1ee3 t\u1ed1t nh\u1ea5t.<\/p>\n","protected":false},"excerpt":{"rendered":"<p>\u2013 C\u1ea3m bi\u1ebfn \u1ea3nh CMOS 5MP<\/p>\n<p>\u2013 \u0110\u1ed9 ph\u00e2n gi\u1ea3i 2560 \u00d7 1944<\/p>\n<p>\u2013 \u0110\u1ed9 nh\u1ea1y s\u00e1ng 0.01 Lux<\/p>\n<p>\u2013 \u1ed0ng k\u00ednh 2.8\/3.6\/6mm<\/p>\n<p>\u2013 T\u1ea7m xa h\u1ed3ng ngo\u1ea1i 20m<\/p>\n<p>\u2013 2D DNR, DWDR\/BLC\/HLC\/Global<\/p>\n<p>\u2013 4 chu\u1ea9n t\u00edn hi\u1ec7u TVI\/AHD\/CVI\/CVBS, c\u00f3 n\u00fat chuy\u1ec3n<\/p>\n","protected":false},"featured_media":1446,"comment_status":"open","ping_status":"closed","template":"","meta":[],"product_cat":[15,150,153,178,160,158,151,152,154,149,155,161,157,148,156,159],"product_tag":[],"class_list":["post-1462","product","type-product","status-publish","has-post-thumbnail","hentry","product_cat-san-pham","product_cat-bao-ho-lao-dong","product_cat-camera-giam-sat","product_cat-huytuan-deal","product_cat-may-bo-dam","product_cat-san-pham-khuyen-mai","product_cat-san-pham-son","product_cat-thiet-bi-dien-nhe","product_cat-thiet-bi-dien-thong-minh","product_cat-thiet-bi-ham-lo","product_cat-thiet-bi-phong-no-ham-lo","product_cat-thiet-bi-truyen-hinh","product_cat-thiet-bi-van-phong","product_cat-thiet-bi-vien-thong","product_cat-thiet-bi-y-te","product_cat-tong-dai-dien-thoai"],"acf":[],"yoast_head":"<!-- This site is optimized with the Yoast SEO plugin v19.9 - https:\/\/yoast.com\/wordpress\/plugins\/seo\/ -->\n<title>Camera IP Wifi quay qu\u00e9t th\u00f4ng minh EZVIZ C6N 4MP - camera4<\/title>\n<meta name=\"robots\" content=\"noindex, follow, max-snippet:-1, max-image-preview:large, max-video-preview:-1\" \/>\n<meta property=\"og:locale\" content=\"vi_VN\" \/>\n<meta property=\"og:type\" content=\"article\" \/>\n<meta property=\"og:title\" content=\"Camera IP Wifi quay qu\u00e9t th\u00f4ng minh EZVIZ C6N 4MP - camera4\" \/>\n<meta property=\"og:description\" content=\"\u2013 C\u1ea3m bi\u1ebfn \u1ea3nh CMOS 5MP  \u2013 \u0110\u1ed9 ph\u00e2n gi\u1ea3i 2560 \u00d7 1944  \u2013 \u0110\u1ed9 nh\u1ea1y s\u00e1ng 0.01 Lux  \u2013 \u1ed0ng k\u00ednh 2.8\/3.6\/6mm  \u2013 T\u1ea7m xa h\u1ed3ng ngo\u1ea1i 20m  \u2013 2D DNR, DWDR\/BLC\/HLC\/Global  \u2013 4 chu\u1ea9n t\u00edn hi\u1ec7u TVI\/AHD\/CVI\/CVBS, c\u00f3 n\u00fat chuy\u1ec3n\" \/>\n<meta property=\"og:url\" content=\"https:\/\/mauweb.tamnguyen.vn\/camera4\/san-pham\/camera-ip-wifi-quay-quet-thong-minh-ezviz-c6n-4mp-4\/\" \/>\n<meta property=\"og:site_name\" content=\"camera4\" \/>\n<meta property=\"article:modified_time\" content=\"2021-12-10T06:53:29+00:00\" \/>\n<meta property=\"og:image\" content=\"https:\/\/mauweb.tamnguyen.vn\/camera4\/wp-content\/uploads\/2021\/12\/camera-ip-mi-home-360-do-1080p-xiaomi-bhr4885gl-ava-600x600-1.jpg\" \/>\n\t<meta property=\"og:image:width\" content=\"600\" \/>\n\t<meta property=\"og:image:height\" content=\"600\" \/>\n\t<meta property=\"og:image:type\" content=\"image\/jpeg\" \/>\n<meta name=\"twitter:card\" content=\"summary_large_image\" \/>\n<meta name=\"twitter:label1\" content=\"\u01af\u1edbc t\u00ednh th\u1eddi gian \u0111\u1ecdc\" \/>\n\t<meta name=\"twitter:data1\" content=\"1 ph\u00fat\" \/>\n<script type=\"application\/ld+json\" class=\"yoast-schema-graph\">{\"@context\":\"https:\/\/schema.org\",\"@graph\":[{\"@type\":\"WebPage\",\"@id\":\"https:\/\/mauweb.tamnguyen.vn\/camera4\/san-pham\/camera-ip-wifi-quay-quet-thong-minh-ezviz-c6n-4mp-4\/\",\"url\":\"https:\/\/mauweb.tamnguyen.vn\/camera4\/san-pham\/camera-ip-wifi-quay-quet-thong-minh-ezviz-c6n-4mp-4\/\",\"name\":\"Camera IP Wifi quay qu\u00e9t th\u00f4ng minh EZVIZ C6N 4MP - camera4\",\"isPartOf\":{\"@id\":\"https:\/\/mauweb.tamnguyen.vn\/camera4\/#website\"},\"datePublished\":\"2021-12-09T01:18:44+00:00\",\"dateModified\":\"2021-12-10T06:53:29+00:00\",\"breadcrumb\":{\"@id\":\"https:\/\/mauweb.tamnguyen.vn\/camera4\/san-pham\/camera-ip-wifi-quay-quet-thong-minh-ezviz-c6n-4mp-4\/#breadcrumb\"},\"inLanguage\":\"vi\",\"potentialAction\":[{\"@type\":\"ReadAction\",\"target\":[\"https:\/\/mauweb.tamnguyen.vn\/camera4\/san-pham\/camera-ip-wifi-quay-quet-thong-minh-ezviz-c6n-4mp-4\/\"]}]},{\"@type\":\"BreadcrumbList\",\"@id\":\"https:\/\/mauweb.tamnguyen.vn\/camera4\/san-pham\/camera-ip-wifi-quay-quet-thong-minh-ezviz-c6n-4mp-4\/#breadcrumb\",\"itemListElement\":[{\"@type\":\"ListItem\",\"position\":1,\"name\":\"Trang ch\u1ee7\",\"item\":\"https:\/\/mauweb.tamnguyen.vn\/camera4\/\"},{\"@type\":\"ListItem\",\"position\":2,\"name\":\"Shop\",\"item\":\"https:\/\/mauweb.tamnguyen.vn\/camera4\/shop\/\"},{\"@type\":\"ListItem\",\"position\":3,\"name\":\"Camera IP Wifi quay qu\u00e9t th\u00f4ng minh EZVIZ C6N 4MP\"}]},{\"@type\":\"WebSite\",\"@id\":\"https:\/\/mauweb.tamnguyen.vn\/camera4\/#website\",\"url\":\"https:\/\/mauweb.tamnguyen.vn\/camera4\/\",\"name\":\"camera4\",\"description\":\"\",\"potentialAction\":[{\"@type\":\"SearchAction\",\"target\":{\"@type\":\"EntryPoint\",\"urlTemplate\":\"https:\/\/mauweb.tamnguyen.vn\/camera4\/?s={search_term_string}\"},\"query-input\":\"required name=search_term_string\"}],\"inLanguage\":\"vi\"}]}<\/script>\n<!-- \/ Yoast SEO plugin. -->","yoast_head_json":{"title":"Camera IP Wifi quay qu\u00e9t th\u00f4ng minh EZVIZ C6N 4MP - camera4","robots":{"index":"noindex","follow":"follow","max-snippet":"max-snippet:-1","max-image-preview":"max-image-preview:large","max-video-preview":"max-video-preview:-1"},"og_locale":"vi_VN","og_type":"article","og_title":"Camera IP Wifi quay qu\u00e9t th\u00f4ng minh EZVIZ C6N 4MP - camera4","og_description":"\u2013 C\u1ea3m bi\u1ebfn \u1ea3nh CMOS 5MP  \u2013 \u0110\u1ed9 ph\u00e2n gi\u1ea3i 2560 \u00d7 1944  \u2013 \u0110\u1ed9 nh\u1ea1y s\u00e1ng 0.01 Lux  \u2013 \u1ed0ng k\u00ednh 2.8\/3.6\/6mm  \u2013 T\u1ea7m xa h\u1ed3ng ngo\u1ea1i 20m  \u2013 2D DNR, DWDR\/BLC\/HLC\/Global  \u2013 4 chu\u1ea9n t\u00edn hi\u1ec7u TVI\/AHD\/CVI\/CVBS, c\u00f3 n\u00fat chuy\u1ec3n","og_url":"https:\/\/mauweb.tamnguyen.vn\/camera4\/san-pham\/camera-ip-wifi-quay-quet-thong-minh-ezviz-c6n-4mp-4\/","og_site_name":"camera4","article_modified_time":"2021-12-10T06:53:29+00:00","og_image":[{"width":600,"height":600,"url":"https:\/\/mauweb.tamnguyen.vn\/camera4\/wp-content\/uploads\/2021\/12\/camera-ip-mi-home-360-do-1080p-xiaomi-bhr4885gl-ava-600x600-1.jpg","type":"image\/jpeg"}],"twitter_card":"summary_large_image","twitter_misc":{"\u01af\u1edbc t\u00ednh th\u1eddi gian \u0111\u1ecdc":"1 ph\u00fat"},"schema":{"@context":"https:\/\/schema.org","@graph":[{"@type":"WebPage","@id":"https:\/\/mauweb.tamnguyen.vn\/camera4\/san-pham\/camera-ip-wifi-quay-quet-thong-minh-ezviz-c6n-4mp-4\/","url":"https:\/\/mauweb.tamnguyen.vn\/camera4\/san-pham\/camera-ip-wifi-quay-quet-thong-minh-ezviz-c6n-4mp-4\/","name":"Camera IP Wifi quay qu\u00e9t th\u00f4ng minh EZVIZ C6N 4MP - camera4","isPartOf":{"@id":"https:\/\/mauweb.tamnguyen.vn\/camera4\/#website"},"datePublished":"2021-12-09T01:18:44+00:00","dateModified":"2021-12-10T06:53:29+00:00","breadcrumb":{"@id":"https:\/\/mauweb.tamnguyen.vn\/camera4\/san-pham\/camera-ip-wifi-quay-quet-thong-minh-ezviz-c6n-4mp-4\/#breadcrumb"},"inLanguage":"vi","potentialAction":[{"@type":"ReadAction","target":["https:\/\/mauweb.tamnguyen.vn\/camera4\/san-pham\/camera-ip-wifi-quay-quet-thong-minh-ezviz-c6n-4mp-4\/"]}]},{"@type":"BreadcrumbList","@id":"https:\/\/mauweb.tamnguyen.vn\/camera4\/san-pham\/camera-ip-wifi-quay-quet-thong-minh-ezviz-c6n-4mp-4\/#breadcrumb","itemListElement":[{"@type":"ListItem","position":1,"name":"Trang ch\u1ee7","item":"https:\/\/mauweb.tamnguyen.vn\/camera4\/"},{"@type":"ListItem","position":2,"name":"Shop","item":"https:\/\/mauweb.tamnguyen.vn\/camera4\/shop\/"},{"@type":"ListItem","position":3,"name":"Camera IP Wifi quay qu\u00e9t th\u00f4ng minh EZVIZ C6N 4MP"}]},{"@type":"WebSite","@id":"https:\/\/mauweb.tamnguyen.vn\/camera4\/#website","url":"https:\/\/mauweb.tamnguyen.vn\/camera4\/","name":"camera4","description":"","potentialAction":[{"@type":"SearchAction","target":{"@type":"EntryPoint","urlTemplate":"https:\/\/mauweb.tamnguyen.vn\/camera4\/?s={search_term_string}"},"query-input":"required name=search_term_string"}],"inLanguage":"vi"}]}},"_links":{"self":[{"href":"https:\/\/mauweb.tamnguyen.vn\/camera4\/wp-json\/wp\/v2\/product\/1462"}],"collection":[{"href":"https:\/\/mauweb.tamnguyen.vn\/camera4\/wp-json\/wp\/v2\/product"}],"about":[{"href":"https:\/\/mauweb.tamnguyen.vn\/camera4\/wp-json\/wp\/v2\/types\/product"}],"replies":[{"embeddable":true,"href":"https:\/\/mauweb.tamnguyen.vn\/camera4\/wp-json\/wp\/v2\/comments?post=1462"}],"wp:featuredmedia":[{"embeddable":true,"href":"https:\/\/mauweb.tamnguyen.vn\/camera4\/wp-json\/wp\/v2\/media\/1446"}],"wp:attachment":[{"href":"https:\/\/mauweb.tamnguyen.vn\/camera4\/wp-json\/wp\/v2\/media?parent=1462"}],"wp:term":[{"taxonomy":"product_cat","embeddable":true,"href":"https:\/\/mauweb.tamnguyen.vn\/camera4\/wp-json\/wp\/v2\/product_cat?post=1462"},{"taxonomy":"product_tag","embeddable":true,"href":"https:\/\/mauweb.tamnguyen.vn\/camera4\/wp-json\/wp\/v2\/product_tag?post=1462"}],"curies":[{"name":"wp","href":"https:\/\/api.w.org\/{rel}","templated":true}]}}