{"id":1584,"date":"2020-12-05T21:31:24","date_gmt":"2020-12-05T14:31:24","guid":{"rendered":"http:\/\/bds32.maugiaodien.com\/?post_type=product&#038;p=1584"},"modified":"2020-12-08T19:06:21","modified_gmt":"2020-12-08T12:06:21","slug":"can-ban-khach-san-dep-moi-ngay-ttdl-phong-nha","status":"publish","type":"product","link":"https:\/\/mauweb.tamnguyen.vn\/bds34\/bds\/can-ban-khach-san-dep-moi-ngay-ttdl-phong-nha\/","title":{"rendered":"C\u1ea7n b\u00e1n kh\u00e1ch s\u1ea1n \u0111\u1eb9p, m\u1edbi ngay TTDL Phong Nha"},"content":{"rendered":"<ul>\n<li>Hotel t\u1ecda l\u1ea1c ngay TTDL Phong Nha,<\/li>\n<\/ul>\n<figure id=\"attachment_1616\" aria-describedby=\"caption-attachment-1616\" style=\"width: 500px\" class=\"wp-caption aligncenter\"><img loading=\"lazy\" decoding=\"async\" class=\"size-full wp-image-1616\" src=\"http:\/\/bds32.maugiaodien.com\/wp-content\/uploads\/2020\/11\/119436846_370911573927849_3539061971312275899_n.jpg\" alt=\"119436846 370911573927849 3539061971312275899 N\" width=\"500\" height=\"333\" \/><figcaption id=\"caption-attachment-1616\" class=\"wp-caption-text\">the roof top bar &amp; cafe!<\/figcaption><\/figure>\n<ul>\n<li>\u0110\u01b0\u1eddng s\u00e1 th\u00f4ng t\u1ee9 ph\u00eda r\u1ea5t thu\u1eadn l\u1ee3i xe v\u00e0o \u0111\u00f3n ti\u1ec5n v\u00e0 cho kh\u00e1ch l\u01b0u tr\u00fa &amp; th\u01b0\u1edfng th\u1ee9c c\u00e1c d\u1ecbch v\u1ee5.<\/li>\n<li>Ch\u1ec9 h\u01a1n 500m l\u00e0 t\u1edbi b\u1ebfn thuy\u1ec1n Du l\u1ecbch, 100m l\u00e0 ra khu ch\u1ee3 \u0111\u00eam v\u00e0 khu ph\u1ed1 t\u00e2y nh\u1ed9n nh\u1ecbp, v\u1edbi nhi\u1ec1u d\u1ecbch v\u1ee5<\/li>\n<li>Hotel \u0111\u01b0\u1ee3c thi\u1ebft k\u1ebf hi\u1ec7n \u0111\u1ea1i, ch\u1eafc ch\u1eafn, c\u00f3 \u0111\u1ea7y \u0111\u1ee7 trang thi\u1ebft b\u1ecb, v\u1edbi 8 ph\u00f2ng kh\u00e1ch t\u1eeb ph\u00f2ng ri\u00eang l\u1ebd cho 1 ng\u01b0\u1eddi, 2 ng\u01b0\u1eddi, gia \u0111\u00ecnh \u0111\u1ebfn ph\u00f2ng dorm cho kh\u00e1ch l\u1ebd. s\u1ea3nh tr\u01b0\u1edbc thi\u1ebft k\u1ebf r\u1ed9ng r\u00e3i n\u00ean kh\u00e1ch c\u00f3 th\u1ebf ngh\u1ec9 ng\u01a1i, th\u01b0 gi\u00e3n khi check-in, check-out, \u0111\u01b0\u1ee3c v\u1eadn h\u00e0nh b\u1edfi nh\u1eefng ng\u01b0\u1eddi \u0111\u00e3 l\u00e0m du l\u1ecbch nhi\u1ec1u n\u0103m. \u0110\u1eb7c bi\u1ec7t, hotel c\u00f3 m\u1ed9t roof top bar v\u1edbi khung c\u1ea3nh thi\u00ean nhi\u00ean th\u01a1 m\u1ed9ng, xanh m\u00e1t s\u1ebd l\u00e0 m\u1ed9t n\u01a1i \u0111\u1ec3 cho kh\u00e1ch relax. V\u00e0 ph\u00eda sau l\u01b0ng v\u1eabn c\u00f2n m\u1ed9t kho\u1ea3ng kh\u00f4ng \u0111\u1ec3 sau n\u00e0y c\u00f3 th\u1ec3 l\u00e0m b\u1ec3 b\u01a1i\u2026<\/li>\n<\/ul>\n<p>P\/s: Gia ch\u1ee7 c\u00f3 vi\u1ec7c c\u1ea7n g\u1ea5p n\u00ean mu\u1ed1n b\u00e1n nhanh\/<\/p>\n<p>Li\u00ean h\u1ec7 ngay: #Phong_Nha_LAND &#8211; Hotline &amp; Zalo (24\/7): 0986 237 xxx<\/p>\n","protected":false},"excerpt":{"rendered":"<p>Hotel t\u1ecda l\u1ea1c ngay TTDL Phong Nha, \u0110\u01b0\u1eddng s\u00e1 th\u00f4ng t\u1ee9 ph\u00eda r\u1ea5t thu\u1eadn l\u1ee3i xe v\u00e0o \u0111\u00f3n ti\u1ec5n v\u00e0 cho kh\u00e1ch l\u01b0u tr\u00fa &amp; th\u01b0\u1edfng th\u1ee9c c\u00e1c d\u1ecbch v\u1ee5. Ch\u1ec9 h\u01a1n 500m l\u00e0 t\u1edbi b\u1ebfn thuy\u1ec1n Du l\u1ecbch, 100m l\u00e0 ra khu ch\u1ee3 \u0111\u00eam v\u00e0 khu ph\u1ed1 t\u00e2y nh\u1ed9n nh\u1ecbp, v\u1edbi nhi\u1ec1u d\u1ecbch v\u1ee5..<\/p>\n","protected":false},"featured_media":1617,"template":"","meta":[],"class_list":["post-1584","product","type-product","status-publish","has-post-thumbnail","hentry","product_cat-bat-dong-san-can-ban","product_cat-hotel-homestay"],"lang":"vi","translations":{"vi":1584},"yoast_head":"<!-- This site is optimized with the Yoast SEO plugin v15.5 - https:\/\/yoast.com\/wordpress\/plugins\/seo\/ -->\n<title>C\u1ea7n b\u00e1n kh\u00e1ch s\u1ea1n \u0111\u1eb9p, m\u1edbi ngay TTDL Phong Nha - Phong Nha Land<\/title>\n<meta name=\"description\" content=\"Kh\u00e1ch s\u1ea1n ngay TTDL Phong Nha m\u1edbi c\u1ee9ng, view n\u00fai xanh m\u00e1t quanh n\u0103m m\u00e0 ch\u1ec9 h\u01a1n 4 t\u1ec9 ch\u1edb m\u1ea5y.\" \/>\n<meta name=\"robots\" content=\"noindex, follow, max-snippet:-1, max-image-preview:large, max-video-preview:-1\" \/>\n<meta property=\"og:locale\" content=\"vi_VN\" \/>\n<meta property=\"og:type\" content=\"article\" \/>\n<meta property=\"og:title\" content=\"C\u1ea7n b\u00e1n kh\u00e1ch s\u1ea1n \u0111\u1eb9p, m\u1edbi ngay TTDL Phong Nha - Phong Nha Land\" \/>\n<meta property=\"og:description\" content=\"Kh\u00e1ch s\u1ea1n ngay TTDL Phong Nha m\u1edbi c\u1ee9ng, view n\u00fai xanh m\u00e1t quanh n\u0103m m\u00e0 ch\u1ec9 h\u01a1n 4 t\u1ec9 ch\u1edb m\u1ea5y.\" \/>\n<meta property=\"og:url\" content=\"https:\/\/mauweb.tamnguyen.vn\/bds34\/bds\/can-ban-khach-san-dep-moi-ngay-ttdl-phong-nha\/\" \/>\n<meta property=\"og:site_name\" content=\"B\u1ea5t \u0110\u1ed9ng S\u1ea3n Phong Nha\" \/>\n<meta property=\"article:modified_time\" content=\"2020-12-08T12:06:21+00:00\" \/>\n<meta property=\"og:image\" content=\"https:\/\/mauweb.tamnguyen.vn\/bds34\/wp-content\/uploads\/2020\/11\/DSC_0065-scaled.jpg\" \/>\n\t<meta property=\"og:image:width\" content=\"2560\" \/>\n\t<meta property=\"og:image:height\" content=\"1444\" \/>\n<meta name=\"twitter:card\" content=\"summary_large_image\" \/>\n<meta name=\"twitter:label1\" content=\"Est. reading time\">\n\t<meta name=\"twitter:data1\" content=\"1 ph\u00fat\">\n<script type=\"application\/ld+json\" class=\"yoast-schema-graph\">{\"@context\":\"https:\/\/schema.org\",\"@graph\":[{\"@type\":\"Organization\",\"@id\":\"https:\/\/bds32.maugiaodien.com\/#organization\",\"name\":\"Phong Nha Land\",\"url\":\"https:\/\/bds32.maugiaodien.com\/\",\"sameAs\":[],\"logo\":{\"@type\":\"ImageObject\",\"@id\":\"https:\/\/bds32.maugiaodien.com\/#logo\",\"inLanguage\":\"vi\",\"url\":\"https:\/\/mauweb.tamnguyen.vn\/bds34\/wp-content\/uploads\/2020\/09\/logo-bdsphongnha.png\",\"width\":300,\"height\":75,\"caption\":\"Phong Nha Land\"},\"image\":{\"@id\":\"https:\/\/bds32.maugiaodien.com\/#logo\"}},{\"@type\":\"WebSite\",\"@id\":\"https:\/\/bds32.maugiaodien.com\/#website\",\"url\":\"https:\/\/bds32.maugiaodien.com\/\",\"name\":\"B\\u1ea5t \\u0110\\u1ed9ng S\\u1ea3n Phong Nha\",\"description\":\"\",\"publisher\":{\"@id\":\"https:\/\/bds32.maugiaodien.com\/#organization\"},\"potentialAction\":[{\"@type\":\"SearchAction\",\"target\":\"https:\/\/bds32.maugiaodien.com\/?s={search_term_string}\",\"query-input\":\"required name=search_term_string\"}],\"inLanguage\":\"vi\"},{\"@type\":\"ImageObject\",\"@id\":\"https:\/\/mauweb.tamnguyen.vn\/bds34\/bds\/can-ban-khach-san-dep-moi-ngay-ttdl-phong-nha\/#primaryimage\",\"inLanguage\":\"vi\",\"url\":\"https:\/\/mauweb.tamnguyen.vn\/bds34\/wp-content\/uploads\/2020\/11\/DSC_0065-scaled.jpg\",\"width\":2560,\"height\":1444,\"caption\":\"Dsc 0065\"},{\"@type\":\"WebPage\",\"@id\":\"https:\/\/mauweb.tamnguyen.vn\/bds34\/bds\/can-ban-khach-san-dep-moi-ngay-ttdl-phong-nha\/#webpage\",\"url\":\"https:\/\/mauweb.tamnguyen.vn\/bds34\/bds\/can-ban-khach-san-dep-moi-ngay-ttdl-phong-nha\/\",\"name\":\"C\\u1ea7n b\\u00e1n kh\\u00e1ch s\\u1ea1n \\u0111\\u1eb9p, m\\u1edbi ngay TTDL Phong Nha - Phong Nha Land\",\"isPartOf\":{\"@id\":\"https:\/\/bds32.maugiaodien.com\/#website\"},\"primaryImageOfPage\":{\"@id\":\"https:\/\/mauweb.tamnguyen.vn\/bds34\/bds\/can-ban-khach-san-dep-moi-ngay-ttdl-phong-nha\/#primaryimage\"},\"datePublished\":\"2020-12-05T14:31:24+00:00\",\"dateModified\":\"2020-12-08T12:06:21+00:00\",\"description\":\"Kh\\u00e1ch s\\u1ea1n ngay TTDL Phong Nha m\\u1edbi c\\u1ee9ng, view n\\u00fai xanh m\\u00e1t quanh n\\u0103m m\\u00e0 ch\\u1ec9 h\\u01a1n 4 t\\u1ec9 ch\\u1edb m\\u1ea5y.\",\"breadcrumb\":{\"@id\":\"https:\/\/mauweb.tamnguyen.vn\/bds34\/bds\/can-ban-khach-san-dep-moi-ngay-ttdl-phong-nha\/#breadcrumb\"},\"inLanguage\":\"vi\",\"potentialAction\":[{\"@type\":\"ReadAction\",\"target\":[\"https:\/\/mauweb.tamnguyen.vn\/bds34\/bds\/can-ban-khach-san-dep-moi-ngay-ttdl-phong-nha\/\"]}]},{\"@type\":\"BreadcrumbList\",\"@id\":\"https:\/\/mauweb.tamnguyen.vn\/bds34\/bds\/can-ban-khach-san-dep-moi-ngay-ttdl-phong-nha\/#breadcrumb\",\"itemListElement\":[{\"@type\":\"ListItem\",\"position\":1,\"item\":{\"@type\":\"WebPage\",\"@id\":\"https:\/\/bds32.maugiaodien.com\/\",\"url\":\"https:\/\/bds32.maugiaodien.com\/\",\"name\":\"Trang ch\\u1ee7\"}},{\"@type\":\"ListItem\",\"position\":2,\"item\":{\"@type\":\"WebPage\",\"@id\":\"https:\/\/mauweb.tamnguyen.vn\/bds34\/bat-dong-san\/\",\"url\":\"https:\/\/mauweb.tamnguyen.vn\/bds34\/bat-dong-san\/\",\"name\":\"T\\u1ea5t c\\u1ea3 B\\u1ea5t \\u0110\\u1ed9ng S\\u1ea3n\"}},{\"@type\":\"ListItem\",\"position\":3,\"item\":{\"@type\":\"WebPage\",\"@id\":\"https:\/\/mauweb.tamnguyen.vn\/bds34\/bds\/can-ban-khach-san-dep-moi-ngay-ttdl-phong-nha\/\",\"url\":\"https:\/\/mauweb.tamnguyen.vn\/bds34\/bds\/can-ban-khach-san-dep-moi-ngay-ttdl-phong-nha\/\",\"name\":\"C\\u1ea7n b\\u00e1n kh\\u00e1ch s\\u1ea1n \\u0111\\u1eb9p, m\\u1edbi ngay TTDL Phong Nha\"}}]}]}<\/script>\n<!-- \/ Yoast SEO plugin. -->","pll_sync_post":[],"_links":{"self":[{"href":"https:\/\/mauweb.tamnguyen.vn\/bds34\/wp-json\/wp\/v2\/product\/1584"}],"collection":[{"href":"https:\/\/mauweb.tamnguyen.vn\/bds34\/wp-json\/wp\/v2\/product"}],"about":[{"href":"https:\/\/mauweb.tamnguyen.vn\/bds34\/wp-json\/wp\/v2\/types\/product"}],"wp:featuredmedia":[{"embeddable":true,"href":"https:\/\/mauweb.tamnguyen.vn\/bds34\/wp-json\/wp\/v2\/media\/1617"}],"wp:attachment":[{"href":"https:\/\/mauweb.tamnguyen.vn\/bds34\/wp-json\/wp\/v2\/media?parent=1584"}],"curies":[{"name":"wp","href":"https:\/\/api.w.org\/{rel}","templated":true}]}}