{"id":1583,"date":"2020-12-07T20:01:16","date_gmt":"2020-12-07T13:01:16","guid":{"rendered":"http:\/\/bds32.maugiaodien.com\/?post_type=product&#038;p=1583"},"modified":"2020-12-08T19:04:34","modified_gmt":"2020-12-08T12:04:34","slug":"homestay-dep-ma-gia-thi-qua-ngon-tai-phong-nha","status":"publish","type":"product","link":"https:\/\/mauweb.tamnguyen.vn\/bds34\/bds\/homestay-dep-ma-gia-thi-qua-ngon-tai-phong-nha\/","title":{"rendered":"C\u1ea7n b\u00e1n homestay \u0111\u1eb9p m\u00e0 gi\u00e1 th\u00ec qu\u00e1 ngon t\u1ea1i Phong Nha"},"content":{"rendered":"<p>\u2764Do kh\u00f4ng c\u00f3 th\u1eddi gian qu\u1ea3n l\u00fd n\u00ean gia ch\u1ee7 c\u1ea7n b\u00e1n nhanh homestay Phong Nha &#8211; gi\u00e1 qu\u00e1 ngon<\/p>\n<p>\u2764M\u1eb7t ti\u1ec1n r\u1ed9ng \u0111\u01b0\u1eddng H\u1ed3 Ch\u00ed Minh<\/p>\n<p>\u2764\ufe0f G\u1ea7n ngay c\u00e1c khu vui ch\u01a1i gi\u1ea3i tr\u00ed, du l\u1ecbch sinh th\u00e1i khu v\u1ef1c \u0110\u1ed9ng Phong Nha, su\u1ed1i n\u01b0\u1edbc Mo\u1ecdc, \u0111\u1ed9ng Thi\u00ean \u0110\u01b0\u1eddng&#8230;<\/p>\n<p>\u2764Full n\u1ed9i th\u1ea5t (nh\u00e0 C\u00f3 9 ph\u00f2ng ng\u1ee7, h\u1ed3 b\u01a1i, nh\u00e0 homestay, qu\u00e1n kinh doanh, v\u01b0\u1eddn r\u1ed9ng tho\u1ea3i m\u00e1i check in&#8230;)<\/p>\n<p>\u2764\u0110ang kinh doanh t\u1ed1t, n\u00ean c\u00f3 th\u1ec3 kinh doanh ngay v\u00e0 lu\u00f4n khi Covid \u0111i qua<\/p>\n<p>\u2764\ufe0f Gi\u00e1 c\u1ef1c d\u1ec5 th\u01b0\u01a1ng (c\u00f3 b\u1edbt t\u00ed l\u1ed9c cho kh\u00e1ch thi\u1ec7n ch\u00ed)<\/p>\n<p>Li\u00ean h\u1ec7 ngay: #Phong_Nha_LAND &#8211; Hotline &amp; Zalo (24\/7): 0986 237 xxx<\/p>\n","protected":false},"excerpt":{"rendered":"<p>\u2764Do kh\u00f4ng c\u00f3 th\u1eddi gian qu\u1ea3n l\u00fd n\u00ean gia ch\u1ee7 c\u1ea7n b\u00e1n nhanh homestay Phong Nha &#8211; gi\u00e1 qu\u00e1 ngon \u2764M\u1eb7t ti\u1ec1n r\u1ed9ng \u0111\u01b0\u1eddng H\u1ed3 Ch\u00ed Minh \u2764\ufe0f G\u1ea7n ngay c\u00e1c khu vui ch\u01a1i gi\u1ea3i tr\u00ed, du l\u1ecbch sinh th\u00e1i khu v\u1ef1c \u0110\u1ed9ng Phong Nha, su\u1ed1i n\u01b0\u1edbc Mo\u1ecdc, \u0111\u1ed9ng Thi\u00ean \u0110\u01b0\u1eddng&#8230; \u2764Full n\u1ed9i th\u1ea5t (nh\u00e0..<\/p>\n","protected":false},"featured_media":1609,"template":"","meta":[],"class_list":["post-1583","product","type-product","status-publish","has-post-thumbnail","hentry","product_cat-bat-dong-san-can-ban","product_cat-hotel-homestay"],"lang":"vi","translations":{"vi":1583},"yoast_head":"<!-- This site is optimized with the Yoast SEO plugin v15.5 - https:\/\/yoast.com\/wordpress\/plugins\/seo\/ -->\n<title>C\u1ea7n b\u00e1n homestay \u0111\u1eb9p m\u00e0 gi\u00e1 th\u00ec qu\u00e1 ngon t\u1ea1i Phong Nha - Phong Nha Land<\/title>\n<meta name=\"description\" content=\"C\u01a1 h\u1ed9i s\u1edf h\u1eefu homestay ngon - b\u1ed5 - r\u1ebb v\u1edbi \u0111\u1ea7y \u0111\u1ee7 ti\u1ec7n \u00edch t\u1ea1i Phong Nha\" \/>\n<meta name=\"robots\" content=\"noindex, follow, max-snippet:-1, max-image-preview:large, max-video-preview:-1\" \/>\n<meta property=\"og:locale\" content=\"vi_VN\" \/>\n<meta property=\"og:type\" content=\"article\" \/>\n<meta property=\"og:title\" content=\"C\u1ea7n b\u00e1n homestay \u0111\u1eb9p m\u00e0 gi\u00e1 th\u00ec qu\u00e1 ngon t\u1ea1i Phong Nha - Phong Nha Land\" \/>\n<meta property=\"og:description\" content=\"C\u01a1 h\u1ed9i s\u1edf h\u1eefu homestay ngon - b\u1ed5 - r\u1ebb v\u1edbi \u0111\u1ea7y \u0111\u1ee7 ti\u1ec7n \u00edch t\u1ea1i Phong Nha\" \/>\n<meta property=\"og:url\" content=\"https:\/\/mauweb.tamnguyen.vn\/bds34\/bds\/homestay-dep-ma-gia-thi-qua-ngon-tai-phong-nha\/\" \/>\n<meta property=\"og:site_name\" content=\"B\u1ea5t \u0110\u1ed9ng S\u1ea3n Phong Nha\" \/>\n<meta property=\"article:modified_time\" content=\"2020-12-08T12:04:34+00:00\" \/>\n<meta property=\"og:image\" content=\"https:\/\/mauweb.tamnguyen.vn\/bds34\/wp-content\/uploads\/2020\/09\/8382aaf5ca44301a6955.jpg\" \/>\n\t<meta property=\"og:image:width\" content=\"1280\" \/>\n\t<meta property=\"og:image:height\" content=\"722\" \/>\n<meta name=\"twitter:card\" content=\"summary_large_image\" \/>\n<meta name=\"twitter:label1\" content=\"Est. reading time\">\n\t<meta name=\"twitter:data1\" content=\"1 ph\u00fat\">\n<script type=\"application\/ld+json\" class=\"yoast-schema-graph\">{\"@context\":\"https:\/\/schema.org\",\"@graph\":[{\"@type\":\"Organization\",\"@id\":\"https:\/\/bds32.maugiaodien.com\/#organization\",\"name\":\"Phong Nha Land\",\"url\":\"https:\/\/bds32.maugiaodien.com\/\",\"sameAs\":[],\"logo\":{\"@type\":\"ImageObject\",\"@id\":\"https:\/\/bds32.maugiaodien.com\/#logo\",\"inLanguage\":\"vi\",\"url\":\"https:\/\/mauweb.tamnguyen.vn\/bds34\/wp-content\/uploads\/2020\/09\/logo-bdsphongnha.png\",\"width\":300,\"height\":75,\"caption\":\"Phong Nha Land\"},\"image\":{\"@id\":\"https:\/\/bds32.maugiaodien.com\/#logo\"}},{\"@type\":\"WebSite\",\"@id\":\"https:\/\/bds32.maugiaodien.com\/#website\",\"url\":\"https:\/\/bds32.maugiaodien.com\/\",\"name\":\"B\\u1ea5t \\u0110\\u1ed9ng S\\u1ea3n Phong Nha\",\"description\":\"\",\"publisher\":{\"@id\":\"https:\/\/bds32.maugiaodien.com\/#organization\"},\"potentialAction\":[{\"@type\":\"SearchAction\",\"target\":\"https:\/\/bds32.maugiaodien.com\/?s={search_term_string}\",\"query-input\":\"required name=search_term_string\"}],\"inLanguage\":\"vi\"},{\"@type\":\"ImageObject\",\"@id\":\"https:\/\/mauweb.tamnguyen.vn\/bds34\/bds\/homestay-dep-ma-gia-thi-qua-ngon-tai-phong-nha\/#primaryimage\",\"inLanguage\":\"vi\",\"url\":\"https:\/\/mauweb.tamnguyen.vn\/bds34\/wp-content\/uploads\/2020\/09\/8382aaf5ca44301a6955.jpg\",\"width\":1280,\"height\":722,\"caption\":\"8382aaf5ca44301a6955\"},{\"@type\":\"WebPage\",\"@id\":\"https:\/\/mauweb.tamnguyen.vn\/bds34\/bds\/homestay-dep-ma-gia-thi-qua-ngon-tai-phong-nha\/#webpage\",\"url\":\"https:\/\/mauweb.tamnguyen.vn\/bds34\/bds\/homestay-dep-ma-gia-thi-qua-ngon-tai-phong-nha\/\",\"name\":\"C\\u1ea7n b\\u00e1n homestay \\u0111\\u1eb9p m\\u00e0 gi\\u00e1 th\\u00ec qu\\u00e1 ngon t\\u1ea1i Phong Nha - Phong Nha Land\",\"isPartOf\":{\"@id\":\"https:\/\/bds32.maugiaodien.com\/#website\"},\"primaryImageOfPage\":{\"@id\":\"https:\/\/mauweb.tamnguyen.vn\/bds34\/bds\/homestay-dep-ma-gia-thi-qua-ngon-tai-phong-nha\/#primaryimage\"},\"datePublished\":\"2020-12-07T13:01:16+00:00\",\"dateModified\":\"2020-12-08T12:04:34+00:00\",\"description\":\"C\\u01a1 h\\u1ed9i s\\u1edf h\\u1eefu homestay ngon - b\\u1ed5 - r\\u1ebb v\\u1edbi \\u0111\\u1ea7y \\u0111\\u1ee7 ti\\u1ec7n \\u00edch t\\u1ea1i Phong Nha\",\"breadcrumb\":{\"@id\":\"https:\/\/mauweb.tamnguyen.vn\/bds34\/bds\/homestay-dep-ma-gia-thi-qua-ngon-tai-phong-nha\/#breadcrumb\"},\"inLanguage\":\"vi\",\"potentialAction\":[{\"@type\":\"ReadAction\",\"target\":[\"https:\/\/mauweb.tamnguyen.vn\/bds34\/bds\/homestay-dep-ma-gia-thi-qua-ngon-tai-phong-nha\/\"]}]},{\"@type\":\"BreadcrumbList\",\"@id\":\"https:\/\/mauweb.tamnguyen.vn\/bds34\/bds\/homestay-dep-ma-gia-thi-qua-ngon-tai-phong-nha\/#breadcrumb\",\"itemListElement\":[{\"@type\":\"ListItem\",\"position\":1,\"item\":{\"@type\":\"WebPage\",\"@id\":\"https:\/\/bds32.maugiaodien.com\/\",\"url\":\"https:\/\/bds32.maugiaodien.com\/\",\"name\":\"Trang ch\\u1ee7\"}},{\"@type\":\"ListItem\",\"position\":2,\"item\":{\"@type\":\"WebPage\",\"@id\":\"https:\/\/mauweb.tamnguyen.vn\/bds34\/bat-dong-san\/\",\"url\":\"https:\/\/mauweb.tamnguyen.vn\/bds34\/bat-dong-san\/\",\"name\":\"T\\u1ea5t c\\u1ea3 B\\u1ea5t \\u0110\\u1ed9ng S\\u1ea3n\"}},{\"@type\":\"ListItem\",\"position\":3,\"item\":{\"@type\":\"WebPage\",\"@id\":\"https:\/\/mauweb.tamnguyen.vn\/bds34\/bds\/homestay-dep-ma-gia-thi-qua-ngon-tai-phong-nha\/\",\"url\":\"https:\/\/mauweb.tamnguyen.vn\/bds34\/bds\/homestay-dep-ma-gia-thi-qua-ngon-tai-phong-nha\/\",\"name\":\"C\\u1ea7n b\\u00e1n homestay \\u0111\\u1eb9p m\\u00e0 gi\\u00e1 th\\u00ec qu\\u00e1 ngon t\\u1ea1i Phong Nha\"}}]}]}<\/script>\n<!-- \/ Yoast SEO plugin. -->","pll_sync_post":[],"_links":{"self":[{"href":"https:\/\/mauweb.tamnguyen.vn\/bds34\/wp-json\/wp\/v2\/product\/1583"}],"collection":[{"href":"https:\/\/mauweb.tamnguyen.vn\/bds34\/wp-json\/wp\/v2\/product"}],"about":[{"href":"https:\/\/mauweb.tamnguyen.vn\/bds34\/wp-json\/wp\/v2\/types\/product"}],"wp:featuredmedia":[{"embeddable":true,"href":"https:\/\/mauweb.tamnguyen.vn\/bds34\/wp-json\/wp\/v2\/media\/1609"}],"wp:attachment":[{"href":"https:\/\/mauweb.tamnguyen.vn\/bds34\/wp-json\/wp\/v2\/media?parent=1583"}],"curies":[{"name":"wp","href":"https:\/\/api.w.org\/{rel}","templated":true}]}}