{"id":1416,"date":"2020-12-08T00:41:54","date_gmt":"2020-12-07T17:41:54","guid":{"rendered":"http:\/\/bds32.maugiaodien.com\/?post_type=product&#038;p=1416"},"modified":"2020-12-08T19:07:59","modified_gmt":"2020-12-08T12:07:59","slug":"can-ban-homestay-dong-que-cuc-chat","status":"publish","type":"product","link":"https:\/\/mauweb.tamnguyen.vn\/bds34\/bds\/can-ban-homestay-dong-que-cuc-chat\/","title":{"rendered":"C\u1ea7n b\u00e1n homestay \u0111\u1ed3ng qu\u00ea c\u1ef1c ch\u1ea5t t\u1ea1i Phong Nha"},"content":{"rendered":"<p>Chuy\u1ec3n h\u01b0\u1edbng l\u00e0m \u0103n, Ch\u00ednh ch\u1ee7 c\u1ea7n sang nhanh t\u1ed5 h\u1ee3p du l\u1ecbch &amp; homestay \u0111\u1ed3ng qu\u00ea c\u1ef1c ch\u1ea5t t\u1ea1i Phong Nha.<\/p>\n<p>Homestay c\u1ee7a em t\u1ecda l\u1ea1c c\u00e1ch TTDL Phong Nha 4 km d\u1ecdc theo d\u00f2ng S\u00f4ng Son th\u01a1 m\u1ed9ng, \u0111\u01b0\u1ee3c bao b\u1ecdc b\u1edfi c\u00e1nh \u0111\u1ed3ng l\u00faa &amp; c\u00e1c lo\u1ea1i c\u00e2y hoa m\u00e0u xanh t\u1ed1t, m\u00e1t m\u1ebd quanh n\u0103m. V\u00e0 b\u00ean c\u1ea1nh l\u00e0 c\u00f4ng vi\u00ean Bamboo Park 15ha \u0111ang \u0111\u01b0\u1ee3c tri\u1ec3n khai.<\/p>\n<p>Homestay \u0111\u01b0\u1ee3c thi\u1ebft k\u1ebf h\u00e0i h\u00f2a v\u1edbi thi\u00ean nhi\u00ean v\u00e0 c\u1ea3nh s\u1eafc \u0111\u1ed3ng qu\u00ea, th\u1ef1c s\u1ef1 l\u00e0 m\u1ed9t ch\u1ed1n l\u00fd t\u01b0\u1edfng cho du kh\u00e1ch g\u1ea7n xa, trong n\u01b0\u1edbc &amp; qu\u1ed1c t\u1ebf.<\/p>\n<p>C\u01a1 s\u1edf v\u1eadt ch\u1ea5t \u0111\u1ea7y \u0111\u1ee7 v\u00e0 ti\u1ec7n nghi, t\u1ea5t c\u1ea3 \u0111\u1ec1u c\u00f3 view ru\u1ed9ng &#8211; v\u01b0\u1eddn; khu v\u1ef1c qu\u1ea7y bar &amp; caf\u00e9 trong nh\u00e0 &#8211; ngo\u00e0i tr\u1eddi \u0111\u1ea7y \u0111\u1ee7; b\u1ebfp m\u1edf \u0111\u1ec3 ph\u1ee5c v\u1ee5 kh\u00e1ch hay kh\u00e1ch t\u1ef1 ph\u1ee5c v\u1ee5; Ngo\u00e0i ra c\u00f2n c\u00f3 h\u1ec7 th\u1ed1ng c\u00e1c chi\u1ebfu ngh\u1ec9, c\u1ea3nh quan, \u0111i\u1ec3m th\u01b0 gi\u00e3n \u0111\u1ed3ng qu\u00ea v\u00f4 c\u00f9ng th\u00fa v\u1ecb\u2026\u0110\u1ec3 du kh\u00e1ch c\u00f3 th\u1ec3 t\u1eadn h\u01b0\u1edfng k\u1ef3 ngh\u1ec9 &amp; check in s\u1ed1ng \u1ea3o m\u1ed7i khi t\u1edbi \u0111\u00e2y.<\/p>\n<p>Chuy\u1ec3n h\u01b0\u1edbng kinh doanh v\u00e0 \u0111\u1ec3 Homestay ng\u00e0y c\u00e0ng ph\u00e1t tri\u1ec3n h\u01a1n n\u1eefa, x\u1ee9ng \u0111\u00e1ng v\u1edbi s\u1ef1 k\u1ef3 v\u1ecdng v\u00e0 mong mu\u1ed1n.<\/p>\n<p>Nay, em xin nh\u01b0\u1ee3ng l\u1ea1i cho anh ch\u1ecb c\u00f3 \u0111i\u1ec1u ki\u1ec7n kinh t\u1ebf t\u1ed1t h\u01a1n, t\u00e2m huy\u1ebft v\u1edbi Du l\u1ecbch sinh th\u00e1i \u0111\u1ed3ng qu\u00ea, mong mu\u1ed1n v\u1eeba kinh doanh v\u1eeba t\u1eadn h\u01b0\u1edfng cu\u1ed9c s\u1ed1ng trong l\u00e0nh\u2026<\/p>\n<p>Gi\u00e1 sang nhanh: 2,2 t\u1ec9<\/p>\n<p>Li\u00ean h\u1ec7 ngay: #Phong_Nha_LAND &#8211;\u00a0 Hotline &amp; Zalo (24\/7): 0986 237 xxx<\/p>\n","protected":false},"excerpt":{"rendered":"<p>Chuy\u1ec3n h\u01b0\u1edbng l\u00e0m \u0103n, Ch\u00ednh ch\u1ee7 c\u1ea7n sang nhanh t\u1ed5 h\u1ee3p du l\u1ecbch &amp; homestay \u0111\u1ed3ng qu\u00ea c\u1ef1c ch\u1ea5t t\u1ea1i Phong Nha. Homestay c\u1ee7a em t\u1ecda l\u1ea1c c\u00e1ch TTDL Phong Nha 4 km d\u1ecdc theo d\u00f2ng S\u00f4ng Son th\u01a1 m\u1ed9ng, \u0111\u01b0\u1ee3c bao b\u1ecdc b\u1edfi c\u00e1nh \u0111\u1ed3ng l\u00faa &amp; c\u00e1c lo\u1ea1i c\u00e2y hoa m\u00e0u xanh t\u1ed1t,..<\/p>\n","protected":false},"featured_media":1653,"template":"","meta":[],"class_list":["post-1416","product","type-product","status-publish","has-post-thumbnail","hentry","product_cat-bat-dong-san-can-ban","product_cat-hotel-homestay"],"lang":"vi","translations":{"vi":1416},"yoast_head":"<!-- This site is optimized with the Yoast SEO plugin v15.5 - https:\/\/yoast.com\/wordpress\/plugins\/seo\/ -->\n<title>C\u1ea7n b\u00e1n homestay \u0111\u1ed3ng qu\u00ea c\u1ef1c ch\u1ea5t t\u1ea1i Phong Nha - Phong Nha Land<\/title>\n<meta name=\"description\" content=\"Chuy\u1ec3n h\u01b0\u1edbng l\u00e0m \u0103n, Ch\u00ednh ch\u1ee7 c\u1ea7n sang nhanh t\u1ed5 h\u1ee3p du l\u1ecbch &amp; homestay \u0111\u1ed3ng qu\u00ea c\u1ef1c ch\u1ea5t t\u1ea1i Phong Nha. Gi\u00e1 qu\u00e1 h\u1ea5p d\u1eabn\" \/>\n<meta name=\"robots\" content=\"noindex, follow, max-snippet:-1, max-image-preview:large, max-video-preview:-1\" \/>\n<meta property=\"og:locale\" content=\"vi_VN\" \/>\n<meta property=\"og:type\" content=\"article\" \/>\n<meta property=\"og:title\" content=\"C\u1ea7n b\u00e1n homestay \u0111\u1ed3ng qu\u00ea c\u1ef1c ch\u1ea5t t\u1ea1i Phong Nha - Phong Nha Land\" \/>\n<meta property=\"og:description\" content=\"Chuy\u1ec3n h\u01b0\u1edbng l\u00e0m \u0103n, Ch\u00ednh ch\u1ee7 c\u1ea7n sang nhanh t\u1ed5 h\u1ee3p du l\u1ecbch &amp; homestay \u0111\u1ed3ng qu\u00ea c\u1ef1c ch\u1ea5t t\u1ea1i Phong Nha. Gi\u00e1 qu\u00e1 h\u1ea5p d\u1eabn\" \/>\n<meta property=\"og:url\" content=\"https:\/\/mauweb.tamnguyen.vn\/bds34\/bds\/can-ban-homestay-dong-que-cuc-chat\/\" \/>\n<meta property=\"og:site_name\" content=\"B\u1ea5t \u0110\u1ed9ng S\u1ea3n Phong Nha\" \/>\n<meta property=\"article:modified_time\" content=\"2020-12-08T12:07:59+00:00\" \/>\n<meta property=\"og:image\" content=\"https:\/\/mauweb.tamnguyen.vn\/bds34\/wp-content\/uploads\/2020\/10\/homestay-dong-que-phong-nha.jpg\" \/>\n\t<meta property=\"og:image:width\" content=\"960\" \/>\n\t<meta property=\"og:image:height\" content=\"639\" \/>\n<meta name=\"twitter:card\" content=\"summary_large_image\" \/>\n<meta name=\"twitter:label1\" content=\"Est. reading time\">\n\t<meta name=\"twitter:data1\" content=\"1 ph\u00fat\">\n<script type=\"application\/ld+json\" class=\"yoast-schema-graph\">{\"@context\":\"https:\/\/schema.org\",\"@graph\":[{\"@type\":\"Organization\",\"@id\":\"https:\/\/bds32.maugiaodien.com\/#organization\",\"name\":\"Phong Nha Land\",\"url\":\"https:\/\/bds32.maugiaodien.com\/\",\"sameAs\":[],\"logo\":{\"@type\":\"ImageObject\",\"@id\":\"https:\/\/bds32.maugiaodien.com\/#logo\",\"inLanguage\":\"vi\",\"url\":\"https:\/\/mauweb.tamnguyen.vn\/bds34\/wp-content\/uploads\/2020\/09\/logo-bdsphongnha.png\",\"width\":300,\"height\":75,\"caption\":\"Phong Nha Land\"},\"image\":{\"@id\":\"https:\/\/bds32.maugiaodien.com\/#logo\"}},{\"@type\":\"WebSite\",\"@id\":\"https:\/\/bds32.maugiaodien.com\/#website\",\"url\":\"https:\/\/bds32.maugiaodien.com\/\",\"name\":\"B\\u1ea5t \\u0110\\u1ed9ng S\\u1ea3n Phong Nha\",\"description\":\"\",\"publisher\":{\"@id\":\"https:\/\/bds32.maugiaodien.com\/#organization\"},\"potentialAction\":[{\"@type\":\"SearchAction\",\"target\":\"https:\/\/bds32.maugiaodien.com\/?s={search_term_string}\",\"query-input\":\"required name=search_term_string\"}],\"inLanguage\":\"vi\"},{\"@type\":\"ImageObject\",\"@id\":\"https:\/\/mauweb.tamnguyen.vn\/bds34\/bds\/can-ban-homestay-dong-que-cuc-chat\/#primaryimage\",\"inLanguage\":\"vi\",\"url\":\"https:\/\/mauweb.tamnguyen.vn\/bds34\/wp-content\/uploads\/2020\/10\/homestay-dong-que-phong-nha.jpg\",\"width\":960,\"height\":639,\"caption\":\"Homestay Dong Que Phong Nha\"},{\"@type\":\"WebPage\",\"@id\":\"https:\/\/mauweb.tamnguyen.vn\/bds34\/bds\/can-ban-homestay-dong-que-cuc-chat\/#webpage\",\"url\":\"https:\/\/mauweb.tamnguyen.vn\/bds34\/bds\/can-ban-homestay-dong-que-cuc-chat\/\",\"name\":\"C\\u1ea7n b\\u00e1n homestay \\u0111\\u1ed3ng qu\\u00ea c\\u1ef1c ch\\u1ea5t t\\u1ea1i Phong Nha - Phong Nha Land\",\"isPartOf\":{\"@id\":\"https:\/\/bds32.maugiaodien.com\/#website\"},\"primaryImageOfPage\":{\"@id\":\"https:\/\/mauweb.tamnguyen.vn\/bds34\/bds\/can-ban-homestay-dong-que-cuc-chat\/#primaryimage\"},\"datePublished\":\"2020-12-07T17:41:54+00:00\",\"dateModified\":\"2020-12-08T12:07:59+00:00\",\"description\":\"Chuy\\u1ec3n h\\u01b0\\u1edbng l\\u00e0m \\u0103n, Ch\\u00ednh ch\\u1ee7 c\\u1ea7n sang nhanh t\\u1ed5 h\\u1ee3p du l\\u1ecbch & homestay \\u0111\\u1ed3ng qu\\u00ea c\\u1ef1c ch\\u1ea5t t\\u1ea1i Phong Nha. Gi\\u00e1 qu\\u00e1 h\\u1ea5p d\\u1eabn\",\"breadcrumb\":{\"@id\":\"https:\/\/mauweb.tamnguyen.vn\/bds34\/bds\/can-ban-homestay-dong-que-cuc-chat\/#breadcrumb\"},\"inLanguage\":\"vi\",\"potentialAction\":[{\"@type\":\"ReadAction\",\"target\":[\"https:\/\/mauweb.tamnguyen.vn\/bds34\/bds\/can-ban-homestay-dong-que-cuc-chat\/\"]}]},{\"@type\":\"BreadcrumbList\",\"@id\":\"https:\/\/mauweb.tamnguyen.vn\/bds34\/bds\/can-ban-homestay-dong-que-cuc-chat\/#breadcrumb\",\"itemListElement\":[{\"@type\":\"ListItem\",\"position\":1,\"item\":{\"@type\":\"WebPage\",\"@id\":\"https:\/\/bds32.maugiaodien.com\/\",\"url\":\"https:\/\/bds32.maugiaodien.com\/\",\"name\":\"Trang ch\\u1ee7\"}},{\"@type\":\"ListItem\",\"position\":2,\"item\":{\"@type\":\"WebPage\",\"@id\":\"https:\/\/mauweb.tamnguyen.vn\/bds34\/bat-dong-san\/\",\"url\":\"https:\/\/mauweb.tamnguyen.vn\/bds34\/bat-dong-san\/\",\"name\":\"T\\u1ea5t c\\u1ea3 B\\u1ea5t \\u0110\\u1ed9ng S\\u1ea3n\"}},{\"@type\":\"ListItem\",\"position\":3,\"item\":{\"@type\":\"WebPage\",\"@id\":\"https:\/\/mauweb.tamnguyen.vn\/bds34\/bds\/can-ban-homestay-dong-que-cuc-chat\/\",\"url\":\"https:\/\/mauweb.tamnguyen.vn\/bds34\/bds\/can-ban-homestay-dong-que-cuc-chat\/\",\"name\":\"C\\u1ea7n b\\u00e1n homestay \\u0111\\u1ed3ng qu\\u00ea c\\u1ef1c ch\\u1ea5t t\\u1ea1i Phong Nha\"}}]}]}<\/script>\n<!-- \/ Yoast SEO plugin. -->","pll_sync_post":[],"_links":{"self":[{"href":"https:\/\/mauweb.tamnguyen.vn\/bds34\/wp-json\/wp\/v2\/product\/1416"}],"collection":[{"href":"https:\/\/mauweb.tamnguyen.vn\/bds34\/wp-json\/wp\/v2\/product"}],"about":[{"href":"https:\/\/mauweb.tamnguyen.vn\/bds34\/wp-json\/wp\/v2\/types\/product"}],"wp:featuredmedia":[{"embeddable":true,"href":"https:\/\/mauweb.tamnguyen.vn\/bds34\/wp-json\/wp\/v2\/media\/1653"}],"wp:attachment":[{"href":"https:\/\/mauweb.tamnguyen.vn\/bds34\/wp-json\/wp\/v2\/media?parent=1416"}],"curies":[{"name":"wp","href":"https:\/\/api.w.org\/{rel}","templated":true}]}}