{"id":1411,"date":"2020-12-06T00:37:42","date_gmt":"2020-12-05T17:37:42","guid":{"rendered":"http:\/\/bds32.maugiaodien.com\/?post_type=product&#038;p=1411"},"modified":"2020-12-08T19:08:29","modified_gmt":"2020-12-08T12:08:29","slug":"can-ban-dat-tho-cu-gia-re-de-an-cu-dau-tu-dai-lau-tai-phong-nha","status":"publish","type":"product","link":"https:\/\/mauweb.tamnguyen.vn\/bds34\/bds\/can-ban-dat-tho-cu-gia-re-de-an-cu-dau-tu-dai-lau-tai-phong-nha\/","title":{"rendered":"C\u1ea7n b\u00e1n \u0111\u1ea5t th\u1ed5 c\u01b0 gi\u00e1 r\u1ebb \u0111\u1ec3 an c\u01b0 &#038; \u0111\u1ea7u t\u01b0 d\u00e0i l\u00e2u t\u1ea1i Phong Nha"},"content":{"rendered":"<p>L\u00f4 \u0111\u1ea5t t\u1ecda l\u1ea1c t\u1ea1i con \u0111\u01b0\u1eddng vanh \u0111ai sinh th\u00e1i Phong Nha, full \u0111\u1ea5t \u1edf, hi\u1ec7n tr\u1ea1ng m\u1eb7t \u0111\u01b0\u1eddng l\u00e0 6m, nh\u01b0ng trong quy ho\u1ea1ch l\u00e0 20m. V\u00e0 v\u1ecb tr\u00ed c\u1ee7a l\u00f4 \u0111\u1ea5t c\u00f3 l\u01b0ng t\u1ef1a n\u00fai, b\u00ean c\u1ea1nh l\u00e0 d\u00f2ng su\u1ed1i sau nh\u00e0&#8230;n\u00ean kh\u00f4ng khi s\u1ebd r\u1ea5t trong l\u00e0nh.<\/p>\n<p>M\u1ed9t s\u1ea3n ph\u1ea7m \u0111\u00e1ng \u0111\u1ec3 \u0111\u1ea7u t\u01b0 &amp; an c\u01b0 t\u1ea1i Phong Nha.<\/p>\n<p>p\/s: C\u00f3 2 l\u00f4 li\u1ec1n k\u1ec1 n\u00ean Phong Nha LAND s\u1ebd \u01b0u ti\u00ean cho anh ch\u1ecb mua \u0111\u01b0\u1ee3c c\u1ea3 2 l\u00f4 ch\u1ec9 v\u1edbi gi\u00e1 650tr\/l\u00f4.<\/p>\n<p>Li\u00ean h\u1ec7 ngay: #Phong_Nha_LAND &#8211; Hotline &amp; Zalo (24\/7): 0986 237 xxx<\/p>\n","protected":false},"excerpt":{"rendered":"<p>L\u00f4 \u0111\u1ea5t t\u1ecda l\u1ea1c t\u1ea1i con \u0111\u01b0\u1eddng vanh \u0111ai sinh th\u00e1i Phong Nha, full \u0111\u1ea5t \u1edf, hi\u1ec7n tr\u1ea1ng m\u1eb7t \u0111\u01b0\u1eddng l\u00e0 6m, nh\u01b0ng trong quy ho\u1ea1ch l\u00e0 20m. V\u00e0 v\u1ecb tr\u00ed c\u1ee7a l\u00f4 \u0111\u1ea5t c\u00f3 l\u01b0ng t\u1ef1a n\u00fai, b\u00ean c\u1ea1nh l\u00e0 d\u00f2ng su\u1ed1i sau nh\u00e0&#8230;n\u00ean kh\u00f4ng khi s\u1ebd r\u1ea5t trong l\u00e0nh. M\u1ed9t s\u1ea3n ph\u1ea7m \u0111\u00e1ng..<\/p>\n","protected":false},"featured_media":1662,"template":"","meta":[],"class_list":["post-1411","product","type-product","status-publish","has-post-thumbnail","hentry","product_cat-bat-dong-san-can-ban","product_cat-dat-tho-cu"],"lang":"vi","translations":{"vi":1411},"yoast_head":"<!-- This site is optimized with the Yoast SEO plugin v15.5 - https:\/\/yoast.com\/wordpress\/plugins\/seo\/ -->\n<title>C\u1ea7n b\u00e1n \u0111\u1ea5t th\u1ed5 c\u01b0 gi\u00e1 r\u1ebb \u0111\u1ec3 an c\u01b0 &amp; \u0111\u1ea7u t\u01b0 d\u00e0i l\u00e2u t\u1ea1i Phong Nha - Phong Nha Land<\/title>\n<meta name=\"description\" content=\"L\u00f4 \u0111\u1ea5t t\u1ecda l\u1ea1c t\u1ea1i con \u0111\u01b0\u1eddng vanh \u0111ai sinh th\u00e1i Phong Nha nh\u01b0ng gi\u00e1 c\u1ef1c m\u1ec1m cho vi\u1ec7c an c\u01b0 d\u00e0i l\u00e2u, v\u00e0 c\u00f3 th\u1ec3 \u0111\u1ea7u t\u01b0 l\u00e0m homestay sau n\u00e0y.\" \/>\n<meta name=\"robots\" content=\"noindex, follow, max-snippet:-1, max-image-preview:large, max-video-preview:-1\" \/>\n<meta property=\"og:locale\" content=\"vi_VN\" \/>\n<meta property=\"og:type\" content=\"article\" \/>\n<meta property=\"og:title\" content=\"C\u1ea7n b\u00e1n \u0111\u1ea5t th\u1ed5 c\u01b0 gi\u00e1 r\u1ebb \u0111\u1ec3 an c\u01b0 &amp; \u0111\u1ea7u t\u01b0 d\u00e0i l\u00e2u t\u1ea1i Phong Nha - Phong Nha Land\" \/>\n<meta property=\"og:description\" content=\"L\u00f4 \u0111\u1ea5t t\u1ecda l\u1ea1c t\u1ea1i con \u0111\u01b0\u1eddng vanh \u0111ai sinh th\u00e1i Phong Nha nh\u01b0ng gi\u00e1 c\u1ef1c m\u1ec1m cho vi\u1ec7c an c\u01b0 d\u00e0i l\u00e2u, v\u00e0 c\u00f3 th\u1ec3 \u0111\u1ea7u t\u01b0 l\u00e0m homestay sau n\u00e0y.\" \/>\n<meta property=\"og:url\" content=\"https:\/\/mauweb.tamnguyen.vn\/bds34\/bds\/can-ban-dat-tho-cu-gia-re-de-an-cu-dau-tu-dai-lau-tai-phong-nha\/\" \/>\n<meta property=\"og:site_name\" content=\"B\u1ea5t \u0110\u1ed9ng S\u1ea3n Phong Nha\" \/>\n<meta property=\"article:modified_time\" content=\"2020-12-08T12:08:29+00:00\" \/>\n<meta property=\"og:image\" content=\"https:\/\/mauweb.tamnguyen.vn\/bds34\/wp-content\/uploads\/2020\/10\/dat-tho-cu-phong-nha.jpg\" \/>\n\t<meta property=\"og:image:width\" content=\"960\" \/>\n\t<meta property=\"og:image:height\" content=\"540\" \/>\n<meta name=\"twitter:card\" content=\"summary_large_image\" \/>\n<meta name=\"twitter:label1\" content=\"Est. reading time\">\n\t<meta name=\"twitter:data1\" content=\"1 ph\u00fat\">\n<script type=\"application\/ld+json\" class=\"yoast-schema-graph\">{\"@context\":\"https:\/\/schema.org\",\"@graph\":[{\"@type\":\"Organization\",\"@id\":\"https:\/\/bds32.maugiaodien.com\/#organization\",\"name\":\"Phong Nha Land\",\"url\":\"https:\/\/bds32.maugiaodien.com\/\",\"sameAs\":[],\"logo\":{\"@type\":\"ImageObject\",\"@id\":\"https:\/\/bds32.maugiaodien.com\/#logo\",\"inLanguage\":\"vi\",\"url\":\"https:\/\/mauweb.tamnguyen.vn\/bds34\/wp-content\/uploads\/2020\/09\/logo-bdsphongnha.png\",\"width\":300,\"height\":75,\"caption\":\"Phong Nha Land\"},\"image\":{\"@id\":\"https:\/\/bds32.maugiaodien.com\/#logo\"}},{\"@type\":\"WebSite\",\"@id\":\"https:\/\/bds32.maugiaodien.com\/#website\",\"url\":\"https:\/\/bds32.maugiaodien.com\/\",\"name\":\"B\\u1ea5t \\u0110\\u1ed9ng S\\u1ea3n Phong Nha\",\"description\":\"\",\"publisher\":{\"@id\":\"https:\/\/bds32.maugiaodien.com\/#organization\"},\"potentialAction\":[{\"@type\":\"SearchAction\",\"target\":\"https:\/\/bds32.maugiaodien.com\/?s={search_term_string}\",\"query-input\":\"required name=search_term_string\"}],\"inLanguage\":\"vi\"},{\"@type\":\"ImageObject\",\"@id\":\"https:\/\/mauweb.tamnguyen.vn\/bds34\/bds\/can-ban-dat-tho-cu-gia-re-de-an-cu-dau-tu-dai-lau-tai-phong-nha\/#primaryimage\",\"inLanguage\":\"vi\",\"url\":\"https:\/\/mauweb.tamnguyen.vn\/bds34\/wp-content\/uploads\/2020\/10\/dat-tho-cu-phong-nha.jpg\",\"width\":960,\"height\":540,\"caption\":\"Dat Tho Cu Phong Nha\"},{\"@type\":\"WebPage\",\"@id\":\"https:\/\/mauweb.tamnguyen.vn\/bds34\/bds\/can-ban-dat-tho-cu-gia-re-de-an-cu-dau-tu-dai-lau-tai-phong-nha\/#webpage\",\"url\":\"https:\/\/mauweb.tamnguyen.vn\/bds34\/bds\/can-ban-dat-tho-cu-gia-re-de-an-cu-dau-tu-dai-lau-tai-phong-nha\/\",\"name\":\"C\\u1ea7n b\\u00e1n \\u0111\\u1ea5t th\\u1ed5 c\\u01b0 gi\\u00e1 r\\u1ebb \\u0111\\u1ec3 an c\\u01b0 & \\u0111\\u1ea7u t\\u01b0 d\\u00e0i l\\u00e2u t\\u1ea1i Phong Nha - Phong Nha Land\",\"isPartOf\":{\"@id\":\"https:\/\/bds32.maugiaodien.com\/#website\"},\"primaryImageOfPage\":{\"@id\":\"https:\/\/mauweb.tamnguyen.vn\/bds34\/bds\/can-ban-dat-tho-cu-gia-re-de-an-cu-dau-tu-dai-lau-tai-phong-nha\/#primaryimage\"},\"datePublished\":\"2020-12-05T17:37:42+00:00\",\"dateModified\":\"2020-12-08T12:08:29+00:00\",\"description\":\"L\\u00f4 \\u0111\\u1ea5t t\\u1ecda l\\u1ea1c t\\u1ea1i con \\u0111\\u01b0\\u1eddng vanh \\u0111ai sinh th\\u00e1i Phong Nha nh\\u01b0ng gi\\u00e1 c\\u1ef1c m\\u1ec1m cho vi\\u1ec7c an c\\u01b0 d\\u00e0i l\\u00e2u, v\\u00e0 c\\u00f3 th\\u1ec3 \\u0111\\u1ea7u t\\u01b0 l\\u00e0m homestay sau n\\u00e0y.\",\"breadcrumb\":{\"@id\":\"https:\/\/mauweb.tamnguyen.vn\/bds34\/bds\/can-ban-dat-tho-cu-gia-re-de-an-cu-dau-tu-dai-lau-tai-phong-nha\/#breadcrumb\"},\"inLanguage\":\"vi\",\"potentialAction\":[{\"@type\":\"ReadAction\",\"target\":[\"https:\/\/mauweb.tamnguyen.vn\/bds34\/bds\/can-ban-dat-tho-cu-gia-re-de-an-cu-dau-tu-dai-lau-tai-phong-nha\/\"]}]},{\"@type\":\"BreadcrumbList\",\"@id\":\"https:\/\/mauweb.tamnguyen.vn\/bds34\/bds\/can-ban-dat-tho-cu-gia-re-de-an-cu-dau-tu-dai-lau-tai-phong-nha\/#breadcrumb\",\"itemListElement\":[{\"@type\":\"ListItem\",\"position\":1,\"item\":{\"@type\":\"WebPage\",\"@id\":\"https:\/\/bds32.maugiaodien.com\/\",\"url\":\"https:\/\/bds32.maugiaodien.com\/\",\"name\":\"Trang ch\\u1ee7\"}},{\"@type\":\"ListItem\",\"position\":2,\"item\":{\"@type\":\"WebPage\",\"@id\":\"https:\/\/mauweb.tamnguyen.vn\/bds34\/bat-dong-san\/\",\"url\":\"https:\/\/mauweb.tamnguyen.vn\/bds34\/bat-dong-san\/\",\"name\":\"T\\u1ea5t c\\u1ea3 B\\u1ea5t \\u0110\\u1ed9ng S\\u1ea3n\"}},{\"@type\":\"ListItem\",\"position\":3,\"item\":{\"@type\":\"WebPage\",\"@id\":\"https:\/\/mauweb.tamnguyen.vn\/bds34\/bds\/can-ban-dat-tho-cu-gia-re-de-an-cu-dau-tu-dai-lau-tai-phong-nha\/\",\"url\":\"https:\/\/mauweb.tamnguyen.vn\/bds34\/bds\/can-ban-dat-tho-cu-gia-re-de-an-cu-dau-tu-dai-lau-tai-phong-nha\/\",\"name\":\"C\\u1ea7n b\\u00e1n \\u0111\\u1ea5t th\\u1ed5 c\\u01b0 gi\\u00e1 r\\u1ebb \\u0111\\u1ec3 an c\\u01b0 &#038; \\u0111\\u1ea7u t\\u01b0 d\\u00e0i l\\u00e2u t\\u1ea1i Phong Nha\"}}]}]}<\/script>\n<!-- \/ Yoast SEO plugin. -->","pll_sync_post":[],"_links":{"self":[{"href":"https:\/\/mauweb.tamnguyen.vn\/bds34\/wp-json\/wp\/v2\/product\/1411"}],"collection":[{"href":"https:\/\/mauweb.tamnguyen.vn\/bds34\/wp-json\/wp\/v2\/product"}],"about":[{"href":"https:\/\/mauweb.tamnguyen.vn\/bds34\/wp-json\/wp\/v2\/types\/product"}],"wp:featuredmedia":[{"embeddable":true,"href":"https:\/\/mauweb.tamnguyen.vn\/bds34\/wp-json\/wp\/v2\/media\/1662"}],"wp:attachment":[{"href":"https:\/\/mauweb.tamnguyen.vn\/bds34\/wp-json\/wp\/v2\/media?parent=1411"}],"curies":[{"name":"wp","href":"https:\/\/api.w.org\/{rel}","templated":true}]}}