{"id":1404,"date":"2020-12-08T00:30:40","date_gmt":"2020-12-07T17:30:40","guid":{"rendered":"http:\/\/bds32.maugiaodien.com\/?post_type=product&#038;p=1404"},"modified":"2020-12-08T19:08:23","modified_gmt":"2020-12-08T12:08:23","slug":"can-ban-lo-dat-qua-dep-lung-tua-nui-de-lam-farm-tai-phong-nha","status":"publish","type":"product","link":"https:\/\/mauweb.tamnguyen.vn\/bds34\/bds\/can-ban-lo-dat-qua-dep-lung-tua-nui-de-lam-farm-tai-phong-nha\/","title":{"rendered":"C\u1ea7n b\u00e1n l\u00f4 \u0111\u1ea5t qu\u00e1 \u0111\u1eb9p, l\u01b0ng t\u1ef1a n\u00fai \u0111\u1ec3 l\u00e0m Farm t\u1ea1i Phong Nha"},"content":{"rendered":"<p>L\u00f4 \u0111\u1ea5t\u00a0 \u0111\u1ec3 l\u00e0m Farm qu\u00e1 ngon, v\u1edbi di\u1ec7n t\u00edch g\u1ea7n 1,1ha l\u01b0ng s\u00e1t ch\u00e2n n\u00fai, m\u1eb7t ti\u1ec1n h\u01a1n 60m, l\u1ed9 gi\u1edbi \u0111\u01b0\u1eddng 20m, th\u1ed5 nh\u01b0\u1ee1ng \u0111\u1ea5t ph\u00f9 sa pha c\u00e1t, n\u01b0\u1edbc ng\u1ea7m trong m\u00e1t quanh n\u0103m &amp; kh\u00f4ng b\u1ecb ng\u1eadp l\u1ee5t.<\/p>\n<p>\u0110\u1eb7c bi\u1ec7t: l\u00f4 \u0111\u1ea5t t\u1ecda l\u1ea1c \u1edf khu v\u1ef1c Phong Nha farmstay village. N\u00ean s\u1ebd l\u00e0 m\u1ed9t n\u01a1i th\u1eadt tuy\u1ec7t \u0111\u1ec3 ngh\u1ec9 ng\u01a1i, l\u00e0m v\u01b0\u1eddn, s\u1ed1ng thanh t\u1ecbnh &amp; c\u00f9ng s\u1ebd chia v\u1edbi nh\u1eefng du kh\u00e1ch c\u00f9ng s\u1edf th\u00edch.<\/p>\n<p>Li\u00ean h\u1ec7 nhanh #Phong_Nha_LAND &#8211; Hotline &amp; Zalo (24\/7): 0986 237 xxx<\/p>\n","protected":false},"excerpt":{"rendered":"<p>L\u00f4 \u0111\u1ea5t\u00a0 \u0111\u1ec3 l\u00e0m Farm qu\u00e1 ngon, v\u1edbi di\u1ec7n t\u00edch g\u1ea7n 1,1ha l\u01b0ng s\u00e1t ch\u00e2n n\u00fai, m\u1eb7t ti\u1ec1n h\u01a1n 60m, l\u1ed9 gi\u1edbi \u0111\u01b0\u1eddng 20m, th\u1ed5 nh\u01b0\u1ee1ng \u0111\u1ea5t ph\u00f9 sa pha c\u00e1t, n\u01b0\u1edbc ng\u1ea7m trong m\u00e1t quanh n\u0103m &amp; kh\u00f4ng b\u1ecb ng\u1eadp l\u1ee5t. \u0110\u1eb7c bi\u1ec7t: l\u00f4 \u0111\u1ea5t t\u1ecda l\u1ea1c \u1edf khu v\u1ef1c Phong Nha farmstay village&#8230;<\/p>\n","protected":false},"featured_media":1669,"template":"","meta":[],"class_list":["post-1404","product","type-product","status-publish","has-post-thumbnail","hentry","product_cat-bat-dong-san-can-ban","product_cat-bat-dong-san-du-an","product_cat-dat-trang-trai-dat-rung","product_cat-khu-du-lich-nghi-duong"],"lang":"vi","translations":{"vi":1404},"yoast_head":"<!-- This site is optimized with the Yoast SEO plugin v15.5 - https:\/\/yoast.com\/wordpress\/plugins\/seo\/ -->\n<title>C\u1ea7n b\u00e1n l\u00f4 \u0111\u1ea5t qu\u00e1 \u0111\u1eb9p, l\u01b0ng t\u1ef1a n\u00fai \u0111\u1ec3 l\u00e0m Farm t\u1ea1i Phong Nha - Phong Nha Land<\/title>\n<meta name=\"description\" content=\"L\u00f4 \u0111\u1ea5t\u00a0 \u0111\u1ec3 l\u00e0m Farm qu\u00e1 ngon, v\u1edbi di\u1ec7n t\u00edch g\u1ea7n 1,1ha l\u01b0ng s\u00e1t ch\u00e2n n\u00fai, m\u1eb7t ti\u1ec1n h\u01a1n 60m, l\u1ed9 gi\u1edbi \u0111\u01b0\u1eddng 20m, th\u1ed5 nh\u01b0\u1ee1ng \u0111\u1ea5t ph\u00f9 sa pha c\u00e1t, n\u01b0\u1edbc ng\u1ea7m trong m\u00e1t quanh n\u0103m &amp; kh\u00f4ng b\u1ecb ng\u1eadp l\u1ee5t.\" \/>\n<meta name=\"robots\" content=\"noindex, follow, max-snippet:-1, max-image-preview:large, max-video-preview:-1\" \/>\n<meta property=\"og:locale\" content=\"vi_VN\" \/>\n<meta property=\"og:type\" content=\"article\" \/>\n<meta property=\"og:title\" content=\"C\u1ea7n b\u00e1n l\u00f4 \u0111\u1ea5t qu\u00e1 \u0111\u1eb9p, l\u01b0ng t\u1ef1a n\u00fai \u0111\u1ec3 l\u00e0m Farm t\u1ea1i Phong Nha - Phong Nha Land\" \/>\n<meta property=\"og:description\" content=\"L\u00f4 \u0111\u1ea5t\u00a0 \u0111\u1ec3 l\u00e0m Farm qu\u00e1 ngon, v\u1edbi di\u1ec7n t\u00edch g\u1ea7n 1,1ha l\u01b0ng s\u00e1t ch\u00e2n n\u00fai, m\u1eb7t ti\u1ec1n h\u01a1n 60m, l\u1ed9 gi\u1edbi \u0111\u01b0\u1eddng 20m, th\u1ed5 nh\u01b0\u1ee1ng \u0111\u1ea5t ph\u00f9 sa pha c\u00e1t, n\u01b0\u1edbc ng\u1ea7m trong m\u00e1t quanh n\u0103m &amp; kh\u00f4ng b\u1ecb ng\u1eadp l\u1ee5t.\" \/>\n<meta property=\"og:url\" content=\"https:\/\/mauweb.tamnguyen.vn\/bds34\/bds\/can-ban-lo-dat-qua-dep-lung-tua-nui-de-lam-farm-tai-phong-nha\/\" \/>\n<meta property=\"og:site_name\" content=\"B\u1ea5t \u0110\u1ed9ng S\u1ea3n Phong Nha\" \/>\n<meta property=\"article:modified_time\" content=\"2020-12-08T12:08:23+00:00\" \/>\n<meta property=\"og:image\" content=\"https:\/\/mauweb.tamnguyen.vn\/bds34\/wp-content\/uploads\/2020\/10\/Dat-lam-farm-phong-nha.jpg\" \/>\n\t<meta property=\"og:image:width\" content=\"960\" \/>\n\t<meta property=\"og:image:height\" content=\"540\" \/>\n<meta name=\"twitter:card\" content=\"summary_large_image\" \/>\n<meta name=\"twitter:label1\" content=\"Est. reading time\">\n\t<meta name=\"twitter:data1\" content=\"1 ph\u00fat\">\n<script type=\"application\/ld+json\" class=\"yoast-schema-graph\">{\"@context\":\"https:\/\/schema.org\",\"@graph\":[{\"@type\":\"Organization\",\"@id\":\"https:\/\/bds32.maugiaodien.com\/#organization\",\"name\":\"Phong Nha Land\",\"url\":\"https:\/\/bds32.maugiaodien.com\/\",\"sameAs\":[],\"logo\":{\"@type\":\"ImageObject\",\"@id\":\"https:\/\/bds32.maugiaodien.com\/#logo\",\"inLanguage\":\"vi\",\"url\":\"https:\/\/mauweb.tamnguyen.vn\/bds34\/wp-content\/uploads\/2020\/09\/logo-bdsphongnha.png\",\"width\":300,\"height\":75,\"caption\":\"Phong Nha Land\"},\"image\":{\"@id\":\"https:\/\/bds32.maugiaodien.com\/#logo\"}},{\"@type\":\"WebSite\",\"@id\":\"https:\/\/bds32.maugiaodien.com\/#website\",\"url\":\"https:\/\/bds32.maugiaodien.com\/\",\"name\":\"B\\u1ea5t \\u0110\\u1ed9ng S\\u1ea3n Phong Nha\",\"description\":\"\",\"publisher\":{\"@id\":\"https:\/\/bds32.maugiaodien.com\/#organization\"},\"potentialAction\":[{\"@type\":\"SearchAction\",\"target\":\"https:\/\/bds32.maugiaodien.com\/?s={search_term_string}\",\"query-input\":\"required name=search_term_string\"}],\"inLanguage\":\"vi\"},{\"@type\":\"ImageObject\",\"@id\":\"https:\/\/mauweb.tamnguyen.vn\/bds34\/bds\/can-ban-lo-dat-qua-dep-lung-tua-nui-de-lam-farm-tai-phong-nha\/#primaryimage\",\"inLanguage\":\"vi\",\"url\":\"https:\/\/mauweb.tamnguyen.vn\/bds34\/wp-content\/uploads\/2020\/10\/Dat-lam-farm-phong-nha.jpg\",\"width\":960,\"height\":540,\"caption\":\"Dat Lam Farm Phong Nha\"},{\"@type\":\"WebPage\",\"@id\":\"https:\/\/mauweb.tamnguyen.vn\/bds34\/bds\/can-ban-lo-dat-qua-dep-lung-tua-nui-de-lam-farm-tai-phong-nha\/#webpage\",\"url\":\"https:\/\/mauweb.tamnguyen.vn\/bds34\/bds\/can-ban-lo-dat-qua-dep-lung-tua-nui-de-lam-farm-tai-phong-nha\/\",\"name\":\"C\\u1ea7n b\\u00e1n l\\u00f4 \\u0111\\u1ea5t qu\\u00e1 \\u0111\\u1eb9p, l\\u01b0ng t\\u1ef1a n\\u00fai \\u0111\\u1ec3 l\\u00e0m Farm t\\u1ea1i Phong Nha - Phong Nha Land\",\"isPartOf\":{\"@id\":\"https:\/\/bds32.maugiaodien.com\/#website\"},\"primaryImageOfPage\":{\"@id\":\"https:\/\/mauweb.tamnguyen.vn\/bds34\/bds\/can-ban-lo-dat-qua-dep-lung-tua-nui-de-lam-farm-tai-phong-nha\/#primaryimage\"},\"datePublished\":\"2020-12-07T17:30:40+00:00\",\"dateModified\":\"2020-12-08T12:08:23+00:00\",\"description\":\"L\\u00f4 \\u0111\\u1ea5t\\u00a0 \\u0111\\u1ec3 l\\u00e0m Farm qu\\u00e1 ngon, v\\u1edbi di\\u1ec7n t\\u00edch g\\u1ea7n 1,1ha l\\u01b0ng s\\u00e1t ch\\u00e2n n\\u00fai, m\\u1eb7t ti\\u1ec1n h\\u01a1n 60m, l\\u1ed9 gi\\u1edbi \\u0111\\u01b0\\u1eddng 20m, th\\u1ed5 nh\\u01b0\\u1ee1ng \\u0111\\u1ea5t ph\\u00f9 sa pha c\\u00e1t, n\\u01b0\\u1edbc ng\\u1ea7m trong m\\u00e1t quanh n\\u0103m & kh\\u00f4ng b\\u1ecb ng\\u1eadp l\\u1ee5t.\",\"breadcrumb\":{\"@id\":\"https:\/\/mauweb.tamnguyen.vn\/bds34\/bds\/can-ban-lo-dat-qua-dep-lung-tua-nui-de-lam-farm-tai-phong-nha\/#breadcrumb\"},\"inLanguage\":\"vi\",\"potentialAction\":[{\"@type\":\"ReadAction\",\"target\":[\"https:\/\/mauweb.tamnguyen.vn\/bds34\/bds\/can-ban-lo-dat-qua-dep-lung-tua-nui-de-lam-farm-tai-phong-nha\/\"]}]},{\"@type\":\"BreadcrumbList\",\"@id\":\"https:\/\/mauweb.tamnguyen.vn\/bds34\/bds\/can-ban-lo-dat-qua-dep-lung-tua-nui-de-lam-farm-tai-phong-nha\/#breadcrumb\",\"itemListElement\":[{\"@type\":\"ListItem\",\"position\":1,\"item\":{\"@type\":\"WebPage\",\"@id\":\"https:\/\/bds32.maugiaodien.com\/\",\"url\":\"https:\/\/bds32.maugiaodien.com\/\",\"name\":\"Trang ch\\u1ee7\"}},{\"@type\":\"ListItem\",\"position\":2,\"item\":{\"@type\":\"WebPage\",\"@id\":\"https:\/\/mauweb.tamnguyen.vn\/bds34\/bat-dong-san\/\",\"url\":\"https:\/\/mauweb.tamnguyen.vn\/bds34\/bat-dong-san\/\",\"name\":\"T\\u1ea5t c\\u1ea3 B\\u1ea5t \\u0110\\u1ed9ng S\\u1ea3n\"}},{\"@type\":\"ListItem\",\"position\":3,\"item\":{\"@type\":\"WebPage\",\"@id\":\"https:\/\/mauweb.tamnguyen.vn\/bds34\/bds\/can-ban-lo-dat-qua-dep-lung-tua-nui-de-lam-farm-tai-phong-nha\/\",\"url\":\"https:\/\/mauweb.tamnguyen.vn\/bds34\/bds\/can-ban-lo-dat-qua-dep-lung-tua-nui-de-lam-farm-tai-phong-nha\/\",\"name\":\"C\\u1ea7n b\\u00e1n l\\u00f4 \\u0111\\u1ea5t qu\\u00e1 \\u0111\\u1eb9p, l\\u01b0ng t\\u1ef1a n\\u00fai \\u0111\\u1ec3 l\\u00e0m Farm t\\u1ea1i Phong Nha\"}}]}]}<\/script>\n<!-- \/ Yoast SEO plugin. -->","pll_sync_post":[],"_links":{"self":[{"href":"https:\/\/mauweb.tamnguyen.vn\/bds34\/wp-json\/wp\/v2\/product\/1404"}],"collection":[{"href":"https:\/\/mauweb.tamnguyen.vn\/bds34\/wp-json\/wp\/v2\/product"}],"about":[{"href":"https:\/\/mauweb.tamnguyen.vn\/bds34\/wp-json\/wp\/v2\/types\/product"}],"wp:featuredmedia":[{"embeddable":true,"href":"https:\/\/mauweb.tamnguyen.vn\/bds34\/wp-json\/wp\/v2\/media\/1669"}],"wp:attachment":[{"href":"https:\/\/mauweb.tamnguyen.vn\/bds34\/wp-json\/wp\/v2\/media?parent=1404"}],"curies":[{"name":"wp","href":"https:\/\/api.w.org\/{rel}","templated":true}]}}