{"id":1403,"date":"2020-12-03T00:24:57","date_gmt":"2020-12-02T17:24:57","guid":{"rendered":"http:\/\/bds32.maugiaodien.com\/?post_type=product&#038;p=1403"},"modified":"2020-12-08T19:49:07","modified_gmt":"2020-12-08T12:49:07","slug":"can-ban-lo-dat-dep-tren-dai-lo-kim-tien-phong-nha","status":"publish","type":"product","link":"https:\/\/mauweb.tamnguyen.vn\/bds34\/bds\/can-ban-lo-dat-dep-tren-dai-lo-kim-tien-phong-nha\/","title":{"rendered":"C\u1ea7n b\u00e1n l\u00f4 \u0111\u1ea5t \u0111\u1eb9p tr\u00ean \u0111\u1ea1i l\u1ed9 kim ti\u1ec1n Phong Nha"},"content":{"rendered":"<p>????????????C\u1eaft n\u1ee3 Ng\u00e2n h\u00e0ng n\u00ean c\u1ea7n sang nhanh L\u00f4 \u0111\u1ea5t m\u1eb7t ti\u1ec1n Di s\u1ea3n, tr\u00ean \u0111\u1ea1i l\u00f4 kim ti\u1ec1n ph\u1ed1 T\u00e2y Phong Nha&#8230;<\/p>\n<p>????V\u1ecb tr\u00ed: tr\u00ean c\u1eeda ng\u00f5 c\u1ee7a Di s\u1ea3n Phong Nha, tr\u00ean \u0111\u1ea1i l\u1ed9 kim ti\u1ec1n ph\u1ed1 T\u00e2y, view tr\u01b0\u1edbc view sau \u0111\u1ec1u l\u00e0 n\u00fai non xanh bi\u1ebfc &amp; gi\u00f3 l\u00f2ng l\u1ed9ng quanh n\u0103m.<\/p>\n<p>????Di\u1ec7n t\u00edch: 7m x 20m, full th\u1ed5 c\u1eed (nh\u01b0ng khi l\u00e0m c\u00f4ng tr\u00ecnh c\u00f3 th\u1ec3 k\u00e9o d\u00e0i h\u01a1n 10m v\u00e0o t\u1eadn ch\u00e2n n\u00fai Voi)<\/p>\n<p>????L\u1ed9 gi\u1edbi: 22m (l\u00e0 \u0111\u1ea1i l\u1ed9 l\u1edbn nh\u1ea5t Di s\u1ea3n hi\u1ec7n gi\u1edd)<\/p>\n<p>????Ti\u1ec7n \u00edch xung quanh: l\u00e0 trung t\u00e2m c\u1ee7a Phong Nha n\u00ean su\u1ed1t ng\u00e0y kh\u00e1ch trong v\u00e0 ngo\u00e0i n\u01b0\u1edbc \u0111i qua, \u0111i l\u1ea1i &amp; r\u1ea5t nhi\u1ec1u c\u00e1c c\u1ee7a h\u00e0ng c\u1eeda hi\u1ec7u, kh\u00e1ch s\u1ea1n nh\u00e0 ngh\u1ec9, tr\u1ea1m d\u1ecbch v\u1ee5&#8230;m\u1ecdc l\u00ean \u1ea7m \u1ea7m, b\u00ean c\u1ea1nh l\u00e0 ph\u1ed1 \u0111i b\u1ed9 &amp; ph\u1ed1 \u0103n \u0111\u00eam&#8230; Ch\u1ec9 nghe th\u00f4i l\u00e0 \u0111\u1ee7 bi\u1ebft ti\u1ec1m n\u0103ng c\u1ee7a l\u00f4 \u0111\u1ea5t<\/p>\n<p>????L\u00fd do b\u00e1n: Mu\u1ed1n gi\u1eef l\u1eafm nh\u01b0ng \u0111\u00e0nh ch\u1ecbu n\u00ean \u0111\u00e0nh B\u00e1n nhanh \u0111\u1ec3 c\u1eaft l\u1ed7 Ng\u00e2n h\u00e0ng.<\/p>\n<p>????Gi\u00e1: ch\u1ec9 c\u00f3 4,4 t\u1ec9 (ch\u1ea5p nh\u1eadn l\u1ed7 cho l\u00f4 \u0111\u1eb9p nh\u1ea5t &amp; c\u0169ng r\u1ebb nh\u1ea5t tr\u00ean \u0111\u1ea1i l\u1ed9 ph\u1ed1 T\u00e2y) &#8211; C\u01a1 h\u1ed9i s\u1edf h\u1eefu l\u00f4 \u0111\u1ea5t \u0111\u1eb9p cho kinh doanh &amp; \u0111\u1ea7u t\u01b0 th\u00ec qu\u00e1 t\u1ed1t.<\/p>\n<p>Li\u00ean h\u1ec7 nhanh: #Phong_Nha_LAND &#8211; Hotline &amp; Zalo (24\/7): 0986 237 xxx<\/p>\n","protected":false},"excerpt":{"rendered":"<p>????????????C\u1eaft n\u1ee3 Ng\u00e2n h\u00e0ng n\u00ean c\u1ea7n sang nhanh L\u00f4 \u0111\u1ea5t m\u1eb7t ti\u1ec1n Di s\u1ea3n, tr\u00ean \u0111\u1ea1i l\u00f4 kim ti\u1ec1n ph\u1ed1 T\u00e2y Phong Nha&#8230; ????V\u1ecb tr\u00ed: tr\u00ean c\u1eeda ng\u00f5 c\u1ee7a Di s\u1ea3n Phong Nha, tr\u00ean \u0111\u1ea1i l\u1ed9 kim ti\u1ec1n ph\u1ed1 T\u00e2y, view tr\u01b0\u1edbc view sau \u0111\u1ec1u l\u00e0 n\u00fai non xanh bi\u1ebfc &amp; gi\u00f3 l\u00f2ng l\u1ed9ng quanh..<\/p>\n","protected":false},"featured_media":1673,"template":"","meta":[],"class_list":["post-1403","product","type-product","status-publish","has-post-thumbnail","hentry","product_cat-bat-dong-san-can-ban","product_cat-nha-dat-mat-pho"],"lang":"vi","translations":{"vi":1403},"yoast_head":"<!-- This site is optimized with the Yoast SEO plugin v15.5 - https:\/\/yoast.com\/wordpress\/plugins\/seo\/ -->\n<title>C\u1ea7n b\u00e1n l\u00f4 \u0111\u1ea5t \u0111\u1eb9p tr\u00ean \u0111\u1ea1i l\u1ed9 kim ti\u1ec1n Phong Nha - Phong Nha Land<\/title>\n<meta name=\"description\" content=\"C\u1eaft n\u1ee3 Ng\u00e2n h\u00e0ng n\u00ean c\u1ea7n sang nhanh L\u00f4 \u0111\u1ea5t m\u1eb7t ti\u1ec1n Di s\u1ea3n, tr\u00ean \u0111\u1ea1i l\u00f4 kim ti\u1ec1n ph\u1ed1 T\u00e2y Phong Nha...\" \/>\n<meta name=\"robots\" content=\"noindex, follow, max-snippet:-1, max-image-preview:large, max-video-preview:-1\" \/>\n<meta property=\"og:locale\" content=\"vi_VN\" \/>\n<meta property=\"og:type\" content=\"article\" \/>\n<meta property=\"og:title\" content=\"C\u1ea7n b\u00e1n l\u00f4 \u0111\u1ea5t \u0111\u1eb9p tr\u00ean \u0111\u1ea1i l\u1ed9 kim ti\u1ec1n Phong Nha - Phong Nha Land\" \/>\n<meta property=\"og:description\" content=\"C\u1eaft n\u1ee3 Ng\u00e2n h\u00e0ng n\u00ean c\u1ea7n sang nhanh L\u00f4 \u0111\u1ea5t m\u1eb7t ti\u1ec1n Di s\u1ea3n, tr\u00ean \u0111\u1ea1i l\u00f4 kim ti\u1ec1n ph\u1ed1 T\u00e2y Phong Nha...\" \/>\n<meta property=\"og:url\" content=\"https:\/\/mauweb.tamnguyen.vn\/bds34\/bds\/can-ban-lo-dat-dep-tren-dai-lo-kim-tien-phong-nha\/\" \/>\n<meta property=\"og:site_name\" content=\"B\u1ea5t \u0110\u1ed9ng S\u1ea3n Phong Nha\" \/>\n<meta property=\"article:modified_time\" content=\"2020-12-08T12:49:07+00:00\" \/>\n<meta property=\"og:image\" content=\"https:\/\/mauweb.tamnguyen.vn\/bds34\/wp-content\/uploads\/2020\/10\/ban-dat-nha-pho-phong-nha.jpg\" \/>\n\t<meta property=\"og:image:width\" content=\"960\" \/>\n\t<meta property=\"og:image:height\" content=\"720\" \/>\n<meta name=\"twitter:card\" content=\"summary_large_image\" \/>\n<meta name=\"twitter:label1\" content=\"Est. reading time\">\n\t<meta name=\"twitter:data1\" content=\"1 ph\u00fat\">\n<script type=\"application\/ld+json\" class=\"yoast-schema-graph\">{\"@context\":\"https:\/\/schema.org\",\"@graph\":[{\"@type\":\"Organization\",\"@id\":\"https:\/\/bds32.maugiaodien.com\/#organization\",\"name\":\"Phong Nha Land\",\"url\":\"https:\/\/bds32.maugiaodien.com\/\",\"sameAs\":[],\"logo\":{\"@type\":\"ImageObject\",\"@id\":\"https:\/\/bds32.maugiaodien.com\/#logo\",\"inLanguage\":\"vi\",\"url\":\"https:\/\/mauweb.tamnguyen.vn\/bds34\/wp-content\/uploads\/2020\/09\/logo-bdsphongnha.png\",\"width\":300,\"height\":75,\"caption\":\"Phong Nha Land\"},\"image\":{\"@id\":\"https:\/\/bds32.maugiaodien.com\/#logo\"}},{\"@type\":\"WebSite\",\"@id\":\"https:\/\/bds32.maugiaodien.com\/#website\",\"url\":\"https:\/\/bds32.maugiaodien.com\/\",\"name\":\"B\\u1ea5t \\u0110\\u1ed9ng S\\u1ea3n Phong Nha\",\"description\":\"\",\"publisher\":{\"@id\":\"https:\/\/bds32.maugiaodien.com\/#organization\"},\"potentialAction\":[{\"@type\":\"SearchAction\",\"target\":\"https:\/\/bds32.maugiaodien.com\/?s={search_term_string}\",\"query-input\":\"required name=search_term_string\"}],\"inLanguage\":\"vi\"},{\"@type\":\"ImageObject\",\"@id\":\"https:\/\/mauweb.tamnguyen.vn\/bds34\/bds\/can-ban-lo-dat-dep-tren-dai-lo-kim-tien-phong-nha\/#primaryimage\",\"inLanguage\":\"vi\",\"url\":\"https:\/\/mauweb.tamnguyen.vn\/bds34\/wp-content\/uploads\/2020\/10\/ban-dat-nha-pho-phong-nha.jpg\",\"width\":960,\"height\":720,\"caption\":\"Ban Dat Nha Pho Phong Nha\"},{\"@type\":\"WebPage\",\"@id\":\"https:\/\/mauweb.tamnguyen.vn\/bds34\/bds\/can-ban-lo-dat-dep-tren-dai-lo-kim-tien-phong-nha\/#webpage\",\"url\":\"https:\/\/mauweb.tamnguyen.vn\/bds34\/bds\/can-ban-lo-dat-dep-tren-dai-lo-kim-tien-phong-nha\/\",\"name\":\"C\\u1ea7n b\\u00e1n l\\u00f4 \\u0111\\u1ea5t \\u0111\\u1eb9p tr\\u00ean \\u0111\\u1ea1i l\\u1ed9 kim ti\\u1ec1n Phong Nha - Phong Nha Land\",\"isPartOf\":{\"@id\":\"https:\/\/bds32.maugiaodien.com\/#website\"},\"primaryImageOfPage\":{\"@id\":\"https:\/\/mauweb.tamnguyen.vn\/bds34\/bds\/can-ban-lo-dat-dep-tren-dai-lo-kim-tien-phong-nha\/#primaryimage\"},\"datePublished\":\"2020-12-02T17:24:57+00:00\",\"dateModified\":\"2020-12-08T12:49:07+00:00\",\"description\":\"C\\u1eaft n\\u1ee3 Ng\\u00e2n h\\u00e0ng n\\u00ean c\\u1ea7n sang nhanh L\\u00f4 \\u0111\\u1ea5t m\\u1eb7t ti\\u1ec1n Di s\\u1ea3n, tr\\u00ean \\u0111\\u1ea1i l\\u00f4 kim ti\\u1ec1n ph\\u1ed1 T\\u00e2y Phong Nha...\",\"breadcrumb\":{\"@id\":\"https:\/\/mauweb.tamnguyen.vn\/bds34\/bds\/can-ban-lo-dat-dep-tren-dai-lo-kim-tien-phong-nha\/#breadcrumb\"},\"inLanguage\":\"vi\",\"potentialAction\":[{\"@type\":\"ReadAction\",\"target\":[\"https:\/\/mauweb.tamnguyen.vn\/bds34\/bds\/can-ban-lo-dat-dep-tren-dai-lo-kim-tien-phong-nha\/\"]}]},{\"@type\":\"BreadcrumbList\",\"@id\":\"https:\/\/mauweb.tamnguyen.vn\/bds34\/bds\/can-ban-lo-dat-dep-tren-dai-lo-kim-tien-phong-nha\/#breadcrumb\",\"itemListElement\":[{\"@type\":\"ListItem\",\"position\":1,\"item\":{\"@type\":\"WebPage\",\"@id\":\"https:\/\/bds32.maugiaodien.com\/\",\"url\":\"https:\/\/bds32.maugiaodien.com\/\",\"name\":\"Trang ch\\u1ee7\"}},{\"@type\":\"ListItem\",\"position\":2,\"item\":{\"@type\":\"WebPage\",\"@id\":\"https:\/\/mauweb.tamnguyen.vn\/bds34\/bat-dong-san\/\",\"url\":\"https:\/\/mauweb.tamnguyen.vn\/bds34\/bat-dong-san\/\",\"name\":\"T\\u1ea5t c\\u1ea3 B\\u1ea5t \\u0110\\u1ed9ng S\\u1ea3n\"}},{\"@type\":\"ListItem\",\"position\":3,\"item\":{\"@type\":\"WebPage\",\"@id\":\"https:\/\/mauweb.tamnguyen.vn\/bds34\/bds\/can-ban-lo-dat-dep-tren-dai-lo-kim-tien-phong-nha\/\",\"url\":\"https:\/\/mauweb.tamnguyen.vn\/bds34\/bds\/can-ban-lo-dat-dep-tren-dai-lo-kim-tien-phong-nha\/\",\"name\":\"C\\u1ea7n b\\u00e1n l\\u00f4 \\u0111\\u1ea5t \\u0111\\u1eb9p tr\\u00ean \\u0111\\u1ea1i l\\u1ed9 kim ti\\u1ec1n Phong Nha\"}}]}]}<\/script>\n<!-- \/ Yoast SEO plugin. -->","pll_sync_post":[],"_links":{"self":[{"href":"https:\/\/mauweb.tamnguyen.vn\/bds34\/wp-json\/wp\/v2\/product\/1403"}],"collection":[{"href":"https:\/\/mauweb.tamnguyen.vn\/bds34\/wp-json\/wp\/v2\/product"}],"about":[{"href":"https:\/\/mauweb.tamnguyen.vn\/bds34\/wp-json\/wp\/v2\/types\/product"}],"wp:featuredmedia":[{"embeddable":true,"href":"https:\/\/mauweb.tamnguyen.vn\/bds34\/wp-json\/wp\/v2\/media\/1673"}],"wp:attachment":[{"href":"https:\/\/mauweb.tamnguyen.vn\/bds34\/wp-json\/wp\/v2\/media?parent=1403"}],"curies":[{"name":"wp","href":"https:\/\/api.w.org\/{rel}","templated":true}]}}