{"id":31,"date":"2019-07-29T09:04:17","date_gmt":"2019-07-29T02:04:17","guid":{"rendered":"http:\/\/bds.themevivu.site\/?page_id=31"},"modified":"2022-06-22T10:08:52","modified_gmt":"2022-06-22T03:08:52","slug":"gioi-thieu","status":"publish","type":"page","link":"https:\/\/mauweb.tamnguyen.vn\/bds32\/gioi-thieu\/","title":{"rendered":"Gi\u1edbi thi\u1ec7u"},"content":{"rendered":"\t<section class=\"section\" id=\"section_1651993047\">\n\t\t<div class=\"bg section-bg fill bg-fill  bg-loaded\" >\n\n\t\t\t\n\t\t\t\n\t\t\t\n\n\t\t<\/div>\n\n\t\t\n\n\t\t<div class=\"section-content relative\">\n\t\t\t\n<div class=\"row\"  id=\"row-1916609932\">\n\n\t<div id=\"col-1650453461\" class=\"col small-12 large-12\"  >\n\t\t\t\t<div class=\"col-inner\"  >\n\t\t\t\n\t\t\t\n<p><span style=\"font-size: 105%; color: #003366;\">Vinhomes Ocean Park \u2013 The Empire\u00a0\u00a0l\u00e0 khu \u0111\u00f4 th\u1ecb ph\u1ee9c h\u1ee3p \u0111\u1ea7u ti\u00ean mang th\u01b0\u01a1ng hi\u1ec7u Vinhomes t\u1ea1i H\u01b0ng Y\u00ean. The Empire l\u00e0 t\u00ean g\u1ecdi \u0111\u01b0\u1ee3c l\u1ea5y c\u1ea3m h\u1ee9ng t\u1eeb \u00fd t\u01b0\u1edfng v\u1ec1 m\u1ed9t kh\u00f4ng gian s\u1ed1ng th\u01b0\u1ee3ng l\u01b0u ho\u00e0n to\u00e0n m\u1edbi t\u1ea1i H\u01b0ng Y\u00ean v\u1edbi \u0111i\u1ec3m nh\u1ea5n l\u00e0 H\u1ed3 t\u1ea1o s\u00f3ng r\u1ed9ng 18,1ha \u2013 H\u1ed3 b\u01a1i t\u1ea1o s\u00f3ng v\u1edbi b\u00e3i c\u00e1t tr\u1eafng bao quanh l\u1edbn nh\u1ea5t th\u1ebf gi\u1edbi.<\/span><\/p>\n<p><span style=\"font-size: 105%; color: #003366;\">L\u00e0 gia \u0111o\u1ea1n 2 n\u1eb1m trong Si\u00eau qu\u1ea7n th\u1ec3 \u0111\u00f4 th\u1ecb bi\u1ec3n, Vinhomes Ocean Park \u2013 The Empire\u00a0 (Vinhomes The Empire) c\u00f3 quy m\u00f4 x\u00e2y d\u1ef1ng l\u00ean \u0111\u1ebfn g\u1ea7n 460ha. V\u1edbi phong c\u00e1ch \u0111\u00f4 th\u1ecb sinh th\u00e1i v\u00e0 h\u1ec7 th\u1ed1ng ti\u1ec7n \u00edch \u0111a d\u1ea1ng \u201ct\u1ea5t c\u1ea3 trong m\u1ed9t\u201d, Vinhomes The Empire s\u1ebd l\u00e0 kh\u00f4ng gian s\u1ed1ng \u0111\u1eb3ng c\u1ea5p v\u00e0 ti\u1ec7n nghi x\u1ee9ng t\u1ea7m c\u00e1c ch\u1ee7 nh\u00e2n th\u01b0\u1ee3ng l\u01b0u.<\/span><\/p>\n\t\t<\/div>\n\t\t\t\t\t<\/div>\n\n\t\n<\/div>\n\t\t<\/div>\n\n\t\t\n<style>\n#section_1651993047 {\n  padding-top: 30px;\n  padding-bottom: 30px;\n}\n#section_1651993047 .ux-shape-divider--top svg {\n  height: 150px;\n  --divider-top-width: 100%;\n}\n#section_1651993047 .ux-shape-divider--bottom svg {\n  height: 150px;\n  --divider-width: 100%;\n}\n<\/style>\n\t<\/section>\n\t\n\t<section class=\"section tieu-chi-section\" id=\"section_1694044565\">\n\t\t<div class=\"bg section-bg fill bg-fill  bg-loaded\" >\n\n\t\t\t\n\t\t\t\n\t\t\t\n\n\t\t<\/div>\n\n\t\t\n\n\t\t<div class=\"section-content relative\">\n\t\t\t\n<div class=\"row\"  id=\"row-941656170\">\n\n\t<div id=\"col-1185554693\" class=\"col medium-4 small-12 large-4\"  data-animate=\"bounceIn\">\n\t\t\t\t<div class=\"col-inner\"  >\n\t\t\t\n\t\t\t\n\n\t\t<div class=\"icon-box featured-box icon-box-center text-center\"  >\n\t\t\t\t\t<div class=\"icon-box-img\" style=\"width: 60px\">\n\t\t\t\t<div class=\"icon\">\n\t\t\t\t\t<div class=\"icon-inner\" >\n\t\t\t\t\t\t<img loading=\"lazy\" decoding=\"async\" width=\"80\" height=\"80\" src=\"https:\/\/mauweb.tamnguyen.vn\/bds32\/wp-content\/uploads\/2019\/07\/bar-chart.png\" class=\"attachment-medium size-medium\" alt=\"\" \/>\t\t\t\t\t<\/div>\n\t\t\t\t<\/div>\n\t\t\t<\/div>\n\t\t\t\t<div class=\"icon-box-text last-reset\">\n\t\t\t\t\t\t\t\t\t\n<h3 style=\"text-align: center;\">T\u1ea7m nh\u00ecn Doanh nghi\u1ec7p<\/h3>\n<p style=\"text-align: center;\">Tr\u1edf th\u00e0nh m\u1ed9t trong nh\u1eefng Nh\u00e0 t\u01b0 v\u1ea5n, ph\u00e2n ph\u1ed1i B\u1ea5t \u0110\u1ed9ng S\u1ea3n chuy\u00ean nghi\u1ec7p v\u00e0 uy t\u00edn nh\u1ea5t t\u1ea1i Vi\u1ec7t Nam<\/p>\n\t\t<\/div>\n\t<\/div>\n\t\n\t\n\t\t<\/div>\n\t\t\t\t\t<\/div>\n\n\t\n\n\t<div id=\"col-660161964\" class=\"col medium-4 small-12 large-4\"  data-animate=\"bounceIn\">\n\t\t\t\t<div class=\"col-inner\"  >\n\t\t\t\n\t\t\t\n\n\t\t<div class=\"icon-box featured-box icon-box-center text-center\"  >\n\t\t\t\t\t<div class=\"icon-box-img\" style=\"width: 60px\">\n\t\t\t\t<div class=\"icon\">\n\t\t\t\t\t<div class=\"icon-inner\" >\n\t\t\t\t\t\t<img loading=\"lazy\" decoding=\"async\" width=\"80\" height=\"80\" src=\"https:\/\/mauweb.tamnguyen.vn\/bds32\/wp-content\/uploads\/2019\/07\/contract.png\" class=\"attachment-medium size-medium\" alt=\"\" \/>\t\t\t\t\t<\/div>\n\t\t\t\t<\/div>\n\t\t\t<\/div>\n\t\t\t\t<div class=\"icon-box-text last-reset\">\n\t\t\t\t\t\t\t\t\t\n<h3 style=\"text-align: center;\">S\u1ee9 m\u1ec7nh c\u1ee7a ch\u00fang t\u00f4i<\/h3>\n<p style=\"text-align: center;\">L\u00e0 c\u1ea7u n\u1ed1i tin c\u1eady gi\u1eefa Ch\u1ee7 \u0111\u1ea7u t\u01b0 v\u00e0 kh\u00e1ch h\u00e0ng, \u0111em l\u1ea1i nh\u1eefng s\u1ea3n ph\u1ea9m b\u1ea5t \u0111\u1ed9ng s\u1ea3n c\u00f3 gi\u00e1 tr\u1ecb l\u1ee3i nhu\u1eadn cao<\/p>\n\t\t<\/div>\n\t<\/div>\n\t\n\t\n\t\t<\/div>\n\t\t\t\t\t<\/div>\n\n\t\n\n\t<div id=\"col-164296719\" class=\"col medium-4 small-12 large-4\"  data-animate=\"bounceIn\">\n\t\t\t\t<div class=\"col-inner\"  >\n\t\t\t\n\t\t\t\n\n\t\t<div class=\"icon-box featured-box icon-box-center text-center\"  >\n\t\t\t\t\t<div class=\"icon-box-img\" style=\"width: 60px\">\n\t\t\t\t<div class=\"icon\">\n\t\t\t\t\t<div class=\"icon-inner\" >\n\t\t\t\t\t\t<img loading=\"lazy\" decoding=\"async\" width=\"80\" height=\"80\" src=\"https:\/\/mauweb.tamnguyen.vn\/bds32\/wp-content\/uploads\/2019\/07\/diamond.png\" class=\"attachment-medium size-medium\" alt=\"\" \/>\t\t\t\t\t<\/div>\n\t\t\t\t<\/div>\n\t\t\t<\/div>\n\t\t\t\t<div class=\"icon-box-text last-reset\">\n\t\t\t\t\t\t\t\t\t\n<h3 style=\"text-align: center;\">Gi\u00e1 tr\u1ecb c\u1ed1t l\u00f5i<\/h3>\n<p style=\"text-align: center;\">Ni\u1ec1m tin c\u1ee7a kh\u00e1ch h\u00e0ng l\u00e0 t\u00e0i s\u1ea3n v\u00f4 gi\u00e1! Ch\u00fang t\u00f4i lu\u00f4n t\u1eadn t\u00e2m v\u1edbi kh\u00e1ch h\u00e0ng, d\u00f9ng tr\u1ecdn ch\u1eef T\u00edn \u0111\u1ec3 t\u1ea1o d\u1ef1ng ni\u1ec1m tin n\u00e0y!<\/p>\n\t\t<\/div>\n\t<\/div>\n\t\n\t\n\t\t<\/div>\n\t\t\t\t\t<\/div>\n\n\t\n<\/div>\n\t\t<\/div>\n\n\t\t\n<style>\n#section_1694044565 {\n  padding-top: 45px;\n  padding-bottom: 45px;\n}\n#section_1694044565 .ux-shape-divider--top svg {\n  height: 150px;\n  --divider-top-width: 100%;\n}\n#section_1694044565 .ux-shape-divider--bottom svg {\n  height: 150px;\n  --divider-width: 100%;\n}\n<\/style>\n\t<\/section>\n\t\n\t<section class=\"section dark\" id=\"section_1227948896\">\n\t\t<div class=\"bg section-bg fill bg-fill  \" >\n\n\t\t\t\n\t\t\t\n\t\t\t\n\n\t\t<\/div>\n\n\t\t\n\n\t\t<div class=\"section-content relative\">\n\t\t\t\n<div class=\"row align-middle\"  id=\"row-147033740\">\n\n\t<div id=\"col-163521871\" class=\"col small-12 large-12\"  >\n\t\t\t\t<div class=\"col-inner\"  >\n\t\t\t\n\t\t\t\n<div class=\"container section-title-container\" ><h2 class=\"section-title section-title-center\"><b><\/b><span class=\"section-title-main\" >C\u1ed9ng t\u00e1c vi\u00ean sale b\u0111s vinhomes<\/span><b><\/b><\/h2><\/div>\n\t\t<\/div>\n\t\t\t\t\t<\/div>\n\n\t\n\n\t<div id=\"col-1088765578\" class=\"col medium-6 small-12 large-6\"  >\n\t\t\t\t<div class=\"col-inner\"  >\n\t\t\t\n\t\t\t\n\t<div class=\"img has-hover x md-x lg-x y md-y lg-y\" id=\"image_1074908458\">\n\t\t\t\t\t\t\t\t<div class=\"img-inner dark\" >\n\t\t\t<img loading=\"lazy\" decoding=\"async\" width=\"1152\" height=\"648\" src=\"https:\/\/mauweb.tamnguyen.vn\/bds32\/wp-content\/uploads\/2022\/06\/z3369381649101_9d09604a5b61dd3fd087278d1dea220b-20220426144421.jpg\" class=\"attachment-original size-original\" alt=\"\" srcset=\"https:\/\/mauweb.tamnguyen.vn\/bds32\/wp-content\/uploads\/2022\/06\/z3369381649101_9d09604a5b61dd3fd087278d1dea220b-20220426144421.jpg 1152w, https:\/\/mauweb.tamnguyen.vn\/bds32\/wp-content\/uploads\/2022\/06\/z3369381649101_9d09604a5b61dd3fd087278d1dea220b-20220426144421-300x169.jpg 300w, https:\/\/mauweb.tamnguyen.vn\/bds32\/wp-content\/uploads\/2022\/06\/z3369381649101_9d09604a5b61dd3fd087278d1dea220b-20220426144421-1024x576.jpg 1024w, https:\/\/mauweb.tamnguyen.vn\/bds32\/wp-content\/uploads\/2022\/06\/z3369381649101_9d09604a5b61dd3fd087278d1dea220b-20220426144421-768x432.jpg 768w\" sizes=\"(max-width: 1152px) 100vw, 1152px\" \/>\t\t\t\t\t\t\n\t\t\t\t\t<\/div>\n\t\t\t\t\t\t\t\t\n<style>\n#image_1074908458 {\n  width: 100%;\n}\n<\/style>\n\t<\/div>\n\t\n\t\t<\/div>\n\t\t\t\t\t<\/div>\n\n\t\n\n\t<div id=\"col-745842534\" class=\"col medium-6 small-12 large-6\"  >\n\t\t\t\t<div class=\"col-inner\"  >\n\t\t\t\n\t\t\t\n<h3><span style=\"font-size: 130%;\">NINH B\u00ccNH WEB<\/span><\/h3>\n<ul>\n<li><span style=\"font-size: 130%;\"><b>Email:<\/b> info.giuseart.com@gmail.com<\/span><\/li>\n<li><span style=\"font-size: 130%;\"><b>Website:<\/b> http:\/\/<a href=\"http:\/\/ninhbinhweb.biz\">ninhbinhweb.biz<\/a><\/span><\/li>\n<li><span style=\"font-size: 130%;\"><b>Hotline: 0972.939.xxx<\/b><\/span><\/li>\n<li><span style=\"font-size: 130%;\"><b>\u0110\u1ecba ch\u1ec9: Gia L\u1eadp, Gia Vi\u1ec5n, Ninh B\u00ecnh<\/b><\/span><\/li>\n<\/ul>\n\t\t<\/div>\n\t\t\t\t\t<\/div>\n\n\t\n<\/div>\n\t\t<\/div>\n\n\t\t\n<style>\n#section_1227948896 {\n  padding-top: 46px;\n  padding-bottom: 46px;\n}\n#section_1227948896 .section-bg.bg-loaded {\n  background-image: url(https:\/\/mauweb.tamnguyen.vn\/bds32\/wp-content\/uploads\/2019\/07\/bg-video-section.jpg);\n}\n#section_1227948896 .ux-shape-divider--top svg {\n  height: 150px;\n  --divider-top-width: 100%;\n}\n#section_1227948896 .ux-shape-divider--bottom svg {\n  height: 150px;\n  --divider-width: 100%;\n}\n<\/style>\n\t<\/section>\n\t\n\t<section class=\"section\" id=\"section_1377587890\">\n\t\t<div class=\"bg section-bg fill bg-fill  bg-loaded\" >\n\n\t\t\t\n\t\t\t\n\t\t\t\n\n\t\t<\/div>\n\n\t\t\n\n\t\t<div class=\"section-content relative\">\n\t\t\t\n<div class=\"row\"  id=\"row-1568841332\">\n\n\t<div id=\"col-70831087\" class=\"col small-12 large-12\"  >\n\t\t\t\t<div class=\"col-inner\"  >\n\t\t\t\n\t\t\t\n<div class=\"container section-title-container\" ><h2 class=\"section-title section-title-center\"><b><\/b><span class=\"section-title-main\" style=\"color:rgb(184, 0, 0);\">\u0110\u1ed1i t\u00e1c chi\u1ebfn l\u01b0\u1ee3c<\/span><b><\/b><\/h2><\/div>\n<div class=\"row\"  id=\"row-1853347590\">\n\n\t<div id=\"col-1343383014\" class=\"col small-12 large-12\"  >\n\t\t\t\t<div class=\"col-inner text-center\"  >\n\t\t\t\n\t\t\t\n<div class=\"ux-logo has-hover align-middle ux_logo inline-block\" style=\"max-width: 100%!important; width: 200.04545454545px!important\"><div class=\"ux-logo-link block image-color\" title=\"\"  href=\"\" style=\"padding: 15px;\"><img decoding=\"async\" src=\"https:\/\/mauweb.tamnguyen.vn\/bds32\/wp-content\/uploads\/2019\/07\/logo-vincity.png\" title=\"\" alt=\"\" class=\"ux-logo-image block\" style=\"height:129px;\" \/><\/div><\/div>\n<div class=\"ux-logo has-hover align-middle ux_logo inline-block\" style=\"max-width: 100%!important; width: 219.98181818182px!important\"><div class=\"ux-logo-link block image-color\" title=\"\"  href=\"\" style=\"padding: 15px;\"><img decoding=\"async\" src=\"https:\/\/mauweb.tamnguyen.vn\/bds32\/wp-content\/uploads\/2019\/07\/LOGO-VINHOME-CENTRAL-PARK.png\" title=\"\" alt=\"\" class=\"ux-logo-image block\" style=\"height:129px;\" \/><\/div><\/div>\n<div class=\"ux-logo has-hover align-middle ux_logo inline-block\" style=\"max-width: 100%!important; width: 171.9px!important\"><div class=\"ux-logo-link block image-color\" title=\"\"  href=\"\" style=\"padding: 15px;\"><img decoding=\"async\" src=\"https:\/\/mauweb.tamnguyen.vn\/bds32\/wp-content\/uploads\/2019\/07\/vic.png\" title=\"\" alt=\"\" class=\"ux-logo-image block\" style=\"height:129px;\" \/><\/div><\/div>\n<div class=\"ux-logo has-hover align-middle ux_logo inline-block\" style=\"max-width: 100%!important; width: 203.56363636364px!important\"><div class=\"ux-logo-link block image-color\" title=\"\"  href=\"\" style=\"padding: 15px;\"><img decoding=\"async\" src=\"https:\/\/mauweb.tamnguyen.vn\/bds32\/wp-content\/uploads\/2019\/07\/vinpearl.jpeg\" title=\"\" alt=\"\" class=\"ux-logo-image block\" style=\"height:129px;\" \/><\/div><\/div>\n<div class=\"ux-logo has-hover align-middle ux_logo inline-block\" style=\"max-width: 100%!important; width: 136.71818181818px!important\"><div class=\"ux-logo-link block image-color\" title=\"\"  href=\"\" style=\"padding: 15px;\"><img decoding=\"async\" src=\"https:\/\/mauweb.tamnguyen.vn\/bds32\/wp-content\/uploads\/2019\/07\/viec-lam-vincom.png\" title=\"\" alt=\"\" class=\"ux-logo-image block\" style=\"height:129px;\" \/><\/div><\/div>\n\t\t<\/div>\n\t\t\t\t\t<\/div>\n\n\t\n<\/div>\n\t\t<\/div>\n\t\t\t\t\t<\/div>\n\n\t\n<\/div>\n\t\t<\/div>\n\n\t\t\n<style>\n#section_1377587890 {\n  padding-top: 40px;\n  padding-bottom: 40px;\n}\n#section_1377587890 .ux-shape-divider--top svg {\n  height: 150px;\n  --divider-top-width: 100%;\n}\n#section_1377587890 .ux-shape-divider--bottom svg {\n  height: 150px;\n  --divider-width: 100%;\n}\n<\/style>\n\t<\/section>\n\t\n","protected":false},"excerpt":{"rendered":"","protected":false},"author":1,"featured_media":63,"parent":0,"menu_order":0,"comment_status":"closed","ping_status":"closed","template":"page-blank-featured.php","meta":{"footnotes":""},"yst_prominent_words":[],"class_list":["post-31","page","type-page","status-publish","has-post-thumbnail","hentry"],"_links":{"self":[{"href":"https:\/\/mauweb.tamnguyen.vn\/bds32\/wp-json\/wp\/v2\/pages\/31"}],"collection":[{"href":"https:\/\/mauweb.tamnguyen.vn\/bds32\/wp-json\/wp\/v2\/pages"}],"about":[{"href":"https:\/\/mauweb.tamnguyen.vn\/bds32\/wp-json\/wp\/v2\/types\/page"}],"author":[{"embeddable":true,"href":"https:\/\/mauweb.tamnguyen.vn\/bds32\/wp-json\/wp\/v2\/users\/1"}],"replies":[{"embeddable":true,"href":"https:\/\/mauweb.tamnguyen.vn\/bds32\/wp-json\/wp\/v2\/comments?post=31"}],"version-history":[{"count":11,"href":"https:\/\/mauweb.tamnguyen.vn\/bds32\/wp-json\/wp\/v2\/pages\/31\/revisions"}],"predecessor-version":[{"id":1287,"href":"https:\/\/mauweb.tamnguyen.vn\/bds32\/wp-json\/wp\/v2\/pages\/31\/revisions\/1287"}],"wp:featuredmedia":[{"embeddable":true,"href":"https:\/\/mauweb.tamnguyen.vn\/bds32\/wp-json\/wp\/v2\/media\/63"}],"wp:attachment":[{"href":"https:\/\/mauweb.tamnguyen.vn\/bds32\/wp-json\/wp\/v2\/media?parent=31"}],"wp:term":[{"taxonomy":"yst_prominent_words","embeddable":true,"href":"https:\/\/mauweb.tamnguyen.vn\/bds32\/wp-json\/wp\/v2\/yst_prominent_words?post=31"}],"curies":[{"name":"wp","href":"https:\/\/api.w.org\/{rel}","templated":true}]}}