{"id":210,"date":"2019-07-29T10:59:48","date_gmt":"2019-07-29T03:59:48","guid":{"rendered":"http:\/\/bds.themevivu.site\/?page_id=210"},"modified":"2022-05-31T11:08:09","modified_gmt":"2022-05-31T04:08:09","slug":"cac-du-an","status":"publish","type":"page","link":"https:\/\/mauweb.tamnguyen.vn\/bds32\/cac-du-an\/","title":{"rendered":"C\u00e1c d\u1ef1 \u00e1n"},"content":{"rendered":"\t<section class=\"section\" id=\"section_1558749040\">\n\t\t<div class=\"bg section-bg fill bg-fill  bg-loaded\" >\n\n\t\t\t\n\t\t\t\n\t\t\t\n\n\t\t<\/div>\n\n\t\t\n\n\t\t<div class=\"section-content relative\">\n\t\t\t\n<div class=\"row\"  id=\"row-489604951\">\n\n\t<div id=\"col-387741468\" class=\"col small-12 large-12\"  >\n\t\t\t\t<div class=\"col-inner text-center\"  >\n\t\t\t\n\t\t\t\n\n\t\t<div class=\"tabbed-content tab-du-an\">\n\t\t\t\n\t\t\t<ul class=\"nav nav-tabs nav-uppercase nav-size-normal nav-center\"><li class=\"tab active has-icon\"><a href=\"#tab_vinhomes\"><span>Vinhomes<\/span><\/a><\/li>\n<li class=\"tab has-icon\"><a href=\"#tab_vingroup\"><span>Vingroup<\/span><\/a><\/li><\/ul><div class=\"tab-panels\"><div class=\"panel active entry-content\" id=\"tab_vinhomes\">\n\n  \n    <div class=\"row list-du-an large-columns-2 medium-columns- small-columns-\">\n  <div class=\"page-col col\" >\n          <div class=\"col-inner\" >\n          <a class=\"plain\" href=\"https:\/\/mauweb.tamnguyen.vn\/bds32\/\" title=\"Vinhomes Ocean Park - The Empire, kinh \u0111\u00f4 \u00e1nh s\u00e1ng - Ph\u1ed3n hoa \u0111\u00f4 h\u1ed9i\" target=\"\">\n            <div class=\"page-box box has-hover box-label\">\n                  <div class=\"box-image\" >\n                      <div class=\"box-image image-zoom image-cover\" style=\"padding-top:50%;\">\n                      <img loading=\"lazy\" decoding=\"async\" width=\"1600\" height=\"797\" src=\"https:\/\/mauweb.tamnguyen.vn\/bds32\/wp-content\/uploads\/2022\/05\/2904vinhome2.jpg\" class=\"attachment-original size-original\" alt=\"\" srcset=\"https:\/\/mauweb.tamnguyen.vn\/bds32\/wp-content\/uploads\/2022\/05\/2904vinhome2.jpg 1600w, https:\/\/mauweb.tamnguyen.vn\/bds32\/wp-content\/uploads\/2022\/05\/2904vinhome2-300x149.jpg 300w, https:\/\/mauweb.tamnguyen.vn\/bds32\/wp-content\/uploads\/2022\/05\/2904vinhome2-1024x510.jpg 1024w, https:\/\/mauweb.tamnguyen.vn\/bds32\/wp-content\/uploads\/2022\/05\/2904vinhome2-768x383.jpg 768w, https:\/\/mauweb.tamnguyen.vn\/bds32\/wp-content\/uploads\/2022\/05\/2904vinhome2-1536x765.jpg 1536w\" sizes=\"(max-width: 1600px) 100vw, 1600px\" \/>                      <\/div>\n                                                              <\/div>\n                  <div class=\"box-text text-center is-large\" >\n                        <div class=\"box-text-inner\">\n                            <p>Vinhomes Ocean Park - The Empire, kinh \u0111\u00f4 \u00e1nh s\u00e1ng - Ph\u1ed3n hoa \u0111\u00f4 h\u1ed9i<\/p>\n                        <\/div>\n                  <\/div>\n              <\/div>\n            <\/a>\n            <\/div>\n          <\/div><\/div>\n<\/div>\n<div class=\"panel entry-content\" id=\"tab_vingroup\">\n<p class=\"lead shortcode-error text-center\">Sorry, no pages was found<\/p>\n  \n    <div class=\"row list-du-an large-columns-2 medium-columns- small-columns-\">\n  <\/div>\n<\/div><\/div><\/div>\n<a href=\"\/du-an\/\" target=\"_self\" class=\"button secondary is-large lowercase reveal-icon nut-xem-chi-tiet\"  style=\"border-radius:99px;\">\n    <span>T\u1ea5t c\u1ea3 c\u00e1c d\u1ef1 \u00e1n<\/span>\n  <i class=\"icon-angle-right\" ><\/i><\/a>\n\n\t\t<\/div>\n\t\t\t\t\t<\/div>\n\n\t\n<\/div>\n\t\t<\/div>\n\n\t\t\n<style>\n#section_1558749040 {\n  padding-top: 20px;\n  padding-bottom: 20px;\n}\n#section_1558749040 .ux-shape-divider--top svg {\n  height: 150px;\n  --divider-top-width: 100%;\n}\n#section_1558749040 .ux-shape-divider--bottom svg {\n  height: 150px;\n  --divider-width: 100%;\n}\n<\/style>\n\t<\/section>\n\t\n\t<section class=\"section lien-he-section dark\" id=\"section_1225056277\">\n\t\t<div class=\"bg section-bg fill bg-fill  \" >\n\n\t\t\t\n\t\t\t<div class=\"section-bg-overlay absolute fill\"><\/div>\n\t\t\t\n\n\t\t<\/div>\n\n\t\t\n\n\t\t<div class=\"section-content relative\">\n\t\t\t\n<div class=\"row\"  id=\"row-781568795\">\n\n\t<div id=\"col-86957475\" class=\"col medium-6 small-12 large-6\"  data-animate=\"bounceIn\">\n\t\t\t\t<div class=\"col-inner\"  >\n\t\t\t\n\t\t\t\n<div class=\"container section-title-container\" ><h2 class=\"section-title section-title-center\"><b><\/b><span class=\"section-title-main\" style=\"color:rgb(255, 255, 255);\">Li\u00ean h\u1ec7 v\u1edbi ch\u00fang t\u00f4i<\/span><b><\/b><\/h2><\/div>\n<p>M\u1ecdi th\u00f4ng tin li\u00ean h\u1ec7, xin vui l\u00f2ng \u0111i\u1ec7n t\u1edbi s\u1ed1 hotline:<\/p>\n\n\t\t<div class=\"icon-box featured-box icon-box-left text-left\"  >\n\t\t\t\t\t<div class=\"icon-box-img\" style=\"width: 60px\">\n\t\t\t\t<div class=\"icon\">\n\t\t\t\t\t<div class=\"icon-inner\" >\n\t\t\t\t\t\t<img loading=\"lazy\" decoding=\"async\" width=\"100\" height=\"100\" src=\"https:\/\/mauweb.tamnguyen.vn\/bds32\/wp-content\/uploads\/2019\/07\/phong-icon.png\" class=\"attachment-medium size-medium\" alt=\"\" \/>\t\t\t\t\t<\/div>\n\t\t\t\t<\/div>\n\t\t\t<\/div>\n\t\t\t\t<div class=\"icon-box-text last-reset\">\n\t\t\t\t\t\t\t\t\t\n<ul>\n<li class=\"bullet-star\"><span style=\"color: #ffffff;\"><a style=\"color: #ffffff;\" href=\"tel:0937733999\"><b>097 748 77 77<\/b><\/a>\u00a0(Kinh doanh)<\/span><\/li>\n<li class=\"bullet-star\"><span style=\"color: #ffffff;\"><a style=\"color: #ffffff;\" href=\"tel:0931129988\"><b>093 112 99 88<\/b><\/a>\u00a0(Tuy\u1ec3n d\u1ee5ng)<\/span><\/li>\n<\/ul>\n\t\t<\/div>\n\t<\/div>\n\t\n\t\n\t<div id=\"gap-1450431116\" class=\"gap-element clearfix\" style=\"display:block; height:auto;\">\n\t\t\n<style>\n#gap-1450431116 {\n  padding-top: 12px;\n}\n<\/style>\n\t<\/div>\n\t\n<p><span style=\"color: #00aae7;\"><em><span style=\"font-size: 85%;\">* \u0110\u00f4ng T\u00e2y Land t\u00f4n tr\u1ecdng quy\u1ec1n ri\u00eang t\u01b0 c\u1ee7a kh\u00e1ch h\u00e0ng, ch\u00fang t\u00f4i KH\u00d4NG l\u01b0u tr\u1eef ho\u1eb7c chia s\u1ebb d\u1eef li\u1ec7u c\u1ee7a b\u1ea1n cho b\u1ea5t k\u00ec m\u1ee5c \u0111\u00edch n\u00e0o kh\u00e1c<\/span><\/em><\/span><\/p>\n\t\t<\/div>\n\t\t\t\t\t<\/div>\n\n\t\n\n\t<div id=\"col-301303719\" class=\"col medium-6 small-12 large-6\"  data-animate=\"bounceIn\">\n\t\t\t\t<div class=\"col-inner\"  >\n\t\t\t\n\t\t\t\n<div role=\"form\" class=\"wpcf7\" id=\"wpcf7-f348-o1\" lang=\"vi\" dir=\"ltr\">\n<div class=\"screen-reader-response\"><p role=\"status\" aria-live=\"polite\" aria-atomic=\"true\"><\/p> <ul><\/ul><\/div>\n<form action=\"\/bds32\/wp-json\/wp\/v2\/pages\/210#wpcf7-f348-o1\" method=\"post\" class=\"wpcf7-form init\" novalidate=\"novalidate\" data-status=\"init\">\n<div style=\"display: none;\">\n<input type=\"hidden\" name=\"_wpcf7\" value=\"348\" \/>\n<input type=\"hidden\" name=\"_wpcf7_version\" value=\"5.6\" \/>\n<input type=\"hidden\" name=\"_wpcf7_locale\" value=\"vi\" \/>\n<input type=\"hidden\" name=\"_wpcf7_unit_tag\" value=\"wpcf7-f348-o1\" \/>\n<input type=\"hidden\" name=\"_wpcf7_container_post\" value=\"0\" \/>\n<input type=\"hidden\" name=\"_wpcf7_posted_data_hash\" value=\"\" \/>\n<\/div>\n<p><span class=\"wpcf7-form-control-wrap\" data-name=\"text-546\"><input type=\"text\" name=\"text-546\" value=\"\" size=\"40\" class=\"wpcf7-form-control wpcf7-text wpcf7-validates-as-required\" aria-required=\"true\" aria-invalid=\"false\" placeholder=\"T\u00ean c\u1ee7a b\u1ea1n...\" \/><\/span><br \/>\n<span class=\"wpcf7-form-control-wrap\" data-name=\"tel-853\"><input type=\"tel\" name=\"tel-853\" value=\"\" size=\"40\" class=\"wpcf7-form-control wpcf7-text wpcf7-tel wpcf7-validates-as-required wpcf7-validates-as-tel\" aria-required=\"true\" aria-invalid=\"false\" placeholder=\"S\u1ed1 \u0111i\u1ec7n tho\u1ea1i...\" \/><\/span><br \/>\n<span class=\"wpcf7-form-control-wrap\" data-name=\"email-611\"><input type=\"email\" name=\"email-611\" value=\"\" size=\"40\" class=\"wpcf7-form-control wpcf7-text wpcf7-email wpcf7-validates-as-email\" aria-invalid=\"false\" placeholder=\"\u0110\u1ecba ch\u1ec9 email...\" \/><\/span><br \/>\n<span class=\"wpcf7-form-control-wrap\" data-name=\"textarea-364\"><textarea name=\"textarea-364\" cols=\"40\" rows=\"10\" class=\"wpcf7-form-control wpcf7-textarea\" aria-invalid=\"false\" placeholder=\"N\u1ed9i dung...\"><\/textarea><\/span><br \/>\n<input type=\"submit\" value=\"G\u1eedi li\u00ean h\u1ec7\" class=\"wpcf7-form-control has-spinner wpcf7-submit\" \/><\/p>\n<div class=\"wpcf7-response-output\" aria-hidden=\"true\"><\/div><\/form><\/div>\n\t\t<\/div>\n\t\t\t\t\t<\/div>\n\n\t\n<\/div>\n\t\t<\/div>\n\n\t\t\n<style>\n#section_1225056277 {\n  padding-top: 50px;\n  padding-bottom: 50px;\n}\n#section_1225056277 .section-bg-overlay {\n  background-color: rgba(31, 78, 129, 0.92);\n}\n#section_1225056277 .section-bg.bg-loaded {\n  background-image: url(https:\/\/mauweb.tamnguyen.vn\/bds32\/wp-content\/uploads\/2019\/07\/img01.jpg);\n}\n#section_1225056277 .ux-shape-divider--top svg {\n  height: 150px;\n  --divider-top-width: 100%;\n}\n#section_1225056277 .ux-shape-divider--bottom svg {\n  height: 150px;\n  --divider-width: 100%;\n}\n<\/style>\n\t<\/section>\n\t\n","protected":false},"excerpt":{"rendered":"","protected":false},"author":1,"featured_media":584,"parent":0,"menu_order":0,"comment_status":"closed","ping_status":"closed","template":"page-blank-featured.php","meta":{"footnotes":""},"yst_prominent_words":[],"class_list":["post-210","page","type-page","status-publish","has-post-thumbnail","hentry"],"_links":{"self":[{"href":"https:\/\/mauweb.tamnguyen.vn\/bds32\/wp-json\/wp\/v2\/pages\/210"}],"collection":[{"href":"https:\/\/mauweb.tamnguyen.vn\/bds32\/wp-json\/wp\/v2\/pages"}],"about":[{"href":"https:\/\/mauweb.tamnguyen.vn\/bds32\/wp-json\/wp\/v2\/types\/page"}],"author":[{"embeddable":true,"href":"https:\/\/mauweb.tamnguyen.vn\/bds32\/wp-json\/wp\/v2\/users\/1"}],"replies":[{"embeddable":true,"href":"https:\/\/mauweb.tamnguyen.vn\/bds32\/wp-json\/wp\/v2\/comments?post=210"}],"version-history":[{"count":1,"href":"https:\/\/mauweb.tamnguyen.vn\/bds32\/wp-json\/wp\/v2\/pages\/210\/revisions"}],"predecessor-version":[{"id":1035,"href":"https:\/\/mauweb.tamnguyen.vn\/bds32\/wp-json\/wp\/v2\/pages\/210\/revisions\/1035"}],"wp:featuredmedia":[{"embeddable":true,"href":"https:\/\/mauweb.tamnguyen.vn\/bds32\/wp-json\/wp\/v2\/media\/584"}],"wp:attachment":[{"href":"https:\/\/mauweb.tamnguyen.vn\/bds32\/wp-json\/wp\/v2\/media?parent=210"}],"wp:term":[{"taxonomy":"yst_prominent_words","embeddable":true,"href":"https:\/\/mauweb.tamnguyen.vn\/bds32\/wp-json\/wp\/v2\/yst_prominent_words?post=210"}],"curies":[{"name":"wp","href":"https:\/\/api.w.org\/{rel}","templated":true}]}}