{"id":70,"date":"2019-07-14T10:11:54","date_gmt":"2019-07-14T03:11:54","guid":{"rendered":"http:\/\/mau3.maudep.com.vn\/bds\/?page_id=70"},"modified":"2022-10-14T01:58:00","modified_gmt":"2022-10-13T18:58:00","slug":"lien-he","status":"publish","type":"page","link":"https:\/\/mauweb.tamnguyen.vn\/bds30\/lien-he\/","title":{"rendered":"Li\u00ean h\u1ec7"},"content":{"rendered":"\t<section class=\"section\" id=\"section_1345396316\">\n\t\t<div class=\"bg section-bg fill bg-fill  bg-loaded\" >\n\n\t\t\t\n\t\t\t\n\t\t\t\n\n\t\t<\/div>\n\n\t\t\n\n\t\t<div class=\"section-content relative\">\n\t\t\t\n<div class=\"row\"  id=\"row-100831629\">\n\n\t<div id=\"col-138197734\" class=\"col small-12 large-12\"  >\n\t\t\t\t<div class=\"col-inner\"  >\n\t\t\t\n\t\t\t\n<div role=\"form\" class=\"wpcf7\" id=\"wpcf7-f574-o1\" lang=\"vi\" dir=\"ltr\">\n<div class=\"screen-reader-response\"><p role=\"status\" aria-live=\"polite\" aria-atomic=\"true\"><\/p> <ul><\/ul><\/div>\n<form action=\"\/bds30\/wp-json\/wp\/v2\/pages\/70#wpcf7-f574-o1\" method=\"post\" class=\"wpcf7-form init\" novalidate=\"novalidate\" data-status=\"init\">\n<div style=\"display: none;\">\n<input type=\"hidden\" name=\"_wpcf7\" value=\"574\" \/>\n<input type=\"hidden\" name=\"_wpcf7_version\" value=\"5.6.3\" \/>\n<input type=\"hidden\" name=\"_wpcf7_locale\" value=\"vi\" \/>\n<input type=\"hidden\" name=\"_wpcf7_unit_tag\" value=\"wpcf7-f574-o1\" \/>\n<input type=\"hidden\" name=\"_wpcf7_container_post\" value=\"0\" \/>\n<input type=\"hidden\" name=\"_wpcf7_posted_data_hash\" value=\"\" \/>\n<\/div>\n<div class=\"form-lien-he\">\n<h3>Th\u00f4ng tin g\u00f3p \u00fd - ph\u1ea3n h\u1ed3i c\u1ee7a b\u1ea1n s\u1ebd gi\u00fap ch\u00fang t\u00f4i ph\u1ee5c v\u1ee5 b\u1ea1n ng\u00e0y c\u00e0ng t\u1ed1t h\u01a1n<\/h3>\n<div class=\"row-form\">\n<div class=\"left\">H\u1ecd t\u00ean:<\/div>\n<div class=\"right\"><span class=\"wpcf7-form-control-wrap\" data-name=\"text-647\"><input type=\"text\" name=\"text-647\" value=\"\" size=\"40\" class=\"wpcf7-form-control wpcf7-text wpcf7-validates-as-required\" aria-required=\"true\" aria-invalid=\"false\" placeholder=\"Nh\u1eadp h\u1ecd t\u00ean...\" \/><\/span><\/div>\n<\/div>\n<div class=\"row-form\">\n<div class=\"left\">S\u1ed1 \u0111i\u1ec7n tho\u1ea1i:<\/div>\n<div class=\"right\"><span class=\"wpcf7-form-control-wrap\" data-name=\"tel-442\"><input type=\"tel\" name=\"tel-442\" value=\"\" size=\"40\" class=\"wpcf7-form-control wpcf7-text wpcf7-tel wpcf7-validates-as-required wpcf7-validates-as-tel\" aria-required=\"true\" aria-invalid=\"false\" placeholder=\"Nh\u1eadp s\u1ed1 \u0111i\u1ec7n tho\u1ea1i...\" \/><\/span><\/div>\n<\/div>\n<div class=\"row-form\">\n<div class=\"left\">\u0110\u1ecba ch\u1ec9:<\/div>\n<div class=\"right\"><span class=\"wpcf7-form-control-wrap\" data-name=\"text-6443\"><input type=\"text\" name=\"text-6443\" value=\"\" size=\"40\" class=\"wpcf7-form-control wpcf7-text\" aria-invalid=\"false\" placeholder=\"Nh\u1eadp \u0111\u1ecba ch\u1ec9...\" \/><\/span><\/div>\n<\/div>\n<div class=\"row-form\">\n<div class=\"left\">Ti\u00eau \u0111\u1ec1:<\/div>\n<div class=\"right\"><span class=\"wpcf7-form-control-wrap\" data-name=\"text-6466\"><input type=\"text\" name=\"text-6466\" value=\"\" size=\"40\" class=\"wpcf7-form-control wpcf7-text\" aria-invalid=\"false\" placeholder=\"Nh\u1eadp ti\u00eau \u0111\u1ec1...\" \/><\/span><\/div>\n<\/div>\n<div class=\"row-form\">\n<div class=\"left\">N\u1ed9i dung:<\/div>\n<div class=\"right\"><span class=\"wpcf7-form-control-wrap\" data-name=\"textarea-51\"><textarea name=\"textarea-51\" cols=\"40\" rows=\"10\" class=\"wpcf7-form-control wpcf7-textarea\" aria-invalid=\"false\" placeholder=\"N\u1ed9i dung li\u00ean h\u1ec7...\"><\/textarea><\/span><\/div>\n<\/div>\n<div class=\"nut-gui\"><input type=\"submit\" value=\"G\u1eedi th\u00f4ng tin\" class=\"wpcf7-form-control has-spinner wpcf7-submit\" \/><\/div>\n<\/div>\n<div class=\"wpcf7-response-output\" aria-hidden=\"true\"><\/div><\/form><\/div>\n<p><span style=\"font-size: 90%; color: #282828;\">\u0110\u1ebfn v\u1edbi ch\u00fang t\u00f4i Qu\u00fd kh\u00e1ch s\u1ebd l\u00e0 ng\u01b0\u1eddi b\u1ea1n th\u00e2n thi\u1ebft c\u1ee7a ch\u00fang t\u00f4i. V\u1edbi \u0111\u1ed9i ng\u0169 nh\u00e2n vi\u00ean tr\u1ebb \u0111\u1ea7y n\u0103ng \u0111\u1ed9ng, nhi\u1ec7t huy\u1ebft, s\u00e1ng t\u1ea1o, c\u00e1c th\u00e0nh vi\u00ean \u0111\u00e3 ph\u00e1t tri\u1ec3n nh\u1eefng s\u1ea3n ph\u1ea9m website \u0111\u1ed9c \u0111\u00e1o, t\u01b0\u01a1i t\u1eafn, s\u00e1ng t\u1ea1o,b\u1ea3o m\u1eadt cao v\u00e0 mang \u0111\u1ea7y t\u00ednh ngh\u1ec7 thu\u1eadt d\u00e0nh ri\u00eang cho t\u1eebng y\u00eau c\u1ea7u c\u1ee7a kh\u00e1ch h\u00e0ng.<\/span><\/p>\n\t\t<\/div>\n\t\t\t\t\t<\/div>\n\n\t\n<\/div>\n\t\t<\/div>\n\n\t\t\n<style>\n#section_1345396316 {\n  padding-top: 30px;\n  padding-bottom: 30px;\n}\n#section_1345396316 .ux-shape-divider--top svg {\n  height: 150px;\n  --divider-top-width: 100%;\n}\n#section_1345396316 .ux-shape-divider--bottom svg {\n  height: 150px;\n  --divider-width: 100%;\n}\n<\/style>\n\t<\/section>\n\t\n","protected":false},"excerpt":{"rendered":"","protected":false},"author":1,"featured_media":0,"parent":0,"menu_order":0,"comment_status":"closed","ping_status":"closed","template":"page-right-sidebar.php","meta":{"footnotes":""},"class_list":["post-70","page","type-page","status-publish","hentry"],"acf":[],"yoast_head":"<!-- This site is optimized with the Yoast SEO plugin v19.8 - https:\/\/yoast.com\/wordpress\/plugins\/seo\/ -->\n<title>Li\u00ean h\u1ec7 - M\u1eabu web rao v\u1eb7t b\u1ea5t \u0111\u1ed9ng s\u1ea3n<\/title>\n<meta name=\"robots\" content=\"noindex, follow, max-snippet:-1, max-image-preview:large, max-video-preview:-1\" \/>\n<meta property=\"og:locale\" content=\"vi_VN\" \/>\n<meta property=\"og:type\" content=\"article\" \/>\n<meta property=\"og:title\" content=\"Li\u00ean h\u1ec7 - M\u1eabu web rao v\u1eb7t b\u1ea5t \u0111\u1ed9ng s\u1ea3n\" \/>\n<meta property=\"og:url\" content=\"https:\/\/mauweb.tamnguyen.vn\/bds30\/lien-he\/\" \/>\n<meta property=\"og:site_name\" content=\"M\u1eabu web rao v\u1eb7t b\u1ea5t \u0111\u1ed9ng s\u1ea3n\" \/>\n<meta property=\"article:modified_time\" content=\"2022-10-13T18:58:00+00:00\" \/>\n<meta name=\"twitter:card\" content=\"summary_large_image\" \/>\n<meta name=\"twitter:label1\" content=\"\u01af\u1edbc t\u00ednh th\u1eddi gian \u0111\u1ecdc\" \/>\n\t<meta name=\"twitter:data1\" content=\"1 ph\u00fat\" \/>\n<script type=\"application\/ld+json\" class=\"yoast-schema-graph\">{\"@context\":\"https:\/\/schema.org\",\"@graph\":[{\"@type\":\"WebPage\",\"@id\":\"https:\/\/mauweb.tamnguyen.vn\/bds30\/lien-he\/\",\"url\":\"https:\/\/mauweb.tamnguyen.vn\/bds30\/lien-he\/\",\"name\":\"Li\u00ean h\u1ec7 - M\u1eabu web rao v\u1eb7t b\u1ea5t \u0111\u1ed9ng s\u1ea3n\",\"isPartOf\":{\"@id\":\"https:\/\/mauweb.tamnguyen.vn\/bds30\/#website\"},\"datePublished\":\"2019-07-14T03:11:54+00:00\",\"dateModified\":\"2022-10-13T18:58:00+00:00\",\"breadcrumb\":{\"@id\":\"https:\/\/mauweb.tamnguyen.vn\/bds30\/lien-he\/#breadcrumb\"},\"inLanguage\":\"vi\",\"potentialAction\":[{\"@type\":\"ReadAction\",\"target\":[\"https:\/\/mauweb.tamnguyen.vn\/bds30\/lien-he\/\"]}]},{\"@type\":\"BreadcrumbList\",\"@id\":\"https:\/\/mauweb.tamnguyen.vn\/bds30\/lien-he\/#breadcrumb\",\"itemListElement\":[{\"@type\":\"ListItem\",\"position\":1,\"name\":\"Trang ch\u1ee7\",\"item\":\"https:\/\/mauweb.tamnguyen.vn\/bds30\/\"},{\"@type\":\"ListItem\",\"position\":2,\"name\":\"Li\u00ean h\u1ec7\"}]},{\"@type\":\"WebSite\",\"@id\":\"https:\/\/mauweb.tamnguyen.vn\/bds30\/#website\",\"url\":\"https:\/\/mauweb.tamnguyen.vn\/bds30\/\",\"name\":\"M\u1eabu web rao v\u1eb7t b\u1ea5t \u0111\u1ed9ng s\u1ea3n\",\"description\":\"\",\"potentialAction\":[{\"@type\":\"SearchAction\",\"target\":{\"@type\":\"EntryPoint\",\"urlTemplate\":\"https:\/\/mauweb.tamnguyen.vn\/bds30\/?s={search_term_string}\"},\"query-input\":\"required name=search_term_string\"}],\"inLanguage\":\"vi\"}]}<\/script>\n<!-- \/ Yoast SEO plugin. -->","yoast_head_json":{"title":"Li\u00ean h\u1ec7 - M\u1eabu web rao v\u1eb7t b\u1ea5t \u0111\u1ed9ng s\u1ea3n","robots":{"index":"noindex","follow":"follow","max-snippet":"max-snippet:-1","max-image-preview":"max-image-preview:large","max-video-preview":"max-video-preview:-1"},"og_locale":"vi_VN","og_type":"article","og_title":"Li\u00ean h\u1ec7 - M\u1eabu web rao v\u1eb7t b\u1ea5t \u0111\u1ed9ng s\u1ea3n","og_url":"https:\/\/mauweb.tamnguyen.vn\/bds30\/lien-he\/","og_site_name":"M\u1eabu web rao v\u1eb7t b\u1ea5t \u0111\u1ed9ng s\u1ea3n","article_modified_time":"2022-10-13T18:58:00+00:00","twitter_card":"summary_large_image","twitter_misc":{"\u01af\u1edbc t\u00ednh th\u1eddi gian \u0111\u1ecdc":"1 ph\u00fat"},"schema":{"@context":"https:\/\/schema.org","@graph":[{"@type":"WebPage","@id":"https:\/\/mauweb.tamnguyen.vn\/bds30\/lien-he\/","url":"https:\/\/mauweb.tamnguyen.vn\/bds30\/lien-he\/","name":"Li\u00ean h\u1ec7 - M\u1eabu web rao v\u1eb7t b\u1ea5t \u0111\u1ed9ng s\u1ea3n","isPartOf":{"@id":"https:\/\/mauweb.tamnguyen.vn\/bds30\/#website"},"datePublished":"2019-07-14T03:11:54+00:00","dateModified":"2022-10-13T18:58:00+00:00","breadcrumb":{"@id":"https:\/\/mauweb.tamnguyen.vn\/bds30\/lien-he\/#breadcrumb"},"inLanguage":"vi","potentialAction":[{"@type":"ReadAction","target":["https:\/\/mauweb.tamnguyen.vn\/bds30\/lien-he\/"]}]},{"@type":"BreadcrumbList","@id":"https:\/\/mauweb.tamnguyen.vn\/bds30\/lien-he\/#breadcrumb","itemListElement":[{"@type":"ListItem","position":1,"name":"Trang ch\u1ee7","item":"https:\/\/mauweb.tamnguyen.vn\/bds30\/"},{"@type":"ListItem","position":2,"name":"Li\u00ean h\u1ec7"}]},{"@type":"WebSite","@id":"https:\/\/mauweb.tamnguyen.vn\/bds30\/#website","url":"https:\/\/mauweb.tamnguyen.vn\/bds30\/","name":"M\u1eabu web rao v\u1eb7t b\u1ea5t \u0111\u1ed9ng s\u1ea3n","description":"","potentialAction":[{"@type":"SearchAction","target":{"@type":"EntryPoint","urlTemplate":"https:\/\/mauweb.tamnguyen.vn\/bds30\/?s={search_term_string}"},"query-input":"required name=search_term_string"}],"inLanguage":"vi"}]}},"_links":{"self":[{"href":"https:\/\/mauweb.tamnguyen.vn\/bds30\/wp-json\/wp\/v2\/pages\/70"}],"collection":[{"href":"https:\/\/mauweb.tamnguyen.vn\/bds30\/wp-json\/wp\/v2\/pages"}],"about":[{"href":"https:\/\/mauweb.tamnguyen.vn\/bds30\/wp-json\/wp\/v2\/types\/page"}],"author":[{"embeddable":true,"href":"https:\/\/mauweb.tamnguyen.vn\/bds30\/wp-json\/wp\/v2\/users\/1"}],"replies":[{"embeddable":true,"href":"https:\/\/mauweb.tamnguyen.vn\/bds30\/wp-json\/wp\/v2\/comments?post=70"}],"version-history":[{"count":6,"href":"https:\/\/mauweb.tamnguyen.vn\/bds30\/wp-json\/wp\/v2\/pages\/70\/revisions"}],"predecessor-version":[{"id":1051,"href":"https:\/\/mauweb.tamnguyen.vn\/bds30\/wp-json\/wp\/v2\/pages\/70\/revisions\/1051"}],"wp:attachment":[{"href":"https:\/\/mauweb.tamnguyen.vn\/bds30\/wp-json\/wp\/v2\/media?parent=70"}],"curies":[{"name":"wp","href":"https:\/\/api.w.org\/{rel}","templated":true}]}}