{"id":2062,"date":"2021-02-28T16:56:29","date_gmt":"2021-02-28T09:56:29","guid":{"rendered":"http:\/\/mau3.maudep.com.vn\/chungcu\/?post_type=product&#038;p=2062"},"modified":"2021-03-02T11:40:01","modified_gmt":"2021-03-02T04:40:01","slug":"cho-thue-can-ho-flc-le-duc-tho-124m2-3n-2vs-full-do","status":"publish","type":"product","link":"https:\/\/mauweb.tamnguyen.vn\/bds29\/san-pham\/cho-thue-can-ho-flc-le-duc-tho-124m2-3n-2vs-full-do\/","title":{"rendered":"Cho Thu\u00ea C\u0103n H\u1ed9 FLC L\u00ea \u0110\u1ee9c Th\u1ecd &#8211; M\u1ef9 \u0110\u00ecnh .124m2.3N.2VS.Full \u0110\u1ed3"},"content":{"rendered":"<p>1. Th\u00f4ng tin c\u0103n h\u1ed9<br \/>\nC\u0103n h\u1ed9 r\u1ed9ng 124m2 (3PN,2WC).<\/p>\n<p>&#8211; n\u1ed9i th\u1ea5t Full \u0110\u1ed3 : tivi, t\u1ee7 l\u1ea1nh, \u0111i\u1ec1u ho\u00e0 , m\u00e1y gi\u1eb7t,t\u1ee7 b\u1ebfp,gi\u01b0\u1eddng,&#8230;..<br \/>\n2. Ti\u1ec7n \u00edch<\/p>\n<p>&#8211; N\u1eb1m tr\u00ean m\u1eb7t \u0111\u01b0\u1eddng L\u00ea \u0110\u1ee9c Th\u1ecd, xung quang l\u00e0 h\u1ec7 th\u1ed1ng c\u00e1c CC cao c\u1ea5p nh\u01b0 HD Mon, SUN SQUARE,Vin Gardina &#8230;.<\/p>\n<p>&#8211; G\u1ea7n c\u00e1c tr\u01b0\u1eddng \u0110H: \u0110H Th\u01b0\u01a1ng M\u1ea1i, \u0110H S\u00e2n kh\u1ea5u \u0110i\u1ec7n \u1ea3nh, C\u0110 m\u00faa, C\u0110 Du l\u1ecbch, \u0110H Qu\u1ed1c Gia&#8230;<\/p>\n<p>&#8211; G\u1ea7n Tr\u01b0\u1eddng M\u1ea7m Non, ti\u1ec3u h\u1ecdc mai d\u1ecbch, c\u00f4ng vi\u00ean h\u1ed3 \u0111i\u1ec1u ho\u00e0, &#8230;.<\/p>\n<p>&nbsp;<\/p>\n<p>&#8211; Di chuy\u1ec3n ra \u0111\u01b0\u1eddng c\u1ea7u gi\u1ea5y, H\u1ed3 T\u00f9ng M\u1eadu,&#8230; ch\u1ec9 5 ph\u00fat l\u00e1i xe<\/p>\n<p>H\u1ec7 th\u1ed1ng ti\u1ec7n \u00edch n\u1ed9i v\u00e0 ngo\u1ea1i khu phong ph\u00fa:<\/p>\n<p>&#8211; Si\u00eau th\u1ecb, TTTM<\/p>\n<p>&#8211; Nh\u00e0 h\u00e0ng, cafe<\/p>\n<p>&#8211; Gym, fitness<\/p>\n<p>&#8211; Nh\u00e0 tr\u1ebb&#8230;<\/p>\n<p>T\u01af V\u1ea4N &#8211; XEM NH\u00c0 MI\u1ec4N PH\u00cd<br \/>\n3. Gi\u00e1 thu\u00ea:<br \/>\nGi\u00e1 thu\u00ea: 10 tr\/th\u00e1ng, thanh to\u00e1n 3 th\u00e1ng c\u1ecdc 1 th\u00e1ng.<\/p>\n<p>4. Li\u00ean h\u1ec7<br \/>\nS\u0110T 0984750054<\/p>\n","protected":false},"excerpt":{"rendered":"<p>cho thu\u00ea c\u0103n h\u1ed9 FLC L\u00ea \u0111\u1ee9c th\u1ecd &#8211; 124m2<\/p>\n","protected":false},"featured_media":2069,"comment_status":"open","ping_status":"closed","template":"","meta":[],"product_cat":[171],"product_tag":[],"loai_du_an":[144],"khoang_gia":[286],"dien_tich":[302],"phong_ngu":[182],"location":[369,196],"class_list":["post-2062","product","type-product","status-publish","has-post-thumbnail","hentry","product_cat-can-mua-can-thue","loai_du_an-cho-thue-can-ho-chung-cu","khoang_gia-5-10-trieu","dien_tich-100-150-m2","phong_ngu-03-phong-ngu","location-du-an-flc-landmark-tower-le-duc-tho","location-quan-nam-tu-liem"],"acf":[],"yoast_head":"<!-- This site is optimized with the Yoast SEO plugin v19.8 - https:\/\/yoast.com\/wordpress\/plugins\/seo\/ -->\n<title>Cho Thu\u00ea C\u0103n H\u1ed9 FLC L\u00ea \u0110\u1ee9c Th\u1ecd - M\u1ef9 \u0110\u00ecnh .124m2.3N.2VS.Full \u0110\u1ed3 - Cho thu\u00ea chung c\u01b0 H\u00e0 N\u1ed9i<\/title>\n<meta name=\"robots\" content=\"noindex, follow, max-snippet:-1, max-image-preview:large, max-video-preview:-1\" \/>\n<meta property=\"og:locale\" content=\"vi_VN\" \/>\n<meta property=\"og:type\" content=\"article\" \/>\n<meta property=\"og:title\" content=\"Cho Thu\u00ea C\u0103n H\u1ed9 FLC L\u00ea \u0110\u1ee9c Th\u1ecd - M\u1ef9 \u0110\u00ecnh .124m2.3N.2VS.Full \u0110\u1ed3 - Cho thu\u00ea chung c\u01b0 H\u00e0 N\u1ed9i\" \/>\n<meta property=\"og:description\" content=\"cho thu\u00ea c\u0103n h\u1ed9 FLC L\u00ea \u0111\u1ee9c th\u1ecd - 124m2\" \/>\n<meta property=\"og:url\" content=\"https:\/\/mauweb.tamnguyen.vn\/bds29\/san-pham\/cho-thue-can-ho-flc-le-duc-tho-124m2-3n-2vs-full-do\/\" \/>\n<meta property=\"og:site_name\" content=\"Cho thu\u00ea chung c\u01b0 H\u00e0 N\u1ed9i\" \/>\n<meta property=\"article:modified_time\" content=\"2021-03-02T04:40:01+00:00\" \/>\n<meta property=\"og:image\" content=\"https:\/\/mauweb.tamnguyen.vn\/bds29\/wp-content\/uploads\/2021\/02\/z2352906820960_641261e2997bdf0e9c06ab22e119468e.jpg\" \/>\n\t<meta property=\"og:image:width\" content=\"750\" \/>\n\t<meta property=\"og:image:height\" content=\"562\" \/>\n\t<meta property=\"og:image:type\" content=\"image\/jpeg\" \/>\n<meta name=\"twitter:card\" content=\"summary_large_image\" \/>\n<meta name=\"twitter:label1\" content=\"\u01af\u1edbc t\u00ednh th\u1eddi gian \u0111\u1ecdc\" \/>\n\t<meta name=\"twitter:data1\" content=\"1 ph\u00fat\" \/>\n<script type=\"application\/ld+json\" class=\"yoast-schema-graph\">{\"@context\":\"https:\/\/schema.org\",\"@graph\":[{\"@type\":\"WebPage\",\"@id\":\"https:\/\/mauweb.tamnguyen.vn\/bds29\/san-pham\/cho-thue-can-ho-flc-le-duc-tho-124m2-3n-2vs-full-do\/\",\"url\":\"https:\/\/mauweb.tamnguyen.vn\/bds29\/san-pham\/cho-thue-can-ho-flc-le-duc-tho-124m2-3n-2vs-full-do\/\",\"name\":\"Cho Thu\u00ea C\u0103n H\u1ed9 FLC L\u00ea \u0110\u1ee9c Th\u1ecd - M\u1ef9 \u0110\u00ecnh .124m2.3N.2VS.Full \u0110\u1ed3 - Cho thu\u00ea chung c\u01b0 H\u00e0 N\u1ed9i\",\"isPartOf\":{\"@id\":\"https:\/\/mauweb.tamnguyen.vn\/bds29\/#website\"},\"datePublished\":\"2021-02-28T09:56:29+00:00\",\"dateModified\":\"2021-03-02T04:40:01+00:00\",\"breadcrumb\":{\"@id\":\"https:\/\/mauweb.tamnguyen.vn\/bds29\/san-pham\/cho-thue-can-ho-flc-le-duc-tho-124m2-3n-2vs-full-do\/#breadcrumb\"},\"inLanguage\":\"vi\",\"potentialAction\":[{\"@type\":\"ReadAction\",\"target\":[\"https:\/\/mauweb.tamnguyen.vn\/bds29\/san-pham\/cho-thue-can-ho-flc-le-duc-tho-124m2-3n-2vs-full-do\/\"]}]},{\"@type\":\"BreadcrumbList\",\"@id\":\"https:\/\/mauweb.tamnguyen.vn\/bds29\/san-pham\/cho-thue-can-ho-flc-le-duc-tho-124m2-3n-2vs-full-do\/#breadcrumb\",\"itemListElement\":[{\"@type\":\"ListItem\",\"position\":1,\"name\":\"Trang ch\u1ee7\",\"item\":\"https:\/\/mauweb.tamnguyen.vn\/bds29\/\"},{\"@type\":\"ListItem\",\"position\":2,\"name\":\"C\u1eeda h\u00e0ng\",\"item\":\"https:\/\/mauweb.tamnguyen.vn\/bds29\/cua-hang\/\"},{\"@type\":\"ListItem\",\"position\":3,\"name\":\"Cho Thu\u00ea C\u0103n H\u1ed9 FLC L\u00ea \u0110\u1ee9c Th\u1ecd &#8211; M\u1ef9 \u0110\u00ecnh .124m2.3N.2VS.Full \u0110\u1ed3\"}]},{\"@type\":\"WebSite\",\"@id\":\"https:\/\/mauweb.tamnguyen.vn\/bds29\/#website\",\"url\":\"https:\/\/mauweb.tamnguyen.vn\/bds29\/\",\"name\":\"Cho thu\u00ea chung c\u01b0 H\u00e0 N\u1ed9i\",\"description\":\"\",\"potentialAction\":[{\"@type\":\"SearchAction\",\"target\":{\"@type\":\"EntryPoint\",\"urlTemplate\":\"https:\/\/mauweb.tamnguyen.vn\/bds29\/?s={search_term_string}\"},\"query-input\":\"required name=search_term_string\"}],\"inLanguage\":\"vi\"}]}<\/script>\n<!-- \/ Yoast SEO plugin. -->","yoast_head_json":{"title":"Cho Thu\u00ea C\u0103n H\u1ed9 FLC L\u00ea \u0110\u1ee9c Th\u1ecd - M\u1ef9 \u0110\u00ecnh .124m2.3N.2VS.Full \u0110\u1ed3 - Cho thu\u00ea chung c\u01b0 H\u00e0 N\u1ed9i","robots":{"index":"noindex","follow":"follow","max-snippet":"max-snippet:-1","max-image-preview":"max-image-preview:large","max-video-preview":"max-video-preview:-1"},"og_locale":"vi_VN","og_type":"article","og_title":"Cho Thu\u00ea C\u0103n H\u1ed9 FLC L\u00ea \u0110\u1ee9c Th\u1ecd - M\u1ef9 \u0110\u00ecnh .124m2.3N.2VS.Full \u0110\u1ed3 - Cho thu\u00ea chung c\u01b0 H\u00e0 N\u1ed9i","og_description":"cho thu\u00ea c\u0103n h\u1ed9 FLC L\u00ea \u0111\u1ee9c th\u1ecd - 124m2","og_url":"https:\/\/mauweb.tamnguyen.vn\/bds29\/san-pham\/cho-thue-can-ho-flc-le-duc-tho-124m2-3n-2vs-full-do\/","og_site_name":"Cho thu\u00ea chung c\u01b0 H\u00e0 N\u1ed9i","article_modified_time":"2021-03-02T04:40:01+00:00","og_image":[{"width":750,"height":562,"url":"https:\/\/mauweb.tamnguyen.vn\/bds29\/wp-content\/uploads\/2021\/02\/z2352906820960_641261e2997bdf0e9c06ab22e119468e.jpg","type":"image\/jpeg"}],"twitter_card":"summary_large_image","twitter_misc":{"\u01af\u1edbc t\u00ednh th\u1eddi gian \u0111\u1ecdc":"1 ph\u00fat"},"schema":{"@context":"https:\/\/schema.org","@graph":[{"@type":"WebPage","@id":"https:\/\/mauweb.tamnguyen.vn\/bds29\/san-pham\/cho-thue-can-ho-flc-le-duc-tho-124m2-3n-2vs-full-do\/","url":"https:\/\/mauweb.tamnguyen.vn\/bds29\/san-pham\/cho-thue-can-ho-flc-le-duc-tho-124m2-3n-2vs-full-do\/","name":"Cho Thu\u00ea C\u0103n H\u1ed9 FLC L\u00ea \u0110\u1ee9c Th\u1ecd - M\u1ef9 \u0110\u00ecnh .124m2.3N.2VS.Full \u0110\u1ed3 - Cho thu\u00ea chung c\u01b0 H\u00e0 N\u1ed9i","isPartOf":{"@id":"https:\/\/mauweb.tamnguyen.vn\/bds29\/#website"},"datePublished":"2021-02-28T09:56:29+00:00","dateModified":"2021-03-02T04:40:01+00:00","breadcrumb":{"@id":"https:\/\/mauweb.tamnguyen.vn\/bds29\/san-pham\/cho-thue-can-ho-flc-le-duc-tho-124m2-3n-2vs-full-do\/#breadcrumb"},"inLanguage":"vi","potentialAction":[{"@type":"ReadAction","target":["https:\/\/mauweb.tamnguyen.vn\/bds29\/san-pham\/cho-thue-can-ho-flc-le-duc-tho-124m2-3n-2vs-full-do\/"]}]},{"@type":"BreadcrumbList","@id":"https:\/\/mauweb.tamnguyen.vn\/bds29\/san-pham\/cho-thue-can-ho-flc-le-duc-tho-124m2-3n-2vs-full-do\/#breadcrumb","itemListElement":[{"@type":"ListItem","position":1,"name":"Trang ch\u1ee7","item":"https:\/\/mauweb.tamnguyen.vn\/bds29\/"},{"@type":"ListItem","position":2,"name":"C\u1eeda h\u00e0ng","item":"https:\/\/mauweb.tamnguyen.vn\/bds29\/cua-hang\/"},{"@type":"ListItem","position":3,"name":"Cho Thu\u00ea C\u0103n H\u1ed9 FLC L\u00ea \u0110\u1ee9c Th\u1ecd &#8211; M\u1ef9 \u0110\u00ecnh .124m2.3N.2VS.Full \u0110\u1ed3"}]},{"@type":"WebSite","@id":"https:\/\/mauweb.tamnguyen.vn\/bds29\/#website","url":"https:\/\/mauweb.tamnguyen.vn\/bds29\/","name":"Cho thu\u00ea chung c\u01b0 H\u00e0 N\u1ed9i","description":"","potentialAction":[{"@type":"SearchAction","target":{"@type":"EntryPoint","urlTemplate":"https:\/\/mauweb.tamnguyen.vn\/bds29\/?s={search_term_string}"},"query-input":"required name=search_term_string"}],"inLanguage":"vi"}]}},"_links":{"self":[{"href":"https:\/\/mauweb.tamnguyen.vn\/bds29\/wp-json\/wp\/v2\/product\/2062"}],"collection":[{"href":"https:\/\/mauweb.tamnguyen.vn\/bds29\/wp-json\/wp\/v2\/product"}],"about":[{"href":"https:\/\/mauweb.tamnguyen.vn\/bds29\/wp-json\/wp\/v2\/types\/product"}],"replies":[{"embeddable":true,"href":"https:\/\/mauweb.tamnguyen.vn\/bds29\/wp-json\/wp\/v2\/comments?post=2062"}],"wp:featuredmedia":[{"embeddable":true,"href":"https:\/\/mauweb.tamnguyen.vn\/bds29\/wp-json\/wp\/v2\/media\/2069"}],"wp:attachment":[{"href":"https:\/\/mauweb.tamnguyen.vn\/bds29\/wp-json\/wp\/v2\/media?parent=2062"}],"wp:term":[{"taxonomy":"product_cat","embeddable":true,"href":"https:\/\/mauweb.tamnguyen.vn\/bds29\/wp-json\/wp\/v2\/product_cat?post=2062"},{"taxonomy":"product_tag","embeddable":true,"href":"https:\/\/mauweb.tamnguyen.vn\/bds29\/wp-json\/wp\/v2\/product_tag?post=2062"},{"taxonomy":"loai_du_an","embeddable":true,"href":"https:\/\/mauweb.tamnguyen.vn\/bds29\/wp-json\/wp\/v2\/loai_du_an?post=2062"},{"taxonomy":"khoang_gia","embeddable":true,"href":"https:\/\/mauweb.tamnguyen.vn\/bds29\/wp-json\/wp\/v2\/khoang_gia?post=2062"},{"taxonomy":"dien_tich","embeddable":true,"href":"https:\/\/mauweb.tamnguyen.vn\/bds29\/wp-json\/wp\/v2\/dien_tich?post=2062"},{"taxonomy":"phong_ngu","embeddable":true,"href":"https:\/\/mauweb.tamnguyen.vn\/bds29\/wp-json\/wp\/v2\/phong_ngu?post=2062"},{"taxonomy":"location","embeddable":true,"href":"https:\/\/mauweb.tamnguyen.vn\/bds29\/wp-json\/wp\/v2\/location?post=2062"}],"curies":[{"name":"wp","href":"https:\/\/api.w.org\/{rel}","templated":true}]}}