{"id":2047,"date":"2021-02-28T08:40:10","date_gmt":"2021-02-28T01:40:10","guid":{"rendered":"http:\/\/mau3.maudep.com.vn\/chungcu\/?post_type=product&#038;p=2047"},"modified":"2021-07-08T17:55:26","modified_gmt":"2021-07-08T10:55:26","slug":"cho-thue-can-ho-chung-cu-thang-long-number-one80m2-2n-2vsfull","status":"publish","type":"product","link":"https:\/\/mauweb.tamnguyen.vn\/bds29\/san-pham\/cho-thue-can-ho-chung-cu-thang-long-number-one80m2-2n-2vsfull\/","title":{"rendered":"Cho Thu\u00ea C\u0103n H\u1ed9 Chung C\u01b0  Th\u0103ng Long Number One,- Nguy\u1ec5n Tr\u00e3i.80m2.2N.2VS,Full"},"content":{"rendered":"<p>1. Th\u00f4ng tin c\u0103n h\u1ed9<br \/>\nC\u0103n h\u1ed9 r\u1ed9ng 80m2 (2PN,2WC).<\/p>\n<p>&#8211; Full n\u1ed9i th\u1ea5t : t\u1ee7 b\u1ebfp, \u0111i\u1ec1u h\u00f2a, n\u00f3ng l\u1ea1nh, gi\u01b0\u1eddng, t\u1ee7. k\u1ec7 b\u1ebfp, tivi, m\u00e1y gi\u1eb7t ..<\/p>\n<p>2. Ti\u1ec7n \u00edch<\/p>\n<p>-Si\u00eau th\u1ecb Big C, Khu CC cao c\u1ea5p The Manor, T\u1ed5 h\u1ee3p TM kh\u00e1ch s\u1ea1n Grand Plaza.<\/p>\n<p>-B\u1ec7nh vi\u1ec7n 198 \u2013 B\u1ed9 C\u00f4ng an, B\u1ec7nh vi\u1ec7n Th\u1ec3 thao, B\u1ec7nh vi\u1ec7n B\u1ed9 X\u00e2y d\u1ef1ng\u2026<\/p>\n<p>-Ti\u1ebfp Gi\u00e1p 2 C\u00f4ng Vi\u00ean L\u1edbn l\u00e0 : Cv M\u1ec5 tr\u00ec, Cv Nh\u00e2n Ch\u00ednh \/ 3 H\u1ed3 \u0110i\u1ec1u H\u00f2a<\/p>\n<p>-Tr\u01b0\u1eddng PTTH Amsterdam, Tr\u01b0\u1eddng PTTH Nguy\u1ec5n Si\u00eau c\u00e1ch d\u1ef1 \u00e1n kho\u1ea3ng 500m. Tr\u01b0\u1eddng THCS Trung H\u00f2a c\u00e1ch d\u1ef1 \u00e1n kho\u1ea3ng 400m. Tr\u01b0\u1eddng THCS Vi\u1ec7t Nam \u2013 Angi\u00eari <a style=\"color: #070000;\" href=\"https:\/\/magreviews.org\/\">magreviews<\/a>, tr\u01b0\u1eddng Ti\u1ec3u h\u1ecdc \u0110\u1eb7ng Tr\u1ea7n C\u00f4n c\u00e1ch d\u1ef1 \u00e1n kho\u1ea3ng 400m<\/p>\n<p>-C\u00e1c tr\u01b0\u1eddng: \u0110\u1ea1i H\u1ecdc PCCC, \u0110ai h\u1ecdc Qu\u1ed1c Gia, \u0110\u1ea1i h\u1ecdc Ki\u1ebfn tr\u00fac,\u2026<\/p>\n<p>H\u1ec7 th\u1ed1ng ti\u1ec7n \u00edch n\u1ed9i v\u00e0 ngo\u1ea1i khu phong ph\u00fa:<\/p>\n<p>&#8211; Si\u00eau th\u1ecb, TTTM<\/p>\n<p>&#8211; Nh\u00e0 h\u00e0ng, cafe<\/p>\n<p>&#8211; Gym, fitness<\/p>\n<p>&#8211; Nh\u00e0 tr\u1ebb&#8230;<\/p>\n<p>3. Gi\u00e1 thu\u00ea:<br \/>\nGi\u00e1 thu\u00ea: 13tr\/th\u00e1ng, thanh to\u00e1n 3 th\u00e1ng c\u1ecdc 1 th\u00e1ng.<\/p>\n<p>4. Li\u00ean h\u1ec7<br \/>\nS\u0110T 0984750054<\/p>\n","protected":false},"excerpt":{"rendered":"<p>cho thu\u00ea c\u0103n h\u1ed9 80m2,2N.2VS,full \u0111\u1ed3<\/p>\n","protected":false},"featured_media":2050,"comment_status":"open","ping_status":"closed","template":"","meta":[],"product_cat":[171],"product_tag":[],"loai_du_an":[144],"khoang_gia":[288],"dien_tich":[299],"phong_ngu":[181],"location":[349,196],"class_list":["post-2047","product","type-product","status-publish","has-post-thumbnail","hentry","product_cat-can-mua-can-thue","loai_du_an-cho-thue-can-ho-chung-cu","khoang_gia-10-15-trieu","dien_tich-50-80-m2","phong_ngu-02-phong-ngu","location-du-an-thang-long-number-one-dai-lo-thang-long","location-quan-nam-tu-liem"],"acf":[],"yoast_head":"<!-- This site is optimized with the Yoast SEO plugin v19.8 - https:\/\/yoast.com\/wordpress\/plugins\/seo\/ -->\n<title>Cho Thu\u00ea C\u0103n H\u1ed9 Chung C\u01b0 Th\u0103ng Long Number One,- Nguy\u1ec5n Tr\u00e3i.80m2.2N.2VS,Full - Cho thu\u00ea chung c\u01b0 H\u00e0 N\u1ed9i<\/title>\n<meta name=\"robots\" content=\"noindex, follow, max-snippet:-1, max-image-preview:large, max-video-preview:-1\" \/>\n<meta property=\"og:locale\" content=\"vi_VN\" \/>\n<meta property=\"og:type\" content=\"article\" \/>\n<meta property=\"og:title\" content=\"Cho Thu\u00ea C\u0103n H\u1ed9 Chung C\u01b0 Th\u0103ng Long Number One,- Nguy\u1ec5n Tr\u00e3i.80m2.2N.2VS,Full - Cho thu\u00ea chung c\u01b0 H\u00e0 N\u1ed9i\" \/>\n<meta property=\"og:description\" content=\"cho thu\u00ea c\u0103n h\u1ed9 80m2,2N.2VS,full \u0111\u1ed3\" \/>\n<meta property=\"og:url\" content=\"https:\/\/mauweb.tamnguyen.vn\/bds29\/san-pham\/cho-thue-can-ho-chung-cu-thang-long-number-one80m2-2n-2vsfull\/\" \/>\n<meta property=\"og:site_name\" content=\"Cho thu\u00ea chung c\u01b0 H\u00e0 N\u1ed9i\" \/>\n<meta property=\"article:modified_time\" content=\"2021-07-08T10:55:26+00:00\" \/>\n<meta property=\"og:image\" content=\"https:\/\/mauweb.tamnguyen.vn\/bds29\/wp-content\/uploads\/2021\/02\/z2352648480762_6ba638df8fe48936e6db453a5f5161fa.jpg\" \/>\n\t<meta property=\"og:image:width\" content=\"956\" \/>\n\t<meta property=\"og:image:height\" content=\"1276\" \/>\n\t<meta property=\"og:image:type\" content=\"image\/jpeg\" \/>\n<meta name=\"twitter:card\" content=\"summary_large_image\" \/>\n<meta name=\"twitter:label1\" content=\"\u01af\u1edbc t\u00ednh th\u1eddi gian \u0111\u1ecdc\" \/>\n\t<meta name=\"twitter:data1\" content=\"1 ph\u00fat\" \/>\n<script type=\"application\/ld+json\" class=\"yoast-schema-graph\">{\"@context\":\"https:\/\/schema.org\",\"@graph\":[{\"@type\":\"WebPage\",\"@id\":\"https:\/\/mauweb.tamnguyen.vn\/bds29\/san-pham\/cho-thue-can-ho-chung-cu-thang-long-number-one80m2-2n-2vsfull\/\",\"url\":\"https:\/\/mauweb.tamnguyen.vn\/bds29\/san-pham\/cho-thue-can-ho-chung-cu-thang-long-number-one80m2-2n-2vsfull\/\",\"name\":\"Cho Thu\u00ea C\u0103n H\u1ed9 Chung C\u01b0 Th\u0103ng Long Number One,- Nguy\u1ec5n Tr\u00e3i.80m2.2N.2VS,Full - Cho thu\u00ea chung c\u01b0 H\u00e0 N\u1ed9i\",\"isPartOf\":{\"@id\":\"https:\/\/mauweb.tamnguyen.vn\/bds29\/#website\"},\"datePublished\":\"2021-02-28T01:40:10+00:00\",\"dateModified\":\"2021-07-08T10:55:26+00:00\",\"breadcrumb\":{\"@id\":\"https:\/\/mauweb.tamnguyen.vn\/bds29\/san-pham\/cho-thue-can-ho-chung-cu-thang-long-number-one80m2-2n-2vsfull\/#breadcrumb\"},\"inLanguage\":\"vi\",\"potentialAction\":[{\"@type\":\"ReadAction\",\"target\":[\"https:\/\/mauweb.tamnguyen.vn\/bds29\/san-pham\/cho-thue-can-ho-chung-cu-thang-long-number-one80m2-2n-2vsfull\/\"]}]},{\"@type\":\"BreadcrumbList\",\"@id\":\"https:\/\/mauweb.tamnguyen.vn\/bds29\/san-pham\/cho-thue-can-ho-chung-cu-thang-long-number-one80m2-2n-2vsfull\/#breadcrumb\",\"itemListElement\":[{\"@type\":\"ListItem\",\"position\":1,\"name\":\"Trang ch\u1ee7\",\"item\":\"https:\/\/mauweb.tamnguyen.vn\/bds29\/\"},{\"@type\":\"ListItem\",\"position\":2,\"name\":\"C\u1eeda h\u00e0ng\",\"item\":\"https:\/\/mauweb.tamnguyen.vn\/bds29\/cua-hang\/\"},{\"@type\":\"ListItem\",\"position\":3,\"name\":\"Cho Thu\u00ea C\u0103n H\u1ed9 Chung C\u01b0 Th\u0103ng Long Number One,- Nguy\u1ec5n Tr\u00e3i.80m2.2N.2VS,Full\"}]},{\"@type\":\"WebSite\",\"@id\":\"https:\/\/mauweb.tamnguyen.vn\/bds29\/#website\",\"url\":\"https:\/\/mauweb.tamnguyen.vn\/bds29\/\",\"name\":\"Cho thu\u00ea chung c\u01b0 H\u00e0 N\u1ed9i\",\"description\":\"\",\"potentialAction\":[{\"@type\":\"SearchAction\",\"target\":{\"@type\":\"EntryPoint\",\"urlTemplate\":\"https:\/\/mauweb.tamnguyen.vn\/bds29\/?s={search_term_string}\"},\"query-input\":\"required name=search_term_string\"}],\"inLanguage\":\"vi\"}]}<\/script>\n<!-- \/ Yoast SEO plugin. -->","yoast_head_json":{"title":"Cho Thu\u00ea C\u0103n H\u1ed9 Chung C\u01b0 Th\u0103ng Long Number One,- Nguy\u1ec5n Tr\u00e3i.80m2.2N.2VS,Full - Cho thu\u00ea chung c\u01b0 H\u00e0 N\u1ed9i","robots":{"index":"noindex","follow":"follow","max-snippet":"max-snippet:-1","max-image-preview":"max-image-preview:large","max-video-preview":"max-video-preview:-1"},"og_locale":"vi_VN","og_type":"article","og_title":"Cho Thu\u00ea C\u0103n H\u1ed9 Chung C\u01b0 Th\u0103ng Long Number One,- Nguy\u1ec5n Tr\u00e3i.80m2.2N.2VS,Full - Cho thu\u00ea chung c\u01b0 H\u00e0 N\u1ed9i","og_description":"cho thu\u00ea c\u0103n h\u1ed9 80m2,2N.2VS,full \u0111\u1ed3","og_url":"https:\/\/mauweb.tamnguyen.vn\/bds29\/san-pham\/cho-thue-can-ho-chung-cu-thang-long-number-one80m2-2n-2vsfull\/","og_site_name":"Cho thu\u00ea chung c\u01b0 H\u00e0 N\u1ed9i","article_modified_time":"2021-07-08T10:55:26+00:00","og_image":[{"width":956,"height":1276,"url":"https:\/\/mauweb.tamnguyen.vn\/bds29\/wp-content\/uploads\/2021\/02\/z2352648480762_6ba638df8fe48936e6db453a5f5161fa.jpg","type":"image\/jpeg"}],"twitter_card":"summary_large_image","twitter_misc":{"\u01af\u1edbc t\u00ednh th\u1eddi gian \u0111\u1ecdc":"1 ph\u00fat"},"schema":{"@context":"https:\/\/schema.org","@graph":[{"@type":"WebPage","@id":"https:\/\/mauweb.tamnguyen.vn\/bds29\/san-pham\/cho-thue-can-ho-chung-cu-thang-long-number-one80m2-2n-2vsfull\/","url":"https:\/\/mauweb.tamnguyen.vn\/bds29\/san-pham\/cho-thue-can-ho-chung-cu-thang-long-number-one80m2-2n-2vsfull\/","name":"Cho Thu\u00ea C\u0103n H\u1ed9 Chung C\u01b0 Th\u0103ng Long Number One,- Nguy\u1ec5n Tr\u00e3i.80m2.2N.2VS,Full - Cho thu\u00ea chung c\u01b0 H\u00e0 N\u1ed9i","isPartOf":{"@id":"https:\/\/mauweb.tamnguyen.vn\/bds29\/#website"},"datePublished":"2021-02-28T01:40:10+00:00","dateModified":"2021-07-08T10:55:26+00:00","breadcrumb":{"@id":"https:\/\/mauweb.tamnguyen.vn\/bds29\/san-pham\/cho-thue-can-ho-chung-cu-thang-long-number-one80m2-2n-2vsfull\/#breadcrumb"},"inLanguage":"vi","potentialAction":[{"@type":"ReadAction","target":["https:\/\/mauweb.tamnguyen.vn\/bds29\/san-pham\/cho-thue-can-ho-chung-cu-thang-long-number-one80m2-2n-2vsfull\/"]}]},{"@type":"BreadcrumbList","@id":"https:\/\/mauweb.tamnguyen.vn\/bds29\/san-pham\/cho-thue-can-ho-chung-cu-thang-long-number-one80m2-2n-2vsfull\/#breadcrumb","itemListElement":[{"@type":"ListItem","position":1,"name":"Trang ch\u1ee7","item":"https:\/\/mauweb.tamnguyen.vn\/bds29\/"},{"@type":"ListItem","position":2,"name":"C\u1eeda h\u00e0ng","item":"https:\/\/mauweb.tamnguyen.vn\/bds29\/cua-hang\/"},{"@type":"ListItem","position":3,"name":"Cho Thu\u00ea C\u0103n H\u1ed9 Chung C\u01b0 Th\u0103ng Long Number One,- Nguy\u1ec5n Tr\u00e3i.80m2.2N.2VS,Full"}]},{"@type":"WebSite","@id":"https:\/\/mauweb.tamnguyen.vn\/bds29\/#website","url":"https:\/\/mauweb.tamnguyen.vn\/bds29\/","name":"Cho thu\u00ea chung c\u01b0 H\u00e0 N\u1ed9i","description":"","potentialAction":[{"@type":"SearchAction","target":{"@type":"EntryPoint","urlTemplate":"https:\/\/mauweb.tamnguyen.vn\/bds29\/?s={search_term_string}"},"query-input":"required name=search_term_string"}],"inLanguage":"vi"}]}},"_links":{"self":[{"href":"https:\/\/mauweb.tamnguyen.vn\/bds29\/wp-json\/wp\/v2\/product\/2047"}],"collection":[{"href":"https:\/\/mauweb.tamnguyen.vn\/bds29\/wp-json\/wp\/v2\/product"}],"about":[{"href":"https:\/\/mauweb.tamnguyen.vn\/bds29\/wp-json\/wp\/v2\/types\/product"}],"replies":[{"embeddable":true,"href":"https:\/\/mauweb.tamnguyen.vn\/bds29\/wp-json\/wp\/v2\/comments?post=2047"}],"wp:featuredmedia":[{"embeddable":true,"href":"https:\/\/mauweb.tamnguyen.vn\/bds29\/wp-json\/wp\/v2\/media\/2050"}],"wp:attachment":[{"href":"https:\/\/mauweb.tamnguyen.vn\/bds29\/wp-json\/wp\/v2\/media?parent=2047"}],"wp:term":[{"taxonomy":"product_cat","embeddable":true,"href":"https:\/\/mauweb.tamnguyen.vn\/bds29\/wp-json\/wp\/v2\/product_cat?post=2047"},{"taxonomy":"product_tag","embeddable":true,"href":"https:\/\/mauweb.tamnguyen.vn\/bds29\/wp-json\/wp\/v2\/product_tag?post=2047"},{"taxonomy":"loai_du_an","embeddable":true,"href":"https:\/\/mauweb.tamnguyen.vn\/bds29\/wp-json\/wp\/v2\/loai_du_an?post=2047"},{"taxonomy":"khoang_gia","embeddable":true,"href":"https:\/\/mauweb.tamnguyen.vn\/bds29\/wp-json\/wp\/v2\/khoang_gia?post=2047"},{"taxonomy":"dien_tich","embeddable":true,"href":"https:\/\/mauweb.tamnguyen.vn\/bds29\/wp-json\/wp\/v2\/dien_tich?post=2047"},{"taxonomy":"phong_ngu","embeddable":true,"href":"https:\/\/mauweb.tamnguyen.vn\/bds29\/wp-json\/wp\/v2\/phong_ngu?post=2047"},{"taxonomy":"location","embeddable":true,"href":"https:\/\/mauweb.tamnguyen.vn\/bds29\/wp-json\/wp\/v2\/location?post=2047"}],"curies":[{"name":"wp","href":"https:\/\/api.w.org\/{rel}","templated":true}]}}