{"id":2031,"date":"2021-02-27T20:54:03","date_gmt":"2021-02-27T13:54:03","guid":{"rendered":"http:\/\/mau3.maudep.com.vn\/chungcu\/?post_type=product&#038;p=2031"},"modified":"2021-07-08T17:55:29","modified_gmt":"2021-07-08T10:55:29","slug":"toi-can-cho-thue-can-ho-goldenmark-s3-110m2-3n-2vs-full","status":"publish","type":"product","link":"https:\/\/mauweb.tamnguyen.vn\/bds29\/san-pham\/toi-can-cho-thue-can-ho-goldenmark-s3-110m2-3n-2vs-full\/","title":{"rendered":"Cho Thu\u00ea C\u0103n H\u1ed9 Goldenmark &#8211; S3 &#8211; M\u1ef9 \u0110\u00ecnh.110m2.3N.2VS.FULL"},"content":{"rendered":"<ol>\n<li>Th\u00f4ng tin c\u0103n h\u1ed9<\/li>\n<\/ol>\n<p>&nbsp;<\/p>\n<p>&#8211; Di\u1ec7n t\u00edch 110m2.<\/p>\n<p>&#8211; Thi\u1ebft k\u1ebf 3PN. 2VS<\/p>\n<p>&#8211;\u00a0 View \u0110\u1eb9p ,Tho\u00e1ng m\u00e1t,kh\u00f4ng \u1ed3n \u00e0o<\/p>\n<ol start=\"2\">\n<li>Ti\u1ec7n \u00edch<\/li>\n<\/ol>\n<p>gi\u1edbi thi\u1ec7u goldmark city 136 h\u1ed3 t\u00f9ng m\u1eadu.<\/p>\n<p>&#8211; G\u1ea7n c\u00e1c \u0111\u1eb7c khu kinh t\u1ebf l\u1edbn c\u1ee7a H\u00e0 N\u1ed9i v\u1edbi c\u00e1c doanh nghi\u1ec7p, c\u00e1c ng\u00e2n h\u00e0ng l\u1edbn<\/p>\n<p>&#8211; G\u1ea7n tr\u01b0\u1eddng h\u1ecdc c\u00e1c c\u1ea5p, m\u1ea7m non, b\u1ec3 b\u01a1i, nh\u00e0 h\u00e0ng, khu vui ch\u01a1i\u2026.<\/p>\n<p>&#8211; G\u1ea7n c\u00e1c tr\u01b0\u1eddng \u0110H l\u1edbn nh\u01b0 \u0110H Qu\u1ed1c Gia H\u00e0 N\u1ed9i, \u0110H Th\u01b0\u01a1ng M\u1ea1i, \u0110H S\u01b0 Ph\u1ea1m&#8230;<\/p>\n<p>&#8211; G\u1ea7n b\u1ebfn xa M\u1ef9 \u0110\u00ecnh, g\u1ea7n tuy\u1ebfn Metro <a style=\"color: #070000;\" href=\"https:\/\/magreviews.org\/\">magreviews<\/a> Nh\u1ed5n &#8211; Ga H\u00e0 N\u1ed9i<\/p>\n<p>&#8211; G\u1ea7n trung t\u00e2m H\u1ed9i Ngh\u1ecb Qu\u1ed1c Gia, s\u00e2n v\u1eadn \u0111\u1ed9ng M\u1ef9 \u0110\u00ecnh<\/p>\n<p>&#8211; L\u00e0 c\u1ea7u n\u1ed1i c\u00e1c tr\u1ee5c giao th\u00f4ng quan tr\u1ecdng nh\u01b0 \u0111\u01b0\u1eddng 32, \u0111\u01b0\u1eddng Ph\u1ea1m V\u0103n \u0110\u1ed3ng, \u0111\u01b0\u1eddng Ho\u00e0ng Qu\u1ed1c Vi\u1ec7t k\u00e9o d\u00e0i, \u0111\u01b0\u1eddng L\u00ea \u0110\u1ee9c Th\u1ecd&#8230;<\/p>\n<p>* C\u0103n h\u00f4\u0323 ly\u0301 t\u01b0\u01a1\u0309ng vi\u0323 tri\u0301 trung t\u00e2m ta\u0323i qu\u00e2\u0323n C\u00e2\u0300u Gi\u00e2\u0301y &#8211; Ha\u0300 N\u00f4\u0323i<\/p>\n<ol start=\"3\">\n<li>Gi\u00e1 thu\u00ea : 13 tr\/1 th\u00e1ng .thanh to\u00e1n 3 c\u1ecdc 1.<\/li>\n<li>N\u1ed9i th\u1ea5t full \u0111\u1ed3 : t\u1ee7 l\u1ea1nh, \u0111i\u1ec1u ho\u00e0, n\u00f3ng l\u1ea1nh, tivi, m\u00e1y gi\u1eb7t, gi\u01b0\u1eddng t\u1ee7,t\u1ee7 b\u1ebfp ,&#8230;&#8230;.<\/li>\n<\/ol>\n<p>&nbsp;<\/p>\n<p>&#8211; mi\u1ec5n ph\u00ed t\u01b0 v\u1ea5n v\u00e0 xem nh\u00e0<\/p>\n<p>&nbsp;<\/p>\n<ol start=\"5\">\n<li>Li\u00ean h\u1ec7<\/li>\n<\/ol>\n<p>S\u0110T : 0984750054<\/p>\n","protected":false},"excerpt":{"rendered":"<p>Cho thu\u00ea c\u0103n h\u1ed9 goldmark &#8211; S3,110m2.full \u0111\u1ed3<\/p>\n","protected":false},"featured_media":2033,"comment_status":"open","ping_status":"closed","template":"","meta":[],"product_cat":[171],"product_tag":[],"loai_du_an":[144],"khoang_gia":[288],"dien_tich":[302],"phong_ngu":[182],"location":[397,197,196],"class_list":["post-2031","product","type-product","status-publish","has-post-thumbnail","hentry","product_cat-can-mua-can-thue","loai_du_an-cho-thue-can-ho-chung-cu","khoang_gia-10-15-trieu","dien_tich-100-150-m2","phong_ngu-03-phong-ngu","location-du-an-golmark-city-ho-tung-mau","location-quan-bac-tu-liem","location-quan-nam-tu-liem"],"acf":[],"yoast_head":"<!-- This site is optimized with the Yoast SEO plugin v19.8 - https:\/\/yoast.com\/wordpress\/plugins\/seo\/ -->\n<title>Cho Thu\u00ea C\u0103n H\u1ed9 Goldenmark - S3 - M\u1ef9 \u0110\u00ecnh.110m2.3N.2VS.FULL - Cho thu\u00ea chung c\u01b0 H\u00e0 N\u1ed9i<\/title>\n<meta name=\"robots\" content=\"noindex, follow, max-snippet:-1, max-image-preview:large, max-video-preview:-1\" \/>\n<meta property=\"og:locale\" content=\"vi_VN\" \/>\n<meta property=\"og:type\" content=\"article\" \/>\n<meta property=\"og:title\" content=\"Cho Thu\u00ea C\u0103n H\u1ed9 Goldenmark - S3 - M\u1ef9 \u0110\u00ecnh.110m2.3N.2VS.FULL - Cho thu\u00ea chung c\u01b0 H\u00e0 N\u1ed9i\" \/>\n<meta property=\"og:description\" content=\"Cho thu\u00ea c\u0103n h\u1ed9 goldmark - S3,110m2.full \u0111\u1ed3\" \/>\n<meta property=\"og:url\" content=\"https:\/\/mauweb.tamnguyen.vn\/bds29\/san-pham\/toi-can-cho-thue-can-ho-goldenmark-s3-110m2-3n-2vs-full\/\" \/>\n<meta property=\"og:site_name\" content=\"Cho thu\u00ea chung c\u01b0 H\u00e0 N\u1ed9i\" \/>\n<meta property=\"article:modified_time\" content=\"2021-07-08T10:55:29+00:00\" \/>\n<meta property=\"og:image\" content=\"https:\/\/mauweb.tamnguyen.vn\/bds29\/wp-content\/uploads\/2021\/02\/z2352204207201_7fdf9e2413f5e36eee9783a94a9e7fc3.jpg\" \/>\n\t<meta property=\"og:image:width\" content=\"1440\" \/>\n\t<meta property=\"og:image:height\" content=\"2561\" \/>\n\t<meta property=\"og:image:type\" content=\"image\/jpeg\" \/>\n<meta name=\"twitter:card\" content=\"summary_large_image\" \/>\n<meta name=\"twitter:label1\" content=\"\u01af\u1edbc t\u00ednh th\u1eddi gian \u0111\u1ecdc\" \/>\n\t<meta name=\"twitter:data1\" content=\"1 ph\u00fat\" \/>\n<script type=\"application\/ld+json\" class=\"yoast-schema-graph\">{\"@context\":\"https:\/\/schema.org\",\"@graph\":[{\"@type\":\"WebPage\",\"@id\":\"https:\/\/mauweb.tamnguyen.vn\/bds29\/san-pham\/toi-can-cho-thue-can-ho-goldenmark-s3-110m2-3n-2vs-full\/\",\"url\":\"https:\/\/mauweb.tamnguyen.vn\/bds29\/san-pham\/toi-can-cho-thue-can-ho-goldenmark-s3-110m2-3n-2vs-full\/\",\"name\":\"Cho Thu\u00ea C\u0103n H\u1ed9 Goldenmark - S3 - M\u1ef9 \u0110\u00ecnh.110m2.3N.2VS.FULL - Cho thu\u00ea chung c\u01b0 H\u00e0 N\u1ed9i\",\"isPartOf\":{\"@id\":\"https:\/\/mauweb.tamnguyen.vn\/bds29\/#website\"},\"datePublished\":\"2021-02-27T13:54:03+00:00\",\"dateModified\":\"2021-07-08T10:55:29+00:00\",\"breadcrumb\":{\"@id\":\"https:\/\/mauweb.tamnguyen.vn\/bds29\/san-pham\/toi-can-cho-thue-can-ho-goldenmark-s3-110m2-3n-2vs-full\/#breadcrumb\"},\"inLanguage\":\"vi\",\"potentialAction\":[{\"@type\":\"ReadAction\",\"target\":[\"https:\/\/mauweb.tamnguyen.vn\/bds29\/san-pham\/toi-can-cho-thue-can-ho-goldenmark-s3-110m2-3n-2vs-full\/\"]}]},{\"@type\":\"BreadcrumbList\",\"@id\":\"https:\/\/mauweb.tamnguyen.vn\/bds29\/san-pham\/toi-can-cho-thue-can-ho-goldenmark-s3-110m2-3n-2vs-full\/#breadcrumb\",\"itemListElement\":[{\"@type\":\"ListItem\",\"position\":1,\"name\":\"Trang ch\u1ee7\",\"item\":\"https:\/\/mauweb.tamnguyen.vn\/bds29\/\"},{\"@type\":\"ListItem\",\"position\":2,\"name\":\"C\u1eeda h\u00e0ng\",\"item\":\"https:\/\/mauweb.tamnguyen.vn\/bds29\/cua-hang\/\"},{\"@type\":\"ListItem\",\"position\":3,\"name\":\"Cho Thu\u00ea C\u0103n H\u1ed9 Goldenmark &#8211; S3 &#8211; M\u1ef9 \u0110\u00ecnh.110m2.3N.2VS.FULL\"}]},{\"@type\":\"WebSite\",\"@id\":\"https:\/\/mauweb.tamnguyen.vn\/bds29\/#website\",\"url\":\"https:\/\/mauweb.tamnguyen.vn\/bds29\/\",\"name\":\"Cho thu\u00ea chung c\u01b0 H\u00e0 N\u1ed9i\",\"description\":\"\",\"potentialAction\":[{\"@type\":\"SearchAction\",\"target\":{\"@type\":\"EntryPoint\",\"urlTemplate\":\"https:\/\/mauweb.tamnguyen.vn\/bds29\/?s={search_term_string}\"},\"query-input\":\"required name=search_term_string\"}],\"inLanguage\":\"vi\"}]}<\/script>\n<!-- \/ Yoast SEO plugin. -->","yoast_head_json":{"title":"Cho Thu\u00ea C\u0103n H\u1ed9 Goldenmark - S3 - M\u1ef9 \u0110\u00ecnh.110m2.3N.2VS.FULL - Cho thu\u00ea chung c\u01b0 H\u00e0 N\u1ed9i","robots":{"index":"noindex","follow":"follow","max-snippet":"max-snippet:-1","max-image-preview":"max-image-preview:large","max-video-preview":"max-video-preview:-1"},"og_locale":"vi_VN","og_type":"article","og_title":"Cho Thu\u00ea C\u0103n H\u1ed9 Goldenmark - S3 - M\u1ef9 \u0110\u00ecnh.110m2.3N.2VS.FULL - Cho thu\u00ea chung c\u01b0 H\u00e0 N\u1ed9i","og_description":"Cho thu\u00ea c\u0103n h\u1ed9 goldmark - S3,110m2.full \u0111\u1ed3","og_url":"https:\/\/mauweb.tamnguyen.vn\/bds29\/san-pham\/toi-can-cho-thue-can-ho-goldenmark-s3-110m2-3n-2vs-full\/","og_site_name":"Cho thu\u00ea chung c\u01b0 H\u00e0 N\u1ed9i","article_modified_time":"2021-07-08T10:55:29+00:00","og_image":[{"width":1440,"height":2561,"url":"https:\/\/mauweb.tamnguyen.vn\/bds29\/wp-content\/uploads\/2021\/02\/z2352204207201_7fdf9e2413f5e36eee9783a94a9e7fc3.jpg","type":"image\/jpeg"}],"twitter_card":"summary_large_image","twitter_misc":{"\u01af\u1edbc t\u00ednh th\u1eddi gian \u0111\u1ecdc":"1 ph\u00fat"},"schema":{"@context":"https:\/\/schema.org","@graph":[{"@type":"WebPage","@id":"https:\/\/mauweb.tamnguyen.vn\/bds29\/san-pham\/toi-can-cho-thue-can-ho-goldenmark-s3-110m2-3n-2vs-full\/","url":"https:\/\/mauweb.tamnguyen.vn\/bds29\/san-pham\/toi-can-cho-thue-can-ho-goldenmark-s3-110m2-3n-2vs-full\/","name":"Cho Thu\u00ea C\u0103n H\u1ed9 Goldenmark - S3 - M\u1ef9 \u0110\u00ecnh.110m2.3N.2VS.FULL - Cho thu\u00ea chung c\u01b0 H\u00e0 N\u1ed9i","isPartOf":{"@id":"https:\/\/mauweb.tamnguyen.vn\/bds29\/#website"},"datePublished":"2021-02-27T13:54:03+00:00","dateModified":"2021-07-08T10:55:29+00:00","breadcrumb":{"@id":"https:\/\/mauweb.tamnguyen.vn\/bds29\/san-pham\/toi-can-cho-thue-can-ho-goldenmark-s3-110m2-3n-2vs-full\/#breadcrumb"},"inLanguage":"vi","potentialAction":[{"@type":"ReadAction","target":["https:\/\/mauweb.tamnguyen.vn\/bds29\/san-pham\/toi-can-cho-thue-can-ho-goldenmark-s3-110m2-3n-2vs-full\/"]}]},{"@type":"BreadcrumbList","@id":"https:\/\/mauweb.tamnguyen.vn\/bds29\/san-pham\/toi-can-cho-thue-can-ho-goldenmark-s3-110m2-3n-2vs-full\/#breadcrumb","itemListElement":[{"@type":"ListItem","position":1,"name":"Trang ch\u1ee7","item":"https:\/\/mauweb.tamnguyen.vn\/bds29\/"},{"@type":"ListItem","position":2,"name":"C\u1eeda h\u00e0ng","item":"https:\/\/mauweb.tamnguyen.vn\/bds29\/cua-hang\/"},{"@type":"ListItem","position":3,"name":"Cho Thu\u00ea C\u0103n H\u1ed9 Goldenmark &#8211; S3 &#8211; M\u1ef9 \u0110\u00ecnh.110m2.3N.2VS.FULL"}]},{"@type":"WebSite","@id":"https:\/\/mauweb.tamnguyen.vn\/bds29\/#website","url":"https:\/\/mauweb.tamnguyen.vn\/bds29\/","name":"Cho thu\u00ea chung c\u01b0 H\u00e0 N\u1ed9i","description":"","potentialAction":[{"@type":"SearchAction","target":{"@type":"EntryPoint","urlTemplate":"https:\/\/mauweb.tamnguyen.vn\/bds29\/?s={search_term_string}"},"query-input":"required name=search_term_string"}],"inLanguage":"vi"}]}},"_links":{"self":[{"href":"https:\/\/mauweb.tamnguyen.vn\/bds29\/wp-json\/wp\/v2\/product\/2031"}],"collection":[{"href":"https:\/\/mauweb.tamnguyen.vn\/bds29\/wp-json\/wp\/v2\/product"}],"about":[{"href":"https:\/\/mauweb.tamnguyen.vn\/bds29\/wp-json\/wp\/v2\/types\/product"}],"replies":[{"embeddable":true,"href":"https:\/\/mauweb.tamnguyen.vn\/bds29\/wp-json\/wp\/v2\/comments?post=2031"}],"wp:featuredmedia":[{"embeddable":true,"href":"https:\/\/mauweb.tamnguyen.vn\/bds29\/wp-json\/wp\/v2\/media\/2033"}],"wp:attachment":[{"href":"https:\/\/mauweb.tamnguyen.vn\/bds29\/wp-json\/wp\/v2\/media?parent=2031"}],"wp:term":[{"taxonomy":"product_cat","embeddable":true,"href":"https:\/\/mauweb.tamnguyen.vn\/bds29\/wp-json\/wp\/v2\/product_cat?post=2031"},{"taxonomy":"product_tag","embeddable":true,"href":"https:\/\/mauweb.tamnguyen.vn\/bds29\/wp-json\/wp\/v2\/product_tag?post=2031"},{"taxonomy":"loai_du_an","embeddable":true,"href":"https:\/\/mauweb.tamnguyen.vn\/bds29\/wp-json\/wp\/v2\/loai_du_an?post=2031"},{"taxonomy":"khoang_gia","embeddable":true,"href":"https:\/\/mauweb.tamnguyen.vn\/bds29\/wp-json\/wp\/v2\/khoang_gia?post=2031"},{"taxonomy":"dien_tich","embeddable":true,"href":"https:\/\/mauweb.tamnguyen.vn\/bds29\/wp-json\/wp\/v2\/dien_tich?post=2031"},{"taxonomy":"phong_ngu","embeddable":true,"href":"https:\/\/mauweb.tamnguyen.vn\/bds29\/wp-json\/wp\/v2\/phong_ngu?post=2031"},{"taxonomy":"location","embeddable":true,"href":"https:\/\/mauweb.tamnguyen.vn\/bds29\/wp-json\/wp\/v2\/location?post=2031"}],"curies":[{"name":"wp","href":"https:\/\/api.w.org\/{rel}","templated":true}]}}