{"id":2024,"date":"2021-02-27T20:33:40","date_gmt":"2021-02-27T13:33:40","guid":{"rendered":"http:\/\/mau3.maudep.com.vn\/chungcu\/?post_type=product&#038;p=2024"},"modified":"2021-07-08T17:51:40","modified_gmt":"2021-07-08T10:51:40","slug":"cho-thue-chung-cu-c6-nguyen-co-thach-106m2-3n2vsfull","status":"publish","type":"product","link":"https:\/\/mauweb.tamnguyen.vn\/bds29\/san-pham\/cho-thue-chung-cu-c6-nguyen-co-thach-106m2-3n2vsfull\/","title":{"rendered":"Cho Thu\u00ea Chung C\u01b0 C6 Nguy\u1ec5n C\u01a1 Th\u1ea1ch,-M\u1ef9 \u0110\u00ecnh. 106m2, 3N,2VS,full"},"content":{"rendered":"<p>1. Th\u00f4ng tin c\u0103n h\u1ed9<br \/>\nC\u0103n h\u1ed9 r\u1ed9ng 106m2 (3PN,2WC).<\/p>\n<p>&#8211; Full n\u1ed9i th\u1ea5t : t\u1ee7 b\u1ebfp, \u0111i\u1ec1u h\u00f2a, n\u00f3ng l\u1ea1nh, gi\u01b0\u1eddng, t\u1ee7. k\u1ec7 b\u1ebfp, tivi, m\u00e1y gi\u1eb7t ..<\/p>\n<p>2. Ti\u1ec7n \u00edch<\/p>\n<p>&#8211; N\u1eb1m tr\u00ean m\u1eb7t \u0111\u01b0\u1eddng Nguy\u1ec5n C\u01a1 Th\u1ea1ch\u00a0 xung quang l\u00e0 h\u1ec7 th\u1ed1ng c\u00e1c CC cao c\u1ea5p nh\u01b0 Vinhome Gardenia, Mon City, Iris Garden, Sunquare&#8230;.<\/p>\n<p>&#8211; G\u1ea7n c\u00e1c tr\u01b0\u1eddng \u0110H: \u0110H Th\u01b0\u01a1ng M\u1ea1i, \u0110H S\u00e2n kh\u1ea5u \u0110i\u1ec7n \u1ea3nh, C\u0110 m\u00faa, C\u0110 Du l\u1ecbch, \u0110H Qu\u1ed1c Gia&#8230;<\/p>\n<p>&#8211; C\u00e1ch SV\u0110 M\u1ef9 \u0110\u00ecnh v\u00e0 B\u1ebfn xe M\u1ef9 \u0110\u00ecnh 2km&#8230;<\/p>\n<p>&#8211; Di chuy\u1ec3n ra \u0111\u01b0\u1eddng L\u00ea \u0110\u1ee9c Th\u1ecd, H\u1ed3 T\u00f9ng M\u1eadu, Ph\u1ea1m H\u00f9ng ch\u1ec9 2 ph\u00fat l\u00e1i xe<\/p>\n<p>H\u1ec7 th\u1ed1ng ti\u1ec7n \u00edch n\u1ed9i v\u00e0 ngo\u1ea1i khu phong ph\u00fa:<\/p>\n<p>&#8211; Si\u00eau th\u1ecb, TTTM<\/p>\n<p>&#8211; Nh\u00e0 h\u00e0ng, cafe <a style=\"color: #070000;\" href=\"https:\/\/nyproducts.org\/\">home<\/a><\/p>\n<p>&#8211; Gym, fitness<\/p>\n<p>&#8211; Nh\u00e0 tr\u1ebb&#8230;<\/p>\n<p>3. Gi\u00e1 thu\u00ea:<br \/>\nGi\u00e1 thu\u00ea: 10tr\/th\u00e1ng, thanh to\u00e1n 3 th\u00e1ng c\u1ecdc 1 th\u00e1ng.<\/p>\n<p>4. Li\u00ean h\u1ec7<br \/>\nS\u0110T 0984750054<\/p>\n","protected":false},"excerpt":{"rendered":"<p>Cho Thu\u00ea C\u0103n H\u1ed9 CC C6 &#8211; nguy\u1ec5n c\u01a1 th\u1ea1ch , 106m2.3N.2VS, FULL \u0110\u1ed3<\/p>\n","protected":false},"featured_media":2028,"comment_status":"open","ping_status":"closed","template":"","meta":[],"product_cat":[171],"product_tag":[],"loai_du_an":[144],"khoang_gia":[288],"dien_tich":[302],"phong_ngu":[182],"location":[357,196],"class_list":["post-2024","product","type-product","status-publish","has-post-thumbnail","hentry","product_cat-can-mua-can-thue","loai_du_an-cho-thue-can-ho-chung-cu","khoang_gia-10-15-trieu","dien_tich-100-150-m2","phong_ngu-03-phong-ngu","location-du-an-chung-cu-c6-nguyen-co-thach","location-quan-nam-tu-liem"],"acf":[],"yoast_head":"<!-- This site is optimized with the Yoast SEO plugin v19.8 - https:\/\/yoast.com\/wordpress\/plugins\/seo\/ -->\n<title>Cho Thu\u00ea Chung C\u01b0 C6 Nguy\u1ec5n C\u01a1 Th\u1ea1ch,-M\u1ef9 \u0110\u00ecnh. 106m2, 3N,2VS,full - Cho thu\u00ea chung c\u01b0 H\u00e0 N\u1ed9i<\/title>\n<meta name=\"robots\" content=\"noindex, follow, max-snippet:-1, max-image-preview:large, max-video-preview:-1\" \/>\n<meta property=\"og:locale\" content=\"vi_VN\" \/>\n<meta property=\"og:type\" content=\"article\" \/>\n<meta property=\"og:title\" content=\"Cho Thu\u00ea Chung C\u01b0 C6 Nguy\u1ec5n C\u01a1 Th\u1ea1ch,-M\u1ef9 \u0110\u00ecnh. 106m2, 3N,2VS,full - Cho thu\u00ea chung c\u01b0 H\u00e0 N\u1ed9i\" \/>\n<meta property=\"og:description\" content=\"Cho Thu\u00ea C\u0103n H\u1ed9 CC C6 - nguy\u1ec5n c\u01a1 th\u1ea1ch , 106m2.3N.2VS, FULL \u0110\u1ed3\" \/>\n<meta property=\"og:url\" content=\"https:\/\/mauweb.tamnguyen.vn\/bds29\/san-pham\/cho-thue-chung-cu-c6-nguyen-co-thach-106m2-3n2vsfull\/\" \/>\n<meta property=\"og:site_name\" content=\"Cho thu\u00ea chung c\u01b0 H\u00e0 N\u1ed9i\" \/>\n<meta property=\"article:modified_time\" content=\"2021-07-08T10:51:40+00:00\" \/>\n<meta property=\"og:image\" content=\"https:\/\/mauweb.tamnguyen.vn\/bds29\/wp-content\/uploads\/2021\/02\/z2352318178671_9d30a1c1b5def7560639c9fd66727b28.jpg\" \/>\n\t<meta property=\"og:image:width\" content=\"960\" \/>\n\t<meta property=\"og:image:height\" content=\"1280\" \/>\n\t<meta property=\"og:image:type\" content=\"image\/jpeg\" \/>\n<meta name=\"twitter:card\" content=\"summary_large_image\" \/>\n<meta name=\"twitter:label1\" content=\"\u01af\u1edbc t\u00ednh th\u1eddi gian \u0111\u1ecdc\" \/>\n\t<meta name=\"twitter:data1\" content=\"1 ph\u00fat\" \/>\n<script type=\"application\/ld+json\" class=\"yoast-schema-graph\">{\"@context\":\"https:\/\/schema.org\",\"@graph\":[{\"@type\":\"WebPage\",\"@id\":\"https:\/\/mauweb.tamnguyen.vn\/bds29\/san-pham\/cho-thue-chung-cu-c6-nguyen-co-thach-106m2-3n2vsfull\/\",\"url\":\"https:\/\/mauweb.tamnguyen.vn\/bds29\/san-pham\/cho-thue-chung-cu-c6-nguyen-co-thach-106m2-3n2vsfull\/\",\"name\":\"Cho Thu\u00ea Chung C\u01b0 C6 Nguy\u1ec5n C\u01a1 Th\u1ea1ch,-M\u1ef9 \u0110\u00ecnh. 106m2, 3N,2VS,full - Cho thu\u00ea chung c\u01b0 H\u00e0 N\u1ed9i\",\"isPartOf\":{\"@id\":\"https:\/\/mauweb.tamnguyen.vn\/bds29\/#website\"},\"datePublished\":\"2021-02-27T13:33:40+00:00\",\"dateModified\":\"2021-07-08T10:51:40+00:00\",\"breadcrumb\":{\"@id\":\"https:\/\/mauweb.tamnguyen.vn\/bds29\/san-pham\/cho-thue-chung-cu-c6-nguyen-co-thach-106m2-3n2vsfull\/#breadcrumb\"},\"inLanguage\":\"vi\",\"potentialAction\":[{\"@type\":\"ReadAction\",\"target\":[\"https:\/\/mauweb.tamnguyen.vn\/bds29\/san-pham\/cho-thue-chung-cu-c6-nguyen-co-thach-106m2-3n2vsfull\/\"]}]},{\"@type\":\"BreadcrumbList\",\"@id\":\"https:\/\/mauweb.tamnguyen.vn\/bds29\/san-pham\/cho-thue-chung-cu-c6-nguyen-co-thach-106m2-3n2vsfull\/#breadcrumb\",\"itemListElement\":[{\"@type\":\"ListItem\",\"position\":1,\"name\":\"Trang ch\u1ee7\",\"item\":\"https:\/\/mauweb.tamnguyen.vn\/bds29\/\"},{\"@type\":\"ListItem\",\"position\":2,\"name\":\"C\u1eeda h\u00e0ng\",\"item\":\"https:\/\/mauweb.tamnguyen.vn\/bds29\/cua-hang\/\"},{\"@type\":\"ListItem\",\"position\":3,\"name\":\"Cho Thu\u00ea Chung C\u01b0 C6 Nguy\u1ec5n C\u01a1 Th\u1ea1ch,-M\u1ef9 \u0110\u00ecnh. 106m2, 3N,2VS,full\"}]},{\"@type\":\"WebSite\",\"@id\":\"https:\/\/mauweb.tamnguyen.vn\/bds29\/#website\",\"url\":\"https:\/\/mauweb.tamnguyen.vn\/bds29\/\",\"name\":\"Cho thu\u00ea chung c\u01b0 H\u00e0 N\u1ed9i\",\"description\":\"\",\"potentialAction\":[{\"@type\":\"SearchAction\",\"target\":{\"@type\":\"EntryPoint\",\"urlTemplate\":\"https:\/\/mauweb.tamnguyen.vn\/bds29\/?s={search_term_string}\"},\"query-input\":\"required name=search_term_string\"}],\"inLanguage\":\"vi\"}]}<\/script>\n<!-- \/ Yoast SEO plugin. -->","yoast_head_json":{"title":"Cho Thu\u00ea Chung C\u01b0 C6 Nguy\u1ec5n C\u01a1 Th\u1ea1ch,-M\u1ef9 \u0110\u00ecnh. 106m2, 3N,2VS,full - Cho thu\u00ea chung c\u01b0 H\u00e0 N\u1ed9i","robots":{"index":"noindex","follow":"follow","max-snippet":"max-snippet:-1","max-image-preview":"max-image-preview:large","max-video-preview":"max-video-preview:-1"},"og_locale":"vi_VN","og_type":"article","og_title":"Cho Thu\u00ea Chung C\u01b0 C6 Nguy\u1ec5n C\u01a1 Th\u1ea1ch,-M\u1ef9 \u0110\u00ecnh. 106m2, 3N,2VS,full - Cho thu\u00ea chung c\u01b0 H\u00e0 N\u1ed9i","og_description":"Cho Thu\u00ea C\u0103n H\u1ed9 CC C6 - nguy\u1ec5n c\u01a1 th\u1ea1ch , 106m2.3N.2VS, FULL \u0110\u1ed3","og_url":"https:\/\/mauweb.tamnguyen.vn\/bds29\/san-pham\/cho-thue-chung-cu-c6-nguyen-co-thach-106m2-3n2vsfull\/","og_site_name":"Cho thu\u00ea chung c\u01b0 H\u00e0 N\u1ed9i","article_modified_time":"2021-07-08T10:51:40+00:00","og_image":[{"width":960,"height":1280,"url":"https:\/\/mauweb.tamnguyen.vn\/bds29\/wp-content\/uploads\/2021\/02\/z2352318178671_9d30a1c1b5def7560639c9fd66727b28.jpg","type":"image\/jpeg"}],"twitter_card":"summary_large_image","twitter_misc":{"\u01af\u1edbc t\u00ednh th\u1eddi gian \u0111\u1ecdc":"1 ph\u00fat"},"schema":{"@context":"https:\/\/schema.org","@graph":[{"@type":"WebPage","@id":"https:\/\/mauweb.tamnguyen.vn\/bds29\/san-pham\/cho-thue-chung-cu-c6-nguyen-co-thach-106m2-3n2vsfull\/","url":"https:\/\/mauweb.tamnguyen.vn\/bds29\/san-pham\/cho-thue-chung-cu-c6-nguyen-co-thach-106m2-3n2vsfull\/","name":"Cho Thu\u00ea Chung C\u01b0 C6 Nguy\u1ec5n C\u01a1 Th\u1ea1ch,-M\u1ef9 \u0110\u00ecnh. 106m2, 3N,2VS,full - Cho thu\u00ea chung c\u01b0 H\u00e0 N\u1ed9i","isPartOf":{"@id":"https:\/\/mauweb.tamnguyen.vn\/bds29\/#website"},"datePublished":"2021-02-27T13:33:40+00:00","dateModified":"2021-07-08T10:51:40+00:00","breadcrumb":{"@id":"https:\/\/mauweb.tamnguyen.vn\/bds29\/san-pham\/cho-thue-chung-cu-c6-nguyen-co-thach-106m2-3n2vsfull\/#breadcrumb"},"inLanguage":"vi","potentialAction":[{"@type":"ReadAction","target":["https:\/\/mauweb.tamnguyen.vn\/bds29\/san-pham\/cho-thue-chung-cu-c6-nguyen-co-thach-106m2-3n2vsfull\/"]}]},{"@type":"BreadcrumbList","@id":"https:\/\/mauweb.tamnguyen.vn\/bds29\/san-pham\/cho-thue-chung-cu-c6-nguyen-co-thach-106m2-3n2vsfull\/#breadcrumb","itemListElement":[{"@type":"ListItem","position":1,"name":"Trang ch\u1ee7","item":"https:\/\/mauweb.tamnguyen.vn\/bds29\/"},{"@type":"ListItem","position":2,"name":"C\u1eeda h\u00e0ng","item":"https:\/\/mauweb.tamnguyen.vn\/bds29\/cua-hang\/"},{"@type":"ListItem","position":3,"name":"Cho Thu\u00ea Chung C\u01b0 C6 Nguy\u1ec5n C\u01a1 Th\u1ea1ch,-M\u1ef9 \u0110\u00ecnh. 106m2, 3N,2VS,full"}]},{"@type":"WebSite","@id":"https:\/\/mauweb.tamnguyen.vn\/bds29\/#website","url":"https:\/\/mauweb.tamnguyen.vn\/bds29\/","name":"Cho thu\u00ea chung c\u01b0 H\u00e0 N\u1ed9i","description":"","potentialAction":[{"@type":"SearchAction","target":{"@type":"EntryPoint","urlTemplate":"https:\/\/mauweb.tamnguyen.vn\/bds29\/?s={search_term_string}"},"query-input":"required name=search_term_string"}],"inLanguage":"vi"}]}},"_links":{"self":[{"href":"https:\/\/mauweb.tamnguyen.vn\/bds29\/wp-json\/wp\/v2\/product\/2024"}],"collection":[{"href":"https:\/\/mauweb.tamnguyen.vn\/bds29\/wp-json\/wp\/v2\/product"}],"about":[{"href":"https:\/\/mauweb.tamnguyen.vn\/bds29\/wp-json\/wp\/v2\/types\/product"}],"replies":[{"embeddable":true,"href":"https:\/\/mauweb.tamnguyen.vn\/bds29\/wp-json\/wp\/v2\/comments?post=2024"}],"wp:featuredmedia":[{"embeddable":true,"href":"https:\/\/mauweb.tamnguyen.vn\/bds29\/wp-json\/wp\/v2\/media\/2028"}],"wp:attachment":[{"href":"https:\/\/mauweb.tamnguyen.vn\/bds29\/wp-json\/wp\/v2\/media?parent=2024"}],"wp:term":[{"taxonomy":"product_cat","embeddable":true,"href":"https:\/\/mauweb.tamnguyen.vn\/bds29\/wp-json\/wp\/v2\/product_cat?post=2024"},{"taxonomy":"product_tag","embeddable":true,"href":"https:\/\/mauweb.tamnguyen.vn\/bds29\/wp-json\/wp\/v2\/product_tag?post=2024"},{"taxonomy":"loai_du_an","embeddable":true,"href":"https:\/\/mauweb.tamnguyen.vn\/bds29\/wp-json\/wp\/v2\/loai_du_an?post=2024"},{"taxonomy":"khoang_gia","embeddable":true,"href":"https:\/\/mauweb.tamnguyen.vn\/bds29\/wp-json\/wp\/v2\/khoang_gia?post=2024"},{"taxonomy":"dien_tich","embeddable":true,"href":"https:\/\/mauweb.tamnguyen.vn\/bds29\/wp-json\/wp\/v2\/dien_tich?post=2024"},{"taxonomy":"phong_ngu","embeddable":true,"href":"https:\/\/mauweb.tamnguyen.vn\/bds29\/wp-json\/wp\/v2\/phong_ngu?post=2024"},{"taxonomy":"location","embeddable":true,"href":"https:\/\/mauweb.tamnguyen.vn\/bds29\/wp-json\/wp\/v2\/location?post=2024"}],"curies":[{"name":"wp","href":"https:\/\/api.w.org\/{rel}","templated":true}]}}