{"id":1993,"date":"2021-02-25T18:49:07","date_gmt":"2021-02-25T11:49:07","guid":{"rendered":"http:\/\/mau3.maudep.com.vn\/chungcu\/?post_type=product&#038;p=1993"},"modified":"2021-03-02T12:00:28","modified_gmt":"2021-03-02T05:00:28","slug":"gia-dinh-toi-can-cho-thue-chung-cu-goldmark-r3-78m2-2n","status":"publish","type":"product","link":"https:\/\/mauweb.tamnguyen.vn\/bds29\/san-pham\/gia-dinh-toi-can-cho-thue-chung-cu-goldmark-r3-78m2-2n\/","title":{"rendered":"Gia \u0110\u00ecnh T\u00f4i C\u1ea7n Cho Thu\u00ea Chung C\u01b0 Goldmark R3 &#8211; M\u1ef9 \u0110\u00ecnh.. 78m2.2N"},"content":{"rendered":"<ol>\n<li>Th\u00f4ng tin c\u0103n h\u1ed9 :<\/li>\n<\/ol>\n<p>&#8211; Di\u1ec7n t\u00edch 78m2.<\/p>\n<p>&#8211; Thi\u1ebft k\u1ebf : 2PN. 2VS<\/p>\n<ol start=\"2\">\n<li>Ti\u1ec7n \u00edch:<\/li>\n<\/ol>\n<p>&#8211; G\u1ea7n c\u00e1c \u0111\u1eb7c khu kinh t\u1ebf l\u1edbn c\u1ee7a H\u00e0 N\u1ed9i v\u1edbi c\u00e1c doanh nghi\u1ec7p, c\u00e1c ng\u00e2n h\u00e0ng l\u1edbn<\/p>\n<p>&#8211; G\u1ea7n tr\u01b0\u1eddng h\u1ecdc c\u00e1c c\u1ea5p, m\u1ea7m non, b\u1ec3 b\u01a1i, nh\u00e0 h\u00e0ng, khu vui ch\u01a1i\u2026.<\/p>\n<p>&#8211; G\u1ea7n c\u00e1c tr\u01b0\u1eddng \u0110H l\u1edbn nh\u01b0 \u0110H Qu\u1ed1c Gia H\u00e0 N\u1ed9i, \u0110H Th\u01b0\u01a1ng M\u1ea1i, \u0110H S\u01b0 Ph\u1ea1m&#8230;<\/p>\n<p>&#8211; G\u1ea7n b\u1ebfn xa M\u1ef9 \u0110\u00ecnh, g\u1ea7n tuy\u1ebfn Metro Nh\u1ed5n &#8211; Ga H\u00e0 N\u1ed9i<\/p>\n<p>&#8211; G\u1ea7n trung t\u00e2m H\u1ed9i Ngh\u1ecb Qu\u1ed1c Gia, s\u00e2n v\u1eadn \u0111\u1ed9ng M\u1ef9 \u0110\u00ecnh<\/p>\n<p>&#8211; L\u00e0 c\u1ea7u n\u1ed1i c\u00e1c tr\u1ee5c giao th\u00f4ng quan tr\u1ecdng nh\u01b0 \u0111\u01b0\u1eddng 32, \u0111\u01b0\u1eddng Ph\u1ea1m V\u0103n \u0110\u1ed3ng, \u0111\u01b0\u1eddng Ho\u00e0ng Qu\u1ed1c Vi\u1ec7t k\u00e9o d\u00e0i, \u0111\u01b0\u1eddng L\u00ea \u0110\u1ee9c Th\u1ecd&#8230;<\/p>\n<p>* C\u0103n h\u00f4\u0323 ly\u0301 t\u01b0\u01a1\u0309ng vi\u0323 tri\u0301 trung t\u00e2m ta\u0323i qu\u00e2\u0323n C\u00e2\u0300u Gi\u00e2\u0301y &#8211; Ha\u0300 N\u00f4\u0323i<\/p>\n<ol start=\"3\">\n<li>Gi\u00e1 thu\u00ea : 10tr\/1 th\u00e1ng .thanh to\u00e1n 3 c\u1ecdc 1.<\/li>\n<li>N\u1ed9i th\u1ea5t full \u0111\u1ed3 : t\u1ee7 l\u1ea1nh, \u0111i\u1ec1u ho\u00e0, n\u00f3ng l\u1ea1nh, tivi, m\u00e1y gi\u1eb7t, gi\u01b0\u1eddng t\u1ee7,t\u1ee7 b\u1ebfp ,&#8230;&#8230;.<\/li>\n<\/ol>\n<p>&#8211; mi\u1ec5n ph\u00ed t\u01b0 v\u1ea5n v\u00e0 xem nh\u00e0<\/p>\n<ol start=\"5\">\n<li>Li\u00ean h\u1ec7 : 0984750054<\/li>\n<\/ol>\n","protected":false},"excerpt":{"rendered":"<p>cho thu\u00ea c\u0103n h\u1ed9 78m2.2N.2VS.full \u0110\u1ed3<\/p>\n","protected":false},"featured_media":1999,"comment_status":"open","ping_status":"closed","template":"","meta":[],"product_cat":[171],"product_tag":[],"loai_du_an":[144],"khoang_gia":[286],"dien_tich":[299],"phong_ngu":[181],"location":[397,197],"class_list":["post-1993","product","type-product","status-publish","has-post-thumbnail","hentry","product_cat-can-mua-can-thue","loai_du_an-cho-thue-can-ho-chung-cu","khoang_gia-5-10-trieu","dien_tich-50-80-m2","phong_ngu-02-phong-ngu","location-du-an-golmark-city-ho-tung-mau","location-quan-bac-tu-liem"],"acf":[],"yoast_head":"<!-- This site is optimized with the Yoast SEO plugin v19.8 - https:\/\/yoast.com\/wordpress\/plugins\/seo\/ -->\n<title>Gia \u0110\u00ecnh T\u00f4i C\u1ea7n Cho Thu\u00ea Chung C\u01b0 Goldmark R3 - M\u1ef9 \u0110\u00ecnh.. 78m2.2N - Cho thu\u00ea chung c\u01b0 H\u00e0 N\u1ed9i<\/title>\n<meta name=\"robots\" content=\"noindex, follow, max-snippet:-1, max-image-preview:large, max-video-preview:-1\" \/>\n<meta property=\"og:locale\" content=\"vi_VN\" \/>\n<meta property=\"og:type\" content=\"article\" \/>\n<meta property=\"og:title\" content=\"Gia \u0110\u00ecnh T\u00f4i C\u1ea7n Cho Thu\u00ea Chung C\u01b0 Goldmark R3 - M\u1ef9 \u0110\u00ecnh.. 78m2.2N - Cho thu\u00ea chung c\u01b0 H\u00e0 N\u1ed9i\" \/>\n<meta property=\"og:description\" content=\"cho thu\u00ea c\u0103n h\u1ed9 78m2.2N.2VS.full \u0110\u1ed3\" \/>\n<meta property=\"og:url\" content=\"https:\/\/mauweb.tamnguyen.vn\/bds29\/san-pham\/gia-dinh-toi-can-cho-thue-chung-cu-goldmark-r3-78m2-2n\/\" \/>\n<meta property=\"og:site_name\" content=\"Cho thu\u00ea chung c\u01b0 H\u00e0 N\u1ed9i\" \/>\n<meta property=\"article:modified_time\" content=\"2021-03-02T05:00:28+00:00\" \/>\n<meta property=\"og:image\" content=\"https:\/\/mauweb.tamnguyen.vn\/bds29\/wp-content\/uploads\/2021\/02\/z2347423514913_8a7da5dbfd9dfb9ff0edfa6f27034bd3.jpg\" \/>\n\t<meta property=\"og:image:width\" content=\"600\" \/>\n\t<meta property=\"og:image:height\" content=\"338\" \/>\n\t<meta property=\"og:image:type\" content=\"image\/jpeg\" \/>\n<meta name=\"twitter:card\" content=\"summary_large_image\" \/>\n<meta name=\"twitter:label1\" content=\"\u01af\u1edbc t\u00ednh th\u1eddi gian \u0111\u1ecdc\" \/>\n\t<meta name=\"twitter:data1\" content=\"1 ph\u00fat\" \/>\n<script type=\"application\/ld+json\" class=\"yoast-schema-graph\">{\"@context\":\"https:\/\/schema.org\",\"@graph\":[{\"@type\":\"WebPage\",\"@id\":\"https:\/\/mauweb.tamnguyen.vn\/bds29\/san-pham\/gia-dinh-toi-can-cho-thue-chung-cu-goldmark-r3-78m2-2n\/\",\"url\":\"https:\/\/mauweb.tamnguyen.vn\/bds29\/san-pham\/gia-dinh-toi-can-cho-thue-chung-cu-goldmark-r3-78m2-2n\/\",\"name\":\"Gia \u0110\u00ecnh T\u00f4i C\u1ea7n Cho Thu\u00ea Chung C\u01b0 Goldmark R3 - M\u1ef9 \u0110\u00ecnh.. 78m2.2N - Cho thu\u00ea chung c\u01b0 H\u00e0 N\u1ed9i\",\"isPartOf\":{\"@id\":\"https:\/\/mauweb.tamnguyen.vn\/bds29\/#website\"},\"datePublished\":\"2021-02-25T11:49:07+00:00\",\"dateModified\":\"2021-03-02T05:00:28+00:00\",\"breadcrumb\":{\"@id\":\"https:\/\/mauweb.tamnguyen.vn\/bds29\/san-pham\/gia-dinh-toi-can-cho-thue-chung-cu-goldmark-r3-78m2-2n\/#breadcrumb\"},\"inLanguage\":\"vi\",\"potentialAction\":[{\"@type\":\"ReadAction\",\"target\":[\"https:\/\/mauweb.tamnguyen.vn\/bds29\/san-pham\/gia-dinh-toi-can-cho-thue-chung-cu-goldmark-r3-78m2-2n\/\"]}]},{\"@type\":\"BreadcrumbList\",\"@id\":\"https:\/\/mauweb.tamnguyen.vn\/bds29\/san-pham\/gia-dinh-toi-can-cho-thue-chung-cu-goldmark-r3-78m2-2n\/#breadcrumb\",\"itemListElement\":[{\"@type\":\"ListItem\",\"position\":1,\"name\":\"Trang ch\u1ee7\",\"item\":\"https:\/\/mauweb.tamnguyen.vn\/bds29\/\"},{\"@type\":\"ListItem\",\"position\":2,\"name\":\"C\u1eeda h\u00e0ng\",\"item\":\"https:\/\/mauweb.tamnguyen.vn\/bds29\/cua-hang\/\"},{\"@type\":\"ListItem\",\"position\":3,\"name\":\"Gia \u0110\u00ecnh T\u00f4i C\u1ea7n Cho Thu\u00ea Chung C\u01b0 Goldmark R3 &#8211; M\u1ef9 \u0110\u00ecnh.. 78m2.2N\"}]},{\"@type\":\"WebSite\",\"@id\":\"https:\/\/mauweb.tamnguyen.vn\/bds29\/#website\",\"url\":\"https:\/\/mauweb.tamnguyen.vn\/bds29\/\",\"name\":\"Cho thu\u00ea chung c\u01b0 H\u00e0 N\u1ed9i\",\"description\":\"\",\"potentialAction\":[{\"@type\":\"SearchAction\",\"target\":{\"@type\":\"EntryPoint\",\"urlTemplate\":\"https:\/\/mauweb.tamnguyen.vn\/bds29\/?s={search_term_string}\"},\"query-input\":\"required name=search_term_string\"}],\"inLanguage\":\"vi\"}]}<\/script>\n<!-- \/ Yoast SEO plugin. -->","yoast_head_json":{"title":"Gia \u0110\u00ecnh T\u00f4i C\u1ea7n Cho Thu\u00ea Chung C\u01b0 Goldmark R3 - M\u1ef9 \u0110\u00ecnh.. 78m2.2N - Cho thu\u00ea chung c\u01b0 H\u00e0 N\u1ed9i","robots":{"index":"noindex","follow":"follow","max-snippet":"max-snippet:-1","max-image-preview":"max-image-preview:large","max-video-preview":"max-video-preview:-1"},"og_locale":"vi_VN","og_type":"article","og_title":"Gia \u0110\u00ecnh T\u00f4i C\u1ea7n Cho Thu\u00ea Chung C\u01b0 Goldmark R3 - M\u1ef9 \u0110\u00ecnh.. 78m2.2N - Cho thu\u00ea chung c\u01b0 H\u00e0 N\u1ed9i","og_description":"cho thu\u00ea c\u0103n h\u1ed9 78m2.2N.2VS.full \u0110\u1ed3","og_url":"https:\/\/mauweb.tamnguyen.vn\/bds29\/san-pham\/gia-dinh-toi-can-cho-thue-chung-cu-goldmark-r3-78m2-2n\/","og_site_name":"Cho thu\u00ea chung c\u01b0 H\u00e0 N\u1ed9i","article_modified_time":"2021-03-02T05:00:28+00:00","og_image":[{"width":600,"height":338,"url":"https:\/\/mauweb.tamnguyen.vn\/bds29\/wp-content\/uploads\/2021\/02\/z2347423514913_8a7da5dbfd9dfb9ff0edfa6f27034bd3.jpg","type":"image\/jpeg"}],"twitter_card":"summary_large_image","twitter_misc":{"\u01af\u1edbc t\u00ednh th\u1eddi gian \u0111\u1ecdc":"1 ph\u00fat"},"schema":{"@context":"https:\/\/schema.org","@graph":[{"@type":"WebPage","@id":"https:\/\/mauweb.tamnguyen.vn\/bds29\/san-pham\/gia-dinh-toi-can-cho-thue-chung-cu-goldmark-r3-78m2-2n\/","url":"https:\/\/mauweb.tamnguyen.vn\/bds29\/san-pham\/gia-dinh-toi-can-cho-thue-chung-cu-goldmark-r3-78m2-2n\/","name":"Gia \u0110\u00ecnh T\u00f4i C\u1ea7n Cho Thu\u00ea Chung C\u01b0 Goldmark R3 - M\u1ef9 \u0110\u00ecnh.. 78m2.2N - Cho thu\u00ea chung c\u01b0 H\u00e0 N\u1ed9i","isPartOf":{"@id":"https:\/\/mauweb.tamnguyen.vn\/bds29\/#website"},"datePublished":"2021-02-25T11:49:07+00:00","dateModified":"2021-03-02T05:00:28+00:00","breadcrumb":{"@id":"https:\/\/mauweb.tamnguyen.vn\/bds29\/san-pham\/gia-dinh-toi-can-cho-thue-chung-cu-goldmark-r3-78m2-2n\/#breadcrumb"},"inLanguage":"vi","potentialAction":[{"@type":"ReadAction","target":["https:\/\/mauweb.tamnguyen.vn\/bds29\/san-pham\/gia-dinh-toi-can-cho-thue-chung-cu-goldmark-r3-78m2-2n\/"]}]},{"@type":"BreadcrumbList","@id":"https:\/\/mauweb.tamnguyen.vn\/bds29\/san-pham\/gia-dinh-toi-can-cho-thue-chung-cu-goldmark-r3-78m2-2n\/#breadcrumb","itemListElement":[{"@type":"ListItem","position":1,"name":"Trang ch\u1ee7","item":"https:\/\/mauweb.tamnguyen.vn\/bds29\/"},{"@type":"ListItem","position":2,"name":"C\u1eeda h\u00e0ng","item":"https:\/\/mauweb.tamnguyen.vn\/bds29\/cua-hang\/"},{"@type":"ListItem","position":3,"name":"Gia \u0110\u00ecnh T\u00f4i C\u1ea7n Cho Thu\u00ea Chung C\u01b0 Goldmark R3 &#8211; M\u1ef9 \u0110\u00ecnh.. 78m2.2N"}]},{"@type":"WebSite","@id":"https:\/\/mauweb.tamnguyen.vn\/bds29\/#website","url":"https:\/\/mauweb.tamnguyen.vn\/bds29\/","name":"Cho thu\u00ea chung c\u01b0 H\u00e0 N\u1ed9i","description":"","potentialAction":[{"@type":"SearchAction","target":{"@type":"EntryPoint","urlTemplate":"https:\/\/mauweb.tamnguyen.vn\/bds29\/?s={search_term_string}"},"query-input":"required name=search_term_string"}],"inLanguage":"vi"}]}},"_links":{"self":[{"href":"https:\/\/mauweb.tamnguyen.vn\/bds29\/wp-json\/wp\/v2\/product\/1993"}],"collection":[{"href":"https:\/\/mauweb.tamnguyen.vn\/bds29\/wp-json\/wp\/v2\/product"}],"about":[{"href":"https:\/\/mauweb.tamnguyen.vn\/bds29\/wp-json\/wp\/v2\/types\/product"}],"replies":[{"embeddable":true,"href":"https:\/\/mauweb.tamnguyen.vn\/bds29\/wp-json\/wp\/v2\/comments?post=1993"}],"wp:featuredmedia":[{"embeddable":true,"href":"https:\/\/mauweb.tamnguyen.vn\/bds29\/wp-json\/wp\/v2\/media\/1999"}],"wp:attachment":[{"href":"https:\/\/mauweb.tamnguyen.vn\/bds29\/wp-json\/wp\/v2\/media?parent=1993"}],"wp:term":[{"taxonomy":"product_cat","embeddable":true,"href":"https:\/\/mauweb.tamnguyen.vn\/bds29\/wp-json\/wp\/v2\/product_cat?post=1993"},{"taxonomy":"product_tag","embeddable":true,"href":"https:\/\/mauweb.tamnguyen.vn\/bds29\/wp-json\/wp\/v2\/product_tag?post=1993"},{"taxonomy":"loai_du_an","embeddable":true,"href":"https:\/\/mauweb.tamnguyen.vn\/bds29\/wp-json\/wp\/v2\/loai_du_an?post=1993"},{"taxonomy":"khoang_gia","embeddable":true,"href":"https:\/\/mauweb.tamnguyen.vn\/bds29\/wp-json\/wp\/v2\/khoang_gia?post=1993"},{"taxonomy":"dien_tich","embeddable":true,"href":"https:\/\/mauweb.tamnguyen.vn\/bds29\/wp-json\/wp\/v2\/dien_tich?post=1993"},{"taxonomy":"phong_ngu","embeddable":true,"href":"https:\/\/mauweb.tamnguyen.vn\/bds29\/wp-json\/wp\/v2\/phong_ngu?post=1993"},{"taxonomy":"location","embeddable":true,"href":"https:\/\/mauweb.tamnguyen.vn\/bds29\/wp-json\/wp\/v2\/location?post=1993"}],"curies":[{"name":"wp","href":"https:\/\/api.w.org\/{rel}","templated":true}]}}