{"id":1971,"date":"2021-02-21T10:39:56","date_gmt":"2021-02-21T03:39:56","guid":{"rendered":"http:\/\/mau3.maudep.com.vn\/chungcu\/?post_type=product&#038;p=1971"},"modified":"2021-03-02T12:04:38","modified_gmt":"2021-03-02T05:04:38","slug":"can-cho-thue-can-ho-vinhome-gardennia-54m2-1n-1vs-8tr-1-thang","status":"publish","type":"product","link":"https:\/\/mauweb.tamnguyen.vn\/bds29\/san-pham\/can-cho-thue-can-ho-vinhome-gardennia-54m2-1n-1vs-8tr-1-thang\/","title":{"rendered":"C\u1ea7n Cho Thu\u00ea C\u0103n H\u1ed9 Vinhome Gardennia,- M\u1ef9 \u0110\u00ecnh.54m2.1N.1VS.8tr\/1 th\u00e1ng"},"content":{"rendered":"<p>1. Th\u00f4ng tin c\u0103n h\u1ed9<br \/>\n&#8211; Di\u1ec7n t\u00edch 54m2.<br \/>\n&#8211; Thi\u1ebft k\u1ebf 1PN. 1VS<br \/>\n&#8211; View \u0110\u1eb9p ,Tho\u00e1ng m\u00e1t,kh\u00f4ng \u1ed3n \u00e0o<br \/>\n2. Ti\u1ec7n \u00edch<br \/>\n&#8211; Chung c\u01b0Vinhome Gardenia l\u00e0 s\u1ef1 l\u1ef1a ch\u1ecdn ho\u00e0n h\u1ea3o cho cu\u1ed9c s\u1ed1ng b\u00ecnh y\u00ean.<br \/>\n&#8211; \u0110\u00e2y l\u00e0 khu \u0111\u00f4 th\u1ecb v\u1edbi thi\u1ebft k\u1ebf b\u1eadc nh\u1ea5t ch\u00e2u \u00e2u, t\u1eadp trung r\u1ea5t nhi\u1ec1u c\u1ee5m c\u00f4ng tr\u00ecnh cao t\u1ea7ng, trung t\u00e2m t\u00e0i ch\u00ednh, th\u01b0\u01a1ng m\u1ea1i, ng\u00e2n h\u00e0ng, d\u1ecbch v\u1ee5 qu\u1ed1c t\u1ebf,&#8230; thu h\u00fat s\u1ed1 l\u01b0\u1ee3ng l\u1edbn c\u00e1c t\u1eadp \u0111o\u00e0n, c\u00e1c c\u00f4ng ty trong v\u00e0 ngo\u00e0i n\u01b0\u1edbc \u0111\u1ebfn kinh doanh, l\u00e0m vi\u1ec7c.<br \/>\n&#8211; V\u1edbi v\u1ecb tr\u00ed \u0111\u1eafc \u0111\u1ecba, h\u1ec7 th\u1ed1ng giao th\u00f4ng thu\u1eadn l\u1ee3i, kh\u00f4ng gian r\u1ed9ng,<br \/>\n&#8211; Trung t\u00e2m th\u01b0\u01a1ng m\u1ea1i, tr\u01b0\u1eddng m\u1ea7m non, h\u1ec7 th\u1ed1ng s\u00e2n v\u01b0\u1eddn, \u0111\u01b0\u1eddng d\u1ea1o, b\u1ec3 b\u01a1i, khu vui ch\u01a1i tr\u1ebb em, s\u00e2n t\u1eadp th\u1ec3 thao, h\u1ed3 \u0111i\u1ec1u h\u00f2a,\u2026 \u0111\u01b0\u1ee3c \u0111\u1ea7u t\u01b0 v\u00e0 x\u00e2y d\u1ef1ng theo ti\u00eau chu\u1ea9n qu\u1ed1c t\u1ebf.<br \/>\n-B\u00ean c\u1ea1nh \u0111i\u1ec3m v\u01b0\u1ee3t tr\u1ed9i trong thi\u1ebft k\u1ebf c\u0103n h\u1ed9 l\u00e0 gi\u00e1 tr\u1ecb c\u1ed9ng h\u01b0\u1edfng h\u1ec7 th\u1ed1ng d\u1ecbch v\u1ee5 ti\u1ec7n \u00edch \u0111a d\u1ea1ng trong m\u1ed9t t\u1ed5ng th\u1ec3 kh\u00e9p k\u00edn. C\u01b0 d\u00e2n Vinhome Gardenia s\u1ebd \u0111\u01b0\u1ee3c t\u1eadn h\u01b0\u1edfng m\u1ed9t cu\u1ed9c s\u1ed1ng xanh v\u1edbi b\u1ea3n h\u00f2a ca thi\u00ean nhi\u00ean bao quanh t\u1eebng kh\u00f4ng gian s\u1ed1ng, c\u1ed9ng h\u01b0\u1edfng v\u1edbi c\u00e1c d\u1ecbch v\u1ee5 v\u00e0 ti\u1ec7n \u00edch ho\u00e0n h\u1ea3o,\u2026<br \/>\n-T\u1ea5t c\u1ea3 kh\u00f4ng ch\u1ec9 ph\u1ee5c v\u1ee5 ti\u1ec7n nghi s\u1ed1ng v\u00e0 nhu c\u1ea7u vui ch\u01a1i gi\u1ea3i tr\u00ed m\u00e0 c\u00f2n h\u01b0\u1edbng \u0111\u1ebfn th\u1ecfa m\u00e3n nhu c\u1ea7u cao c\u1ea5p trong ch\u0103m s\u00f3c s\u1ee9c kh\u1ecfe, tinh th\u1ea7n c\u1ee7a ng\u01b0\u1eddi d\u00e2n.<\/p>\n<p>3. Gi\u00e1 thu\u00ea : 8 tr\/1 th\u00e1ng .thanh to\u00e1n 3 c\u1ecdc 1.<\/p>\n<p>4. N\u1ed9i th\u1ea5t tr\u00ean \u0111\u1ed3 c\u01a1 b\u1ea3n : G\u1ed3m c\u00f3 t\u1ee7 b\u1ebfp.\u0111i\u1ec1u ho\u00e0, r\u00e8m c\u1eeda,gi\u00e0n ph\u01a1i, t\u1ee7 qu\u1ea7n \u00e1o, gi\u01b0\u1eddng &#8230;..<\/p>\n<p>&#8211; mi\u1ec5n ph\u00ed t\u01b0 v\u1ea5n v\u00e0 xem nh\u00e0<\/p>\n<p>5. Li\u00ean h\u1ec7<br \/>\nS\u0110T 0377.968.115 &#8211; 0901770058<\/p>\n","protected":false},"excerpt":{"rendered":"<p>cho thu\u00ea c\u0103n h\u1ed9 Vinhome Gardenia .54m2.1N.1VS. gi\u00e1 8tr\/1 th\u00e1ng<\/p>\n","protected":false},"featured_media":1974,"comment_status":"open","ping_status":"closed","template":"","meta":[],"product_cat":[171],"product_tag":[],"loai_du_an":[144],"khoang_gia":[286],"dien_tich":[299],"phong_ngu":[180],"location":[359,196],"class_list":["post-1971","product","type-product","status-publish","has-post-thumbnail","hentry","product_cat-can-mua-can-thue","loai_du_an-cho-thue-can-ho-chung-cu","khoang_gia-5-10-trieu","dien_tich-50-80-m2","phong_ngu-01-phong-ngu","location-du-an-vinhome-gardenia-ham-nghi-my-dinh","location-quan-nam-tu-liem"],"acf":[],"yoast_head":"<!-- This site is optimized with the Yoast SEO plugin v19.8 - https:\/\/yoast.com\/wordpress\/plugins\/seo\/ -->\n<title>C\u1ea7n Cho Thu\u00ea C\u0103n H\u1ed9 Vinhome Gardennia,- M\u1ef9 \u0110\u00ecnh.54m2.1N.1VS.8tr\/1 th\u00e1ng - Cho thu\u00ea chung c\u01b0 H\u00e0 N\u1ed9i<\/title>\n<meta name=\"robots\" content=\"noindex, follow, max-snippet:-1, max-image-preview:large, max-video-preview:-1\" \/>\n<meta property=\"og:locale\" content=\"vi_VN\" \/>\n<meta property=\"og:type\" content=\"article\" \/>\n<meta property=\"og:title\" content=\"C\u1ea7n Cho Thu\u00ea C\u0103n H\u1ed9 Vinhome Gardennia,- M\u1ef9 \u0110\u00ecnh.54m2.1N.1VS.8tr\/1 th\u00e1ng - Cho thu\u00ea chung c\u01b0 H\u00e0 N\u1ed9i\" \/>\n<meta property=\"og:description\" content=\"cho thu\u00ea c\u0103n h\u1ed9 Vinhome Gardenia .54m2.1N.1VS. gi\u00e1 8tr\/1 th\u00e1ng\" \/>\n<meta property=\"og:url\" content=\"https:\/\/mauweb.tamnguyen.vn\/bds29\/san-pham\/can-cho-thue-can-ho-vinhome-gardennia-54m2-1n-1vs-8tr-1-thang\/\" \/>\n<meta property=\"og:site_name\" content=\"Cho thu\u00ea chung c\u01b0 H\u00e0 N\u1ed9i\" \/>\n<meta property=\"article:modified_time\" content=\"2021-03-02T05:04:38+00:00\" \/>\n<meta property=\"og:image\" content=\"https:\/\/mauweb.tamnguyen.vn\/bds29\/wp-content\/uploads\/2021\/02\/z2340113445348_4ebe00b086fe919dacb0493eb95e9813.jpg\" \/>\n\t<meta property=\"og:image:width\" content=\"960\" \/>\n\t<meta property=\"og:image:height\" content=\"1280\" \/>\n\t<meta property=\"og:image:type\" content=\"image\/jpeg\" \/>\n<meta name=\"twitter:card\" content=\"summary_large_image\" \/>\n<meta name=\"twitter:label1\" content=\"\u01af\u1edbc t\u00ednh th\u1eddi gian \u0111\u1ecdc\" \/>\n\t<meta name=\"twitter:data1\" content=\"2 ph\u00fat\" \/>\n<script type=\"application\/ld+json\" class=\"yoast-schema-graph\">{\"@context\":\"https:\/\/schema.org\",\"@graph\":[{\"@type\":\"WebPage\",\"@id\":\"https:\/\/mauweb.tamnguyen.vn\/bds29\/san-pham\/can-cho-thue-can-ho-vinhome-gardennia-54m2-1n-1vs-8tr-1-thang\/\",\"url\":\"https:\/\/mauweb.tamnguyen.vn\/bds29\/san-pham\/can-cho-thue-can-ho-vinhome-gardennia-54m2-1n-1vs-8tr-1-thang\/\",\"name\":\"C\u1ea7n Cho Thu\u00ea C\u0103n H\u1ed9 Vinhome Gardennia,- M\u1ef9 \u0110\u00ecnh.54m2.1N.1VS.8tr\/1 th\u00e1ng - Cho thu\u00ea chung c\u01b0 H\u00e0 N\u1ed9i\",\"isPartOf\":{\"@id\":\"https:\/\/mauweb.tamnguyen.vn\/bds29\/#website\"},\"datePublished\":\"2021-02-21T03:39:56+00:00\",\"dateModified\":\"2021-03-02T05:04:38+00:00\",\"breadcrumb\":{\"@id\":\"https:\/\/mauweb.tamnguyen.vn\/bds29\/san-pham\/can-cho-thue-can-ho-vinhome-gardennia-54m2-1n-1vs-8tr-1-thang\/#breadcrumb\"},\"inLanguage\":\"vi\",\"potentialAction\":[{\"@type\":\"ReadAction\",\"target\":[\"https:\/\/mauweb.tamnguyen.vn\/bds29\/san-pham\/can-cho-thue-can-ho-vinhome-gardennia-54m2-1n-1vs-8tr-1-thang\/\"]}]},{\"@type\":\"BreadcrumbList\",\"@id\":\"https:\/\/mauweb.tamnguyen.vn\/bds29\/san-pham\/can-cho-thue-can-ho-vinhome-gardennia-54m2-1n-1vs-8tr-1-thang\/#breadcrumb\",\"itemListElement\":[{\"@type\":\"ListItem\",\"position\":1,\"name\":\"Trang ch\u1ee7\",\"item\":\"https:\/\/mauweb.tamnguyen.vn\/bds29\/\"},{\"@type\":\"ListItem\",\"position\":2,\"name\":\"C\u1eeda h\u00e0ng\",\"item\":\"https:\/\/mauweb.tamnguyen.vn\/bds29\/cua-hang\/\"},{\"@type\":\"ListItem\",\"position\":3,\"name\":\"C\u1ea7n Cho Thu\u00ea C\u0103n H\u1ed9 Vinhome Gardennia,- M\u1ef9 \u0110\u00ecnh.54m2.1N.1VS.8tr\/1 th\u00e1ng\"}]},{\"@type\":\"WebSite\",\"@id\":\"https:\/\/mauweb.tamnguyen.vn\/bds29\/#website\",\"url\":\"https:\/\/mauweb.tamnguyen.vn\/bds29\/\",\"name\":\"Cho thu\u00ea chung c\u01b0 H\u00e0 N\u1ed9i\",\"description\":\"\",\"potentialAction\":[{\"@type\":\"SearchAction\",\"target\":{\"@type\":\"EntryPoint\",\"urlTemplate\":\"https:\/\/mauweb.tamnguyen.vn\/bds29\/?s={search_term_string}\"},\"query-input\":\"required name=search_term_string\"}],\"inLanguage\":\"vi\"}]}<\/script>\n<!-- \/ Yoast SEO plugin. -->","yoast_head_json":{"title":"C\u1ea7n Cho Thu\u00ea C\u0103n H\u1ed9 Vinhome Gardennia,- M\u1ef9 \u0110\u00ecnh.54m2.1N.1VS.8tr\/1 th\u00e1ng - Cho thu\u00ea chung c\u01b0 H\u00e0 N\u1ed9i","robots":{"index":"noindex","follow":"follow","max-snippet":"max-snippet:-1","max-image-preview":"max-image-preview:large","max-video-preview":"max-video-preview:-1"},"og_locale":"vi_VN","og_type":"article","og_title":"C\u1ea7n Cho Thu\u00ea C\u0103n H\u1ed9 Vinhome Gardennia,- M\u1ef9 \u0110\u00ecnh.54m2.1N.1VS.8tr\/1 th\u00e1ng - Cho thu\u00ea chung c\u01b0 H\u00e0 N\u1ed9i","og_description":"cho thu\u00ea c\u0103n h\u1ed9 Vinhome Gardenia .54m2.1N.1VS. gi\u00e1 8tr\/1 th\u00e1ng","og_url":"https:\/\/mauweb.tamnguyen.vn\/bds29\/san-pham\/can-cho-thue-can-ho-vinhome-gardennia-54m2-1n-1vs-8tr-1-thang\/","og_site_name":"Cho thu\u00ea chung c\u01b0 H\u00e0 N\u1ed9i","article_modified_time":"2021-03-02T05:04:38+00:00","og_image":[{"width":960,"height":1280,"url":"https:\/\/mauweb.tamnguyen.vn\/bds29\/wp-content\/uploads\/2021\/02\/z2340113445348_4ebe00b086fe919dacb0493eb95e9813.jpg","type":"image\/jpeg"}],"twitter_card":"summary_large_image","twitter_misc":{"\u01af\u1edbc t\u00ednh th\u1eddi gian \u0111\u1ecdc":"2 ph\u00fat"},"schema":{"@context":"https:\/\/schema.org","@graph":[{"@type":"WebPage","@id":"https:\/\/mauweb.tamnguyen.vn\/bds29\/san-pham\/can-cho-thue-can-ho-vinhome-gardennia-54m2-1n-1vs-8tr-1-thang\/","url":"https:\/\/mauweb.tamnguyen.vn\/bds29\/san-pham\/can-cho-thue-can-ho-vinhome-gardennia-54m2-1n-1vs-8tr-1-thang\/","name":"C\u1ea7n Cho Thu\u00ea C\u0103n H\u1ed9 Vinhome Gardennia,- M\u1ef9 \u0110\u00ecnh.54m2.1N.1VS.8tr\/1 th\u00e1ng - Cho thu\u00ea chung c\u01b0 H\u00e0 N\u1ed9i","isPartOf":{"@id":"https:\/\/mauweb.tamnguyen.vn\/bds29\/#website"},"datePublished":"2021-02-21T03:39:56+00:00","dateModified":"2021-03-02T05:04:38+00:00","breadcrumb":{"@id":"https:\/\/mauweb.tamnguyen.vn\/bds29\/san-pham\/can-cho-thue-can-ho-vinhome-gardennia-54m2-1n-1vs-8tr-1-thang\/#breadcrumb"},"inLanguage":"vi","potentialAction":[{"@type":"ReadAction","target":["https:\/\/mauweb.tamnguyen.vn\/bds29\/san-pham\/can-cho-thue-can-ho-vinhome-gardennia-54m2-1n-1vs-8tr-1-thang\/"]}]},{"@type":"BreadcrumbList","@id":"https:\/\/mauweb.tamnguyen.vn\/bds29\/san-pham\/can-cho-thue-can-ho-vinhome-gardennia-54m2-1n-1vs-8tr-1-thang\/#breadcrumb","itemListElement":[{"@type":"ListItem","position":1,"name":"Trang ch\u1ee7","item":"https:\/\/mauweb.tamnguyen.vn\/bds29\/"},{"@type":"ListItem","position":2,"name":"C\u1eeda h\u00e0ng","item":"https:\/\/mauweb.tamnguyen.vn\/bds29\/cua-hang\/"},{"@type":"ListItem","position":3,"name":"C\u1ea7n Cho Thu\u00ea C\u0103n H\u1ed9 Vinhome Gardennia,- M\u1ef9 \u0110\u00ecnh.54m2.1N.1VS.8tr\/1 th\u00e1ng"}]},{"@type":"WebSite","@id":"https:\/\/mauweb.tamnguyen.vn\/bds29\/#website","url":"https:\/\/mauweb.tamnguyen.vn\/bds29\/","name":"Cho thu\u00ea chung c\u01b0 H\u00e0 N\u1ed9i","description":"","potentialAction":[{"@type":"SearchAction","target":{"@type":"EntryPoint","urlTemplate":"https:\/\/mauweb.tamnguyen.vn\/bds29\/?s={search_term_string}"},"query-input":"required name=search_term_string"}],"inLanguage":"vi"}]}},"_links":{"self":[{"href":"https:\/\/mauweb.tamnguyen.vn\/bds29\/wp-json\/wp\/v2\/product\/1971"}],"collection":[{"href":"https:\/\/mauweb.tamnguyen.vn\/bds29\/wp-json\/wp\/v2\/product"}],"about":[{"href":"https:\/\/mauweb.tamnguyen.vn\/bds29\/wp-json\/wp\/v2\/types\/product"}],"replies":[{"embeddable":true,"href":"https:\/\/mauweb.tamnguyen.vn\/bds29\/wp-json\/wp\/v2\/comments?post=1971"}],"wp:featuredmedia":[{"embeddable":true,"href":"https:\/\/mauweb.tamnguyen.vn\/bds29\/wp-json\/wp\/v2\/media\/1974"}],"wp:attachment":[{"href":"https:\/\/mauweb.tamnguyen.vn\/bds29\/wp-json\/wp\/v2\/media?parent=1971"}],"wp:term":[{"taxonomy":"product_cat","embeddable":true,"href":"https:\/\/mauweb.tamnguyen.vn\/bds29\/wp-json\/wp\/v2\/product_cat?post=1971"},{"taxonomy":"product_tag","embeddable":true,"href":"https:\/\/mauweb.tamnguyen.vn\/bds29\/wp-json\/wp\/v2\/product_tag?post=1971"},{"taxonomy":"loai_du_an","embeddable":true,"href":"https:\/\/mauweb.tamnguyen.vn\/bds29\/wp-json\/wp\/v2\/loai_du_an?post=1971"},{"taxonomy":"khoang_gia","embeddable":true,"href":"https:\/\/mauweb.tamnguyen.vn\/bds29\/wp-json\/wp\/v2\/khoang_gia?post=1971"},{"taxonomy":"dien_tich","embeddable":true,"href":"https:\/\/mauweb.tamnguyen.vn\/bds29\/wp-json\/wp\/v2\/dien_tich?post=1971"},{"taxonomy":"phong_ngu","embeddable":true,"href":"https:\/\/mauweb.tamnguyen.vn\/bds29\/wp-json\/wp\/v2\/phong_ngu?post=1971"},{"taxonomy":"location","embeddable":true,"href":"https:\/\/mauweb.tamnguyen.vn\/bds29\/wp-json\/wp\/v2\/location?post=1971"}],"curies":[{"name":"wp","href":"https:\/\/api.w.org\/{rel}","templated":true}]}}