{"id":1913,"date":"2021-02-20T08:48:51","date_gmt":"2021-02-20T01:48:51","guid":{"rendered":"http:\/\/mau3.maudep.com.vn\/chungcu\/?post_type=product&#038;p=1913"},"modified":"2021-03-02T12:09:44","modified_gmt":"2021-03-02T05:09:44","slug":"toi-can-cho-thue-chung-cu-n09-dich-vong-100m2-3n-2vs-full","status":"publish","type":"product","link":"https:\/\/mauweb.tamnguyen.vn\/bds29\/san-pham\/toi-can-cho-thue-chung-cu-n09-dich-vong-100m2-3n-2vs-full\/","title":{"rendered":"Cho Thu\u00ea Chung C\u01b0 N09 D\u1ecbch V\u1ecdng &#8211; C\u1ea7u Gi\u1ea5y 100m2. 3N.2VS.Full"},"content":{"rendered":"<ol>\n<li>Th\u00f4ng tin c\u0103n h\u1ed9<\/li>\n<\/ol>\n<p>&#8211; Di\u1ec7n t\u00edch 84m2.<\/p>\n<p>&#8211; Thi\u1ebft k\u1ebf 2PN. 2VS<\/p>\n<p>&#8211;\u00a0 View \u0110\u1eb9p ,Tho\u00e1ng m\u00e1t,kh\u00f4ng \u1ed3n \u00e0o<\/p>\n<ol start=\"2\">\n<li>Ti\u1ec7n \u00edch<\/li>\n<\/ol>\n<p>.- Chung c\u01b0 N09 D\u1ecbch V\u1ecdng,c\u00f3 1 v\u1ecb tr\u00ed r\u1ea5t thu\u1eadn l\u1ee3i v\u1ec1 giao th\u00f4ng,t\u1ecda l\u1ea1c t\u1ea1i m\u1eb7t \u0111\u01b0\u1eddng Duy T\u00e2n k\u00e9o d\u00e0i v\u00e0 Nguy\u1ec5n V\u0103n Huy\u00ean k\u00e9o d\u00e0i n\u1eb1m ngay c\u1ea1nh c\u00f4ng vi\u00ean y\u00ean h\u00f2a\u201dL\u00e1 ph\u1ed5i xanh c\u1ee7a qu\u1eadn c\u1ea7u gi\u1ea5y\u201d .V\u1edbi m\u1ed9t c\u01a1 s\u1edf h\u1ea1 t\u1ea7ng \u0111\u00e3 ho\u00e0n thi\u1ec7n<\/p>\n<p>&#8211; G\u1ea7n c\u00e1c tr\u01b0\u1eddng \u0110\u1ea1i h\u1ecdc Th\u01b0\u01a1ng m\u1ea1i, \u0110H Qu\u1ed1c Gia, \u2026,C\u00e1c Tr\u01b0\u1eddng M\u1ea7m Non Ti\u1ec3u H\u1ecdc.<\/p>\n<p>&#8211; G\u1ea7n b\u1ebfn xe m\u1ef9 \u0111\u00ecnh, G\u1ea7n c\u00e1c b\u1ec7nh vi\u1ec7n, TTTM&#8230;&#8230;<\/p>\n<ol start=\"3\">\n<li>Gi\u00e1 thu\u00ea : 12 tr\/1 th\u00e1ng .thanh to\u00e1n 3 c\u1ecdc 1<\/li>\n<\/ol>\n<p>4. N\u1ed9i Th\u1ea5t Full \u0111\u1ed3 : t\u1ee7 b\u1ebfp, k\u1ec7 b\u1ebfp, gi\u01b0\u1eddng, t\u1ee7 qu\u1ea7n \u00e1o, t\u1ee7 l\u1ea1nh &#8230;&#8230;<\/p>\n<p>MI\u1ec4N PH\u00cd T\u01af V\u1ea4N V\u00c0 XEM NH\u00c0 24\/7<\/p>\n<ol start=\"5\">\n<li>Li\u00ean h\u1ec7<\/li>\n<\/ol>\n<p>S\u0110T 0377.968.115 \u2013 0901770058<\/p>\n","protected":false},"excerpt":{"rendered":"<p>Gia \u0111\u00ecnh c\u1ea7n cho thu\u00ea c\u0103n h\u1ed9 N09 D\u1ecbch V\u1ecdng full \u0111\u1ed3 100m2 .3N.2VS<\/p>\n","protected":false},"featured_media":1914,"comment_status":"open","ping_status":"closed","template":"","meta":[],"product_cat":[171],"product_tag":[],"loai_du_an":[144],"khoang_gia":[288],"dien_tich":[302],"phong_ngu":[182],"location":[400,198],"class_list":["post-1913","product","type-product","status-publish","has-post-thumbnail","hentry","product_cat-can-mua-can-thue","loai_du_an-cho-thue-can-ho-chung-cu","khoang_gia-10-15-trieu","dien_tich-100-150-m2","phong_ngu-03-phong-ngu","location-du-an-n09-dich-vong","location-quan-cau-giay"],"acf":[],"yoast_head":"<!-- This site is optimized with the Yoast SEO plugin v19.8 - https:\/\/yoast.com\/wordpress\/plugins\/seo\/ -->\n<title>Cho Thu\u00ea Chung C\u01b0 N09 D\u1ecbch V\u1ecdng - C\u1ea7u Gi\u1ea5y 100m2. 3N.2VS.Full - Cho thu\u00ea chung c\u01b0 H\u00e0 N\u1ed9i<\/title>\n<meta name=\"robots\" content=\"noindex, follow, max-snippet:-1, max-image-preview:large, max-video-preview:-1\" \/>\n<meta property=\"og:locale\" content=\"vi_VN\" \/>\n<meta property=\"og:type\" content=\"article\" \/>\n<meta property=\"og:title\" content=\"Cho Thu\u00ea Chung C\u01b0 N09 D\u1ecbch V\u1ecdng - C\u1ea7u Gi\u1ea5y 100m2. 3N.2VS.Full - Cho thu\u00ea chung c\u01b0 H\u00e0 N\u1ed9i\" \/>\n<meta property=\"og:description\" content=\"Gia \u0111\u00ecnh c\u1ea7n cho thu\u00ea c\u0103n h\u1ed9 N09 D\u1ecbch V\u1ecdng full \u0111\u1ed3 100m2 .3N.2VS\" \/>\n<meta property=\"og:url\" content=\"https:\/\/mauweb.tamnguyen.vn\/bds29\/san-pham\/toi-can-cho-thue-chung-cu-n09-dich-vong-100m2-3n-2vs-full\/\" \/>\n<meta property=\"og:site_name\" content=\"Cho thu\u00ea chung c\u01b0 H\u00e0 N\u1ed9i\" \/>\n<meta property=\"article:modified_time\" content=\"2021-03-02T05:09:44+00:00\" \/>\n<meta property=\"og:image\" content=\"https:\/\/mauweb.tamnguyen.vn\/bds29\/wp-content\/uploads\/2021\/02\/z2338350230788_f6b84f9f65c39154defa98341ea17bfc.jpg\" \/>\n\t<meta property=\"og:image:width\" content=\"1024\" \/>\n\t<meta property=\"og:image:height\" content=\"768\" \/>\n\t<meta property=\"og:image:type\" content=\"image\/jpeg\" \/>\n<meta name=\"twitter:card\" content=\"summary_large_image\" \/>\n<meta name=\"twitter:label1\" content=\"\u01af\u1edbc t\u00ednh th\u1eddi gian \u0111\u1ecdc\" \/>\n\t<meta name=\"twitter:data1\" content=\"1 ph\u00fat\" \/>\n<script type=\"application\/ld+json\" class=\"yoast-schema-graph\">{\"@context\":\"https:\/\/schema.org\",\"@graph\":[{\"@type\":\"WebPage\",\"@id\":\"https:\/\/mauweb.tamnguyen.vn\/bds29\/san-pham\/toi-can-cho-thue-chung-cu-n09-dich-vong-100m2-3n-2vs-full\/\",\"url\":\"https:\/\/mauweb.tamnguyen.vn\/bds29\/san-pham\/toi-can-cho-thue-chung-cu-n09-dich-vong-100m2-3n-2vs-full\/\",\"name\":\"Cho Thu\u00ea Chung C\u01b0 N09 D\u1ecbch V\u1ecdng - C\u1ea7u Gi\u1ea5y 100m2. 3N.2VS.Full - Cho thu\u00ea chung c\u01b0 H\u00e0 N\u1ed9i\",\"isPartOf\":{\"@id\":\"https:\/\/mauweb.tamnguyen.vn\/bds29\/#website\"},\"datePublished\":\"2021-02-20T01:48:51+00:00\",\"dateModified\":\"2021-03-02T05:09:44+00:00\",\"breadcrumb\":{\"@id\":\"https:\/\/mauweb.tamnguyen.vn\/bds29\/san-pham\/toi-can-cho-thue-chung-cu-n09-dich-vong-100m2-3n-2vs-full\/#breadcrumb\"},\"inLanguage\":\"vi\",\"potentialAction\":[{\"@type\":\"ReadAction\",\"target\":[\"https:\/\/mauweb.tamnguyen.vn\/bds29\/san-pham\/toi-can-cho-thue-chung-cu-n09-dich-vong-100m2-3n-2vs-full\/\"]}]},{\"@type\":\"BreadcrumbList\",\"@id\":\"https:\/\/mauweb.tamnguyen.vn\/bds29\/san-pham\/toi-can-cho-thue-chung-cu-n09-dich-vong-100m2-3n-2vs-full\/#breadcrumb\",\"itemListElement\":[{\"@type\":\"ListItem\",\"position\":1,\"name\":\"Trang ch\u1ee7\",\"item\":\"https:\/\/mauweb.tamnguyen.vn\/bds29\/\"},{\"@type\":\"ListItem\",\"position\":2,\"name\":\"C\u1eeda h\u00e0ng\",\"item\":\"https:\/\/mauweb.tamnguyen.vn\/bds29\/cua-hang\/\"},{\"@type\":\"ListItem\",\"position\":3,\"name\":\"Cho Thu\u00ea Chung C\u01b0 N09 D\u1ecbch V\u1ecdng &#8211; C\u1ea7u Gi\u1ea5y 100m2. 3N.2VS.Full\"}]},{\"@type\":\"WebSite\",\"@id\":\"https:\/\/mauweb.tamnguyen.vn\/bds29\/#website\",\"url\":\"https:\/\/mauweb.tamnguyen.vn\/bds29\/\",\"name\":\"Cho thu\u00ea chung c\u01b0 H\u00e0 N\u1ed9i\",\"description\":\"\",\"potentialAction\":[{\"@type\":\"SearchAction\",\"target\":{\"@type\":\"EntryPoint\",\"urlTemplate\":\"https:\/\/mauweb.tamnguyen.vn\/bds29\/?s={search_term_string}\"},\"query-input\":\"required name=search_term_string\"}],\"inLanguage\":\"vi\"}]}<\/script>\n<!-- \/ Yoast SEO plugin. -->","yoast_head_json":{"title":"Cho Thu\u00ea Chung C\u01b0 N09 D\u1ecbch V\u1ecdng - C\u1ea7u Gi\u1ea5y 100m2. 3N.2VS.Full - Cho thu\u00ea chung c\u01b0 H\u00e0 N\u1ed9i","robots":{"index":"noindex","follow":"follow","max-snippet":"max-snippet:-1","max-image-preview":"max-image-preview:large","max-video-preview":"max-video-preview:-1"},"og_locale":"vi_VN","og_type":"article","og_title":"Cho Thu\u00ea Chung C\u01b0 N09 D\u1ecbch V\u1ecdng - C\u1ea7u Gi\u1ea5y 100m2. 3N.2VS.Full - Cho thu\u00ea chung c\u01b0 H\u00e0 N\u1ed9i","og_description":"Gia \u0111\u00ecnh c\u1ea7n cho thu\u00ea c\u0103n h\u1ed9 N09 D\u1ecbch V\u1ecdng full \u0111\u1ed3 100m2 .3N.2VS","og_url":"https:\/\/mauweb.tamnguyen.vn\/bds29\/san-pham\/toi-can-cho-thue-chung-cu-n09-dich-vong-100m2-3n-2vs-full\/","og_site_name":"Cho thu\u00ea chung c\u01b0 H\u00e0 N\u1ed9i","article_modified_time":"2021-03-02T05:09:44+00:00","og_image":[{"width":1024,"height":768,"url":"https:\/\/mauweb.tamnguyen.vn\/bds29\/wp-content\/uploads\/2021\/02\/z2338350230788_f6b84f9f65c39154defa98341ea17bfc.jpg","type":"image\/jpeg"}],"twitter_card":"summary_large_image","twitter_misc":{"\u01af\u1edbc t\u00ednh th\u1eddi gian \u0111\u1ecdc":"1 ph\u00fat"},"schema":{"@context":"https:\/\/schema.org","@graph":[{"@type":"WebPage","@id":"https:\/\/mauweb.tamnguyen.vn\/bds29\/san-pham\/toi-can-cho-thue-chung-cu-n09-dich-vong-100m2-3n-2vs-full\/","url":"https:\/\/mauweb.tamnguyen.vn\/bds29\/san-pham\/toi-can-cho-thue-chung-cu-n09-dich-vong-100m2-3n-2vs-full\/","name":"Cho Thu\u00ea Chung C\u01b0 N09 D\u1ecbch V\u1ecdng - C\u1ea7u Gi\u1ea5y 100m2. 3N.2VS.Full - Cho thu\u00ea chung c\u01b0 H\u00e0 N\u1ed9i","isPartOf":{"@id":"https:\/\/mauweb.tamnguyen.vn\/bds29\/#website"},"datePublished":"2021-02-20T01:48:51+00:00","dateModified":"2021-03-02T05:09:44+00:00","breadcrumb":{"@id":"https:\/\/mauweb.tamnguyen.vn\/bds29\/san-pham\/toi-can-cho-thue-chung-cu-n09-dich-vong-100m2-3n-2vs-full\/#breadcrumb"},"inLanguage":"vi","potentialAction":[{"@type":"ReadAction","target":["https:\/\/mauweb.tamnguyen.vn\/bds29\/san-pham\/toi-can-cho-thue-chung-cu-n09-dich-vong-100m2-3n-2vs-full\/"]}]},{"@type":"BreadcrumbList","@id":"https:\/\/mauweb.tamnguyen.vn\/bds29\/san-pham\/toi-can-cho-thue-chung-cu-n09-dich-vong-100m2-3n-2vs-full\/#breadcrumb","itemListElement":[{"@type":"ListItem","position":1,"name":"Trang ch\u1ee7","item":"https:\/\/mauweb.tamnguyen.vn\/bds29\/"},{"@type":"ListItem","position":2,"name":"C\u1eeda h\u00e0ng","item":"https:\/\/mauweb.tamnguyen.vn\/bds29\/cua-hang\/"},{"@type":"ListItem","position":3,"name":"Cho Thu\u00ea Chung C\u01b0 N09 D\u1ecbch V\u1ecdng &#8211; C\u1ea7u Gi\u1ea5y 100m2. 3N.2VS.Full"}]},{"@type":"WebSite","@id":"https:\/\/mauweb.tamnguyen.vn\/bds29\/#website","url":"https:\/\/mauweb.tamnguyen.vn\/bds29\/","name":"Cho thu\u00ea chung c\u01b0 H\u00e0 N\u1ed9i","description":"","potentialAction":[{"@type":"SearchAction","target":{"@type":"EntryPoint","urlTemplate":"https:\/\/mauweb.tamnguyen.vn\/bds29\/?s={search_term_string}"},"query-input":"required name=search_term_string"}],"inLanguage":"vi"}]}},"_links":{"self":[{"href":"https:\/\/mauweb.tamnguyen.vn\/bds29\/wp-json\/wp\/v2\/product\/1913"}],"collection":[{"href":"https:\/\/mauweb.tamnguyen.vn\/bds29\/wp-json\/wp\/v2\/product"}],"about":[{"href":"https:\/\/mauweb.tamnguyen.vn\/bds29\/wp-json\/wp\/v2\/types\/product"}],"replies":[{"embeddable":true,"href":"https:\/\/mauweb.tamnguyen.vn\/bds29\/wp-json\/wp\/v2\/comments?post=1913"}],"wp:featuredmedia":[{"embeddable":true,"href":"https:\/\/mauweb.tamnguyen.vn\/bds29\/wp-json\/wp\/v2\/media\/1914"}],"wp:attachment":[{"href":"https:\/\/mauweb.tamnguyen.vn\/bds29\/wp-json\/wp\/v2\/media?parent=1913"}],"wp:term":[{"taxonomy":"product_cat","embeddable":true,"href":"https:\/\/mauweb.tamnguyen.vn\/bds29\/wp-json\/wp\/v2\/product_cat?post=1913"},{"taxonomy":"product_tag","embeddable":true,"href":"https:\/\/mauweb.tamnguyen.vn\/bds29\/wp-json\/wp\/v2\/product_tag?post=1913"},{"taxonomy":"loai_du_an","embeddable":true,"href":"https:\/\/mauweb.tamnguyen.vn\/bds29\/wp-json\/wp\/v2\/loai_du_an?post=1913"},{"taxonomy":"khoang_gia","embeddable":true,"href":"https:\/\/mauweb.tamnguyen.vn\/bds29\/wp-json\/wp\/v2\/khoang_gia?post=1913"},{"taxonomy":"dien_tich","embeddable":true,"href":"https:\/\/mauweb.tamnguyen.vn\/bds29\/wp-json\/wp\/v2\/dien_tich?post=1913"},{"taxonomy":"phong_ngu","embeddable":true,"href":"https:\/\/mauweb.tamnguyen.vn\/bds29\/wp-json\/wp\/v2\/phong_ngu?post=1913"},{"taxonomy":"location","embeddable":true,"href":"https:\/\/mauweb.tamnguyen.vn\/bds29\/wp-json\/wp\/v2\/location?post=1913"}],"curies":[{"name":"wp","href":"https:\/\/api.w.org\/{rel}","templated":true}]}}