{"id":1893,"date":"2021-02-19T20:46:26","date_gmt":"2021-02-19T13:46:26","guid":{"rendered":"http:\/\/mau3.maudep.com.vn\/chungcu\/?post_type=product&#038;p=1893"},"modified":"2021-02-20T13:42:57","modified_gmt":"2021-02-20T06:42:57","slug":"gia-dinh-toi-can-cho-thue-can-ho-b3-ham-nghi-84m2-full-do","status":"publish","type":"product","link":"https:\/\/mauweb.tamnguyen.vn\/bds29\/san-pham\/gia-dinh-toi-can-cho-thue-can-ho-b3-ham-nghi-84m2-full-do\/","title":{"rendered":"Gia \u0111\u00ecnh t\u00f4i c\u1ea7n cho thu\u00ea c\u0103n h\u1ed9 A3 H\u00e0m Nghi .84m2.full \u0111\u1ed3"},"content":{"rendered":"<ol>\n<li>Th\u00f4ng tin c\u0103n h\u1ed9<\/li>\n<\/ol>\n<p>&#8211; Di\u1ec7n t\u00edch 84m2.<\/p>\n<p>&#8211; Thi\u1ebft k\u1ebf 2PN. 2VS<\/p>\n<p>&#8211;\u00a0 View \u0110\u1eb9p ,Tho\u00e1ng m\u00e1t,kh\u00f4ng \u1ed3n \u00e0o<\/p>\n<ol start=\"2\">\n<li>Ti\u1ec7n \u00edch<\/li>\n<\/ol>\n<p>&#8211; G\u1ea7n c\u00e1c tr\u01b0\u1eddng \u0110\u1ea1i h\u1ecdc Th\u01b0\u01a1ng m\u1ea1i, \u0110H Qu\u1ed1c Gia, \u2026,C\u00e1c Tr\u01b0\u1eddng M\u1ea7m Non Ti\u1ec3u H\u1ecdc.<\/p>\n<p>&#8211; G\u1ea7n S\u00e2n V\u1eadn \u0111\u1ed9ng qu\u1ed1c gia m\u1ef9 \u0111\u00ecnh, g\u1ea7n trung t\u00e2m h\u1ed9i ngh\u1ecb qu\u1ed1c gia \u2026.<\/p>\n<p>-G\u1ea7n TTTM . Si\u00eau Th\u1ecb, Ch\u1ee3 d\u00e2n sinh&#8230;.<\/p>\n<ol start=\"3\">\n<li>Gi\u00e1 thu\u00ea : 8 tr\/1 th\u00e1ng .thanh to\u00e1n 3 c\u1ecdc 1.<\/li>\n<\/ol>\n<p>&nbsp;<\/p>\n<ol start=\"4\">\n<li>N\u1ed9i th\u1ea5t Full \u0111\u1ed3 : t\u1ee7 b\u1ebfp<\/li>\n<\/ol>\n<p>&nbsp;<\/p>\n<p>&#8211; mi\u1ec5n ph\u00ed t\u01b0 v\u1ea5n v\u00e0 xem nh\u00e0<\/p>\n<p>&nbsp;<\/p>\n<ol start=\"5\">\n<li>Li\u00ean h\u1ec7<\/li>\n<\/ol>\n<p>S\u0110T 0377.968.115 \u2013 0901770058<\/p>\n<p>&nbsp;<\/p>\n","protected":false},"excerpt":{"rendered":"<p>cho thu\u00ea chung c\u01b0 A3 h\u00e0m nghi, full \u0111\u1ed3, 84m2<\/p>\n","protected":false},"featured_media":1902,"comment_status":"open","ping_status":"closed","template":"","meta":[],"product_cat":[171],"product_tag":[],"loai_du_an":[144],"khoang_gia":[286],"dien_tich":[299],"phong_ngu":[181],"location":[399,196],"class_list":["post-1893","product","type-product","status-publish","has-post-thumbnail","hentry","product_cat-can-mua-can-thue","loai_du_an-cho-thue-can-ho-chung-cu","khoang_gia-5-10-trieu","dien_tich-50-80-m2","phong_ngu-02-phong-ngu","location-du-an-chung-cu-b3-ham-nghi","location-quan-nam-tu-liem"],"acf":[],"yoast_head":"<!-- This site is optimized with the Yoast SEO plugin v19.8 - https:\/\/yoast.com\/wordpress\/plugins\/seo\/ -->\n<title>Gia \u0111\u00ecnh t\u00f4i c\u1ea7n cho thu\u00ea c\u0103n h\u1ed9 A3 H\u00e0m Nghi .84m2.full \u0111\u1ed3 - Cho thu\u00ea chung c\u01b0 H\u00e0 N\u1ed9i<\/title>\n<meta name=\"robots\" content=\"noindex, follow, max-snippet:-1, max-image-preview:large, max-video-preview:-1\" \/>\n<meta property=\"og:locale\" content=\"vi_VN\" \/>\n<meta property=\"og:type\" content=\"article\" \/>\n<meta property=\"og:title\" content=\"Gia \u0111\u00ecnh t\u00f4i c\u1ea7n cho thu\u00ea c\u0103n h\u1ed9 A3 H\u00e0m Nghi .84m2.full \u0111\u1ed3 - Cho thu\u00ea chung c\u01b0 H\u00e0 N\u1ed9i\" \/>\n<meta property=\"og:description\" content=\"cho thu\u00ea chung c\u01b0 A3 h\u00e0m nghi, full \u0111\u1ed3, 84m2\" \/>\n<meta property=\"og:url\" content=\"https:\/\/mauweb.tamnguyen.vn\/bds29\/san-pham\/gia-dinh-toi-can-cho-thue-can-ho-b3-ham-nghi-84m2-full-do\/\" \/>\n<meta property=\"og:site_name\" content=\"Cho thu\u00ea chung c\u01b0 H\u00e0 N\u1ed9i\" \/>\n<meta property=\"article:modified_time\" content=\"2021-02-20T06:42:57+00:00\" \/>\n<meta property=\"og:image\" content=\"https:\/\/mauweb.tamnguyen.vn\/bds29\/wp-content\/uploads\/2021\/02\/z2337872366243_b018fbc82fcdbf3697fbc73879e94373-1.jpg\" \/>\n\t<meta property=\"og:image:width\" content=\"956\" \/>\n\t<meta property=\"og:image:height\" content=\"1276\" \/>\n\t<meta property=\"og:image:type\" content=\"image\/jpeg\" \/>\n<meta name=\"twitter:card\" content=\"summary_large_image\" \/>\n<meta name=\"twitter:label1\" content=\"\u01af\u1edbc t\u00ednh th\u1eddi gian \u0111\u1ecdc\" \/>\n\t<meta name=\"twitter:data1\" content=\"1 ph\u00fat\" \/>\n<script type=\"application\/ld+json\" class=\"yoast-schema-graph\">{\"@context\":\"https:\/\/schema.org\",\"@graph\":[{\"@type\":\"WebPage\",\"@id\":\"https:\/\/mauweb.tamnguyen.vn\/bds29\/san-pham\/gia-dinh-toi-can-cho-thue-can-ho-b3-ham-nghi-84m2-full-do\/\",\"url\":\"https:\/\/mauweb.tamnguyen.vn\/bds29\/san-pham\/gia-dinh-toi-can-cho-thue-can-ho-b3-ham-nghi-84m2-full-do\/\",\"name\":\"Gia \u0111\u00ecnh t\u00f4i c\u1ea7n cho thu\u00ea c\u0103n h\u1ed9 A3 H\u00e0m Nghi .84m2.full \u0111\u1ed3 - Cho thu\u00ea chung c\u01b0 H\u00e0 N\u1ed9i\",\"isPartOf\":{\"@id\":\"https:\/\/mauweb.tamnguyen.vn\/bds29\/#website\"},\"datePublished\":\"2021-02-19T13:46:26+00:00\",\"dateModified\":\"2021-02-20T06:42:57+00:00\",\"breadcrumb\":{\"@id\":\"https:\/\/mauweb.tamnguyen.vn\/bds29\/san-pham\/gia-dinh-toi-can-cho-thue-can-ho-b3-ham-nghi-84m2-full-do\/#breadcrumb\"},\"inLanguage\":\"vi\",\"potentialAction\":[{\"@type\":\"ReadAction\",\"target\":[\"https:\/\/mauweb.tamnguyen.vn\/bds29\/san-pham\/gia-dinh-toi-can-cho-thue-can-ho-b3-ham-nghi-84m2-full-do\/\"]}]},{\"@type\":\"BreadcrumbList\",\"@id\":\"https:\/\/mauweb.tamnguyen.vn\/bds29\/san-pham\/gia-dinh-toi-can-cho-thue-can-ho-b3-ham-nghi-84m2-full-do\/#breadcrumb\",\"itemListElement\":[{\"@type\":\"ListItem\",\"position\":1,\"name\":\"Trang ch\u1ee7\",\"item\":\"https:\/\/mauweb.tamnguyen.vn\/bds29\/\"},{\"@type\":\"ListItem\",\"position\":2,\"name\":\"C\u1eeda h\u00e0ng\",\"item\":\"https:\/\/mauweb.tamnguyen.vn\/bds29\/cua-hang\/\"},{\"@type\":\"ListItem\",\"position\":3,\"name\":\"Gia \u0111\u00ecnh t\u00f4i c\u1ea7n cho thu\u00ea c\u0103n h\u1ed9 A3 H\u00e0m Nghi .84m2.full \u0111\u1ed3\"}]},{\"@type\":\"WebSite\",\"@id\":\"https:\/\/mauweb.tamnguyen.vn\/bds29\/#website\",\"url\":\"https:\/\/mauweb.tamnguyen.vn\/bds29\/\",\"name\":\"Cho thu\u00ea chung c\u01b0 H\u00e0 N\u1ed9i\",\"description\":\"\",\"potentialAction\":[{\"@type\":\"SearchAction\",\"target\":{\"@type\":\"EntryPoint\",\"urlTemplate\":\"https:\/\/mauweb.tamnguyen.vn\/bds29\/?s={search_term_string}\"},\"query-input\":\"required name=search_term_string\"}],\"inLanguage\":\"vi\"}]}<\/script>\n<!-- \/ Yoast SEO plugin. -->","yoast_head_json":{"title":"Gia \u0111\u00ecnh t\u00f4i c\u1ea7n cho thu\u00ea c\u0103n h\u1ed9 A3 H\u00e0m Nghi .84m2.full \u0111\u1ed3 - Cho thu\u00ea chung c\u01b0 H\u00e0 N\u1ed9i","robots":{"index":"noindex","follow":"follow","max-snippet":"max-snippet:-1","max-image-preview":"max-image-preview:large","max-video-preview":"max-video-preview:-1"},"og_locale":"vi_VN","og_type":"article","og_title":"Gia \u0111\u00ecnh t\u00f4i c\u1ea7n cho thu\u00ea c\u0103n h\u1ed9 A3 H\u00e0m Nghi .84m2.full \u0111\u1ed3 - Cho thu\u00ea chung c\u01b0 H\u00e0 N\u1ed9i","og_description":"cho thu\u00ea chung c\u01b0 A3 h\u00e0m nghi, full \u0111\u1ed3, 84m2","og_url":"https:\/\/mauweb.tamnguyen.vn\/bds29\/san-pham\/gia-dinh-toi-can-cho-thue-can-ho-b3-ham-nghi-84m2-full-do\/","og_site_name":"Cho thu\u00ea chung c\u01b0 H\u00e0 N\u1ed9i","article_modified_time":"2021-02-20T06:42:57+00:00","og_image":[{"width":956,"height":1276,"url":"https:\/\/mauweb.tamnguyen.vn\/bds29\/wp-content\/uploads\/2021\/02\/z2337872366243_b018fbc82fcdbf3697fbc73879e94373-1.jpg","type":"image\/jpeg"}],"twitter_card":"summary_large_image","twitter_misc":{"\u01af\u1edbc t\u00ednh th\u1eddi gian \u0111\u1ecdc":"1 ph\u00fat"},"schema":{"@context":"https:\/\/schema.org","@graph":[{"@type":"WebPage","@id":"https:\/\/mauweb.tamnguyen.vn\/bds29\/san-pham\/gia-dinh-toi-can-cho-thue-can-ho-b3-ham-nghi-84m2-full-do\/","url":"https:\/\/mauweb.tamnguyen.vn\/bds29\/san-pham\/gia-dinh-toi-can-cho-thue-can-ho-b3-ham-nghi-84m2-full-do\/","name":"Gia \u0111\u00ecnh t\u00f4i c\u1ea7n cho thu\u00ea c\u0103n h\u1ed9 A3 H\u00e0m Nghi .84m2.full \u0111\u1ed3 - Cho thu\u00ea chung c\u01b0 H\u00e0 N\u1ed9i","isPartOf":{"@id":"https:\/\/mauweb.tamnguyen.vn\/bds29\/#website"},"datePublished":"2021-02-19T13:46:26+00:00","dateModified":"2021-02-20T06:42:57+00:00","breadcrumb":{"@id":"https:\/\/mauweb.tamnguyen.vn\/bds29\/san-pham\/gia-dinh-toi-can-cho-thue-can-ho-b3-ham-nghi-84m2-full-do\/#breadcrumb"},"inLanguage":"vi","potentialAction":[{"@type":"ReadAction","target":["https:\/\/mauweb.tamnguyen.vn\/bds29\/san-pham\/gia-dinh-toi-can-cho-thue-can-ho-b3-ham-nghi-84m2-full-do\/"]}]},{"@type":"BreadcrumbList","@id":"https:\/\/mauweb.tamnguyen.vn\/bds29\/san-pham\/gia-dinh-toi-can-cho-thue-can-ho-b3-ham-nghi-84m2-full-do\/#breadcrumb","itemListElement":[{"@type":"ListItem","position":1,"name":"Trang ch\u1ee7","item":"https:\/\/mauweb.tamnguyen.vn\/bds29\/"},{"@type":"ListItem","position":2,"name":"C\u1eeda h\u00e0ng","item":"https:\/\/mauweb.tamnguyen.vn\/bds29\/cua-hang\/"},{"@type":"ListItem","position":3,"name":"Gia \u0111\u00ecnh t\u00f4i c\u1ea7n cho thu\u00ea c\u0103n h\u1ed9 A3 H\u00e0m Nghi .84m2.full \u0111\u1ed3"}]},{"@type":"WebSite","@id":"https:\/\/mauweb.tamnguyen.vn\/bds29\/#website","url":"https:\/\/mauweb.tamnguyen.vn\/bds29\/","name":"Cho thu\u00ea chung c\u01b0 H\u00e0 N\u1ed9i","description":"","potentialAction":[{"@type":"SearchAction","target":{"@type":"EntryPoint","urlTemplate":"https:\/\/mauweb.tamnguyen.vn\/bds29\/?s={search_term_string}"},"query-input":"required name=search_term_string"}],"inLanguage":"vi"}]}},"_links":{"self":[{"href":"https:\/\/mauweb.tamnguyen.vn\/bds29\/wp-json\/wp\/v2\/product\/1893"}],"collection":[{"href":"https:\/\/mauweb.tamnguyen.vn\/bds29\/wp-json\/wp\/v2\/product"}],"about":[{"href":"https:\/\/mauweb.tamnguyen.vn\/bds29\/wp-json\/wp\/v2\/types\/product"}],"replies":[{"embeddable":true,"href":"https:\/\/mauweb.tamnguyen.vn\/bds29\/wp-json\/wp\/v2\/comments?post=1893"}],"wp:featuredmedia":[{"embeddable":true,"href":"https:\/\/mauweb.tamnguyen.vn\/bds29\/wp-json\/wp\/v2\/media\/1902"}],"wp:attachment":[{"href":"https:\/\/mauweb.tamnguyen.vn\/bds29\/wp-json\/wp\/v2\/media?parent=1893"}],"wp:term":[{"taxonomy":"product_cat","embeddable":true,"href":"https:\/\/mauweb.tamnguyen.vn\/bds29\/wp-json\/wp\/v2\/product_cat?post=1893"},{"taxonomy":"product_tag","embeddable":true,"href":"https:\/\/mauweb.tamnguyen.vn\/bds29\/wp-json\/wp\/v2\/product_tag?post=1893"},{"taxonomy":"loai_du_an","embeddable":true,"href":"https:\/\/mauweb.tamnguyen.vn\/bds29\/wp-json\/wp\/v2\/loai_du_an?post=1893"},{"taxonomy":"khoang_gia","embeddable":true,"href":"https:\/\/mauweb.tamnguyen.vn\/bds29\/wp-json\/wp\/v2\/khoang_gia?post=1893"},{"taxonomy":"dien_tich","embeddable":true,"href":"https:\/\/mauweb.tamnguyen.vn\/bds29\/wp-json\/wp\/v2\/dien_tich?post=1893"},{"taxonomy":"phong_ngu","embeddable":true,"href":"https:\/\/mauweb.tamnguyen.vn\/bds29\/wp-json\/wp\/v2\/phong_ngu?post=1893"},{"taxonomy":"location","embeddable":true,"href":"https:\/\/mauweb.tamnguyen.vn\/bds29\/wp-json\/wp\/v2\/location?post=1893"}],"curies":[{"name":"wp","href":"https:\/\/api.w.org\/{rel}","templated":true}]}}