{"id":1871,"date":"2021-02-19T16:58:55","date_gmt":"2021-02-19T09:58:55","guid":{"rendered":"http:\/\/mau3.maudep.com.vn\/chungcu\/?post_type=product&#038;p=1871"},"modified":"2021-02-19T16:58:55","modified_gmt":"2021-02-19T09:58:55","slug":"gia-dinh-toi-can-cho-thue-can-ho-golden-field-84m2-2n-2vs","status":"publish","type":"product","link":"https:\/\/mauweb.tamnguyen.vn\/bds29\/san-pham\/gia-dinh-toi-can-cho-thue-can-ho-golden-field-84m2-2n-2vs\/","title":{"rendered":"Gia \u0111\u00ecnh t\u00f4i c\u1ea7n cho thu\u00ea c\u0103n h\u1ed9 golden field 84m2.2N.2VS."},"content":{"rendered":"<ol>\n<li>Th\u00f4ng tin c\u0103n h\u1ed9<\/li>\n<\/ol>\n<p>&#8211; Di\u1ec7n t\u00edch 84m2.<\/p>\n<p>&#8211; Thi\u1ebft k\u1ebf 2PN. 2VS<\/p>\n<p>&#8211;\u00a0 View \u0110\u1eb9p ,Tho\u00e1ng m\u00e1t,kh\u00f4ng \u1ed3n \u00e0o<\/p>\n<ol start=\"2\">\n<li>Ti\u1ec7n \u00edch<\/li>\n<\/ol>\n<p>&#8211; N\u1eb1m t\u1ecda l\u1ea1c t\u1ea1i trung t\u00e2m M\u1ef9 \u0110\u00ecnh v\u00ec th\u1ebf Golden Field M\u1ef9 \u0110\u00ecnh r\u1ea5t thu\u1eadn ti\u1ec7n \u0111\u1ec3 di chuy\u1ec3n \u0111\u1ebfn c\u00e1c \u0111\u1ecba \u0111i\u1ec3m tr\u1ecdng y\u1ebfu trong th\u00e0nh ph\u1ed1.<\/p>\n<p>&#8211; G\u1ea7n c\u00e1c tr\u01b0\u1eddng \u0110\u1ea1i h\u1ecdc Th\u01b0\u01a1ng m\u1ea1i, \u0110H Qu\u1ed1c Gia, \u2026,C\u00e1c Tr\u01b0\u1eddng M\u1ea7m Non Ti\u1ec3u H\u1ecdc.<\/p>\n<p>&#8211; G\u1ea7n S\u00e2n V\u1eadn \u0111\u1ed9ng qu\u1ed1c gia m\u1ef9 \u0111\u00ecnh, g\u1ea7n trung t\u00e2m h\u1ed9i ngh\u1ecb qu\u1ed1c gia \u2026.<\/p>\n<p>&#8211; V\u1edbi ph\u01b0\u01a1ng ch\u00e2m mang l\u1ea1i cu\u1ed9c s\u1ed1ng \u0111\u1eb3ng c\u1ea5p v\u00e0 ti\u1ec7n nghi cho c\u01b0 d\u00e2n, chung c\u01b0 Golden Field M\u1ef9 \u0110\u00ecnh \u0111\u01b0\u1ee3c trang b\u1ecb ph\u00f2ng t\u1eadp Gym ti\u00eau chu\u1ea9n, b\u1ec3 b\u01a1i b\u1ed1n m\u00f9a trong nh\u00e0; Trung t\u00e2m ch\u0103m s\u00f3c s\u1ee9c kho\u1ebb; Nh\u00e0 sinh ho\u1ea1t c\u1ed9ng \u0111\u1ed3ng k\u1ebft h\u1ee3p th\u01b0 vi\u1ec7n hi\u1ec7n \u0111\u1ea1i, &#8211; Khu vui ch\u01a1i tr\u1ebb em, c\u00e1c t\u1ea7ng TTTM, d\u1ecbch v\u1ee5, t\u1ea7ng h\u1ea7m r\u1ed9ng r\u00e3i ph\u1ee5c v\u1ee5 c\u01b0 d\u00e2n.<\/p>\n<p>&#8211; Golden Field s\u1ebd mang l\u1ea1i nh\u1eefng tr\u1ea3i nghi\u1ec7m cu\u1ed9c s\u1ed1ng v\u0103n minh gi\u1eefa l\u00f2ng \u0111\u00f4 th\u1ecb cho c\u01b0 d\u00e2n.<\/p>\n<p>&#8211; Khu nh\u00e0 h\u00e0ng sang tr\u1ecdng v\u1edbi \u0111a d\u1ea1ng c\u00e1c m\u00f3n \u0103n truy\u1ec1n th\u1ed1ng cho \u0111\u1ebfn hi\u1ec7n \u0111\u1ea1i.B\u1ec3 b\u01a1i 4 m\u00f9a t\u1ea1i t\u1ea7ng 4 c\u00f3 di\u1ec7n t\u00edch 300 m2 hi\u1ec7n \u0111\u1ea1i b\u1eadc nh\u1ea5t khu v\u1ef1c M\u1ef9 \u0110\u00ecnh,\u2026<\/p>\n<p>&nbsp;<\/p>\n<p>Kh\u00f4ng gian t\u1eadp Gym v\u00e0 Spa sang tr\u1ecdng c\u00f9ng phong c\u00e1ch ph\u1ee5c v\u1ee5 t\u1eadn t\u00e2m chu \u0111\u00e1o c\u1ee7a \u0111\u1ed9i ng\u0169 nh\u00e2n vi\u00ean chuy\u00ean nghi\u1ec7p.<\/p>\n<p>&nbsp;<\/p>\n<p>Ph\u00f2ng kh\u00e1m \u0111a khoa hi\u1ec7n \u0111\u1ea1i cung c\u1ea5p d\u1ecbch v\u1ee5 ch\u0103m s\u00f3c s\u1ee9c kho\u1ebb theo ti\u00eau chu\u1ea9n qu\u1ed1c t\u1ebf cho m\u1ecdi l\u1ee9a tu\u1ed5i trong m\u1ed9t m\u00f4i tr\u01b0\u1eddng an to\u00e0n, \u1ea5m \u00e1p v\u00e0 th\u00e2n thi\u1ec7n.<\/p>\n<p>&nbsp;<\/p>\n<ol start=\"3\">\n<li>Gi\u00e1 thu\u00ea : 8.5 tr\/1 th\u00e1ng .thanh to\u00e1n 3 c\u1ecdc 1.<\/li>\n<\/ol>\n<p>&nbsp;<\/p>\n<ol start=\"4\">\n<li>N\u1ed9i th\u1ea5t C\u01a1 B\u1ea3n : them T\u1ee7 B\u1ebfp. K\u1ec7 B\u1ebfp<\/li>\n<\/ol>\n<p>&nbsp;<\/p>\n<p>&#8211; mi\u1ec5n ph\u00ed t\u01b0 v\u1ea5n v\u00e0 xem nh\u00e0<\/p>\n<p>&nbsp;<\/p>\n<ol start=\"5\">\n<li>Li\u00ean h\u1ec7<\/li>\n<\/ol>\n<p>S\u0110T 0377.968.115 &#8211; 0901770058<\/p>\n","protected":false},"excerpt":{"rendered":"<p>Gia \u0111\u00ecnh c\u1ea7n cho thu\u00ea l\u1ea1i c\u0103n h\u1ed9 golden field 84m2.<\/p>\n","protected":false},"featured_media":1874,"comment_status":"open","ping_status":"closed","template":"","meta":[],"product_cat":[171],"product_tag":[],"loai_du_an":[144],"khoang_gia":[288,286],"dien_tich":[299],"phong_ngu":[181],"location":[362,196],"class_list":["post-1871","product","type-product","status-publish","has-post-thumbnail","hentry","product_cat-can-mua-can-thue","loai_du_an-cho-thue-can-ho-chung-cu","khoang_gia-10-15-trieu","khoang_gia-5-10-trieu","dien_tich-50-80-m2","phong_ngu-02-phong-ngu","location-du-an-golden-field-my-dinh","location-quan-nam-tu-liem"],"acf":[],"yoast_head":"<!-- This site is optimized with the Yoast SEO plugin v19.8 - https:\/\/yoast.com\/wordpress\/plugins\/seo\/ -->\n<title>Gia \u0111\u00ecnh t\u00f4i c\u1ea7n cho thu\u00ea c\u0103n h\u1ed9 golden field 84m2.2N.2VS. - Cho thu\u00ea chung c\u01b0 H\u00e0 N\u1ed9i<\/title>\n<meta name=\"robots\" content=\"noindex, follow, max-snippet:-1, max-image-preview:large, max-video-preview:-1\" \/>\n<meta property=\"og:locale\" content=\"vi_VN\" \/>\n<meta property=\"og:type\" content=\"article\" \/>\n<meta property=\"og:title\" content=\"Gia \u0111\u00ecnh t\u00f4i c\u1ea7n cho thu\u00ea c\u0103n h\u1ed9 golden field 84m2.2N.2VS. - Cho thu\u00ea chung c\u01b0 H\u00e0 N\u1ed9i\" \/>\n<meta property=\"og:description\" content=\"Gia \u0111\u00ecnh c\u1ea7n cho thu\u00ea l\u1ea1i c\u0103n h\u1ed9 golden field 84m2.\" \/>\n<meta property=\"og:url\" content=\"https:\/\/mauweb.tamnguyen.vn\/bds29\/san-pham\/gia-dinh-toi-can-cho-thue-can-ho-golden-field-84m2-2n-2vs\/\" \/>\n<meta property=\"og:site_name\" content=\"Cho thu\u00ea chung c\u01b0 H\u00e0 N\u1ed9i\" \/>\n<meta property=\"og:image\" content=\"https:\/\/mauweb.tamnguyen.vn\/bds29\/wp-content\/uploads\/2021\/02\/z2337712986850_097bd3dd3d4cd9209ab65fd30ff695e3.jpg\" \/>\n\t<meta property=\"og:image:width\" content=\"960\" \/>\n\t<meta property=\"og:image:height\" content=\"1280\" \/>\n\t<meta property=\"og:image:type\" content=\"image\/jpeg\" \/>\n<meta name=\"twitter:card\" content=\"summary_large_image\" \/>\n<meta name=\"twitter:label1\" content=\"\u01af\u1edbc t\u00ednh th\u1eddi gian \u0111\u1ecdc\" \/>\n\t<meta name=\"twitter:data1\" content=\"2 ph\u00fat\" \/>\n<script type=\"application\/ld+json\" class=\"yoast-schema-graph\">{\"@context\":\"https:\/\/schema.org\",\"@graph\":[{\"@type\":\"WebPage\",\"@id\":\"https:\/\/mauweb.tamnguyen.vn\/bds29\/san-pham\/gia-dinh-toi-can-cho-thue-can-ho-golden-field-84m2-2n-2vs\/\",\"url\":\"https:\/\/mauweb.tamnguyen.vn\/bds29\/san-pham\/gia-dinh-toi-can-cho-thue-can-ho-golden-field-84m2-2n-2vs\/\",\"name\":\"Gia \u0111\u00ecnh t\u00f4i c\u1ea7n cho thu\u00ea c\u0103n h\u1ed9 golden field 84m2.2N.2VS. - Cho thu\u00ea chung c\u01b0 H\u00e0 N\u1ed9i\",\"isPartOf\":{\"@id\":\"https:\/\/mauweb.tamnguyen.vn\/bds29\/#website\"},\"datePublished\":\"2021-02-19T09:58:55+00:00\",\"dateModified\":\"2021-02-19T09:58:55+00:00\",\"breadcrumb\":{\"@id\":\"https:\/\/mauweb.tamnguyen.vn\/bds29\/san-pham\/gia-dinh-toi-can-cho-thue-can-ho-golden-field-84m2-2n-2vs\/#breadcrumb\"},\"inLanguage\":\"vi\",\"potentialAction\":[{\"@type\":\"ReadAction\",\"target\":[\"https:\/\/mauweb.tamnguyen.vn\/bds29\/san-pham\/gia-dinh-toi-can-cho-thue-can-ho-golden-field-84m2-2n-2vs\/\"]}]},{\"@type\":\"BreadcrumbList\",\"@id\":\"https:\/\/mauweb.tamnguyen.vn\/bds29\/san-pham\/gia-dinh-toi-can-cho-thue-can-ho-golden-field-84m2-2n-2vs\/#breadcrumb\",\"itemListElement\":[{\"@type\":\"ListItem\",\"position\":1,\"name\":\"Trang ch\u1ee7\",\"item\":\"https:\/\/mauweb.tamnguyen.vn\/bds29\/\"},{\"@type\":\"ListItem\",\"position\":2,\"name\":\"C\u1eeda h\u00e0ng\",\"item\":\"https:\/\/mauweb.tamnguyen.vn\/bds29\/cua-hang\/\"},{\"@type\":\"ListItem\",\"position\":3,\"name\":\"Gia \u0111\u00ecnh t\u00f4i c\u1ea7n cho thu\u00ea c\u0103n h\u1ed9 golden field 84m2.2N.2VS.\"}]},{\"@type\":\"WebSite\",\"@id\":\"https:\/\/mauweb.tamnguyen.vn\/bds29\/#website\",\"url\":\"https:\/\/mauweb.tamnguyen.vn\/bds29\/\",\"name\":\"Cho thu\u00ea chung c\u01b0 H\u00e0 N\u1ed9i\",\"description\":\"\",\"potentialAction\":[{\"@type\":\"SearchAction\",\"target\":{\"@type\":\"EntryPoint\",\"urlTemplate\":\"https:\/\/mauweb.tamnguyen.vn\/bds29\/?s={search_term_string}\"},\"query-input\":\"required name=search_term_string\"}],\"inLanguage\":\"vi\"}]}<\/script>\n<!-- \/ Yoast SEO plugin. -->","yoast_head_json":{"title":"Gia \u0111\u00ecnh t\u00f4i c\u1ea7n cho thu\u00ea c\u0103n h\u1ed9 golden field 84m2.2N.2VS. - Cho thu\u00ea chung c\u01b0 H\u00e0 N\u1ed9i","robots":{"index":"noindex","follow":"follow","max-snippet":"max-snippet:-1","max-image-preview":"max-image-preview:large","max-video-preview":"max-video-preview:-1"},"og_locale":"vi_VN","og_type":"article","og_title":"Gia \u0111\u00ecnh t\u00f4i c\u1ea7n cho thu\u00ea c\u0103n h\u1ed9 golden field 84m2.2N.2VS. - Cho thu\u00ea chung c\u01b0 H\u00e0 N\u1ed9i","og_description":"Gia \u0111\u00ecnh c\u1ea7n cho thu\u00ea l\u1ea1i c\u0103n h\u1ed9 golden field 84m2.","og_url":"https:\/\/mauweb.tamnguyen.vn\/bds29\/san-pham\/gia-dinh-toi-can-cho-thue-can-ho-golden-field-84m2-2n-2vs\/","og_site_name":"Cho thu\u00ea chung c\u01b0 H\u00e0 N\u1ed9i","og_image":[{"width":960,"height":1280,"url":"https:\/\/mauweb.tamnguyen.vn\/bds29\/wp-content\/uploads\/2021\/02\/z2337712986850_097bd3dd3d4cd9209ab65fd30ff695e3.jpg","type":"image\/jpeg"}],"twitter_card":"summary_large_image","twitter_misc":{"\u01af\u1edbc t\u00ednh th\u1eddi gian \u0111\u1ecdc":"2 ph\u00fat"},"schema":{"@context":"https:\/\/schema.org","@graph":[{"@type":"WebPage","@id":"https:\/\/mauweb.tamnguyen.vn\/bds29\/san-pham\/gia-dinh-toi-can-cho-thue-can-ho-golden-field-84m2-2n-2vs\/","url":"https:\/\/mauweb.tamnguyen.vn\/bds29\/san-pham\/gia-dinh-toi-can-cho-thue-can-ho-golden-field-84m2-2n-2vs\/","name":"Gia \u0111\u00ecnh t\u00f4i c\u1ea7n cho thu\u00ea c\u0103n h\u1ed9 golden field 84m2.2N.2VS. - Cho thu\u00ea chung c\u01b0 H\u00e0 N\u1ed9i","isPartOf":{"@id":"https:\/\/mauweb.tamnguyen.vn\/bds29\/#website"},"datePublished":"2021-02-19T09:58:55+00:00","dateModified":"2021-02-19T09:58:55+00:00","breadcrumb":{"@id":"https:\/\/mauweb.tamnguyen.vn\/bds29\/san-pham\/gia-dinh-toi-can-cho-thue-can-ho-golden-field-84m2-2n-2vs\/#breadcrumb"},"inLanguage":"vi","potentialAction":[{"@type":"ReadAction","target":["https:\/\/mauweb.tamnguyen.vn\/bds29\/san-pham\/gia-dinh-toi-can-cho-thue-can-ho-golden-field-84m2-2n-2vs\/"]}]},{"@type":"BreadcrumbList","@id":"https:\/\/mauweb.tamnguyen.vn\/bds29\/san-pham\/gia-dinh-toi-can-cho-thue-can-ho-golden-field-84m2-2n-2vs\/#breadcrumb","itemListElement":[{"@type":"ListItem","position":1,"name":"Trang ch\u1ee7","item":"https:\/\/mauweb.tamnguyen.vn\/bds29\/"},{"@type":"ListItem","position":2,"name":"C\u1eeda h\u00e0ng","item":"https:\/\/mauweb.tamnguyen.vn\/bds29\/cua-hang\/"},{"@type":"ListItem","position":3,"name":"Gia \u0111\u00ecnh t\u00f4i c\u1ea7n cho thu\u00ea c\u0103n h\u1ed9 golden field 84m2.2N.2VS."}]},{"@type":"WebSite","@id":"https:\/\/mauweb.tamnguyen.vn\/bds29\/#website","url":"https:\/\/mauweb.tamnguyen.vn\/bds29\/","name":"Cho thu\u00ea chung c\u01b0 H\u00e0 N\u1ed9i","description":"","potentialAction":[{"@type":"SearchAction","target":{"@type":"EntryPoint","urlTemplate":"https:\/\/mauweb.tamnguyen.vn\/bds29\/?s={search_term_string}"},"query-input":"required name=search_term_string"}],"inLanguage":"vi"}]}},"_links":{"self":[{"href":"https:\/\/mauweb.tamnguyen.vn\/bds29\/wp-json\/wp\/v2\/product\/1871"}],"collection":[{"href":"https:\/\/mauweb.tamnguyen.vn\/bds29\/wp-json\/wp\/v2\/product"}],"about":[{"href":"https:\/\/mauweb.tamnguyen.vn\/bds29\/wp-json\/wp\/v2\/types\/product"}],"replies":[{"embeddable":true,"href":"https:\/\/mauweb.tamnguyen.vn\/bds29\/wp-json\/wp\/v2\/comments?post=1871"}],"wp:featuredmedia":[{"embeddable":true,"href":"https:\/\/mauweb.tamnguyen.vn\/bds29\/wp-json\/wp\/v2\/media\/1874"}],"wp:attachment":[{"href":"https:\/\/mauweb.tamnguyen.vn\/bds29\/wp-json\/wp\/v2\/media?parent=1871"}],"wp:term":[{"taxonomy":"product_cat","embeddable":true,"href":"https:\/\/mauweb.tamnguyen.vn\/bds29\/wp-json\/wp\/v2\/product_cat?post=1871"},{"taxonomy":"product_tag","embeddable":true,"href":"https:\/\/mauweb.tamnguyen.vn\/bds29\/wp-json\/wp\/v2\/product_tag?post=1871"},{"taxonomy":"loai_du_an","embeddable":true,"href":"https:\/\/mauweb.tamnguyen.vn\/bds29\/wp-json\/wp\/v2\/loai_du_an?post=1871"},{"taxonomy":"khoang_gia","embeddable":true,"href":"https:\/\/mauweb.tamnguyen.vn\/bds29\/wp-json\/wp\/v2\/khoang_gia?post=1871"},{"taxonomy":"dien_tich","embeddable":true,"href":"https:\/\/mauweb.tamnguyen.vn\/bds29\/wp-json\/wp\/v2\/dien_tich?post=1871"},{"taxonomy":"phong_ngu","embeddable":true,"href":"https:\/\/mauweb.tamnguyen.vn\/bds29\/wp-json\/wp\/v2\/phong_ngu?post=1871"},{"taxonomy":"location","embeddable":true,"href":"https:\/\/mauweb.tamnguyen.vn\/bds29\/wp-json\/wp\/v2\/location?post=1871"}],"curies":[{"name":"wp","href":"https:\/\/api.w.org\/{rel}","templated":true}]}}