{"id":1857,"date":"2021-02-18T15:08:38","date_gmt":"2021-02-18T08:08:38","guid":{"rendered":"http:\/\/mau3.maudep.com.vn\/chungcu\/?post_type=product&#038;p=1857"},"modified":"2021-02-18T15:08:38","modified_gmt":"2021-02-18T08:08:38","slug":"toi-can-cho-thue-can-ho-chung-cu-iris-garden-full-do-62m2-12tr-1-thang","status":"publish","type":"product","link":"https:\/\/mauweb.tamnguyen.vn\/bds29\/san-pham\/toi-can-cho-thue-can-ho-chung-cu-iris-garden-full-do-62m2-12tr-1-thang\/","title":{"rendered":"T\u00f4i c\u1ea7n cho thu\u00ea c\u0103n h\u1ed9 chung c\u01b0 iris garden, full \u0111\u1ed3 ,62m2.12tr\/1 th\u00e1ng"},"content":{"rendered":"<p>1. Th\u00f4ng tin c\u0103n h\u1ed9<\/p>\n<p>&#8211; Di\u1ec7n t\u00edch 62m2.<br \/>\n&#8211; Thi\u1ebft k\u1ebf 2PN. 2VS<br \/>\n&#8211; View \u0110\u1eb9p ,Tho\u00e1ng m\u00e1t,kh\u00f4ng \u1ed3n \u00e0o<br \/>\n2. Ti\u1ec7n \u00edch<\/p>\n<p>&#8211; Iris Garden l\u00e0 t\u1ed5 h\u1ee3p c\u0103n h\u1ed9 cao c\u1ea5p, k\u1ebft h\u1ee3p th\u01b0\u01a1ng m\u1ea1i d\u1ecbch v\u1ee5, nh\u01b0ng v\u1eabn b\u1ea3o \u0111\u1ea3m c\u00e1c \u0111i\u1ec1u ki\u1ec7n ch\u1eb7t ch\u1ebd v\u1ec1 d\u00f2ng s\u1ea3n ph\u1ea9m \u201cc\u0103n h\u1ed9 s\u1ee9c kh\u1ecfe\u201d c\u1ee7a T\u1eadp \u0111o\u00e0n Vimefulland.<\/p>\n<p>&#8211; \u0110\u01b0\u1ee3c coi l\u00e0 d\u1ef1 \u00e1n tr\u1ecdng \u0111i\u1ec3m khu v\u1ef1c M\u1ef9 \u0110\u00ecnh.<\/p>\n<p>&#8211; Chung c\u01b0 Iris Garden t\u1ecda l\u1ea1c t\u1ea1i \u0111\u01b0\u1eddng Tr\u1ea7n H\u1eefu D\u1ef1c l\u00e0 chung c\u01b0 cao c\u1ea5p b\u1eadc nh\u1ea5t H\u00e0 N\u1ed9i..<\/p>\n<p>-G\u1ea7n c\u00e1c \u0111\u1eb7c khu kinh t\u1ebf l\u1edbn c\u1ee7a H\u00e0 N\u1ed9i v\u1edbi c\u00e1c doanh nghi\u1ec7p, c\u00e1c ng\u00e2n h\u00e0ng l\u1edbn<br \/>\n&#8211;\u00a0 G\u1ea7n c\u00e1c tr\u01b0\u1eddng \u0110H l\u1edbn nh\u01b0 \u0110H Qu\u1ed1c Gia H\u00e0 N\u1ed9i, \u0110H Th\u01b0\u01a1ng M\u1ea1i, \u0110H S\u01b0 Ph\u1ea1m&#8230;<br \/>\n&#8211;\u00a0 G\u1ea7n b\u1ebfn xe M\u1ef9 \u0110\u00ecnh,<br \/>\n&#8211; G\u1ea7n trung t\u00e2m H\u1ed9i Ngh\u1ecb Qu\u1ed1c Gia, s\u00e2n v\u1eadn \u0111\u1ed9ng M\u1ef9 \u0110\u00ecnh<br \/>\n&#8211; \u1ee8ng d\u1ee5ng nhi\u1ec1u h\u1ec7 th\u1ed1ng ti\u1ec7n \u00edch \u0111\u1ed3ng b\u1ed9 c\u00f9ng c\u00f4ng ngh\u1ec7 ch\u0103m s\u00f3c s\u1ee9c kh\u1ecfe h\u00e0ng \u0111\u1ea7u.nh\u00e0 h\u00e0ng, ph\u00f2ng t\u1eadp gym, r\u1ea1p chi\u1ebfu pim, b\u1ec3 b\u01a1i&#8230;<br \/>\n&#8211; Ch\u1ee7 \u0111\u1ea7u t\u01b0 Vimedimex s\u1ebd mang \u0111\u1ebfn m\u1ed9t m\u00f4i tr\u01b0\u1eddng s\u1ed1ng ph\u00f3ng kho\u00e1ng, ti\u1ec7n nghi t\u1ea1i \u0111\u00e2y. Iris Garden x\u1ee9ng \u0111\u00e1ng l\u00e0 kh\u00f4ng gian s\u1ed1ng m\u01a1 \u01b0\u1edbc cho m\u1ecdi gia \u0111\u00ecnh.<\/p>\n<p>3. Gi\u00e1 thu\u00ea : 12 tr\/1 th\u00e1ng .thanh to\u00e1n 3 c\u1ecdc 1.<\/p>\n<p>4. N\u1ed9i th\u1ea5t full \u0111\u1ed3 : t\u1ee7 l\u1ea1nh, \u0111i\u1ec1u ho\u00e0, n\u00f3ng l\u1ea1nh, tivi, m\u00e1y gi\u1eb7t, gi\u01b0\u1eddng t\u1ee7,t\u1ee7 b\u1ebfp ,&#8230;&#8230;.<\/p>\n<p>&#8211; mi\u1ec5n ph\u00ed t\u01b0 v\u1ea5n v\u00e0 xem nh\u00e0<\/p>\n<p>5. Li\u00ean h\u1ec7<br \/>\nS\u0110T 0377.968.115 &#8211; 0901770058<\/p>\n","protected":false},"excerpt":{"rendered":"<p>cho thu\u00ea c\u0103n h\u1ed9 chung c\u01b0 iris garden,62m2,2N.2VS<\/p>\n","protected":false},"featured_media":1864,"comment_status":"open","ping_status":"closed","template":"","meta":[],"product_cat":[171],"product_tag":[],"loai_du_an":[144],"khoang_gia":[288],"dien_tich":[299],"phong_ngu":[181],"location":[336,196],"class_list":["post-1857","product","type-product","status-publish","has-post-thumbnail","hentry","product_cat-can-mua-can-thue","loai_du_an-cho-thue-can-ho-chung-cu","khoang_gia-10-15-trieu","dien_tich-50-80-m2","phong_ngu-02-phong-ngu","location-du-an-iris-garden-my-dinh","location-quan-nam-tu-liem"],"acf":[],"yoast_head":"<!-- This site is optimized with the Yoast SEO plugin v19.8 - https:\/\/yoast.com\/wordpress\/plugins\/seo\/ -->\n<title>T\u00f4i c\u1ea7n cho thu\u00ea c\u0103n h\u1ed9 chung c\u01b0 iris garden, full \u0111\u1ed3 ,62m2.12tr\/1 th\u00e1ng - Cho thu\u00ea chung c\u01b0 H\u00e0 N\u1ed9i<\/title>\n<meta name=\"robots\" content=\"noindex, follow, max-snippet:-1, max-image-preview:large, max-video-preview:-1\" \/>\n<meta property=\"og:locale\" content=\"vi_VN\" \/>\n<meta property=\"og:type\" content=\"article\" \/>\n<meta property=\"og:title\" content=\"T\u00f4i c\u1ea7n cho thu\u00ea c\u0103n h\u1ed9 chung c\u01b0 iris garden, full \u0111\u1ed3 ,62m2.12tr\/1 th\u00e1ng - Cho thu\u00ea chung c\u01b0 H\u00e0 N\u1ed9i\" \/>\n<meta property=\"og:description\" content=\"cho thu\u00ea c\u0103n h\u1ed9 chung c\u01b0 iris garden,62m2,2N.2VS\" \/>\n<meta property=\"og:url\" content=\"https:\/\/mauweb.tamnguyen.vn\/bds29\/san-pham\/toi-can-cho-thue-can-ho-chung-cu-iris-garden-full-do-62m2-12tr-1-thang\/\" \/>\n<meta property=\"og:site_name\" content=\"Cho thu\u00ea chung c\u01b0 H\u00e0 N\u1ed9i\" \/>\n<meta property=\"og:image\" content=\"https:\/\/mauweb.tamnguyen.vn\/bds29\/wp-content\/uploads\/2021\/02\/z2335849644021_8633b5665998da1e619b4f61591e71ad.jpg\" \/>\n\t<meta property=\"og:image:width\" content=\"990\" \/>\n\t<meta property=\"og:image:height\" content=\"2046\" \/>\n\t<meta property=\"og:image:type\" content=\"image\/jpeg\" \/>\n<meta name=\"twitter:card\" content=\"summary_large_image\" \/>\n<meta name=\"twitter:label1\" content=\"\u01af\u1edbc t\u00ednh th\u1eddi gian \u0111\u1ecdc\" \/>\n\t<meta name=\"twitter:data1\" content=\"2 ph\u00fat\" \/>\n<script type=\"application\/ld+json\" class=\"yoast-schema-graph\">{\"@context\":\"https:\/\/schema.org\",\"@graph\":[{\"@type\":\"WebPage\",\"@id\":\"https:\/\/mauweb.tamnguyen.vn\/bds29\/san-pham\/toi-can-cho-thue-can-ho-chung-cu-iris-garden-full-do-62m2-12tr-1-thang\/\",\"url\":\"https:\/\/mauweb.tamnguyen.vn\/bds29\/san-pham\/toi-can-cho-thue-can-ho-chung-cu-iris-garden-full-do-62m2-12tr-1-thang\/\",\"name\":\"T\u00f4i c\u1ea7n cho thu\u00ea c\u0103n h\u1ed9 chung c\u01b0 iris garden, full \u0111\u1ed3 ,62m2.12tr\/1 th\u00e1ng - Cho thu\u00ea chung c\u01b0 H\u00e0 N\u1ed9i\",\"isPartOf\":{\"@id\":\"https:\/\/mauweb.tamnguyen.vn\/bds29\/#website\"},\"datePublished\":\"2021-02-18T08:08:38+00:00\",\"dateModified\":\"2021-02-18T08:08:38+00:00\",\"breadcrumb\":{\"@id\":\"https:\/\/mauweb.tamnguyen.vn\/bds29\/san-pham\/toi-can-cho-thue-can-ho-chung-cu-iris-garden-full-do-62m2-12tr-1-thang\/#breadcrumb\"},\"inLanguage\":\"vi\",\"potentialAction\":[{\"@type\":\"ReadAction\",\"target\":[\"https:\/\/mauweb.tamnguyen.vn\/bds29\/san-pham\/toi-can-cho-thue-can-ho-chung-cu-iris-garden-full-do-62m2-12tr-1-thang\/\"]}]},{\"@type\":\"BreadcrumbList\",\"@id\":\"https:\/\/mauweb.tamnguyen.vn\/bds29\/san-pham\/toi-can-cho-thue-can-ho-chung-cu-iris-garden-full-do-62m2-12tr-1-thang\/#breadcrumb\",\"itemListElement\":[{\"@type\":\"ListItem\",\"position\":1,\"name\":\"Trang ch\u1ee7\",\"item\":\"https:\/\/mauweb.tamnguyen.vn\/bds29\/\"},{\"@type\":\"ListItem\",\"position\":2,\"name\":\"C\u1eeda h\u00e0ng\",\"item\":\"https:\/\/mauweb.tamnguyen.vn\/bds29\/cua-hang\/\"},{\"@type\":\"ListItem\",\"position\":3,\"name\":\"T\u00f4i c\u1ea7n cho thu\u00ea c\u0103n h\u1ed9 chung c\u01b0 iris garden, full \u0111\u1ed3 ,62m2.12tr\/1 th\u00e1ng\"}]},{\"@type\":\"WebSite\",\"@id\":\"https:\/\/mauweb.tamnguyen.vn\/bds29\/#website\",\"url\":\"https:\/\/mauweb.tamnguyen.vn\/bds29\/\",\"name\":\"Cho thu\u00ea chung c\u01b0 H\u00e0 N\u1ed9i\",\"description\":\"\",\"potentialAction\":[{\"@type\":\"SearchAction\",\"target\":{\"@type\":\"EntryPoint\",\"urlTemplate\":\"https:\/\/mauweb.tamnguyen.vn\/bds29\/?s={search_term_string}\"},\"query-input\":\"required name=search_term_string\"}],\"inLanguage\":\"vi\"}]}<\/script>\n<!-- \/ Yoast SEO plugin. -->","yoast_head_json":{"title":"T\u00f4i c\u1ea7n cho thu\u00ea c\u0103n h\u1ed9 chung c\u01b0 iris garden, full \u0111\u1ed3 ,62m2.12tr\/1 th\u00e1ng - Cho thu\u00ea chung c\u01b0 H\u00e0 N\u1ed9i","robots":{"index":"noindex","follow":"follow","max-snippet":"max-snippet:-1","max-image-preview":"max-image-preview:large","max-video-preview":"max-video-preview:-1"},"og_locale":"vi_VN","og_type":"article","og_title":"T\u00f4i c\u1ea7n cho thu\u00ea c\u0103n h\u1ed9 chung c\u01b0 iris garden, full \u0111\u1ed3 ,62m2.12tr\/1 th\u00e1ng - Cho thu\u00ea chung c\u01b0 H\u00e0 N\u1ed9i","og_description":"cho thu\u00ea c\u0103n h\u1ed9 chung c\u01b0 iris garden,62m2,2N.2VS","og_url":"https:\/\/mauweb.tamnguyen.vn\/bds29\/san-pham\/toi-can-cho-thue-can-ho-chung-cu-iris-garden-full-do-62m2-12tr-1-thang\/","og_site_name":"Cho thu\u00ea chung c\u01b0 H\u00e0 N\u1ed9i","og_image":[{"width":990,"height":2046,"url":"https:\/\/mauweb.tamnguyen.vn\/bds29\/wp-content\/uploads\/2021\/02\/z2335849644021_8633b5665998da1e619b4f61591e71ad.jpg","type":"image\/jpeg"}],"twitter_card":"summary_large_image","twitter_misc":{"\u01af\u1edbc t\u00ednh th\u1eddi gian \u0111\u1ecdc":"2 ph\u00fat"},"schema":{"@context":"https:\/\/schema.org","@graph":[{"@type":"WebPage","@id":"https:\/\/mauweb.tamnguyen.vn\/bds29\/san-pham\/toi-can-cho-thue-can-ho-chung-cu-iris-garden-full-do-62m2-12tr-1-thang\/","url":"https:\/\/mauweb.tamnguyen.vn\/bds29\/san-pham\/toi-can-cho-thue-can-ho-chung-cu-iris-garden-full-do-62m2-12tr-1-thang\/","name":"T\u00f4i c\u1ea7n cho thu\u00ea c\u0103n h\u1ed9 chung c\u01b0 iris garden, full \u0111\u1ed3 ,62m2.12tr\/1 th\u00e1ng - Cho thu\u00ea chung c\u01b0 H\u00e0 N\u1ed9i","isPartOf":{"@id":"https:\/\/mauweb.tamnguyen.vn\/bds29\/#website"},"datePublished":"2021-02-18T08:08:38+00:00","dateModified":"2021-02-18T08:08:38+00:00","breadcrumb":{"@id":"https:\/\/mauweb.tamnguyen.vn\/bds29\/san-pham\/toi-can-cho-thue-can-ho-chung-cu-iris-garden-full-do-62m2-12tr-1-thang\/#breadcrumb"},"inLanguage":"vi","potentialAction":[{"@type":"ReadAction","target":["https:\/\/mauweb.tamnguyen.vn\/bds29\/san-pham\/toi-can-cho-thue-can-ho-chung-cu-iris-garden-full-do-62m2-12tr-1-thang\/"]}]},{"@type":"BreadcrumbList","@id":"https:\/\/mauweb.tamnguyen.vn\/bds29\/san-pham\/toi-can-cho-thue-can-ho-chung-cu-iris-garden-full-do-62m2-12tr-1-thang\/#breadcrumb","itemListElement":[{"@type":"ListItem","position":1,"name":"Trang ch\u1ee7","item":"https:\/\/mauweb.tamnguyen.vn\/bds29\/"},{"@type":"ListItem","position":2,"name":"C\u1eeda h\u00e0ng","item":"https:\/\/mauweb.tamnguyen.vn\/bds29\/cua-hang\/"},{"@type":"ListItem","position":3,"name":"T\u00f4i c\u1ea7n cho thu\u00ea c\u0103n h\u1ed9 chung c\u01b0 iris garden, full \u0111\u1ed3 ,62m2.12tr\/1 th\u00e1ng"}]},{"@type":"WebSite","@id":"https:\/\/mauweb.tamnguyen.vn\/bds29\/#website","url":"https:\/\/mauweb.tamnguyen.vn\/bds29\/","name":"Cho thu\u00ea chung c\u01b0 H\u00e0 N\u1ed9i","description":"","potentialAction":[{"@type":"SearchAction","target":{"@type":"EntryPoint","urlTemplate":"https:\/\/mauweb.tamnguyen.vn\/bds29\/?s={search_term_string}"},"query-input":"required name=search_term_string"}],"inLanguage":"vi"}]}},"_links":{"self":[{"href":"https:\/\/mauweb.tamnguyen.vn\/bds29\/wp-json\/wp\/v2\/product\/1857"}],"collection":[{"href":"https:\/\/mauweb.tamnguyen.vn\/bds29\/wp-json\/wp\/v2\/product"}],"about":[{"href":"https:\/\/mauweb.tamnguyen.vn\/bds29\/wp-json\/wp\/v2\/types\/product"}],"replies":[{"embeddable":true,"href":"https:\/\/mauweb.tamnguyen.vn\/bds29\/wp-json\/wp\/v2\/comments?post=1857"}],"wp:featuredmedia":[{"embeddable":true,"href":"https:\/\/mauweb.tamnguyen.vn\/bds29\/wp-json\/wp\/v2\/media\/1864"}],"wp:attachment":[{"href":"https:\/\/mauweb.tamnguyen.vn\/bds29\/wp-json\/wp\/v2\/media?parent=1857"}],"wp:term":[{"taxonomy":"product_cat","embeddable":true,"href":"https:\/\/mauweb.tamnguyen.vn\/bds29\/wp-json\/wp\/v2\/product_cat?post=1857"},{"taxonomy":"product_tag","embeddable":true,"href":"https:\/\/mauweb.tamnguyen.vn\/bds29\/wp-json\/wp\/v2\/product_tag?post=1857"},{"taxonomy":"loai_du_an","embeddable":true,"href":"https:\/\/mauweb.tamnguyen.vn\/bds29\/wp-json\/wp\/v2\/loai_du_an?post=1857"},{"taxonomy":"khoang_gia","embeddable":true,"href":"https:\/\/mauweb.tamnguyen.vn\/bds29\/wp-json\/wp\/v2\/khoang_gia?post=1857"},{"taxonomy":"dien_tich","embeddable":true,"href":"https:\/\/mauweb.tamnguyen.vn\/bds29\/wp-json\/wp\/v2\/dien_tich?post=1857"},{"taxonomy":"phong_ngu","embeddable":true,"href":"https:\/\/mauweb.tamnguyen.vn\/bds29\/wp-json\/wp\/v2\/phong_ngu?post=1857"},{"taxonomy":"location","embeddable":true,"href":"https:\/\/mauweb.tamnguyen.vn\/bds29\/wp-json\/wp\/v2\/location?post=1857"}],"curies":[{"name":"wp","href":"https:\/\/api.w.org\/{rel}","templated":true}]}}