{"id":1835,"date":"2021-02-18T09:46:23","date_gmt":"2021-02-18T02:46:23","guid":{"rendered":"http:\/\/mau3.maudep.com.vn\/chungcu\/?post_type=product&#038;p=1835"},"modified":"2021-02-18T09:46:23","modified_gmt":"2021-02-18T02:46:23","slug":"gia-dinh-toi-can-cho-thue-can-ho-iris-garden-62m2-full-do","status":"publish","type":"product","link":"https:\/\/mauweb.tamnguyen.vn\/bds29\/san-pham\/gia-dinh-toi-can-cho-thue-can-ho-iris-garden-62m2-full-do\/","title":{"rendered":"Gia \u0111\u00ecnh t\u00f4i c\u1ea7n cho thu\u00ea c\u0103n h\u1ed9 iris garden 62m2.full \u0111\u1ed3"},"content":{"rendered":"<p>1. Th\u00f4ng tin c\u0103n h\u1ed9<\/p>\n<p>&#8211; Di\u1ec7n t\u00edch 62m2.<br \/>\n&#8211; Thi\u1ebft k\u1ebf 2PN. 2VS<br \/>\n&#8211; View \u0110\u1eb9p ,Tho\u00e1ng m\u00e1t,kh\u00f4ng \u1ed3n \u00e0o<br \/>\n2. Ti\u1ec7n \u00edch<\/p>\n<p>\u2013 G\u1ea7n c\u00e1c tr\u01b0\u1eddng \u0111\u1ea1i h\u1ecdc: \u0110\u1ea1i h\u1ecdc Th\u01b0\u01a1ng M\u1ea1i, \u0110\u1ea1i h\u1ecdc Qu\u1ed1c Gia, \u0110\u1ea1i h\u1ecdc Ngo\u1ea1i ng\u1eef, C\u0110 Du l\u1ecbch\u2026.<\/p>\n<p>&#8211; G\u1ea7n tr\u01b0\u1eddng h\u1ecdc \u0111o\u00e0n th\u1ecb \u0111i\u1ec3m . l\u00ea qu\u00fd \u0111\u00f4n,c\u00e1c tr\u01b0\u1eddng m\u1ea7m non &#8230;.<\/p>\n<p>\u2013 Xung quanh l\u00e0 t\u1ed5 h\u1ee3p c\u00e1c c\u0103n h\u1ed9 v\u00e0 chung c\u01b0 cao c\u1ea5p nh\u01b0: Mon city, Vinhome Gardenia, Sun quare\u2026<\/p>\n<p>C\u01b0 d\u00e2n t\u1ea1i CC Iris Garden \u0111\u01b0\u1ee3c th\u1eeba h\u01b0\u1edfng h\u1ec7t h\u1ed1ng ti\u1ec7n \u00edch n\u1ed9i v\u00e0 ngo\u1ea1i khu hi\u1ec7n \u0111\u1ea1i, phong ph\u00fa: nh\u00e0 h\u00e0ng, ph\u00f2ng gym, s\u00e2n b\u00f3ng, r\u1ea1p chi\u1ebfu phim, b\u1ec3 b\u01a1i, cafe, tr\u01b0\u1eddng m\u1ea7m non\u2026<\/p>\n<p>3. Gi\u00e1 thu\u00ea : 12 tr\/1 th\u00e1ng .thanh to\u00e1n 3 c\u1ecdc 1.<\/p>\n<p>4. N\u1ed9i th\u1ea5t full \u0111\u1ed3 : t\u1ee7 l\u1ea1nh, \u0111i\u1ec1u ho\u00e0, n\u00f3ng l\u1ea1nh, tivi, m\u00e1y gi\u1eb7t, gi\u01b0\u1eddng t\u1ee7,t\u1ee7 b\u1ebfp ,&#8230;&#8230;.<\/p>\n<p>&#8211; mi\u1ec5n ph\u00ed t\u01b0 v\u1ea5n v\u00e0 xem nh\u00e0<\/p>\n<p>4. Li\u00ean h\u1ec7<br \/>\nS\u0110T 0377.968.115 &#8211; 0901770058<\/p>\n","protected":false},"excerpt":{"rendered":"<p>cho thu\u00ea chung c\u01b0 iris garden , full \u0111\u1ed3 12tr\/1 th\u00e1ng ,<\/p>\n","protected":false},"featured_media":1838,"comment_status":"open","ping_status":"closed","template":"","meta":[],"product_cat":[171],"product_tag":[],"loai_du_an":[144],"khoang_gia":[288],"dien_tich":[299],"phong_ngu":[181],"location":[336],"class_list":["post-1835","product","type-product","status-publish","has-post-thumbnail","hentry","product_cat-can-mua-can-thue","loai_du_an-cho-thue-can-ho-chung-cu","khoang_gia-10-15-trieu","dien_tich-50-80-m2","phong_ngu-02-phong-ngu","location-du-an-iris-garden-my-dinh"],"acf":[],"yoast_head":"<!-- This site is optimized with the Yoast SEO plugin v19.8 - https:\/\/yoast.com\/wordpress\/plugins\/seo\/ -->\n<title>Gia \u0111\u00ecnh t\u00f4i c\u1ea7n cho thu\u00ea c\u0103n h\u1ed9 iris garden 62m2.full \u0111\u1ed3 - Cho thu\u00ea chung c\u01b0 H\u00e0 N\u1ed9i<\/title>\n<meta name=\"robots\" content=\"noindex, follow, max-snippet:-1, max-image-preview:large, max-video-preview:-1\" \/>\n<meta property=\"og:locale\" content=\"vi_VN\" \/>\n<meta property=\"og:type\" content=\"article\" \/>\n<meta property=\"og:title\" content=\"Gia \u0111\u00ecnh t\u00f4i c\u1ea7n cho thu\u00ea c\u0103n h\u1ed9 iris garden 62m2.full \u0111\u1ed3 - Cho thu\u00ea chung c\u01b0 H\u00e0 N\u1ed9i\" \/>\n<meta property=\"og:description\" content=\"cho thu\u00ea chung c\u01b0 iris garden , full \u0111\u1ed3 12tr\/1 th\u00e1ng ,\" \/>\n<meta property=\"og:url\" content=\"https:\/\/mauweb.tamnguyen.vn\/bds29\/san-pham\/gia-dinh-toi-can-cho-thue-can-ho-iris-garden-62m2-full-do\/\" \/>\n<meta property=\"og:site_name\" content=\"Cho thu\u00ea chung c\u01b0 H\u00e0 N\u1ed9i\" \/>\n<meta property=\"og:image\" content=\"https:\/\/mauweb.tamnguyen.vn\/bds29\/wp-content\/uploads\/2021\/02\/z2320354692170_f3d1771722282fc6f30fc7528981c73d.jpg\" \/>\n\t<meta property=\"og:image:width\" content=\"956\" \/>\n\t<meta property=\"og:image:height\" content=\"1276\" \/>\n\t<meta property=\"og:image:type\" content=\"image\/jpeg\" \/>\n<meta name=\"twitter:card\" content=\"summary_large_image\" \/>\n<meta name=\"twitter:label1\" content=\"\u01af\u1edbc t\u00ednh th\u1eddi gian \u0111\u1ecdc\" \/>\n\t<meta name=\"twitter:data1\" content=\"1 ph\u00fat\" \/>\n<script type=\"application\/ld+json\" class=\"yoast-schema-graph\">{\"@context\":\"https:\/\/schema.org\",\"@graph\":[{\"@type\":\"WebPage\",\"@id\":\"https:\/\/mauweb.tamnguyen.vn\/bds29\/san-pham\/gia-dinh-toi-can-cho-thue-can-ho-iris-garden-62m2-full-do\/\",\"url\":\"https:\/\/mauweb.tamnguyen.vn\/bds29\/san-pham\/gia-dinh-toi-can-cho-thue-can-ho-iris-garden-62m2-full-do\/\",\"name\":\"Gia \u0111\u00ecnh t\u00f4i c\u1ea7n cho thu\u00ea c\u0103n h\u1ed9 iris garden 62m2.full \u0111\u1ed3 - Cho thu\u00ea chung c\u01b0 H\u00e0 N\u1ed9i\",\"isPartOf\":{\"@id\":\"https:\/\/mauweb.tamnguyen.vn\/bds29\/#website\"},\"datePublished\":\"2021-02-18T02:46:23+00:00\",\"dateModified\":\"2021-02-18T02:46:23+00:00\",\"breadcrumb\":{\"@id\":\"https:\/\/mauweb.tamnguyen.vn\/bds29\/san-pham\/gia-dinh-toi-can-cho-thue-can-ho-iris-garden-62m2-full-do\/#breadcrumb\"},\"inLanguage\":\"vi\",\"potentialAction\":[{\"@type\":\"ReadAction\",\"target\":[\"https:\/\/mauweb.tamnguyen.vn\/bds29\/san-pham\/gia-dinh-toi-can-cho-thue-can-ho-iris-garden-62m2-full-do\/\"]}]},{\"@type\":\"BreadcrumbList\",\"@id\":\"https:\/\/mauweb.tamnguyen.vn\/bds29\/san-pham\/gia-dinh-toi-can-cho-thue-can-ho-iris-garden-62m2-full-do\/#breadcrumb\",\"itemListElement\":[{\"@type\":\"ListItem\",\"position\":1,\"name\":\"Trang ch\u1ee7\",\"item\":\"https:\/\/mauweb.tamnguyen.vn\/bds29\/\"},{\"@type\":\"ListItem\",\"position\":2,\"name\":\"C\u1eeda h\u00e0ng\",\"item\":\"https:\/\/mauweb.tamnguyen.vn\/bds29\/cua-hang\/\"},{\"@type\":\"ListItem\",\"position\":3,\"name\":\"Gia \u0111\u00ecnh t\u00f4i c\u1ea7n cho thu\u00ea c\u0103n h\u1ed9 iris garden 62m2.full \u0111\u1ed3\"}]},{\"@type\":\"WebSite\",\"@id\":\"https:\/\/mauweb.tamnguyen.vn\/bds29\/#website\",\"url\":\"https:\/\/mauweb.tamnguyen.vn\/bds29\/\",\"name\":\"Cho thu\u00ea chung c\u01b0 H\u00e0 N\u1ed9i\",\"description\":\"\",\"potentialAction\":[{\"@type\":\"SearchAction\",\"target\":{\"@type\":\"EntryPoint\",\"urlTemplate\":\"https:\/\/mauweb.tamnguyen.vn\/bds29\/?s={search_term_string}\"},\"query-input\":\"required name=search_term_string\"}],\"inLanguage\":\"vi\"}]}<\/script>\n<!-- \/ Yoast SEO plugin. -->","yoast_head_json":{"title":"Gia \u0111\u00ecnh t\u00f4i c\u1ea7n cho thu\u00ea c\u0103n h\u1ed9 iris garden 62m2.full \u0111\u1ed3 - Cho thu\u00ea chung c\u01b0 H\u00e0 N\u1ed9i","robots":{"index":"noindex","follow":"follow","max-snippet":"max-snippet:-1","max-image-preview":"max-image-preview:large","max-video-preview":"max-video-preview:-1"},"og_locale":"vi_VN","og_type":"article","og_title":"Gia \u0111\u00ecnh t\u00f4i c\u1ea7n cho thu\u00ea c\u0103n h\u1ed9 iris garden 62m2.full \u0111\u1ed3 - Cho thu\u00ea chung c\u01b0 H\u00e0 N\u1ed9i","og_description":"cho thu\u00ea chung c\u01b0 iris garden , full \u0111\u1ed3 12tr\/1 th\u00e1ng ,","og_url":"https:\/\/mauweb.tamnguyen.vn\/bds29\/san-pham\/gia-dinh-toi-can-cho-thue-can-ho-iris-garden-62m2-full-do\/","og_site_name":"Cho thu\u00ea chung c\u01b0 H\u00e0 N\u1ed9i","og_image":[{"width":956,"height":1276,"url":"https:\/\/mauweb.tamnguyen.vn\/bds29\/wp-content\/uploads\/2021\/02\/z2320354692170_f3d1771722282fc6f30fc7528981c73d.jpg","type":"image\/jpeg"}],"twitter_card":"summary_large_image","twitter_misc":{"\u01af\u1edbc t\u00ednh th\u1eddi gian \u0111\u1ecdc":"1 ph\u00fat"},"schema":{"@context":"https:\/\/schema.org","@graph":[{"@type":"WebPage","@id":"https:\/\/mauweb.tamnguyen.vn\/bds29\/san-pham\/gia-dinh-toi-can-cho-thue-can-ho-iris-garden-62m2-full-do\/","url":"https:\/\/mauweb.tamnguyen.vn\/bds29\/san-pham\/gia-dinh-toi-can-cho-thue-can-ho-iris-garden-62m2-full-do\/","name":"Gia \u0111\u00ecnh t\u00f4i c\u1ea7n cho thu\u00ea c\u0103n h\u1ed9 iris garden 62m2.full \u0111\u1ed3 - Cho thu\u00ea chung c\u01b0 H\u00e0 N\u1ed9i","isPartOf":{"@id":"https:\/\/mauweb.tamnguyen.vn\/bds29\/#website"},"datePublished":"2021-02-18T02:46:23+00:00","dateModified":"2021-02-18T02:46:23+00:00","breadcrumb":{"@id":"https:\/\/mauweb.tamnguyen.vn\/bds29\/san-pham\/gia-dinh-toi-can-cho-thue-can-ho-iris-garden-62m2-full-do\/#breadcrumb"},"inLanguage":"vi","potentialAction":[{"@type":"ReadAction","target":["https:\/\/mauweb.tamnguyen.vn\/bds29\/san-pham\/gia-dinh-toi-can-cho-thue-can-ho-iris-garden-62m2-full-do\/"]}]},{"@type":"BreadcrumbList","@id":"https:\/\/mauweb.tamnguyen.vn\/bds29\/san-pham\/gia-dinh-toi-can-cho-thue-can-ho-iris-garden-62m2-full-do\/#breadcrumb","itemListElement":[{"@type":"ListItem","position":1,"name":"Trang ch\u1ee7","item":"https:\/\/mauweb.tamnguyen.vn\/bds29\/"},{"@type":"ListItem","position":2,"name":"C\u1eeda h\u00e0ng","item":"https:\/\/mauweb.tamnguyen.vn\/bds29\/cua-hang\/"},{"@type":"ListItem","position":3,"name":"Gia \u0111\u00ecnh t\u00f4i c\u1ea7n cho thu\u00ea c\u0103n h\u1ed9 iris garden 62m2.full \u0111\u1ed3"}]},{"@type":"WebSite","@id":"https:\/\/mauweb.tamnguyen.vn\/bds29\/#website","url":"https:\/\/mauweb.tamnguyen.vn\/bds29\/","name":"Cho thu\u00ea chung c\u01b0 H\u00e0 N\u1ed9i","description":"","potentialAction":[{"@type":"SearchAction","target":{"@type":"EntryPoint","urlTemplate":"https:\/\/mauweb.tamnguyen.vn\/bds29\/?s={search_term_string}"},"query-input":"required name=search_term_string"}],"inLanguage":"vi"}]}},"_links":{"self":[{"href":"https:\/\/mauweb.tamnguyen.vn\/bds29\/wp-json\/wp\/v2\/product\/1835"}],"collection":[{"href":"https:\/\/mauweb.tamnguyen.vn\/bds29\/wp-json\/wp\/v2\/product"}],"about":[{"href":"https:\/\/mauweb.tamnguyen.vn\/bds29\/wp-json\/wp\/v2\/types\/product"}],"replies":[{"embeddable":true,"href":"https:\/\/mauweb.tamnguyen.vn\/bds29\/wp-json\/wp\/v2\/comments?post=1835"}],"wp:featuredmedia":[{"embeddable":true,"href":"https:\/\/mauweb.tamnguyen.vn\/bds29\/wp-json\/wp\/v2\/media\/1838"}],"wp:attachment":[{"href":"https:\/\/mauweb.tamnguyen.vn\/bds29\/wp-json\/wp\/v2\/media?parent=1835"}],"wp:term":[{"taxonomy":"product_cat","embeddable":true,"href":"https:\/\/mauweb.tamnguyen.vn\/bds29\/wp-json\/wp\/v2\/product_cat?post=1835"},{"taxonomy":"product_tag","embeddable":true,"href":"https:\/\/mauweb.tamnguyen.vn\/bds29\/wp-json\/wp\/v2\/product_tag?post=1835"},{"taxonomy":"loai_du_an","embeddable":true,"href":"https:\/\/mauweb.tamnguyen.vn\/bds29\/wp-json\/wp\/v2\/loai_du_an?post=1835"},{"taxonomy":"khoang_gia","embeddable":true,"href":"https:\/\/mauweb.tamnguyen.vn\/bds29\/wp-json\/wp\/v2\/khoang_gia?post=1835"},{"taxonomy":"dien_tich","embeddable":true,"href":"https:\/\/mauweb.tamnguyen.vn\/bds29\/wp-json\/wp\/v2\/dien_tich?post=1835"},{"taxonomy":"phong_ngu","embeddable":true,"href":"https:\/\/mauweb.tamnguyen.vn\/bds29\/wp-json\/wp\/v2\/phong_ngu?post=1835"},{"taxonomy":"location","embeddable":true,"href":"https:\/\/mauweb.tamnguyen.vn\/bds29\/wp-json\/wp\/v2\/location?post=1835"}],"curies":[{"name":"wp","href":"https:\/\/api.w.org\/{rel}","templated":true}]}}