{"id":1818,"date":"2021-02-18T09:24:48","date_gmt":"2021-02-18T02:24:48","guid":{"rendered":"http:\/\/mau3.maudep.com.vn\/chungcu\/?post_type=product&#038;p=1818"},"modified":"2021-02-18T09:24:48","modified_gmt":"2021-02-18T02:24:48","slug":"can-cho-thue-chung-cu-iris-garden-8-5tr-1-thang-dt-62m2","status":"publish","type":"product","link":"https:\/\/mauweb.tamnguyen.vn\/bds29\/san-pham\/can-cho-thue-chung-cu-iris-garden-8-5tr-1-thang-dt-62m2\/","title":{"rendered":"C\u1ea7n cho thu\u00ea chung c\u01b0 iris garden 8.5tr\/1 th\u00e1ng.DT 62m2"},"content":{"rendered":"<p>1. Th\u00f4ng tin c\u0103n h\u1ed9<\/p>\n<p>&#8211; Di\u1ec7n t\u00edch 62m2.<br \/>\n&#8211; Thi\u1ebft k\u1ebf 2PN. 2VS<br \/>\n&#8211;\u00a0 View Tho\u00e1ng m\u00e1t,<br \/>\n2. Ti\u1ec7n \u00edch<\/p>\n<p>Iris Garden l\u00e0 t\u1ed5 h\u1ee3p c\u0103n h\u1ed9 cao c\u1ea5p, k\u1ebft h\u1ee3p th\u01b0\u01a1ng m\u1ea1i d\u1ecbch v\u1ee5, nh\u01b0ng v\u1eabn b\u1ea3o \u0111\u1ea3m c\u00e1c \u0111i\u1ec1u ki\u1ec7n ch\u1eb7t ch\u1ebd v\u1ec1 d\u00f2ng s\u1ea3n ph\u1ea9m \u201cc\u0103n h\u1ed9 s\u1ee9c kh\u1ecfe\u201d c\u1ee7a T\u1eadp \u0111o\u00e0n Vimefulland.<\/p>\n<p>\u2013 G\u1ea7n c\u00e1c tr\u01b0\u1eddng \u0111\u1ea1i h\u1ecdc: \u0110\u1ea1i h\u1ecdc Th\u01b0\u01a1ng M\u1ea1i, \u0110\u1ea1i h\u1ecdc Qu\u1ed1c Gia, \u0110\u1ea1i h\u1ecdc Ngo\u1ea1i ng\u1eef, C\u0110 Du l\u1ecbch\u2026.<\/p>\n<p>&#8211; G\u1ea7n tr\u01b0\u1eddng h\u1ecdc \u0111o\u00e0n th\u1ecb \u0111i\u1ec3m . l\u00ea qu\u00fd \u0111\u00f4n,c\u00e1c tr\u01b0\u1eddng m\u1ea7m non &#8230;.<\/p>\n<p>\u2013 Xung quanh l\u00e0 t\u1ed5 h\u1ee3p c\u00e1c c\u0103n h\u1ed9 v\u00e0 chung c\u01b0 cao c\u1ea5p nh\u01b0: Mon city, Vinhome Gardenia, Sun quare\u2026<\/p>\n<p>C\u01b0 d\u00e2n t\u1ea1i CC Iris Garden \u0111\u01b0\u1ee3c th\u1eeba h\u01b0\u1edfng h\u1ec7t h\u1ed1ng ti\u1ec7n \u00edch n\u1ed9i v\u00e0 ngo\u1ea1i khu hi\u1ec7n \u0111\u1ea1i, phong ph\u00fa: nh\u00e0 h\u00e0ng, ph\u00f2ng gym, s\u00e2n b\u00f3ng, r\u1ea1p chi\u1ebfu phim, b\u1ec3 b\u01a1i, cafe, tr\u01b0\u1eddng m\u1ea7m non\u2026<\/p>\n<p>3. Gi\u00e1 thu\u00ea:8,5 tr\/1 th\u00e1ng .thanh to\u00e1n 3 c\u1ecdc 1.<\/p>\n<p>4. N\u1ed9i th\u1ea5t tr\u00ean c\u01a1 b\u1ea3n c\u00f3 th\u00eam m\u00e1y gi\u1eb7t ,t\u1ee7 qu\u00e0n \u00e1o,&#8230;<\/p>\n<p>&#8211; mi\u1ec5n ph\u00ed t\u01b0 v\u1ea5n v\u00e0 xem nh\u00e0<\/p>\n<p>4. Li\u00ean h\u1ec7<br \/>\nS\u0110T 0377.968.115 &#8211; 0901770058<\/p>\n","protected":false},"excerpt":{"rendered":"<p>1. Th\u00f4ng tin c\u0103n h\u1ed9 &#8211; Di\u1ec7n t\u00edch 62m2. &#8211; Thi\u1ebft k\u1ebf 2PN. 2VS &#8211;\u00a0 View Tho\u00e1ng m\u00e1t, 2. Ti\u1ec7n \u00edch Iris Garden l\u00e0 t\u1ed5 h\u1ee3p c\u0103n h\u1ed9 cao c\u1ea5p, k\u1ebft h\u1ee3p th\u01b0\u01a1ng m\u1ea1i d\u1ecbch v\u1ee5, nh\u01b0ng v\u1eabn b\u1ea3o \u0111\u1ea3m c\u00e1c \u0111i\u1ec1u ki\u1ec7n ch\u1eb7t ch\u1ebd v\u1ec1 d\u00f2ng s\u1ea3n ph\u1ea9m \u201cc\u0103n h\u1ed9 s\u1ee9c kh\u1ecfe\u201d c\u1ee7a T\u1eadp [&#8230;]\n","protected":false},"featured_media":1821,"comment_status":"open","ping_status":"closed","template":"","meta":[],"product_cat":[171],"product_tag":[],"loai_du_an":[144],"khoang_gia":[288],"dien_tich":[299],"phong_ngu":[181],"location":[336],"class_list":["post-1818","product","type-product","status-publish","has-post-thumbnail","hentry","product_cat-can-mua-can-thue","loai_du_an-cho-thue-can-ho-chung-cu","khoang_gia-10-15-trieu","dien_tich-50-80-m2","phong_ngu-02-phong-ngu","location-du-an-iris-garden-my-dinh"],"acf":[],"yoast_head":"<!-- This site is optimized with the Yoast SEO plugin v19.8 - https:\/\/yoast.com\/wordpress\/plugins\/seo\/ -->\n<title>C\u1ea7n cho thu\u00ea chung c\u01b0 iris garden 8.5tr\/1 th\u00e1ng.DT 62m2 - Cho thu\u00ea chung c\u01b0 H\u00e0 N\u1ed9i<\/title>\n<meta name=\"robots\" content=\"noindex, follow, max-snippet:-1, max-image-preview:large, max-video-preview:-1\" \/>\n<meta property=\"og:locale\" content=\"vi_VN\" \/>\n<meta property=\"og:type\" content=\"article\" \/>\n<meta property=\"og:title\" content=\"C\u1ea7n cho thu\u00ea chung c\u01b0 iris garden 8.5tr\/1 th\u00e1ng.DT 62m2 - Cho thu\u00ea chung c\u01b0 H\u00e0 N\u1ed9i\" \/>\n<meta property=\"og:description\" content=\"1. Th\u00f4ng tin c\u0103n h\u1ed9 &#8211; Di\u1ec7n t\u00edch 62m2. &#8211; Thi\u1ebft k\u1ebf 2PN. 2VS &#8211;\u00a0 View Tho\u00e1ng m\u00e1t, 2. Ti\u1ec7n \u00edch Iris Garden l\u00e0 t\u1ed5 h\u1ee3p c\u0103n h\u1ed9 cao c\u1ea5p, k\u1ebft h\u1ee3p th\u01b0\u01a1ng m\u1ea1i d\u1ecbch v\u1ee5, nh\u01b0ng v\u1eabn b\u1ea3o \u0111\u1ea3m c\u00e1c \u0111i\u1ec1u ki\u1ec7n ch\u1eb7t ch\u1ebd v\u1ec1 d\u00f2ng s\u1ea3n ph\u1ea9m \u201cc\u0103n h\u1ed9 s\u1ee9c kh\u1ecfe\u201d c\u1ee7a T\u1eadp [...]\" \/>\n<meta property=\"og:url\" content=\"https:\/\/mauweb.tamnguyen.vn\/bds29\/san-pham\/can-cho-thue-chung-cu-iris-garden-8-5tr-1-thang-dt-62m2\/\" \/>\n<meta property=\"og:site_name\" content=\"Cho thu\u00ea chung c\u01b0 H\u00e0 N\u1ed9i\" \/>\n<meta property=\"og:image\" content=\"https:\/\/mauweb.tamnguyen.vn\/bds29\/wp-content\/uploads\/2021\/02\/z2320345441531_3336d1357cc21f24921c700ca9cfb7f2.jpg\" \/>\n\t<meta property=\"og:image:width\" content=\"960\" \/>\n\t<meta property=\"og:image:height\" content=\"1280\" \/>\n\t<meta property=\"og:image:type\" content=\"image\/jpeg\" \/>\n<meta name=\"twitter:card\" content=\"summary_large_image\" \/>\n<meta name=\"twitter:label1\" content=\"\u01af\u1edbc t\u00ednh th\u1eddi gian \u0111\u1ecdc\" \/>\n\t<meta name=\"twitter:data1\" content=\"1 ph\u00fat\" \/>\n<script type=\"application\/ld+json\" class=\"yoast-schema-graph\">{\"@context\":\"https:\/\/schema.org\",\"@graph\":[{\"@type\":\"WebPage\",\"@id\":\"https:\/\/mauweb.tamnguyen.vn\/bds29\/san-pham\/can-cho-thue-chung-cu-iris-garden-8-5tr-1-thang-dt-62m2\/\",\"url\":\"https:\/\/mauweb.tamnguyen.vn\/bds29\/san-pham\/can-cho-thue-chung-cu-iris-garden-8-5tr-1-thang-dt-62m2\/\",\"name\":\"C\u1ea7n cho thu\u00ea chung c\u01b0 iris garden 8.5tr\/1 th\u00e1ng.DT 62m2 - Cho thu\u00ea chung c\u01b0 H\u00e0 N\u1ed9i\",\"isPartOf\":{\"@id\":\"https:\/\/mauweb.tamnguyen.vn\/bds29\/#website\"},\"datePublished\":\"2021-02-18T02:24:48+00:00\",\"dateModified\":\"2021-02-18T02:24:48+00:00\",\"breadcrumb\":{\"@id\":\"https:\/\/mauweb.tamnguyen.vn\/bds29\/san-pham\/can-cho-thue-chung-cu-iris-garden-8-5tr-1-thang-dt-62m2\/#breadcrumb\"},\"inLanguage\":\"vi\",\"potentialAction\":[{\"@type\":\"ReadAction\",\"target\":[\"https:\/\/mauweb.tamnguyen.vn\/bds29\/san-pham\/can-cho-thue-chung-cu-iris-garden-8-5tr-1-thang-dt-62m2\/\"]}]},{\"@type\":\"BreadcrumbList\",\"@id\":\"https:\/\/mauweb.tamnguyen.vn\/bds29\/san-pham\/can-cho-thue-chung-cu-iris-garden-8-5tr-1-thang-dt-62m2\/#breadcrumb\",\"itemListElement\":[{\"@type\":\"ListItem\",\"position\":1,\"name\":\"Trang ch\u1ee7\",\"item\":\"https:\/\/mauweb.tamnguyen.vn\/bds29\/\"},{\"@type\":\"ListItem\",\"position\":2,\"name\":\"C\u1eeda h\u00e0ng\",\"item\":\"https:\/\/mauweb.tamnguyen.vn\/bds29\/cua-hang\/\"},{\"@type\":\"ListItem\",\"position\":3,\"name\":\"C\u1ea7n cho thu\u00ea chung c\u01b0 iris garden 8.5tr\/1 th\u00e1ng.DT 62m2\"}]},{\"@type\":\"WebSite\",\"@id\":\"https:\/\/mauweb.tamnguyen.vn\/bds29\/#website\",\"url\":\"https:\/\/mauweb.tamnguyen.vn\/bds29\/\",\"name\":\"Cho thu\u00ea chung c\u01b0 H\u00e0 N\u1ed9i\",\"description\":\"\",\"potentialAction\":[{\"@type\":\"SearchAction\",\"target\":{\"@type\":\"EntryPoint\",\"urlTemplate\":\"https:\/\/mauweb.tamnguyen.vn\/bds29\/?s={search_term_string}\"},\"query-input\":\"required name=search_term_string\"}],\"inLanguage\":\"vi\"}]}<\/script>\n<!-- \/ Yoast SEO plugin. -->","yoast_head_json":{"title":"C\u1ea7n cho thu\u00ea chung c\u01b0 iris garden 8.5tr\/1 th\u00e1ng.DT 62m2 - Cho thu\u00ea chung c\u01b0 H\u00e0 N\u1ed9i","robots":{"index":"noindex","follow":"follow","max-snippet":"max-snippet:-1","max-image-preview":"max-image-preview:large","max-video-preview":"max-video-preview:-1"},"og_locale":"vi_VN","og_type":"article","og_title":"C\u1ea7n cho thu\u00ea chung c\u01b0 iris garden 8.5tr\/1 th\u00e1ng.DT 62m2 - Cho thu\u00ea chung c\u01b0 H\u00e0 N\u1ed9i","og_description":"1. Th\u00f4ng tin c\u0103n h\u1ed9 &#8211; Di\u1ec7n t\u00edch 62m2. &#8211; Thi\u1ebft k\u1ebf 2PN. 2VS &#8211;\u00a0 View Tho\u00e1ng m\u00e1t, 2. Ti\u1ec7n \u00edch Iris Garden l\u00e0 t\u1ed5 h\u1ee3p c\u0103n h\u1ed9 cao c\u1ea5p, k\u1ebft h\u1ee3p th\u01b0\u01a1ng m\u1ea1i d\u1ecbch v\u1ee5, nh\u01b0ng v\u1eabn b\u1ea3o \u0111\u1ea3m c\u00e1c \u0111i\u1ec1u ki\u1ec7n ch\u1eb7t ch\u1ebd v\u1ec1 d\u00f2ng s\u1ea3n ph\u1ea9m \u201cc\u0103n h\u1ed9 s\u1ee9c kh\u1ecfe\u201d c\u1ee7a T\u1eadp [...]","og_url":"https:\/\/mauweb.tamnguyen.vn\/bds29\/san-pham\/can-cho-thue-chung-cu-iris-garden-8-5tr-1-thang-dt-62m2\/","og_site_name":"Cho thu\u00ea chung c\u01b0 H\u00e0 N\u1ed9i","og_image":[{"width":960,"height":1280,"url":"https:\/\/mauweb.tamnguyen.vn\/bds29\/wp-content\/uploads\/2021\/02\/z2320345441531_3336d1357cc21f24921c700ca9cfb7f2.jpg","type":"image\/jpeg"}],"twitter_card":"summary_large_image","twitter_misc":{"\u01af\u1edbc t\u00ednh th\u1eddi gian \u0111\u1ecdc":"1 ph\u00fat"},"schema":{"@context":"https:\/\/schema.org","@graph":[{"@type":"WebPage","@id":"https:\/\/mauweb.tamnguyen.vn\/bds29\/san-pham\/can-cho-thue-chung-cu-iris-garden-8-5tr-1-thang-dt-62m2\/","url":"https:\/\/mauweb.tamnguyen.vn\/bds29\/san-pham\/can-cho-thue-chung-cu-iris-garden-8-5tr-1-thang-dt-62m2\/","name":"C\u1ea7n cho thu\u00ea chung c\u01b0 iris garden 8.5tr\/1 th\u00e1ng.DT 62m2 - Cho thu\u00ea chung c\u01b0 H\u00e0 N\u1ed9i","isPartOf":{"@id":"https:\/\/mauweb.tamnguyen.vn\/bds29\/#website"},"datePublished":"2021-02-18T02:24:48+00:00","dateModified":"2021-02-18T02:24:48+00:00","breadcrumb":{"@id":"https:\/\/mauweb.tamnguyen.vn\/bds29\/san-pham\/can-cho-thue-chung-cu-iris-garden-8-5tr-1-thang-dt-62m2\/#breadcrumb"},"inLanguage":"vi","potentialAction":[{"@type":"ReadAction","target":["https:\/\/mauweb.tamnguyen.vn\/bds29\/san-pham\/can-cho-thue-chung-cu-iris-garden-8-5tr-1-thang-dt-62m2\/"]}]},{"@type":"BreadcrumbList","@id":"https:\/\/mauweb.tamnguyen.vn\/bds29\/san-pham\/can-cho-thue-chung-cu-iris-garden-8-5tr-1-thang-dt-62m2\/#breadcrumb","itemListElement":[{"@type":"ListItem","position":1,"name":"Trang ch\u1ee7","item":"https:\/\/mauweb.tamnguyen.vn\/bds29\/"},{"@type":"ListItem","position":2,"name":"C\u1eeda h\u00e0ng","item":"https:\/\/mauweb.tamnguyen.vn\/bds29\/cua-hang\/"},{"@type":"ListItem","position":3,"name":"C\u1ea7n cho thu\u00ea chung c\u01b0 iris garden 8.5tr\/1 th\u00e1ng.DT 62m2"}]},{"@type":"WebSite","@id":"https:\/\/mauweb.tamnguyen.vn\/bds29\/#website","url":"https:\/\/mauweb.tamnguyen.vn\/bds29\/","name":"Cho thu\u00ea chung c\u01b0 H\u00e0 N\u1ed9i","description":"","potentialAction":[{"@type":"SearchAction","target":{"@type":"EntryPoint","urlTemplate":"https:\/\/mauweb.tamnguyen.vn\/bds29\/?s={search_term_string}"},"query-input":"required name=search_term_string"}],"inLanguage":"vi"}]}},"_links":{"self":[{"href":"https:\/\/mauweb.tamnguyen.vn\/bds29\/wp-json\/wp\/v2\/product\/1818"}],"collection":[{"href":"https:\/\/mauweb.tamnguyen.vn\/bds29\/wp-json\/wp\/v2\/product"}],"about":[{"href":"https:\/\/mauweb.tamnguyen.vn\/bds29\/wp-json\/wp\/v2\/types\/product"}],"replies":[{"embeddable":true,"href":"https:\/\/mauweb.tamnguyen.vn\/bds29\/wp-json\/wp\/v2\/comments?post=1818"}],"wp:featuredmedia":[{"embeddable":true,"href":"https:\/\/mauweb.tamnguyen.vn\/bds29\/wp-json\/wp\/v2\/media\/1821"}],"wp:attachment":[{"href":"https:\/\/mauweb.tamnguyen.vn\/bds29\/wp-json\/wp\/v2\/media?parent=1818"}],"wp:term":[{"taxonomy":"product_cat","embeddable":true,"href":"https:\/\/mauweb.tamnguyen.vn\/bds29\/wp-json\/wp\/v2\/product_cat?post=1818"},{"taxonomy":"product_tag","embeddable":true,"href":"https:\/\/mauweb.tamnguyen.vn\/bds29\/wp-json\/wp\/v2\/product_tag?post=1818"},{"taxonomy":"loai_du_an","embeddable":true,"href":"https:\/\/mauweb.tamnguyen.vn\/bds29\/wp-json\/wp\/v2\/loai_du_an?post=1818"},{"taxonomy":"khoang_gia","embeddable":true,"href":"https:\/\/mauweb.tamnguyen.vn\/bds29\/wp-json\/wp\/v2\/khoang_gia?post=1818"},{"taxonomy":"dien_tich","embeddable":true,"href":"https:\/\/mauweb.tamnguyen.vn\/bds29\/wp-json\/wp\/v2\/dien_tich?post=1818"},{"taxonomy":"phong_ngu","embeddable":true,"href":"https:\/\/mauweb.tamnguyen.vn\/bds29\/wp-json\/wp\/v2\/phong_ngu?post=1818"},{"taxonomy":"location","embeddable":true,"href":"https:\/\/mauweb.tamnguyen.vn\/bds29\/wp-json\/wp\/v2\/location?post=1818"}],"curies":[{"name":"wp","href":"https:\/\/api.w.org\/{rel}","templated":true}]}}