{"id":1781,"date":"2021-02-17T16:29:36","date_gmt":"2021-02-17T09:29:36","guid":{"rendered":"http:\/\/mau3.maudep.com.vn\/chungcu\/?post_type=product&#038;p=1781"},"modified":"2021-02-17T16:29:36","modified_gmt":"2021-02-17T09:29:36","slug":"cho-thue-can-ho-chung-cu-flc-36-pham-hung-70m2-full-do","status":"publish","type":"product","link":"https:\/\/mauweb.tamnguyen.vn\/bds29\/san-pham\/cho-thue-can-ho-chung-cu-flc-36-pham-hung-70m2-full-do\/","title":{"rendered":"Cho thu\u00ea c\u0103n h\u1ed9 chung c\u01b0 FLC 36 ph\u1ea1m h\u00f9ng .70m2. full \u0111\u1ed3"},"content":{"rendered":"<p>Gia \u0111\u00ecnh t\u00f4i kh\u00f4ng \u1edf cho thu\u00ea chung c\u01b0 FLC 36 Pham H\u00f9ng, M\u1ef9 \u0110\u00ecnh.<br \/>\nDi\u1ec7n t\u00edch 70m2, v\u1edbi 2 ph\u00f2ng ng\u1ee7.<br \/>\nN\u1ed9i th\u1ea5t \u0111\u1ea7y \u0111\u1ee7 g\u1ed3m \u0111i\u1ec1u h\u00f2a, n\u00f3ng l\u1ea1nh, m\u00e1y gi\u1eb7t, t\u1ee7 l\u1ea1nh, tivi, t\u1ee7 qu\u1ea7n \u00e1o&#8230; C\u00f3 th\u1ec3 v\u00e0o \u1edf \u0111\u01b0\u1ee3c lu\u00f4n.<br \/>\nGi\u00e1 10 tr\/ th\u00e1ng, thanh to\u00e1n 3 c\u1ecdc 1 th\u00e1ng.<br \/>\n\u01afu ti\u00ean h\u1ed9 gia \u0111\u00ecnh, l\u00e0m v\u0103n ph\u00f2ng \u1edf l\u00e2u d\u00e0i.<br \/>\nH\u00ecnh \u1ea3nh t\u00f4i \u0111\u01b0a l\u00ean th\u1eadt kh\u00f4ng m\u1ea5t th\u1eddi gian 2 b\u00ean \u0111i xem nh\u00e0.<br \/>\n\u0110i xem nh\u00e0 mi\u1ec5n ph\u00ed (24\/7).<\/p>\n<p>li\u00ean h\u1ec7 : 0377.968.115 &#8211; 0901770058<\/p>\n","protected":false},"excerpt":{"rendered":"<p>c\u1ea7n cho thu\u00ea c\u0103n h\u1ed9 flc 36 ph\u1ea1m h\u00f9ng, full \u0111\u1ed3 ,<\/p>\n<p>gi\u00e1 10tr\/1 th\u00e1ng, thanh to\u00e1n 3 c\u1ecdc 1.<\/p>\n<p>xem nh\u00e0 mi\u1ec5n ph\u00ed<\/p>\n","protected":false},"featured_media":1784,"comment_status":"open","ping_status":"closed","template":"","meta":[],"product_cat":[171],"product_tag":[],"loai_du_an":[144],"khoang_gia":[288],"dien_tich":[299],"phong_ngu":[181],"location":[345],"class_list":["post-1781","product","type-product","status-publish","has-post-thumbnail","hentry","product_cat-can-mua-can-thue","loai_du_an-cho-thue-can-ho-chung-cu","khoang_gia-10-15-trieu","dien_tich-50-80-m2","phong_ngu-02-phong-ngu","location-du-an-flc-complex-36-pham-hung"],"acf":[],"yoast_head":"<!-- This site is optimized with the Yoast SEO plugin v19.8 - https:\/\/yoast.com\/wordpress\/plugins\/seo\/ -->\n<title>Cho thu\u00ea c\u0103n h\u1ed9 chung c\u01b0 FLC 36 ph\u1ea1m h\u00f9ng .70m2. full \u0111\u1ed3 - Cho thu\u00ea chung c\u01b0 H\u00e0 N\u1ed9i<\/title>\n<meta name=\"robots\" content=\"noindex, follow, max-snippet:-1, max-image-preview:large, max-video-preview:-1\" \/>\n<meta property=\"og:locale\" content=\"vi_VN\" \/>\n<meta property=\"og:type\" content=\"article\" \/>\n<meta property=\"og:title\" content=\"Cho thu\u00ea c\u0103n h\u1ed9 chung c\u01b0 FLC 36 ph\u1ea1m h\u00f9ng .70m2. full \u0111\u1ed3 - Cho thu\u00ea chung c\u01b0 H\u00e0 N\u1ed9i\" \/>\n<meta property=\"og:description\" content=\"c\u1ea7n cho thu\u00ea c\u0103n h\u1ed9 flc 36 ph\u1ea1m h\u00f9ng, full \u0111\u1ed3 ,  gi\u00e1 10tr\/1 th\u00e1ng, thanh to\u00e1n 3 c\u1ecdc 1.  xem nh\u00e0 mi\u1ec5n ph\u00ed\" \/>\n<meta property=\"og:url\" content=\"https:\/\/mauweb.tamnguyen.vn\/bds29\/san-pham\/cho-thue-can-ho-chung-cu-flc-36-pham-hung-70m2-full-do\/\" \/>\n<meta property=\"og:site_name\" content=\"Cho thu\u00ea chung c\u01b0 H\u00e0 N\u1ed9i\" \/>\n<meta property=\"og:image\" content=\"https:\/\/mauweb.tamnguyen.vn\/bds29\/wp-content\/uploads\/2021\/02\/z2319935825423_b18e6e22713f3f977f7686c174a7b5f1.jpg\" \/>\n\t<meta property=\"og:image:width\" content=\"1272\" \/>\n\t<meta property=\"og:image:height\" content=\"954\" \/>\n\t<meta property=\"og:image:type\" content=\"image\/jpeg\" \/>\n<meta name=\"twitter:card\" content=\"summary_large_image\" \/>\n<meta name=\"twitter:label1\" content=\"\u01af\u1edbc t\u00ednh th\u1eddi gian \u0111\u1ecdc\" \/>\n\t<meta name=\"twitter:data1\" content=\"1 ph\u00fat\" \/>\n<script type=\"application\/ld+json\" class=\"yoast-schema-graph\">{\"@context\":\"https:\/\/schema.org\",\"@graph\":[{\"@type\":\"WebPage\",\"@id\":\"https:\/\/mauweb.tamnguyen.vn\/bds29\/san-pham\/cho-thue-can-ho-chung-cu-flc-36-pham-hung-70m2-full-do\/\",\"url\":\"https:\/\/mauweb.tamnguyen.vn\/bds29\/san-pham\/cho-thue-can-ho-chung-cu-flc-36-pham-hung-70m2-full-do\/\",\"name\":\"Cho thu\u00ea c\u0103n h\u1ed9 chung c\u01b0 FLC 36 ph\u1ea1m h\u00f9ng .70m2. full \u0111\u1ed3 - Cho thu\u00ea chung c\u01b0 H\u00e0 N\u1ed9i\",\"isPartOf\":{\"@id\":\"https:\/\/mauweb.tamnguyen.vn\/bds29\/#website\"},\"datePublished\":\"2021-02-17T09:29:36+00:00\",\"dateModified\":\"2021-02-17T09:29:36+00:00\",\"breadcrumb\":{\"@id\":\"https:\/\/mauweb.tamnguyen.vn\/bds29\/san-pham\/cho-thue-can-ho-chung-cu-flc-36-pham-hung-70m2-full-do\/#breadcrumb\"},\"inLanguage\":\"vi\",\"potentialAction\":[{\"@type\":\"ReadAction\",\"target\":[\"https:\/\/mauweb.tamnguyen.vn\/bds29\/san-pham\/cho-thue-can-ho-chung-cu-flc-36-pham-hung-70m2-full-do\/\"]}]},{\"@type\":\"BreadcrumbList\",\"@id\":\"https:\/\/mauweb.tamnguyen.vn\/bds29\/san-pham\/cho-thue-can-ho-chung-cu-flc-36-pham-hung-70m2-full-do\/#breadcrumb\",\"itemListElement\":[{\"@type\":\"ListItem\",\"position\":1,\"name\":\"Trang ch\u1ee7\",\"item\":\"https:\/\/mauweb.tamnguyen.vn\/bds29\/\"},{\"@type\":\"ListItem\",\"position\":2,\"name\":\"C\u1eeda h\u00e0ng\",\"item\":\"https:\/\/mauweb.tamnguyen.vn\/bds29\/cua-hang\/\"},{\"@type\":\"ListItem\",\"position\":3,\"name\":\"Cho thu\u00ea c\u0103n h\u1ed9 chung c\u01b0 FLC 36 ph\u1ea1m h\u00f9ng .70m2. full \u0111\u1ed3\"}]},{\"@type\":\"WebSite\",\"@id\":\"https:\/\/mauweb.tamnguyen.vn\/bds29\/#website\",\"url\":\"https:\/\/mauweb.tamnguyen.vn\/bds29\/\",\"name\":\"Cho thu\u00ea chung c\u01b0 H\u00e0 N\u1ed9i\",\"description\":\"\",\"potentialAction\":[{\"@type\":\"SearchAction\",\"target\":{\"@type\":\"EntryPoint\",\"urlTemplate\":\"https:\/\/mauweb.tamnguyen.vn\/bds29\/?s={search_term_string}\"},\"query-input\":\"required name=search_term_string\"}],\"inLanguage\":\"vi\"}]}<\/script>\n<!-- \/ Yoast SEO plugin. -->","yoast_head_json":{"title":"Cho thu\u00ea c\u0103n h\u1ed9 chung c\u01b0 FLC 36 ph\u1ea1m h\u00f9ng .70m2. full \u0111\u1ed3 - Cho thu\u00ea chung c\u01b0 H\u00e0 N\u1ed9i","robots":{"index":"noindex","follow":"follow","max-snippet":"max-snippet:-1","max-image-preview":"max-image-preview:large","max-video-preview":"max-video-preview:-1"},"og_locale":"vi_VN","og_type":"article","og_title":"Cho thu\u00ea c\u0103n h\u1ed9 chung c\u01b0 FLC 36 ph\u1ea1m h\u00f9ng .70m2. full \u0111\u1ed3 - Cho thu\u00ea chung c\u01b0 H\u00e0 N\u1ed9i","og_description":"c\u1ea7n cho thu\u00ea c\u0103n h\u1ed9 flc 36 ph\u1ea1m h\u00f9ng, full \u0111\u1ed3 ,  gi\u00e1 10tr\/1 th\u00e1ng, thanh to\u00e1n 3 c\u1ecdc 1.  xem nh\u00e0 mi\u1ec5n ph\u00ed","og_url":"https:\/\/mauweb.tamnguyen.vn\/bds29\/san-pham\/cho-thue-can-ho-chung-cu-flc-36-pham-hung-70m2-full-do\/","og_site_name":"Cho thu\u00ea chung c\u01b0 H\u00e0 N\u1ed9i","og_image":[{"width":1272,"height":954,"url":"https:\/\/mauweb.tamnguyen.vn\/bds29\/wp-content\/uploads\/2021\/02\/z2319935825423_b18e6e22713f3f977f7686c174a7b5f1.jpg","type":"image\/jpeg"}],"twitter_card":"summary_large_image","twitter_misc":{"\u01af\u1edbc t\u00ednh th\u1eddi gian \u0111\u1ecdc":"1 ph\u00fat"},"schema":{"@context":"https:\/\/schema.org","@graph":[{"@type":"WebPage","@id":"https:\/\/mauweb.tamnguyen.vn\/bds29\/san-pham\/cho-thue-can-ho-chung-cu-flc-36-pham-hung-70m2-full-do\/","url":"https:\/\/mauweb.tamnguyen.vn\/bds29\/san-pham\/cho-thue-can-ho-chung-cu-flc-36-pham-hung-70m2-full-do\/","name":"Cho thu\u00ea c\u0103n h\u1ed9 chung c\u01b0 FLC 36 ph\u1ea1m h\u00f9ng .70m2. full \u0111\u1ed3 - Cho thu\u00ea chung c\u01b0 H\u00e0 N\u1ed9i","isPartOf":{"@id":"https:\/\/mauweb.tamnguyen.vn\/bds29\/#website"},"datePublished":"2021-02-17T09:29:36+00:00","dateModified":"2021-02-17T09:29:36+00:00","breadcrumb":{"@id":"https:\/\/mauweb.tamnguyen.vn\/bds29\/san-pham\/cho-thue-can-ho-chung-cu-flc-36-pham-hung-70m2-full-do\/#breadcrumb"},"inLanguage":"vi","potentialAction":[{"@type":"ReadAction","target":["https:\/\/mauweb.tamnguyen.vn\/bds29\/san-pham\/cho-thue-can-ho-chung-cu-flc-36-pham-hung-70m2-full-do\/"]}]},{"@type":"BreadcrumbList","@id":"https:\/\/mauweb.tamnguyen.vn\/bds29\/san-pham\/cho-thue-can-ho-chung-cu-flc-36-pham-hung-70m2-full-do\/#breadcrumb","itemListElement":[{"@type":"ListItem","position":1,"name":"Trang ch\u1ee7","item":"https:\/\/mauweb.tamnguyen.vn\/bds29\/"},{"@type":"ListItem","position":2,"name":"C\u1eeda h\u00e0ng","item":"https:\/\/mauweb.tamnguyen.vn\/bds29\/cua-hang\/"},{"@type":"ListItem","position":3,"name":"Cho thu\u00ea c\u0103n h\u1ed9 chung c\u01b0 FLC 36 ph\u1ea1m h\u00f9ng .70m2. full \u0111\u1ed3"}]},{"@type":"WebSite","@id":"https:\/\/mauweb.tamnguyen.vn\/bds29\/#website","url":"https:\/\/mauweb.tamnguyen.vn\/bds29\/","name":"Cho thu\u00ea chung c\u01b0 H\u00e0 N\u1ed9i","description":"","potentialAction":[{"@type":"SearchAction","target":{"@type":"EntryPoint","urlTemplate":"https:\/\/mauweb.tamnguyen.vn\/bds29\/?s={search_term_string}"},"query-input":"required name=search_term_string"}],"inLanguage":"vi"}]}},"_links":{"self":[{"href":"https:\/\/mauweb.tamnguyen.vn\/bds29\/wp-json\/wp\/v2\/product\/1781"}],"collection":[{"href":"https:\/\/mauweb.tamnguyen.vn\/bds29\/wp-json\/wp\/v2\/product"}],"about":[{"href":"https:\/\/mauweb.tamnguyen.vn\/bds29\/wp-json\/wp\/v2\/types\/product"}],"replies":[{"embeddable":true,"href":"https:\/\/mauweb.tamnguyen.vn\/bds29\/wp-json\/wp\/v2\/comments?post=1781"}],"wp:featuredmedia":[{"embeddable":true,"href":"https:\/\/mauweb.tamnguyen.vn\/bds29\/wp-json\/wp\/v2\/media\/1784"}],"wp:attachment":[{"href":"https:\/\/mauweb.tamnguyen.vn\/bds29\/wp-json\/wp\/v2\/media?parent=1781"}],"wp:term":[{"taxonomy":"product_cat","embeddable":true,"href":"https:\/\/mauweb.tamnguyen.vn\/bds29\/wp-json\/wp\/v2\/product_cat?post=1781"},{"taxonomy":"product_tag","embeddable":true,"href":"https:\/\/mauweb.tamnguyen.vn\/bds29\/wp-json\/wp\/v2\/product_tag?post=1781"},{"taxonomy":"loai_du_an","embeddable":true,"href":"https:\/\/mauweb.tamnguyen.vn\/bds29\/wp-json\/wp\/v2\/loai_du_an?post=1781"},{"taxonomy":"khoang_gia","embeddable":true,"href":"https:\/\/mauweb.tamnguyen.vn\/bds29\/wp-json\/wp\/v2\/khoang_gia?post=1781"},{"taxonomy":"dien_tich","embeddable":true,"href":"https:\/\/mauweb.tamnguyen.vn\/bds29\/wp-json\/wp\/v2\/dien_tich?post=1781"},{"taxonomy":"phong_ngu","embeddable":true,"href":"https:\/\/mauweb.tamnguyen.vn\/bds29\/wp-json\/wp\/v2\/phong_ngu?post=1781"},{"taxonomy":"location","embeddable":true,"href":"https:\/\/mauweb.tamnguyen.vn\/bds29\/wp-json\/wp\/v2\/location?post=1781"}],"curies":[{"name":"wp","href":"https:\/\/api.w.org\/{rel}","templated":true}]}}