{"id":131,"date":"2017-12-02T15:14:07","date_gmt":"2017-12-02T15:14:07","guid":{"rendered":"http:\/\/bds5.khowebseotop.vn\/?post_type=product&#038;p=131"},"modified":"2022-08-27T05:09:36","modified_gmt":"2022-08-26T22:09:36","slug":"nha-moi-xay-1-phong-ngu-duong-duong-cong-khi-binh-chanh","status":"publish","type":"product","link":"https:\/\/mauweb.tamnguyen.vn\/bds28\/san-pham\/nha-moi-xay-1-phong-ngu-duong-duong-cong-khi-binh-chanh\/","title":{"rendered":"Nh\u00e0 M\u1edbi X\u00e2y 1 Ph\u00f2ng Ng\u1ee7 \u0110\u01b0\u1eddng D\u01b0\u01a1ng C\u00f4ng Khi- B\u00ecnh Ch\u00e1nh"},"content":{"rendered":"","protected":false},"excerpt":{"rendered":"","protected":false},"featured_media":490,"comment_status":"open","ping_status":"closed","template":"","meta":[],"product_brand":[],"product_cat":[44],"product_tag":[],"loai_du_an":[46],"thanh_pho":[43],"huong_nha":[36],"khoang_gia":[39],"class_list":{"0":"post-131","1":"product","2":"type-product","3":"status-publish","4":"has-post-thumbnail","6":"product_cat-ban","7":"loai_du_an-can-ho","8":"thanh_pho-tp-hcm","9":"huong_nha-tay-bac","10":"khoang_gia-1-ty-3-ty","12":"first","13":"instock","14":"shipping-taxable","15":"purchasable","16":"product-type-simple"},"_links":{"self":[{"href":"https:\/\/mauweb.tamnguyen.vn\/bds28\/wp-json\/wp\/v2\/product\/131","targetHints":{"allow":["GET"]}}],"collection":[{"href":"https:\/\/mauweb.tamnguyen.vn\/bds28\/wp-json\/wp\/v2\/product"}],"about":[{"href":"https:\/\/mauweb.tamnguyen.vn\/bds28\/wp-json\/wp\/v2\/types\/product"}],"replies":[{"embeddable":true,"href":"https:\/\/mauweb.tamnguyen.vn\/bds28\/wp-json\/wp\/v2\/comments?post=131"}],"wp:featuredmedia":[{"embeddable":true,"href":"https:\/\/mauweb.tamnguyen.vn\/bds28\/wp-json\/wp\/v2\/media\/490"}],"wp:attachment":[{"href":"https:\/\/mauweb.tamnguyen.vn\/bds28\/wp-json\/wp\/v2\/media?parent=131"}],"wp:term":[{"taxonomy":"product_brand","embeddable":true,"href":"https:\/\/mauweb.tamnguyen.vn\/bds28\/wp-json\/wp\/v2\/product_brand?post=131"},{"taxonomy":"product_cat","embeddable":true,"href":"https:\/\/mauweb.tamnguyen.vn\/bds28\/wp-json\/wp\/v2\/product_cat?post=131"},{"taxonomy":"product_tag","embeddable":true,"href":"https:\/\/mauweb.tamnguyen.vn\/bds28\/wp-json\/wp\/v2\/product_tag?post=131"},{"taxonomy":"loai_du_an","embeddable":true,"href":"https:\/\/mauweb.tamnguyen.vn\/bds28\/wp-json\/wp\/v2\/loai_du_an?post=131"},{"taxonomy":"thanh_pho","embeddable":true,"href":"https:\/\/mauweb.tamnguyen.vn\/bds28\/wp-json\/wp\/v2\/thanh_pho?post=131"},{"taxonomy":"huong_nha","embeddable":true,"href":"https:\/\/mauweb.tamnguyen.vn\/bds28\/wp-json\/wp\/v2\/huong_nha?post=131"},{"taxonomy":"khoang_gia","embeddable":true,"href":"https:\/\/mauweb.tamnguyen.vn\/bds28\/wp-json\/wp\/v2\/khoang_gia?post=131"}],"curies":[{"name":"wp","href":"https:\/\/api.w.org\/{rel}","templated":true}]}}