{"id":526,"date":"2018-10-15T03:14:53","date_gmt":"2018-10-15T03:14:53","guid":{"rendered":"http:\/\/bds26.maugiaodien.com\/?page_id=526"},"modified":"2018-10-17T04:06:04","modified_gmt":"2018-10-17T04:06:04","slug":"vi-tri","status":"publish","type":"page","link":"https:\/\/mauweb.tamnguyen.vn\/bds26\/vi-tri\/","title":{"rendered":"V\u1ecb tr\u00ed"},"content":{"rendered":"\t<section class=\"section\" id=\"section_445368338\">\n\t\t<div class=\"bg section-bg fill bg-fill  bg-loaded\" >\n\n\t\t\t\n\t\t\t\n\t\t\t\n\n\t\t<\/div>\n\n\t\t<div class=\"section-content relative\">\n\t\t\t\n  <div id=\"page-header-555780300\" class=\"page-header-wrapper\">\n  <div class=\"page-title dark featured-title\">\n\n        <div class=\"page-title-bg\">\n      <div class=\"title-bg fill bg-fill\"\n        data-parallax-container=\".page-title\"\n        data-parallax-background\n        data-parallax=\"-\">\n      <\/div>\n      <div class=\"title-overlay fill\"><\/div>\n    <\/div>\n    \n    <div class=\"page-title-inner container align-center text-center flex-row-col medium-flex-wrap\" >\n              <div class=\"title-wrapper uppercase is-xxlarge flex-col\">\n          <h1 class=\"entry-title mb-0\">\n            V\u1ecb tr\u00ed          <\/h1>\n        <\/div>\n                    <div class=\"title-content flex-col\">\n        <div class=\"title-breadcrumbs pb-half pt-half\"><\/div>      <\/div>\n    <\/div>\n\n     \n<style>\n#page-header-555780300 .page-title-inner {\n  min-height: 300px;\n}\n#page-header-555780300 .title-bg {\n  background-image: url(https:\/\/mauweb.tamnguyen.vn\/bds26\/wp-content\/uploads\/2018\/10\/bdssaphirablockfa02920-5479.jpg);\n}\n#page-header-555780300 .title-overlay {\n  background-color: rgba(254, 247, 247, 0);\n}\n<\/style>\n  <\/div>\n    <\/div>\n  \n\t\t<\/div>\n\n\t\t\n<style>\n#section_445368338 {\n  padding-top: 0px;\n  padding-bottom: 0px;\n}\n<\/style>\n\t<\/section>\n\t\n\t<section class=\"section\" id=\"section_740113009\">\n\t\t<div class=\"bg section-bg fill bg-fill  bg-loaded\" >\n\n\t\t\t\n\t\t\t\n\t\t\t\n\n\t\t<\/div>\n\n\t\t<div class=\"section-content relative\">\n\t\t\t\n<div class=\"row\"  id=\"row-2106527850\">\n\n\t<div id=\"col-1370446648\" class=\"col medium-8 small-12 large-8\"  data-animate=\"fadeInRight\">\n\t\t<div class=\"col-inner\"  >\n\t\t\t\n\t\t\t\n\t<div class=\"img has-hover x md-x lg-x y md-y lg-y\" id=\"image_2010874004\">\n\t\t\t\t\t\t\t\t<div class=\"img-inner dark\" >\n\t\t\t<img loading=\"lazy\" decoding=\"async\" width=\"848\" height=\"530\" src=\"https:\/\/mauweb.tamnguyen.vn\/bds26\/wp-content\/uploads\/2018\/10\/bd-8497.png\" class=\"attachment-large size-large\" alt=\"\" srcset=\"https:\/\/mauweb.tamnguyen.vn\/bds26\/wp-content\/uploads\/2018\/10\/bd-8497.png 848w, https:\/\/mauweb.tamnguyen.vn\/bds26\/wp-content\/uploads\/2018\/10\/bd-8497-320x200.png 320w, https:\/\/mauweb.tamnguyen.vn\/bds26\/wp-content\/uploads\/2018\/10\/bd-8497-768x480.png 768w\" sizes=\"auto, (max-width: 848px) 100vw, 848px\" \/>\t\t\t\t\t\t\n\t\t\t\t\t<\/div>\n\t\t\t\t\t\t\t\t\n<style>\n#image_2010874004 {\n  width: 100%;\n}\n<\/style>\n\t<\/div>\n\t\n\t\t<\/div>\n\t\t\t<\/div>\n\n\t\n\n\t<div id=\"col-266887698\" class=\"col medium-4 small-12 large-4\"  data-animate=\"fadeInLeft\">\n\t\t<div class=\"col-inner\"  >\n\t\t\t\n\t\t\t\n<h3 class=\"title-home\">V\u1eca TR\u00cd D\u1ef0 \u00c1N<\/h3>\n<div class=\"is-divider divider clearfix\" style=\"max-width:70px;height:1px;background-color:rgb(0, 0, 0);\"><\/div>\n<div class=\"title-duan\">\n<p>Safira t\u1ecda l\u1ea1c t\u1ea1i m\u1eb7t ti\u1ec1n \u0111\u01b0\u1eddng N6 (l\u1ed9 gi\u1edbi 20m) k\u1ebft n\u1ed1i v\u00e0o \u0111\u01b0\u1eddng N5 (l\u1ed9 gi\u1edbi 20m) ti\u1ebfp gi\u00e1p \u0111\u01b0\u1eddng V\u00f5 Ch\u00ed C\u00f4ng, ngay g\u00f3c giao cao t\u1ed1c TP.HCM &#8211; Long Th\u00e0nh &#8211; D\u1ea7u Gi\u00e2y; c\u00e1ch trung t\u00e2m qu\u1eadn 1 v\u00e0 khu \u0111\u00f4 th\u1ecb Ph\u00fa M\u1ef9 H\u01b0ng t\u1eeb 10 \u0111\u1ebfn 15 ph\u00fat di chuy\u1ec3n. Safira li\u1ec1n k\u1ec1 khu d\u00e2n c\u01b0 v\u0103n minh hi\u1ec7n h\u1eefu Mega Residence, Mega Ruby v\u00e0 khu bi\u1ec7t th\u1ef1 cao c\u1ea5p Lucasta\u2026\u00a0T\u1eeb Safira c\u00f3 th\u1ec3 d\u1ec5 d\u00e0ng di chuy\u1ec3n \u0111\u1ebfn:<\/p>\n<\/div>\n<article class=\"noidung mr-top-15\">\n<p>&#8211;\u00a0 Khu c\u00f4ng ngh\u1ec7 cao Q9<br \/>&#8211;\u00a0 \u0110\u1ea1i h\u1ecdc Fulbright<br \/>&#8211;\u00a0 Parkson Cantavil, Metro, si\u00eau th\u1ecb Big C<br \/>&#8211;\u00a0 Tr\u01b0\u1eddng Qu\u1ed1c t\u1ebf \u00dac, M\u1ef9,\u2026<br \/>&#8211;\u00a0 B\u1ec7nh vi\u1ec7n Qu\u1ed1c T\u1ebf<\/p>\n<\/article>\n\t\t<\/div>\n\t\t\t<\/div>\n\n\t\n<\/div>\n<div class=\"row\"  id=\"row-1011682650\">\n\n\t<div id=\"col-1228580562\" class=\"col small-12 large-12\"  >\n\t\t<div class=\"col-inner\"  >\n\t\t\t\n\t\t\t\n<p>To\u1ea1 l\u1ea1c t\u1ea1i ph\u00eda \u0110\u00f4ng th\u00e0nh ph\u1ed1, SAFIRA l\u00e0 n\u01a1i \u0111\u00f3n \u00e1nh b\u00ecnh minh \u1ea5m \u00e1p cho cu\u1ed9c s\u1ed1ng tr\u00e0n \u0111\u1ea7y n\u0103ng l\u01b0\u1ee3ng.<br \/>N\u01a1i \u0111\u00e2y c\u00f2n d\u1ec5 d\u00e0ng k\u1ebft n\u1ed1i \u0111\u1ebfn Trung t\u00e2m Qu\u1eadn 1, Ph\u00fa M\u1ef9 H\u01b0ng v\u00e0 v\u00f9ng l\u00e2n c\u1eadn ch\u1ec9 trong 10 \u0111\u1ebfn 15 ph\u00fat di chuy\u1ec3n. \u0110\u1eb7c bi\u1ec7t, n\u1eb1m trong khu d\u00e2n c\u01b0 v\u0103n minh hi\u1ec7n h\u1eefu Mega Residence, Mega Ruby, Lucasta,&#8230;v\u00e0 ti\u1ec7n \u00edch c\u00f4ng c\u1ed9ng \u0111\u01b0\u1ee3c ph\u00e1t tri\u1ec3n \u0111\u1ed3ng b\u1ed9.<br \/>&#8211; G\u1ea7n khu c\u00f4ng ngh\u1ec7 cao Q9<br \/>&#8211; Ch\u1ec9 v\u00e0i ph\u00fat \u0111\u1ebfn \u0110\u1ea1i h\u1ecdc Fulbright<br \/>&#8211; G\u1ea7n Parkson Cantavil, Metro, si\u00eau th\u1ecb Big C<br \/>&#8211; Tr\u01b0\u1eddng Qu\u1ed1c t\u1ebf \u00dac, M\u1ef9,\u2026<br \/>&#8211; B\u1ec7nh vi\u1ec7n Qu\u1ed1c T\u1ebf<\/p>\n\t<div class=\"img has-hover x md-x lg-x y md-y lg-y\" id=\"image_118285282\">\n\t\t\t\t\t\t\t\t<div class=\"img-inner dark\" >\n\t\t\t<img loading=\"lazy\" decoding=\"async\" width=\"1200\" height=\"336\" src=\"https:\/\/mauweb.tamnguyen.vn\/bds26\/wp-content\/uploads\/2018\/10\/gt.png\" class=\"attachment-original size-original\" alt=\"\" srcset=\"https:\/\/mauweb.tamnguyen.vn\/bds26\/wp-content\/uploads\/2018\/10\/gt.png 1200w, https:\/\/mauweb.tamnguyen.vn\/bds26\/wp-content\/uploads\/2018\/10\/gt-320x90.png 320w, https:\/\/mauweb.tamnguyen.vn\/bds26\/wp-content\/uploads\/2018\/10\/gt-768x215.png 768w\" sizes=\"auto, (max-width: 1200px) 100vw, 1200px\" \/>\t\t\t\t\t\t\n\t\t\t\t\t<\/div>\n\t\t\t\t\t\t\t\t\n<style>\n#image_118285282 {\n  width: 100%;\n}\n<\/style>\n\t<\/div>\n\t\n\t\t<\/div>\n\t\t\t<\/div>\n\n\t\n<\/div>\n\t\t<\/div>\n\n\t\t\n<style>\n#section_740113009 {\n  padding-top: 30px;\n  padding-bottom: 30px;\n}\n<\/style>\n\t<\/section>\n\t\n","protected":false},"excerpt":{"rendered":"","protected":false},"author":1,"featured_media":0,"parent":0,"menu_order":0,"comment_status":"closed","ping_status":"closed","template":"page-blank.php","meta":{"footnotes":""},"class_list":["post-526","page","type-page","status-publish","hentry"],"_links":{"self":[{"href":"https:\/\/mauweb.tamnguyen.vn\/bds26\/wp-json\/wp\/v2\/pages\/526","targetHints":{"allow":["GET"]}}],"collection":[{"href":"https:\/\/mauweb.tamnguyen.vn\/bds26\/wp-json\/wp\/v2\/pages"}],"about":[{"href":"https:\/\/mauweb.tamnguyen.vn\/bds26\/wp-json\/wp\/v2\/types\/page"}],"author":[{"embeddable":true,"href":"https:\/\/mauweb.tamnguyen.vn\/bds26\/wp-json\/wp\/v2\/users\/1"}],"replies":[{"embeddable":true,"href":"https:\/\/mauweb.tamnguyen.vn\/bds26\/wp-json\/wp\/v2\/comments?post=526"}],"version-history":[{"count":6,"href":"https:\/\/mauweb.tamnguyen.vn\/bds26\/wp-json\/wp\/v2\/pages\/526\/revisions"}],"predecessor-version":[{"id":628,"href":"https:\/\/mauweb.tamnguyen.vn\/bds26\/wp-json\/wp\/v2\/pages\/526\/revisions\/628"}],"wp:attachment":[{"href":"https:\/\/mauweb.tamnguyen.vn\/bds26\/wp-json\/wp\/v2\/media?parent=526"}],"curies":[{"name":"wp","href":"https:\/\/api.w.org\/{rel}","templated":true}]}}